{"id":22185,"date":"2022-10-11T09:19:10","date_gmt":"2022-10-11T07:19:10","guid":{"rendered":"https:\/\/www.nb.no\/nettbutikk\/produkt\/slatter-for-vanlig-fele-3-nordfjord\/"},"modified":"2026-04-20T11:08:28","modified_gmt":"2026-04-20T09:08:28","slug":"slatter-for-vanlig-fele-3-nordfjord","status":"publish","type":"product","link":"https:\/\/www.nb.no\/nettbutikk\/produkt\/slatter-for-vanlig-fele-3-nordfjord\/","title":{"rendered":"Sl\u00e5tter for vanlig fele: 3 \/  Nordfjord"},"content":{"rendered":"","protected":false},"excerpt":{"rendered":"<p>Sl\u00e5ttemusikken p\u00e5 fele er den mest livskraftige grenen av norsk folkekunst. I Vest-Norge og de midtnorske dalene ble den skapt og utviklet p\u00e5 hardingfela. I resten av landet brukte spelemennene den vanlige fiolinen, og det er de eldste sl\u00e5ttetypene innen <i>de<\/i> tradisjonene <i>Sl\u00e5tter for vanlig fele<\/i> tar for seg. Bind 3 henter sitt stoff fra den delen av Sogn og Fjordane der den vanlige fela fra gammelt av dominerte sl\u00e5ttemusikken. Det vil i hovedsak si Nordfjord, som inntil siste \u00e5rhundreskifte var grenselandet mot hardingfeleomr\u00e5det s\u00f8nnafor. <\/p>\n<p>Det rike materialet av gamle sl\u00e5ttesjangere som fins her, har i dette bindet f\u00e5tt en bred dokumentasjon gjennom tekst og noter. Godt over 200 sl\u00e5tter i mer enn 450 varianter er transkribert, i all hovedsak etter lydopptak med 59 spelemenn.<\/p>\n","protected":false},"featured_media":22214,"template":"","meta":{"nb_hide_title":false,"nb_breadcrumb_title_override":""},"product_brand":[],"product_cat":[3529],"product_tag":[],"class_list":{"0":"post-22185","1":"product","2":"type-product","3":"status-publish","4":"has-post-thumbnail","6":"product_cat-folkemusikkarkivet","8":"first","9":"instock","10":"shipping-taxable","11":"purchasable","12":"product-type-simple"},"yoast_head":"<!-- This site is optimized with the Yoast SEO plugin v27.1.1 - https:\/\/yoast.com\/product\/yoast-seo-wordpress\/ -->\n<title>Sl\u00e5tter for vanlig fele: 3 \/ Nordfjord - NB Nettbutikk<\/title>\n<meta name=\"robots\" content=\"index, follow, max-snippet:-1, max-image-preview:large, max-video-preview:-1\" \/>\n<link rel=\"canonical\" href=\"https:\/\/www.nb.no\/nettbutikk\/produkt\/slatter-for-vanlig-fele-3-nordfjord\/\" \/>\n<meta property=\"og:locale\" content=\"nb_NO\" \/>\n<meta property=\"og:type\" content=\"article\" \/>\n<meta property=\"og:title\" content=\"Sl\u00e5tter for vanlig fele: 3 \/ Nordfjord - NB Nettbutikk\" \/>\n<meta property=\"og:description\" content=\"Sl\u00e5ttemusikken p\u00e5 fele er den mest livskraftige grenen av norsk folkekunst. I Vest-Norge og de midtnorske dalene ble den skapt og utviklet p\u00e5 hardingfela. I resten av landet brukte spelemennene den vanlige fiolinen, og det er de eldste sl\u00e5ttetypene innen de tradisjonene Sl\u00e5tter for vanlig fele tar for seg. Bind 3 henter sitt stoff fra den delen av Sogn og Fjordane der den vanlige fela fra gammelt av dominerte sl\u00e5ttemusikken. Det vil i hovedsak si Nordfjord, som inntil siste \u00e5rhundreskifte var grenselandet mot hardingfeleomr\u00e5det s\u00f8nnafor.  Det rike materialet av gamle sl\u00e5ttesjangere som fins her, har i dette bindet f\u00e5tt en bred dokumentasjon gjennom tekst og noter. Godt over 200 sl\u00e5tter i mer enn 450 varianter er transkribert, i all hovedsak etter lydopptak med 59 spelemenn.\" \/>\n<meta property=\"og:url\" content=\"https:\/\/www.nb.no\/nettbutikk\/produkt\/slatter-for-vanlig-fele-3-nordfjord\/\" \/>\n<meta property=\"og:site_name\" content=\"NB Nettbutikk\" \/>\n<meta property=\"article:modified_time\" content=\"2026-04-20T09:08:28+00:00\" \/>\n<meta property=\"og:image\" content=\"https:\/\/www.nb.no\/content\/uploads\/sites\/5\/2025\/06\/Slatter3.jpg\" \/>\n\t<meta property=\"og:image:width\" content=\"1870\" \/>\n\t<meta property=\"og:image:height\" content=\"2297\" \/>\n\t<meta property=\"og:image:type\" content=\"image\/jpeg\" \/>\n<meta name=\"twitter:card\" content=\"summary_large_image\" \/>\n<meta name=\"twitter:label1\" content=\"Ansl. lesetid\" \/>\n\t<meta name=\"twitter:data1\" content=\"1 minutt\" \/>\n<script type=\"application\/ld+json\" class=\"yoast-schema-graph\">{\"@context\":\"https:\/\/schema.org\",\"@graph\":[{\"@type\":\"WebPage\",\"@id\":\"https:\/\/www.nb.no\/nettbutikk\/produkt\/slatter-for-vanlig-fele-3-nordfjord\/\",\"url\":\"https:\/\/www.nb.no\/nettbutikk\/produkt\/slatter-for-vanlig-fele-3-nordfjord\/\",\"name\":\"Sl\u00e5tter for vanlig fele: 3 \/ Nordfjord - NB Nettbutikk\",\"isPartOf\":{\"@id\":\"https:\/\/www.nb.no\/nettbutikk\/#website\"},\"primaryImageOfPage\":{\"@id\":\"https:\/\/www.nb.no\/nettbutikk\/produkt\/slatter-for-vanlig-fele-3-nordfjord\/#primaryimage\"},\"image\":{\"@id\":\"https:\/\/www.nb.no\/nettbutikk\/produkt\/slatter-for-vanlig-fele-3-nordfjord\/#primaryimage\"},\"thumbnailUrl\":\"https:\/\/www.nb.no\/content\/uploads\/sites\/5\/2025\/06\/Slatter3.jpg\",\"datePublished\":\"2022-10-11T07:19:10+00:00\",\"dateModified\":\"2026-04-20T09:08:28+00:00\",\"breadcrumb\":{\"@id\":\"https:\/\/www.nb.no\/nettbutikk\/produkt\/slatter-for-vanlig-fele-3-nordfjord\/#breadcrumb\"},\"inLanguage\":\"nb-NO\",\"potentialAction\":[{\"@type\":\"ReadAction\",\"target\":[\"https:\/\/www.nb.no\/nettbutikk\/produkt\/slatter-for-vanlig-fele-3-nordfjord\/\"]}]},{\"@type\":\"ImageObject\",\"inLanguage\":\"nb-NO\",\"@id\":\"https:\/\/www.nb.no\/nettbutikk\/produkt\/slatter-for-vanlig-fele-3-nordfjord\/#primaryimage\",\"url\":\"https:\/\/www.nb.no\/content\/uploads\/sites\/5\/2025\/06\/Slatter3.jpg\",\"contentUrl\":\"https:\/\/www.nb.no\/content\/uploads\/sites\/5\/2025\/06\/Slatter3.jpg\",\"width\":1870,\"height\":2297},{\"@type\":\"BreadcrumbList\",\"@id\":\"https:\/\/www.nb.no\/nettbutikk\/produkt\/slatter-for-vanlig-fele-3-nordfjord\/#breadcrumb\",\"itemListElement\":[{\"@type\":\"ListItem\",\"position\":1,\"name\":\"Home\",\"item\":\"https:\/\/www.nb.no\/nettbutikk\/\"},{\"@type\":\"ListItem\",\"position\":2,\"name\":\"Butikk\",\"item\":\"https:\/\/www.nb.no\/nettbutikk\/butikk\/\"},{\"@type\":\"ListItem\",\"position\":3,\"name\":\"Sl\u00e5tter for vanlig fele: 3 \/ Nordfjord\"}]},{\"@type\":\"WebSite\",\"@id\":\"https:\/\/www.nb.no\/nettbutikk\/#website\",\"url\":\"https:\/\/www.nb.no\/nettbutikk\/\",\"name\":\"NB Nettbutikk\",\"description\":\"\",\"potentialAction\":[{\"@type\":\"SearchAction\",\"target\":{\"@type\":\"EntryPoint\",\"urlTemplate\":\"https:\/\/www.nb.no\/nettbutikk\/?s={search_term_string}\"},\"query-input\":{\"@type\":\"PropertyValueSpecification\",\"valueRequired\":true,\"valueName\":\"search_term_string\"}}],\"inLanguage\":\"nb-NO\"}]}<\/script>\n<!-- \/ Yoast SEO plugin. -->","yoast_head_json":{"title":"Sl\u00e5tter for vanlig fele: 3 \/ Nordfjord - NB Nettbutikk","robots":{"index":"index","follow":"follow","max-snippet":"max-snippet:-1","max-image-preview":"max-image-preview:large","max-video-preview":"max-video-preview:-1"},"canonical":"https:\/\/www.nb.no\/nettbutikk\/produkt\/slatter-for-vanlig-fele-3-nordfjord\/","og_locale":"nb_NO","og_type":"article","og_title":"Sl\u00e5tter for vanlig fele: 3 \/ Nordfjord - NB Nettbutikk","og_description":"Sl\u00e5ttemusikken p\u00e5 fele er den mest livskraftige grenen av norsk folkekunst. I Vest-Norge og de midtnorske dalene ble den skapt og utviklet p\u00e5 hardingfela. I resten av landet brukte spelemennene den vanlige fiolinen, og det er de eldste sl\u00e5ttetypene innen de tradisjonene Sl\u00e5tter for vanlig fele tar for seg. Bind 3 henter sitt stoff fra den delen av Sogn og Fjordane der den vanlige fela fra gammelt av dominerte sl\u00e5ttemusikken. Det vil i hovedsak si Nordfjord, som inntil siste \u00e5rhundreskifte var grenselandet mot hardingfeleomr\u00e5det s\u00f8nnafor.  Det rike materialet av gamle sl\u00e5ttesjangere som fins her, har i dette bindet f\u00e5tt en bred dokumentasjon gjennom tekst og noter. Godt over 200 sl\u00e5tter i mer enn 450 varianter er transkribert, i all hovedsak etter lydopptak med 59 spelemenn.","og_url":"https:\/\/www.nb.no\/nettbutikk\/produkt\/slatter-for-vanlig-fele-3-nordfjord\/","og_site_name":"NB Nettbutikk","article_modified_time":"2026-04-20T09:08:28+00:00","og_image":[{"width":1870,"height":2297,"url":"https:\/\/www.nb.no\/content\/uploads\/sites\/5\/2025\/06\/Slatter3.jpg","type":"image\/jpeg"}],"twitter_card":"summary_large_image","twitter_misc":{"Ansl. lesetid":"1 minutt"},"schema":{"@context":"https:\/\/schema.org","@graph":[{"@type":"WebPage","@id":"https:\/\/www.nb.no\/nettbutikk\/produkt\/slatter-for-vanlig-fele-3-nordfjord\/","url":"https:\/\/www.nb.no\/nettbutikk\/produkt\/slatter-for-vanlig-fele-3-nordfjord\/","name":"Sl\u00e5tter for vanlig fele: 3 \/ Nordfjord - NB Nettbutikk","isPartOf":{"@id":"https:\/\/www.nb.no\/nettbutikk\/#website"},"primaryImageOfPage":{"@id":"https:\/\/www.nb.no\/nettbutikk\/produkt\/slatter-for-vanlig-fele-3-nordfjord\/#primaryimage"},"image":{"@id":"https:\/\/www.nb.no\/nettbutikk\/produkt\/slatter-for-vanlig-fele-3-nordfjord\/#primaryimage"},"thumbnailUrl":"https:\/\/www.nb.no\/content\/uploads\/sites\/5\/2025\/06\/Slatter3.jpg","datePublished":"2022-10-11T07:19:10+00:00","dateModified":"2026-04-20T09:08:28+00:00","breadcrumb":{"@id":"https:\/\/www.nb.no\/nettbutikk\/produkt\/slatter-for-vanlig-fele-3-nordfjord\/#breadcrumb"},"inLanguage":"nb-NO","potentialAction":[{"@type":"ReadAction","target":["https:\/\/www.nb.no\/nettbutikk\/produkt\/slatter-for-vanlig-fele-3-nordfjord\/"]}]},{"@type":"ImageObject","inLanguage":"nb-NO","@id":"https:\/\/www.nb.no\/nettbutikk\/produkt\/slatter-for-vanlig-fele-3-nordfjord\/#primaryimage","url":"https:\/\/www.nb.no\/content\/uploads\/sites\/5\/2025\/06\/Slatter3.jpg","contentUrl":"https:\/\/www.nb.no\/content\/uploads\/sites\/5\/2025\/06\/Slatter3.jpg","width":1870,"height":2297},{"@type":"BreadcrumbList","@id":"https:\/\/www.nb.no\/nettbutikk\/produkt\/slatter-for-vanlig-fele-3-nordfjord\/#breadcrumb","itemListElement":[{"@type":"ListItem","position":1,"name":"Home","item":"https:\/\/www.nb.no\/nettbutikk\/"},{"@type":"ListItem","position":2,"name":"Butikk","item":"https:\/\/www.nb.no\/nettbutikk\/butikk\/"},{"@type":"ListItem","position":3,"name":"Sl\u00e5tter for vanlig fele: 3 \/ Nordfjord"}]},{"@type":"WebSite","@id":"https:\/\/www.nb.no\/nettbutikk\/#website","url":"https:\/\/www.nb.no\/nettbutikk\/","name":"NB Nettbutikk","description":"","potentialAction":[{"@type":"SearchAction","target":{"@type":"EntryPoint","urlTemplate":"https:\/\/www.nb.no\/nettbutikk\/?s={search_term_string}"},"query-input":{"@type":"PropertyValueSpecification","valueRequired":true,"valueName":"search_term_string"}}],"inLanguage":"nb-NO"}]}},"_links":{"self":[{"href":"https:\/\/www.nb.no\/nettbutikk\/wp-json\/wp\/v2\/product\/22185","targetHints":{"allow":["GET"]}}],"collection":[{"href":"https:\/\/www.nb.no\/nettbutikk\/wp-json\/wp\/v2\/product"}],"about":[{"href":"https:\/\/www.nb.no\/nettbutikk\/wp-json\/wp\/v2\/types\/product"}],"wp:featuredmedia":[{"embeddable":true,"href":"https:\/\/www.nb.no\/nettbutikk\/wp-json\/wp\/v2\/media\/22214"}],"wp:attachment":[{"href":"https:\/\/www.nb.no\/nettbutikk\/wp-json\/wp\/v2\/media?parent=22185"}],"wp:term":[{"taxonomy":"product_brand","embeddable":true,"href":"https:\/\/www.nb.no\/nettbutikk\/wp-json\/wp\/v2\/product_brand?post=22185"},{"taxonomy":"product_cat","embeddable":true,"href":"https:\/\/www.nb.no\/nettbutikk\/wp-json\/wp\/v2\/product_cat?post=22185"},{"taxonomy":"product_tag","embeddable":true,"href":"https:\/\/www.nb.no\/nettbutikk\/wp-json\/wp\/v2\/product_tag?post=22185"}],"curies":[{"name":"wp","href":"https:\/\/api.w.org\/{rel}","templated":true}]}}