{"id":22182,"date":"2022-10-11T09:19:09","date_gmt":"2022-10-11T07:19:09","guid":{"rendered":"https:\/\/www.nb.no\/nettbutikk\/produkt\/slatter-for-vanlig-fele-1-oppland\/"},"modified":"2026-04-20T11:08:27","modified_gmt":"2026-04-20T09:08:27","slug":"slatter-for-vanlig-fele-1-oppland","status":"publish","type":"product","link":"https:\/\/www.nb.no\/nettbutikk\/produkt\/slatter-for-vanlig-fele-1-oppland\/","title":{"rendered":"Sl\u00e5tter for vanlig fele: 1 \/ Oppland"},"content":{"rendered":"","protected":false},"excerpt":{"rendered":"<p>Sl\u00e5tter for vanlig fele: 1 \/ Oppland<\/p>\n<p>Sl\u00e5ttemusikken p\u00e5 fele er den mest livskraftige grenen av norsk folkekunst. I Vest-Norge og de midtnorske dalene ble den skapt og utviklet p\u00e5 hardingfela. I resten av landet brukte spelemennene den vanlige fiolinen, og det er de eldste sl\u00e5ttetypene innen <i>de<\/i> tradisjonene <i>Sl\u00e5tter for vanlig fele<\/i> tar for seg. Bind 1 og 2 har materiale fra hele Gudbrandsdalen, men det er bygdene i Nord-Gudbrandsdal som dominerer: Der har sl\u00e5ttespelet holdt seg s\u00e5 sterkt og levende at \u00abgamlesl\u00e5ttene\u00bb \u2013 halling, springleik og marsj \u2013 har kunnet f\u00e5 en s\u00e6rlig bred dokumentasjon gjennom tekst og noter. Her presenteres 388 sl\u00e5tter i 938 varianter p\u00e5 \u00e5tte ulike felestille, alle transkribert for dette verket etter lydopptak av 71 spelemenn f\u00f8dt mellom 1871 og 1965.<\/p>\n","protected":false},"featured_media":22179,"template":"","meta":{"nb_hide_title":false,"nb_breadcrumb_title_override":""},"product_brand":[],"product_cat":[3529],"product_tag":[],"class_list":{"0":"post-22182","1":"product","2":"type-product","3":"status-publish","4":"has-post-thumbnail","6":"product_cat-folkemusikkarkivet","8":"first","9":"instock","10":"shipping-taxable","11":"purchasable","12":"product-type-simple"},"yoast_head":"<!-- This site is optimized with the Yoast SEO plugin v27.1.1 - https:\/\/yoast.com\/product\/yoast-seo-wordpress\/ -->\n<title>Sl\u00e5tter for vanlig fele: 1 \/ Oppland - NB Nettbutikk<\/title>\n<meta name=\"robots\" content=\"index, follow, max-snippet:-1, max-image-preview:large, max-video-preview:-1\" \/>\n<link rel=\"canonical\" href=\"https:\/\/www.nb.no\/nettbutikk\/produkt\/slatter-for-vanlig-fele-1-oppland\/\" \/>\n<meta property=\"og:locale\" content=\"nb_NO\" \/>\n<meta property=\"og:type\" content=\"article\" \/>\n<meta property=\"og:title\" content=\"Sl\u00e5tter for vanlig fele: 1 \/ Oppland - NB Nettbutikk\" \/>\n<meta property=\"og:description\" content=\"Sl\u00e5tter for vanlig fele: 1 \/ Oppland Sl\u00e5ttemusikken p\u00e5 fele er den mest livskraftige grenen av norsk folkekunst. I Vest-Norge og de midtnorske dalene ble den skapt og utviklet p\u00e5 hardingfela. I resten av landet brukte spelemennene den vanlige fiolinen, og det er de eldste sl\u00e5ttetypene innen de tradisjonene Sl\u00e5tter for vanlig fele tar for seg. Bind 1 og 2 har materiale fra hele Gudbrandsdalen, men det er bygdene i Nord-Gudbrandsdal som dominerer: Der har sl\u00e5ttespelet holdt seg s\u00e5 sterkt og levende at \u00abgamlesl\u00e5ttene\u00bb \u2013 halling, springleik og marsj \u2013 har kunnet f\u00e5 en s\u00e6rlig bred dokumentasjon gjennom tekst og noter. Her presenteres 388 sl\u00e5tter i 938 varianter p\u00e5 \u00e5tte ulike felestille, alle transkribert for dette verket etter lydopptak av 71 spelemenn f\u00f8dt mellom 1871 og 1965.\" \/>\n<meta property=\"og:url\" content=\"https:\/\/www.nb.no\/nettbutikk\/produkt\/slatter-for-vanlig-fele-1-oppland\/\" \/>\n<meta property=\"og:site_name\" content=\"NB Nettbutikk\" \/>\n<meta property=\"article:modified_time\" content=\"2026-04-20T09:08:27+00:00\" \/>\n<meta property=\"og:image\" content=\"https:\/\/www.nb.no\/content\/uploads\/sites\/5\/2025\/06\/E6mp-pifWn-U4mniGoxN3v_N_3Ic7pZvNzWXmtaRB_9XedD45LF_y7bbJD1_E5KUmiv4EuqKiF-3EjEMAohAbA.jpg\" \/>\n\t<meta property=\"og:image:width\" content=\"1871\" \/>\n\t<meta property=\"og:image:height\" content=\"2361\" \/>\n\t<meta property=\"og:image:type\" content=\"image\/jpeg\" \/>\n<meta name=\"twitter:card\" content=\"summary_large_image\" \/>\n<meta name=\"twitter:label1\" content=\"Ansl. lesetid\" \/>\n\t<meta name=\"twitter:data1\" content=\"1 minutt\" \/>\n<script type=\"application\/ld+json\" class=\"yoast-schema-graph\">{\"@context\":\"https:\/\/schema.org\",\"@graph\":[{\"@type\":\"WebPage\",\"@id\":\"https:\/\/www.nb.no\/nettbutikk\/produkt\/slatter-for-vanlig-fele-1-oppland\/\",\"url\":\"https:\/\/www.nb.no\/nettbutikk\/produkt\/slatter-for-vanlig-fele-1-oppland\/\",\"name\":\"Sl\u00e5tter for vanlig fele: 1 \/ Oppland - NB Nettbutikk\",\"isPartOf\":{\"@id\":\"https:\/\/www.nb.no\/nettbutikk\/#website\"},\"primaryImageOfPage\":{\"@id\":\"https:\/\/www.nb.no\/nettbutikk\/produkt\/slatter-for-vanlig-fele-1-oppland\/#primaryimage\"},\"image\":{\"@id\":\"https:\/\/www.nb.no\/nettbutikk\/produkt\/slatter-for-vanlig-fele-1-oppland\/#primaryimage\"},\"thumbnailUrl\":\"https:\/\/www.nb.no\/content\/uploads\/sites\/5\/2025\/06\/E6mp-pifWn-U4mniGoxN3v_N_3Ic7pZvNzWXmtaRB_9XedD45LF_y7bbJD1_E5KUmiv4EuqKiF-3EjEMAohAbA.jpg\",\"datePublished\":\"2022-10-11T07:19:09+00:00\",\"dateModified\":\"2026-04-20T09:08:27+00:00\",\"breadcrumb\":{\"@id\":\"https:\/\/www.nb.no\/nettbutikk\/produkt\/slatter-for-vanlig-fele-1-oppland\/#breadcrumb\"},\"inLanguage\":\"nb-NO\",\"potentialAction\":[{\"@type\":\"ReadAction\",\"target\":[\"https:\/\/www.nb.no\/nettbutikk\/produkt\/slatter-for-vanlig-fele-1-oppland\/\"]}]},{\"@type\":\"ImageObject\",\"inLanguage\":\"nb-NO\",\"@id\":\"https:\/\/www.nb.no\/nettbutikk\/produkt\/slatter-for-vanlig-fele-1-oppland\/#primaryimage\",\"url\":\"https:\/\/www.nb.no\/content\/uploads\/sites\/5\/2025\/06\/E6mp-pifWn-U4mniGoxN3v_N_3Ic7pZvNzWXmtaRB_9XedD45LF_y7bbJD1_E5KUmiv4EuqKiF-3EjEMAohAbA.jpg\",\"contentUrl\":\"https:\/\/www.nb.no\/content\/uploads\/sites\/5\/2025\/06\/E6mp-pifWn-U4mniGoxN3v_N_3Ic7pZvNzWXmtaRB_9XedD45LF_y7bbJD1_E5KUmiv4EuqKiF-3EjEMAohAbA.jpg\",\"width\":1871,\"height\":2361,\"caption\":\"Sl\u00e5tter for vanlig fele: 1 \/ Oppland\"},{\"@type\":\"BreadcrumbList\",\"@id\":\"https:\/\/www.nb.no\/nettbutikk\/produkt\/slatter-for-vanlig-fele-1-oppland\/#breadcrumb\",\"itemListElement\":[{\"@type\":\"ListItem\",\"position\":1,\"name\":\"Home\",\"item\":\"https:\/\/www.nb.no\/nettbutikk\/\"},{\"@type\":\"ListItem\",\"position\":2,\"name\":\"Butikk\",\"item\":\"https:\/\/www.nb.no\/nettbutikk\/butikk\/\"},{\"@type\":\"ListItem\",\"position\":3,\"name\":\"Sl\u00e5tter for vanlig fele: 1 \/ Oppland\"}]},{\"@type\":\"WebSite\",\"@id\":\"https:\/\/www.nb.no\/nettbutikk\/#website\",\"url\":\"https:\/\/www.nb.no\/nettbutikk\/\",\"name\":\"NB Nettbutikk\",\"description\":\"\",\"potentialAction\":[{\"@type\":\"SearchAction\",\"target\":{\"@type\":\"EntryPoint\",\"urlTemplate\":\"https:\/\/www.nb.no\/nettbutikk\/?s={search_term_string}\"},\"query-input\":{\"@type\":\"PropertyValueSpecification\",\"valueRequired\":true,\"valueName\":\"search_term_string\"}}],\"inLanguage\":\"nb-NO\"}]}<\/script>\n<!-- \/ Yoast SEO plugin. -->","yoast_head_json":{"title":"Sl\u00e5tter for vanlig fele: 1 \/ Oppland - NB Nettbutikk","robots":{"index":"index","follow":"follow","max-snippet":"max-snippet:-1","max-image-preview":"max-image-preview:large","max-video-preview":"max-video-preview:-1"},"canonical":"https:\/\/www.nb.no\/nettbutikk\/produkt\/slatter-for-vanlig-fele-1-oppland\/","og_locale":"nb_NO","og_type":"article","og_title":"Sl\u00e5tter for vanlig fele: 1 \/ Oppland - NB Nettbutikk","og_description":"Sl\u00e5tter for vanlig fele: 1 \/ Oppland Sl\u00e5ttemusikken p\u00e5 fele er den mest livskraftige grenen av norsk folkekunst. I Vest-Norge og de midtnorske dalene ble den skapt og utviklet p\u00e5 hardingfela. I resten av landet brukte spelemennene den vanlige fiolinen, og det er de eldste sl\u00e5ttetypene innen de tradisjonene Sl\u00e5tter for vanlig fele tar for seg. Bind 1 og 2 har materiale fra hele Gudbrandsdalen, men det er bygdene i Nord-Gudbrandsdal som dominerer: Der har sl\u00e5ttespelet holdt seg s\u00e5 sterkt og levende at \u00abgamlesl\u00e5ttene\u00bb \u2013 halling, springleik og marsj \u2013 har kunnet f\u00e5 en s\u00e6rlig bred dokumentasjon gjennom tekst og noter. Her presenteres 388 sl\u00e5tter i 938 varianter p\u00e5 \u00e5tte ulike felestille, alle transkribert for dette verket etter lydopptak av 71 spelemenn f\u00f8dt mellom 1871 og 1965.","og_url":"https:\/\/www.nb.no\/nettbutikk\/produkt\/slatter-for-vanlig-fele-1-oppland\/","og_site_name":"NB Nettbutikk","article_modified_time":"2026-04-20T09:08:27+00:00","og_image":[{"width":1871,"height":2361,"url":"https:\/\/www.nb.no\/content\/uploads\/sites\/5\/2025\/06\/E6mp-pifWn-U4mniGoxN3v_N_3Ic7pZvNzWXmtaRB_9XedD45LF_y7bbJD1_E5KUmiv4EuqKiF-3EjEMAohAbA.jpg","type":"image\/jpeg"}],"twitter_card":"summary_large_image","twitter_misc":{"Ansl. lesetid":"1 minutt"},"schema":{"@context":"https:\/\/schema.org","@graph":[{"@type":"WebPage","@id":"https:\/\/www.nb.no\/nettbutikk\/produkt\/slatter-for-vanlig-fele-1-oppland\/","url":"https:\/\/www.nb.no\/nettbutikk\/produkt\/slatter-for-vanlig-fele-1-oppland\/","name":"Sl\u00e5tter for vanlig fele: 1 \/ Oppland - NB Nettbutikk","isPartOf":{"@id":"https:\/\/www.nb.no\/nettbutikk\/#website"},"primaryImageOfPage":{"@id":"https:\/\/www.nb.no\/nettbutikk\/produkt\/slatter-for-vanlig-fele-1-oppland\/#primaryimage"},"image":{"@id":"https:\/\/www.nb.no\/nettbutikk\/produkt\/slatter-for-vanlig-fele-1-oppland\/#primaryimage"},"thumbnailUrl":"https:\/\/www.nb.no\/content\/uploads\/sites\/5\/2025\/06\/E6mp-pifWn-U4mniGoxN3v_N_3Ic7pZvNzWXmtaRB_9XedD45LF_y7bbJD1_E5KUmiv4EuqKiF-3EjEMAohAbA.jpg","datePublished":"2022-10-11T07:19:09+00:00","dateModified":"2026-04-20T09:08:27+00:00","breadcrumb":{"@id":"https:\/\/www.nb.no\/nettbutikk\/produkt\/slatter-for-vanlig-fele-1-oppland\/#breadcrumb"},"inLanguage":"nb-NO","potentialAction":[{"@type":"ReadAction","target":["https:\/\/www.nb.no\/nettbutikk\/produkt\/slatter-for-vanlig-fele-1-oppland\/"]}]},{"@type":"ImageObject","inLanguage":"nb-NO","@id":"https:\/\/www.nb.no\/nettbutikk\/produkt\/slatter-for-vanlig-fele-1-oppland\/#primaryimage","url":"https:\/\/www.nb.no\/content\/uploads\/sites\/5\/2025\/06\/E6mp-pifWn-U4mniGoxN3v_N_3Ic7pZvNzWXmtaRB_9XedD45LF_y7bbJD1_E5KUmiv4EuqKiF-3EjEMAohAbA.jpg","contentUrl":"https:\/\/www.nb.no\/content\/uploads\/sites\/5\/2025\/06\/E6mp-pifWn-U4mniGoxN3v_N_3Ic7pZvNzWXmtaRB_9XedD45LF_y7bbJD1_E5KUmiv4EuqKiF-3EjEMAohAbA.jpg","width":1871,"height":2361,"caption":"Sl\u00e5tter for vanlig fele: 1 \/ Oppland"},{"@type":"BreadcrumbList","@id":"https:\/\/www.nb.no\/nettbutikk\/produkt\/slatter-for-vanlig-fele-1-oppland\/#breadcrumb","itemListElement":[{"@type":"ListItem","position":1,"name":"Home","item":"https:\/\/www.nb.no\/nettbutikk\/"},{"@type":"ListItem","position":2,"name":"Butikk","item":"https:\/\/www.nb.no\/nettbutikk\/butikk\/"},{"@type":"ListItem","position":3,"name":"Sl\u00e5tter for vanlig fele: 1 \/ Oppland"}]},{"@type":"WebSite","@id":"https:\/\/www.nb.no\/nettbutikk\/#website","url":"https:\/\/www.nb.no\/nettbutikk\/","name":"NB Nettbutikk","description":"","potentialAction":[{"@type":"SearchAction","target":{"@type":"EntryPoint","urlTemplate":"https:\/\/www.nb.no\/nettbutikk\/?s={search_term_string}"},"query-input":{"@type":"PropertyValueSpecification","valueRequired":true,"valueName":"search_term_string"}}],"inLanguage":"nb-NO"}]}},"_links":{"self":[{"href":"https:\/\/www.nb.no\/nettbutikk\/wp-json\/wp\/v2\/product\/22182","targetHints":{"allow":["GET"]}}],"collection":[{"href":"https:\/\/www.nb.no\/nettbutikk\/wp-json\/wp\/v2\/product"}],"about":[{"href":"https:\/\/www.nb.no\/nettbutikk\/wp-json\/wp\/v2\/types\/product"}],"wp:featuredmedia":[{"embeddable":true,"href":"https:\/\/www.nb.no\/nettbutikk\/wp-json\/wp\/v2\/media\/22179"}],"wp:attachment":[{"href":"https:\/\/www.nb.no\/nettbutikk\/wp-json\/wp\/v2\/media?parent=22182"}],"wp:term":[{"taxonomy":"product_brand","embeddable":true,"href":"https:\/\/www.nb.no\/nettbutikk\/wp-json\/wp\/v2\/product_brand?post=22182"},{"taxonomy":"product_cat","embeddable":true,"href":"https:\/\/www.nb.no\/nettbutikk\/wp-json\/wp\/v2\/product_cat?post=22182"},{"taxonomy":"product_tag","embeddable":true,"href":"https:\/\/www.nb.no\/nettbutikk\/wp-json\/wp\/v2\/product_tag?post=22182"}],"curies":[{"name":"wp","href":"https:\/\/api.w.org\/{rel}","templated":true}]}}