{"id":21859,"date":"2025-05-07T17:00:37","date_gmt":"2025-05-07T15:00:37","guid":{"rendered":"https:\/\/www.nb.no\/nettbutikk\/produkt\/baerenett-er-der-nogen-slags-orden-og-regjering-i-landet\/"},"modified":"2026-04-20T11:09:00","modified_gmt":"2026-04-20T09:09:00","slug":"baerenett-er-der-nogen-slags-orden-og-regjering-i-landet","status":"publish","type":"product","link":"https:\/\/www.nb.no\/nettbutikk\/produkt\/baerenett-er-der-nogen-slags-orden-og-regjering-i-landet\/","title":{"rendered":"B\u00e6renett: Er der nogen Slags Orden og Regjering i Landet (&#8230;)?"},"content":{"rendered":"","protected":false},"excerpt":{"rendered":"<p>\u00abEr der nogen Slags Orden og Regjering i Landet, eller kan Enhver gj\u00f8re hvad han lyster?\u00bb<\/p>\n<p>Sitatet er hentet fra utvandrermanualen <i>Sandf\u00e6rdig Beretning om Amerika, til Oplysning og Nytte for Bonde og Menigmand<\/i> (1839), skrevet av Ole Rynning. Med enkle sp\u00f8rsm\u00e5l og svar ga han norske lesere en rask innf\u00f8ring i amerikanske forhold.<\/p>\n<p>Mellom 1825 og 1930 utvandret nesten 900 000 nordmenn til Amerika. Nasjonalbibliotekets utstilling <i>Rett vest. Dr\u00f8mmen om et bedre liv i Amerika<\/i> (7. mai\u201331. desember 2025) utforsker denne delen av norsk kulturhistorie.<\/p>\n<p>B\u00e6renettet er laget av 100 % resirkulert bomull, og trykket ved det Oslo-baserte tekstiltrykkeriet 10\/10.<\/p>\n<p>Design: Smuss Studio<\/p>\n","protected":false},"featured_media":21856,"template":"","meta":{"nb_hide_title":false,"nb_breadcrumb_title_override":""},"product_brand":[],"product_cat":[3347],"product_tag":[3882,3696],"class_list":{"0":"post-21859","1":"product","2":"type-product","3":"status-publish","4":"has-post-thumbnail","6":"product_cat-klaer-og-tilbehor","7":"product_tag-baerenett","8":"product_tag-utvandring","10":"first","11":"instock","12":"taxable","13":"shipping-taxable","14":"purchasable","15":"product-type-simple"},"yoast_head":"<!-- This site is optimized with the Yoast SEO plugin v27.1.1 - https:\/\/yoast.com\/product\/yoast-seo-wordpress\/ -->\n<title>B\u00e6renett: Er der nogen Slags Orden og Regjering i Landet (...)? - NB Nettbutikk<\/title>\n<meta name=\"robots\" content=\"index, follow, max-snippet:-1, max-image-preview:large, max-video-preview:-1\" \/>\n<link rel=\"canonical\" href=\"https:\/\/www.nb.no\/nettbutikk\/produkt\/baerenett-er-der-nogen-slags-orden-og-regjering-i-landet\/\" \/>\n<meta property=\"og:locale\" content=\"nb_NO\" \/>\n<meta property=\"og:type\" content=\"article\" \/>\n<meta property=\"og:title\" content=\"B\u00e6renett: Er der nogen Slags Orden og Regjering i Landet (...)? - NB Nettbutikk\" \/>\n<meta property=\"og:description\" content=\"\u00abEr der nogen Slags Orden og Regjering i Landet, eller kan Enhver gj\u00f8re hvad han lyster?\u00bb Sitatet er hentet fra utvandrermanualen Sandf\u00e6rdig Beretning om Amerika, til Oplysning og Nytte for Bonde og Menigmand (1839), skrevet av Ole Rynning. Med enkle sp\u00f8rsm\u00e5l og svar ga han norske lesere en rask innf\u00f8ring i amerikanske forhold. Mellom 1825 og 1930 utvandret nesten 900 000 nordmenn til Amerika. Nasjonalbibliotekets utstilling Rett vest. Dr\u00f8mmen om et bedre liv i Amerika (7. mai\u201331. desember 2025) utforsker denne delen av norsk kulturhistorie. B\u00e6renettet er laget av 100 % resirkulert bomull, og trykket ved det Oslo-baserte tekstiltrykkeriet 10\/10. Design: Smuss Studio\" \/>\n<meta property=\"og:url\" content=\"https:\/\/www.nb.no\/nettbutikk\/produkt\/baerenett-er-der-nogen-slags-orden-og-regjering-i-landet\/\" \/>\n<meta property=\"og:site_name\" content=\"NB Nettbutikk\" \/>\n<meta property=\"article:modified_time\" content=\"2026-04-20T09:09:00+00:00\" \/>\n<meta property=\"og:image\" content=\"https:\/\/www.nb.no\/content\/uploads\/sites\/5\/2025\/05\/E6mp-pifWn-U4mniGoxN3v_N_3Ic7pZvNzWXmtjLU_1Td4GuuOV4nb-PITB3E5PCny6lEu2IjlqzHGxYAohAbA-scaled.jpg\" \/>\n\t<meta property=\"og:image:width\" content=\"1706\" \/>\n\t<meta property=\"og:image:height\" content=\"2560\" \/>\n\t<meta property=\"og:image:type\" content=\"image\/jpeg\" \/>\n<meta name=\"twitter:card\" content=\"summary_large_image\" \/>\n<meta name=\"twitter:label1\" content=\"Ansl. lesetid\" \/>\n\t<meta name=\"twitter:data1\" content=\"1 minutt\" \/>\n<script type=\"application\/ld+json\" class=\"yoast-schema-graph\">{\"@context\":\"https:\/\/schema.org\",\"@graph\":[{\"@type\":\"WebPage\",\"@id\":\"https:\/\/www.nb.no\/nettbutikk\/produkt\/baerenett-er-der-nogen-slags-orden-og-regjering-i-landet\/\",\"url\":\"https:\/\/www.nb.no\/nettbutikk\/produkt\/baerenett-er-der-nogen-slags-orden-og-regjering-i-landet\/\",\"name\":\"B\u00e6renett: Er der nogen Slags Orden og Regjering i Landet (...)? - NB Nettbutikk\",\"isPartOf\":{\"@id\":\"https:\/\/www.nb.no\/nettbutikk\/#website\"},\"primaryImageOfPage\":{\"@id\":\"https:\/\/www.nb.no\/nettbutikk\/produkt\/baerenett-er-der-nogen-slags-orden-og-regjering-i-landet\/#primaryimage\"},\"image\":{\"@id\":\"https:\/\/www.nb.no\/nettbutikk\/produkt\/baerenett-er-der-nogen-slags-orden-og-regjering-i-landet\/#primaryimage\"},\"thumbnailUrl\":\"https:\/\/www.nb.no\/content\/uploads\/sites\/5\/2025\/05\/E6mp-pifWn-U4mniGoxN3v_N_3Ic7pZvNzWXmtjLU_1Td4GuuOV4nb-PITB3E5PCny6lEu2IjlqzHGxYAohAbA-scaled.jpg\",\"datePublished\":\"2025-05-07T15:00:37+00:00\",\"dateModified\":\"2026-04-20T09:09:00+00:00\",\"breadcrumb\":{\"@id\":\"https:\/\/www.nb.no\/nettbutikk\/produkt\/baerenett-er-der-nogen-slags-orden-og-regjering-i-landet\/#breadcrumb\"},\"inLanguage\":\"nb-NO\",\"potentialAction\":[{\"@type\":\"ReadAction\",\"target\":[\"https:\/\/www.nb.no\/nettbutikk\/produkt\/baerenett-er-der-nogen-slags-orden-og-regjering-i-landet\/\"]}]},{\"@type\":\"ImageObject\",\"inLanguage\":\"nb-NO\",\"@id\":\"https:\/\/www.nb.no\/nettbutikk\/produkt\/baerenett-er-der-nogen-slags-orden-og-regjering-i-landet\/#primaryimage\",\"url\":\"https:\/\/www.nb.no\/content\/uploads\/sites\/5\/2025\/05\/E6mp-pifWn-U4mniGoxN3v_N_3Ic7pZvNzWXmtjLU_1Td4GuuOV4nb-PITB3E5PCny6lEu2IjlqzHGxYAohAbA-scaled.jpg\",\"contentUrl\":\"https:\/\/www.nb.no\/content\/uploads\/sites\/5\/2025\/05\/E6mp-pifWn-U4mniGoxN3v_N_3Ic7pZvNzWXmtjLU_1Td4GuuOV4nb-PITB3E5PCny6lEu2IjlqzHGxYAohAbA-scaled.jpg\",\"width\":1706,\"height\":2560,\"caption\":\"B\u00e6renett: Er der nogen Slags Orden og Regjering i Landet?\"},{\"@type\":\"BreadcrumbList\",\"@id\":\"https:\/\/www.nb.no\/nettbutikk\/produkt\/baerenett-er-der-nogen-slags-orden-og-regjering-i-landet\/#breadcrumb\",\"itemListElement\":[{\"@type\":\"ListItem\",\"position\":1,\"name\":\"Home\",\"item\":\"https:\/\/www.nb.no\/nettbutikk\/\"},{\"@type\":\"ListItem\",\"position\":2,\"name\":\"Butikk\",\"item\":\"https:\/\/www.nb.no\/nettbutikk\/butikk\/\"},{\"@type\":\"ListItem\",\"position\":3,\"name\":\"B\u00e6renett: Er der nogen Slags Orden og Regjering i Landet (&#8230;)?\"}]},{\"@type\":\"WebSite\",\"@id\":\"https:\/\/www.nb.no\/nettbutikk\/#website\",\"url\":\"https:\/\/www.nb.no\/nettbutikk\/\",\"name\":\"NB Nettbutikk\",\"description\":\"\",\"potentialAction\":[{\"@type\":\"SearchAction\",\"target\":{\"@type\":\"EntryPoint\",\"urlTemplate\":\"https:\/\/www.nb.no\/nettbutikk\/?s={search_term_string}\"},\"query-input\":{\"@type\":\"PropertyValueSpecification\",\"valueRequired\":true,\"valueName\":\"search_term_string\"}}],\"inLanguage\":\"nb-NO\"}]}<\/script>\n<!-- \/ Yoast SEO plugin. -->","yoast_head_json":{"title":"B\u00e6renett: Er der nogen Slags Orden og Regjering i Landet (...)? - NB Nettbutikk","robots":{"index":"index","follow":"follow","max-snippet":"max-snippet:-1","max-image-preview":"max-image-preview:large","max-video-preview":"max-video-preview:-1"},"canonical":"https:\/\/www.nb.no\/nettbutikk\/produkt\/baerenett-er-der-nogen-slags-orden-og-regjering-i-landet\/","og_locale":"nb_NO","og_type":"article","og_title":"B\u00e6renett: Er der nogen Slags Orden og Regjering i Landet (...)? - NB Nettbutikk","og_description":"\u00abEr der nogen Slags Orden og Regjering i Landet, eller kan Enhver gj\u00f8re hvad han lyster?\u00bb Sitatet er hentet fra utvandrermanualen Sandf\u00e6rdig Beretning om Amerika, til Oplysning og Nytte for Bonde og Menigmand (1839), skrevet av Ole Rynning. Med enkle sp\u00f8rsm\u00e5l og svar ga han norske lesere en rask innf\u00f8ring i amerikanske forhold. Mellom 1825 og 1930 utvandret nesten 900 000 nordmenn til Amerika. Nasjonalbibliotekets utstilling Rett vest. Dr\u00f8mmen om et bedre liv i Amerika (7. mai\u201331. desember 2025) utforsker denne delen av norsk kulturhistorie. B\u00e6renettet er laget av 100 % resirkulert bomull, og trykket ved det Oslo-baserte tekstiltrykkeriet 10\/10. Design: Smuss Studio","og_url":"https:\/\/www.nb.no\/nettbutikk\/produkt\/baerenett-er-der-nogen-slags-orden-og-regjering-i-landet\/","og_site_name":"NB Nettbutikk","article_modified_time":"2026-04-20T09:09:00+00:00","og_image":[{"width":1706,"height":2560,"url":"https:\/\/www.nb.no\/content\/uploads\/sites\/5\/2025\/05\/E6mp-pifWn-U4mniGoxN3v_N_3Ic7pZvNzWXmtjLU_1Td4GuuOV4nb-PITB3E5PCny6lEu2IjlqzHGxYAohAbA-scaled.jpg","type":"image\/jpeg"}],"twitter_card":"summary_large_image","twitter_misc":{"Ansl. lesetid":"1 minutt"},"schema":{"@context":"https:\/\/schema.org","@graph":[{"@type":"WebPage","@id":"https:\/\/www.nb.no\/nettbutikk\/produkt\/baerenett-er-der-nogen-slags-orden-og-regjering-i-landet\/","url":"https:\/\/www.nb.no\/nettbutikk\/produkt\/baerenett-er-der-nogen-slags-orden-og-regjering-i-landet\/","name":"B\u00e6renett: Er der nogen Slags Orden og Regjering i Landet (...)? - NB Nettbutikk","isPartOf":{"@id":"https:\/\/www.nb.no\/nettbutikk\/#website"},"primaryImageOfPage":{"@id":"https:\/\/www.nb.no\/nettbutikk\/produkt\/baerenett-er-der-nogen-slags-orden-og-regjering-i-landet\/#primaryimage"},"image":{"@id":"https:\/\/www.nb.no\/nettbutikk\/produkt\/baerenett-er-der-nogen-slags-orden-og-regjering-i-landet\/#primaryimage"},"thumbnailUrl":"https:\/\/www.nb.no\/content\/uploads\/sites\/5\/2025\/05\/E6mp-pifWn-U4mniGoxN3v_N_3Ic7pZvNzWXmtjLU_1Td4GuuOV4nb-PITB3E5PCny6lEu2IjlqzHGxYAohAbA-scaled.jpg","datePublished":"2025-05-07T15:00:37+00:00","dateModified":"2026-04-20T09:09:00+00:00","breadcrumb":{"@id":"https:\/\/www.nb.no\/nettbutikk\/produkt\/baerenett-er-der-nogen-slags-orden-og-regjering-i-landet\/#breadcrumb"},"inLanguage":"nb-NO","potentialAction":[{"@type":"ReadAction","target":["https:\/\/www.nb.no\/nettbutikk\/produkt\/baerenett-er-der-nogen-slags-orden-og-regjering-i-landet\/"]}]},{"@type":"ImageObject","inLanguage":"nb-NO","@id":"https:\/\/www.nb.no\/nettbutikk\/produkt\/baerenett-er-der-nogen-slags-orden-og-regjering-i-landet\/#primaryimage","url":"https:\/\/www.nb.no\/content\/uploads\/sites\/5\/2025\/05\/E6mp-pifWn-U4mniGoxN3v_N_3Ic7pZvNzWXmtjLU_1Td4GuuOV4nb-PITB3E5PCny6lEu2IjlqzHGxYAohAbA-scaled.jpg","contentUrl":"https:\/\/www.nb.no\/content\/uploads\/sites\/5\/2025\/05\/E6mp-pifWn-U4mniGoxN3v_N_3Ic7pZvNzWXmtjLU_1Td4GuuOV4nb-PITB3E5PCny6lEu2IjlqzHGxYAohAbA-scaled.jpg","width":1706,"height":2560,"caption":"B\u00e6renett: Er der nogen Slags Orden og Regjering i Landet?"},{"@type":"BreadcrumbList","@id":"https:\/\/www.nb.no\/nettbutikk\/produkt\/baerenett-er-der-nogen-slags-orden-og-regjering-i-landet\/#breadcrumb","itemListElement":[{"@type":"ListItem","position":1,"name":"Home","item":"https:\/\/www.nb.no\/nettbutikk\/"},{"@type":"ListItem","position":2,"name":"Butikk","item":"https:\/\/www.nb.no\/nettbutikk\/butikk\/"},{"@type":"ListItem","position":3,"name":"B\u00e6renett: Er der nogen Slags Orden og Regjering i Landet (&#8230;)?"}]},{"@type":"WebSite","@id":"https:\/\/www.nb.no\/nettbutikk\/#website","url":"https:\/\/www.nb.no\/nettbutikk\/","name":"NB Nettbutikk","description":"","potentialAction":[{"@type":"SearchAction","target":{"@type":"EntryPoint","urlTemplate":"https:\/\/www.nb.no\/nettbutikk\/?s={search_term_string}"},"query-input":{"@type":"PropertyValueSpecification","valueRequired":true,"valueName":"search_term_string"}}],"inLanguage":"nb-NO"}]}},"_links":{"self":[{"href":"https:\/\/www.nb.no\/nettbutikk\/wp-json\/wp\/v2\/product\/21859","targetHints":{"allow":["GET"]}}],"collection":[{"href":"https:\/\/www.nb.no\/nettbutikk\/wp-json\/wp\/v2\/product"}],"about":[{"href":"https:\/\/www.nb.no\/nettbutikk\/wp-json\/wp\/v2\/types\/product"}],"wp:featuredmedia":[{"embeddable":true,"href":"https:\/\/www.nb.no\/nettbutikk\/wp-json\/wp\/v2\/media\/21856"}],"wp:attachment":[{"href":"https:\/\/www.nb.no\/nettbutikk\/wp-json\/wp\/v2\/media?parent=21859"}],"wp:term":[{"taxonomy":"product_brand","embeddable":true,"href":"https:\/\/www.nb.no\/nettbutikk\/wp-json\/wp\/v2\/product_brand?post=21859"},{"taxonomy":"product_cat","embeddable":true,"href":"https:\/\/www.nb.no\/nettbutikk\/wp-json\/wp\/v2\/product_cat?post=21859"},{"taxonomy":"product_tag","embeddable":true,"href":"https:\/\/www.nb.no\/nettbutikk\/wp-json\/wp\/v2\/product_tag?post=21859"}],"curies":[{"name":"wp","href":"https:\/\/api.w.org\/{rel}","templated":true}]}}