{"id":21730,"date":"2025-04-24T16:00:35","date_gmt":"2025-04-24T14:00:35","guid":{"rendered":"https:\/\/www.nb.no\/nettbutikk\/produkt\/georg-ossian-sars-vitskapleg-teikning-av-torsk-ca-1860-1890\/"},"modified":"2026-05-14T06:20:18","modified_gmt":"2026-05-14T04:20:18","slug":"notatbok-georg-ossian-sars-vitskapleg-teikning-av-torsk-ca-1860-1890","status":"publish","type":"product","link":"https:\/\/www.nb.no\/nettbutikk\/produkt\/notatbok-georg-ossian-sars-vitskapleg-teikning-av-torsk-ca-1860-1890\/","title":{"rendered":"Notatbok: Georg Ossian Sars, vitskapleg teikning av torsk (ca. 1860\u20131890)"},"content":{"rendered":"","protected":false},"excerpt":{"rendered":"<p>Georg Ossian Sars var den leiande norske zoologen i andre del av 1800-talet og er framleis ein av dei mest siterte norske naturforskarane. Som ung var han mykje til sj\u00f8s, l\u00f8nna av staten for \u00e5 utvide kunnskapsgrunnlaget for norsk fiskerin\u00e6ring og seinare for kvalfangst. Han oppdaga mellom anna at rogna til torsken ikkje s\u00f8kk, men flyt p\u00e5 havflata, og i 1865 klarte han \u00e5 befrukte rogna kunstig. I 1874 blei Sars professor i zoologi. Han publiserte mykje, og var ein uvanleg evnerik vitskapleg teiknar.<\/p>\n<p>Fleire av teikningane til Sars er stilt ut i utstillinga <i>Opplyst. Glimt fr\u00e5 ei kulturhistorie<\/i> p\u00e5 Nasjonalbiblioteket. I utstillinga l\u00f8fter vi unike, spektakul\u00e6re og viktige objekt fr\u00e5 norsk kulturhistorie opp fr\u00e5 dei m\u00f8rke magasina og fram i lyset.<\/p>\n<p>Notatboka er produsert av All Pine Press, og er laga med norsk bokpapir. Notatb\u00f8kene er trykte i Oslo og bunde i Skien.<\/p>\n<p>Design: Smuss Studio<\/p>\n<p>128 linjerte sider<\/p>\n","protected":false},"featured_media":21727,"template":"","meta":{"nb_hide_title":false,"nb_breadcrumb_title_override":""},"product_brand":[],"product_cat":[3025],"product_tag":[3722,3731,3728,3725],"class_list":{"0":"post-21730","1":"product","2":"type-product","3":"status-publish","4":"has-post-thumbnail","6":"product_cat-notatboker","7":"product_tag-fisk","8":"product_tag-opplyst","9":"product_tag-sars","10":"product_tag-zoologi","12":"first","13":"instock","14":"taxable","15":"shipping-taxable","16":"purchasable","17":"product-type-simple"},"yoast_head":"<!-- This site is optimized with the Yoast SEO plugin v27.1.1 - https:\/\/yoast.com\/product\/yoast-seo-wordpress\/ -->\n<title>Notatbok: Georg Ossian Sars, vitskapleg teikning av torsk (ca. 1860\u20131890) - NB Nettbutikk<\/title>\n<meta name=\"robots\" content=\"index, follow, max-snippet:-1, max-image-preview:large, max-video-preview:-1\" \/>\n<link rel=\"canonical\" href=\"https:\/\/www.nb.no\/nettbutikk\/produkt\/notatbok-georg-ossian-sars-vitskapleg-teikning-av-torsk-ca-1860-1890\/\" \/>\n<meta property=\"og:locale\" content=\"nb_NO\" \/>\n<meta property=\"og:type\" content=\"article\" \/>\n<meta property=\"og:title\" content=\"Notatbok: Georg Ossian Sars, vitskapleg teikning av torsk (ca. 1860\u20131890) - NB Nettbutikk\" \/>\n<meta property=\"og:description\" content=\"Georg Ossian Sars var den leiande norske zoologen i andre del av 1800-talet og er framleis ein av dei mest siterte norske naturforskarane. Som ung var han mykje til sj\u00f8s, l\u00f8nna av staten for \u00e5 utvide kunnskapsgrunnlaget for norsk fiskerin\u00e6ring og seinare for kvalfangst. Han oppdaga mellom anna at rogna til torsken ikkje s\u00f8kk, men flyt p\u00e5 havflata, og i 1865 klarte han \u00e5 befrukte rogna kunstig. I 1874 blei Sars professor i zoologi. Han publiserte mykje, og var ein uvanleg evnerik vitskapleg teiknar. Fleire av teikningane til Sars er stilt ut i utstillinga Opplyst. Glimt fr\u00e5 ei kulturhistorie p\u00e5 Nasjonalbiblioteket. I utstillinga l\u00f8fter vi unike, spektakul\u00e6re og viktige objekt fr\u00e5 norsk kulturhistorie opp fr\u00e5 dei m\u00f8rke magasina og fram i lyset. Notatboka er produsert av All Pine Press, og er laga med norsk bokpapir. Notatb\u00f8kene er trykte i Oslo og bunde i Skien. Design: Smuss Studio 128 linjerte sider\" \/>\n<meta property=\"og:url\" content=\"https:\/\/www.nb.no\/nettbutikk\/produkt\/notatbok-georg-ossian-sars-vitskapleg-teikning-av-torsk-ca-1860-1890\/\" \/>\n<meta property=\"og:site_name\" content=\"NB Nettbutikk\" \/>\n<meta property=\"article:modified_time\" content=\"2026-05-14T04:20:18+00:00\" \/>\n<meta property=\"og:image\" content=\"https:\/\/www.nb.no\/content\/uploads\/sites\/5\/2025\/04\/E6mp-pifWn-U4mniGoxN3v_N_3Ic7pZvNzWXmtXNAfddddT5t7J3n-KIdzF6Rp2YnyutR7-N3w_jHz4MAohAbA.jpg\" \/>\n\t<meta property=\"og:image:width\" content=\"1920\" \/>\n\t<meta property=\"og:image:height\" content=\"1440\" \/>\n\t<meta property=\"og:image:type\" content=\"image\/jpeg\" \/>\n<meta name=\"twitter:card\" content=\"summary_large_image\" \/>\n<meta name=\"twitter:label1\" content=\"Ansl. lesetid\" \/>\n\t<meta name=\"twitter:data1\" content=\"1 minutt\" \/>\n<script type=\"application\/ld+json\" class=\"yoast-schema-graph\">{\"@context\":\"https:\/\/schema.org\",\"@graph\":[{\"@type\":\"WebPage\",\"@id\":\"https:\/\/www.nb.no\/nettbutikk\/produkt\/notatbok-georg-ossian-sars-vitskapleg-teikning-av-torsk-ca-1860-1890\/\",\"url\":\"https:\/\/www.nb.no\/nettbutikk\/produkt\/notatbok-georg-ossian-sars-vitskapleg-teikning-av-torsk-ca-1860-1890\/\",\"name\":\"Notatbok: Georg Ossian Sars, vitskapleg teikning av torsk (ca. 1860\u20131890) - NB Nettbutikk\",\"isPartOf\":{\"@id\":\"https:\/\/www.nb.no\/nettbutikk\/#website\"},\"primaryImageOfPage\":{\"@id\":\"https:\/\/www.nb.no\/nettbutikk\/produkt\/notatbok-georg-ossian-sars-vitskapleg-teikning-av-torsk-ca-1860-1890\/#primaryimage\"},\"image\":{\"@id\":\"https:\/\/www.nb.no\/nettbutikk\/produkt\/notatbok-georg-ossian-sars-vitskapleg-teikning-av-torsk-ca-1860-1890\/#primaryimage\"},\"thumbnailUrl\":\"https:\/\/www.nb.no\/content\/uploads\/sites\/5\/2025\/04\/E6mp-pifWn-U4mniGoxN3v_N_3Ic7pZvNzWXmtXNAfddddT5t7J3n-KIdzF6Rp2YnyutR7-N3w_jHz4MAohAbA.jpg\",\"datePublished\":\"2025-04-24T14:00:35+00:00\",\"dateModified\":\"2026-05-14T04:20:18+00:00\",\"breadcrumb\":{\"@id\":\"https:\/\/www.nb.no\/nettbutikk\/produkt\/notatbok-georg-ossian-sars-vitskapleg-teikning-av-torsk-ca-1860-1890\/#breadcrumb\"},\"inLanguage\":\"nb-NO\",\"potentialAction\":[{\"@type\":\"ReadAction\",\"target\":[\"https:\/\/www.nb.no\/nettbutikk\/produkt\/notatbok-georg-ossian-sars-vitskapleg-teikning-av-torsk-ca-1860-1890\/\"]}]},{\"@type\":\"ImageObject\",\"inLanguage\":\"nb-NO\",\"@id\":\"https:\/\/www.nb.no\/nettbutikk\/produkt\/notatbok-georg-ossian-sars-vitskapleg-teikning-av-torsk-ca-1860-1890\/#primaryimage\",\"url\":\"https:\/\/www.nb.no\/content\/uploads\/sites\/5\/2025\/04\/E6mp-pifWn-U4mniGoxN3v_N_3Ic7pZvNzWXmtXNAfddddT5t7J3n-KIdzF6Rp2YnyutR7-N3w_jHz4MAohAbA.jpg\",\"contentUrl\":\"https:\/\/www.nb.no\/content\/uploads\/sites\/5\/2025\/04\/E6mp-pifWn-U4mniGoxN3v_N_3Ic7pZvNzWXmtXNAfddddT5t7J3n-KIdzF6Rp2YnyutR7-N3w_jHz4MAohAbA.jpg\",\"width\":1920,\"height\":1440,\"caption\":\"Georg Ossian Sars, vitskapleg teikning av torsk (ca. 1860\u20131890)\"},{\"@type\":\"BreadcrumbList\",\"@id\":\"https:\/\/www.nb.no\/nettbutikk\/produkt\/notatbok-georg-ossian-sars-vitskapleg-teikning-av-torsk-ca-1860-1890\/#breadcrumb\",\"itemListElement\":[{\"@type\":\"ListItem\",\"position\":1,\"name\":\"Home\",\"item\":\"https:\/\/www.nb.no\/nettbutikk\/\"},{\"@type\":\"ListItem\",\"position\":2,\"name\":\"Butikk\",\"item\":\"https:\/\/www.nb.no\/nettbutikk\/butikk\/\"},{\"@type\":\"ListItem\",\"position\":3,\"name\":\"Notatbok: Georg Ossian Sars, vitskapleg teikning av torsk (ca. 1860\u20131890)\"}]},{\"@type\":\"WebSite\",\"@id\":\"https:\/\/www.nb.no\/nettbutikk\/#website\",\"url\":\"https:\/\/www.nb.no\/nettbutikk\/\",\"name\":\"NB Nettbutikk\",\"description\":\"\",\"potentialAction\":[{\"@type\":\"SearchAction\",\"target\":{\"@type\":\"EntryPoint\",\"urlTemplate\":\"https:\/\/www.nb.no\/nettbutikk\/?s={search_term_string}\"},\"query-input\":{\"@type\":\"PropertyValueSpecification\",\"valueRequired\":true,\"valueName\":\"search_term_string\"}}],\"inLanguage\":\"nb-NO\"}]}<\/script>\n<!-- \/ Yoast SEO plugin. -->","yoast_head_json":{"title":"Notatbok: Georg Ossian Sars, vitskapleg teikning av torsk (ca. 1860\u20131890) - NB Nettbutikk","robots":{"index":"index","follow":"follow","max-snippet":"max-snippet:-1","max-image-preview":"max-image-preview:large","max-video-preview":"max-video-preview:-1"},"canonical":"https:\/\/www.nb.no\/nettbutikk\/produkt\/notatbok-georg-ossian-sars-vitskapleg-teikning-av-torsk-ca-1860-1890\/","og_locale":"nb_NO","og_type":"article","og_title":"Notatbok: Georg Ossian Sars, vitskapleg teikning av torsk (ca. 1860\u20131890) - NB Nettbutikk","og_description":"Georg Ossian Sars var den leiande norske zoologen i andre del av 1800-talet og er framleis ein av dei mest siterte norske naturforskarane. Som ung var han mykje til sj\u00f8s, l\u00f8nna av staten for \u00e5 utvide kunnskapsgrunnlaget for norsk fiskerin\u00e6ring og seinare for kvalfangst. Han oppdaga mellom anna at rogna til torsken ikkje s\u00f8kk, men flyt p\u00e5 havflata, og i 1865 klarte han \u00e5 befrukte rogna kunstig. I 1874 blei Sars professor i zoologi. Han publiserte mykje, og var ein uvanleg evnerik vitskapleg teiknar. Fleire av teikningane til Sars er stilt ut i utstillinga Opplyst. Glimt fr\u00e5 ei kulturhistorie p\u00e5 Nasjonalbiblioteket. I utstillinga l\u00f8fter vi unike, spektakul\u00e6re og viktige objekt fr\u00e5 norsk kulturhistorie opp fr\u00e5 dei m\u00f8rke magasina og fram i lyset. Notatboka er produsert av All Pine Press, og er laga med norsk bokpapir. Notatb\u00f8kene er trykte i Oslo og bunde i Skien. Design: Smuss Studio 128 linjerte sider","og_url":"https:\/\/www.nb.no\/nettbutikk\/produkt\/notatbok-georg-ossian-sars-vitskapleg-teikning-av-torsk-ca-1860-1890\/","og_site_name":"NB Nettbutikk","article_modified_time":"2026-05-14T04:20:18+00:00","og_image":[{"width":1920,"height":1440,"url":"https:\/\/www.nb.no\/content\/uploads\/sites\/5\/2025\/04\/E6mp-pifWn-U4mniGoxN3v_N_3Ic7pZvNzWXmtXNAfddddT5t7J3n-KIdzF6Rp2YnyutR7-N3w_jHz4MAohAbA.jpg","type":"image\/jpeg"}],"twitter_card":"summary_large_image","twitter_misc":{"Ansl. lesetid":"1 minutt"},"schema":{"@context":"https:\/\/schema.org","@graph":[{"@type":"WebPage","@id":"https:\/\/www.nb.no\/nettbutikk\/produkt\/notatbok-georg-ossian-sars-vitskapleg-teikning-av-torsk-ca-1860-1890\/","url":"https:\/\/www.nb.no\/nettbutikk\/produkt\/notatbok-georg-ossian-sars-vitskapleg-teikning-av-torsk-ca-1860-1890\/","name":"Notatbok: Georg Ossian Sars, vitskapleg teikning av torsk (ca. 1860\u20131890) - NB Nettbutikk","isPartOf":{"@id":"https:\/\/www.nb.no\/nettbutikk\/#website"},"primaryImageOfPage":{"@id":"https:\/\/www.nb.no\/nettbutikk\/produkt\/notatbok-georg-ossian-sars-vitskapleg-teikning-av-torsk-ca-1860-1890\/#primaryimage"},"image":{"@id":"https:\/\/www.nb.no\/nettbutikk\/produkt\/notatbok-georg-ossian-sars-vitskapleg-teikning-av-torsk-ca-1860-1890\/#primaryimage"},"thumbnailUrl":"https:\/\/www.nb.no\/content\/uploads\/sites\/5\/2025\/04\/E6mp-pifWn-U4mniGoxN3v_N_3Ic7pZvNzWXmtXNAfddddT5t7J3n-KIdzF6Rp2YnyutR7-N3w_jHz4MAohAbA.jpg","datePublished":"2025-04-24T14:00:35+00:00","dateModified":"2026-05-14T04:20:18+00:00","breadcrumb":{"@id":"https:\/\/www.nb.no\/nettbutikk\/produkt\/notatbok-georg-ossian-sars-vitskapleg-teikning-av-torsk-ca-1860-1890\/#breadcrumb"},"inLanguage":"nb-NO","potentialAction":[{"@type":"ReadAction","target":["https:\/\/www.nb.no\/nettbutikk\/produkt\/notatbok-georg-ossian-sars-vitskapleg-teikning-av-torsk-ca-1860-1890\/"]}]},{"@type":"ImageObject","inLanguage":"nb-NO","@id":"https:\/\/www.nb.no\/nettbutikk\/produkt\/notatbok-georg-ossian-sars-vitskapleg-teikning-av-torsk-ca-1860-1890\/#primaryimage","url":"https:\/\/www.nb.no\/content\/uploads\/sites\/5\/2025\/04\/E6mp-pifWn-U4mniGoxN3v_N_3Ic7pZvNzWXmtXNAfddddT5t7J3n-KIdzF6Rp2YnyutR7-N3w_jHz4MAohAbA.jpg","contentUrl":"https:\/\/www.nb.no\/content\/uploads\/sites\/5\/2025\/04\/E6mp-pifWn-U4mniGoxN3v_N_3Ic7pZvNzWXmtXNAfddddT5t7J3n-KIdzF6Rp2YnyutR7-N3w_jHz4MAohAbA.jpg","width":1920,"height":1440,"caption":"Georg Ossian Sars, vitskapleg teikning av torsk (ca. 1860\u20131890)"},{"@type":"BreadcrumbList","@id":"https:\/\/www.nb.no\/nettbutikk\/produkt\/notatbok-georg-ossian-sars-vitskapleg-teikning-av-torsk-ca-1860-1890\/#breadcrumb","itemListElement":[{"@type":"ListItem","position":1,"name":"Home","item":"https:\/\/www.nb.no\/nettbutikk\/"},{"@type":"ListItem","position":2,"name":"Butikk","item":"https:\/\/www.nb.no\/nettbutikk\/butikk\/"},{"@type":"ListItem","position":3,"name":"Notatbok: Georg Ossian Sars, vitskapleg teikning av torsk (ca. 1860\u20131890)"}]},{"@type":"WebSite","@id":"https:\/\/www.nb.no\/nettbutikk\/#website","url":"https:\/\/www.nb.no\/nettbutikk\/","name":"NB Nettbutikk","description":"","potentialAction":[{"@type":"SearchAction","target":{"@type":"EntryPoint","urlTemplate":"https:\/\/www.nb.no\/nettbutikk\/?s={search_term_string}"},"query-input":{"@type":"PropertyValueSpecification","valueRequired":true,"valueName":"search_term_string"}}],"inLanguage":"nb-NO"}]}},"_links":{"self":[{"href":"https:\/\/www.nb.no\/nettbutikk\/wp-json\/wp\/v2\/product\/21730","targetHints":{"allow":["GET"]}}],"collection":[{"href":"https:\/\/www.nb.no\/nettbutikk\/wp-json\/wp\/v2\/product"}],"about":[{"href":"https:\/\/www.nb.no\/nettbutikk\/wp-json\/wp\/v2\/types\/product"}],"wp:featuredmedia":[{"embeddable":true,"href":"https:\/\/www.nb.no\/nettbutikk\/wp-json\/wp\/v2\/media\/21727"}],"wp:attachment":[{"href":"https:\/\/www.nb.no\/nettbutikk\/wp-json\/wp\/v2\/media?parent=21730"}],"wp:term":[{"taxonomy":"product_brand","embeddable":true,"href":"https:\/\/www.nb.no\/nettbutikk\/wp-json\/wp\/v2\/product_brand?post=21730"},{"taxonomy":"product_cat","embeddable":true,"href":"https:\/\/www.nb.no\/nettbutikk\/wp-json\/wp\/v2\/product_cat?post=21730"},{"taxonomy":"product_tag","embeddable":true,"href":"https:\/\/www.nb.no\/nettbutikk\/wp-json\/wp\/v2\/product_tag?post=21730"}],"curies":[{"name":"wp","href":"https:\/\/api.w.org\/{rel}","templated":true}]}}