{"id":21724,"date":"2025-04-24T16:00:33","date_gmt":"2025-04-24T14:00:33","guid":{"rendered":"https:\/\/www.nb.no\/nettbutikk\/produkt\/dorothe-engelbretsdatter-siaelens-sang-offer-1685\/"},"modified":"2026-03-22T04:50:44","modified_gmt":"2026-03-22T03:50:44","slug":"notatbok-dorothe-engelbretsdatter-siaelens-sang-offer-1685","status":"publish","type":"product","link":"https:\/\/www.nb.no\/nettbutikk\/produkt\/notatbok-dorothe-engelbretsdatter-siaelens-sang-offer-1685\/","title":{"rendered":"Notatbok: Dorothe Engelbretsdatter, Si\u00e6lens Sang-Offer (1685)"},"content":{"rendered":"","protected":false},"excerpt":{"rendered":"<p>Salmedikteren Dorothe Engelbretsdatter var den f\u00f8rste norske profesjonelle forfatteren i Danmark-Norge. Debutboken hennes, <i>Si\u00e6lens Sang-Offer<\/i>, ble utgitt i 1678. Flere av Engelbretsdatters b\u00f8ker hadde et bilde av forfatteren som s\u00e5kalt frontispis, en detaljert illustrasjon p\u00e5 siden vendt mot tittelbladet. <\/p>\n<p>Portrettet som pryder denne notatboken er hentet fra en utgave av <i>Si\u00e6lens Sang-Offer<\/i> fra 1685 som er utstilt i Nasjonalbibliotekets utstilling <i>Opplyst. Glimt fra en kulturhistorie<\/i>. I utstillingen l\u00f8ftes noen av norsk kulturhistories unike, spektakul\u00e6re og betydningsfulle objekter opp fra magasinenes m\u00f8rke og frem i lyset.<\/p>\n<p>Denne notatboken er produsert av All Pine Press, og er laget med norsk bokpapir. Notatb\u00f8kene er trykt i Oslo og bundet i Skien.<\/p>\n<p>Design: Smuss Studio<\/p>\n<p>128 linjerte sider<\/p>\n","protected":false},"featured_media":21721,"template":"","meta":{"nb_hide_title":false,"nb_breadcrumb_title_override":""},"product_brand":[],"product_cat":[3025],"product_tag":[3776,3764,3734,3731],"class_list":{"0":"post-21724","1":"product","2":"type-product","3":"status-publish","4":"has-post-thumbnail","6":"product_cat-notatboker","7":"product_tag-1600-tallet","8":"product_tag-doden","9":"product_tag-dorothe-engelbretsdatter","10":"product_tag-opplyst","12":"first","13":"instock","14":"taxable","15":"shipping-taxable","16":"purchasable","17":"product-type-simple"},"yoast_head":"<!-- This site is optimized with the Yoast SEO plugin v27.1.1 - https:\/\/yoast.com\/product\/yoast-seo-wordpress\/ -->\n<title>Notatbok: Dorothe Engelbretsdatter, Si\u00e6lens Sang-Offer (1685) - NB Nettbutikk<\/title>\n<meta name=\"robots\" content=\"index, follow, max-snippet:-1, max-image-preview:large, max-video-preview:-1\" \/>\n<link rel=\"canonical\" href=\"https:\/\/www.nb.no\/nettbutikk\/produkt\/notatbok-dorothe-engelbretsdatter-siaelens-sang-offer-1685\/\" \/>\n<meta property=\"og:locale\" content=\"nb_NO\" \/>\n<meta property=\"og:type\" content=\"article\" \/>\n<meta property=\"og:title\" content=\"Notatbok: Dorothe Engelbretsdatter, Si\u00e6lens Sang-Offer (1685) - NB Nettbutikk\" \/>\n<meta property=\"og:description\" content=\"Salmedikteren Dorothe Engelbretsdatter var den f\u00f8rste norske profesjonelle forfatteren i Danmark-Norge. Debutboken hennes, Si\u00e6lens Sang-Offer, ble utgitt i 1678. Flere av Engelbretsdatters b\u00f8ker hadde et bilde av forfatteren som s\u00e5kalt frontispis, en detaljert illustrasjon p\u00e5 siden vendt mot tittelbladet.  Portrettet som pryder denne notatboken er hentet fra en utgave av Si\u00e6lens Sang-Offer fra 1685 som er utstilt i Nasjonalbibliotekets utstilling Opplyst. Glimt fra en kulturhistorie. I utstillingen l\u00f8ftes noen av norsk kulturhistories unike, spektakul\u00e6re og betydningsfulle objekter opp fra magasinenes m\u00f8rke og frem i lyset. Denne notatboken er produsert av All Pine Press, og er laget med norsk bokpapir. Notatb\u00f8kene er trykt i Oslo og bundet i Skien. Design: Smuss Studio 128 linjerte sider\" \/>\n<meta property=\"og:url\" content=\"https:\/\/www.nb.no\/nettbutikk\/produkt\/notatbok-dorothe-engelbretsdatter-siaelens-sang-offer-1685\/\" \/>\n<meta property=\"og:site_name\" content=\"NB Nettbutikk\" \/>\n<meta property=\"article:modified_time\" content=\"2026-03-22T03:50:44+00:00\" \/>\n<meta property=\"og:image\" content=\"https:\/\/www.nb.no\/content\/uploads\/sites\/5\/2025\/04\/E6mp-pifWn-U4mniGoxN3v_N_3Ic7pZvNzWXmoSaU_xRcNat4LR8yeLdIjB4GZWRyyL9ErmIiF6yTD0PAohAbA.jpg\" \/>\n\t<meta property=\"og:image:width\" content=\"1920\" \/>\n\t<meta property=\"og:image:height\" content=\"1440\" \/>\n\t<meta property=\"og:image:type\" content=\"image\/jpeg\" \/>\n<meta name=\"twitter:card\" content=\"summary_large_image\" \/>\n<meta name=\"twitter:label1\" content=\"Ansl. lesetid\" \/>\n\t<meta name=\"twitter:data1\" content=\"1 minutt\" \/>\n<script type=\"application\/ld+json\" class=\"yoast-schema-graph\">{\"@context\":\"https:\/\/schema.org\",\"@graph\":[{\"@type\":\"WebPage\",\"@id\":\"https:\/\/www.nb.no\/nettbutikk\/produkt\/notatbok-dorothe-engelbretsdatter-siaelens-sang-offer-1685\/\",\"url\":\"https:\/\/www.nb.no\/nettbutikk\/produkt\/notatbok-dorothe-engelbretsdatter-siaelens-sang-offer-1685\/\",\"name\":\"Notatbok: Dorothe Engelbretsdatter, Si\u00e6lens Sang-Offer (1685) - NB Nettbutikk\",\"isPartOf\":{\"@id\":\"https:\/\/www.nb.no\/nettbutikk\/#website\"},\"primaryImageOfPage\":{\"@id\":\"https:\/\/www.nb.no\/nettbutikk\/produkt\/notatbok-dorothe-engelbretsdatter-siaelens-sang-offer-1685\/#primaryimage\"},\"image\":{\"@id\":\"https:\/\/www.nb.no\/nettbutikk\/produkt\/notatbok-dorothe-engelbretsdatter-siaelens-sang-offer-1685\/#primaryimage\"},\"thumbnailUrl\":\"https:\/\/www.nb.no\/content\/uploads\/sites\/5\/2025\/04\/E6mp-pifWn-U4mniGoxN3v_N_3Ic7pZvNzWXmoSaU_xRcNat4LR8yeLdIjB4GZWRyyL9ErmIiF6yTD0PAohAbA.jpg\",\"datePublished\":\"2025-04-24T14:00:33+00:00\",\"dateModified\":\"2026-03-22T03:50:44+00:00\",\"breadcrumb\":{\"@id\":\"https:\/\/www.nb.no\/nettbutikk\/produkt\/notatbok-dorothe-engelbretsdatter-siaelens-sang-offer-1685\/#breadcrumb\"},\"inLanguage\":\"nb-NO\",\"potentialAction\":[{\"@type\":\"ReadAction\",\"target\":[\"https:\/\/www.nb.no\/nettbutikk\/produkt\/notatbok-dorothe-engelbretsdatter-siaelens-sang-offer-1685\/\"]}]},{\"@type\":\"ImageObject\",\"inLanguage\":\"nb-NO\",\"@id\":\"https:\/\/www.nb.no\/nettbutikk\/produkt\/notatbok-dorothe-engelbretsdatter-siaelens-sang-offer-1685\/#primaryimage\",\"url\":\"https:\/\/www.nb.no\/content\/uploads\/sites\/5\/2025\/04\/E6mp-pifWn-U4mniGoxN3v_N_3Ic7pZvNzWXmoSaU_xRcNat4LR8yeLdIjB4GZWRyyL9ErmIiF6yTD0PAohAbA.jpg\",\"contentUrl\":\"https:\/\/www.nb.no\/content\/uploads\/sites\/5\/2025\/04\/E6mp-pifWn-U4mniGoxN3v_N_3Ic7pZvNzWXmoSaU_xRcNat4LR8yeLdIjB4GZWRyyL9ErmIiF6yTD0PAohAbA.jpg\",\"width\":1920,\"height\":1440,\"caption\":\"Dorothe Engelbretsdatter, Si\u00e6lens Sang-Offer (1685)\"},{\"@type\":\"BreadcrumbList\",\"@id\":\"https:\/\/www.nb.no\/nettbutikk\/produkt\/notatbok-dorothe-engelbretsdatter-siaelens-sang-offer-1685\/#breadcrumb\",\"itemListElement\":[{\"@type\":\"ListItem\",\"position\":1,\"name\":\"Home\",\"item\":\"https:\/\/www.nb.no\/nettbutikk\/\"},{\"@type\":\"ListItem\",\"position\":2,\"name\":\"Butikk\",\"item\":\"https:\/\/www.nb.no\/nettbutikk\/butikk\/\"},{\"@type\":\"ListItem\",\"position\":3,\"name\":\"Notatbok: Dorothe Engelbretsdatter, Si\u00e6lens Sang-Offer (1685)\"}]},{\"@type\":\"WebSite\",\"@id\":\"https:\/\/www.nb.no\/nettbutikk\/#website\",\"url\":\"https:\/\/www.nb.no\/nettbutikk\/\",\"name\":\"NB Nettbutikk\",\"description\":\"\",\"potentialAction\":[{\"@type\":\"SearchAction\",\"target\":{\"@type\":\"EntryPoint\",\"urlTemplate\":\"https:\/\/www.nb.no\/nettbutikk\/?s={search_term_string}\"},\"query-input\":{\"@type\":\"PropertyValueSpecification\",\"valueRequired\":true,\"valueName\":\"search_term_string\"}}],\"inLanguage\":\"nb-NO\"}]}<\/script>\n<!-- \/ Yoast SEO plugin. -->","yoast_head_json":{"title":"Notatbok: Dorothe Engelbretsdatter, Si\u00e6lens Sang-Offer (1685) - NB Nettbutikk","robots":{"index":"index","follow":"follow","max-snippet":"max-snippet:-1","max-image-preview":"max-image-preview:large","max-video-preview":"max-video-preview:-1"},"canonical":"https:\/\/www.nb.no\/nettbutikk\/produkt\/notatbok-dorothe-engelbretsdatter-siaelens-sang-offer-1685\/","og_locale":"nb_NO","og_type":"article","og_title":"Notatbok: Dorothe Engelbretsdatter, Si\u00e6lens Sang-Offer (1685) - NB Nettbutikk","og_description":"Salmedikteren Dorothe Engelbretsdatter var den f\u00f8rste norske profesjonelle forfatteren i Danmark-Norge. Debutboken hennes, Si\u00e6lens Sang-Offer, ble utgitt i 1678. Flere av Engelbretsdatters b\u00f8ker hadde et bilde av forfatteren som s\u00e5kalt frontispis, en detaljert illustrasjon p\u00e5 siden vendt mot tittelbladet.  Portrettet som pryder denne notatboken er hentet fra en utgave av Si\u00e6lens Sang-Offer fra 1685 som er utstilt i Nasjonalbibliotekets utstilling Opplyst. Glimt fra en kulturhistorie. I utstillingen l\u00f8ftes noen av norsk kulturhistories unike, spektakul\u00e6re og betydningsfulle objekter opp fra magasinenes m\u00f8rke og frem i lyset. Denne notatboken er produsert av All Pine Press, og er laget med norsk bokpapir. Notatb\u00f8kene er trykt i Oslo og bundet i Skien. Design: Smuss Studio 128 linjerte sider","og_url":"https:\/\/www.nb.no\/nettbutikk\/produkt\/notatbok-dorothe-engelbretsdatter-siaelens-sang-offer-1685\/","og_site_name":"NB Nettbutikk","article_modified_time":"2026-03-22T03:50:44+00:00","og_image":[{"width":1920,"height":1440,"url":"https:\/\/www.nb.no\/content\/uploads\/sites\/5\/2025\/04\/E6mp-pifWn-U4mniGoxN3v_N_3Ic7pZvNzWXmoSaU_xRcNat4LR8yeLdIjB4GZWRyyL9ErmIiF6yTD0PAohAbA.jpg","type":"image\/jpeg"}],"twitter_card":"summary_large_image","twitter_misc":{"Ansl. lesetid":"1 minutt"},"schema":{"@context":"https:\/\/schema.org","@graph":[{"@type":"WebPage","@id":"https:\/\/www.nb.no\/nettbutikk\/produkt\/notatbok-dorothe-engelbretsdatter-siaelens-sang-offer-1685\/","url":"https:\/\/www.nb.no\/nettbutikk\/produkt\/notatbok-dorothe-engelbretsdatter-siaelens-sang-offer-1685\/","name":"Notatbok: Dorothe Engelbretsdatter, Si\u00e6lens Sang-Offer (1685) - NB Nettbutikk","isPartOf":{"@id":"https:\/\/www.nb.no\/nettbutikk\/#website"},"primaryImageOfPage":{"@id":"https:\/\/www.nb.no\/nettbutikk\/produkt\/notatbok-dorothe-engelbretsdatter-siaelens-sang-offer-1685\/#primaryimage"},"image":{"@id":"https:\/\/www.nb.no\/nettbutikk\/produkt\/notatbok-dorothe-engelbretsdatter-siaelens-sang-offer-1685\/#primaryimage"},"thumbnailUrl":"https:\/\/www.nb.no\/content\/uploads\/sites\/5\/2025\/04\/E6mp-pifWn-U4mniGoxN3v_N_3Ic7pZvNzWXmoSaU_xRcNat4LR8yeLdIjB4GZWRyyL9ErmIiF6yTD0PAohAbA.jpg","datePublished":"2025-04-24T14:00:33+00:00","dateModified":"2026-03-22T03:50:44+00:00","breadcrumb":{"@id":"https:\/\/www.nb.no\/nettbutikk\/produkt\/notatbok-dorothe-engelbretsdatter-siaelens-sang-offer-1685\/#breadcrumb"},"inLanguage":"nb-NO","potentialAction":[{"@type":"ReadAction","target":["https:\/\/www.nb.no\/nettbutikk\/produkt\/notatbok-dorothe-engelbretsdatter-siaelens-sang-offer-1685\/"]}]},{"@type":"ImageObject","inLanguage":"nb-NO","@id":"https:\/\/www.nb.no\/nettbutikk\/produkt\/notatbok-dorothe-engelbretsdatter-siaelens-sang-offer-1685\/#primaryimage","url":"https:\/\/www.nb.no\/content\/uploads\/sites\/5\/2025\/04\/E6mp-pifWn-U4mniGoxN3v_N_3Ic7pZvNzWXmoSaU_xRcNat4LR8yeLdIjB4GZWRyyL9ErmIiF6yTD0PAohAbA.jpg","contentUrl":"https:\/\/www.nb.no\/content\/uploads\/sites\/5\/2025\/04\/E6mp-pifWn-U4mniGoxN3v_N_3Ic7pZvNzWXmoSaU_xRcNat4LR8yeLdIjB4GZWRyyL9ErmIiF6yTD0PAohAbA.jpg","width":1920,"height":1440,"caption":"Dorothe Engelbretsdatter, Si\u00e6lens Sang-Offer (1685)"},{"@type":"BreadcrumbList","@id":"https:\/\/www.nb.no\/nettbutikk\/produkt\/notatbok-dorothe-engelbretsdatter-siaelens-sang-offer-1685\/#breadcrumb","itemListElement":[{"@type":"ListItem","position":1,"name":"Home","item":"https:\/\/www.nb.no\/nettbutikk\/"},{"@type":"ListItem","position":2,"name":"Butikk","item":"https:\/\/www.nb.no\/nettbutikk\/butikk\/"},{"@type":"ListItem","position":3,"name":"Notatbok: Dorothe Engelbretsdatter, Si\u00e6lens Sang-Offer (1685)"}]},{"@type":"WebSite","@id":"https:\/\/www.nb.no\/nettbutikk\/#website","url":"https:\/\/www.nb.no\/nettbutikk\/","name":"NB Nettbutikk","description":"","potentialAction":[{"@type":"SearchAction","target":{"@type":"EntryPoint","urlTemplate":"https:\/\/www.nb.no\/nettbutikk\/?s={search_term_string}"},"query-input":{"@type":"PropertyValueSpecification","valueRequired":true,"valueName":"search_term_string"}}],"inLanguage":"nb-NO"}]}},"_links":{"self":[{"href":"https:\/\/www.nb.no\/nettbutikk\/wp-json\/wp\/v2\/product\/21724","targetHints":{"allow":["GET"]}}],"collection":[{"href":"https:\/\/www.nb.no\/nettbutikk\/wp-json\/wp\/v2\/product"}],"about":[{"href":"https:\/\/www.nb.no\/nettbutikk\/wp-json\/wp\/v2\/types\/product"}],"wp:featuredmedia":[{"embeddable":true,"href":"https:\/\/www.nb.no\/nettbutikk\/wp-json\/wp\/v2\/media\/21721"}],"wp:attachment":[{"href":"https:\/\/www.nb.no\/nettbutikk\/wp-json\/wp\/v2\/media?parent=21724"}],"wp:term":[{"taxonomy":"product_brand","embeddable":true,"href":"https:\/\/www.nb.no\/nettbutikk\/wp-json\/wp\/v2\/product_brand?post=21724"},{"taxonomy":"product_cat","embeddable":true,"href":"https:\/\/www.nb.no\/nettbutikk\/wp-json\/wp\/v2\/product_cat?post=21724"},{"taxonomy":"product_tag","embeddable":true,"href":"https:\/\/www.nb.no\/nettbutikk\/wp-json\/wp\/v2\/product_tag?post=21724"}],"curies":[{"name":"wp","href":"https:\/\/api.w.org\/{rel}","templated":true}]}}