{"id":21718,"date":"2025-04-24T16:00:31","date_gmt":"2025-04-24T14:00:31","guid":{"rendered":"https:\/\/www.nb.no\/nettbutikk\/produkt\/carta-marina-1572-2\/"},"modified":"2026-04-20T13:56:47","modified_gmt":"2026-04-20T11:56:47","slug":"notatbok-carta-marina-1572","status":"publish","type":"product","link":"https:\/\/www.nb.no\/nettbutikk\/produkt\/notatbok-carta-marina-1572\/","title":{"rendered":"Notatbok: Carta Marina (1572)"},"content":{"rendered":"","protected":false},"excerpt":{"rendered":"<p>Motivet er et utsnitt av \u00abCarta Marina\u00bb, et detaljrikt kart som viser de nordiske landene, Nordsj\u00f8en og \u00d8stersj\u00f8omr\u00e5det. Kartet ble opprinnelig tegnet i 1539 av den svenske presten Olaus Magnus (1490\u20131557) etter at han hadde reist rundt i Norden for \u00e5 kartlegge ressurser, folk og omr\u00e5der. Senere utga han boken <i>De nordiske folkenes historie<\/i>, en bred fremstilling av geografi, levevis og dyreliv i Norden. Boken inneholder forklaringer p\u00e5 det vi ser p\u00e5 kartet, s\u00e5 vel som historier om spektakul\u00e6re sj\u00f8uhyrer og gode r\u00e5d for sj\u00f8farere.<\/p>\n<p>I Nasjonalbibliotekets samling finnes 18 utgaver av boken og en forminsket kopi av kartet, utgitt av den italienske kartografen Antonio Lafreri i 1572.<\/p>\n<p>Denne notatboken er produsert av All Pine Press, og er laget med norsk bokpapir. Notatb\u00f8kene er trykt i Oslo og bundet i Skien.<\/p>\n<p>Design: Smuss Studio<\/p>\n<p>128 linjerte sider<\/p>\n","protected":false},"featured_media":23457,"template":"","meta":{"nb_hide_title":false,"nb_breadcrumb_title_override":""},"product_brand":[],"product_cat":[3025],"product_tag":[3769,3738,3735,3741],"class_list":{"0":"post-21718","1":"product","2":"type-product","3":"status-publish","4":"has-post-thumbnail","6":"product_cat-notatboker","7":"product_tag-1500-tallet","8":"product_tag-carta-marina","9":"product_tag-kart","10":"product_tag-sjomonstre","12":"first","13":"instock","14":"taxable","15":"shipping-taxable","16":"purchasable","17":"product-type-simple"},"yoast_head":"<!-- This site is optimized with the Yoast SEO plugin v27.1.1 - https:\/\/yoast.com\/product\/yoast-seo-wordpress\/ -->\n<title>Notatbok: Carta Marina (1572) - NB Nettbutikk<\/title>\n<meta name=\"robots\" content=\"index, follow, max-snippet:-1, max-image-preview:large, max-video-preview:-1\" \/>\n<link rel=\"canonical\" href=\"https:\/\/www.nb.no\/nettbutikk\/produkt\/notatbok-carta-marina-1572\/\" \/>\n<meta property=\"og:locale\" content=\"nb_NO\" \/>\n<meta property=\"og:type\" content=\"article\" \/>\n<meta property=\"og:title\" content=\"Notatbok: Carta Marina (1572) - NB Nettbutikk\" \/>\n<meta property=\"og:description\" content=\"Motivet er et utsnitt av \u00abCarta Marina\u00bb, et detaljrikt kart som viser de nordiske landene, Nordsj\u00f8en og \u00d8stersj\u00f8omr\u00e5det. Kartet ble opprinnelig tegnet i 1539 av den svenske presten Olaus Magnus (1490\u20131557) etter at han hadde reist rundt i Norden for \u00e5 kartlegge ressurser, folk og omr\u00e5der. Senere utga han boken De nordiske folkenes historie, en bred fremstilling av geografi, levevis og dyreliv i Norden. Boken inneholder forklaringer p\u00e5 det vi ser p\u00e5 kartet, s\u00e5 vel som historier om spektakul\u00e6re sj\u00f8uhyrer og gode r\u00e5d for sj\u00f8farere.  I Nasjonalbibliotekets samling finnes 18 utgaver av boken og en forminsket kopi av kartet, utgitt av den italienske kartografen Antonio Lafreri i 1572.  Denne notatboken er produsert av All Pine Press, og er laget med norsk bokpapir. Notatb\u00f8kene er trykt i Oslo og bundet i Skien.  Design: Smuss Studio  128 linjerte sider\" \/>\n<meta property=\"og:url\" content=\"https:\/\/www.nb.no\/nettbutikk\/produkt\/notatbok-carta-marina-1572\/\" \/>\n<meta property=\"og:site_name\" content=\"NB Nettbutikk\" \/>\n<meta property=\"article:modified_time\" content=\"2026-04-20T11:56:47+00:00\" \/>\n<meta property=\"og:image\" content=\"https:\/\/www.nb.no\/content\/uploads\/sites\/5\/2025\/04\/nb.15-low.res_.jpg\" \/>\n\t<meta property=\"og:image:width\" content=\"1280\" \/>\n\t<meta property=\"og:image:height\" content=\"1920\" \/>\n\t<meta property=\"og:image:type\" content=\"image\/jpeg\" \/>\n<meta name=\"twitter:card\" content=\"summary_large_image\" \/>\n<meta name=\"twitter:label1\" content=\"Ansl. lesetid\" \/>\n\t<meta name=\"twitter:data1\" content=\"1 minutt\" \/>\n<script type=\"application\/ld+json\" class=\"yoast-schema-graph\">{\"@context\":\"https:\/\/schema.org\",\"@graph\":[{\"@type\":\"WebPage\",\"@id\":\"https:\/\/www.nb.no\/nettbutikk\/produkt\/notatbok-carta-marina-1572\/\",\"url\":\"https:\/\/www.nb.no\/nettbutikk\/produkt\/notatbok-carta-marina-1572\/\",\"name\":\"Notatbok: Carta Marina (1572) - NB Nettbutikk\",\"isPartOf\":{\"@id\":\"https:\/\/www.nb.no\/nettbutikk\/#website\"},\"primaryImageOfPage\":{\"@id\":\"https:\/\/www.nb.no\/nettbutikk\/produkt\/notatbok-carta-marina-1572\/#primaryimage\"},\"image\":{\"@id\":\"https:\/\/www.nb.no\/nettbutikk\/produkt\/notatbok-carta-marina-1572\/#primaryimage\"},\"thumbnailUrl\":\"https:\/\/www.nb.no\/content\/uploads\/sites\/5\/2025\/04\/nb.15-low.res_.jpg\",\"datePublished\":\"2025-04-24T14:00:31+00:00\",\"dateModified\":\"2026-04-20T11:56:47+00:00\",\"breadcrumb\":{\"@id\":\"https:\/\/www.nb.no\/nettbutikk\/produkt\/notatbok-carta-marina-1572\/#breadcrumb\"},\"inLanguage\":\"nb-NO\",\"potentialAction\":[{\"@type\":\"ReadAction\",\"target\":[\"https:\/\/www.nb.no\/nettbutikk\/produkt\/notatbok-carta-marina-1572\/\"]}]},{\"@type\":\"ImageObject\",\"inLanguage\":\"nb-NO\",\"@id\":\"https:\/\/www.nb.no\/nettbutikk\/produkt\/notatbok-carta-marina-1572\/#primaryimage\",\"url\":\"https:\/\/www.nb.no\/content\/uploads\/sites\/5\/2025\/04\/nb.15-low.res_.jpg\",\"contentUrl\":\"https:\/\/www.nb.no\/content\/uploads\/sites\/5\/2025\/04\/nb.15-low.res_.jpg\",\"width\":1280,\"height\":1920},{\"@type\":\"BreadcrumbList\",\"@id\":\"https:\/\/www.nb.no\/nettbutikk\/produkt\/notatbok-carta-marina-1572\/#breadcrumb\",\"itemListElement\":[{\"@type\":\"ListItem\",\"position\":1,\"name\":\"Home\",\"item\":\"https:\/\/www.nb.no\/nettbutikk\/\"},{\"@type\":\"ListItem\",\"position\":2,\"name\":\"Butikk\",\"item\":\"https:\/\/www.nb.no\/nettbutikk\/butikk\/\"},{\"@type\":\"ListItem\",\"position\":3,\"name\":\"Notatbok: Carta Marina (1572)\"}]},{\"@type\":\"WebSite\",\"@id\":\"https:\/\/www.nb.no\/nettbutikk\/#website\",\"url\":\"https:\/\/www.nb.no\/nettbutikk\/\",\"name\":\"NB Nettbutikk\",\"description\":\"\",\"potentialAction\":[{\"@type\":\"SearchAction\",\"target\":{\"@type\":\"EntryPoint\",\"urlTemplate\":\"https:\/\/www.nb.no\/nettbutikk\/?s={search_term_string}\"},\"query-input\":{\"@type\":\"PropertyValueSpecification\",\"valueRequired\":true,\"valueName\":\"search_term_string\"}}],\"inLanguage\":\"nb-NO\"}]}<\/script>\n<!-- \/ Yoast SEO plugin. -->","yoast_head_json":{"title":"Notatbok: Carta Marina (1572) - NB Nettbutikk","robots":{"index":"index","follow":"follow","max-snippet":"max-snippet:-1","max-image-preview":"max-image-preview:large","max-video-preview":"max-video-preview:-1"},"canonical":"https:\/\/www.nb.no\/nettbutikk\/produkt\/notatbok-carta-marina-1572\/","og_locale":"nb_NO","og_type":"article","og_title":"Notatbok: Carta Marina (1572) - NB Nettbutikk","og_description":"Motivet er et utsnitt av \u00abCarta Marina\u00bb, et detaljrikt kart som viser de nordiske landene, Nordsj\u00f8en og \u00d8stersj\u00f8omr\u00e5det. Kartet ble opprinnelig tegnet i 1539 av den svenske presten Olaus Magnus (1490\u20131557) etter at han hadde reist rundt i Norden for \u00e5 kartlegge ressurser, folk og omr\u00e5der. Senere utga han boken De nordiske folkenes historie, en bred fremstilling av geografi, levevis og dyreliv i Norden. Boken inneholder forklaringer p\u00e5 det vi ser p\u00e5 kartet, s\u00e5 vel som historier om spektakul\u00e6re sj\u00f8uhyrer og gode r\u00e5d for sj\u00f8farere.  I Nasjonalbibliotekets samling finnes 18 utgaver av boken og en forminsket kopi av kartet, utgitt av den italienske kartografen Antonio Lafreri i 1572.  Denne notatboken er produsert av All Pine Press, og er laget med norsk bokpapir. Notatb\u00f8kene er trykt i Oslo og bundet i Skien.  Design: Smuss Studio  128 linjerte sider","og_url":"https:\/\/www.nb.no\/nettbutikk\/produkt\/notatbok-carta-marina-1572\/","og_site_name":"NB Nettbutikk","article_modified_time":"2026-04-20T11:56:47+00:00","og_image":[{"width":1280,"height":1920,"url":"https:\/\/www.nb.no\/content\/uploads\/sites\/5\/2025\/04\/nb.15-low.res_.jpg","type":"image\/jpeg"}],"twitter_card":"summary_large_image","twitter_misc":{"Ansl. lesetid":"1 minutt"},"schema":{"@context":"https:\/\/schema.org","@graph":[{"@type":"WebPage","@id":"https:\/\/www.nb.no\/nettbutikk\/produkt\/notatbok-carta-marina-1572\/","url":"https:\/\/www.nb.no\/nettbutikk\/produkt\/notatbok-carta-marina-1572\/","name":"Notatbok: Carta Marina (1572) - NB Nettbutikk","isPartOf":{"@id":"https:\/\/www.nb.no\/nettbutikk\/#website"},"primaryImageOfPage":{"@id":"https:\/\/www.nb.no\/nettbutikk\/produkt\/notatbok-carta-marina-1572\/#primaryimage"},"image":{"@id":"https:\/\/www.nb.no\/nettbutikk\/produkt\/notatbok-carta-marina-1572\/#primaryimage"},"thumbnailUrl":"https:\/\/www.nb.no\/content\/uploads\/sites\/5\/2025\/04\/nb.15-low.res_.jpg","datePublished":"2025-04-24T14:00:31+00:00","dateModified":"2026-04-20T11:56:47+00:00","breadcrumb":{"@id":"https:\/\/www.nb.no\/nettbutikk\/produkt\/notatbok-carta-marina-1572\/#breadcrumb"},"inLanguage":"nb-NO","potentialAction":[{"@type":"ReadAction","target":["https:\/\/www.nb.no\/nettbutikk\/produkt\/notatbok-carta-marina-1572\/"]}]},{"@type":"ImageObject","inLanguage":"nb-NO","@id":"https:\/\/www.nb.no\/nettbutikk\/produkt\/notatbok-carta-marina-1572\/#primaryimage","url":"https:\/\/www.nb.no\/content\/uploads\/sites\/5\/2025\/04\/nb.15-low.res_.jpg","contentUrl":"https:\/\/www.nb.no\/content\/uploads\/sites\/5\/2025\/04\/nb.15-low.res_.jpg","width":1280,"height":1920},{"@type":"BreadcrumbList","@id":"https:\/\/www.nb.no\/nettbutikk\/produkt\/notatbok-carta-marina-1572\/#breadcrumb","itemListElement":[{"@type":"ListItem","position":1,"name":"Home","item":"https:\/\/www.nb.no\/nettbutikk\/"},{"@type":"ListItem","position":2,"name":"Butikk","item":"https:\/\/www.nb.no\/nettbutikk\/butikk\/"},{"@type":"ListItem","position":3,"name":"Notatbok: Carta Marina (1572)"}]},{"@type":"WebSite","@id":"https:\/\/www.nb.no\/nettbutikk\/#website","url":"https:\/\/www.nb.no\/nettbutikk\/","name":"NB Nettbutikk","description":"","potentialAction":[{"@type":"SearchAction","target":{"@type":"EntryPoint","urlTemplate":"https:\/\/www.nb.no\/nettbutikk\/?s={search_term_string}"},"query-input":{"@type":"PropertyValueSpecification","valueRequired":true,"valueName":"search_term_string"}}],"inLanguage":"nb-NO"}]}},"_links":{"self":[{"href":"https:\/\/www.nb.no\/nettbutikk\/wp-json\/wp\/v2\/product\/21718","targetHints":{"allow":["GET"]}}],"collection":[{"href":"https:\/\/www.nb.no\/nettbutikk\/wp-json\/wp\/v2\/product"}],"about":[{"href":"https:\/\/www.nb.no\/nettbutikk\/wp-json\/wp\/v2\/types\/product"}],"wp:featuredmedia":[{"embeddable":true,"href":"https:\/\/www.nb.no\/nettbutikk\/wp-json\/wp\/v2\/media\/23457"}],"wp:attachment":[{"href":"https:\/\/www.nb.no\/nettbutikk\/wp-json\/wp\/v2\/media?parent=21718"}],"wp:term":[{"taxonomy":"product_brand","embeddable":true,"href":"https:\/\/www.nb.no\/nettbutikk\/wp-json\/wp\/v2\/product_brand?post=21718"},{"taxonomy":"product_cat","embeddable":true,"href":"https:\/\/www.nb.no\/nettbutikk\/wp-json\/wp\/v2\/product_cat?post=21718"},{"taxonomy":"product_tag","embeddable":true,"href":"https:\/\/www.nb.no\/nettbutikk\/wp-json\/wp\/v2\/product_tag?post=21718"}],"curies":[{"name":"wp","href":"https:\/\/api.w.org\/{rel}","templated":true}]}}