{"id":21585,"date":"2025-04-24T16:00:38","date_gmt":"2025-04-24T14:00:38","guid":{"rendered":"https:\/\/www.nb.no\/nettbutikk\/produkt\/skaping\/"},"modified":"2026-05-06T06:16:39","modified_gmt":"2026-05-06T04:16:39","slug":"skaping-norsk","status":"publish","type":"product","link":"https:\/\/www.nb.no\/nettbutikk\/produkt\/skaping-norsk\/","title":{"rendered":"Skaping (norsk)"},"content":{"rendered":"","protected":false},"excerpt":{"rendered":"<p><b>\u00abKva tenkjer vi p\u00e5 n\u00e5r vi seier \u02bbskaping\u02bc?\u00bb<\/b><\/p>\n<p>Med dette sp\u00f8rsm\u00e5let startar Jean-Luc Marion ei utforsking av korleis omgrepet har blitt smidd til gjennom den metafysiske historia, og korleis dette p\u00e5verkar synet v\u00e5rt p\u00e5 skaparkraft i dag. Kjem kunsten fr\u00e5 kunstnaren sj\u00f8lv eller fr\u00e5 ein annan stad? \u00abDet var noko som skreiv i meg\u00bb, har Jon Fosse sagt om eiga skriving. Kva er dette \u00abnoko\u00bb?<\/p>\n<p>Marion ser p\u00e5 skapinga fr\u00e5 ein bibelsk st\u00e5stad: ikkje som produksjon, men som godleik, g\u00e5ve og kj\u00e6rleik. Dette gir oss eit nytt paradigme der kunstnarleg skaping er ein syns- og lyttem\u00e5te: \u00abKunstnaren lukkast berre i \u00e5 n\u00e5 fram til det fullf\u00f8rte verket sitt ved \u00e5 ikkje finne opp noko.\u00bb<\/p>\n<p>Denne boka er den skriftlege utg\u00e5va av Fosseforedraget 2025. Jean-Luc Marions <i>Skaping<\/i> er det fyrste bidraget i ei planlagd rekkje med foredrag om litteratur og kunst \u2013 ei satsing til \u00e6re for den fjerde norske nobelprisvinnaren i litteratur.<\/p>\n","protected":false},"featured_media":21582,"template":"","meta":{"nb_hide_title":false,"nb_breadcrumb_title_override":""},"product_brand":[],"product_cat":[3472],"product_tag":[3703,3719],"class_list":{"0":"post-21585","1":"product","2":"type-product","3":"status-publish","4":"has-post-thumbnail","6":"product_cat-fosseforedraget","7":"product_tag-fosse","8":"product_tag-fosseforedraget","10":"first","11":"instock","12":"shipping-taxable","13":"purchasable","14":"product-type-simple"},"yoast_head":"<!-- This site is optimized with the Yoast SEO plugin v27.1.1 - https:\/\/yoast.com\/product\/yoast-seo-wordpress\/ -->\n<title>Skaping (norsk) - NB Nettbutikk<\/title>\n<meta name=\"robots\" content=\"index, follow, max-snippet:-1, max-image-preview:large, max-video-preview:-1\" \/>\n<link rel=\"canonical\" href=\"https:\/\/www.nb.no\/nettbutikk\/produkt\/skaping-norsk\/\" \/>\n<meta property=\"og:locale\" content=\"nb_NO\" \/>\n<meta property=\"og:type\" content=\"article\" \/>\n<meta property=\"og:title\" content=\"Skaping (norsk) - NB Nettbutikk\" \/>\n<meta property=\"og:description\" content=\"\u00abKva tenkjer vi p\u00e5 n\u00e5r vi seier \u02bbskaping\u02bc?\u00bb Med dette sp\u00f8rsm\u00e5let startar Jean-Luc Marion ei utforsking av korleis omgrepet har blitt smidd til gjennom den metafysiske historia, og korleis dette p\u00e5verkar synet v\u00e5rt p\u00e5 skaparkraft i dag. Kjem kunsten fr\u00e5 kunstnaren sj\u00f8lv eller fr\u00e5 ein annan stad? \u00abDet var noko som skreiv i meg\u00bb, har Jon Fosse sagt om eiga skriving. Kva er dette \u00abnoko\u00bb? Marion ser p\u00e5 skapinga fr\u00e5 ein bibelsk st\u00e5stad: ikkje som produksjon, men som godleik, g\u00e5ve og kj\u00e6rleik. Dette gir oss eit nytt paradigme der kunstnarleg skaping er ein syns- og lyttem\u00e5te: \u00abKunstnaren lukkast berre i \u00e5 n\u00e5 fram til det fullf\u00f8rte verket sitt ved \u00e5 ikkje finne opp noko.\u00bb Denne boka er den skriftlege utg\u00e5va av Fosseforedraget 2025. Jean-Luc Marions Skaping er det fyrste bidraget i ei planlagd rekkje med foredrag om litteratur og kunst \u2013 ei satsing til \u00e6re for den fjerde norske nobelprisvinnaren i litteratur.\" \/>\n<meta property=\"og:url\" content=\"https:\/\/www.nb.no\/nettbutikk\/produkt\/skaping-norsk\/\" \/>\n<meta property=\"og:site_name\" content=\"NB Nettbutikk\" \/>\n<meta property=\"article:modified_time\" content=\"2026-05-06T04:16:39+00:00\" \/>\n<meta property=\"og:image\" content=\"https:\/\/www.nb.no\/content\/uploads\/sites\/5\/2025\/04\/E6mp-pifWn-U4mniGoxN3v_N_3Ic7pZvNzWXmtebA6wEItb-tuIsy7TfIzEvFJ3AnHmrFejZ3g-zHm1SAohAbA.jpg\" \/>\n\t<meta property=\"og:image:width\" content=\"1382\" \/>\n\t<meta property=\"og:image:height\" content=\"2237\" \/>\n\t<meta property=\"og:image:type\" content=\"image\/jpeg\" \/>\n<meta name=\"twitter:card\" content=\"summary_large_image\" \/>\n<meta name=\"twitter:label1\" content=\"Ansl. lesetid\" \/>\n\t<meta name=\"twitter:data1\" content=\"1 minutt\" \/>\n<script type=\"application\/ld+json\" class=\"yoast-schema-graph\">{\"@context\":\"https:\/\/schema.org\",\"@graph\":[{\"@type\":\"WebPage\",\"@id\":\"https:\/\/www.nb.no\/nettbutikk\/produkt\/skaping-norsk\/\",\"url\":\"https:\/\/www.nb.no\/nettbutikk\/produkt\/skaping-norsk\/\",\"name\":\"Skaping (norsk) - NB Nettbutikk\",\"isPartOf\":{\"@id\":\"https:\/\/www.nb.no\/nettbutikk\/#website\"},\"primaryImageOfPage\":{\"@id\":\"https:\/\/www.nb.no\/nettbutikk\/produkt\/skaping-norsk\/#primaryimage\"},\"image\":{\"@id\":\"https:\/\/www.nb.no\/nettbutikk\/produkt\/skaping-norsk\/#primaryimage\"},\"thumbnailUrl\":\"https:\/\/www.nb.no\/content\/uploads\/sites\/5\/2025\/04\/E6mp-pifWn-U4mniGoxN3v_N_3Ic7pZvNzWXmtebA6wEItb-tuIsy7TfIzEvFJ3AnHmrFejZ3g-zHm1SAohAbA.jpg\",\"datePublished\":\"2025-04-24T14:00:38+00:00\",\"dateModified\":\"2026-05-06T04:16:39+00:00\",\"breadcrumb\":{\"@id\":\"https:\/\/www.nb.no\/nettbutikk\/produkt\/skaping-norsk\/#breadcrumb\"},\"inLanguage\":\"nb-NO\",\"potentialAction\":[{\"@type\":\"ReadAction\",\"target\":[\"https:\/\/www.nb.no\/nettbutikk\/produkt\/skaping-norsk\/\"]}]},{\"@type\":\"ImageObject\",\"inLanguage\":\"nb-NO\",\"@id\":\"https:\/\/www.nb.no\/nettbutikk\/produkt\/skaping-norsk\/#primaryimage\",\"url\":\"https:\/\/www.nb.no\/content\/uploads\/sites\/5\/2025\/04\/E6mp-pifWn-U4mniGoxN3v_N_3Ic7pZvNzWXmtebA6wEItb-tuIsy7TfIzEvFJ3AnHmrFejZ3g-zHm1SAohAbA.jpg\",\"contentUrl\":\"https:\/\/www.nb.no\/content\/uploads\/sites\/5\/2025\/04\/E6mp-pifWn-U4mniGoxN3v_N_3Ic7pZvNzWXmtebA6wEItb-tuIsy7TfIzEvFJ3AnHmrFejZ3g-zHm1SAohAbA.jpg\",\"width\":1382,\"height\":2237,\"caption\":\"Skaping\"},{\"@type\":\"BreadcrumbList\",\"@id\":\"https:\/\/www.nb.no\/nettbutikk\/produkt\/skaping-norsk\/#breadcrumb\",\"itemListElement\":[{\"@type\":\"ListItem\",\"position\":1,\"name\":\"Home\",\"item\":\"https:\/\/www.nb.no\/nettbutikk\/\"},{\"@type\":\"ListItem\",\"position\":2,\"name\":\"Butikk\",\"item\":\"https:\/\/www.nb.no\/nettbutikk\/butikk\/\"},{\"@type\":\"ListItem\",\"position\":3,\"name\":\"Skaping (norsk)\"}]},{\"@type\":\"WebSite\",\"@id\":\"https:\/\/www.nb.no\/nettbutikk\/#website\",\"url\":\"https:\/\/www.nb.no\/nettbutikk\/\",\"name\":\"NB Nettbutikk\",\"description\":\"\",\"potentialAction\":[{\"@type\":\"SearchAction\",\"target\":{\"@type\":\"EntryPoint\",\"urlTemplate\":\"https:\/\/www.nb.no\/nettbutikk\/?s={search_term_string}\"},\"query-input\":{\"@type\":\"PropertyValueSpecification\",\"valueRequired\":true,\"valueName\":\"search_term_string\"}}],\"inLanguage\":\"nb-NO\"}]}<\/script>\n<!-- \/ Yoast SEO plugin. -->","yoast_head_json":{"title":"Skaping (norsk) - NB Nettbutikk","robots":{"index":"index","follow":"follow","max-snippet":"max-snippet:-1","max-image-preview":"max-image-preview:large","max-video-preview":"max-video-preview:-1"},"canonical":"https:\/\/www.nb.no\/nettbutikk\/produkt\/skaping-norsk\/","og_locale":"nb_NO","og_type":"article","og_title":"Skaping (norsk) - NB Nettbutikk","og_description":"\u00abKva tenkjer vi p\u00e5 n\u00e5r vi seier \u02bbskaping\u02bc?\u00bb Med dette sp\u00f8rsm\u00e5let startar Jean-Luc Marion ei utforsking av korleis omgrepet har blitt smidd til gjennom den metafysiske historia, og korleis dette p\u00e5verkar synet v\u00e5rt p\u00e5 skaparkraft i dag. Kjem kunsten fr\u00e5 kunstnaren sj\u00f8lv eller fr\u00e5 ein annan stad? \u00abDet var noko som skreiv i meg\u00bb, har Jon Fosse sagt om eiga skriving. Kva er dette \u00abnoko\u00bb? Marion ser p\u00e5 skapinga fr\u00e5 ein bibelsk st\u00e5stad: ikkje som produksjon, men som godleik, g\u00e5ve og kj\u00e6rleik. Dette gir oss eit nytt paradigme der kunstnarleg skaping er ein syns- og lyttem\u00e5te: \u00abKunstnaren lukkast berre i \u00e5 n\u00e5 fram til det fullf\u00f8rte verket sitt ved \u00e5 ikkje finne opp noko.\u00bb Denne boka er den skriftlege utg\u00e5va av Fosseforedraget 2025. Jean-Luc Marions Skaping er det fyrste bidraget i ei planlagd rekkje med foredrag om litteratur og kunst \u2013 ei satsing til \u00e6re for den fjerde norske nobelprisvinnaren i litteratur.","og_url":"https:\/\/www.nb.no\/nettbutikk\/produkt\/skaping-norsk\/","og_site_name":"NB Nettbutikk","article_modified_time":"2026-05-06T04:16:39+00:00","og_image":[{"width":1382,"height":2237,"url":"https:\/\/www.nb.no\/content\/uploads\/sites\/5\/2025\/04\/E6mp-pifWn-U4mniGoxN3v_N_3Ic7pZvNzWXmtebA6wEItb-tuIsy7TfIzEvFJ3AnHmrFejZ3g-zHm1SAohAbA.jpg","type":"image\/jpeg"}],"twitter_card":"summary_large_image","twitter_misc":{"Ansl. lesetid":"1 minutt"},"schema":{"@context":"https:\/\/schema.org","@graph":[{"@type":"WebPage","@id":"https:\/\/www.nb.no\/nettbutikk\/produkt\/skaping-norsk\/","url":"https:\/\/www.nb.no\/nettbutikk\/produkt\/skaping-norsk\/","name":"Skaping (norsk) - NB Nettbutikk","isPartOf":{"@id":"https:\/\/www.nb.no\/nettbutikk\/#website"},"primaryImageOfPage":{"@id":"https:\/\/www.nb.no\/nettbutikk\/produkt\/skaping-norsk\/#primaryimage"},"image":{"@id":"https:\/\/www.nb.no\/nettbutikk\/produkt\/skaping-norsk\/#primaryimage"},"thumbnailUrl":"https:\/\/www.nb.no\/content\/uploads\/sites\/5\/2025\/04\/E6mp-pifWn-U4mniGoxN3v_N_3Ic7pZvNzWXmtebA6wEItb-tuIsy7TfIzEvFJ3AnHmrFejZ3g-zHm1SAohAbA.jpg","datePublished":"2025-04-24T14:00:38+00:00","dateModified":"2026-05-06T04:16:39+00:00","breadcrumb":{"@id":"https:\/\/www.nb.no\/nettbutikk\/produkt\/skaping-norsk\/#breadcrumb"},"inLanguage":"nb-NO","potentialAction":[{"@type":"ReadAction","target":["https:\/\/www.nb.no\/nettbutikk\/produkt\/skaping-norsk\/"]}]},{"@type":"ImageObject","inLanguage":"nb-NO","@id":"https:\/\/www.nb.no\/nettbutikk\/produkt\/skaping-norsk\/#primaryimage","url":"https:\/\/www.nb.no\/content\/uploads\/sites\/5\/2025\/04\/E6mp-pifWn-U4mniGoxN3v_N_3Ic7pZvNzWXmtebA6wEItb-tuIsy7TfIzEvFJ3AnHmrFejZ3g-zHm1SAohAbA.jpg","contentUrl":"https:\/\/www.nb.no\/content\/uploads\/sites\/5\/2025\/04\/E6mp-pifWn-U4mniGoxN3v_N_3Ic7pZvNzWXmtebA6wEItb-tuIsy7TfIzEvFJ3AnHmrFejZ3g-zHm1SAohAbA.jpg","width":1382,"height":2237,"caption":"Skaping"},{"@type":"BreadcrumbList","@id":"https:\/\/www.nb.no\/nettbutikk\/produkt\/skaping-norsk\/#breadcrumb","itemListElement":[{"@type":"ListItem","position":1,"name":"Home","item":"https:\/\/www.nb.no\/nettbutikk\/"},{"@type":"ListItem","position":2,"name":"Butikk","item":"https:\/\/www.nb.no\/nettbutikk\/butikk\/"},{"@type":"ListItem","position":3,"name":"Skaping (norsk)"}]},{"@type":"WebSite","@id":"https:\/\/www.nb.no\/nettbutikk\/#website","url":"https:\/\/www.nb.no\/nettbutikk\/","name":"NB Nettbutikk","description":"","potentialAction":[{"@type":"SearchAction","target":{"@type":"EntryPoint","urlTemplate":"https:\/\/www.nb.no\/nettbutikk\/?s={search_term_string}"},"query-input":{"@type":"PropertyValueSpecification","valueRequired":true,"valueName":"search_term_string"}}],"inLanguage":"nb-NO"}]}},"_links":{"self":[{"href":"https:\/\/www.nb.no\/nettbutikk\/wp-json\/wp\/v2\/product\/21585","targetHints":{"allow":["GET"]}}],"collection":[{"href":"https:\/\/www.nb.no\/nettbutikk\/wp-json\/wp\/v2\/product"}],"about":[{"href":"https:\/\/www.nb.no\/nettbutikk\/wp-json\/wp\/v2\/types\/product"}],"wp:featuredmedia":[{"embeddable":true,"href":"https:\/\/www.nb.no\/nettbutikk\/wp-json\/wp\/v2\/media\/21582"}],"wp:attachment":[{"href":"https:\/\/www.nb.no\/nettbutikk\/wp-json\/wp\/v2\/media?parent=21585"}],"wp:term":[{"taxonomy":"product_brand","embeddable":true,"href":"https:\/\/www.nb.no\/nettbutikk\/wp-json\/wp\/v2\/product_brand?post=21585"},{"taxonomy":"product_cat","embeddable":true,"href":"https:\/\/www.nb.no\/nettbutikk\/wp-json\/wp\/v2\/product_cat?post=21585"},{"taxonomy":"product_tag","embeddable":true,"href":"https:\/\/www.nb.no\/nettbutikk\/wp-json\/wp\/v2\/product_tag?post=21585"}],"curies":[{"name":"wp","href":"https:\/\/api.w.org\/{rel}","templated":true}]}}