{"id":21433,"date":"2025-02-07T14:00:30","date_gmt":"2025-02-07T13:00:30","guid":{"rendered":"https:\/\/www.nb.no\/nettbutikk\/produkt\/the-hermeneutics-of-bibliographic-data-and-cultural-metadata\/"},"modified":"2026-04-15T08:20:29","modified_gmt":"2026-04-15T06:20:29","slug":"the-hermeneutics-of-bibliographic-data-and-cultural-metadata","status":"publish","type":"product","link":"https:\/\/www.nb.no\/nettbutikk\/produkt\/the-hermeneutics-of-bibliographic-data-and-cultural-metadata\/","title":{"rendered":"The Hermeneutics of Bibliographic Data and Cultural Metadata"},"content":{"rendered":"","protected":false},"excerpt":{"rendered":"<p><a href=\"https:\/\/issuu.com\/nasjonalbiblioteket\/docs\/the_hermeneutics_of_bibliographic_data_and_cultura\">Boka kan leses p\u00e5 nett her<\/a><\/p>\n<p>Bind 19 i Nota bene-serien presenterer ny forskning som unders\u00f8ker skj\u00e6ringspunktet mellom bibliografi, metadataproduksjon og biblioteksystemer p\u00e5 den ene siden og bruk av digitale verkt\u00f8y og metoder i forskning p\u00e5 den andre siden.<\/p>\n<p>\u2013<\/p>\n<p>Computational tools and the digital revolution propelled by the invention of the World Wide Web pervade every aspect of human existence, including the work life of researchers, scientists, and staff at research libraries. The development of library systems over the last hundred years has been heavily influenced by the advent of information and computer science. Bibliographical work and metadata registry as a core activity in libraries are permeated with computation, and this development opens new avenues for digital approaches and data-driven research. <\/p>\n<p>This book presents a wide variety of approaches that explore the intersection between two very diverse fields of practice, bibliography and the production of library metadata on the one hand, and the use of computation in the humanities and social sciences on the other.<\/p>\n","protected":false},"featured_media":21430,"template":"","meta":{"nb_hide_title":false,"nb_breadcrumb_title_override":""},"product_brand":[],"product_cat":[199],"product_tag":[3827],"class_list":{"0":"post-21433","1":"product","2":"type-product","3":"status-publish","4":"has-post-thumbnail","6":"product_cat-notabene","7":"product_tag-engelsk","9":"first","10":"instock","11":"shipping-taxable","12":"purchasable","13":"product-type-simple"},"yoast_head":"<!-- This site is optimized with the Yoast SEO plugin v27.1.1 - https:\/\/yoast.com\/product\/yoast-seo-wordpress\/ -->\n<title>The Hermeneutics of Bibliographic Data and Cultural Metadata - NB Nettbutikk<\/title>\n<meta name=\"robots\" content=\"index, follow, max-snippet:-1, max-image-preview:large, max-video-preview:-1\" \/>\n<link rel=\"canonical\" href=\"https:\/\/www.nb.no\/nettbutikk\/produkt\/the-hermeneutics-of-bibliographic-data-and-cultural-metadata\/\" \/>\n<meta property=\"og:locale\" content=\"nb_NO\" \/>\n<meta property=\"og:type\" content=\"article\" \/>\n<meta property=\"og:title\" content=\"The Hermeneutics of Bibliographic Data and Cultural Metadata - NB Nettbutikk\" \/>\n<meta property=\"og:description\" content=\"Boka kan leses p\u00e5 nett her Bind 19 i Nota bene-serien presenterer ny forskning som unders\u00f8ker skj\u00e6ringspunktet mellom bibliografi, metadataproduksjon og biblioteksystemer p\u00e5 den ene siden og bruk av digitale verkt\u00f8y og metoder i forskning p\u00e5 den andre siden. \u2013 Computational tools and the digital revolution propelled by the invention of the World Wide Web pervade every aspect of human existence, including the work life of researchers, scientists, and staff at research libraries. The development of library systems over the last hundred years has been heavily influenced by the advent of information and computer science. Bibliographical work and metadata registry as a core activity in libraries are permeated with computation, and this development opens new avenues for digital approaches and data-driven research.  This book presents a wide variety of approaches that explore the intersection between two very diverse fields of practice, bibliography and the production of library metadata on the one hand, and the use of computation in the humanities and social sciences on the other.\" \/>\n<meta property=\"og:url\" content=\"https:\/\/www.nb.no\/nettbutikk\/produkt\/the-hermeneutics-of-bibliographic-data-and-cultural-metadata\/\" \/>\n<meta property=\"og:site_name\" content=\"NB Nettbutikk\" \/>\n<meta property=\"article:modified_time\" content=\"2026-04-15T06:20:29+00:00\" \/>\n<meta property=\"og:image\" content=\"https:\/\/www.nb.no\/content\/uploads\/sites\/5\/2025\/02\/E6mp-pifWn-U4mniGoxN3v_N_3Ic7pZvNzWXmoObAalQdI37t7YsyebZJzV3FcaRkC34QruLiwy3TmkLAohAbA-scaled.jpg\" \/>\n\t<meta property=\"og:image:width\" content=\"1862\" \/>\n\t<meta property=\"og:image:height\" content=\"2560\" \/>\n\t<meta property=\"og:image:type\" content=\"image\/jpeg\" \/>\n<meta name=\"twitter:card\" content=\"summary_large_image\" \/>\n<meta name=\"twitter:label1\" content=\"Ansl. lesetid\" \/>\n\t<meta name=\"twitter:data1\" content=\"1 minutt\" \/>\n<script type=\"application\/ld+json\" class=\"yoast-schema-graph\">{\"@context\":\"https:\/\/schema.org\",\"@graph\":[{\"@type\":\"WebPage\",\"@id\":\"https:\/\/www.nb.no\/nettbutikk\/produkt\/the-hermeneutics-of-bibliographic-data-and-cultural-metadata\/\",\"url\":\"https:\/\/www.nb.no\/nettbutikk\/produkt\/the-hermeneutics-of-bibliographic-data-and-cultural-metadata\/\",\"name\":\"The Hermeneutics of Bibliographic Data and Cultural Metadata - NB Nettbutikk\",\"isPartOf\":{\"@id\":\"https:\/\/www.nb.no\/nettbutikk\/#website\"},\"primaryImageOfPage\":{\"@id\":\"https:\/\/www.nb.no\/nettbutikk\/produkt\/the-hermeneutics-of-bibliographic-data-and-cultural-metadata\/#primaryimage\"},\"image\":{\"@id\":\"https:\/\/www.nb.no\/nettbutikk\/produkt\/the-hermeneutics-of-bibliographic-data-and-cultural-metadata\/#primaryimage\"},\"thumbnailUrl\":\"https:\/\/www.nb.no\/content\/uploads\/sites\/5\/2025\/02\/E6mp-pifWn-U4mniGoxN3v_N_3Ic7pZvNzWXmoObAalQdI37t7YsyebZJzV3FcaRkC34QruLiwy3TmkLAohAbA-scaled.jpg\",\"datePublished\":\"2025-02-07T13:00:30+00:00\",\"dateModified\":\"2026-04-15T06:20:29+00:00\",\"breadcrumb\":{\"@id\":\"https:\/\/www.nb.no\/nettbutikk\/produkt\/the-hermeneutics-of-bibliographic-data-and-cultural-metadata\/#breadcrumb\"},\"inLanguage\":\"nb-NO\",\"potentialAction\":[{\"@type\":\"ReadAction\",\"target\":[\"https:\/\/www.nb.no\/nettbutikk\/produkt\/the-hermeneutics-of-bibliographic-data-and-cultural-metadata\/\"]}]},{\"@type\":\"ImageObject\",\"inLanguage\":\"nb-NO\",\"@id\":\"https:\/\/www.nb.no\/nettbutikk\/produkt\/the-hermeneutics-of-bibliographic-data-and-cultural-metadata\/#primaryimage\",\"url\":\"https:\/\/www.nb.no\/content\/uploads\/sites\/5\/2025\/02\/E6mp-pifWn-U4mniGoxN3v_N_3Ic7pZvNzWXmoObAalQdI37t7YsyebZJzV3FcaRkC34QruLiwy3TmkLAohAbA-scaled.jpg\",\"contentUrl\":\"https:\/\/www.nb.no\/content\/uploads\/sites\/5\/2025\/02\/E6mp-pifWn-U4mniGoxN3v_N_3Ic7pZvNzWXmoObAalQdI37t7YsyebZJzV3FcaRkC34QruLiwy3TmkLAohAbA-scaled.jpg\",\"width\":1862,\"height\":2560,\"caption\":\"The Hermeneutics of Bibliographic Data and Cultural Metadata\"},{\"@type\":\"BreadcrumbList\",\"@id\":\"https:\/\/www.nb.no\/nettbutikk\/produkt\/the-hermeneutics-of-bibliographic-data-and-cultural-metadata\/#breadcrumb\",\"itemListElement\":[{\"@type\":\"ListItem\",\"position\":1,\"name\":\"Home\",\"item\":\"https:\/\/www.nb.no\/nettbutikk\/\"},{\"@type\":\"ListItem\",\"position\":2,\"name\":\"Butikk\",\"item\":\"https:\/\/www.nb.no\/nettbutikk\/butikk\/\"},{\"@type\":\"ListItem\",\"position\":3,\"name\":\"The Hermeneutics of Bibliographic Data and Cultural Metadata\"}]},{\"@type\":\"WebSite\",\"@id\":\"https:\/\/www.nb.no\/nettbutikk\/#website\",\"url\":\"https:\/\/www.nb.no\/nettbutikk\/\",\"name\":\"NB Nettbutikk\",\"description\":\"\",\"potentialAction\":[{\"@type\":\"SearchAction\",\"target\":{\"@type\":\"EntryPoint\",\"urlTemplate\":\"https:\/\/www.nb.no\/nettbutikk\/?s={search_term_string}\"},\"query-input\":{\"@type\":\"PropertyValueSpecification\",\"valueRequired\":true,\"valueName\":\"search_term_string\"}}],\"inLanguage\":\"nb-NO\"}]}<\/script>\n<!-- \/ Yoast SEO plugin. -->","yoast_head_json":{"title":"The Hermeneutics of Bibliographic Data and Cultural Metadata - NB Nettbutikk","robots":{"index":"index","follow":"follow","max-snippet":"max-snippet:-1","max-image-preview":"max-image-preview:large","max-video-preview":"max-video-preview:-1"},"canonical":"https:\/\/www.nb.no\/nettbutikk\/produkt\/the-hermeneutics-of-bibliographic-data-and-cultural-metadata\/","og_locale":"nb_NO","og_type":"article","og_title":"The Hermeneutics of Bibliographic Data and Cultural Metadata - NB Nettbutikk","og_description":"Boka kan leses p\u00e5 nett her Bind 19 i Nota bene-serien presenterer ny forskning som unders\u00f8ker skj\u00e6ringspunktet mellom bibliografi, metadataproduksjon og biblioteksystemer p\u00e5 den ene siden og bruk av digitale verkt\u00f8y og metoder i forskning p\u00e5 den andre siden. \u2013 Computational tools and the digital revolution propelled by the invention of the World Wide Web pervade every aspect of human existence, including the work life of researchers, scientists, and staff at research libraries. The development of library systems over the last hundred years has been heavily influenced by the advent of information and computer science. Bibliographical work and metadata registry as a core activity in libraries are permeated with computation, and this development opens new avenues for digital approaches and data-driven research.  This book presents a wide variety of approaches that explore the intersection between two very diverse fields of practice, bibliography and the production of library metadata on the one hand, and the use of computation in the humanities and social sciences on the other.","og_url":"https:\/\/www.nb.no\/nettbutikk\/produkt\/the-hermeneutics-of-bibliographic-data-and-cultural-metadata\/","og_site_name":"NB Nettbutikk","article_modified_time":"2026-04-15T06:20:29+00:00","og_image":[{"width":1862,"height":2560,"url":"https:\/\/www.nb.no\/content\/uploads\/sites\/5\/2025\/02\/E6mp-pifWn-U4mniGoxN3v_N_3Ic7pZvNzWXmoObAalQdI37t7YsyebZJzV3FcaRkC34QruLiwy3TmkLAohAbA-scaled.jpg","type":"image\/jpeg"}],"twitter_card":"summary_large_image","twitter_misc":{"Ansl. lesetid":"1 minutt"},"schema":{"@context":"https:\/\/schema.org","@graph":[{"@type":"WebPage","@id":"https:\/\/www.nb.no\/nettbutikk\/produkt\/the-hermeneutics-of-bibliographic-data-and-cultural-metadata\/","url":"https:\/\/www.nb.no\/nettbutikk\/produkt\/the-hermeneutics-of-bibliographic-data-and-cultural-metadata\/","name":"The Hermeneutics of Bibliographic Data and Cultural Metadata - NB Nettbutikk","isPartOf":{"@id":"https:\/\/www.nb.no\/nettbutikk\/#website"},"primaryImageOfPage":{"@id":"https:\/\/www.nb.no\/nettbutikk\/produkt\/the-hermeneutics-of-bibliographic-data-and-cultural-metadata\/#primaryimage"},"image":{"@id":"https:\/\/www.nb.no\/nettbutikk\/produkt\/the-hermeneutics-of-bibliographic-data-and-cultural-metadata\/#primaryimage"},"thumbnailUrl":"https:\/\/www.nb.no\/content\/uploads\/sites\/5\/2025\/02\/E6mp-pifWn-U4mniGoxN3v_N_3Ic7pZvNzWXmoObAalQdI37t7YsyebZJzV3FcaRkC34QruLiwy3TmkLAohAbA-scaled.jpg","datePublished":"2025-02-07T13:00:30+00:00","dateModified":"2026-04-15T06:20:29+00:00","breadcrumb":{"@id":"https:\/\/www.nb.no\/nettbutikk\/produkt\/the-hermeneutics-of-bibliographic-data-and-cultural-metadata\/#breadcrumb"},"inLanguage":"nb-NO","potentialAction":[{"@type":"ReadAction","target":["https:\/\/www.nb.no\/nettbutikk\/produkt\/the-hermeneutics-of-bibliographic-data-and-cultural-metadata\/"]}]},{"@type":"ImageObject","inLanguage":"nb-NO","@id":"https:\/\/www.nb.no\/nettbutikk\/produkt\/the-hermeneutics-of-bibliographic-data-and-cultural-metadata\/#primaryimage","url":"https:\/\/www.nb.no\/content\/uploads\/sites\/5\/2025\/02\/E6mp-pifWn-U4mniGoxN3v_N_3Ic7pZvNzWXmoObAalQdI37t7YsyebZJzV3FcaRkC34QruLiwy3TmkLAohAbA-scaled.jpg","contentUrl":"https:\/\/www.nb.no\/content\/uploads\/sites\/5\/2025\/02\/E6mp-pifWn-U4mniGoxN3v_N_3Ic7pZvNzWXmoObAalQdI37t7YsyebZJzV3FcaRkC34QruLiwy3TmkLAohAbA-scaled.jpg","width":1862,"height":2560,"caption":"The Hermeneutics of Bibliographic Data and Cultural Metadata"},{"@type":"BreadcrumbList","@id":"https:\/\/www.nb.no\/nettbutikk\/produkt\/the-hermeneutics-of-bibliographic-data-and-cultural-metadata\/#breadcrumb","itemListElement":[{"@type":"ListItem","position":1,"name":"Home","item":"https:\/\/www.nb.no\/nettbutikk\/"},{"@type":"ListItem","position":2,"name":"Butikk","item":"https:\/\/www.nb.no\/nettbutikk\/butikk\/"},{"@type":"ListItem","position":3,"name":"The Hermeneutics of Bibliographic Data and Cultural Metadata"}]},{"@type":"WebSite","@id":"https:\/\/www.nb.no\/nettbutikk\/#website","url":"https:\/\/www.nb.no\/nettbutikk\/","name":"NB Nettbutikk","description":"","potentialAction":[{"@type":"SearchAction","target":{"@type":"EntryPoint","urlTemplate":"https:\/\/www.nb.no\/nettbutikk\/?s={search_term_string}"},"query-input":{"@type":"PropertyValueSpecification","valueRequired":true,"valueName":"search_term_string"}}],"inLanguage":"nb-NO"}]}},"_links":{"self":[{"href":"https:\/\/www.nb.no\/nettbutikk\/wp-json\/wp\/v2\/product\/21433","targetHints":{"allow":["GET"]}}],"collection":[{"href":"https:\/\/www.nb.no\/nettbutikk\/wp-json\/wp\/v2\/product"}],"about":[{"href":"https:\/\/www.nb.no\/nettbutikk\/wp-json\/wp\/v2\/types\/product"}],"wp:featuredmedia":[{"embeddable":true,"href":"https:\/\/www.nb.no\/nettbutikk\/wp-json\/wp\/v2\/media\/21430"}],"wp:attachment":[{"href":"https:\/\/www.nb.no\/nettbutikk\/wp-json\/wp\/v2\/media?parent=21433"}],"wp:term":[{"taxonomy":"product_brand","embeddable":true,"href":"https:\/\/www.nb.no\/nettbutikk\/wp-json\/wp\/v2\/product_brand?post=21433"},{"taxonomy":"product_cat","embeddable":true,"href":"https:\/\/www.nb.no\/nettbutikk\/wp-json\/wp\/v2\/product_cat?post=21433"},{"taxonomy":"product_tag","embeddable":true,"href":"https:\/\/www.nb.no\/nettbutikk\/wp-json\/wp\/v2\/product_tag?post=21433"}],"curies":[{"name":"wp","href":"https:\/\/api.w.org\/{rel}","templated":true}]}}