{"id":20749,"date":"2024-10-31T15:00:28","date_gmt":"2024-10-31T14:00:28","guid":{"rendered":"https:\/\/www.nb.no\/nettbutikk\/produkt\/peter-wessel-zapffe-fallende-kvinne\/"},"modified":"2026-04-17T06:03:34","modified_gmt":"2026-04-17T04:03:34","slug":"peter-wessel-zapffe-fallende-kvinne","status":"publish","type":"product","link":"https:\/\/www.nb.no\/nettbutikk\/produkt\/peter-wessel-zapffe-fallende-kvinne\/","title":{"rendered":"Peter Wessel Zapffe: Fallende kvinne"},"content":{"rendered":"","protected":false},"excerpt":{"rendered":"<p>Signe Wessel Zapffe, Storgata, Troms\u00f8, 1922.<\/p>\n<p>Bildet er hentet fra Nasjonalbibliotekets bokutgivelse <i>Peter Wessel Zapffe. \u00c5pninger i landskapet<\/i> (2024).<\/p>\n<p>Plakatens st\u00f8rrelse: 50 x 70 cm<\/p>\n","protected":false},"featured_media":20746,"template":"","meta":{"nb_hide_title":false,"nb_breadcrumb_title_override":""},"product_brand":[],"product_cat":[1341],"product_tag":[3742],"class_list":{"0":"post-20749","1":"product","2":"type-product","3":"status-publish","4":"has-post-thumbnail","6":"product_cat-plakater","7":"product_tag-zapffe","9":"first","10":"instock","11":"taxable","12":"shipping-taxable","13":"purchasable","14":"product-type-simple"},"yoast_head":"<!-- This site is optimized with the Yoast SEO plugin v27.1.1 - https:\/\/yoast.com\/product\/yoast-seo-wordpress\/ -->\n<title>Peter Wessel Zapffe: Fallende kvinne - NB Nettbutikk<\/title>\n<meta name=\"robots\" content=\"index, follow, max-snippet:-1, max-image-preview:large, max-video-preview:-1\" \/>\n<link rel=\"canonical\" href=\"https:\/\/www.nb.no\/nettbutikk\/produkt\/peter-wessel-zapffe-fallende-kvinne\/\" \/>\n<meta property=\"og:locale\" content=\"nb_NO\" \/>\n<meta property=\"og:type\" content=\"article\" \/>\n<meta property=\"og:title\" content=\"Peter Wessel Zapffe: Fallende kvinne - NB Nettbutikk\" \/>\n<meta property=\"og:description\" content=\"Signe Wessel Zapffe, Storgata, Troms\u00f8, 1922. Bildet er hentet fra Nasjonalbibliotekets bokutgivelse Peter Wessel Zapffe. \u00c5pninger i landskapet (2024). Plakatens st\u00f8rrelse: 50 x 70 cm\" \/>\n<meta property=\"og:url\" content=\"https:\/\/www.nb.no\/nettbutikk\/produkt\/peter-wessel-zapffe-fallende-kvinne\/\" \/>\n<meta property=\"og:site_name\" content=\"NB Nettbutikk\" \/>\n<meta property=\"article:modified_time\" content=\"2026-04-17T04:03:34+00:00\" \/>\n<meta property=\"og:image\" content=\"https:\/\/www.nb.no\/content\/uploads\/sites\/5\/2024\/10\/E6mp-pifWn-U4mniGoxN3v_N_3Ic7pZvNzWXmtTLBPoDctb457YrwrOLIjcvRsaZm3_5Er6K2A-wGz1ZAohAbA-scaled.jpg\" \/>\n\t<meta property=\"og:image:width\" content=\"1829\" \/>\n\t<meta property=\"og:image:height\" content=\"2560\" \/>\n\t<meta property=\"og:image:type\" content=\"image\/jpeg\" \/>\n<meta name=\"twitter:card\" content=\"summary_large_image\" \/>\n<meta name=\"twitter:label1\" content=\"Ansl. lesetid\" \/>\n\t<meta name=\"twitter:data1\" content=\"1 minutt\" \/>\n<script type=\"application\/ld+json\" class=\"yoast-schema-graph\">{\"@context\":\"https:\/\/schema.org\",\"@graph\":[{\"@type\":\"WebPage\",\"@id\":\"https:\/\/www.nb.no\/nettbutikk\/produkt\/peter-wessel-zapffe-fallende-kvinne\/\",\"url\":\"https:\/\/www.nb.no\/nettbutikk\/produkt\/peter-wessel-zapffe-fallende-kvinne\/\",\"name\":\"Peter Wessel Zapffe: Fallende kvinne - NB Nettbutikk\",\"isPartOf\":{\"@id\":\"https:\/\/www.nb.no\/nettbutikk\/#website\"},\"primaryImageOfPage\":{\"@id\":\"https:\/\/www.nb.no\/nettbutikk\/produkt\/peter-wessel-zapffe-fallende-kvinne\/#primaryimage\"},\"image\":{\"@id\":\"https:\/\/www.nb.no\/nettbutikk\/produkt\/peter-wessel-zapffe-fallende-kvinne\/#primaryimage\"},\"thumbnailUrl\":\"https:\/\/www.nb.no\/content\/uploads\/sites\/5\/2024\/10\/E6mp-pifWn-U4mniGoxN3v_N_3Ic7pZvNzWXmtTLBPoDctb457YrwrOLIjcvRsaZm3_5Er6K2A-wGz1ZAohAbA-scaled.jpg\",\"datePublished\":\"2024-10-31T14:00:28+00:00\",\"dateModified\":\"2026-04-17T04:03:34+00:00\",\"breadcrumb\":{\"@id\":\"https:\/\/www.nb.no\/nettbutikk\/produkt\/peter-wessel-zapffe-fallende-kvinne\/#breadcrumb\"},\"inLanguage\":\"nb-NO\",\"potentialAction\":[{\"@type\":\"ReadAction\",\"target\":[\"https:\/\/www.nb.no\/nettbutikk\/produkt\/peter-wessel-zapffe-fallende-kvinne\/\"]}]},{\"@type\":\"ImageObject\",\"inLanguage\":\"nb-NO\",\"@id\":\"https:\/\/www.nb.no\/nettbutikk\/produkt\/peter-wessel-zapffe-fallende-kvinne\/#primaryimage\",\"url\":\"https:\/\/www.nb.no\/content\/uploads\/sites\/5\/2024\/10\/E6mp-pifWn-U4mniGoxN3v_N_3Ic7pZvNzWXmtTLBPoDctb457YrwrOLIjcvRsaZm3_5Er6K2A-wGz1ZAohAbA-scaled.jpg\",\"contentUrl\":\"https:\/\/www.nb.no\/content\/uploads\/sites\/5\/2024\/10\/E6mp-pifWn-U4mniGoxN3v_N_3Ic7pZvNzWXmtTLBPoDctb457YrwrOLIjcvRsaZm3_5Er6K2A-wGz1ZAohAbA-scaled.jpg\",\"width\":1829,\"height\":2560,\"caption\":\"Peter Wessel Zapffe: Fallende kvinne\"},{\"@type\":\"BreadcrumbList\",\"@id\":\"https:\/\/www.nb.no\/nettbutikk\/produkt\/peter-wessel-zapffe-fallende-kvinne\/#breadcrumb\",\"itemListElement\":[{\"@type\":\"ListItem\",\"position\":1,\"name\":\"Home\",\"item\":\"https:\/\/www.nb.no\/nettbutikk\/\"},{\"@type\":\"ListItem\",\"position\":2,\"name\":\"Butikk\",\"item\":\"https:\/\/www.nb.no\/nettbutikk\/butikk\/\"},{\"@type\":\"ListItem\",\"position\":3,\"name\":\"Peter Wessel Zapffe: Fallende kvinne\"}]},{\"@type\":\"WebSite\",\"@id\":\"https:\/\/www.nb.no\/nettbutikk\/#website\",\"url\":\"https:\/\/www.nb.no\/nettbutikk\/\",\"name\":\"NB Nettbutikk\",\"description\":\"\",\"potentialAction\":[{\"@type\":\"SearchAction\",\"target\":{\"@type\":\"EntryPoint\",\"urlTemplate\":\"https:\/\/www.nb.no\/nettbutikk\/?s={search_term_string}\"},\"query-input\":{\"@type\":\"PropertyValueSpecification\",\"valueRequired\":true,\"valueName\":\"search_term_string\"}}],\"inLanguage\":\"nb-NO\"}]}<\/script>\n<!-- \/ Yoast SEO plugin. -->","yoast_head_json":{"title":"Peter Wessel Zapffe: Fallende kvinne - NB Nettbutikk","robots":{"index":"index","follow":"follow","max-snippet":"max-snippet:-1","max-image-preview":"max-image-preview:large","max-video-preview":"max-video-preview:-1"},"canonical":"https:\/\/www.nb.no\/nettbutikk\/produkt\/peter-wessel-zapffe-fallende-kvinne\/","og_locale":"nb_NO","og_type":"article","og_title":"Peter Wessel Zapffe: Fallende kvinne - NB Nettbutikk","og_description":"Signe Wessel Zapffe, Storgata, Troms\u00f8, 1922. Bildet er hentet fra Nasjonalbibliotekets bokutgivelse Peter Wessel Zapffe. \u00c5pninger i landskapet (2024). Plakatens st\u00f8rrelse: 50 x 70 cm","og_url":"https:\/\/www.nb.no\/nettbutikk\/produkt\/peter-wessel-zapffe-fallende-kvinne\/","og_site_name":"NB Nettbutikk","article_modified_time":"2026-04-17T04:03:34+00:00","og_image":[{"width":1829,"height":2560,"url":"https:\/\/www.nb.no\/content\/uploads\/sites\/5\/2024\/10\/E6mp-pifWn-U4mniGoxN3v_N_3Ic7pZvNzWXmtTLBPoDctb457YrwrOLIjcvRsaZm3_5Er6K2A-wGz1ZAohAbA-scaled.jpg","type":"image\/jpeg"}],"twitter_card":"summary_large_image","twitter_misc":{"Ansl. lesetid":"1 minutt"},"schema":{"@context":"https:\/\/schema.org","@graph":[{"@type":"WebPage","@id":"https:\/\/www.nb.no\/nettbutikk\/produkt\/peter-wessel-zapffe-fallende-kvinne\/","url":"https:\/\/www.nb.no\/nettbutikk\/produkt\/peter-wessel-zapffe-fallende-kvinne\/","name":"Peter Wessel Zapffe: Fallende kvinne - NB Nettbutikk","isPartOf":{"@id":"https:\/\/www.nb.no\/nettbutikk\/#website"},"primaryImageOfPage":{"@id":"https:\/\/www.nb.no\/nettbutikk\/produkt\/peter-wessel-zapffe-fallende-kvinne\/#primaryimage"},"image":{"@id":"https:\/\/www.nb.no\/nettbutikk\/produkt\/peter-wessel-zapffe-fallende-kvinne\/#primaryimage"},"thumbnailUrl":"https:\/\/www.nb.no\/content\/uploads\/sites\/5\/2024\/10\/E6mp-pifWn-U4mniGoxN3v_N_3Ic7pZvNzWXmtTLBPoDctb457YrwrOLIjcvRsaZm3_5Er6K2A-wGz1ZAohAbA-scaled.jpg","datePublished":"2024-10-31T14:00:28+00:00","dateModified":"2026-04-17T04:03:34+00:00","breadcrumb":{"@id":"https:\/\/www.nb.no\/nettbutikk\/produkt\/peter-wessel-zapffe-fallende-kvinne\/#breadcrumb"},"inLanguage":"nb-NO","potentialAction":[{"@type":"ReadAction","target":["https:\/\/www.nb.no\/nettbutikk\/produkt\/peter-wessel-zapffe-fallende-kvinne\/"]}]},{"@type":"ImageObject","inLanguage":"nb-NO","@id":"https:\/\/www.nb.no\/nettbutikk\/produkt\/peter-wessel-zapffe-fallende-kvinne\/#primaryimage","url":"https:\/\/www.nb.no\/content\/uploads\/sites\/5\/2024\/10\/E6mp-pifWn-U4mniGoxN3v_N_3Ic7pZvNzWXmtTLBPoDctb457YrwrOLIjcvRsaZm3_5Er6K2A-wGz1ZAohAbA-scaled.jpg","contentUrl":"https:\/\/www.nb.no\/content\/uploads\/sites\/5\/2024\/10\/E6mp-pifWn-U4mniGoxN3v_N_3Ic7pZvNzWXmtTLBPoDctb457YrwrOLIjcvRsaZm3_5Er6K2A-wGz1ZAohAbA-scaled.jpg","width":1829,"height":2560,"caption":"Peter Wessel Zapffe: Fallende kvinne"},{"@type":"BreadcrumbList","@id":"https:\/\/www.nb.no\/nettbutikk\/produkt\/peter-wessel-zapffe-fallende-kvinne\/#breadcrumb","itemListElement":[{"@type":"ListItem","position":1,"name":"Home","item":"https:\/\/www.nb.no\/nettbutikk\/"},{"@type":"ListItem","position":2,"name":"Butikk","item":"https:\/\/www.nb.no\/nettbutikk\/butikk\/"},{"@type":"ListItem","position":3,"name":"Peter Wessel Zapffe: Fallende kvinne"}]},{"@type":"WebSite","@id":"https:\/\/www.nb.no\/nettbutikk\/#website","url":"https:\/\/www.nb.no\/nettbutikk\/","name":"NB Nettbutikk","description":"","potentialAction":[{"@type":"SearchAction","target":{"@type":"EntryPoint","urlTemplate":"https:\/\/www.nb.no\/nettbutikk\/?s={search_term_string}"},"query-input":{"@type":"PropertyValueSpecification","valueRequired":true,"valueName":"search_term_string"}}],"inLanguage":"nb-NO"}]}},"_links":{"self":[{"href":"https:\/\/www.nb.no\/nettbutikk\/wp-json\/wp\/v2\/product\/20749","targetHints":{"allow":["GET"]}}],"collection":[{"href":"https:\/\/www.nb.no\/nettbutikk\/wp-json\/wp\/v2\/product"}],"about":[{"href":"https:\/\/www.nb.no\/nettbutikk\/wp-json\/wp\/v2\/types\/product"}],"wp:featuredmedia":[{"embeddable":true,"href":"https:\/\/www.nb.no\/nettbutikk\/wp-json\/wp\/v2\/media\/20746"}],"wp:attachment":[{"href":"https:\/\/www.nb.no\/nettbutikk\/wp-json\/wp\/v2\/media?parent=20749"}],"wp:term":[{"taxonomy":"product_brand","embeddable":true,"href":"https:\/\/www.nb.no\/nettbutikk\/wp-json\/wp\/v2\/product_brand?post=20749"},{"taxonomy":"product_cat","embeddable":true,"href":"https:\/\/www.nb.no\/nettbutikk\/wp-json\/wp\/v2\/product_cat?post=20749"},{"taxonomy":"product_tag","embeddable":true,"href":"https:\/\/www.nb.no\/nettbutikk\/wp-json\/wp\/v2\/product_tag?post=20749"}],"curies":[{"name":"wp","href":"https:\/\/api.w.org\/{rel}","templated":true}]}}