{"id":20655,"date":"2024-11-20T16:00:32","date_gmt":"2024-11-20T15:00:32","guid":{"rendered":"https:\/\/www.nb.no\/nettbutikk\/produkt\/peter-wessel-zapffe\/"},"modified":"2026-04-18T05:58:15","modified_gmt":"2026-04-18T03:58:15","slug":"peter-wessel-zapffe","status":"publish","type":"product","link":"https:\/\/www.nb.no\/nettbutikk\/produkt\/peter-wessel-zapffe\/","title":{"rendered":"Peter Wessel Zapffe"},"content":{"rendered":"","protected":false},"excerpt":{"rendered":"<p>Filosofen Peter Wessel Zapffe (1899\u22121990) tok bilder gjennom nesten hele sitt lange liv, og arkivet etter ham rommer flere tusen fotografier. I denne boka har Christian Belgaux gjort et utvalg som viser en utforskende side ved Zapffes fotokunst. I forordet skriver Belgaux om bildenes \u00e5pne tolkningsrom og om kvaliteten ved Zapffes tvetydige billedspr\u00e5k.<\/p>\n<p>Fotobokserien <i>Sideblikk<\/i> l\u00f8fter fram tidsskildringer, oppsiktsvekkende hendelser og hverdagslige \u00f8yeblikk hentet fra Nasjonalbibliotekets samling. Bildene er ikke tatt av kjente eller etablerte fotografer, men viser oss det originale blikket og de bemerkelsesverdige omgivelsene til kulturpersonligheter som har satt spor etter seg i norsk historie.<\/p>\n","protected":false},"featured_media":20688,"template":"","meta":{"nb_hide_title":false,"nb_breadcrumb_title_override":""},"product_brand":[],"product_cat":[2123],"product_tag":[3742],"class_list":{"0":"post-20655","1":"product","2":"type-product","3":"status-publish","4":"has-post-thumbnail","6":"product_cat-sideblikk","7":"product_tag-zapffe","9":"first","10":"instock","11":"shipping-taxable","12":"purchasable","13":"product-type-simple"},"yoast_head":"<!-- This site is optimized with the Yoast SEO plugin v27.1.1 - https:\/\/yoast.com\/product\/yoast-seo-wordpress\/ -->\n<title>Peter Wessel Zapffe - NB Nettbutikk<\/title>\n<meta name=\"robots\" content=\"index, follow, max-snippet:-1, max-image-preview:large, max-video-preview:-1\" \/>\n<link rel=\"canonical\" href=\"https:\/\/www.nb.no\/nettbutikk\/produkt\/peter-wessel-zapffe\/\" \/>\n<meta property=\"og:locale\" content=\"nb_NO\" \/>\n<meta property=\"og:type\" content=\"article\" \/>\n<meta property=\"og:title\" content=\"Peter Wessel Zapffe - NB Nettbutikk\" \/>\n<meta property=\"og:description\" content=\"Filosofen Peter Wessel Zapffe (1899\u22121990) tok bilder gjennom nesten hele sitt lange liv, og arkivet etter ham rommer flere tusen fotografier. I denne boka har Christian Belgaux gjort et utvalg som viser en utforskende side ved Zapffes fotokunst. I forordet skriver Belgaux om bildenes \u00e5pne tolkningsrom og om kvaliteten ved Zapffes tvetydige billedspr\u00e5k. Fotobokserien Sideblikk l\u00f8fter fram tidsskildringer, oppsiktsvekkende hendelser og hverdagslige \u00f8yeblikk hentet fra Nasjonalbibliotekets samling. Bildene er ikke tatt av kjente eller etablerte fotografer, men viser oss det originale blikket og de bemerkelsesverdige omgivelsene til kulturpersonligheter som har satt spor etter seg i norsk historie.\" \/>\n<meta property=\"og:url\" content=\"https:\/\/www.nb.no\/nettbutikk\/produkt\/peter-wessel-zapffe\/\" \/>\n<meta property=\"og:site_name\" content=\"NB Nettbutikk\" \/>\n<meta property=\"article:modified_time\" content=\"2026-04-18T03:58:15+00:00\" \/>\n<meta property=\"og:image\" content=\"https:\/\/www.nb.no\/content\/uploads\/sites\/5\/2024\/10\/E6mp-pifWn-U4mniGoxN3v_N_3Ic7pZvNzWXmtHLB6xUdtP7sON7mbPcdDJ-F5PEmS6kEuWOjQiyGD1SAohAbA-scaled.jpg\" \/>\n\t<meta property=\"og:image:width\" content=\"2560\" \/>\n\t<meta property=\"og:image:height\" content=\"1921\" \/>\n\t<meta property=\"og:image:type\" content=\"image\/jpeg\" \/>\n<meta name=\"twitter:card\" content=\"summary_large_image\" \/>\n<meta name=\"twitter:label1\" content=\"Ansl. lesetid\" \/>\n\t<meta name=\"twitter:data1\" content=\"1 minutt\" \/>\n<script type=\"application\/ld+json\" class=\"yoast-schema-graph\">{\"@context\":\"https:\/\/schema.org\",\"@graph\":[{\"@type\":\"WebPage\",\"@id\":\"https:\/\/www.nb.no\/nettbutikk\/produkt\/peter-wessel-zapffe\/\",\"url\":\"https:\/\/www.nb.no\/nettbutikk\/produkt\/peter-wessel-zapffe\/\",\"name\":\"Peter Wessel Zapffe - NB Nettbutikk\",\"isPartOf\":{\"@id\":\"https:\/\/www.nb.no\/nettbutikk\/#website\"},\"primaryImageOfPage\":{\"@id\":\"https:\/\/www.nb.no\/nettbutikk\/produkt\/peter-wessel-zapffe\/#primaryimage\"},\"image\":{\"@id\":\"https:\/\/www.nb.no\/nettbutikk\/produkt\/peter-wessel-zapffe\/#primaryimage\"},\"thumbnailUrl\":\"https:\/\/www.nb.no\/content\/uploads\/sites\/5\/2024\/10\/E6mp-pifWn-U4mniGoxN3v_N_3Ic7pZvNzWXmtHLB6xUdtP7sON7mbPcdDJ-F5PEmS6kEuWOjQiyGD1SAohAbA-scaled.jpg\",\"datePublished\":\"2024-11-20T15:00:32+00:00\",\"dateModified\":\"2026-04-18T03:58:15+00:00\",\"breadcrumb\":{\"@id\":\"https:\/\/www.nb.no\/nettbutikk\/produkt\/peter-wessel-zapffe\/#breadcrumb\"},\"inLanguage\":\"nb-NO\",\"potentialAction\":[{\"@type\":\"ReadAction\",\"target\":[\"https:\/\/www.nb.no\/nettbutikk\/produkt\/peter-wessel-zapffe\/\"]}]},{\"@type\":\"ImageObject\",\"inLanguage\":\"nb-NO\",\"@id\":\"https:\/\/www.nb.no\/nettbutikk\/produkt\/peter-wessel-zapffe\/#primaryimage\",\"url\":\"https:\/\/www.nb.no\/content\/uploads\/sites\/5\/2024\/10\/E6mp-pifWn-U4mniGoxN3v_N_3Ic7pZvNzWXmtHLB6xUdtP7sON7mbPcdDJ-F5PEmS6kEuWOjQiyGD1SAohAbA-scaled.jpg\",\"contentUrl\":\"https:\/\/www.nb.no\/content\/uploads\/sites\/5\/2024\/10\/E6mp-pifWn-U4mniGoxN3v_N_3Ic7pZvNzWXmtHLB6xUdtP7sON7mbPcdDJ-F5PEmS6kEuWOjQiyGD1SAohAbA-scaled.jpg\",\"width\":2560,\"height\":1921,\"caption\":\"Peter Wessel Zapffe\"},{\"@type\":\"BreadcrumbList\",\"@id\":\"https:\/\/www.nb.no\/nettbutikk\/produkt\/peter-wessel-zapffe\/#breadcrumb\",\"itemListElement\":[{\"@type\":\"ListItem\",\"position\":1,\"name\":\"Home\",\"item\":\"https:\/\/www.nb.no\/nettbutikk\/\"},{\"@type\":\"ListItem\",\"position\":2,\"name\":\"Butikk\",\"item\":\"https:\/\/www.nb.no\/nettbutikk\/butikk\/\"},{\"@type\":\"ListItem\",\"position\":3,\"name\":\"Peter Wessel Zapffe\"}]},{\"@type\":\"WebSite\",\"@id\":\"https:\/\/www.nb.no\/nettbutikk\/#website\",\"url\":\"https:\/\/www.nb.no\/nettbutikk\/\",\"name\":\"NB Nettbutikk\",\"description\":\"\",\"potentialAction\":[{\"@type\":\"SearchAction\",\"target\":{\"@type\":\"EntryPoint\",\"urlTemplate\":\"https:\/\/www.nb.no\/nettbutikk\/?s={search_term_string}\"},\"query-input\":{\"@type\":\"PropertyValueSpecification\",\"valueRequired\":true,\"valueName\":\"search_term_string\"}}],\"inLanguage\":\"nb-NO\"}]}<\/script>\n<!-- \/ Yoast SEO plugin. -->","yoast_head_json":{"title":"Peter Wessel Zapffe - NB Nettbutikk","robots":{"index":"index","follow":"follow","max-snippet":"max-snippet:-1","max-image-preview":"max-image-preview:large","max-video-preview":"max-video-preview:-1"},"canonical":"https:\/\/www.nb.no\/nettbutikk\/produkt\/peter-wessel-zapffe\/","og_locale":"nb_NO","og_type":"article","og_title":"Peter Wessel Zapffe - NB Nettbutikk","og_description":"Filosofen Peter Wessel Zapffe (1899\u22121990) tok bilder gjennom nesten hele sitt lange liv, og arkivet etter ham rommer flere tusen fotografier. I denne boka har Christian Belgaux gjort et utvalg som viser en utforskende side ved Zapffes fotokunst. I forordet skriver Belgaux om bildenes \u00e5pne tolkningsrom og om kvaliteten ved Zapffes tvetydige billedspr\u00e5k. Fotobokserien Sideblikk l\u00f8fter fram tidsskildringer, oppsiktsvekkende hendelser og hverdagslige \u00f8yeblikk hentet fra Nasjonalbibliotekets samling. Bildene er ikke tatt av kjente eller etablerte fotografer, men viser oss det originale blikket og de bemerkelsesverdige omgivelsene til kulturpersonligheter som har satt spor etter seg i norsk historie.","og_url":"https:\/\/www.nb.no\/nettbutikk\/produkt\/peter-wessel-zapffe\/","og_site_name":"NB Nettbutikk","article_modified_time":"2026-04-18T03:58:15+00:00","og_image":[{"width":2560,"height":1921,"url":"https:\/\/www.nb.no\/content\/uploads\/sites\/5\/2024\/10\/E6mp-pifWn-U4mniGoxN3v_N_3Ic7pZvNzWXmtHLB6xUdtP7sON7mbPcdDJ-F5PEmS6kEuWOjQiyGD1SAohAbA-scaled.jpg","type":"image\/jpeg"}],"twitter_card":"summary_large_image","twitter_misc":{"Ansl. lesetid":"1 minutt"},"schema":{"@context":"https:\/\/schema.org","@graph":[{"@type":"WebPage","@id":"https:\/\/www.nb.no\/nettbutikk\/produkt\/peter-wessel-zapffe\/","url":"https:\/\/www.nb.no\/nettbutikk\/produkt\/peter-wessel-zapffe\/","name":"Peter Wessel Zapffe - NB Nettbutikk","isPartOf":{"@id":"https:\/\/www.nb.no\/nettbutikk\/#website"},"primaryImageOfPage":{"@id":"https:\/\/www.nb.no\/nettbutikk\/produkt\/peter-wessel-zapffe\/#primaryimage"},"image":{"@id":"https:\/\/www.nb.no\/nettbutikk\/produkt\/peter-wessel-zapffe\/#primaryimage"},"thumbnailUrl":"https:\/\/www.nb.no\/content\/uploads\/sites\/5\/2024\/10\/E6mp-pifWn-U4mniGoxN3v_N_3Ic7pZvNzWXmtHLB6xUdtP7sON7mbPcdDJ-F5PEmS6kEuWOjQiyGD1SAohAbA-scaled.jpg","datePublished":"2024-11-20T15:00:32+00:00","dateModified":"2026-04-18T03:58:15+00:00","breadcrumb":{"@id":"https:\/\/www.nb.no\/nettbutikk\/produkt\/peter-wessel-zapffe\/#breadcrumb"},"inLanguage":"nb-NO","potentialAction":[{"@type":"ReadAction","target":["https:\/\/www.nb.no\/nettbutikk\/produkt\/peter-wessel-zapffe\/"]}]},{"@type":"ImageObject","inLanguage":"nb-NO","@id":"https:\/\/www.nb.no\/nettbutikk\/produkt\/peter-wessel-zapffe\/#primaryimage","url":"https:\/\/www.nb.no\/content\/uploads\/sites\/5\/2024\/10\/E6mp-pifWn-U4mniGoxN3v_N_3Ic7pZvNzWXmtHLB6xUdtP7sON7mbPcdDJ-F5PEmS6kEuWOjQiyGD1SAohAbA-scaled.jpg","contentUrl":"https:\/\/www.nb.no\/content\/uploads\/sites\/5\/2024\/10\/E6mp-pifWn-U4mniGoxN3v_N_3Ic7pZvNzWXmtHLB6xUdtP7sON7mbPcdDJ-F5PEmS6kEuWOjQiyGD1SAohAbA-scaled.jpg","width":2560,"height":1921,"caption":"Peter Wessel Zapffe"},{"@type":"BreadcrumbList","@id":"https:\/\/www.nb.no\/nettbutikk\/produkt\/peter-wessel-zapffe\/#breadcrumb","itemListElement":[{"@type":"ListItem","position":1,"name":"Home","item":"https:\/\/www.nb.no\/nettbutikk\/"},{"@type":"ListItem","position":2,"name":"Butikk","item":"https:\/\/www.nb.no\/nettbutikk\/butikk\/"},{"@type":"ListItem","position":3,"name":"Peter Wessel Zapffe"}]},{"@type":"WebSite","@id":"https:\/\/www.nb.no\/nettbutikk\/#website","url":"https:\/\/www.nb.no\/nettbutikk\/","name":"NB Nettbutikk","description":"","potentialAction":[{"@type":"SearchAction","target":{"@type":"EntryPoint","urlTemplate":"https:\/\/www.nb.no\/nettbutikk\/?s={search_term_string}"},"query-input":{"@type":"PropertyValueSpecification","valueRequired":true,"valueName":"search_term_string"}}],"inLanguage":"nb-NO"}]}},"_links":{"self":[{"href":"https:\/\/www.nb.no\/nettbutikk\/wp-json\/wp\/v2\/product\/20655","targetHints":{"allow":["GET"]}}],"collection":[{"href":"https:\/\/www.nb.no\/nettbutikk\/wp-json\/wp\/v2\/product"}],"about":[{"href":"https:\/\/www.nb.no\/nettbutikk\/wp-json\/wp\/v2\/types\/product"}],"wp:featuredmedia":[{"embeddable":true,"href":"https:\/\/www.nb.no\/nettbutikk\/wp-json\/wp\/v2\/media\/20688"}],"wp:attachment":[{"href":"https:\/\/www.nb.no\/nettbutikk\/wp-json\/wp\/v2\/media?parent=20655"}],"wp:term":[{"taxonomy":"product_brand","embeddable":true,"href":"https:\/\/www.nb.no\/nettbutikk\/wp-json\/wp\/v2\/product_brand?post=20655"},{"taxonomy":"product_cat","embeddable":true,"href":"https:\/\/www.nb.no\/nettbutikk\/wp-json\/wp\/v2\/product_cat?post=20655"},{"taxonomy":"product_tag","embeddable":true,"href":"https:\/\/www.nb.no\/nettbutikk\/wp-json\/wp\/v2\/product_tag?post=20655"}],"curies":[{"name":"wp","href":"https:\/\/api.w.org\/{rel}","templated":true}]}}