{"id":19744,"date":"2024-05-28T16:00:28","date_gmt":"2024-05-28T14:00:28","guid":{"rendered":"https:\/\/www.nb.no\/nettbutikk\/produkt\/old-norse-law-books-from-a-material-perspective\/"},"modified":"2026-03-04T13:23:42","modified_gmt":"2026-03-04T12:23:42","slug":"old-norse-law-books-from-a-material-perspective","status":"publish","type":"product","link":"https:\/\/www.nb.no\/nettbutikk\/produkt\/old-norse-law-books-from-a-material-perspective\/","title":{"rendered":"Old Norse Law Books from a Material Perspective"},"content":{"rendered":"","protected":false},"excerpt":{"rendered":"<p><a href=\"https:\/\/issuu.com\/nasjonalbiblioteket\/docs\/nota_bene_18\">Boka kan leses p\u00e5 nett her<\/a><\/p>\n<p>Nummer 18 i Nota bene-serien presenterer ny forskning p\u00e5 manuskripter, arkivmateriale og trykte b\u00f8ker fra middelalderen helt opp til 1900-tallet. Gjennom studier av b\u00f8ker og manuskripter som blant annet inneholder Magnus Lagab\u00f8tes landslov, viser forfatterne hvordan norr\u00f8ne lover ble betraktet og brukt gjennom historien.<\/p>\n<p>\u2013<\/p>\n<p>This volume presents new research on manuscripts, archival material and printed books containing Old Norse laws from the high middle ages until the twentieth century. <\/p>\n<p>The study begins with three fourteenth-century parchment codices: the illuminated Codex Hardenbergianus and two smaller, somewhat older volumes containing King Magnus the Lawmender\u2019s <i>Laws of the Land<\/i>. It passes through sixteenth-, seventeenth- and eighteenth-century paper manuscripts containing the laws in Old Norse as well as in translation, and goes all the way to modern printed editions and translations as well as archival material. Each of the objects expresses the ideas of their makers and owners through its material, provenance and physical aspects such as paratext, and these features provide clues about how laws were regarded and used throughout history.<\/p>\n","protected":false},"featured_media":19741,"template":"","meta":{"nb_hide_title":false,"nb_breadcrumb_title_override":""},"product_brand":[],"product_cat":[199],"product_tag":[3827,3746,3745],"class_list":{"0":"post-19744","1":"product","2":"type-product","3":"status-publish","4":"has-post-thumbnail","6":"product_cat-notabene","7":"product_tag-engelsk","8":"product_tag-middelalder","9":"product_tag-middelalderlover","11":"first","12":"instock","13":"shipping-taxable","14":"purchasable","15":"product-type-simple"},"yoast_head":"<!-- This site is optimized with the Yoast SEO plugin v27.1.1 - https:\/\/yoast.com\/product\/yoast-seo-wordpress\/ -->\n<title>Old Norse Law Books from a Material Perspective - NB Nettbutikk<\/title>\n<meta name=\"robots\" content=\"index, follow, max-snippet:-1, max-image-preview:large, max-video-preview:-1\" \/>\n<link rel=\"canonical\" href=\"https:\/\/www.nb.no\/nettbutikk\/produkt\/old-norse-law-books-from-a-material-perspective\/\" \/>\n<meta property=\"og:locale\" content=\"nb_NO\" \/>\n<meta property=\"og:type\" content=\"article\" \/>\n<meta property=\"og:title\" content=\"Old Norse Law Books from a Material Perspective - NB Nettbutikk\" \/>\n<meta property=\"og:description\" content=\"Boka kan leses p\u00e5 nett her Nummer 18 i Nota bene-serien presenterer ny forskning p\u00e5 manuskripter, arkivmateriale og trykte b\u00f8ker fra middelalderen helt opp til 1900-tallet. Gjennom studier av b\u00f8ker og manuskripter som blant annet inneholder Magnus Lagab\u00f8tes landslov, viser forfatterne hvordan norr\u00f8ne lover ble betraktet og brukt gjennom historien. \u2013 This volume presents new research on manuscripts, archival material and printed books containing Old Norse laws from the high middle ages until the twentieth century.  The study begins with three fourteenth-century parchment codices: the illuminated Codex Hardenbergianus and two smaller, somewhat older volumes containing King Magnus the Lawmender\u2019s Laws of the Land. It passes through sixteenth-, seventeenth- and eighteenth-century paper manuscripts containing the laws in Old Norse as well as in translation, and goes all the way to modern printed editions and translations as well as archival material. Each of the objects expresses the ideas of their makers and owners through its material, provenance and physical aspects such as paratext, and these features provide clues about how laws were regarded and used throughout history.\" \/>\n<meta property=\"og:url\" content=\"https:\/\/www.nb.no\/nettbutikk\/produkt\/old-norse-law-books-from-a-material-perspective\/\" \/>\n<meta property=\"og:site_name\" content=\"NB Nettbutikk\" \/>\n<meta property=\"article:modified_time\" content=\"2026-03-04T12:23:42+00:00\" \/>\n<meta property=\"og:image\" content=\"https:\/\/www.nb.no\/content\/uploads\/sites\/5\/2024\/05\/E6mp-pifWn-U4mniGoxN3v_N_3Ic7pZvNzWXmtHKAf9VJtH7sOd4zuaPJDN2F8GQznv6SLyL3l7jHz1ZAohAbA.jpg\" \/>\n\t<meta property=\"og:image:width\" content=\"1238\" \/>\n\t<meta property=\"og:image:height\" content=\"1689\" \/>\n\t<meta property=\"og:image:type\" content=\"image\/jpeg\" \/>\n<meta name=\"twitter:card\" content=\"summary_large_image\" \/>\n<meta name=\"twitter:label1\" content=\"Ansl. lesetid\" \/>\n\t<meta name=\"twitter:data1\" content=\"1 minutt\" \/>\n<script type=\"application\/ld+json\" class=\"yoast-schema-graph\">{\"@context\":\"https:\/\/schema.org\",\"@graph\":[{\"@type\":\"WebPage\",\"@id\":\"https:\/\/www.nb.no\/nettbutikk\/produkt\/old-norse-law-books-from-a-material-perspective\/\",\"url\":\"https:\/\/www.nb.no\/nettbutikk\/produkt\/old-norse-law-books-from-a-material-perspective\/\",\"name\":\"Old Norse Law Books from a Material Perspective - NB Nettbutikk\",\"isPartOf\":{\"@id\":\"https:\/\/www.nb.no\/nettbutikk\/#website\"},\"primaryImageOfPage\":{\"@id\":\"https:\/\/www.nb.no\/nettbutikk\/produkt\/old-norse-law-books-from-a-material-perspective\/#primaryimage\"},\"image\":{\"@id\":\"https:\/\/www.nb.no\/nettbutikk\/produkt\/old-norse-law-books-from-a-material-perspective\/#primaryimage\"},\"thumbnailUrl\":\"https:\/\/www.nb.no\/content\/uploads\/sites\/5\/2024\/05\/E6mp-pifWn-U4mniGoxN3v_N_3Ic7pZvNzWXmtHKAf9VJtH7sOd4zuaPJDN2F8GQznv6SLyL3l7jHz1ZAohAbA.jpg\",\"datePublished\":\"2024-05-28T14:00:28+00:00\",\"dateModified\":\"2026-03-04T12:23:42+00:00\",\"breadcrumb\":{\"@id\":\"https:\/\/www.nb.no\/nettbutikk\/produkt\/old-norse-law-books-from-a-material-perspective\/#breadcrumb\"},\"inLanguage\":\"nb-NO\",\"potentialAction\":[{\"@type\":\"ReadAction\",\"target\":[\"https:\/\/www.nb.no\/nettbutikk\/produkt\/old-norse-law-books-from-a-material-perspective\/\"]}]},{\"@type\":\"ImageObject\",\"inLanguage\":\"nb-NO\",\"@id\":\"https:\/\/www.nb.no\/nettbutikk\/produkt\/old-norse-law-books-from-a-material-perspective\/#primaryimage\",\"url\":\"https:\/\/www.nb.no\/content\/uploads\/sites\/5\/2024\/05\/E6mp-pifWn-U4mniGoxN3v_N_3Ic7pZvNzWXmtHKAf9VJtH7sOd4zuaPJDN2F8GQznv6SLyL3l7jHz1ZAohAbA.jpg\",\"contentUrl\":\"https:\/\/www.nb.no\/content\/uploads\/sites\/5\/2024\/05\/E6mp-pifWn-U4mniGoxN3v_N_3Ic7pZvNzWXmtHKAf9VJtH7sOd4zuaPJDN2F8GQznv6SLyL3l7jHz1ZAohAbA.jpg\",\"width\":1238,\"height\":1689,\"caption\":\"Old Norse Law Books from a Material Perspective\"},{\"@type\":\"BreadcrumbList\",\"@id\":\"https:\/\/www.nb.no\/nettbutikk\/produkt\/old-norse-law-books-from-a-material-perspective\/#breadcrumb\",\"itemListElement\":[{\"@type\":\"ListItem\",\"position\":1,\"name\":\"Home\",\"item\":\"https:\/\/www.nb.no\/nettbutikk\/\"},{\"@type\":\"ListItem\",\"position\":2,\"name\":\"Butikk\",\"item\":\"https:\/\/www.nb.no\/nettbutikk\/butikk\/\"},{\"@type\":\"ListItem\",\"position\":3,\"name\":\"Old Norse Law Books from a Material Perspective\"}]},{\"@type\":\"WebSite\",\"@id\":\"https:\/\/www.nb.no\/nettbutikk\/#website\",\"url\":\"https:\/\/www.nb.no\/nettbutikk\/\",\"name\":\"NB Nettbutikk\",\"description\":\"\",\"potentialAction\":[{\"@type\":\"SearchAction\",\"target\":{\"@type\":\"EntryPoint\",\"urlTemplate\":\"https:\/\/www.nb.no\/nettbutikk\/?s={search_term_string}\"},\"query-input\":{\"@type\":\"PropertyValueSpecification\",\"valueRequired\":true,\"valueName\":\"search_term_string\"}}],\"inLanguage\":\"nb-NO\"}]}<\/script>\n<!-- \/ Yoast SEO plugin. -->","yoast_head_json":{"title":"Old Norse Law Books from a Material Perspective - NB Nettbutikk","robots":{"index":"index","follow":"follow","max-snippet":"max-snippet:-1","max-image-preview":"max-image-preview:large","max-video-preview":"max-video-preview:-1"},"canonical":"https:\/\/www.nb.no\/nettbutikk\/produkt\/old-norse-law-books-from-a-material-perspective\/","og_locale":"nb_NO","og_type":"article","og_title":"Old Norse Law Books from a Material Perspective - NB Nettbutikk","og_description":"Boka kan leses p\u00e5 nett her Nummer 18 i Nota bene-serien presenterer ny forskning p\u00e5 manuskripter, arkivmateriale og trykte b\u00f8ker fra middelalderen helt opp til 1900-tallet. Gjennom studier av b\u00f8ker og manuskripter som blant annet inneholder Magnus Lagab\u00f8tes landslov, viser forfatterne hvordan norr\u00f8ne lover ble betraktet og brukt gjennom historien. \u2013 This volume presents new research on manuscripts, archival material and printed books containing Old Norse laws from the high middle ages until the twentieth century.  The study begins with three fourteenth-century parchment codices: the illuminated Codex Hardenbergianus and two smaller, somewhat older volumes containing King Magnus the Lawmender\u2019s Laws of the Land. It passes through sixteenth-, seventeenth- and eighteenth-century paper manuscripts containing the laws in Old Norse as well as in translation, and goes all the way to modern printed editions and translations as well as archival material. Each of the objects expresses the ideas of their makers and owners through its material, provenance and physical aspects such as paratext, and these features provide clues about how laws were regarded and used throughout history.","og_url":"https:\/\/www.nb.no\/nettbutikk\/produkt\/old-norse-law-books-from-a-material-perspective\/","og_site_name":"NB Nettbutikk","article_modified_time":"2026-03-04T12:23:42+00:00","og_image":[{"width":1238,"height":1689,"url":"https:\/\/www.nb.no\/content\/uploads\/sites\/5\/2024\/05\/E6mp-pifWn-U4mniGoxN3v_N_3Ic7pZvNzWXmtHKAf9VJtH7sOd4zuaPJDN2F8GQznv6SLyL3l7jHz1ZAohAbA.jpg","type":"image\/jpeg"}],"twitter_card":"summary_large_image","twitter_misc":{"Ansl. lesetid":"1 minutt"},"schema":{"@context":"https:\/\/schema.org","@graph":[{"@type":"WebPage","@id":"https:\/\/www.nb.no\/nettbutikk\/produkt\/old-norse-law-books-from-a-material-perspective\/","url":"https:\/\/www.nb.no\/nettbutikk\/produkt\/old-norse-law-books-from-a-material-perspective\/","name":"Old Norse Law Books from a Material Perspective - NB Nettbutikk","isPartOf":{"@id":"https:\/\/www.nb.no\/nettbutikk\/#website"},"primaryImageOfPage":{"@id":"https:\/\/www.nb.no\/nettbutikk\/produkt\/old-norse-law-books-from-a-material-perspective\/#primaryimage"},"image":{"@id":"https:\/\/www.nb.no\/nettbutikk\/produkt\/old-norse-law-books-from-a-material-perspective\/#primaryimage"},"thumbnailUrl":"https:\/\/www.nb.no\/content\/uploads\/sites\/5\/2024\/05\/E6mp-pifWn-U4mniGoxN3v_N_3Ic7pZvNzWXmtHKAf9VJtH7sOd4zuaPJDN2F8GQznv6SLyL3l7jHz1ZAohAbA.jpg","datePublished":"2024-05-28T14:00:28+00:00","dateModified":"2026-03-04T12:23:42+00:00","breadcrumb":{"@id":"https:\/\/www.nb.no\/nettbutikk\/produkt\/old-norse-law-books-from-a-material-perspective\/#breadcrumb"},"inLanguage":"nb-NO","potentialAction":[{"@type":"ReadAction","target":["https:\/\/www.nb.no\/nettbutikk\/produkt\/old-norse-law-books-from-a-material-perspective\/"]}]},{"@type":"ImageObject","inLanguage":"nb-NO","@id":"https:\/\/www.nb.no\/nettbutikk\/produkt\/old-norse-law-books-from-a-material-perspective\/#primaryimage","url":"https:\/\/www.nb.no\/content\/uploads\/sites\/5\/2024\/05\/E6mp-pifWn-U4mniGoxN3v_N_3Ic7pZvNzWXmtHKAf9VJtH7sOd4zuaPJDN2F8GQznv6SLyL3l7jHz1ZAohAbA.jpg","contentUrl":"https:\/\/www.nb.no\/content\/uploads\/sites\/5\/2024\/05\/E6mp-pifWn-U4mniGoxN3v_N_3Ic7pZvNzWXmtHKAf9VJtH7sOd4zuaPJDN2F8GQznv6SLyL3l7jHz1ZAohAbA.jpg","width":1238,"height":1689,"caption":"Old Norse Law Books from a Material Perspective"},{"@type":"BreadcrumbList","@id":"https:\/\/www.nb.no\/nettbutikk\/produkt\/old-norse-law-books-from-a-material-perspective\/#breadcrumb","itemListElement":[{"@type":"ListItem","position":1,"name":"Home","item":"https:\/\/www.nb.no\/nettbutikk\/"},{"@type":"ListItem","position":2,"name":"Butikk","item":"https:\/\/www.nb.no\/nettbutikk\/butikk\/"},{"@type":"ListItem","position":3,"name":"Old Norse Law Books from a Material Perspective"}]},{"@type":"WebSite","@id":"https:\/\/www.nb.no\/nettbutikk\/#website","url":"https:\/\/www.nb.no\/nettbutikk\/","name":"NB Nettbutikk","description":"","potentialAction":[{"@type":"SearchAction","target":{"@type":"EntryPoint","urlTemplate":"https:\/\/www.nb.no\/nettbutikk\/?s={search_term_string}"},"query-input":{"@type":"PropertyValueSpecification","valueRequired":true,"valueName":"search_term_string"}}],"inLanguage":"nb-NO"}]}},"_links":{"self":[{"href":"https:\/\/www.nb.no\/nettbutikk\/wp-json\/wp\/v2\/product\/19744","targetHints":{"allow":["GET"]}}],"collection":[{"href":"https:\/\/www.nb.no\/nettbutikk\/wp-json\/wp\/v2\/product"}],"about":[{"href":"https:\/\/www.nb.no\/nettbutikk\/wp-json\/wp\/v2\/types\/product"}],"wp:featuredmedia":[{"embeddable":true,"href":"https:\/\/www.nb.no\/nettbutikk\/wp-json\/wp\/v2\/media\/19741"}],"wp:attachment":[{"href":"https:\/\/www.nb.no\/nettbutikk\/wp-json\/wp\/v2\/media?parent=19744"}],"wp:term":[{"taxonomy":"product_brand","embeddable":true,"href":"https:\/\/www.nb.no\/nettbutikk\/wp-json\/wp\/v2\/product_brand?post=19744"},{"taxonomy":"product_cat","embeddable":true,"href":"https:\/\/www.nb.no\/nettbutikk\/wp-json\/wp\/v2\/product_cat?post=19744"},{"taxonomy":"product_tag","embeddable":true,"href":"https:\/\/www.nb.no\/nettbutikk\/wp-json\/wp\/v2\/product_tag?post=19744"}],"curies":[{"name":"wp","href":"https:\/\/api.w.org\/{rel}","templated":true}]}}