{"id":19731,"date":"2024-05-28T15:00:31","date_gmt":"2024-05-28T13:00:31","guid":{"rendered":"https:\/\/www.nb.no\/nettbutikk\/produkt\/piratene\/"},"modified":"2026-03-19T04:52:07","modified_gmt":"2026-03-19T03:52:07","slug":"piratene","status":"publish","type":"product","link":"https:\/\/www.nb.no\/nettbutikk\/produkt\/piratene\/","title":{"rendered":"Piratene"},"content":{"rendered":"","protected":false},"excerpt":{"rendered":"<p><i>Piratene<\/i> f\u00f8lger de tre arbeidsl\u00f8se ungdommene Ronnie, J\u00f8rgen og May i sm\u00e5byen Svolv\u00e6r i Lofoten. Mulighetene er f\u00e5 p\u00e5 stedet de bor, og fremtiden ser m\u00f8rk ut. I frustrasjon over sin h\u00e5pl\u00f8se livssituasjon lager de en piratradio, der de spiller r\u00f8lpete rock og angriper de etablerte maktstrukturene og h\u00e5pl\u00f8se arbeidsmulighetene for ungdom i byen. Oppr\u00f8ret tas ikke vel imot av myndighetene, som setter alle styrker inn for \u00e5 bringe dem til taushet. <\/p>\n<p>Utgivelsen inneholder ogs\u00e5 et hefte med en tekst skrevet av Gunnar Iversen.<\/p>\n<p>Bonusmateriale: Trailer<\/p>\n","protected":false},"featured_media":19993,"template":"","meta":{"nb_hide_title":false,"nb_breadcrumb_title_override":""},"product_brand":[],"product_cat":[1665],"product_tag":[3817,3811],"class_list":{"0":"post-19731","1":"product","2":"type-product","3":"status-publish","4":"has-post-thumbnail","6":"product_cat-filmer","7":"product_tag-film","8":"product_tag-nord-norge","10":"first","11":"instock","12":"taxable","13":"shipping-taxable","14":"purchasable","15":"product-type-simple"},"yoast_head":"<!-- This site is optimized with the Yoast SEO plugin v27.1.1 - https:\/\/yoast.com\/product\/yoast-seo-wordpress\/ -->\n<title>Piratene - NB Nettbutikk<\/title>\n<meta name=\"robots\" content=\"index, follow, max-snippet:-1, max-image-preview:large, max-video-preview:-1\" \/>\n<link rel=\"canonical\" href=\"https:\/\/www.nb.no\/nettbutikk\/produkt\/piratene\/\" \/>\n<meta property=\"og:locale\" content=\"nb_NO\" \/>\n<meta property=\"og:type\" content=\"article\" \/>\n<meta property=\"og:title\" content=\"Piratene - NB Nettbutikk\" \/>\n<meta property=\"og:description\" content=\"Piratene f\u00f8lger de tre arbeidsl\u00f8se ungdommene Ronnie, J\u00f8rgen og May i sm\u00e5byen Svolv\u00e6r i Lofoten. Mulighetene er f\u00e5 p\u00e5 stedet de bor, og fremtiden ser m\u00f8rk ut. I frustrasjon over sin h\u00e5pl\u00f8se livssituasjon lager de en piratradio, der de spiller r\u00f8lpete rock og angriper de etablerte maktstrukturene og h\u00e5pl\u00f8se arbeidsmulighetene for ungdom i byen. Oppr\u00f8ret tas ikke vel imot av myndighetene, som setter alle styrker inn for \u00e5 bringe dem til taushet.  Utgivelsen inneholder ogs\u00e5 et hefte med en tekst skrevet av Gunnar Iversen. Bonusmateriale: Trailer\" \/>\n<meta property=\"og:url\" content=\"https:\/\/www.nb.no\/nettbutikk\/produkt\/piratene\/\" \/>\n<meta property=\"og:site_name\" content=\"NB Nettbutikk\" \/>\n<meta property=\"article:modified_time\" content=\"2026-03-19T03:52:07+00:00\" \/>\n<meta property=\"og:image\" content=\"https:\/\/www.nb.no\/content\/uploads\/sites\/5\/2024\/08\/E6mp-pifWn-U4mniGoxN3v_N_3Ic7pZvNzWXmtjOUqtQdYarsL8qnrKKcmV4RJORy3yrQr-NjF6yTGsLAohAbA-3-scaled.jpg\" \/>\n\t<meta property=\"og:image:width\" content=\"2560\" \/>\n\t<meta property=\"og:image:height\" content=\"1921\" \/>\n\t<meta property=\"og:image:type\" content=\"image\/jpeg\" \/>\n<meta name=\"twitter:card\" content=\"summary_large_image\" \/>\n<meta name=\"twitter:label1\" content=\"Ansl. lesetid\" \/>\n\t<meta name=\"twitter:data1\" content=\"1 minutt\" \/>\n<script type=\"application\/ld+json\" class=\"yoast-schema-graph\">{\"@context\":\"https:\/\/schema.org\",\"@graph\":[{\"@type\":\"WebPage\",\"@id\":\"https:\/\/www.nb.no\/nettbutikk\/produkt\/piratene\/\",\"url\":\"https:\/\/www.nb.no\/nettbutikk\/produkt\/piratene\/\",\"name\":\"Piratene - NB Nettbutikk\",\"isPartOf\":{\"@id\":\"https:\/\/www.nb.no\/nettbutikk\/#website\"},\"primaryImageOfPage\":{\"@id\":\"https:\/\/www.nb.no\/nettbutikk\/produkt\/piratene\/#primaryimage\"},\"image\":{\"@id\":\"https:\/\/www.nb.no\/nettbutikk\/produkt\/piratene\/#primaryimage\"},\"thumbnailUrl\":\"https:\/\/www.nb.no\/content\/uploads\/sites\/5\/2024\/08\/E6mp-pifWn-U4mniGoxN3v_N_3Ic7pZvNzWXmtjOUqtQdYarsL8qnrKKcmV4RJORy3yrQr-NjF6yTGsLAohAbA-3-scaled.jpg\",\"datePublished\":\"2024-05-28T13:00:31+00:00\",\"dateModified\":\"2026-03-19T03:52:07+00:00\",\"breadcrumb\":{\"@id\":\"https:\/\/www.nb.no\/nettbutikk\/produkt\/piratene\/#breadcrumb\"},\"inLanguage\":\"nb-NO\",\"potentialAction\":[{\"@type\":\"ReadAction\",\"target\":[\"https:\/\/www.nb.no\/nettbutikk\/produkt\/piratene\/\"]}]},{\"@type\":\"ImageObject\",\"inLanguage\":\"nb-NO\",\"@id\":\"https:\/\/www.nb.no\/nettbutikk\/produkt\/piratene\/#primaryimage\",\"url\":\"https:\/\/www.nb.no\/content\/uploads\/sites\/5\/2024\/08\/E6mp-pifWn-U4mniGoxN3v_N_3Ic7pZvNzWXmtjOUqtQdYarsL8qnrKKcmV4RJORy3yrQr-NjF6yTGsLAohAbA-3-scaled.jpg\",\"contentUrl\":\"https:\/\/www.nb.no\/content\/uploads\/sites\/5\/2024\/08\/E6mp-pifWn-U4mniGoxN3v_N_3Ic7pZvNzWXmtjOUqtQdYarsL8qnrKKcmV4RJORy3yrQr-NjF6yTGsLAohAbA-3-scaled.jpg\",\"width\":2560,\"height\":1921,\"caption\":\"Piratene\"},{\"@type\":\"BreadcrumbList\",\"@id\":\"https:\/\/www.nb.no\/nettbutikk\/produkt\/piratene\/#breadcrumb\",\"itemListElement\":[{\"@type\":\"ListItem\",\"position\":1,\"name\":\"Home\",\"item\":\"https:\/\/www.nb.no\/nettbutikk\/\"},{\"@type\":\"ListItem\",\"position\":2,\"name\":\"Butikk\",\"item\":\"https:\/\/www.nb.no\/nettbutikk\/butikk\/\"},{\"@type\":\"ListItem\",\"position\":3,\"name\":\"Piratene\"}]},{\"@type\":\"WebSite\",\"@id\":\"https:\/\/www.nb.no\/nettbutikk\/#website\",\"url\":\"https:\/\/www.nb.no\/nettbutikk\/\",\"name\":\"NB Nettbutikk\",\"description\":\"\",\"potentialAction\":[{\"@type\":\"SearchAction\",\"target\":{\"@type\":\"EntryPoint\",\"urlTemplate\":\"https:\/\/www.nb.no\/nettbutikk\/?s={search_term_string}\"},\"query-input\":{\"@type\":\"PropertyValueSpecification\",\"valueRequired\":true,\"valueName\":\"search_term_string\"}}],\"inLanguage\":\"nb-NO\"}]}<\/script>\n<!-- \/ Yoast SEO plugin. -->","yoast_head_json":{"title":"Piratene - NB Nettbutikk","robots":{"index":"index","follow":"follow","max-snippet":"max-snippet:-1","max-image-preview":"max-image-preview:large","max-video-preview":"max-video-preview:-1"},"canonical":"https:\/\/www.nb.no\/nettbutikk\/produkt\/piratene\/","og_locale":"nb_NO","og_type":"article","og_title":"Piratene - NB Nettbutikk","og_description":"Piratene f\u00f8lger de tre arbeidsl\u00f8se ungdommene Ronnie, J\u00f8rgen og May i sm\u00e5byen Svolv\u00e6r i Lofoten. Mulighetene er f\u00e5 p\u00e5 stedet de bor, og fremtiden ser m\u00f8rk ut. I frustrasjon over sin h\u00e5pl\u00f8se livssituasjon lager de en piratradio, der de spiller r\u00f8lpete rock og angriper de etablerte maktstrukturene og h\u00e5pl\u00f8se arbeidsmulighetene for ungdom i byen. Oppr\u00f8ret tas ikke vel imot av myndighetene, som setter alle styrker inn for \u00e5 bringe dem til taushet.  Utgivelsen inneholder ogs\u00e5 et hefte med en tekst skrevet av Gunnar Iversen. Bonusmateriale: Trailer","og_url":"https:\/\/www.nb.no\/nettbutikk\/produkt\/piratene\/","og_site_name":"NB Nettbutikk","article_modified_time":"2026-03-19T03:52:07+00:00","og_image":[{"width":2560,"height":1921,"url":"https:\/\/www.nb.no\/content\/uploads\/sites\/5\/2024\/08\/E6mp-pifWn-U4mniGoxN3v_N_3Ic7pZvNzWXmtjOUqtQdYarsL8qnrKKcmV4RJORy3yrQr-NjF6yTGsLAohAbA-3-scaled.jpg","type":"image\/jpeg"}],"twitter_card":"summary_large_image","twitter_misc":{"Ansl. lesetid":"1 minutt"},"schema":{"@context":"https:\/\/schema.org","@graph":[{"@type":"WebPage","@id":"https:\/\/www.nb.no\/nettbutikk\/produkt\/piratene\/","url":"https:\/\/www.nb.no\/nettbutikk\/produkt\/piratene\/","name":"Piratene - NB Nettbutikk","isPartOf":{"@id":"https:\/\/www.nb.no\/nettbutikk\/#website"},"primaryImageOfPage":{"@id":"https:\/\/www.nb.no\/nettbutikk\/produkt\/piratene\/#primaryimage"},"image":{"@id":"https:\/\/www.nb.no\/nettbutikk\/produkt\/piratene\/#primaryimage"},"thumbnailUrl":"https:\/\/www.nb.no\/content\/uploads\/sites\/5\/2024\/08\/E6mp-pifWn-U4mniGoxN3v_N_3Ic7pZvNzWXmtjOUqtQdYarsL8qnrKKcmV4RJORy3yrQr-NjF6yTGsLAohAbA-3-scaled.jpg","datePublished":"2024-05-28T13:00:31+00:00","dateModified":"2026-03-19T03:52:07+00:00","breadcrumb":{"@id":"https:\/\/www.nb.no\/nettbutikk\/produkt\/piratene\/#breadcrumb"},"inLanguage":"nb-NO","potentialAction":[{"@type":"ReadAction","target":["https:\/\/www.nb.no\/nettbutikk\/produkt\/piratene\/"]}]},{"@type":"ImageObject","inLanguage":"nb-NO","@id":"https:\/\/www.nb.no\/nettbutikk\/produkt\/piratene\/#primaryimage","url":"https:\/\/www.nb.no\/content\/uploads\/sites\/5\/2024\/08\/E6mp-pifWn-U4mniGoxN3v_N_3Ic7pZvNzWXmtjOUqtQdYarsL8qnrKKcmV4RJORy3yrQr-NjF6yTGsLAohAbA-3-scaled.jpg","contentUrl":"https:\/\/www.nb.no\/content\/uploads\/sites\/5\/2024\/08\/E6mp-pifWn-U4mniGoxN3v_N_3Ic7pZvNzWXmtjOUqtQdYarsL8qnrKKcmV4RJORy3yrQr-NjF6yTGsLAohAbA-3-scaled.jpg","width":2560,"height":1921,"caption":"Piratene"},{"@type":"BreadcrumbList","@id":"https:\/\/www.nb.no\/nettbutikk\/produkt\/piratene\/#breadcrumb","itemListElement":[{"@type":"ListItem","position":1,"name":"Home","item":"https:\/\/www.nb.no\/nettbutikk\/"},{"@type":"ListItem","position":2,"name":"Butikk","item":"https:\/\/www.nb.no\/nettbutikk\/butikk\/"},{"@type":"ListItem","position":3,"name":"Piratene"}]},{"@type":"WebSite","@id":"https:\/\/www.nb.no\/nettbutikk\/#website","url":"https:\/\/www.nb.no\/nettbutikk\/","name":"NB Nettbutikk","description":"","potentialAction":[{"@type":"SearchAction","target":{"@type":"EntryPoint","urlTemplate":"https:\/\/www.nb.no\/nettbutikk\/?s={search_term_string}"},"query-input":{"@type":"PropertyValueSpecification","valueRequired":true,"valueName":"search_term_string"}}],"inLanguage":"nb-NO"}]}},"_links":{"self":[{"href":"https:\/\/www.nb.no\/nettbutikk\/wp-json\/wp\/v2\/product\/19731","targetHints":{"allow":["GET"]}}],"collection":[{"href":"https:\/\/www.nb.no\/nettbutikk\/wp-json\/wp\/v2\/product"}],"about":[{"href":"https:\/\/www.nb.no\/nettbutikk\/wp-json\/wp\/v2\/types\/product"}],"wp:featuredmedia":[{"embeddable":true,"href":"https:\/\/www.nb.no\/nettbutikk\/wp-json\/wp\/v2\/media\/19993"}],"wp:attachment":[{"href":"https:\/\/www.nb.no\/nettbutikk\/wp-json\/wp\/v2\/media?parent=19731"}],"wp:term":[{"taxonomy":"product_brand","embeddable":true,"href":"https:\/\/www.nb.no\/nettbutikk\/wp-json\/wp\/v2\/product_brand?post=19731"},{"taxonomy":"product_cat","embeddable":true,"href":"https:\/\/www.nb.no\/nettbutikk\/wp-json\/wp\/v2\/product_cat?post=19731"},{"taxonomy":"product_tag","embeddable":true,"href":"https:\/\/www.nb.no\/nettbutikk\/wp-json\/wp\/v2\/product_tag?post=19731"}],"curies":[{"name":"wp","href":"https:\/\/api.w.org\/{rel}","templated":true}]}}