{"id":19717,"date":"2024-05-23T13:00:27","date_gmt":"2024-05-23T11:00:27","guid":{"rendered":"https:\/\/www.nb.no\/nettbutikk\/produkt\/kristin-lavransdatter\/"},"modified":"2026-03-22T04:50:44","modified_gmt":"2026-03-22T03:50:44","slug":"kristin-lavransdatter","status":"publish","type":"product","link":"https:\/\/www.nb.no\/nettbutikk\/produkt\/kristin-lavransdatter\/","title":{"rendered":"Kristin Lavransdatter"},"content":{"rendered":"","protected":false},"excerpt":{"rendered":"<p>Filmatiseringen av Sigrid Undsets <i>Kransen<\/i>, den f\u00f8rste boken i romantrilogien om Kristin Lavransdatter, er satt til Norge p\u00e5 1300-tallet. Den skildrer Kristins oppvekst p\u00e5 familieg\u00e5rden J\u00f8rundg\u00e5rd i Gudbrandsdalen og oppholdet p\u00e5 Nonneseterkloster i Oslo som ung og nyforlovet. I Oslo m\u00f8ter Kristin Erlend Nikulauss\u00f8nn og blir stormende forelsket. Hun trosser farens \u00f8nsker og samfunnets religi\u00f8se forestillinger om synd for \u00e5 f\u00e5 den mannen hun vil ha. <\/p>\n<p>Nyutgivelsen inneholder ogs\u00e5 et hefte med et intervju med Liv Ullmann og en tekst skrevet av Ingrid Synneva Holtar. <\/p>\n<p>Bonusmateriale: Trailer og bakomfilmen <i>Portrett av en film: Kristin Lavransdatter<\/i> (Edvard Hambro, 1995)<\/p>\n","protected":false},"featured_media":19990,"template":"","meta":{"nb_hide_title":false,"nb_breadcrumb_title_override":""},"product_brand":[],"product_cat":[1665],"product_tag":[3817,3746,3859],"class_list":{"0":"post-19717","1":"product","2":"type-product","3":"status-publish","4":"has-post-thumbnail","6":"product_cat-filmer","7":"product_tag-film","8":"product_tag-middelalder","9":"product_tag-sigrid-undset","11":"first","12":"instock","13":"taxable","14":"shipping-taxable","15":"purchasable","16":"product-type-simple"},"yoast_head":"<!-- This site is optimized with the Yoast SEO plugin v27.1.1 - https:\/\/yoast.com\/product\/yoast-seo-wordpress\/ -->\n<title>Kristin Lavransdatter - NB Nettbutikk<\/title>\n<meta name=\"robots\" content=\"index, follow, max-snippet:-1, max-image-preview:large, max-video-preview:-1\" \/>\n<link rel=\"canonical\" href=\"https:\/\/www.nb.no\/nettbutikk\/produkt\/kristin-lavransdatter\/\" \/>\n<meta property=\"og:locale\" content=\"nb_NO\" \/>\n<meta property=\"og:type\" content=\"article\" \/>\n<meta property=\"og:title\" content=\"Kristin Lavransdatter - NB Nettbutikk\" \/>\n<meta property=\"og:description\" content=\"Filmatiseringen av Sigrid Undsets Kransen, den f\u00f8rste boken i romantrilogien om Kristin Lavransdatter, er satt til Norge p\u00e5 1300-tallet. Den skildrer Kristins oppvekst p\u00e5 familieg\u00e5rden J\u00f8rundg\u00e5rd i Gudbrandsdalen og oppholdet p\u00e5 Nonneseterkloster i Oslo som ung og nyforlovet. I Oslo m\u00f8ter Kristin Erlend Nikulauss\u00f8nn og blir stormende forelsket. Hun trosser farens \u00f8nsker og samfunnets religi\u00f8se forestillinger om synd for \u00e5 f\u00e5 den mannen hun vil ha.  Nyutgivelsen inneholder ogs\u00e5 et hefte med et intervju med Liv Ullmann og en tekst skrevet av Ingrid Synneva Holtar.  Bonusmateriale: Trailer og bakomfilmen Portrett av en film: Kristin Lavransdatter (Edvard Hambro, 1995)\" \/>\n<meta property=\"og:url\" content=\"https:\/\/www.nb.no\/nettbutikk\/produkt\/kristin-lavransdatter\/\" \/>\n<meta property=\"og:site_name\" content=\"NB Nettbutikk\" \/>\n<meta property=\"article:modified_time\" content=\"2026-03-22T03:50:44+00:00\" \/>\n<meta property=\"og:image\" content=\"https:\/\/www.nb.no\/content\/uploads\/sites\/5\/2024\/08\/E6mp-pifWn-U4mniGoxN3v_N_3Ic7pZvNzWXmtKdU6wGc9Ov4rMsy-bcIzR7Q5SYni-pQruI2AvjT2oMAohAbA-3-scaled.jpg\" \/>\n\t<meta property=\"og:image:width\" content=\"2560\" \/>\n\t<meta property=\"og:image:height\" content=\"1921\" \/>\n\t<meta property=\"og:image:type\" content=\"image\/jpeg\" \/>\n<meta name=\"twitter:card\" content=\"summary_large_image\" \/>\n<meta name=\"twitter:label1\" content=\"Ansl. lesetid\" \/>\n\t<meta name=\"twitter:data1\" content=\"1 minutt\" \/>\n<script type=\"application\/ld+json\" class=\"yoast-schema-graph\">{\"@context\":\"https:\/\/schema.org\",\"@graph\":[{\"@type\":\"WebPage\",\"@id\":\"https:\/\/www.nb.no\/nettbutikk\/produkt\/kristin-lavransdatter\/\",\"url\":\"https:\/\/www.nb.no\/nettbutikk\/produkt\/kristin-lavransdatter\/\",\"name\":\"Kristin Lavransdatter - NB Nettbutikk\",\"isPartOf\":{\"@id\":\"https:\/\/www.nb.no\/nettbutikk\/#website\"},\"primaryImageOfPage\":{\"@id\":\"https:\/\/www.nb.no\/nettbutikk\/produkt\/kristin-lavransdatter\/#primaryimage\"},\"image\":{\"@id\":\"https:\/\/www.nb.no\/nettbutikk\/produkt\/kristin-lavransdatter\/#primaryimage\"},\"thumbnailUrl\":\"https:\/\/www.nb.no\/content\/uploads\/sites\/5\/2024\/08\/E6mp-pifWn-U4mniGoxN3v_N_3Ic7pZvNzWXmtKdU6wGc9Ov4rMsy-bcIzR7Q5SYni-pQruI2AvjT2oMAohAbA-3-scaled.jpg\",\"datePublished\":\"2024-05-23T11:00:27+00:00\",\"dateModified\":\"2026-03-22T03:50:44+00:00\",\"breadcrumb\":{\"@id\":\"https:\/\/www.nb.no\/nettbutikk\/produkt\/kristin-lavransdatter\/#breadcrumb\"},\"inLanguage\":\"nb-NO\",\"potentialAction\":[{\"@type\":\"ReadAction\",\"target\":[\"https:\/\/www.nb.no\/nettbutikk\/produkt\/kristin-lavransdatter\/\"]}]},{\"@type\":\"ImageObject\",\"inLanguage\":\"nb-NO\",\"@id\":\"https:\/\/www.nb.no\/nettbutikk\/produkt\/kristin-lavransdatter\/#primaryimage\",\"url\":\"https:\/\/www.nb.no\/content\/uploads\/sites\/5\/2024\/08\/E6mp-pifWn-U4mniGoxN3v_N_3Ic7pZvNzWXmtKdU6wGc9Ov4rMsy-bcIzR7Q5SYni-pQruI2AvjT2oMAohAbA-3-scaled.jpg\",\"contentUrl\":\"https:\/\/www.nb.no\/content\/uploads\/sites\/5\/2024\/08\/E6mp-pifWn-U4mniGoxN3v_N_3Ic7pZvNzWXmtKdU6wGc9Ov4rMsy-bcIzR7Q5SYni-pQruI2AvjT2oMAohAbA-3-scaled.jpg\",\"width\":2560,\"height\":1921,\"caption\":\"Kristin Lavransdatter\"},{\"@type\":\"BreadcrumbList\",\"@id\":\"https:\/\/www.nb.no\/nettbutikk\/produkt\/kristin-lavransdatter\/#breadcrumb\",\"itemListElement\":[{\"@type\":\"ListItem\",\"position\":1,\"name\":\"Home\",\"item\":\"https:\/\/www.nb.no\/nettbutikk\/\"},{\"@type\":\"ListItem\",\"position\":2,\"name\":\"Butikk\",\"item\":\"https:\/\/www.nb.no\/nettbutikk\/butikk\/\"},{\"@type\":\"ListItem\",\"position\":3,\"name\":\"Kristin Lavransdatter\"}]},{\"@type\":\"WebSite\",\"@id\":\"https:\/\/www.nb.no\/nettbutikk\/#website\",\"url\":\"https:\/\/www.nb.no\/nettbutikk\/\",\"name\":\"NB Nettbutikk\",\"description\":\"\",\"potentialAction\":[{\"@type\":\"SearchAction\",\"target\":{\"@type\":\"EntryPoint\",\"urlTemplate\":\"https:\/\/www.nb.no\/nettbutikk\/?s={search_term_string}\"},\"query-input\":{\"@type\":\"PropertyValueSpecification\",\"valueRequired\":true,\"valueName\":\"search_term_string\"}}],\"inLanguage\":\"nb-NO\"}]}<\/script>\n<!-- \/ Yoast SEO plugin. -->","yoast_head_json":{"title":"Kristin Lavransdatter - NB Nettbutikk","robots":{"index":"index","follow":"follow","max-snippet":"max-snippet:-1","max-image-preview":"max-image-preview:large","max-video-preview":"max-video-preview:-1"},"canonical":"https:\/\/www.nb.no\/nettbutikk\/produkt\/kristin-lavransdatter\/","og_locale":"nb_NO","og_type":"article","og_title":"Kristin Lavransdatter - NB Nettbutikk","og_description":"Filmatiseringen av Sigrid Undsets Kransen, den f\u00f8rste boken i romantrilogien om Kristin Lavransdatter, er satt til Norge p\u00e5 1300-tallet. Den skildrer Kristins oppvekst p\u00e5 familieg\u00e5rden J\u00f8rundg\u00e5rd i Gudbrandsdalen og oppholdet p\u00e5 Nonneseterkloster i Oslo som ung og nyforlovet. I Oslo m\u00f8ter Kristin Erlend Nikulauss\u00f8nn og blir stormende forelsket. Hun trosser farens \u00f8nsker og samfunnets religi\u00f8se forestillinger om synd for \u00e5 f\u00e5 den mannen hun vil ha.  Nyutgivelsen inneholder ogs\u00e5 et hefte med et intervju med Liv Ullmann og en tekst skrevet av Ingrid Synneva Holtar.  Bonusmateriale: Trailer og bakomfilmen Portrett av en film: Kristin Lavransdatter (Edvard Hambro, 1995)","og_url":"https:\/\/www.nb.no\/nettbutikk\/produkt\/kristin-lavransdatter\/","og_site_name":"NB Nettbutikk","article_modified_time":"2026-03-22T03:50:44+00:00","og_image":[{"width":2560,"height":1921,"url":"https:\/\/www.nb.no\/content\/uploads\/sites\/5\/2024\/08\/E6mp-pifWn-U4mniGoxN3v_N_3Ic7pZvNzWXmtKdU6wGc9Ov4rMsy-bcIzR7Q5SYni-pQruI2AvjT2oMAohAbA-3-scaled.jpg","type":"image\/jpeg"}],"twitter_card":"summary_large_image","twitter_misc":{"Ansl. lesetid":"1 minutt"},"schema":{"@context":"https:\/\/schema.org","@graph":[{"@type":"WebPage","@id":"https:\/\/www.nb.no\/nettbutikk\/produkt\/kristin-lavransdatter\/","url":"https:\/\/www.nb.no\/nettbutikk\/produkt\/kristin-lavransdatter\/","name":"Kristin Lavransdatter - NB Nettbutikk","isPartOf":{"@id":"https:\/\/www.nb.no\/nettbutikk\/#website"},"primaryImageOfPage":{"@id":"https:\/\/www.nb.no\/nettbutikk\/produkt\/kristin-lavransdatter\/#primaryimage"},"image":{"@id":"https:\/\/www.nb.no\/nettbutikk\/produkt\/kristin-lavransdatter\/#primaryimage"},"thumbnailUrl":"https:\/\/www.nb.no\/content\/uploads\/sites\/5\/2024\/08\/E6mp-pifWn-U4mniGoxN3v_N_3Ic7pZvNzWXmtKdU6wGc9Ov4rMsy-bcIzR7Q5SYni-pQruI2AvjT2oMAohAbA-3-scaled.jpg","datePublished":"2024-05-23T11:00:27+00:00","dateModified":"2026-03-22T03:50:44+00:00","breadcrumb":{"@id":"https:\/\/www.nb.no\/nettbutikk\/produkt\/kristin-lavransdatter\/#breadcrumb"},"inLanguage":"nb-NO","potentialAction":[{"@type":"ReadAction","target":["https:\/\/www.nb.no\/nettbutikk\/produkt\/kristin-lavransdatter\/"]}]},{"@type":"ImageObject","inLanguage":"nb-NO","@id":"https:\/\/www.nb.no\/nettbutikk\/produkt\/kristin-lavransdatter\/#primaryimage","url":"https:\/\/www.nb.no\/content\/uploads\/sites\/5\/2024\/08\/E6mp-pifWn-U4mniGoxN3v_N_3Ic7pZvNzWXmtKdU6wGc9Ov4rMsy-bcIzR7Q5SYni-pQruI2AvjT2oMAohAbA-3-scaled.jpg","contentUrl":"https:\/\/www.nb.no\/content\/uploads\/sites\/5\/2024\/08\/E6mp-pifWn-U4mniGoxN3v_N_3Ic7pZvNzWXmtKdU6wGc9Ov4rMsy-bcIzR7Q5SYni-pQruI2AvjT2oMAohAbA-3-scaled.jpg","width":2560,"height":1921,"caption":"Kristin Lavransdatter"},{"@type":"BreadcrumbList","@id":"https:\/\/www.nb.no\/nettbutikk\/produkt\/kristin-lavransdatter\/#breadcrumb","itemListElement":[{"@type":"ListItem","position":1,"name":"Home","item":"https:\/\/www.nb.no\/nettbutikk\/"},{"@type":"ListItem","position":2,"name":"Butikk","item":"https:\/\/www.nb.no\/nettbutikk\/butikk\/"},{"@type":"ListItem","position":3,"name":"Kristin Lavransdatter"}]},{"@type":"WebSite","@id":"https:\/\/www.nb.no\/nettbutikk\/#website","url":"https:\/\/www.nb.no\/nettbutikk\/","name":"NB Nettbutikk","description":"","potentialAction":[{"@type":"SearchAction","target":{"@type":"EntryPoint","urlTemplate":"https:\/\/www.nb.no\/nettbutikk\/?s={search_term_string}"},"query-input":{"@type":"PropertyValueSpecification","valueRequired":true,"valueName":"search_term_string"}}],"inLanguage":"nb-NO"}]}},"_links":{"self":[{"href":"https:\/\/www.nb.no\/nettbutikk\/wp-json\/wp\/v2\/product\/19717","targetHints":{"allow":["GET"]}}],"collection":[{"href":"https:\/\/www.nb.no\/nettbutikk\/wp-json\/wp\/v2\/product"}],"about":[{"href":"https:\/\/www.nb.no\/nettbutikk\/wp-json\/wp\/v2\/types\/product"}],"wp:featuredmedia":[{"embeddable":true,"href":"https:\/\/www.nb.no\/nettbutikk\/wp-json\/wp\/v2\/media\/19990"}],"wp:attachment":[{"href":"https:\/\/www.nb.no\/nettbutikk\/wp-json\/wp\/v2\/media?parent=19717"}],"wp:term":[{"taxonomy":"product_brand","embeddable":true,"href":"https:\/\/www.nb.no\/nettbutikk\/wp-json\/wp\/v2\/product_brand?post=19717"},{"taxonomy":"product_cat","embeddable":true,"href":"https:\/\/www.nb.no\/nettbutikk\/wp-json\/wp\/v2\/product_cat?post=19717"},{"taxonomy":"product_tag","embeddable":true,"href":"https:\/\/www.nb.no\/nettbutikk\/wp-json\/wp\/v2\/product_tag?post=19717"}],"curies":[{"name":"wp","href":"https:\/\/api.w.org\/{rel}","templated":true}]}}