{"id":19156,"date":"2022-10-11T09:21:29","date_gmt":"2022-10-11T07:21:29","guid":{"rendered":"https:\/\/www.nb.no\/nettbutikk\/produkt\/lambertseter-trilogien-dvd-2\/"},"modified":"2026-04-15T08:20:03","modified_gmt":"2026-04-15T06:20:03","slug":"lambertseter-trilogien-dvd","status":"publish","type":"product","link":"https:\/\/www.nb.no\/nettbutikk\/produkt\/lambertseter-trilogien-dvd\/","title":{"rendered":"Lambertseter-trilogien (DVD)"},"content":{"rendered":"","protected":false},"excerpt":{"rendered":"<p><i>Lambertseter-trilogien<\/i> samler de tre komediene <i>St\u00f8v p\u00e5 hjernen<\/i> (1959), <i>S\u00f8nner av Norge<\/i> (1961) og <i>S\u00f8nner av Norge kj\u00f8per bil<\/i> (1962), som alle tematiserer arbeiderklassens nye familieliv i drabantbyen i 1950- og 60-\u00e5rene.<\/p>\n<p>Filmene er regissert av \u00d8yvind Venner\u00f8d og spilt inn p\u00e5 Lambertseter i Oslo. De er alle tre blant de st\u00f8rste publikumssuksessene i norsk \ufb01lmhistorie.<\/p>\n<p>Denne nyrestaurerte nyutgivelsen inneholder ogs\u00e5 fem opplysningsfilmer fra 1950- og 60-\u00e5rene, samt et teksthefte med essays av Leif Ove Larsen og Ulrik Eriksen. Filmene kan sees med b\u00e5de norske og engelske undertekster, og tekstheftet er p\u00e5 begge spr\u00e5k.<\/p>\n","protected":false},"featured_media":19153,"template":"","meta":{"nb_hide_title":false,"nb_breadcrumb_title_override":""},"product_brand":[],"product_cat":[1665],"product_tag":[3762,3795,3817,3792],"class_list":{"0":"post-19156","1":"product","2":"type-product","3":"status-publish","4":"has-post-thumbnail","6":"product_cat-filmer","7":"product_tag-1950-tallet","8":"product_tag-1960-tallet","9":"product_tag-film","10":"product_tag-stov-pa-hjernen","12":"first","13":"instock","14":"taxable","15":"shipping-taxable","16":"purchasable","17":"product-type-simple"},"yoast_head":"<!-- This site is optimized with the Yoast SEO plugin v27.1.1 - https:\/\/yoast.com\/product\/yoast-seo-wordpress\/ -->\n<title>Lambertseter-trilogien (DVD) - NB Nettbutikk<\/title>\n<meta name=\"robots\" content=\"index, follow, max-snippet:-1, max-image-preview:large, max-video-preview:-1\" \/>\n<link rel=\"canonical\" href=\"https:\/\/www.nb.no\/nettbutikk\/produkt\/lambertseter-trilogien-dvd\/\" \/>\n<meta property=\"og:locale\" content=\"nb_NO\" \/>\n<meta property=\"og:type\" content=\"article\" \/>\n<meta property=\"og:title\" content=\"Lambertseter-trilogien (DVD) - NB Nettbutikk\" \/>\n<meta property=\"og:description\" content=\"Lambertseter-trilogien samler de tre komediene St\u00f8v p\u00e5 hjernen (1959), S\u00f8nner av Norge (1961) og S\u00f8nner av Norge kj\u00f8per bil (1962), som alle tematiserer arbeiderklassens nye familieliv i drabantbyen i 1950- og 60-\u00e5rene. Filmene er regissert av \u00d8yvind Venner\u00f8d og spilt inn p\u00e5 Lambertseter i Oslo. De er alle tre blant de st\u00f8rste publikumssuksessene i norsk \ufb01lmhistorie. Denne nyrestaurerte nyutgivelsen inneholder ogs\u00e5 fem opplysningsfilmer fra 1950- og 60-\u00e5rene, samt et teksthefte med essays av Leif Ove Larsen og Ulrik Eriksen. Filmene kan sees med b\u00e5de norske og engelske undertekster, og tekstheftet er p\u00e5 begge spr\u00e5k.\" \/>\n<meta property=\"og:url\" content=\"https:\/\/www.nb.no\/nettbutikk\/produkt\/lambertseter-trilogien-dvd\/\" \/>\n<meta property=\"og:site_name\" content=\"NB Nettbutikk\" \/>\n<meta property=\"article:modified_time\" content=\"2026-04-15T06:20:03+00:00\" \/>\n<meta property=\"og:image\" content=\"https:\/\/www.nb.no\/content\/uploads\/sites\/5\/2024\/02\/E6mp-pifWn-U4mniGoxN3v_N_3Ic7pZvNzWXmoOZBP0BcICrsrMvyeXaImcvQsPEzHz-SeiJi1m1GjhdAohAbA-scaled.jpg\" \/>\n\t<meta property=\"og:image:width\" content=\"2560\" \/>\n\t<meta property=\"og:image:height\" content=\"1921\" \/>\n\t<meta property=\"og:image:type\" content=\"image\/jpeg\" \/>\n<meta name=\"twitter:card\" content=\"summary_large_image\" \/>\n<meta name=\"twitter:label1\" content=\"Ansl. lesetid\" \/>\n\t<meta name=\"twitter:data1\" content=\"1 minutt\" \/>\n<script type=\"application\/ld+json\" class=\"yoast-schema-graph\">{\"@context\":\"https:\/\/schema.org\",\"@graph\":[{\"@type\":\"WebPage\",\"@id\":\"https:\/\/www.nb.no\/nettbutikk\/produkt\/lambertseter-trilogien-dvd\/\",\"url\":\"https:\/\/www.nb.no\/nettbutikk\/produkt\/lambertseter-trilogien-dvd\/\",\"name\":\"Lambertseter-trilogien (DVD) - NB Nettbutikk\",\"isPartOf\":{\"@id\":\"https:\/\/www.nb.no\/nettbutikk\/#website\"},\"primaryImageOfPage\":{\"@id\":\"https:\/\/www.nb.no\/nettbutikk\/produkt\/lambertseter-trilogien-dvd\/#primaryimage\"},\"image\":{\"@id\":\"https:\/\/www.nb.no\/nettbutikk\/produkt\/lambertseter-trilogien-dvd\/#primaryimage\"},\"thumbnailUrl\":\"https:\/\/www.nb.no\/content\/uploads\/sites\/5\/2024\/02\/E6mp-pifWn-U4mniGoxN3v_N_3Ic7pZvNzWXmoOZBP0BcICrsrMvyeXaImcvQsPEzHz-SeiJi1m1GjhdAohAbA-scaled.jpg\",\"datePublished\":\"2022-10-11T07:21:29+00:00\",\"dateModified\":\"2026-04-15T06:20:03+00:00\",\"breadcrumb\":{\"@id\":\"https:\/\/www.nb.no\/nettbutikk\/produkt\/lambertseter-trilogien-dvd\/#breadcrumb\"},\"inLanguage\":\"nb-NO\",\"potentialAction\":[{\"@type\":\"ReadAction\",\"target\":[\"https:\/\/www.nb.no\/nettbutikk\/produkt\/lambertseter-trilogien-dvd\/\"]}]},{\"@type\":\"ImageObject\",\"inLanguage\":\"nb-NO\",\"@id\":\"https:\/\/www.nb.no\/nettbutikk\/produkt\/lambertseter-trilogien-dvd\/#primaryimage\",\"url\":\"https:\/\/www.nb.no\/content\/uploads\/sites\/5\/2024\/02\/E6mp-pifWn-U4mniGoxN3v_N_3Ic7pZvNzWXmoOZBP0BcICrsrMvyeXaImcvQsPEzHz-SeiJi1m1GjhdAohAbA-scaled.jpg\",\"contentUrl\":\"https:\/\/www.nb.no\/content\/uploads\/sites\/5\/2024\/02\/E6mp-pifWn-U4mniGoxN3v_N_3Ic7pZvNzWXmoOZBP0BcICrsrMvyeXaImcvQsPEzHz-SeiJi1m1GjhdAohAbA-scaled.jpg\",\"width\":2560,\"height\":1921,\"caption\":\"Lambertseter-trilogien (DVD)\"},{\"@type\":\"BreadcrumbList\",\"@id\":\"https:\/\/www.nb.no\/nettbutikk\/produkt\/lambertseter-trilogien-dvd\/#breadcrumb\",\"itemListElement\":[{\"@type\":\"ListItem\",\"position\":1,\"name\":\"Home\",\"item\":\"https:\/\/www.nb.no\/nettbutikk\/\"},{\"@type\":\"ListItem\",\"position\":2,\"name\":\"Butikk\",\"item\":\"https:\/\/www.nb.no\/nettbutikk\/butikk\/\"},{\"@type\":\"ListItem\",\"position\":3,\"name\":\"Lambertseter-trilogien (DVD)\"}]},{\"@type\":\"WebSite\",\"@id\":\"https:\/\/www.nb.no\/nettbutikk\/#website\",\"url\":\"https:\/\/www.nb.no\/nettbutikk\/\",\"name\":\"NB Nettbutikk\",\"description\":\"\",\"potentialAction\":[{\"@type\":\"SearchAction\",\"target\":{\"@type\":\"EntryPoint\",\"urlTemplate\":\"https:\/\/www.nb.no\/nettbutikk\/?s={search_term_string}\"},\"query-input\":{\"@type\":\"PropertyValueSpecification\",\"valueRequired\":true,\"valueName\":\"search_term_string\"}}],\"inLanguage\":\"nb-NO\"}]}<\/script>\n<!-- \/ Yoast SEO plugin. -->","yoast_head_json":{"title":"Lambertseter-trilogien (DVD) - NB Nettbutikk","robots":{"index":"index","follow":"follow","max-snippet":"max-snippet:-1","max-image-preview":"max-image-preview:large","max-video-preview":"max-video-preview:-1"},"canonical":"https:\/\/www.nb.no\/nettbutikk\/produkt\/lambertseter-trilogien-dvd\/","og_locale":"nb_NO","og_type":"article","og_title":"Lambertseter-trilogien (DVD) - NB Nettbutikk","og_description":"Lambertseter-trilogien samler de tre komediene St\u00f8v p\u00e5 hjernen (1959), S\u00f8nner av Norge (1961) og S\u00f8nner av Norge kj\u00f8per bil (1962), som alle tematiserer arbeiderklassens nye familieliv i drabantbyen i 1950- og 60-\u00e5rene. Filmene er regissert av \u00d8yvind Venner\u00f8d og spilt inn p\u00e5 Lambertseter i Oslo. De er alle tre blant de st\u00f8rste publikumssuksessene i norsk \ufb01lmhistorie. Denne nyrestaurerte nyutgivelsen inneholder ogs\u00e5 fem opplysningsfilmer fra 1950- og 60-\u00e5rene, samt et teksthefte med essays av Leif Ove Larsen og Ulrik Eriksen. Filmene kan sees med b\u00e5de norske og engelske undertekster, og tekstheftet er p\u00e5 begge spr\u00e5k.","og_url":"https:\/\/www.nb.no\/nettbutikk\/produkt\/lambertseter-trilogien-dvd\/","og_site_name":"NB Nettbutikk","article_modified_time":"2026-04-15T06:20:03+00:00","og_image":[{"width":2560,"height":1921,"url":"https:\/\/www.nb.no\/content\/uploads\/sites\/5\/2024\/02\/E6mp-pifWn-U4mniGoxN3v_N_3Ic7pZvNzWXmoOZBP0BcICrsrMvyeXaImcvQsPEzHz-SeiJi1m1GjhdAohAbA-scaled.jpg","type":"image\/jpeg"}],"twitter_card":"summary_large_image","twitter_misc":{"Ansl. lesetid":"1 minutt"},"schema":{"@context":"https:\/\/schema.org","@graph":[{"@type":"WebPage","@id":"https:\/\/www.nb.no\/nettbutikk\/produkt\/lambertseter-trilogien-dvd\/","url":"https:\/\/www.nb.no\/nettbutikk\/produkt\/lambertseter-trilogien-dvd\/","name":"Lambertseter-trilogien (DVD) - NB Nettbutikk","isPartOf":{"@id":"https:\/\/www.nb.no\/nettbutikk\/#website"},"primaryImageOfPage":{"@id":"https:\/\/www.nb.no\/nettbutikk\/produkt\/lambertseter-trilogien-dvd\/#primaryimage"},"image":{"@id":"https:\/\/www.nb.no\/nettbutikk\/produkt\/lambertseter-trilogien-dvd\/#primaryimage"},"thumbnailUrl":"https:\/\/www.nb.no\/content\/uploads\/sites\/5\/2024\/02\/E6mp-pifWn-U4mniGoxN3v_N_3Ic7pZvNzWXmoOZBP0BcICrsrMvyeXaImcvQsPEzHz-SeiJi1m1GjhdAohAbA-scaled.jpg","datePublished":"2022-10-11T07:21:29+00:00","dateModified":"2026-04-15T06:20:03+00:00","breadcrumb":{"@id":"https:\/\/www.nb.no\/nettbutikk\/produkt\/lambertseter-trilogien-dvd\/#breadcrumb"},"inLanguage":"nb-NO","potentialAction":[{"@type":"ReadAction","target":["https:\/\/www.nb.no\/nettbutikk\/produkt\/lambertseter-trilogien-dvd\/"]}]},{"@type":"ImageObject","inLanguage":"nb-NO","@id":"https:\/\/www.nb.no\/nettbutikk\/produkt\/lambertseter-trilogien-dvd\/#primaryimage","url":"https:\/\/www.nb.no\/content\/uploads\/sites\/5\/2024\/02\/E6mp-pifWn-U4mniGoxN3v_N_3Ic7pZvNzWXmoOZBP0BcICrsrMvyeXaImcvQsPEzHz-SeiJi1m1GjhdAohAbA-scaled.jpg","contentUrl":"https:\/\/www.nb.no\/content\/uploads\/sites\/5\/2024\/02\/E6mp-pifWn-U4mniGoxN3v_N_3Ic7pZvNzWXmoOZBP0BcICrsrMvyeXaImcvQsPEzHz-SeiJi1m1GjhdAohAbA-scaled.jpg","width":2560,"height":1921,"caption":"Lambertseter-trilogien (DVD)"},{"@type":"BreadcrumbList","@id":"https:\/\/www.nb.no\/nettbutikk\/produkt\/lambertseter-trilogien-dvd\/#breadcrumb","itemListElement":[{"@type":"ListItem","position":1,"name":"Home","item":"https:\/\/www.nb.no\/nettbutikk\/"},{"@type":"ListItem","position":2,"name":"Butikk","item":"https:\/\/www.nb.no\/nettbutikk\/butikk\/"},{"@type":"ListItem","position":3,"name":"Lambertseter-trilogien (DVD)"}]},{"@type":"WebSite","@id":"https:\/\/www.nb.no\/nettbutikk\/#website","url":"https:\/\/www.nb.no\/nettbutikk\/","name":"NB Nettbutikk","description":"","potentialAction":[{"@type":"SearchAction","target":{"@type":"EntryPoint","urlTemplate":"https:\/\/www.nb.no\/nettbutikk\/?s={search_term_string}"},"query-input":{"@type":"PropertyValueSpecification","valueRequired":true,"valueName":"search_term_string"}}],"inLanguage":"nb-NO"}]}},"_links":{"self":[{"href":"https:\/\/www.nb.no\/nettbutikk\/wp-json\/wp\/v2\/product\/19156","targetHints":{"allow":["GET"]}}],"collection":[{"href":"https:\/\/www.nb.no\/nettbutikk\/wp-json\/wp\/v2\/product"}],"about":[{"href":"https:\/\/www.nb.no\/nettbutikk\/wp-json\/wp\/v2\/types\/product"}],"wp:featuredmedia":[{"embeddable":true,"href":"https:\/\/www.nb.no\/nettbutikk\/wp-json\/wp\/v2\/media\/19153"}],"wp:attachment":[{"href":"https:\/\/www.nb.no\/nettbutikk\/wp-json\/wp\/v2\/media?parent=19156"}],"wp:term":[{"taxonomy":"product_brand","embeddable":true,"href":"https:\/\/www.nb.no\/nettbutikk\/wp-json\/wp\/v2\/product_brand?post=19156"},{"taxonomy":"product_cat","embeddable":true,"href":"https:\/\/www.nb.no\/nettbutikk\/wp-json\/wp\/v2\/product_cat?post=19156"},{"taxonomy":"product_tag","embeddable":true,"href":"https:\/\/www.nb.no\/nettbutikk\/wp-json\/wp\/v2\/product_tag?post=19156"}],"curies":[{"name":"wp","href":"https:\/\/api.w.org\/{rel}","templated":true}]}}