{"id":19038,"date":"2024-02-06T15:00:29","date_gmt":"2024-02-06T14:00:29","guid":{"rendered":"https:\/\/www.nb.no\/nettbutikk\/produkt\/magnus-hakonsson-lagabotes-kirkelige-lovgivning\/"},"modified":"2026-04-15T08:20:24","modified_gmt":"2026-04-15T06:20:24","slug":"magnus-hakonsson-lagabotes-kirkelige-lovgivning","status":"publish","type":"product","link":"https:\/\/www.nb.no\/nettbutikk\/produkt\/magnus-hakonsson-lagabotes-kirkelige-lovgivning\/","title":{"rendered":"Magnus H\u00e5konsson Lagab\u00f8tes kirkelige lovgivning"},"content":{"rendered":"","protected":false},"excerpt":{"rendered":"<p><a href=\"https:\/\/www.bokselskap.no\/boker\/kirkeliglovgivning\">Du kan lese boka p\u00e5 nett her<\/a><\/p>\n<p>Etter opprettelsen av erkebispesetet i Nidaros i 1152\/3 var kirken i Norge direkte underlagt paven i Roma, og derfor en selvstendig maktfaktor som i det meste var uavhengig av kongemakten, og gjerne ogs\u00e5 i konkurranse med den. I 1260- og 70-\u00e5rene begynte kongene arbeidet med \u00e5 oppdatere og konsolidere landskapslovene, som var ulike i de fire store lagd\u00f8mmene: Gulating, Frostating, Eidsivating og Borgarting. Landskapslovene inneholdt egne bolker med kristenrett, som gjaldt regler for d\u00e5p, ekteskap, faste, begravelse og mye mer, som allmuen trengte for \u00e5 leve i tr\u00e5d med den kristne religionen. Men kongen hadde ingen jurisdiksjon i disse sakene, mente erkebiskopen, og kongen kunne derfor heller ikke gi noen lovbok som inneholdt slike regler. Bedre ble det ikke av at kongen \u00f8nsket seg en deling av b\u00f8teinntektene fra kristenrettssakene, slik at halvparten skulle g\u00e5 til kongen og halvparten til biskopen. Kong Magnus Lagab\u00f8tes fors\u00f8k p\u00e5 \u00e5 vedta en ny lovbok for Frostating i 1269 ble derfor startskuddet for den konflikten som etter hvert ble avsluttet i T\u00f8nsberg nesten ti \u00e5r senere.<\/p>\n<p>I denne utgaven utgis kong Magnus H\u00e5konsson Lagab\u00f8tes kristenrett, samt forlikene mellom konge og erkebiskop fra 1273 og 1277, ofte kalt Bergenskonkordatet og S\u00e6ttargjerden.<\/p>\n","protected":false},"featured_media":19035,"template":"","meta":{"nb_hide_title":false,"nb_breadcrumb_title_override":""},"product_brand":[],"product_cat":[1377],"product_tag":[3746,3745],"class_list":{"0":"post-19038","1":"product","2":"type-product","3":"status-publish","4":"has-post-thumbnail","6":"product_cat-nb-kilder","7":"product_tag-middelalder","8":"product_tag-middelalderlover","10":"first","11":"instock","12":"shipping-taxable","13":"purchasable","14":"product-type-simple"},"yoast_head":"<!-- This site is optimized with the Yoast SEO plugin v27.1.1 - https:\/\/yoast.com\/product\/yoast-seo-wordpress\/ -->\n<title>Magnus H\u00e5konsson Lagab\u00f8tes kirkelige lovgivning - NB Nettbutikk<\/title>\n<meta name=\"robots\" content=\"index, follow, max-snippet:-1, max-image-preview:large, max-video-preview:-1\" \/>\n<link rel=\"canonical\" href=\"https:\/\/www.nb.no\/nettbutikk\/produkt\/magnus-hakonsson-lagabotes-kirkelige-lovgivning\/\" \/>\n<meta property=\"og:locale\" content=\"nb_NO\" \/>\n<meta property=\"og:type\" content=\"article\" \/>\n<meta property=\"og:title\" content=\"Magnus H\u00e5konsson Lagab\u00f8tes kirkelige lovgivning - NB Nettbutikk\" \/>\n<meta property=\"og:description\" content=\"Du kan lese boka p\u00e5 nett her Etter opprettelsen av erkebispesetet i Nidaros i 1152\/3 var kirken i Norge direkte underlagt paven i Roma, og derfor en selvstendig maktfaktor som i det meste var uavhengig av kongemakten, og gjerne ogs\u00e5 i konkurranse med den. I 1260- og 70-\u00e5rene begynte kongene arbeidet med \u00e5 oppdatere og konsolidere landskapslovene, som var ulike i de fire store lagd\u00f8mmene: Gulating, Frostating, Eidsivating og Borgarting. Landskapslovene inneholdt egne bolker med kristenrett, som gjaldt regler for d\u00e5p, ekteskap, faste, begravelse og mye mer, som allmuen trengte for \u00e5 leve i tr\u00e5d med den kristne religionen. Men kongen hadde ingen jurisdiksjon i disse sakene, mente erkebiskopen, og kongen kunne derfor heller ikke gi noen lovbok som inneholdt slike regler. Bedre ble det ikke av at kongen \u00f8nsket seg en deling av b\u00f8teinntektene fra kristenrettssakene, slik at halvparten skulle g\u00e5 til kongen og halvparten til biskopen. Kong Magnus Lagab\u00f8tes fors\u00f8k p\u00e5 \u00e5 vedta en ny lovbok for Frostating i 1269 ble derfor startskuddet for den konflikten som etter hvert ble avsluttet i T\u00f8nsberg nesten ti \u00e5r senere. I denne utgaven utgis kong Magnus H\u00e5konsson Lagab\u00f8tes kristenrett, samt forlikene mellom konge og erkebiskop fra 1273 og 1277, ofte kalt Bergenskonkordatet og S\u00e6ttargjerden.\" \/>\n<meta property=\"og:url\" content=\"https:\/\/www.nb.no\/nettbutikk\/produkt\/magnus-hakonsson-lagabotes-kirkelige-lovgivning\/\" \/>\n<meta property=\"og:site_name\" content=\"NB Nettbutikk\" \/>\n<meta property=\"article:modified_time\" content=\"2026-04-15T06:20:24+00:00\" \/>\n<meta property=\"og:image\" content=\"https:\/\/www.nb.no\/content\/uploads\/sites\/5\/2024\/02\/E6mp-pifWn-U4mniGoxN3v_N_3Ic7pZvNzWXmtGcU_gBddao4ud8mrbadWd8EMeQyS-oQbiM3V6zHDxTAohAbA.jpg\" \/>\n\t<meta property=\"og:image:width\" content=\"1024\" \/>\n\t<meta property=\"og:image:height\" content=\"1654\" \/>\n\t<meta property=\"og:image:type\" content=\"image\/jpeg\" \/>\n<meta name=\"twitter:card\" content=\"summary_large_image\" \/>\n<meta name=\"twitter:label1\" content=\"Ansl. lesetid\" \/>\n\t<meta name=\"twitter:data1\" content=\"1 minutt\" \/>\n<script type=\"application\/ld+json\" class=\"yoast-schema-graph\">{\"@context\":\"https:\/\/schema.org\",\"@graph\":[{\"@type\":\"WebPage\",\"@id\":\"https:\/\/www.nb.no\/nettbutikk\/produkt\/magnus-hakonsson-lagabotes-kirkelige-lovgivning\/\",\"url\":\"https:\/\/www.nb.no\/nettbutikk\/produkt\/magnus-hakonsson-lagabotes-kirkelige-lovgivning\/\",\"name\":\"Magnus H\u00e5konsson Lagab\u00f8tes kirkelige lovgivning - NB Nettbutikk\",\"isPartOf\":{\"@id\":\"https:\/\/www.nb.no\/nettbutikk\/#website\"},\"primaryImageOfPage\":{\"@id\":\"https:\/\/www.nb.no\/nettbutikk\/produkt\/magnus-hakonsson-lagabotes-kirkelige-lovgivning\/#primaryimage\"},\"image\":{\"@id\":\"https:\/\/www.nb.no\/nettbutikk\/produkt\/magnus-hakonsson-lagabotes-kirkelige-lovgivning\/#primaryimage\"},\"thumbnailUrl\":\"https:\/\/www.nb.no\/content\/uploads\/sites\/5\/2024\/02\/E6mp-pifWn-U4mniGoxN3v_N_3Ic7pZvNzWXmtGcU_gBddao4ud8mrbadWd8EMeQyS-oQbiM3V6zHDxTAohAbA.jpg\",\"datePublished\":\"2024-02-06T14:00:29+00:00\",\"dateModified\":\"2026-04-15T06:20:24+00:00\",\"breadcrumb\":{\"@id\":\"https:\/\/www.nb.no\/nettbutikk\/produkt\/magnus-hakonsson-lagabotes-kirkelige-lovgivning\/#breadcrumb\"},\"inLanguage\":\"nb-NO\",\"potentialAction\":[{\"@type\":\"ReadAction\",\"target\":[\"https:\/\/www.nb.no\/nettbutikk\/produkt\/magnus-hakonsson-lagabotes-kirkelige-lovgivning\/\"]}]},{\"@type\":\"ImageObject\",\"inLanguage\":\"nb-NO\",\"@id\":\"https:\/\/www.nb.no\/nettbutikk\/produkt\/magnus-hakonsson-lagabotes-kirkelige-lovgivning\/#primaryimage\",\"url\":\"https:\/\/www.nb.no\/content\/uploads\/sites\/5\/2024\/02\/E6mp-pifWn-U4mniGoxN3v_N_3Ic7pZvNzWXmtGcU_gBddao4ud8mrbadWd8EMeQyS-oQbiM3V6zHDxTAohAbA.jpg\",\"contentUrl\":\"https:\/\/www.nb.no\/content\/uploads\/sites\/5\/2024\/02\/E6mp-pifWn-U4mniGoxN3v_N_3Ic7pZvNzWXmtGcU_gBddao4ud8mrbadWd8EMeQyS-oQbiM3V6zHDxTAohAbA.jpg\",\"width\":1024,\"height\":1654,\"caption\":\"Magnus H\u00e5konsson Lagab\u00f8tes kirkelige lovgivning\"},{\"@type\":\"BreadcrumbList\",\"@id\":\"https:\/\/www.nb.no\/nettbutikk\/produkt\/magnus-hakonsson-lagabotes-kirkelige-lovgivning\/#breadcrumb\",\"itemListElement\":[{\"@type\":\"ListItem\",\"position\":1,\"name\":\"Home\",\"item\":\"https:\/\/www.nb.no\/nettbutikk\/\"},{\"@type\":\"ListItem\",\"position\":2,\"name\":\"Butikk\",\"item\":\"https:\/\/www.nb.no\/nettbutikk\/butikk\/\"},{\"@type\":\"ListItem\",\"position\":3,\"name\":\"Magnus H\u00e5konsson Lagab\u00f8tes kirkelige lovgivning\"}]},{\"@type\":\"WebSite\",\"@id\":\"https:\/\/www.nb.no\/nettbutikk\/#website\",\"url\":\"https:\/\/www.nb.no\/nettbutikk\/\",\"name\":\"NB Nettbutikk\",\"description\":\"\",\"potentialAction\":[{\"@type\":\"SearchAction\",\"target\":{\"@type\":\"EntryPoint\",\"urlTemplate\":\"https:\/\/www.nb.no\/nettbutikk\/?s={search_term_string}\"},\"query-input\":{\"@type\":\"PropertyValueSpecification\",\"valueRequired\":true,\"valueName\":\"search_term_string\"}}],\"inLanguage\":\"nb-NO\"}]}<\/script>\n<!-- \/ Yoast SEO plugin. -->","yoast_head_json":{"title":"Magnus H\u00e5konsson Lagab\u00f8tes kirkelige lovgivning - NB Nettbutikk","robots":{"index":"index","follow":"follow","max-snippet":"max-snippet:-1","max-image-preview":"max-image-preview:large","max-video-preview":"max-video-preview:-1"},"canonical":"https:\/\/www.nb.no\/nettbutikk\/produkt\/magnus-hakonsson-lagabotes-kirkelige-lovgivning\/","og_locale":"nb_NO","og_type":"article","og_title":"Magnus H\u00e5konsson Lagab\u00f8tes kirkelige lovgivning - NB Nettbutikk","og_description":"Du kan lese boka p\u00e5 nett her Etter opprettelsen av erkebispesetet i Nidaros i 1152\/3 var kirken i Norge direkte underlagt paven i Roma, og derfor en selvstendig maktfaktor som i det meste var uavhengig av kongemakten, og gjerne ogs\u00e5 i konkurranse med den. I 1260- og 70-\u00e5rene begynte kongene arbeidet med \u00e5 oppdatere og konsolidere landskapslovene, som var ulike i de fire store lagd\u00f8mmene: Gulating, Frostating, Eidsivating og Borgarting. Landskapslovene inneholdt egne bolker med kristenrett, som gjaldt regler for d\u00e5p, ekteskap, faste, begravelse og mye mer, som allmuen trengte for \u00e5 leve i tr\u00e5d med den kristne religionen. Men kongen hadde ingen jurisdiksjon i disse sakene, mente erkebiskopen, og kongen kunne derfor heller ikke gi noen lovbok som inneholdt slike regler. Bedre ble det ikke av at kongen \u00f8nsket seg en deling av b\u00f8teinntektene fra kristenrettssakene, slik at halvparten skulle g\u00e5 til kongen og halvparten til biskopen. Kong Magnus Lagab\u00f8tes fors\u00f8k p\u00e5 \u00e5 vedta en ny lovbok for Frostating i 1269 ble derfor startskuddet for den konflikten som etter hvert ble avsluttet i T\u00f8nsberg nesten ti \u00e5r senere. I denne utgaven utgis kong Magnus H\u00e5konsson Lagab\u00f8tes kristenrett, samt forlikene mellom konge og erkebiskop fra 1273 og 1277, ofte kalt Bergenskonkordatet og S\u00e6ttargjerden.","og_url":"https:\/\/www.nb.no\/nettbutikk\/produkt\/magnus-hakonsson-lagabotes-kirkelige-lovgivning\/","og_site_name":"NB Nettbutikk","article_modified_time":"2026-04-15T06:20:24+00:00","og_image":[{"width":1024,"height":1654,"url":"https:\/\/www.nb.no\/content\/uploads\/sites\/5\/2024\/02\/E6mp-pifWn-U4mniGoxN3v_N_3Ic7pZvNzWXmtGcU_gBddao4ud8mrbadWd8EMeQyS-oQbiM3V6zHDxTAohAbA.jpg","type":"image\/jpeg"}],"twitter_card":"summary_large_image","twitter_misc":{"Ansl. lesetid":"1 minutt"},"schema":{"@context":"https:\/\/schema.org","@graph":[{"@type":"WebPage","@id":"https:\/\/www.nb.no\/nettbutikk\/produkt\/magnus-hakonsson-lagabotes-kirkelige-lovgivning\/","url":"https:\/\/www.nb.no\/nettbutikk\/produkt\/magnus-hakonsson-lagabotes-kirkelige-lovgivning\/","name":"Magnus H\u00e5konsson Lagab\u00f8tes kirkelige lovgivning - NB Nettbutikk","isPartOf":{"@id":"https:\/\/www.nb.no\/nettbutikk\/#website"},"primaryImageOfPage":{"@id":"https:\/\/www.nb.no\/nettbutikk\/produkt\/magnus-hakonsson-lagabotes-kirkelige-lovgivning\/#primaryimage"},"image":{"@id":"https:\/\/www.nb.no\/nettbutikk\/produkt\/magnus-hakonsson-lagabotes-kirkelige-lovgivning\/#primaryimage"},"thumbnailUrl":"https:\/\/www.nb.no\/content\/uploads\/sites\/5\/2024\/02\/E6mp-pifWn-U4mniGoxN3v_N_3Ic7pZvNzWXmtGcU_gBddao4ud8mrbadWd8EMeQyS-oQbiM3V6zHDxTAohAbA.jpg","datePublished":"2024-02-06T14:00:29+00:00","dateModified":"2026-04-15T06:20:24+00:00","breadcrumb":{"@id":"https:\/\/www.nb.no\/nettbutikk\/produkt\/magnus-hakonsson-lagabotes-kirkelige-lovgivning\/#breadcrumb"},"inLanguage":"nb-NO","potentialAction":[{"@type":"ReadAction","target":["https:\/\/www.nb.no\/nettbutikk\/produkt\/magnus-hakonsson-lagabotes-kirkelige-lovgivning\/"]}]},{"@type":"ImageObject","inLanguage":"nb-NO","@id":"https:\/\/www.nb.no\/nettbutikk\/produkt\/magnus-hakonsson-lagabotes-kirkelige-lovgivning\/#primaryimage","url":"https:\/\/www.nb.no\/content\/uploads\/sites\/5\/2024\/02\/E6mp-pifWn-U4mniGoxN3v_N_3Ic7pZvNzWXmtGcU_gBddao4ud8mrbadWd8EMeQyS-oQbiM3V6zHDxTAohAbA.jpg","contentUrl":"https:\/\/www.nb.no\/content\/uploads\/sites\/5\/2024\/02\/E6mp-pifWn-U4mniGoxN3v_N_3Ic7pZvNzWXmtGcU_gBddao4ud8mrbadWd8EMeQyS-oQbiM3V6zHDxTAohAbA.jpg","width":1024,"height":1654,"caption":"Magnus H\u00e5konsson Lagab\u00f8tes kirkelige lovgivning"},{"@type":"BreadcrumbList","@id":"https:\/\/www.nb.no\/nettbutikk\/produkt\/magnus-hakonsson-lagabotes-kirkelige-lovgivning\/#breadcrumb","itemListElement":[{"@type":"ListItem","position":1,"name":"Home","item":"https:\/\/www.nb.no\/nettbutikk\/"},{"@type":"ListItem","position":2,"name":"Butikk","item":"https:\/\/www.nb.no\/nettbutikk\/butikk\/"},{"@type":"ListItem","position":3,"name":"Magnus H\u00e5konsson Lagab\u00f8tes kirkelige lovgivning"}]},{"@type":"WebSite","@id":"https:\/\/www.nb.no\/nettbutikk\/#website","url":"https:\/\/www.nb.no\/nettbutikk\/","name":"NB Nettbutikk","description":"","potentialAction":[{"@type":"SearchAction","target":{"@type":"EntryPoint","urlTemplate":"https:\/\/www.nb.no\/nettbutikk\/?s={search_term_string}"},"query-input":{"@type":"PropertyValueSpecification","valueRequired":true,"valueName":"search_term_string"}}],"inLanguage":"nb-NO"}]}},"_links":{"self":[{"href":"https:\/\/www.nb.no\/nettbutikk\/wp-json\/wp\/v2\/product\/19038","targetHints":{"allow":["GET"]}}],"collection":[{"href":"https:\/\/www.nb.no\/nettbutikk\/wp-json\/wp\/v2\/product"}],"about":[{"href":"https:\/\/www.nb.no\/nettbutikk\/wp-json\/wp\/v2\/types\/product"}],"wp:featuredmedia":[{"embeddable":true,"href":"https:\/\/www.nb.no\/nettbutikk\/wp-json\/wp\/v2\/media\/19035"}],"wp:attachment":[{"href":"https:\/\/www.nb.no\/nettbutikk\/wp-json\/wp\/v2\/media?parent=19038"}],"wp:term":[{"taxonomy":"product_brand","embeddable":true,"href":"https:\/\/www.nb.no\/nettbutikk\/wp-json\/wp\/v2\/product_brand?post=19038"},{"taxonomy":"product_cat","embeddable":true,"href":"https:\/\/www.nb.no\/nettbutikk\/wp-json\/wp\/v2\/product_cat?post=19038"},{"taxonomy":"product_tag","embeddable":true,"href":"https:\/\/www.nb.no\/nettbutikk\/wp-json\/wp\/v2\/product_tag?post=19038"}],"curies":[{"name":"wp","href":"https:\/\/api.w.org\/{rel}","templated":true}]}}