{"id":18460,"date":"2024-02-01T10:00:57","date_gmt":"2024-02-01T09:00:57","guid":{"rendered":"https:\/\/www.nb.no\/nettbutikk\/produkt\/praktutgave-magnus-lagabotes-landslov\/"},"modified":"2026-03-05T04:48:20","modified_gmt":"2026-03-05T03:48:20","slug":"praktutgave-magnus-lagabotes-landslov","status":"publish","type":"product","link":"https:\/\/www.nb.no\/nettbutikk\/produkt\/praktutgave-magnus-lagabotes-landslov\/","title":{"rendered":"Praktutg\u00e5ve: Magnus Lagab\u00f8tes landslov"},"content":{"rendered":"","protected":false},"excerpt":{"rendered":"<p>Magnus Lagab\u00f8tes landslov blei innf\u00f8rt i 1274. I denne lova ligg spirene til b\u00e5de den norske rettsstaten og den folkelege medbestemminga i styre og stell som er ein f\u00f8resetnad for demokratiet v\u00e5rt. I h\u00f8ve Landslovjubileet 2024 gir Nasjonalbiblioteket ut ei praktutg\u00e5ve av Landslova i ny omsetjing. Praktutg\u00e5va har ei s\u00e6rs vakker utforming, inspirert av 1300-talets <i>Codex Hardenbergianus<\/i>.<\/p>\n<p>\u00abLandslova fortel ei anna historie om Noreg. Ho fortel om eit land som i mellomalderen er ein del av europeisk kultur og politikk, eit land med ein lesande og skrivande elite, men ogs\u00e5 eit lesande og skrivande folk.\u00bb<br \/>\n\u2013 Fr\u00e5 f\u00f8reordet i boka, ved Aslak Sira Myhre og J\u00f8rn \u00d8yrehagen Sunde<\/p>\n","protected":false},"featured_media":18600,"template":"","meta":{"nb_hide_title":false,"nb_breadcrumb_title_override":""},"product_brand":[],"product_cat":[184],"product_tag":[3746,3745],"class_list":{"0":"post-18460","1":"product","2":"type-product","3":"status-publish","4":"has-post-thumbnail","6":"product_cat-enkeltstaende-utgivelser","7":"product_tag-middelalder","8":"product_tag-middelalderlover","10":"first","11":"instock","12":"shipping-taxable","13":"purchasable","14":"product-type-simple"},"yoast_head":"<!-- This site is optimized with the Yoast SEO plugin v27.1.1 - https:\/\/yoast.com\/product\/yoast-seo-wordpress\/ -->\n<title>Praktutg\u00e5ve: Magnus Lagab\u00f8tes landslov - NB Nettbutikk<\/title>\n<meta name=\"robots\" content=\"index, follow, max-snippet:-1, max-image-preview:large, max-video-preview:-1\" \/>\n<link rel=\"canonical\" href=\"https:\/\/www.nb.no\/nettbutikk\/produkt\/praktutgave-magnus-lagabotes-landslov\/\" \/>\n<meta property=\"og:locale\" content=\"nb_NO\" \/>\n<meta property=\"og:type\" content=\"article\" \/>\n<meta property=\"og:title\" content=\"Praktutg\u00e5ve: Magnus Lagab\u00f8tes landslov - NB Nettbutikk\" \/>\n<meta property=\"og:description\" content=\"Magnus Lagab\u00f8tes landslov blei innf\u00f8rt i 1274. I denne lova ligg spirene til b\u00e5de den norske rettsstaten og den folkelege medbestemminga i styre og stell som er ein f\u00f8resetnad for demokratiet v\u00e5rt. I h\u00f8ve Landslovjubileet 2024 gir Nasjonalbiblioteket ut ei praktutg\u00e5ve av Landslova i ny omsetjing. Praktutg\u00e5va har ei s\u00e6rs vakker utforming, inspirert av 1300-talets Codex Hardenbergianus.  \u00abLandslova fortel ei anna historie om Noreg. Ho fortel om eit land som i mellomalderen er ein del av europeisk kultur og politikk, eit land med ein lesande og skrivande elite, men ogs\u00e5 eit lesande og skrivande folk.\u00bb \u2013 Fr\u00e5 f\u00f8reordet i boka, ved Aslak Sira Myhre og J\u00f8rn \u00d8yrehagen Sunde\" \/>\n<meta property=\"og:url\" content=\"https:\/\/www.nb.no\/nettbutikk\/produkt\/praktutgave-magnus-lagabotes-landslov\/\" \/>\n<meta property=\"og:site_name\" content=\"NB Nettbutikk\" \/>\n<meta property=\"article:modified_time\" content=\"2026-03-05T03:48:20+00:00\" \/>\n<meta property=\"og:image\" content=\"https:\/\/www.nb.no\/content\/uploads\/sites\/5\/2024\/01\/E6mp-pifWn-U4mniGoxN3v_N_3Ic7pZvNzWXmtDJDvtUI4Co4-cqnbLYcmEvEZWYkHikR-SPiQnjHDELAohAbA-1024x683.jpg\" \/>\n\t<meta property=\"og:image:width\" content=\"1024\" \/>\n\t<meta property=\"og:image:height\" content=\"683\" \/>\n\t<meta property=\"og:image:type\" content=\"image\/jpeg\" \/>\n<meta name=\"twitter:card\" content=\"summary_large_image\" \/>\n<meta name=\"twitter:label1\" content=\"Ansl. lesetid\" \/>\n\t<meta name=\"twitter:data1\" content=\"1 minutt\" \/>\n<script type=\"application\/ld+json\" class=\"yoast-schema-graph\">{\"@context\":\"https:\/\/schema.org\",\"@graph\":[{\"@type\":\"WebPage\",\"@id\":\"https:\/\/www.nb.no\/nettbutikk\/produkt\/praktutgave-magnus-lagabotes-landslov\/\",\"url\":\"https:\/\/www.nb.no\/nettbutikk\/produkt\/praktutgave-magnus-lagabotes-landslov\/\",\"name\":\"Praktutg\u00e5ve: Magnus Lagab\u00f8tes landslov - NB Nettbutikk\",\"isPartOf\":{\"@id\":\"https:\/\/www.nb.no\/nettbutikk\/#website\"},\"primaryImageOfPage\":{\"@id\":\"https:\/\/www.nb.no\/nettbutikk\/produkt\/praktutgave-magnus-lagabotes-landslov\/#primaryimage\"},\"image\":{\"@id\":\"https:\/\/www.nb.no\/nettbutikk\/produkt\/praktutgave-magnus-lagabotes-landslov\/#primaryimage\"},\"thumbnailUrl\":\"https:\/\/www.nb.no\/content\/uploads\/sites\/5\/2024\/01\/E6mp-pifWn-U4mniGoxN3v_N_3Ic7pZvNzWXmtDJDvtUI4Co4-cqnbLYcmEvEZWYkHikR-SPiQnjHDELAohAbA.jpg\",\"datePublished\":\"2024-02-01T09:00:57+00:00\",\"dateModified\":\"2026-03-05T03:48:20+00:00\",\"breadcrumb\":{\"@id\":\"https:\/\/www.nb.no\/nettbutikk\/produkt\/praktutgave-magnus-lagabotes-landslov\/#breadcrumb\"},\"inLanguage\":\"nb-NO\",\"potentialAction\":[{\"@type\":\"ReadAction\",\"target\":[\"https:\/\/www.nb.no\/nettbutikk\/produkt\/praktutgave-magnus-lagabotes-landslov\/\"]}]},{\"@type\":\"ImageObject\",\"inLanguage\":\"nb-NO\",\"@id\":\"https:\/\/www.nb.no\/nettbutikk\/produkt\/praktutgave-magnus-lagabotes-landslov\/#primaryimage\",\"url\":\"https:\/\/www.nb.no\/content\/uploads\/sites\/5\/2024\/01\/E6mp-pifWn-U4mniGoxN3v_N_3Ic7pZvNzWXmtDJDvtUI4Co4-cqnbLYcmEvEZWYkHikR-SPiQnjHDELAohAbA.jpg\",\"contentUrl\":\"https:\/\/www.nb.no\/content\/uploads\/sites\/5\/2024\/01\/E6mp-pifWn-U4mniGoxN3v_N_3Ic7pZvNzWXmtDJDvtUI4Co4-cqnbLYcmEvEZWYkHikR-SPiQnjHDELAohAbA.jpg\",\"width\":1920,\"height\":1280,\"caption\":\"Praktutg\u00e5ve: Magnus Lagab\u00f8tes landslov\"},{\"@type\":\"BreadcrumbList\",\"@id\":\"https:\/\/www.nb.no\/nettbutikk\/produkt\/praktutgave-magnus-lagabotes-landslov\/#breadcrumb\",\"itemListElement\":[{\"@type\":\"ListItem\",\"position\":1,\"name\":\"Home\",\"item\":\"https:\/\/www.nb.no\/nettbutikk\/\"},{\"@type\":\"ListItem\",\"position\":2,\"name\":\"Butikk\",\"item\":\"https:\/\/www.nb.no\/nettbutikk\/butikk\/\"},{\"@type\":\"ListItem\",\"position\":3,\"name\":\"Praktutg\u00e5ve: Magnus Lagab\u00f8tes landslov\"}]},{\"@type\":\"WebSite\",\"@id\":\"https:\/\/www.nb.no\/nettbutikk\/#website\",\"url\":\"https:\/\/www.nb.no\/nettbutikk\/\",\"name\":\"NB Nettbutikk\",\"description\":\"\",\"potentialAction\":[{\"@type\":\"SearchAction\",\"target\":{\"@type\":\"EntryPoint\",\"urlTemplate\":\"https:\/\/www.nb.no\/nettbutikk\/?s={search_term_string}\"},\"query-input\":{\"@type\":\"PropertyValueSpecification\",\"valueRequired\":true,\"valueName\":\"search_term_string\"}}],\"inLanguage\":\"nb-NO\"}]}<\/script>\n<!-- \/ Yoast SEO plugin. -->","yoast_head_json":{"title":"Praktutg\u00e5ve: Magnus Lagab\u00f8tes landslov - NB Nettbutikk","robots":{"index":"index","follow":"follow","max-snippet":"max-snippet:-1","max-image-preview":"max-image-preview:large","max-video-preview":"max-video-preview:-1"},"canonical":"https:\/\/www.nb.no\/nettbutikk\/produkt\/praktutgave-magnus-lagabotes-landslov\/","og_locale":"nb_NO","og_type":"article","og_title":"Praktutg\u00e5ve: Magnus Lagab\u00f8tes landslov - NB Nettbutikk","og_description":"Magnus Lagab\u00f8tes landslov blei innf\u00f8rt i 1274. I denne lova ligg spirene til b\u00e5de den norske rettsstaten og den folkelege medbestemminga i styre og stell som er ein f\u00f8resetnad for demokratiet v\u00e5rt. I h\u00f8ve Landslovjubileet 2024 gir Nasjonalbiblioteket ut ei praktutg\u00e5ve av Landslova i ny omsetjing. Praktutg\u00e5va har ei s\u00e6rs vakker utforming, inspirert av 1300-talets Codex Hardenbergianus.  \u00abLandslova fortel ei anna historie om Noreg. Ho fortel om eit land som i mellomalderen er ein del av europeisk kultur og politikk, eit land med ein lesande og skrivande elite, men ogs\u00e5 eit lesande og skrivande folk.\u00bb \u2013 Fr\u00e5 f\u00f8reordet i boka, ved Aslak Sira Myhre og J\u00f8rn \u00d8yrehagen Sunde","og_url":"https:\/\/www.nb.no\/nettbutikk\/produkt\/praktutgave-magnus-lagabotes-landslov\/","og_site_name":"NB Nettbutikk","article_modified_time":"2026-03-05T03:48:20+00:00","og_image":[{"width":1024,"height":683,"url":"https:\/\/www.nb.no\/content\/uploads\/sites\/5\/2024\/01\/E6mp-pifWn-U4mniGoxN3v_N_3Ic7pZvNzWXmtDJDvtUI4Co4-cqnbLYcmEvEZWYkHikR-SPiQnjHDELAohAbA-1024x683.jpg","type":"image\/jpeg"}],"twitter_card":"summary_large_image","twitter_misc":{"Ansl. lesetid":"1 minutt"},"schema":{"@context":"https:\/\/schema.org","@graph":[{"@type":"WebPage","@id":"https:\/\/www.nb.no\/nettbutikk\/produkt\/praktutgave-magnus-lagabotes-landslov\/","url":"https:\/\/www.nb.no\/nettbutikk\/produkt\/praktutgave-magnus-lagabotes-landslov\/","name":"Praktutg\u00e5ve: Magnus Lagab\u00f8tes landslov - NB Nettbutikk","isPartOf":{"@id":"https:\/\/www.nb.no\/nettbutikk\/#website"},"primaryImageOfPage":{"@id":"https:\/\/www.nb.no\/nettbutikk\/produkt\/praktutgave-magnus-lagabotes-landslov\/#primaryimage"},"image":{"@id":"https:\/\/www.nb.no\/nettbutikk\/produkt\/praktutgave-magnus-lagabotes-landslov\/#primaryimage"},"thumbnailUrl":"https:\/\/www.nb.no\/content\/uploads\/sites\/5\/2024\/01\/E6mp-pifWn-U4mniGoxN3v_N_3Ic7pZvNzWXmtDJDvtUI4Co4-cqnbLYcmEvEZWYkHikR-SPiQnjHDELAohAbA.jpg","datePublished":"2024-02-01T09:00:57+00:00","dateModified":"2026-03-05T03:48:20+00:00","breadcrumb":{"@id":"https:\/\/www.nb.no\/nettbutikk\/produkt\/praktutgave-magnus-lagabotes-landslov\/#breadcrumb"},"inLanguage":"nb-NO","potentialAction":[{"@type":"ReadAction","target":["https:\/\/www.nb.no\/nettbutikk\/produkt\/praktutgave-magnus-lagabotes-landslov\/"]}]},{"@type":"ImageObject","inLanguage":"nb-NO","@id":"https:\/\/www.nb.no\/nettbutikk\/produkt\/praktutgave-magnus-lagabotes-landslov\/#primaryimage","url":"https:\/\/www.nb.no\/content\/uploads\/sites\/5\/2024\/01\/E6mp-pifWn-U4mniGoxN3v_N_3Ic7pZvNzWXmtDJDvtUI4Co4-cqnbLYcmEvEZWYkHikR-SPiQnjHDELAohAbA.jpg","contentUrl":"https:\/\/www.nb.no\/content\/uploads\/sites\/5\/2024\/01\/E6mp-pifWn-U4mniGoxN3v_N_3Ic7pZvNzWXmtDJDvtUI4Co4-cqnbLYcmEvEZWYkHikR-SPiQnjHDELAohAbA.jpg","width":1920,"height":1280,"caption":"Praktutg\u00e5ve: Magnus Lagab\u00f8tes landslov"},{"@type":"BreadcrumbList","@id":"https:\/\/www.nb.no\/nettbutikk\/produkt\/praktutgave-magnus-lagabotes-landslov\/#breadcrumb","itemListElement":[{"@type":"ListItem","position":1,"name":"Home","item":"https:\/\/www.nb.no\/nettbutikk\/"},{"@type":"ListItem","position":2,"name":"Butikk","item":"https:\/\/www.nb.no\/nettbutikk\/butikk\/"},{"@type":"ListItem","position":3,"name":"Praktutg\u00e5ve: Magnus Lagab\u00f8tes landslov"}]},{"@type":"WebSite","@id":"https:\/\/www.nb.no\/nettbutikk\/#website","url":"https:\/\/www.nb.no\/nettbutikk\/","name":"NB Nettbutikk","description":"","potentialAction":[{"@type":"SearchAction","target":{"@type":"EntryPoint","urlTemplate":"https:\/\/www.nb.no\/nettbutikk\/?s={search_term_string}"},"query-input":{"@type":"PropertyValueSpecification","valueRequired":true,"valueName":"search_term_string"}}],"inLanguage":"nb-NO"}]}},"_links":{"self":[{"href":"https:\/\/www.nb.no\/nettbutikk\/wp-json\/wp\/v2\/product\/18460","targetHints":{"allow":["GET"]}}],"collection":[{"href":"https:\/\/www.nb.no\/nettbutikk\/wp-json\/wp\/v2\/product"}],"about":[{"href":"https:\/\/www.nb.no\/nettbutikk\/wp-json\/wp\/v2\/types\/product"}],"wp:featuredmedia":[{"embeddable":true,"href":"https:\/\/www.nb.no\/nettbutikk\/wp-json\/wp\/v2\/media\/18600"}],"wp:attachment":[{"href":"https:\/\/www.nb.no\/nettbutikk\/wp-json\/wp\/v2\/media?parent=18460"}],"wp:term":[{"taxonomy":"product_brand","embeddable":true,"href":"https:\/\/www.nb.no\/nettbutikk\/wp-json\/wp\/v2\/product_brand?post=18460"},{"taxonomy":"product_cat","embeddable":true,"href":"https:\/\/www.nb.no\/nettbutikk\/wp-json\/wp\/v2\/product_cat?post=18460"},{"taxonomy":"product_tag","embeddable":true,"href":"https:\/\/www.nb.no\/nettbutikk\/wp-json\/wp\/v2\/product_tag?post=18460"}],"curies":[{"name":"wp","href":"https:\/\/api.w.org\/{rel}","templated":true}]}}