{"id":18308,"date":"2023-11-27T17:00:46","date_gmt":"2023-11-27T16:00:46","guid":{"rendered":"https:\/\/www.nb.no\/nettbutikk\/produkt\/gustave-dore-den-fjerde-ryttaren-doden\/"},"modified":"2026-04-22T06:02:17","modified_gmt":"2026-04-22T04:02:17","slug":"puslespel-gustave-dore-den-fjerde-ryttaren-doden","status":"publish","type":"product","link":"https:\/\/www.nb.no\/nettbutikk\/produkt\/puslespel-gustave-dore-den-fjerde-ryttaren-doden\/","title":{"rendered":"Puslespel: Gustave Dor\u00e9: \u00abDen fjerde ryttaren: D\u00f8den\u00bb"},"content":{"rendered":"","protected":false},"excerpt":{"rendered":"<p>Puslespelet viser eit bilde fr\u00e5 <i>La Grande Bible de Tours<\/i>, ei rikt illustrert bibelutg\u00e5ve som f\u00f8rste gong blei gitt ut i 1866. Den franske kunstnaren Gustave Dor\u00e9 (1832\u20131883) st\u00e5r bak illustrasjonane, som viser dramatiske scener fr\u00e5 b\u00e5de Det gamle testamentet og Det nye testamentet.<\/p>\n<p>Bildet du ser p\u00e5 dette puslespelet, h\u00f8yrer til ein passasje fr\u00e5 Johannes\u2019 openberring, kor den fjerde ryttaren, som er avbilda her, representerer d\u00f8den.<\/p>\n<p>Dor\u00e9s illustrasjonar har sidan blitt trykte i tallause bibelutg\u00e5ver verda over. Mellom anna har dei vore ei kjelde til visuell inspirasjon for fleire svartmetallband, og norske Emperor brukte nettopp dette bildet av den fjerde ryttaren p\u00e5 omslaget til EP-en <i>Emperor<\/i> (1993).<\/p>\n","protected":false},"featured_media":18339,"template":"","meta":{"nb_hide_title":false,"nb_breadcrumb_title_override":""},"product_brand":[],"product_cat":[3031],"product_tag":[3764,3767],"class_list":{"0":"post-18308","1":"product","2":"type-product","3":"status-publish","4":"has-post-thumbnail","6":"product_cat-spill","7":"product_tag-doden","8":"product_tag-svartmetall","10":"first","11":"instock","12":"taxable","13":"shipping-taxable","14":"purchasable","15":"product-type-simple"},"yoast_head":"<!-- This site is optimized with the Yoast SEO plugin v27.1.1 - https:\/\/yoast.com\/product\/yoast-seo-wordpress\/ -->\n<title>Puslespel: Gustave Dor\u00e9: \u00abDen fjerde ryttaren: D\u00f8den\u00bb - NB Nettbutikk<\/title>\n<meta name=\"robots\" content=\"index, follow, max-snippet:-1, max-image-preview:large, max-video-preview:-1\" \/>\n<link rel=\"canonical\" href=\"https:\/\/www.nb.no\/nettbutikk\/produkt\/puslespel-gustave-dore-den-fjerde-ryttaren-doden\/\" \/>\n<meta property=\"og:locale\" content=\"nb_NO\" \/>\n<meta property=\"og:type\" content=\"article\" \/>\n<meta property=\"og:title\" content=\"Puslespel: Gustave Dor\u00e9: \u00abDen fjerde ryttaren: D\u00f8den\u00bb - NB Nettbutikk\" \/>\n<meta property=\"og:description\" content=\"Puslespelet viser eit bilde fr\u00e5 La Grande Bible de Tours, ei rikt illustrert bibelutg\u00e5ve som f\u00f8rste gong blei gitt ut i 1866. Den franske kunstnaren Gustave Dor\u00e9 (1832\u20131883) st\u00e5r bak illustrasjonane, som viser dramatiske scener fr\u00e5 b\u00e5de Det gamle testamentet og Det nye testamentet. Bildet du ser p\u00e5 dette puslespelet, h\u00f8yrer til ein passasje fr\u00e5 Johannes\u2019 openberring, kor den fjerde ryttaren, som er avbilda her, representerer d\u00f8den. Dor\u00e9s illustrasjonar har sidan blitt trykte i tallause bibelutg\u00e5ver verda over. Mellom anna har dei vore ei kjelde til visuell inspirasjon for fleire svartmetallband, og norske Emperor brukte nettopp dette bildet av den fjerde ryttaren p\u00e5 omslaget til EP-en Emperor (1993).\" \/>\n<meta property=\"og:url\" content=\"https:\/\/www.nb.no\/nettbutikk\/produkt\/puslespel-gustave-dore-den-fjerde-ryttaren-doden\/\" \/>\n<meta property=\"og:site_name\" content=\"NB Nettbutikk\" \/>\n<meta property=\"article:modified_time\" content=\"2026-04-22T04:02:17+00:00\" \/>\n<meta property=\"og:image\" content=\"https:\/\/www.nb.no\/content\/uploads\/sites\/5\/2023\/11\/Dore_puslespill2-scaled.jpg\" \/>\n\t<meta property=\"og:image:width\" content=\"1807\" \/>\n\t<meta property=\"og:image:height\" content=\"2560\" \/>\n\t<meta property=\"og:image:type\" content=\"image\/jpeg\" \/>\n<meta name=\"twitter:card\" content=\"summary_large_image\" \/>\n<meta name=\"twitter:label1\" content=\"Ansl. lesetid\" \/>\n\t<meta name=\"twitter:data1\" content=\"1 minutt\" \/>\n<script type=\"application\/ld+json\" class=\"yoast-schema-graph\">{\"@context\":\"https:\/\/schema.org\",\"@graph\":[{\"@type\":\"WebPage\",\"@id\":\"https:\/\/www.nb.no\/nettbutikk\/produkt\/puslespel-gustave-dore-den-fjerde-ryttaren-doden\/\",\"url\":\"https:\/\/www.nb.no\/nettbutikk\/produkt\/puslespel-gustave-dore-den-fjerde-ryttaren-doden\/\",\"name\":\"Puslespel: Gustave Dor\u00e9: \u00abDen fjerde ryttaren: D\u00f8den\u00bb - NB Nettbutikk\",\"isPartOf\":{\"@id\":\"https:\/\/www.nb.no\/nettbutikk\/#website\"},\"primaryImageOfPage\":{\"@id\":\"https:\/\/www.nb.no\/nettbutikk\/produkt\/puslespel-gustave-dore-den-fjerde-ryttaren-doden\/#primaryimage\"},\"image\":{\"@id\":\"https:\/\/www.nb.no\/nettbutikk\/produkt\/puslespel-gustave-dore-den-fjerde-ryttaren-doden\/#primaryimage\"},\"thumbnailUrl\":\"https:\/\/www.nb.no\/content\/uploads\/sites\/5\/2023\/11\/Dore_puslespill2-scaled.jpg\",\"datePublished\":\"2023-11-27T16:00:46+00:00\",\"dateModified\":\"2026-04-22T04:02:17+00:00\",\"breadcrumb\":{\"@id\":\"https:\/\/www.nb.no\/nettbutikk\/produkt\/puslespel-gustave-dore-den-fjerde-ryttaren-doden\/#breadcrumb\"},\"inLanguage\":\"nb-NO\",\"potentialAction\":[{\"@type\":\"ReadAction\",\"target\":[\"https:\/\/www.nb.no\/nettbutikk\/produkt\/puslespel-gustave-dore-den-fjerde-ryttaren-doden\/\"]}]},{\"@type\":\"ImageObject\",\"inLanguage\":\"nb-NO\",\"@id\":\"https:\/\/www.nb.no\/nettbutikk\/produkt\/puslespel-gustave-dore-den-fjerde-ryttaren-doden\/#primaryimage\",\"url\":\"https:\/\/www.nb.no\/content\/uploads\/sites\/5\/2023\/11\/Dore_puslespill2-scaled.jpg\",\"contentUrl\":\"https:\/\/www.nb.no\/content\/uploads\/sites\/5\/2023\/11\/Dore_puslespill2-scaled.jpg\",\"width\":1807,\"height\":2560},{\"@type\":\"BreadcrumbList\",\"@id\":\"https:\/\/www.nb.no\/nettbutikk\/produkt\/puslespel-gustave-dore-den-fjerde-ryttaren-doden\/#breadcrumb\",\"itemListElement\":[{\"@type\":\"ListItem\",\"position\":1,\"name\":\"Home\",\"item\":\"https:\/\/www.nb.no\/nettbutikk\/\"},{\"@type\":\"ListItem\",\"position\":2,\"name\":\"Butikk\",\"item\":\"https:\/\/www.nb.no\/nettbutikk\/butikk\/\"},{\"@type\":\"ListItem\",\"position\":3,\"name\":\"Puslespel: Gustave Dor\u00e9: \u00abDen fjerde ryttaren: D\u00f8den\u00bb\"}]},{\"@type\":\"WebSite\",\"@id\":\"https:\/\/www.nb.no\/nettbutikk\/#website\",\"url\":\"https:\/\/www.nb.no\/nettbutikk\/\",\"name\":\"NB Nettbutikk\",\"description\":\"\",\"potentialAction\":[{\"@type\":\"SearchAction\",\"target\":{\"@type\":\"EntryPoint\",\"urlTemplate\":\"https:\/\/www.nb.no\/nettbutikk\/?s={search_term_string}\"},\"query-input\":{\"@type\":\"PropertyValueSpecification\",\"valueRequired\":true,\"valueName\":\"search_term_string\"}}],\"inLanguage\":\"nb-NO\"}]}<\/script>\n<!-- \/ Yoast SEO plugin. -->","yoast_head_json":{"title":"Puslespel: Gustave Dor\u00e9: \u00abDen fjerde ryttaren: D\u00f8den\u00bb - NB Nettbutikk","robots":{"index":"index","follow":"follow","max-snippet":"max-snippet:-1","max-image-preview":"max-image-preview:large","max-video-preview":"max-video-preview:-1"},"canonical":"https:\/\/www.nb.no\/nettbutikk\/produkt\/puslespel-gustave-dore-den-fjerde-ryttaren-doden\/","og_locale":"nb_NO","og_type":"article","og_title":"Puslespel: Gustave Dor\u00e9: \u00abDen fjerde ryttaren: D\u00f8den\u00bb - NB Nettbutikk","og_description":"Puslespelet viser eit bilde fr\u00e5 La Grande Bible de Tours, ei rikt illustrert bibelutg\u00e5ve som f\u00f8rste gong blei gitt ut i 1866. Den franske kunstnaren Gustave Dor\u00e9 (1832\u20131883) st\u00e5r bak illustrasjonane, som viser dramatiske scener fr\u00e5 b\u00e5de Det gamle testamentet og Det nye testamentet. Bildet du ser p\u00e5 dette puslespelet, h\u00f8yrer til ein passasje fr\u00e5 Johannes\u2019 openberring, kor den fjerde ryttaren, som er avbilda her, representerer d\u00f8den. Dor\u00e9s illustrasjonar har sidan blitt trykte i tallause bibelutg\u00e5ver verda over. Mellom anna har dei vore ei kjelde til visuell inspirasjon for fleire svartmetallband, og norske Emperor brukte nettopp dette bildet av den fjerde ryttaren p\u00e5 omslaget til EP-en Emperor (1993).","og_url":"https:\/\/www.nb.no\/nettbutikk\/produkt\/puslespel-gustave-dore-den-fjerde-ryttaren-doden\/","og_site_name":"NB Nettbutikk","article_modified_time":"2026-04-22T04:02:17+00:00","og_image":[{"width":1807,"height":2560,"url":"https:\/\/www.nb.no\/content\/uploads\/sites\/5\/2023\/11\/Dore_puslespill2-scaled.jpg","type":"image\/jpeg"}],"twitter_card":"summary_large_image","twitter_misc":{"Ansl. lesetid":"1 minutt"},"schema":{"@context":"https:\/\/schema.org","@graph":[{"@type":"WebPage","@id":"https:\/\/www.nb.no\/nettbutikk\/produkt\/puslespel-gustave-dore-den-fjerde-ryttaren-doden\/","url":"https:\/\/www.nb.no\/nettbutikk\/produkt\/puslespel-gustave-dore-den-fjerde-ryttaren-doden\/","name":"Puslespel: Gustave Dor\u00e9: \u00abDen fjerde ryttaren: D\u00f8den\u00bb - NB Nettbutikk","isPartOf":{"@id":"https:\/\/www.nb.no\/nettbutikk\/#website"},"primaryImageOfPage":{"@id":"https:\/\/www.nb.no\/nettbutikk\/produkt\/puslespel-gustave-dore-den-fjerde-ryttaren-doden\/#primaryimage"},"image":{"@id":"https:\/\/www.nb.no\/nettbutikk\/produkt\/puslespel-gustave-dore-den-fjerde-ryttaren-doden\/#primaryimage"},"thumbnailUrl":"https:\/\/www.nb.no\/content\/uploads\/sites\/5\/2023\/11\/Dore_puslespill2-scaled.jpg","datePublished":"2023-11-27T16:00:46+00:00","dateModified":"2026-04-22T04:02:17+00:00","breadcrumb":{"@id":"https:\/\/www.nb.no\/nettbutikk\/produkt\/puslespel-gustave-dore-den-fjerde-ryttaren-doden\/#breadcrumb"},"inLanguage":"nb-NO","potentialAction":[{"@type":"ReadAction","target":["https:\/\/www.nb.no\/nettbutikk\/produkt\/puslespel-gustave-dore-den-fjerde-ryttaren-doden\/"]}]},{"@type":"ImageObject","inLanguage":"nb-NO","@id":"https:\/\/www.nb.no\/nettbutikk\/produkt\/puslespel-gustave-dore-den-fjerde-ryttaren-doden\/#primaryimage","url":"https:\/\/www.nb.no\/content\/uploads\/sites\/5\/2023\/11\/Dore_puslespill2-scaled.jpg","contentUrl":"https:\/\/www.nb.no\/content\/uploads\/sites\/5\/2023\/11\/Dore_puslespill2-scaled.jpg","width":1807,"height":2560},{"@type":"BreadcrumbList","@id":"https:\/\/www.nb.no\/nettbutikk\/produkt\/puslespel-gustave-dore-den-fjerde-ryttaren-doden\/#breadcrumb","itemListElement":[{"@type":"ListItem","position":1,"name":"Home","item":"https:\/\/www.nb.no\/nettbutikk\/"},{"@type":"ListItem","position":2,"name":"Butikk","item":"https:\/\/www.nb.no\/nettbutikk\/butikk\/"},{"@type":"ListItem","position":3,"name":"Puslespel: Gustave Dor\u00e9: \u00abDen fjerde ryttaren: D\u00f8den\u00bb"}]},{"@type":"WebSite","@id":"https:\/\/www.nb.no\/nettbutikk\/#website","url":"https:\/\/www.nb.no\/nettbutikk\/","name":"NB Nettbutikk","description":"","potentialAction":[{"@type":"SearchAction","target":{"@type":"EntryPoint","urlTemplate":"https:\/\/www.nb.no\/nettbutikk\/?s={search_term_string}"},"query-input":{"@type":"PropertyValueSpecification","valueRequired":true,"valueName":"search_term_string"}}],"inLanguage":"nb-NO"}]}},"_links":{"self":[{"href":"https:\/\/www.nb.no\/nettbutikk\/wp-json\/wp\/v2\/product\/18308","targetHints":{"allow":["GET"]}}],"collection":[{"href":"https:\/\/www.nb.no\/nettbutikk\/wp-json\/wp\/v2\/product"}],"about":[{"href":"https:\/\/www.nb.no\/nettbutikk\/wp-json\/wp\/v2\/types\/product"}],"wp:featuredmedia":[{"embeddable":true,"href":"https:\/\/www.nb.no\/nettbutikk\/wp-json\/wp\/v2\/media\/18339"}],"wp:attachment":[{"href":"https:\/\/www.nb.no\/nettbutikk\/wp-json\/wp\/v2\/media?parent=18308"}],"wp:term":[{"taxonomy":"product_brand","embeddable":true,"href":"https:\/\/www.nb.no\/nettbutikk\/wp-json\/wp\/v2\/product_brand?post=18308"},{"taxonomy":"product_cat","embeddable":true,"href":"https:\/\/www.nb.no\/nettbutikk\/wp-json\/wp\/v2\/product_cat?post=18308"},{"taxonomy":"product_tag","embeddable":true,"href":"https:\/\/www.nb.no\/nettbutikk\/wp-json\/wp\/v2\/product_tag?post=18308"}],"curies":[{"name":"wp","href":"https:\/\/api.w.org\/{rel}","templated":true}]}}