{"id":18302,"date":"2023-11-27T17:00:39","date_gmt":"2023-11-27T16:00:39","guid":{"rendered":"https:\/\/www.nb.no\/nettbutikk\/produkt\/cornelis-de-jode-sitt-verdskart-fra-1593\/"},"modified":"2026-04-24T10:52:59","modified_gmt":"2026-04-24T08:52:59","slug":"puslespel-cornelis-de-jode-sitt-verdskart-fra-1593","status":"publish","type":"product","link":"https:\/\/www.nb.no\/nettbutikk\/produkt\/puslespel-cornelis-de-jode-sitt-verdskart-fra-1593\/","title":{"rendered":"Puslespel: Cornelis de Jode sitt verdskart fr\u00e5 1593"},"content":{"rendered":"","protected":false},"excerpt":{"rendered":"<p>P\u00e5 dette verdskartet er jordkloden delt ved ekvator, slik at kartet viser den nordlege og den s\u00f8rlege halvkula med Nordpolen og S\u00f8rpolen i sentrum av kvar sin halvdel. I 1593 var Antarktis enno ikkje oppdaga av europearar, men sidan den nordlege hemisf\u00e6ren var dekt av store landmassar, gjekk ein ut fr\u00e5 at det var tilsvarande mykje land p\u00e5 den s\u00f8rlege hemisf\u00e6ren. Derfor teikna ein inn eit stort kontinent og kalla det <i>Terra australis incognita<\/i>, \u00abDet ukjende landet i s\u00f8r\u00bb.<\/p>\n<p>Verdskartet til Cornelis de Jode finst i kartsenteret til Nasjonalbiblioteket, som husar verdas st\u00f8rste samling av kart som skildrar Noreg og Norden. Kartsamlinga til Nasjonalbiblioteket omfattar om lag 150 000 kart, og dekker ei over 500 \u00e5r lang karthistorie.<\/p>\n","protected":false},"featured_media":18335,"template":"","meta":{"nb_hide_title":false,"nb_breadcrumb_title_override":""},"product_brand":[],"product_cat":[3031],"product_tag":[3769,3772,3735],"class_list":{"0":"post-18302","1":"product","2":"type-product","3":"status-publish","4":"has-post-thumbnail","6":"product_cat-spill","7":"product_tag-1500-tallet","8":"product_tag-cornelis-de-jode","9":"product_tag-kart","11":"first","12":"instock","13":"taxable","14":"shipping-taxable","15":"purchasable","16":"product-type-simple"},"yoast_head":"<!-- This site is optimized with the Yoast SEO plugin v27.1.1 - https:\/\/yoast.com\/product\/yoast-seo-wordpress\/ -->\n<title>Puslespel: Cornelis de Jode sitt verdskart fr\u00e5 1593 - NB Nettbutikk<\/title>\n<meta name=\"robots\" content=\"index, follow, max-snippet:-1, max-image-preview:large, max-video-preview:-1\" \/>\n<link rel=\"canonical\" href=\"https:\/\/www.nb.no\/nettbutikk\/produkt\/puslespel-cornelis-de-jode-sitt-verdskart-fra-1593\/\" \/>\n<meta property=\"og:locale\" content=\"nb_NO\" \/>\n<meta property=\"og:type\" content=\"article\" \/>\n<meta property=\"og:title\" content=\"Puslespel: Cornelis de Jode sitt verdskart fr\u00e5 1593 - NB Nettbutikk\" \/>\n<meta property=\"og:description\" content=\"P\u00e5 dette verdskartet er jordkloden delt ved ekvator, slik at kartet viser den nordlege og den s\u00f8rlege halvkula med Nordpolen og S\u00f8rpolen i sentrum av kvar sin halvdel. I 1593 var Antarktis enno ikkje oppdaga av europearar, men sidan den nordlege hemisf\u00e6ren var dekt av store landmassar, gjekk ein ut fr\u00e5 at det var tilsvarande mykje land p\u00e5 den s\u00f8rlege hemisf\u00e6ren. Derfor teikna ein inn eit stort kontinent og kalla det Terra australis incognita, \u00abDet ukjende landet i s\u00f8r\u00bb. Verdskartet til Cornelis de Jode finst i kartsenteret til Nasjonalbiblioteket, som husar verdas st\u00f8rste samling av kart som skildrar Noreg og Norden. Kartsamlinga til Nasjonalbiblioteket omfattar om lag 150 000 kart, og dekker ei over 500 \u00e5r lang karthistorie.\" \/>\n<meta property=\"og:url\" content=\"https:\/\/www.nb.no\/nettbutikk\/produkt\/puslespel-cornelis-de-jode-sitt-verdskart-fra-1593\/\" \/>\n<meta property=\"og:site_name\" content=\"NB Nettbutikk\" \/>\n<meta property=\"article:modified_time\" content=\"2026-04-24T08:52:59+00:00\" \/>\n<meta property=\"og:image\" content=\"https:\/\/www.nb.no\/content\/uploads\/sites\/5\/2023\/11\/E6mp-pifWn-U4mniGoxN3v_N_3Ic7pZvNzWXmtnJV_tWdI2r5bAqy7KMd2J_QcPEyy6qQ-mI3VnjHzhSAohAbA-3-scaled.jpg\" \/>\n\t<meta property=\"og:image:width\" content=\"2560\" \/>\n\t<meta property=\"og:image:height\" content=\"1807\" \/>\n\t<meta property=\"og:image:type\" content=\"image\/jpeg\" \/>\n<meta name=\"twitter:card\" content=\"summary_large_image\" \/>\n<meta name=\"twitter:label1\" content=\"Ansl. lesetid\" \/>\n\t<meta name=\"twitter:data1\" content=\"1 minutt\" \/>\n<script type=\"application\/ld+json\" class=\"yoast-schema-graph\">{\"@context\":\"https:\/\/schema.org\",\"@graph\":[{\"@type\":\"WebPage\",\"@id\":\"https:\/\/www.nb.no\/nettbutikk\/produkt\/puslespel-cornelis-de-jode-sitt-verdskart-fra-1593\/\",\"url\":\"https:\/\/www.nb.no\/nettbutikk\/produkt\/puslespel-cornelis-de-jode-sitt-verdskart-fra-1593\/\",\"name\":\"Puslespel: Cornelis de Jode sitt verdskart fr\u00e5 1593 - NB Nettbutikk\",\"isPartOf\":{\"@id\":\"https:\/\/www.nb.no\/nettbutikk\/#website\"},\"primaryImageOfPage\":{\"@id\":\"https:\/\/www.nb.no\/nettbutikk\/produkt\/puslespel-cornelis-de-jode-sitt-verdskart-fra-1593\/#primaryimage\"},\"image\":{\"@id\":\"https:\/\/www.nb.no\/nettbutikk\/produkt\/puslespel-cornelis-de-jode-sitt-verdskart-fra-1593\/#primaryimage\"},\"thumbnailUrl\":\"https:\/\/www.nb.no\/content\/uploads\/sites\/5\/2023\/11\/E6mp-pifWn-U4mniGoxN3v_N_3Ic7pZvNzWXmtnJV_tWdI2r5bAqy7KMd2J_QcPEyy6qQ-mI3VnjHzhSAohAbA-3-scaled.jpg\",\"datePublished\":\"2023-11-27T16:00:39+00:00\",\"dateModified\":\"2026-04-24T08:52:59+00:00\",\"breadcrumb\":{\"@id\":\"https:\/\/www.nb.no\/nettbutikk\/produkt\/puslespel-cornelis-de-jode-sitt-verdskart-fra-1593\/#breadcrumb\"},\"inLanguage\":\"nb-NO\",\"potentialAction\":[{\"@type\":\"ReadAction\",\"target\":[\"https:\/\/www.nb.no\/nettbutikk\/produkt\/puslespel-cornelis-de-jode-sitt-verdskart-fra-1593\/\"]}]},{\"@type\":\"ImageObject\",\"inLanguage\":\"nb-NO\",\"@id\":\"https:\/\/www.nb.no\/nettbutikk\/produkt\/puslespel-cornelis-de-jode-sitt-verdskart-fra-1593\/#primaryimage\",\"url\":\"https:\/\/www.nb.no\/content\/uploads\/sites\/5\/2023\/11\/E6mp-pifWn-U4mniGoxN3v_N_3Ic7pZvNzWXmtnJV_tWdI2r5bAqy7KMd2J_QcPEyy6qQ-mI3VnjHzhSAohAbA-3-scaled.jpg\",\"contentUrl\":\"https:\/\/www.nb.no\/content\/uploads\/sites\/5\/2023\/11\/E6mp-pifWn-U4mniGoxN3v_N_3Ic7pZvNzWXmtnJV_tWdI2r5bAqy7KMd2J_QcPEyy6qQ-mI3VnjHzhSAohAbA-3-scaled.jpg\",\"width\":2560,\"height\":1807,\"caption\":\"Cornelis de Jode sitt verdskart fr\u00e5 1593\"},{\"@type\":\"BreadcrumbList\",\"@id\":\"https:\/\/www.nb.no\/nettbutikk\/produkt\/puslespel-cornelis-de-jode-sitt-verdskart-fra-1593\/#breadcrumb\",\"itemListElement\":[{\"@type\":\"ListItem\",\"position\":1,\"name\":\"Home\",\"item\":\"https:\/\/www.nb.no\/nettbutikk\/\"},{\"@type\":\"ListItem\",\"position\":2,\"name\":\"Butikk\",\"item\":\"https:\/\/www.nb.no\/nettbutikk\/butikk\/\"},{\"@type\":\"ListItem\",\"position\":3,\"name\":\"Puslespel: Cornelis de Jode sitt verdskart fr\u00e5 1593\"}]},{\"@type\":\"WebSite\",\"@id\":\"https:\/\/www.nb.no\/nettbutikk\/#website\",\"url\":\"https:\/\/www.nb.no\/nettbutikk\/\",\"name\":\"NB Nettbutikk\",\"description\":\"\",\"potentialAction\":[{\"@type\":\"SearchAction\",\"target\":{\"@type\":\"EntryPoint\",\"urlTemplate\":\"https:\/\/www.nb.no\/nettbutikk\/?s={search_term_string}\"},\"query-input\":{\"@type\":\"PropertyValueSpecification\",\"valueRequired\":true,\"valueName\":\"search_term_string\"}}],\"inLanguage\":\"nb-NO\"}]}<\/script>\n<!-- \/ Yoast SEO plugin. -->","yoast_head_json":{"title":"Puslespel: Cornelis de Jode sitt verdskart fr\u00e5 1593 - NB Nettbutikk","robots":{"index":"index","follow":"follow","max-snippet":"max-snippet:-1","max-image-preview":"max-image-preview:large","max-video-preview":"max-video-preview:-1"},"canonical":"https:\/\/www.nb.no\/nettbutikk\/produkt\/puslespel-cornelis-de-jode-sitt-verdskart-fra-1593\/","og_locale":"nb_NO","og_type":"article","og_title":"Puslespel: Cornelis de Jode sitt verdskart fr\u00e5 1593 - NB Nettbutikk","og_description":"P\u00e5 dette verdskartet er jordkloden delt ved ekvator, slik at kartet viser den nordlege og den s\u00f8rlege halvkula med Nordpolen og S\u00f8rpolen i sentrum av kvar sin halvdel. I 1593 var Antarktis enno ikkje oppdaga av europearar, men sidan den nordlege hemisf\u00e6ren var dekt av store landmassar, gjekk ein ut fr\u00e5 at det var tilsvarande mykje land p\u00e5 den s\u00f8rlege hemisf\u00e6ren. Derfor teikna ein inn eit stort kontinent og kalla det Terra australis incognita, \u00abDet ukjende landet i s\u00f8r\u00bb. Verdskartet til Cornelis de Jode finst i kartsenteret til Nasjonalbiblioteket, som husar verdas st\u00f8rste samling av kart som skildrar Noreg og Norden. Kartsamlinga til Nasjonalbiblioteket omfattar om lag 150 000 kart, og dekker ei over 500 \u00e5r lang karthistorie.","og_url":"https:\/\/www.nb.no\/nettbutikk\/produkt\/puslespel-cornelis-de-jode-sitt-verdskart-fra-1593\/","og_site_name":"NB Nettbutikk","article_modified_time":"2026-04-24T08:52:59+00:00","og_image":[{"width":2560,"height":1807,"url":"https:\/\/www.nb.no\/content\/uploads\/sites\/5\/2023\/11\/E6mp-pifWn-U4mniGoxN3v_N_3Ic7pZvNzWXmtnJV_tWdI2r5bAqy7KMd2J_QcPEyy6qQ-mI3VnjHzhSAohAbA-3-scaled.jpg","type":"image\/jpeg"}],"twitter_card":"summary_large_image","twitter_misc":{"Ansl. lesetid":"1 minutt"},"schema":{"@context":"https:\/\/schema.org","@graph":[{"@type":"WebPage","@id":"https:\/\/www.nb.no\/nettbutikk\/produkt\/puslespel-cornelis-de-jode-sitt-verdskart-fra-1593\/","url":"https:\/\/www.nb.no\/nettbutikk\/produkt\/puslespel-cornelis-de-jode-sitt-verdskart-fra-1593\/","name":"Puslespel: Cornelis de Jode sitt verdskart fr\u00e5 1593 - NB Nettbutikk","isPartOf":{"@id":"https:\/\/www.nb.no\/nettbutikk\/#website"},"primaryImageOfPage":{"@id":"https:\/\/www.nb.no\/nettbutikk\/produkt\/puslespel-cornelis-de-jode-sitt-verdskart-fra-1593\/#primaryimage"},"image":{"@id":"https:\/\/www.nb.no\/nettbutikk\/produkt\/puslespel-cornelis-de-jode-sitt-verdskart-fra-1593\/#primaryimage"},"thumbnailUrl":"https:\/\/www.nb.no\/content\/uploads\/sites\/5\/2023\/11\/E6mp-pifWn-U4mniGoxN3v_N_3Ic7pZvNzWXmtnJV_tWdI2r5bAqy7KMd2J_QcPEyy6qQ-mI3VnjHzhSAohAbA-3-scaled.jpg","datePublished":"2023-11-27T16:00:39+00:00","dateModified":"2026-04-24T08:52:59+00:00","breadcrumb":{"@id":"https:\/\/www.nb.no\/nettbutikk\/produkt\/puslespel-cornelis-de-jode-sitt-verdskart-fra-1593\/#breadcrumb"},"inLanguage":"nb-NO","potentialAction":[{"@type":"ReadAction","target":["https:\/\/www.nb.no\/nettbutikk\/produkt\/puslespel-cornelis-de-jode-sitt-verdskart-fra-1593\/"]}]},{"@type":"ImageObject","inLanguage":"nb-NO","@id":"https:\/\/www.nb.no\/nettbutikk\/produkt\/puslespel-cornelis-de-jode-sitt-verdskart-fra-1593\/#primaryimage","url":"https:\/\/www.nb.no\/content\/uploads\/sites\/5\/2023\/11\/E6mp-pifWn-U4mniGoxN3v_N_3Ic7pZvNzWXmtnJV_tWdI2r5bAqy7KMd2J_QcPEyy6qQ-mI3VnjHzhSAohAbA-3-scaled.jpg","contentUrl":"https:\/\/www.nb.no\/content\/uploads\/sites\/5\/2023\/11\/E6mp-pifWn-U4mniGoxN3v_N_3Ic7pZvNzWXmtnJV_tWdI2r5bAqy7KMd2J_QcPEyy6qQ-mI3VnjHzhSAohAbA-3-scaled.jpg","width":2560,"height":1807,"caption":"Cornelis de Jode sitt verdskart fr\u00e5 1593"},{"@type":"BreadcrumbList","@id":"https:\/\/www.nb.no\/nettbutikk\/produkt\/puslespel-cornelis-de-jode-sitt-verdskart-fra-1593\/#breadcrumb","itemListElement":[{"@type":"ListItem","position":1,"name":"Home","item":"https:\/\/www.nb.no\/nettbutikk\/"},{"@type":"ListItem","position":2,"name":"Butikk","item":"https:\/\/www.nb.no\/nettbutikk\/butikk\/"},{"@type":"ListItem","position":3,"name":"Puslespel: Cornelis de Jode sitt verdskart fr\u00e5 1593"}]},{"@type":"WebSite","@id":"https:\/\/www.nb.no\/nettbutikk\/#website","url":"https:\/\/www.nb.no\/nettbutikk\/","name":"NB Nettbutikk","description":"","potentialAction":[{"@type":"SearchAction","target":{"@type":"EntryPoint","urlTemplate":"https:\/\/www.nb.no\/nettbutikk\/?s={search_term_string}"},"query-input":{"@type":"PropertyValueSpecification","valueRequired":true,"valueName":"search_term_string"}}],"inLanguage":"nb-NO"}]}},"_links":{"self":[{"href":"https:\/\/www.nb.no\/nettbutikk\/wp-json\/wp\/v2\/product\/18302","targetHints":{"allow":["GET"]}}],"collection":[{"href":"https:\/\/www.nb.no\/nettbutikk\/wp-json\/wp\/v2\/product"}],"about":[{"href":"https:\/\/www.nb.no\/nettbutikk\/wp-json\/wp\/v2\/types\/product"}],"wp:featuredmedia":[{"embeddable":true,"href":"https:\/\/www.nb.no\/nettbutikk\/wp-json\/wp\/v2\/media\/18335"}],"wp:attachment":[{"href":"https:\/\/www.nb.no\/nettbutikk\/wp-json\/wp\/v2\/media?parent=18302"}],"wp:term":[{"taxonomy":"product_brand","embeddable":true,"href":"https:\/\/www.nb.no\/nettbutikk\/wp-json\/wp\/v2\/product_brand?post=18302"},{"taxonomy":"product_cat","embeddable":true,"href":"https:\/\/www.nb.no\/nettbutikk\/wp-json\/wp\/v2\/product_cat?post=18302"},{"taxonomy":"product_tag","embeddable":true,"href":"https:\/\/www.nb.no\/nettbutikk\/wp-json\/wp\/v2\/product_tag?post=18302"}],"curies":[{"name":"wp","href":"https:\/\/api.w.org\/{rel}","templated":true}]}}