{"id":18181,"date":"2023-11-28T09:00:37","date_gmt":"2023-11-28T08:00:37","guid":{"rendered":"https:\/\/www.nb.no\/nettbutikk\/produkt\/om-norskhet\/"},"modified":"2026-04-15T08:20:12","modified_gmt":"2026-04-15T06:20:12","slug":"om-norskhet","status":"publish","type":"product","link":"https:\/\/www.nb.no\/nettbutikk\/produkt\/om-norskhet\/","title":{"rendered":"Om norskhet"},"content":{"rendered":"","protected":false},"excerpt":{"rendered":"<p>I den veil\u00f8se bygda Matre, der Toril Moi vokste opp p\u00e5 1950-tallet, var det ingen som bekymret seg om hva det norske besto i. At alle i Matre var norske var jo helt selvf\u00f8lgelig. Men landet og nasjonalf\u00f8lelsen var i en brytningstid. Dette essayet handler om norskhet og norskhetens andre, om skjebnen til de norske j\u00f8dene under krigen, om norske v\u00e6rem\u00e5ter, og om hvordan det komplekse begrepet identitet brukes i dagens debatter.<\/p>\n<p>Dette essayet er sjette og siste del av Toril Mois foredragsserie om kultur og liv i 1950-tallets Norge. P\u00e5 jakt etter forst\u00e5else av landet og ti\u00e5ret hun selv ble f\u00f8dt i, unders\u00f8ker Moi kulturuttrykk fra perioden. Prosjektet er b\u00e5de personlig og historisk. Uten \u00e5 forst\u00e5 Norge kan hun heller ikke forst\u00e5 seg selv.<\/p>\n","protected":false},"featured_media":18196,"template":"","meta":{"nb_hide_title":false,"nb_breadcrumb_title_override":""},"product_brand":[],"product_cat":[355],"product_tag":[3762,3759],"class_list":{"0":"post-18181","1":"product","2":"type-product","3":"status-publish","4":"has-post-thumbnail","6":"product_cat-nbs-populaere","7":"product_tag-1950-tallet","8":"product_tag-toril-moi","10":"first","11":"instock","12":"shipping-taxable","13":"purchasable","14":"product-type-simple"},"yoast_head":"<!-- This site is optimized with the Yoast SEO plugin v27.1.1 - https:\/\/yoast.com\/product\/yoast-seo-wordpress\/ -->\n<title>Om norskhet - NB Nettbutikk<\/title>\n<meta name=\"robots\" content=\"index, follow, max-snippet:-1, max-image-preview:large, max-video-preview:-1\" \/>\n<link rel=\"canonical\" href=\"https:\/\/www.nb.no\/nettbutikk\/produkt\/om-norskhet\/\" \/>\n<meta property=\"og:locale\" content=\"nb_NO\" \/>\n<meta property=\"og:type\" content=\"article\" \/>\n<meta property=\"og:title\" content=\"Om norskhet - NB Nettbutikk\" \/>\n<meta property=\"og:description\" content=\"I den veil\u00f8se bygda Matre, der Toril Moi vokste opp p\u00e5 1950-tallet, var det ingen som bekymret seg om hva det norske besto i. At alle i Matre var norske var jo helt selvf\u00f8lgelig. Men landet og nasjonalf\u00f8lelsen var i en brytningstid. Dette essayet handler om norskhet og norskhetens andre, om skjebnen til de norske j\u00f8dene under krigen, om norske v\u00e6rem\u00e5ter, og om hvordan det komplekse begrepet identitet brukes i dagens debatter. Dette essayet er sjette og siste del av Toril Mois foredragsserie om kultur og liv i 1950-tallets Norge. P\u00e5 jakt etter forst\u00e5else av landet og ti\u00e5ret hun selv ble f\u00f8dt i, unders\u00f8ker Moi kulturuttrykk fra perioden. Prosjektet er b\u00e5de personlig og historisk. Uten \u00e5 forst\u00e5 Norge kan hun heller ikke forst\u00e5 seg selv.\" \/>\n<meta property=\"og:url\" content=\"https:\/\/www.nb.no\/nettbutikk\/produkt\/om-norskhet\/\" \/>\n<meta property=\"og:site_name\" content=\"NB Nettbutikk\" \/>\n<meta property=\"article:modified_time\" content=\"2026-04-15T06:20:12+00:00\" \/>\n<meta property=\"og:image\" content=\"https:\/\/www.nb.no\/content\/uploads\/sites\/5\/2023\/11\/E6mp-pifWn-U4mniGoxN3v_N_3Ic7pZvNzWXmoeQVK5TcYKqteJ7muTcImJ2RJWQyyKuROiL3gvgTDlYAohAbA-2.jpg\" \/>\n\t<meta property=\"og:image:width\" content=\"1299\" \/>\n\t<meta property=\"og:image:height\" content=\"1890\" \/>\n\t<meta property=\"og:image:type\" content=\"image\/jpeg\" \/>\n<meta name=\"twitter:card\" content=\"summary_large_image\" \/>\n<meta name=\"twitter:label1\" content=\"Ansl. lesetid\" \/>\n\t<meta name=\"twitter:data1\" content=\"1 minutt\" \/>\n<script type=\"application\/ld+json\" class=\"yoast-schema-graph\">{\"@context\":\"https:\/\/schema.org\",\"@graph\":[{\"@type\":\"WebPage\",\"@id\":\"https:\/\/www.nb.no\/nettbutikk\/produkt\/om-norskhet\/\",\"url\":\"https:\/\/www.nb.no\/nettbutikk\/produkt\/om-norskhet\/\",\"name\":\"Om norskhet - NB Nettbutikk\",\"isPartOf\":{\"@id\":\"https:\/\/www.nb.no\/nettbutikk\/#website\"},\"primaryImageOfPage\":{\"@id\":\"https:\/\/www.nb.no\/nettbutikk\/produkt\/om-norskhet\/#primaryimage\"},\"image\":{\"@id\":\"https:\/\/www.nb.no\/nettbutikk\/produkt\/om-norskhet\/#primaryimage\"},\"thumbnailUrl\":\"https:\/\/www.nb.no\/content\/uploads\/sites\/5\/2023\/11\/E6mp-pifWn-U4mniGoxN3v_N_3Ic7pZvNzWXmoeQVK5TcYKqteJ7muTcImJ2RJWQyyKuROiL3gvgTDlYAohAbA-2.jpg\",\"datePublished\":\"2023-11-28T08:00:37+00:00\",\"dateModified\":\"2026-04-15T06:20:12+00:00\",\"breadcrumb\":{\"@id\":\"https:\/\/www.nb.no\/nettbutikk\/produkt\/om-norskhet\/#breadcrumb\"},\"inLanguage\":\"nb-NO\",\"potentialAction\":[{\"@type\":\"ReadAction\",\"target\":[\"https:\/\/www.nb.no\/nettbutikk\/produkt\/om-norskhet\/\"]}]},{\"@type\":\"ImageObject\",\"inLanguage\":\"nb-NO\",\"@id\":\"https:\/\/www.nb.no\/nettbutikk\/produkt\/om-norskhet\/#primaryimage\",\"url\":\"https:\/\/www.nb.no\/content\/uploads\/sites\/5\/2023\/11\/E6mp-pifWn-U4mniGoxN3v_N_3Ic7pZvNzWXmoeQVK5TcYKqteJ7muTcImJ2RJWQyyKuROiL3gvgTDlYAohAbA-2.jpg\",\"contentUrl\":\"https:\/\/www.nb.no\/content\/uploads\/sites\/5\/2023\/11\/E6mp-pifWn-U4mniGoxN3v_N_3Ic7pZvNzWXmoeQVK5TcYKqteJ7muTcImJ2RJWQyyKuROiL3gvgTDlYAohAbA-2.jpg\",\"width\":1299,\"height\":1890,\"caption\":\"Om norskhet\"},{\"@type\":\"BreadcrumbList\",\"@id\":\"https:\/\/www.nb.no\/nettbutikk\/produkt\/om-norskhet\/#breadcrumb\",\"itemListElement\":[{\"@type\":\"ListItem\",\"position\":1,\"name\":\"Home\",\"item\":\"https:\/\/www.nb.no\/nettbutikk\/\"},{\"@type\":\"ListItem\",\"position\":2,\"name\":\"Butikk\",\"item\":\"https:\/\/www.nb.no\/nettbutikk\/butikk\/\"},{\"@type\":\"ListItem\",\"position\":3,\"name\":\"Om norskhet\"}]},{\"@type\":\"WebSite\",\"@id\":\"https:\/\/www.nb.no\/nettbutikk\/#website\",\"url\":\"https:\/\/www.nb.no\/nettbutikk\/\",\"name\":\"NB Nettbutikk\",\"description\":\"\",\"potentialAction\":[{\"@type\":\"SearchAction\",\"target\":{\"@type\":\"EntryPoint\",\"urlTemplate\":\"https:\/\/www.nb.no\/nettbutikk\/?s={search_term_string}\"},\"query-input\":{\"@type\":\"PropertyValueSpecification\",\"valueRequired\":true,\"valueName\":\"search_term_string\"}}],\"inLanguage\":\"nb-NO\"}]}<\/script>\n<!-- \/ Yoast SEO plugin. -->","yoast_head_json":{"title":"Om norskhet - NB Nettbutikk","robots":{"index":"index","follow":"follow","max-snippet":"max-snippet:-1","max-image-preview":"max-image-preview:large","max-video-preview":"max-video-preview:-1"},"canonical":"https:\/\/www.nb.no\/nettbutikk\/produkt\/om-norskhet\/","og_locale":"nb_NO","og_type":"article","og_title":"Om norskhet - NB Nettbutikk","og_description":"I den veil\u00f8se bygda Matre, der Toril Moi vokste opp p\u00e5 1950-tallet, var det ingen som bekymret seg om hva det norske besto i. At alle i Matre var norske var jo helt selvf\u00f8lgelig. Men landet og nasjonalf\u00f8lelsen var i en brytningstid. Dette essayet handler om norskhet og norskhetens andre, om skjebnen til de norske j\u00f8dene under krigen, om norske v\u00e6rem\u00e5ter, og om hvordan det komplekse begrepet identitet brukes i dagens debatter. Dette essayet er sjette og siste del av Toril Mois foredragsserie om kultur og liv i 1950-tallets Norge. P\u00e5 jakt etter forst\u00e5else av landet og ti\u00e5ret hun selv ble f\u00f8dt i, unders\u00f8ker Moi kulturuttrykk fra perioden. Prosjektet er b\u00e5de personlig og historisk. Uten \u00e5 forst\u00e5 Norge kan hun heller ikke forst\u00e5 seg selv.","og_url":"https:\/\/www.nb.no\/nettbutikk\/produkt\/om-norskhet\/","og_site_name":"NB Nettbutikk","article_modified_time":"2026-04-15T06:20:12+00:00","og_image":[{"width":1299,"height":1890,"url":"https:\/\/www.nb.no\/content\/uploads\/sites\/5\/2023\/11\/E6mp-pifWn-U4mniGoxN3v_N_3Ic7pZvNzWXmoeQVK5TcYKqteJ7muTcImJ2RJWQyyKuROiL3gvgTDlYAohAbA-2.jpg","type":"image\/jpeg"}],"twitter_card":"summary_large_image","twitter_misc":{"Ansl. lesetid":"1 minutt"},"schema":{"@context":"https:\/\/schema.org","@graph":[{"@type":"WebPage","@id":"https:\/\/www.nb.no\/nettbutikk\/produkt\/om-norskhet\/","url":"https:\/\/www.nb.no\/nettbutikk\/produkt\/om-norskhet\/","name":"Om norskhet - NB Nettbutikk","isPartOf":{"@id":"https:\/\/www.nb.no\/nettbutikk\/#website"},"primaryImageOfPage":{"@id":"https:\/\/www.nb.no\/nettbutikk\/produkt\/om-norskhet\/#primaryimage"},"image":{"@id":"https:\/\/www.nb.no\/nettbutikk\/produkt\/om-norskhet\/#primaryimage"},"thumbnailUrl":"https:\/\/www.nb.no\/content\/uploads\/sites\/5\/2023\/11\/E6mp-pifWn-U4mniGoxN3v_N_3Ic7pZvNzWXmoeQVK5TcYKqteJ7muTcImJ2RJWQyyKuROiL3gvgTDlYAohAbA-2.jpg","datePublished":"2023-11-28T08:00:37+00:00","dateModified":"2026-04-15T06:20:12+00:00","breadcrumb":{"@id":"https:\/\/www.nb.no\/nettbutikk\/produkt\/om-norskhet\/#breadcrumb"},"inLanguage":"nb-NO","potentialAction":[{"@type":"ReadAction","target":["https:\/\/www.nb.no\/nettbutikk\/produkt\/om-norskhet\/"]}]},{"@type":"ImageObject","inLanguage":"nb-NO","@id":"https:\/\/www.nb.no\/nettbutikk\/produkt\/om-norskhet\/#primaryimage","url":"https:\/\/www.nb.no\/content\/uploads\/sites\/5\/2023\/11\/E6mp-pifWn-U4mniGoxN3v_N_3Ic7pZvNzWXmoeQVK5TcYKqteJ7muTcImJ2RJWQyyKuROiL3gvgTDlYAohAbA-2.jpg","contentUrl":"https:\/\/www.nb.no\/content\/uploads\/sites\/5\/2023\/11\/E6mp-pifWn-U4mniGoxN3v_N_3Ic7pZvNzWXmoeQVK5TcYKqteJ7muTcImJ2RJWQyyKuROiL3gvgTDlYAohAbA-2.jpg","width":1299,"height":1890,"caption":"Om norskhet"},{"@type":"BreadcrumbList","@id":"https:\/\/www.nb.no\/nettbutikk\/produkt\/om-norskhet\/#breadcrumb","itemListElement":[{"@type":"ListItem","position":1,"name":"Home","item":"https:\/\/www.nb.no\/nettbutikk\/"},{"@type":"ListItem","position":2,"name":"Butikk","item":"https:\/\/www.nb.no\/nettbutikk\/butikk\/"},{"@type":"ListItem","position":3,"name":"Om norskhet"}]},{"@type":"WebSite","@id":"https:\/\/www.nb.no\/nettbutikk\/#website","url":"https:\/\/www.nb.no\/nettbutikk\/","name":"NB Nettbutikk","description":"","potentialAction":[{"@type":"SearchAction","target":{"@type":"EntryPoint","urlTemplate":"https:\/\/www.nb.no\/nettbutikk\/?s={search_term_string}"},"query-input":{"@type":"PropertyValueSpecification","valueRequired":true,"valueName":"search_term_string"}}],"inLanguage":"nb-NO"}]}},"_links":{"self":[{"href":"https:\/\/www.nb.no\/nettbutikk\/wp-json\/wp\/v2\/product\/18181","targetHints":{"allow":["GET"]}}],"collection":[{"href":"https:\/\/www.nb.no\/nettbutikk\/wp-json\/wp\/v2\/product"}],"about":[{"href":"https:\/\/www.nb.no\/nettbutikk\/wp-json\/wp\/v2\/types\/product"}],"wp:featuredmedia":[{"embeddable":true,"href":"https:\/\/www.nb.no\/nettbutikk\/wp-json\/wp\/v2\/media\/18196"}],"wp:attachment":[{"href":"https:\/\/www.nb.no\/nettbutikk\/wp-json\/wp\/v2\/media?parent=18181"}],"wp:term":[{"taxonomy":"product_brand","embeddable":true,"href":"https:\/\/www.nb.no\/nettbutikk\/wp-json\/wp\/v2\/product_brand?post=18181"},{"taxonomy":"product_cat","embeddable":true,"href":"https:\/\/www.nb.no\/nettbutikk\/wp-json\/wp\/v2\/product_cat?post=18181"},{"taxonomy":"product_tag","embeddable":true,"href":"https:\/\/www.nb.no\/nettbutikk\/wp-json\/wp\/v2\/product_tag?post=18181"}],"curies":[{"name":"wp","href":"https:\/\/api.w.org\/{rel}","templated":true}]}}