{"id":18164,"date":"2023-12-05T09:00:42","date_gmt":"2023-12-05T08:00:42","guid":{"rendered":"https:\/\/www.nb.no\/nettbutikk\/produkt\/hanna-resvoll-holmsen\/"},"modified":"2026-04-17T06:03:33","modified_gmt":"2026-04-17T04:03:33","slug":"hanna-resvoll-holmsen","status":"publish","type":"product","link":"https:\/\/www.nb.no\/nettbutikk\/produkt\/hanna-resvoll-holmsen\/","title":{"rendered":"Hanna Resvoll-Holmsen"},"content":{"rendered":"","protected":false},"excerpt":{"rendered":"<p>Botanikeren Hanna Resvoll-Holmsen (1873\u20131943) blir omtalt som Norges f\u00f8rste milj\u00f8verner. Hun var en foregangskvinne p\u00e5 flere felt: som forsker, naturverner og som dokumentasjonsfotograf. Denne boka samler et utvalg fotografier \u2013 landskapsbilder og n\u00e6rbilder av planter i uts\u00f8kt detalj \u2013 etter en enest\u00e5ende skikkelse i norsk foto- og vitenskapshistorie.<\/p>\n<p>Lene Liebe Delsett har skrevet bokas forord.<\/p>\n<p>Fotobokserien <i>Sideblikk<\/i> l\u00f8fter fram tidsskildringer, oppsiktsvekkende hendelser og hverdagslige \u00f8yeblikk hentet fra Nasjonalbibliotekets samling. Bildene er ikke tatt av kjente eller etablerte fotografer, men viser oss det originale blikket og de bemerkelsesverdige omgivelsene til kulturpersonligheter som har satt spor etter seg i norsk historie.<\/p>\n","protected":false},"featured_media":18161,"template":"","meta":{"nb_hide_title":false,"nb_breadcrumb_title_override":""},"product_brand":[],"product_cat":[2123],"product_tag":[3753,3820],"class_list":{"0":"post-18164","1":"product","2":"type-product","3":"status-publish","4":"has-post-thumbnail","6":"product_cat-sideblikk","7":"product_tag-hanna-resvoll-holmsen","8":"product_tag-kvinner","10":"first","11":"instock","12":"shipping-taxable","13":"purchasable","14":"product-type-simple"},"yoast_head":"<!-- This site is optimized with the Yoast SEO plugin v27.1.1 - https:\/\/yoast.com\/product\/yoast-seo-wordpress\/ -->\n<title>Hanna Resvoll-Holmsen - NB Nettbutikk<\/title>\n<meta name=\"robots\" content=\"index, follow, max-snippet:-1, max-image-preview:large, max-video-preview:-1\" \/>\n<link rel=\"canonical\" href=\"https:\/\/www.nb.no\/nettbutikk\/produkt\/hanna-resvoll-holmsen\/\" \/>\n<meta property=\"og:locale\" content=\"nb_NO\" \/>\n<meta property=\"og:type\" content=\"article\" \/>\n<meta property=\"og:title\" content=\"Hanna Resvoll-Holmsen - NB Nettbutikk\" \/>\n<meta property=\"og:description\" content=\"Botanikeren Hanna Resvoll-Holmsen (1873\u20131943) blir omtalt som Norges f\u00f8rste milj\u00f8verner. Hun var en foregangskvinne p\u00e5 flere felt: som forsker, naturverner og som dokumentasjonsfotograf. Denne boka samler et utvalg fotografier \u2013 landskapsbilder og n\u00e6rbilder av planter i uts\u00f8kt detalj \u2013 etter en enest\u00e5ende skikkelse i norsk foto- og vitenskapshistorie. Lene Liebe Delsett har skrevet bokas forord. Fotobokserien Sideblikk l\u00f8fter fram tidsskildringer, oppsiktsvekkende hendelser og hverdagslige \u00f8yeblikk hentet fra Nasjonalbibliotekets samling. Bildene er ikke tatt av kjente eller etablerte fotografer, men viser oss det originale blikket og de bemerkelsesverdige omgivelsene til kulturpersonligheter som har satt spor etter seg i norsk historie.\" \/>\n<meta property=\"og:url\" content=\"https:\/\/www.nb.no\/nettbutikk\/produkt\/hanna-resvoll-holmsen\/\" \/>\n<meta property=\"og:site_name\" content=\"NB Nettbutikk\" \/>\n<meta property=\"article:modified_time\" content=\"2026-04-17T04:03:33+00:00\" \/>\n<meta property=\"og:image\" content=\"https:\/\/www.nb.no\/content\/uploads\/sites\/5\/2023\/11\/E6mp-pifWn-U4mniGoxN3v_N_3Ic7pZvNzWXmtWeAfhXd4atsrUsy7eId2ErEZKYmCj6SOmMiV-6TG4LAohAbA-scaled.jpg\" \/>\n\t<meta property=\"og:image:width\" content=\"2560\" \/>\n\t<meta property=\"og:image:height\" content=\"1921\" \/>\n\t<meta property=\"og:image:type\" content=\"image\/jpeg\" \/>\n<meta name=\"twitter:card\" content=\"summary_large_image\" \/>\n<meta name=\"twitter:label1\" content=\"Ansl. lesetid\" \/>\n\t<meta name=\"twitter:data1\" content=\"1 minutt\" \/>\n<script type=\"application\/ld+json\" class=\"yoast-schema-graph\">{\"@context\":\"https:\/\/schema.org\",\"@graph\":[{\"@type\":\"WebPage\",\"@id\":\"https:\/\/www.nb.no\/nettbutikk\/produkt\/hanna-resvoll-holmsen\/\",\"url\":\"https:\/\/www.nb.no\/nettbutikk\/produkt\/hanna-resvoll-holmsen\/\",\"name\":\"Hanna Resvoll-Holmsen - NB Nettbutikk\",\"isPartOf\":{\"@id\":\"https:\/\/www.nb.no\/nettbutikk\/#website\"},\"primaryImageOfPage\":{\"@id\":\"https:\/\/www.nb.no\/nettbutikk\/produkt\/hanna-resvoll-holmsen\/#primaryimage\"},\"image\":{\"@id\":\"https:\/\/www.nb.no\/nettbutikk\/produkt\/hanna-resvoll-holmsen\/#primaryimage\"},\"thumbnailUrl\":\"https:\/\/www.nb.no\/content\/uploads\/sites\/5\/2023\/11\/E6mp-pifWn-U4mniGoxN3v_N_3Ic7pZvNzWXmtWeAfhXd4atsrUsy7eId2ErEZKYmCj6SOmMiV-6TG4LAohAbA-scaled.jpg\",\"datePublished\":\"2023-12-05T08:00:42+00:00\",\"dateModified\":\"2026-04-17T04:03:33+00:00\",\"breadcrumb\":{\"@id\":\"https:\/\/www.nb.no\/nettbutikk\/produkt\/hanna-resvoll-holmsen\/#breadcrumb\"},\"inLanguage\":\"nb-NO\",\"potentialAction\":[{\"@type\":\"ReadAction\",\"target\":[\"https:\/\/www.nb.no\/nettbutikk\/produkt\/hanna-resvoll-holmsen\/\"]}]},{\"@type\":\"ImageObject\",\"inLanguage\":\"nb-NO\",\"@id\":\"https:\/\/www.nb.no\/nettbutikk\/produkt\/hanna-resvoll-holmsen\/#primaryimage\",\"url\":\"https:\/\/www.nb.no\/content\/uploads\/sites\/5\/2023\/11\/E6mp-pifWn-U4mniGoxN3v_N_3Ic7pZvNzWXmtWeAfhXd4atsrUsy7eId2ErEZKYmCj6SOmMiV-6TG4LAohAbA-scaled.jpg\",\"contentUrl\":\"https:\/\/www.nb.no\/content\/uploads\/sites\/5\/2023\/11\/E6mp-pifWn-U4mniGoxN3v_N_3Ic7pZvNzWXmtWeAfhXd4atsrUsy7eId2ErEZKYmCj6SOmMiV-6TG4LAohAbA-scaled.jpg\",\"width\":2560,\"height\":1921,\"caption\":\"Hanna Resvoll-Holmsen\"},{\"@type\":\"BreadcrumbList\",\"@id\":\"https:\/\/www.nb.no\/nettbutikk\/produkt\/hanna-resvoll-holmsen\/#breadcrumb\",\"itemListElement\":[{\"@type\":\"ListItem\",\"position\":1,\"name\":\"Home\",\"item\":\"https:\/\/www.nb.no\/nettbutikk\/\"},{\"@type\":\"ListItem\",\"position\":2,\"name\":\"Butikk\",\"item\":\"https:\/\/www.nb.no\/nettbutikk\/butikk\/\"},{\"@type\":\"ListItem\",\"position\":3,\"name\":\"Hanna Resvoll-Holmsen\"}]},{\"@type\":\"WebSite\",\"@id\":\"https:\/\/www.nb.no\/nettbutikk\/#website\",\"url\":\"https:\/\/www.nb.no\/nettbutikk\/\",\"name\":\"NB Nettbutikk\",\"description\":\"\",\"potentialAction\":[{\"@type\":\"SearchAction\",\"target\":{\"@type\":\"EntryPoint\",\"urlTemplate\":\"https:\/\/www.nb.no\/nettbutikk\/?s={search_term_string}\"},\"query-input\":{\"@type\":\"PropertyValueSpecification\",\"valueRequired\":true,\"valueName\":\"search_term_string\"}}],\"inLanguage\":\"nb-NO\"}]}<\/script>\n<!-- \/ Yoast SEO plugin. -->","yoast_head_json":{"title":"Hanna Resvoll-Holmsen - NB Nettbutikk","robots":{"index":"index","follow":"follow","max-snippet":"max-snippet:-1","max-image-preview":"max-image-preview:large","max-video-preview":"max-video-preview:-1"},"canonical":"https:\/\/www.nb.no\/nettbutikk\/produkt\/hanna-resvoll-holmsen\/","og_locale":"nb_NO","og_type":"article","og_title":"Hanna Resvoll-Holmsen - NB Nettbutikk","og_description":"Botanikeren Hanna Resvoll-Holmsen (1873\u20131943) blir omtalt som Norges f\u00f8rste milj\u00f8verner. Hun var en foregangskvinne p\u00e5 flere felt: som forsker, naturverner og som dokumentasjonsfotograf. Denne boka samler et utvalg fotografier \u2013 landskapsbilder og n\u00e6rbilder av planter i uts\u00f8kt detalj \u2013 etter en enest\u00e5ende skikkelse i norsk foto- og vitenskapshistorie. Lene Liebe Delsett har skrevet bokas forord. Fotobokserien Sideblikk l\u00f8fter fram tidsskildringer, oppsiktsvekkende hendelser og hverdagslige \u00f8yeblikk hentet fra Nasjonalbibliotekets samling. Bildene er ikke tatt av kjente eller etablerte fotografer, men viser oss det originale blikket og de bemerkelsesverdige omgivelsene til kulturpersonligheter som har satt spor etter seg i norsk historie.","og_url":"https:\/\/www.nb.no\/nettbutikk\/produkt\/hanna-resvoll-holmsen\/","og_site_name":"NB Nettbutikk","article_modified_time":"2026-04-17T04:03:33+00:00","og_image":[{"width":2560,"height":1921,"url":"https:\/\/www.nb.no\/content\/uploads\/sites\/5\/2023\/11\/E6mp-pifWn-U4mniGoxN3v_N_3Ic7pZvNzWXmtWeAfhXd4atsrUsy7eId2ErEZKYmCj6SOmMiV-6TG4LAohAbA-scaled.jpg","type":"image\/jpeg"}],"twitter_card":"summary_large_image","twitter_misc":{"Ansl. lesetid":"1 minutt"},"schema":{"@context":"https:\/\/schema.org","@graph":[{"@type":"WebPage","@id":"https:\/\/www.nb.no\/nettbutikk\/produkt\/hanna-resvoll-holmsen\/","url":"https:\/\/www.nb.no\/nettbutikk\/produkt\/hanna-resvoll-holmsen\/","name":"Hanna Resvoll-Holmsen - NB Nettbutikk","isPartOf":{"@id":"https:\/\/www.nb.no\/nettbutikk\/#website"},"primaryImageOfPage":{"@id":"https:\/\/www.nb.no\/nettbutikk\/produkt\/hanna-resvoll-holmsen\/#primaryimage"},"image":{"@id":"https:\/\/www.nb.no\/nettbutikk\/produkt\/hanna-resvoll-holmsen\/#primaryimage"},"thumbnailUrl":"https:\/\/www.nb.no\/content\/uploads\/sites\/5\/2023\/11\/E6mp-pifWn-U4mniGoxN3v_N_3Ic7pZvNzWXmtWeAfhXd4atsrUsy7eId2ErEZKYmCj6SOmMiV-6TG4LAohAbA-scaled.jpg","datePublished":"2023-12-05T08:00:42+00:00","dateModified":"2026-04-17T04:03:33+00:00","breadcrumb":{"@id":"https:\/\/www.nb.no\/nettbutikk\/produkt\/hanna-resvoll-holmsen\/#breadcrumb"},"inLanguage":"nb-NO","potentialAction":[{"@type":"ReadAction","target":["https:\/\/www.nb.no\/nettbutikk\/produkt\/hanna-resvoll-holmsen\/"]}]},{"@type":"ImageObject","inLanguage":"nb-NO","@id":"https:\/\/www.nb.no\/nettbutikk\/produkt\/hanna-resvoll-holmsen\/#primaryimage","url":"https:\/\/www.nb.no\/content\/uploads\/sites\/5\/2023\/11\/E6mp-pifWn-U4mniGoxN3v_N_3Ic7pZvNzWXmtWeAfhXd4atsrUsy7eId2ErEZKYmCj6SOmMiV-6TG4LAohAbA-scaled.jpg","contentUrl":"https:\/\/www.nb.no\/content\/uploads\/sites\/5\/2023\/11\/E6mp-pifWn-U4mniGoxN3v_N_3Ic7pZvNzWXmtWeAfhXd4atsrUsy7eId2ErEZKYmCj6SOmMiV-6TG4LAohAbA-scaled.jpg","width":2560,"height":1921,"caption":"Hanna Resvoll-Holmsen"},{"@type":"BreadcrumbList","@id":"https:\/\/www.nb.no\/nettbutikk\/produkt\/hanna-resvoll-holmsen\/#breadcrumb","itemListElement":[{"@type":"ListItem","position":1,"name":"Home","item":"https:\/\/www.nb.no\/nettbutikk\/"},{"@type":"ListItem","position":2,"name":"Butikk","item":"https:\/\/www.nb.no\/nettbutikk\/butikk\/"},{"@type":"ListItem","position":3,"name":"Hanna Resvoll-Holmsen"}]},{"@type":"WebSite","@id":"https:\/\/www.nb.no\/nettbutikk\/#website","url":"https:\/\/www.nb.no\/nettbutikk\/","name":"NB Nettbutikk","description":"","potentialAction":[{"@type":"SearchAction","target":{"@type":"EntryPoint","urlTemplate":"https:\/\/www.nb.no\/nettbutikk\/?s={search_term_string}"},"query-input":{"@type":"PropertyValueSpecification","valueRequired":true,"valueName":"search_term_string"}}],"inLanguage":"nb-NO"}]}},"_links":{"self":[{"href":"https:\/\/www.nb.no\/nettbutikk\/wp-json\/wp\/v2\/product\/18164","targetHints":{"allow":["GET"]}}],"collection":[{"href":"https:\/\/www.nb.no\/nettbutikk\/wp-json\/wp\/v2\/product"}],"about":[{"href":"https:\/\/www.nb.no\/nettbutikk\/wp-json\/wp\/v2\/types\/product"}],"wp:featuredmedia":[{"embeddable":true,"href":"https:\/\/www.nb.no\/nettbutikk\/wp-json\/wp\/v2\/media\/18161"}],"wp:attachment":[{"href":"https:\/\/www.nb.no\/nettbutikk\/wp-json\/wp\/v2\/media?parent=18164"}],"wp:term":[{"taxonomy":"product_brand","embeddable":true,"href":"https:\/\/www.nb.no\/nettbutikk\/wp-json\/wp\/v2\/product_brand?post=18164"},{"taxonomy":"product_cat","embeddable":true,"href":"https:\/\/www.nb.no\/nettbutikk\/wp-json\/wp\/v2\/product_cat?post=18164"},{"taxonomy":"product_tag","embeddable":true,"href":"https:\/\/www.nb.no\/nettbutikk\/wp-json\/wp\/v2\/product_tag?post=18164"}],"curies":[{"name":"wp","href":"https:\/\/api.w.org\/{rel}","templated":true}]}}