{"id":17952,"date":"2022-10-11T09:15:59","date_gmt":"2022-10-11T07:15:59","guid":{"rendered":"https:\/\/www.nb.no\/nettbutikk\/produkt\/roald-amundsen-lincoln-ellsworth-flyveekspedisjon-1925\/"},"modified":"2026-04-15T08:18:22","modified_gmt":"2026-04-15T06:18:22","slug":"roald-amundsen-lincoln-ellsworth-flyveekspedisjon-1925","status":"publish","type":"product","link":"https:\/\/www.nb.no\/nettbutikk\/produkt\/roald-amundsen-lincoln-ellsworth-flyveekspedisjon-1925\/","title":{"rendered":"Roald Amundsen \u2013 Lincoln Ellsworth flyveekspedisjon 1925"},"content":{"rendered":"","protected":false},"excerpt":{"rendered":"<p>21. mai 1925 startet Roald Amundsen, sammen med amerikaneren Lincoln Ellsworth og fire andre, fra Svalbard i et fors\u00f8k p\u00e5 \u00e5 n\u00e5 Nordpolen med sj\u00f8flyene N. 24 og N. 25. Ferden ble mer dramatisk enn planlagt. Da N. 24 havarerte i isen, m\u00e5tte alle ekspedisjonsmedlemmene redde seg tilbake i N. 25, som bare var beregnet for tre personer. P\u00e5 minimale dagsrasjoner klarte mennene etter ukers strev \u00e5 rydde en startbane i drivisen og kom seg velberget til Spitsbergen. Ekspedisjonens medlemmer ble mottatt som helter da de ankom Oslo. <\/p>\n<p>Filmer inneholder enest\u00e5ende filmopptak fra v\u00e5r polarhistorie, arktisk natur og dyreliv, og fra triumfferden tilbake til Svalbard og Norge.<\/p>\n","protected":false},"featured_media":17966,"template":"","meta":{"nb_hide_title":false,"nb_breadcrumb_title_override":""},"product_brand":[],"product_cat":[1665],"product_tag":[],"class_list":{"0":"post-17952","1":"product","2":"type-product","3":"status-publish","4":"has-post-thumbnail","6":"product_cat-filmer","8":"first","9":"instock","10":"taxable","11":"shipping-taxable","12":"purchasable","13":"product-type-simple"},"yoast_head":"<!-- This site is optimized with the Yoast SEO plugin v27.1.1 - https:\/\/yoast.com\/product\/yoast-seo-wordpress\/ -->\n<title>Roald Amundsen \u2013 Lincoln Ellsworth flyveekspedisjon 1925 - NB Nettbutikk<\/title>\n<meta name=\"robots\" content=\"index, follow, max-snippet:-1, max-image-preview:large, max-video-preview:-1\" \/>\n<link rel=\"canonical\" href=\"https:\/\/www.nb.no\/nettbutikk\/produkt\/roald-amundsen-lincoln-ellsworth-flyveekspedisjon-1925\/\" \/>\n<meta property=\"og:locale\" content=\"nb_NO\" \/>\n<meta property=\"og:type\" content=\"article\" \/>\n<meta property=\"og:title\" content=\"Roald Amundsen \u2013 Lincoln Ellsworth flyveekspedisjon 1925 - NB Nettbutikk\" \/>\n<meta property=\"og:description\" content=\"21. mai 1925 startet Roald Amundsen, sammen med amerikaneren Lincoln Ellsworth og fire andre, fra Svalbard i et fors\u00f8k p\u00e5 \u00e5 n\u00e5 Nordpolen med sj\u00f8flyene N. 24 og N. 25. Ferden ble mer dramatisk enn planlagt. Da N. 24 havarerte i isen, m\u00e5tte alle ekspedisjonsmedlemmene redde seg tilbake i N. 25, som bare var beregnet for tre personer. P\u00e5 minimale dagsrasjoner klarte mennene etter ukers strev \u00e5 rydde en startbane i drivisen og kom seg velberget til Spitsbergen. Ekspedisjonens medlemmer ble mottatt som helter da de ankom Oslo.  Filmer inneholder enest\u00e5ende filmopptak fra v\u00e5r polarhistorie, arktisk natur og dyreliv, og fra triumfferden tilbake til Svalbard og Norge.\" \/>\n<meta property=\"og:url\" content=\"https:\/\/www.nb.no\/nettbutikk\/produkt\/roald-amundsen-lincoln-ellsworth-flyveekspedisjon-1925\/\" \/>\n<meta property=\"og:site_name\" content=\"NB Nettbutikk\" \/>\n<meta property=\"article:modified_time\" content=\"2026-04-15T06:18:22+00:00\" \/>\n<meta property=\"og:image\" content=\"https:\/\/www.nb.no\/content\/uploads\/sites\/5\/2023\/09\/E6mp-pifWn-U4mniGoxN3v_N_3Ic7pZvNzWXmteaD_hRdI34tbR-wuPdJWJ_QZTFnS6sRO-LilvkHjEJAohAbA.jpg\" \/>\n\t<meta property=\"og:image:width\" content=\"734\" \/>\n\t<meta property=\"og:image:height\" content=\"1000\" \/>\n\t<meta property=\"og:image:type\" content=\"image\/jpeg\" \/>\n<meta name=\"twitter:card\" content=\"summary_large_image\" \/>\n<meta name=\"twitter:label1\" content=\"Ansl. lesetid\" \/>\n\t<meta name=\"twitter:data1\" content=\"1 minutt\" \/>\n<script type=\"application\/ld+json\" class=\"yoast-schema-graph\">{\"@context\":\"https:\/\/schema.org\",\"@graph\":[{\"@type\":\"WebPage\",\"@id\":\"https:\/\/www.nb.no\/nettbutikk\/produkt\/roald-amundsen-lincoln-ellsworth-flyveekspedisjon-1925\/\",\"url\":\"https:\/\/www.nb.no\/nettbutikk\/produkt\/roald-amundsen-lincoln-ellsworth-flyveekspedisjon-1925\/\",\"name\":\"Roald Amundsen \u2013 Lincoln Ellsworth flyveekspedisjon 1925 - NB Nettbutikk\",\"isPartOf\":{\"@id\":\"https:\/\/www.nb.no\/nettbutikk\/#website\"},\"primaryImageOfPage\":{\"@id\":\"https:\/\/www.nb.no\/nettbutikk\/produkt\/roald-amundsen-lincoln-ellsworth-flyveekspedisjon-1925\/#primaryimage\"},\"image\":{\"@id\":\"https:\/\/www.nb.no\/nettbutikk\/produkt\/roald-amundsen-lincoln-ellsworth-flyveekspedisjon-1925\/#primaryimage\"},\"thumbnailUrl\":\"https:\/\/www.nb.no\/content\/uploads\/sites\/5\/2023\/09\/E6mp-pifWn-U4mniGoxN3v_N_3Ic7pZvNzWXmteaD_hRdI34tbR-wuPdJWJ_QZTFnS6sRO-LilvkHjEJAohAbA.jpg\",\"datePublished\":\"2022-10-11T07:15:59+00:00\",\"dateModified\":\"2026-04-15T06:18:22+00:00\",\"breadcrumb\":{\"@id\":\"https:\/\/www.nb.no\/nettbutikk\/produkt\/roald-amundsen-lincoln-ellsworth-flyveekspedisjon-1925\/#breadcrumb\"},\"inLanguage\":\"nb-NO\",\"potentialAction\":[{\"@type\":\"ReadAction\",\"target\":[\"https:\/\/www.nb.no\/nettbutikk\/produkt\/roald-amundsen-lincoln-ellsworth-flyveekspedisjon-1925\/\"]}]},{\"@type\":\"ImageObject\",\"inLanguage\":\"nb-NO\",\"@id\":\"https:\/\/www.nb.no\/nettbutikk\/produkt\/roald-amundsen-lincoln-ellsworth-flyveekspedisjon-1925\/#primaryimage\",\"url\":\"https:\/\/www.nb.no\/content\/uploads\/sites\/5\/2023\/09\/E6mp-pifWn-U4mniGoxN3v_N_3Ic7pZvNzWXmteaD_hRdI34tbR-wuPdJWJ_QZTFnS6sRO-LilvkHjEJAohAbA.jpg\",\"contentUrl\":\"https:\/\/www.nb.no\/content\/uploads\/sites\/5\/2023\/09\/E6mp-pifWn-U4mniGoxN3v_N_3Ic7pZvNzWXmteaD_hRdI34tbR-wuPdJWJ_QZTFnS6sRO-LilvkHjEJAohAbA.jpg\",\"width\":734,\"height\":1000,\"caption\":\"Roald Amundsen \u2013 Lincoln Ellsworth Flyveekspedisjon 1925\"},{\"@type\":\"BreadcrumbList\",\"@id\":\"https:\/\/www.nb.no\/nettbutikk\/produkt\/roald-amundsen-lincoln-ellsworth-flyveekspedisjon-1925\/#breadcrumb\",\"itemListElement\":[{\"@type\":\"ListItem\",\"position\":1,\"name\":\"Home\",\"item\":\"https:\/\/www.nb.no\/nettbutikk\/\"},{\"@type\":\"ListItem\",\"position\":2,\"name\":\"Butikk\",\"item\":\"https:\/\/www.nb.no\/nettbutikk\/butikk\/\"},{\"@type\":\"ListItem\",\"position\":3,\"name\":\"Roald Amundsen \u2013 Lincoln Ellsworth flyveekspedisjon 1925\"}]},{\"@type\":\"WebSite\",\"@id\":\"https:\/\/www.nb.no\/nettbutikk\/#website\",\"url\":\"https:\/\/www.nb.no\/nettbutikk\/\",\"name\":\"NB Nettbutikk\",\"description\":\"\",\"potentialAction\":[{\"@type\":\"SearchAction\",\"target\":{\"@type\":\"EntryPoint\",\"urlTemplate\":\"https:\/\/www.nb.no\/nettbutikk\/?s={search_term_string}\"},\"query-input\":{\"@type\":\"PropertyValueSpecification\",\"valueRequired\":true,\"valueName\":\"search_term_string\"}}],\"inLanguage\":\"nb-NO\"}]}<\/script>\n<!-- \/ Yoast SEO plugin. -->","yoast_head_json":{"title":"Roald Amundsen \u2013 Lincoln Ellsworth flyveekspedisjon 1925 - NB Nettbutikk","robots":{"index":"index","follow":"follow","max-snippet":"max-snippet:-1","max-image-preview":"max-image-preview:large","max-video-preview":"max-video-preview:-1"},"canonical":"https:\/\/www.nb.no\/nettbutikk\/produkt\/roald-amundsen-lincoln-ellsworth-flyveekspedisjon-1925\/","og_locale":"nb_NO","og_type":"article","og_title":"Roald Amundsen \u2013 Lincoln Ellsworth flyveekspedisjon 1925 - NB Nettbutikk","og_description":"21. mai 1925 startet Roald Amundsen, sammen med amerikaneren Lincoln Ellsworth og fire andre, fra Svalbard i et fors\u00f8k p\u00e5 \u00e5 n\u00e5 Nordpolen med sj\u00f8flyene N. 24 og N. 25. Ferden ble mer dramatisk enn planlagt. Da N. 24 havarerte i isen, m\u00e5tte alle ekspedisjonsmedlemmene redde seg tilbake i N. 25, som bare var beregnet for tre personer. P\u00e5 minimale dagsrasjoner klarte mennene etter ukers strev \u00e5 rydde en startbane i drivisen og kom seg velberget til Spitsbergen. Ekspedisjonens medlemmer ble mottatt som helter da de ankom Oslo.  Filmer inneholder enest\u00e5ende filmopptak fra v\u00e5r polarhistorie, arktisk natur og dyreliv, og fra triumfferden tilbake til Svalbard og Norge.","og_url":"https:\/\/www.nb.no\/nettbutikk\/produkt\/roald-amundsen-lincoln-ellsworth-flyveekspedisjon-1925\/","og_site_name":"NB Nettbutikk","article_modified_time":"2026-04-15T06:18:22+00:00","og_image":[{"width":734,"height":1000,"url":"https:\/\/www.nb.no\/content\/uploads\/sites\/5\/2023\/09\/E6mp-pifWn-U4mniGoxN3v_N_3Ic7pZvNzWXmteaD_hRdI34tbR-wuPdJWJ_QZTFnS6sRO-LilvkHjEJAohAbA.jpg","type":"image\/jpeg"}],"twitter_card":"summary_large_image","twitter_misc":{"Ansl. lesetid":"1 minutt"},"schema":{"@context":"https:\/\/schema.org","@graph":[{"@type":"WebPage","@id":"https:\/\/www.nb.no\/nettbutikk\/produkt\/roald-amundsen-lincoln-ellsworth-flyveekspedisjon-1925\/","url":"https:\/\/www.nb.no\/nettbutikk\/produkt\/roald-amundsen-lincoln-ellsworth-flyveekspedisjon-1925\/","name":"Roald Amundsen \u2013 Lincoln Ellsworth flyveekspedisjon 1925 - NB Nettbutikk","isPartOf":{"@id":"https:\/\/www.nb.no\/nettbutikk\/#website"},"primaryImageOfPage":{"@id":"https:\/\/www.nb.no\/nettbutikk\/produkt\/roald-amundsen-lincoln-ellsworth-flyveekspedisjon-1925\/#primaryimage"},"image":{"@id":"https:\/\/www.nb.no\/nettbutikk\/produkt\/roald-amundsen-lincoln-ellsworth-flyveekspedisjon-1925\/#primaryimage"},"thumbnailUrl":"https:\/\/www.nb.no\/content\/uploads\/sites\/5\/2023\/09\/E6mp-pifWn-U4mniGoxN3v_N_3Ic7pZvNzWXmteaD_hRdI34tbR-wuPdJWJ_QZTFnS6sRO-LilvkHjEJAohAbA.jpg","datePublished":"2022-10-11T07:15:59+00:00","dateModified":"2026-04-15T06:18:22+00:00","breadcrumb":{"@id":"https:\/\/www.nb.no\/nettbutikk\/produkt\/roald-amundsen-lincoln-ellsworth-flyveekspedisjon-1925\/#breadcrumb"},"inLanguage":"nb-NO","potentialAction":[{"@type":"ReadAction","target":["https:\/\/www.nb.no\/nettbutikk\/produkt\/roald-amundsen-lincoln-ellsworth-flyveekspedisjon-1925\/"]}]},{"@type":"ImageObject","inLanguage":"nb-NO","@id":"https:\/\/www.nb.no\/nettbutikk\/produkt\/roald-amundsen-lincoln-ellsworth-flyveekspedisjon-1925\/#primaryimage","url":"https:\/\/www.nb.no\/content\/uploads\/sites\/5\/2023\/09\/E6mp-pifWn-U4mniGoxN3v_N_3Ic7pZvNzWXmteaD_hRdI34tbR-wuPdJWJ_QZTFnS6sRO-LilvkHjEJAohAbA.jpg","contentUrl":"https:\/\/www.nb.no\/content\/uploads\/sites\/5\/2023\/09\/E6mp-pifWn-U4mniGoxN3v_N_3Ic7pZvNzWXmteaD_hRdI34tbR-wuPdJWJ_QZTFnS6sRO-LilvkHjEJAohAbA.jpg","width":734,"height":1000,"caption":"Roald Amundsen \u2013 Lincoln Ellsworth Flyveekspedisjon 1925"},{"@type":"BreadcrumbList","@id":"https:\/\/www.nb.no\/nettbutikk\/produkt\/roald-amundsen-lincoln-ellsworth-flyveekspedisjon-1925\/#breadcrumb","itemListElement":[{"@type":"ListItem","position":1,"name":"Home","item":"https:\/\/www.nb.no\/nettbutikk\/"},{"@type":"ListItem","position":2,"name":"Butikk","item":"https:\/\/www.nb.no\/nettbutikk\/butikk\/"},{"@type":"ListItem","position":3,"name":"Roald Amundsen \u2013 Lincoln Ellsworth flyveekspedisjon 1925"}]},{"@type":"WebSite","@id":"https:\/\/www.nb.no\/nettbutikk\/#website","url":"https:\/\/www.nb.no\/nettbutikk\/","name":"NB Nettbutikk","description":"","potentialAction":[{"@type":"SearchAction","target":{"@type":"EntryPoint","urlTemplate":"https:\/\/www.nb.no\/nettbutikk\/?s={search_term_string}"},"query-input":{"@type":"PropertyValueSpecification","valueRequired":true,"valueName":"search_term_string"}}],"inLanguage":"nb-NO"}]}},"_links":{"self":[{"href":"https:\/\/www.nb.no\/nettbutikk\/wp-json\/wp\/v2\/product\/17952","targetHints":{"allow":["GET"]}}],"collection":[{"href":"https:\/\/www.nb.no\/nettbutikk\/wp-json\/wp\/v2\/product"}],"about":[{"href":"https:\/\/www.nb.no\/nettbutikk\/wp-json\/wp\/v2\/types\/product"}],"wp:featuredmedia":[{"embeddable":true,"href":"https:\/\/www.nb.no\/nettbutikk\/wp-json\/wp\/v2\/media\/17966"}],"wp:attachment":[{"href":"https:\/\/www.nb.no\/nettbutikk\/wp-json\/wp\/v2\/media?parent=17952"}],"wp:term":[{"taxonomy":"product_brand","embeddable":true,"href":"https:\/\/www.nb.no\/nettbutikk\/wp-json\/wp\/v2\/product_brand?post=17952"},{"taxonomy":"product_cat","embeddable":true,"href":"https:\/\/www.nb.no\/nettbutikk\/wp-json\/wp\/v2\/product_cat?post=17952"},{"taxonomy":"product_tag","embeddable":true,"href":"https:\/\/www.nb.no\/nettbutikk\/wp-json\/wp\/v2\/product_tag?post=17952"}],"curies":[{"name":"wp","href":"https:\/\/api.w.org\/{rel}","templated":true}]}}