{"id":17672,"date":"2023-07-13T12:41:01","date_gmt":"2023-07-13T10:41:01","guid":{"rendered":"https:\/\/www.nb.no\/nettbutikk\/produkt\/harriet-backer-brev-1878-1932\/"},"modified":"2026-04-15T08:20:12","modified_gmt":"2026-04-15T06:20:12","slug":"harriet-backer-det-var-malersnak-jeg-traengte-til-brev-1878-1932","status":"publish","type":"product","link":"https:\/\/www.nb.no\/nettbutikk\/produkt\/harriet-backer-det-var-malersnak-jeg-traengte-til-brev-1878-1932\/","title":{"rendered":"Harriet Backer: \u00abdet var malersnak jeg tr\u00e6ngte til\u00bb Brev 1878\u20131932"},"content":{"rendered":"","protected":false},"excerpt":{"rendered":"<p><a href=\"https:\/\/www.bokselskap.no\/boker\/backerbrev\/\">Du kan lese boka p\u00e5 nett her<\/a><\/p>\n<p>I denne publikasjonen formidles noen av billedkunstneren Harriet Backers (1845\u20131932) tanker om kunst. Dette gj\u00f8res med et utvalg p\u00e5 54 brev, skrevet til kunstnerkolleger, venner og familie. Tidsmessig spenner brevene fra 1878 til 1932, hele 54 \u00e5r.<\/p>\n<p>Brevene er en kilde til kunnskap om hva Backer selv mente om kunst, litteratur og andre samfunnsforhold. Til tross for et begrenset utvalg vitner brevene like fullt om Backers sentrale posisjon innen norsk kunstliv, og de bekrefter betydningen av kollegiale nettverk. De sier noe om hvem som var viktige for hennes kunstneriske virke og karriere, og ogs\u00e5 hvem som stod henne n\u00e6r i privatlivet. Hun var ogs\u00e5 selv en viktig st\u00f8tte og veileder for andre kunstnere, ikke minst for de yngre. De i alt 17 ulike mottakerne, hvorav 6 kvinner, viser et utsnitt av en st\u00f8rre omgangskrets. Familiebrev er representert med tre brev til hennes yngste s\u00f8ster Margrethe, gift Welhaven.<\/p>\n","protected":false},"featured_media":18185,"template":"","meta":{"nb_hide_title":false,"nb_breadcrumb_title_override":""},"product_brand":[],"product_cat":[1377],"product_tag":[3752,3773,3749,3850,3820],"class_list":{"0":"post-17672","1":"product","2":"type-product","3":"status-publish","4":"has-post-thumbnail","6":"product_cat-nb-kilder","7":"product_tag-1800-tallet","8":"product_tag-1900-tallet","9":"product_tag-brev","10":"product_tag-kunst","11":"product_tag-kvinner","13":"first","14":"instock","15":"shipping-taxable","16":"purchasable","17":"product-type-simple"},"yoast_head":"<!-- This site is optimized with the Yoast SEO plugin v27.1.1 - https:\/\/yoast.com\/product\/yoast-seo-wordpress\/ -->\n<title>Harriet Backer: \u00abdet var malersnak jeg tr\u00e6ngte til\u00bb Brev 1878\u20131932 - NB Nettbutikk<\/title>\n<meta name=\"robots\" content=\"index, follow, max-snippet:-1, max-image-preview:large, max-video-preview:-1\" \/>\n<link rel=\"canonical\" href=\"https:\/\/www.nb.no\/nettbutikk\/produkt\/harriet-backer-det-var-malersnak-jeg-traengte-til-brev-1878-1932\/\" \/>\n<meta property=\"og:locale\" content=\"nb_NO\" \/>\n<meta property=\"og:type\" content=\"article\" \/>\n<meta property=\"og:title\" content=\"Harriet Backer: \u00abdet var malersnak jeg tr\u00e6ngte til\u00bb Brev 1878\u20131932 - NB Nettbutikk\" \/>\n<meta property=\"og:description\" content=\"Du kan lese boka p\u00e5 nett her I denne publikasjonen formidles noen av billedkunstneren Harriet Backers (1845\u20131932) tanker om kunst. Dette gj\u00f8res med et utvalg p\u00e5 54 brev, skrevet til kunstnerkolleger, venner og familie. Tidsmessig spenner brevene fra 1878 til 1932, hele 54 \u00e5r.  Brevene er en kilde til kunnskap om hva Backer selv mente om kunst, litteratur og andre samfunnsforhold. Til tross for et begrenset utvalg vitner brevene like fullt om Backers sentrale posisjon innen norsk kunstliv, og de bekrefter betydningen av kollegiale nettverk. De sier noe om hvem som var viktige for hennes kunstneriske virke og karriere, og ogs\u00e5 hvem som stod henne n\u00e6r i privatlivet. Hun var ogs\u00e5 selv en viktig st\u00f8tte og veileder for andre kunstnere, ikke minst for de yngre. De i alt 17 ulike mottakerne, hvorav 6 kvinner, viser et utsnitt av en st\u00f8rre omgangskrets. Familiebrev er representert med tre brev til hennes yngste s\u00f8ster Margrethe, gift Welhaven.\" \/>\n<meta property=\"og:url\" content=\"https:\/\/www.nb.no\/nettbutikk\/produkt\/harriet-backer-det-var-malersnak-jeg-traengte-til-brev-1878-1932\/\" \/>\n<meta property=\"og:site_name\" content=\"NB Nettbutikk\" \/>\n<meta property=\"article:modified_time\" content=\"2026-04-15T06:20:12+00:00\" \/>\n<meta property=\"og:image\" content=\"https:\/\/www.nb.no\/content\/uploads\/sites\/5\/2023\/11\/E6mp-pifWn-U4mniGoxN3v_N_3Ic7pZvNzWXmtWaAvcHJY2otLUszuHQLmF6EpSUziv4SOSL3Qy7Ez8LAohAbA.jpg\" \/>\n\t<meta property=\"og:image:width\" content=\"1535\" \/>\n\t<meta property=\"og:image:height\" content=\"2480\" \/>\n\t<meta property=\"og:image:type\" content=\"image\/jpeg\" \/>\n<meta name=\"twitter:card\" content=\"summary_large_image\" \/>\n<meta name=\"twitter:label1\" content=\"Ansl. lesetid\" \/>\n\t<meta name=\"twitter:data1\" content=\"1 minutt\" \/>\n<script type=\"application\/ld+json\" class=\"yoast-schema-graph\">{\"@context\":\"https:\/\/schema.org\",\"@graph\":[{\"@type\":\"WebPage\",\"@id\":\"https:\/\/www.nb.no\/nettbutikk\/produkt\/harriet-backer-det-var-malersnak-jeg-traengte-til-brev-1878-1932\/\",\"url\":\"https:\/\/www.nb.no\/nettbutikk\/produkt\/harriet-backer-det-var-malersnak-jeg-traengte-til-brev-1878-1932\/\",\"name\":\"Harriet Backer: \u00abdet var malersnak jeg tr\u00e6ngte til\u00bb Brev 1878\u20131932 - NB Nettbutikk\",\"isPartOf\":{\"@id\":\"https:\/\/www.nb.no\/nettbutikk\/#website\"},\"primaryImageOfPage\":{\"@id\":\"https:\/\/www.nb.no\/nettbutikk\/produkt\/harriet-backer-det-var-malersnak-jeg-traengte-til-brev-1878-1932\/#primaryimage\"},\"image\":{\"@id\":\"https:\/\/www.nb.no\/nettbutikk\/produkt\/harriet-backer-det-var-malersnak-jeg-traengte-til-brev-1878-1932\/#primaryimage\"},\"thumbnailUrl\":\"https:\/\/www.nb.no\/content\/uploads\/sites\/5\/2023\/11\/E6mp-pifWn-U4mniGoxN3v_N_3Ic7pZvNzWXmtWaAvcHJY2otLUszuHQLmF6EpSUziv4SOSL3Qy7Ez8LAohAbA.jpg\",\"datePublished\":\"2023-07-13T10:41:01+00:00\",\"dateModified\":\"2026-04-15T06:20:12+00:00\",\"breadcrumb\":{\"@id\":\"https:\/\/www.nb.no\/nettbutikk\/produkt\/harriet-backer-det-var-malersnak-jeg-traengte-til-brev-1878-1932\/#breadcrumb\"},\"inLanguage\":\"nb-NO\",\"potentialAction\":[{\"@type\":\"ReadAction\",\"target\":[\"https:\/\/www.nb.no\/nettbutikk\/produkt\/harriet-backer-det-var-malersnak-jeg-traengte-til-brev-1878-1932\/\"]}]},{\"@type\":\"ImageObject\",\"inLanguage\":\"nb-NO\",\"@id\":\"https:\/\/www.nb.no\/nettbutikk\/produkt\/harriet-backer-det-var-malersnak-jeg-traengte-til-brev-1878-1932\/#primaryimage\",\"url\":\"https:\/\/www.nb.no\/content\/uploads\/sites\/5\/2023\/11\/E6mp-pifWn-U4mniGoxN3v_N_3Ic7pZvNzWXmtWaAvcHJY2otLUszuHQLmF6EpSUziv4SOSL3Qy7Ez8LAohAbA.jpg\",\"contentUrl\":\"https:\/\/www.nb.no\/content\/uploads\/sites\/5\/2023\/11\/E6mp-pifWn-U4mniGoxN3v_N_3Ic7pZvNzWXmtWaAvcHJY2otLUszuHQLmF6EpSUziv4SOSL3Qy7Ez8LAohAbA.jpg\",\"width\":1535,\"height\":2480,\"caption\":\"Harriet Backer: \u00abdet var malersnak jeg tr\u00e6ngte til\u00bb Brev 1878\u20131932\"},{\"@type\":\"BreadcrumbList\",\"@id\":\"https:\/\/www.nb.no\/nettbutikk\/produkt\/harriet-backer-det-var-malersnak-jeg-traengte-til-brev-1878-1932\/#breadcrumb\",\"itemListElement\":[{\"@type\":\"ListItem\",\"position\":1,\"name\":\"Home\",\"item\":\"https:\/\/www.nb.no\/nettbutikk\/\"},{\"@type\":\"ListItem\",\"position\":2,\"name\":\"Butikk\",\"item\":\"https:\/\/www.nb.no\/nettbutikk\/butikk\/\"},{\"@type\":\"ListItem\",\"position\":3,\"name\":\"Harriet Backer: \u00abdet var malersnak jeg tr\u00e6ngte til\u00bb Brev 1878\u20131932\"}]},{\"@type\":\"WebSite\",\"@id\":\"https:\/\/www.nb.no\/nettbutikk\/#website\",\"url\":\"https:\/\/www.nb.no\/nettbutikk\/\",\"name\":\"NB Nettbutikk\",\"description\":\"\",\"potentialAction\":[{\"@type\":\"SearchAction\",\"target\":{\"@type\":\"EntryPoint\",\"urlTemplate\":\"https:\/\/www.nb.no\/nettbutikk\/?s={search_term_string}\"},\"query-input\":{\"@type\":\"PropertyValueSpecification\",\"valueRequired\":true,\"valueName\":\"search_term_string\"}}],\"inLanguage\":\"nb-NO\"}]}<\/script>\n<!-- \/ Yoast SEO plugin. -->","yoast_head_json":{"title":"Harriet Backer: \u00abdet var malersnak jeg tr\u00e6ngte til\u00bb Brev 1878\u20131932 - NB Nettbutikk","robots":{"index":"index","follow":"follow","max-snippet":"max-snippet:-1","max-image-preview":"max-image-preview:large","max-video-preview":"max-video-preview:-1"},"canonical":"https:\/\/www.nb.no\/nettbutikk\/produkt\/harriet-backer-det-var-malersnak-jeg-traengte-til-brev-1878-1932\/","og_locale":"nb_NO","og_type":"article","og_title":"Harriet Backer: \u00abdet var malersnak jeg tr\u00e6ngte til\u00bb Brev 1878\u20131932 - NB Nettbutikk","og_description":"Du kan lese boka p\u00e5 nett her I denne publikasjonen formidles noen av billedkunstneren Harriet Backers (1845\u20131932) tanker om kunst. Dette gj\u00f8res med et utvalg p\u00e5 54 brev, skrevet til kunstnerkolleger, venner og familie. Tidsmessig spenner brevene fra 1878 til 1932, hele 54 \u00e5r.  Brevene er en kilde til kunnskap om hva Backer selv mente om kunst, litteratur og andre samfunnsforhold. Til tross for et begrenset utvalg vitner brevene like fullt om Backers sentrale posisjon innen norsk kunstliv, og de bekrefter betydningen av kollegiale nettverk. De sier noe om hvem som var viktige for hennes kunstneriske virke og karriere, og ogs\u00e5 hvem som stod henne n\u00e6r i privatlivet. Hun var ogs\u00e5 selv en viktig st\u00f8tte og veileder for andre kunstnere, ikke minst for de yngre. De i alt 17 ulike mottakerne, hvorav 6 kvinner, viser et utsnitt av en st\u00f8rre omgangskrets. Familiebrev er representert med tre brev til hennes yngste s\u00f8ster Margrethe, gift Welhaven.","og_url":"https:\/\/www.nb.no\/nettbutikk\/produkt\/harriet-backer-det-var-malersnak-jeg-traengte-til-brev-1878-1932\/","og_site_name":"NB Nettbutikk","article_modified_time":"2026-04-15T06:20:12+00:00","og_image":[{"width":1535,"height":2480,"url":"https:\/\/www.nb.no\/content\/uploads\/sites\/5\/2023\/11\/E6mp-pifWn-U4mniGoxN3v_N_3Ic7pZvNzWXmtWaAvcHJY2otLUszuHQLmF6EpSUziv4SOSL3Qy7Ez8LAohAbA.jpg","type":"image\/jpeg"}],"twitter_card":"summary_large_image","twitter_misc":{"Ansl. lesetid":"1 minutt"},"schema":{"@context":"https:\/\/schema.org","@graph":[{"@type":"WebPage","@id":"https:\/\/www.nb.no\/nettbutikk\/produkt\/harriet-backer-det-var-malersnak-jeg-traengte-til-brev-1878-1932\/","url":"https:\/\/www.nb.no\/nettbutikk\/produkt\/harriet-backer-det-var-malersnak-jeg-traengte-til-brev-1878-1932\/","name":"Harriet Backer: \u00abdet var malersnak jeg tr\u00e6ngte til\u00bb Brev 1878\u20131932 - NB Nettbutikk","isPartOf":{"@id":"https:\/\/www.nb.no\/nettbutikk\/#website"},"primaryImageOfPage":{"@id":"https:\/\/www.nb.no\/nettbutikk\/produkt\/harriet-backer-det-var-malersnak-jeg-traengte-til-brev-1878-1932\/#primaryimage"},"image":{"@id":"https:\/\/www.nb.no\/nettbutikk\/produkt\/harriet-backer-det-var-malersnak-jeg-traengte-til-brev-1878-1932\/#primaryimage"},"thumbnailUrl":"https:\/\/www.nb.no\/content\/uploads\/sites\/5\/2023\/11\/E6mp-pifWn-U4mniGoxN3v_N_3Ic7pZvNzWXmtWaAvcHJY2otLUszuHQLmF6EpSUziv4SOSL3Qy7Ez8LAohAbA.jpg","datePublished":"2023-07-13T10:41:01+00:00","dateModified":"2026-04-15T06:20:12+00:00","breadcrumb":{"@id":"https:\/\/www.nb.no\/nettbutikk\/produkt\/harriet-backer-det-var-malersnak-jeg-traengte-til-brev-1878-1932\/#breadcrumb"},"inLanguage":"nb-NO","potentialAction":[{"@type":"ReadAction","target":["https:\/\/www.nb.no\/nettbutikk\/produkt\/harriet-backer-det-var-malersnak-jeg-traengte-til-brev-1878-1932\/"]}]},{"@type":"ImageObject","inLanguage":"nb-NO","@id":"https:\/\/www.nb.no\/nettbutikk\/produkt\/harriet-backer-det-var-malersnak-jeg-traengte-til-brev-1878-1932\/#primaryimage","url":"https:\/\/www.nb.no\/content\/uploads\/sites\/5\/2023\/11\/E6mp-pifWn-U4mniGoxN3v_N_3Ic7pZvNzWXmtWaAvcHJY2otLUszuHQLmF6EpSUziv4SOSL3Qy7Ez8LAohAbA.jpg","contentUrl":"https:\/\/www.nb.no\/content\/uploads\/sites\/5\/2023\/11\/E6mp-pifWn-U4mniGoxN3v_N_3Ic7pZvNzWXmtWaAvcHJY2otLUszuHQLmF6EpSUziv4SOSL3Qy7Ez8LAohAbA.jpg","width":1535,"height":2480,"caption":"Harriet Backer: \u00abdet var malersnak jeg tr\u00e6ngte til\u00bb Brev 1878\u20131932"},{"@type":"BreadcrumbList","@id":"https:\/\/www.nb.no\/nettbutikk\/produkt\/harriet-backer-det-var-malersnak-jeg-traengte-til-brev-1878-1932\/#breadcrumb","itemListElement":[{"@type":"ListItem","position":1,"name":"Home","item":"https:\/\/www.nb.no\/nettbutikk\/"},{"@type":"ListItem","position":2,"name":"Butikk","item":"https:\/\/www.nb.no\/nettbutikk\/butikk\/"},{"@type":"ListItem","position":3,"name":"Harriet Backer: \u00abdet var malersnak jeg tr\u00e6ngte til\u00bb Brev 1878\u20131932"}]},{"@type":"WebSite","@id":"https:\/\/www.nb.no\/nettbutikk\/#website","url":"https:\/\/www.nb.no\/nettbutikk\/","name":"NB Nettbutikk","description":"","potentialAction":[{"@type":"SearchAction","target":{"@type":"EntryPoint","urlTemplate":"https:\/\/www.nb.no\/nettbutikk\/?s={search_term_string}"},"query-input":{"@type":"PropertyValueSpecification","valueRequired":true,"valueName":"search_term_string"}}],"inLanguage":"nb-NO"}]}},"_links":{"self":[{"href":"https:\/\/www.nb.no\/nettbutikk\/wp-json\/wp\/v2\/product\/17672","targetHints":{"allow":["GET"]}}],"collection":[{"href":"https:\/\/www.nb.no\/nettbutikk\/wp-json\/wp\/v2\/product"}],"about":[{"href":"https:\/\/www.nb.no\/nettbutikk\/wp-json\/wp\/v2\/types\/product"}],"wp:featuredmedia":[{"embeddable":true,"href":"https:\/\/www.nb.no\/nettbutikk\/wp-json\/wp\/v2\/media\/18185"}],"wp:attachment":[{"href":"https:\/\/www.nb.no\/nettbutikk\/wp-json\/wp\/v2\/media?parent=17672"}],"wp:term":[{"taxonomy":"product_brand","embeddable":true,"href":"https:\/\/www.nb.no\/nettbutikk\/wp-json\/wp\/v2\/product_brand?post=17672"},{"taxonomy":"product_cat","embeddable":true,"href":"https:\/\/www.nb.no\/nettbutikk\/wp-json\/wp\/v2\/product_cat?post=17672"},{"taxonomy":"product_tag","embeddable":true,"href":"https:\/\/www.nb.no\/nettbutikk\/wp-json\/wp\/v2\/product_tag?post=17672"}],"curies":[{"name":"wp","href":"https:\/\/api.w.org\/{rel}","templated":true}]}}