{"id":17445,"date":"2023-05-24T12:40:59","date_gmt":"2023-05-24T10:40:59","guid":{"rendered":"https:\/\/www.nb.no\/nettbutikk\/produkt\/bent-hamer\/"},"modified":"2026-04-20T11:08:53","modified_gmt":"2026-04-20T09:08:53","slug":"bent-hamer","status":"publish","type":"product","link":"https:\/\/www.nb.no\/nettbutikk\/produkt\/bent-hamer\/","title":{"rendered":"Bent Hamer"},"content":{"rendered":"","protected":false},"excerpt":{"rendered":"<p>I denne utgivelsen samles Bent Hamers \u00e5tte spillefilmer for f\u00f8rste gang, sammen med kortfilmen <i>Applaus<\/i>. Siden tidlig i 1990-\u00e5rene har Bent Hamer etablert seg som en kritikerrost og prisbel\u00f8nt regiss\u00f8r. Filmuniverset hans er mangfoldig, men har en umiskjennelig <i>hamersk<\/i> kjerne. Filmene er preget av en ordknapp og absurd humor, og de befolkes gjerne av mennesker i samfunnets randsoner. <\/p>\n<p>Utgivelsen inneholder ogs\u00e5 et hefte med tekster skrevet av Kjell R. Jenssen og Levi Henriksen.<\/p>\n","protected":false},"featured_media":17442,"template":"","meta":{"nb_hide_title":false,"nb_breadcrumb_title_override":""},"product_brand":[],"product_cat":[1665],"product_tag":[3817],"class_list":{"0":"post-17445","1":"product","2":"type-product","3":"status-publish","4":"has-post-thumbnail","6":"product_cat-filmer","7":"product_tag-film","9":"first","10":"instock","11":"taxable","12":"shipping-taxable","13":"purchasable","14":"product-type-simple"},"yoast_head":"<!-- This site is optimized with the Yoast SEO plugin v27.1.1 - https:\/\/yoast.com\/product\/yoast-seo-wordpress\/ -->\n<title>Bent Hamer - NB Nettbutikk<\/title>\n<meta name=\"robots\" content=\"index, follow, max-snippet:-1, max-image-preview:large, max-video-preview:-1\" \/>\n<link rel=\"canonical\" href=\"https:\/\/www.nb.no\/nettbutikk\/produkt\/bent-hamer\/\" \/>\n<meta property=\"og:locale\" content=\"nb_NO\" \/>\n<meta property=\"og:type\" content=\"article\" \/>\n<meta property=\"og:title\" content=\"Bent Hamer - NB Nettbutikk\" \/>\n<meta property=\"og:description\" content=\"I denne utgivelsen samles Bent Hamers \u00e5tte spillefilmer for f\u00f8rste gang, sammen med kortfilmen Applaus. Siden tidlig i 1990-\u00e5rene har Bent Hamer etablert seg som en kritikerrost og prisbel\u00f8nt regiss\u00f8r. Filmuniverset hans er mangfoldig, men har en umiskjennelig hamersk kjerne. Filmene er preget av en ordknapp og absurd humor, og de befolkes gjerne av mennesker i samfunnets randsoner.  Utgivelsen inneholder ogs\u00e5 et hefte med tekster skrevet av Kjell R. Jenssen og Levi Henriksen.\" \/>\n<meta property=\"og:url\" content=\"https:\/\/www.nb.no\/nettbutikk\/produkt\/bent-hamer\/\" \/>\n<meta property=\"og:site_name\" content=\"NB Nettbutikk\" \/>\n<meta property=\"article:modified_time\" content=\"2026-04-20T09:08:53+00:00\" \/>\n<meta property=\"og:image\" content=\"https:\/\/www.nb.no\/content\/uploads\/sites\/5\/2023\/05\/E6mp-pifWn-U4mniGoxN3v_N_3Ic7pZvNzWXmoeaUqlUcIaq47d3nbTdIjQsEsGSkSP5QruFjQzgH25YAohAbA-scaled.jpg\" \/>\n\t<meta property=\"og:image:width\" content=\"2560\" \/>\n\t<meta property=\"og:image:height\" content=\"1921\" \/>\n\t<meta property=\"og:image:type\" content=\"image\/jpeg\" \/>\n<meta name=\"twitter:card\" content=\"summary_large_image\" \/>\n<script type=\"application\/ld+json\" class=\"yoast-schema-graph\">{\"@context\":\"https:\/\/schema.org\",\"@graph\":[{\"@type\":\"WebPage\",\"@id\":\"https:\/\/www.nb.no\/nettbutikk\/produkt\/bent-hamer\/\",\"url\":\"https:\/\/www.nb.no\/nettbutikk\/produkt\/bent-hamer\/\",\"name\":\"Bent Hamer - NB Nettbutikk\",\"isPartOf\":{\"@id\":\"https:\/\/www.nb.no\/nettbutikk\/#website\"},\"primaryImageOfPage\":{\"@id\":\"https:\/\/www.nb.no\/nettbutikk\/produkt\/bent-hamer\/#primaryimage\"},\"image\":{\"@id\":\"https:\/\/www.nb.no\/nettbutikk\/produkt\/bent-hamer\/#primaryimage\"},\"thumbnailUrl\":\"https:\/\/www.nb.no\/content\/uploads\/sites\/5\/2023\/05\/E6mp-pifWn-U4mniGoxN3v_N_3Ic7pZvNzWXmoeaUqlUcIaq47d3nbTdIjQsEsGSkSP5QruFjQzgH25YAohAbA-scaled.jpg\",\"datePublished\":\"2023-05-24T10:40:59+00:00\",\"dateModified\":\"2026-04-20T09:08:53+00:00\",\"breadcrumb\":{\"@id\":\"https:\/\/www.nb.no\/nettbutikk\/produkt\/bent-hamer\/#breadcrumb\"},\"inLanguage\":\"nb-NO\",\"potentialAction\":[{\"@type\":\"ReadAction\",\"target\":[\"https:\/\/www.nb.no\/nettbutikk\/produkt\/bent-hamer\/\"]}]},{\"@type\":\"ImageObject\",\"inLanguage\":\"nb-NO\",\"@id\":\"https:\/\/www.nb.no\/nettbutikk\/produkt\/bent-hamer\/#primaryimage\",\"url\":\"https:\/\/www.nb.no\/content\/uploads\/sites\/5\/2023\/05\/E6mp-pifWn-U4mniGoxN3v_N_3Ic7pZvNzWXmoeaUqlUcIaq47d3nbTdIjQsEsGSkSP5QruFjQzgH25YAohAbA-scaled.jpg\",\"contentUrl\":\"https:\/\/www.nb.no\/content\/uploads\/sites\/5\/2023\/05\/E6mp-pifWn-U4mniGoxN3v_N_3Ic7pZvNzWXmoeaUqlUcIaq47d3nbTdIjQsEsGSkSP5QruFjQzgH25YAohAbA-scaled.jpg\",\"width\":2560,\"height\":1921,\"caption\":\"Bent Hamer\"},{\"@type\":\"BreadcrumbList\",\"@id\":\"https:\/\/www.nb.no\/nettbutikk\/produkt\/bent-hamer\/#breadcrumb\",\"itemListElement\":[{\"@type\":\"ListItem\",\"position\":1,\"name\":\"Home\",\"item\":\"https:\/\/www.nb.no\/nettbutikk\/\"},{\"@type\":\"ListItem\",\"position\":2,\"name\":\"Butikk\",\"item\":\"https:\/\/www.nb.no\/nettbutikk\/butikk\/\"},{\"@type\":\"ListItem\",\"position\":3,\"name\":\"Bent Hamer\"}]},{\"@type\":\"WebSite\",\"@id\":\"https:\/\/www.nb.no\/nettbutikk\/#website\",\"url\":\"https:\/\/www.nb.no\/nettbutikk\/\",\"name\":\"NB Nettbutikk\",\"description\":\"\",\"potentialAction\":[{\"@type\":\"SearchAction\",\"target\":{\"@type\":\"EntryPoint\",\"urlTemplate\":\"https:\/\/www.nb.no\/nettbutikk\/?s={search_term_string}\"},\"query-input\":{\"@type\":\"PropertyValueSpecification\",\"valueRequired\":true,\"valueName\":\"search_term_string\"}}],\"inLanguage\":\"nb-NO\"}]}<\/script>\n<!-- \/ Yoast SEO plugin. -->","yoast_head_json":{"title":"Bent Hamer - NB Nettbutikk","robots":{"index":"index","follow":"follow","max-snippet":"max-snippet:-1","max-image-preview":"max-image-preview:large","max-video-preview":"max-video-preview:-1"},"canonical":"https:\/\/www.nb.no\/nettbutikk\/produkt\/bent-hamer\/","og_locale":"nb_NO","og_type":"article","og_title":"Bent Hamer - NB Nettbutikk","og_description":"I denne utgivelsen samles Bent Hamers \u00e5tte spillefilmer for f\u00f8rste gang, sammen med kortfilmen Applaus. Siden tidlig i 1990-\u00e5rene har Bent Hamer etablert seg som en kritikerrost og prisbel\u00f8nt regiss\u00f8r. Filmuniverset hans er mangfoldig, men har en umiskjennelig hamersk kjerne. Filmene er preget av en ordknapp og absurd humor, og de befolkes gjerne av mennesker i samfunnets randsoner.  Utgivelsen inneholder ogs\u00e5 et hefte med tekster skrevet av Kjell R. Jenssen og Levi Henriksen.","og_url":"https:\/\/www.nb.no\/nettbutikk\/produkt\/bent-hamer\/","og_site_name":"NB Nettbutikk","article_modified_time":"2026-04-20T09:08:53+00:00","og_image":[{"width":2560,"height":1921,"url":"https:\/\/www.nb.no\/content\/uploads\/sites\/5\/2023\/05\/E6mp-pifWn-U4mniGoxN3v_N_3Ic7pZvNzWXmoeaUqlUcIaq47d3nbTdIjQsEsGSkSP5QruFjQzgH25YAohAbA-scaled.jpg","type":"image\/jpeg"}],"twitter_card":"summary_large_image","schema":{"@context":"https:\/\/schema.org","@graph":[{"@type":"WebPage","@id":"https:\/\/www.nb.no\/nettbutikk\/produkt\/bent-hamer\/","url":"https:\/\/www.nb.no\/nettbutikk\/produkt\/bent-hamer\/","name":"Bent Hamer - NB Nettbutikk","isPartOf":{"@id":"https:\/\/www.nb.no\/nettbutikk\/#website"},"primaryImageOfPage":{"@id":"https:\/\/www.nb.no\/nettbutikk\/produkt\/bent-hamer\/#primaryimage"},"image":{"@id":"https:\/\/www.nb.no\/nettbutikk\/produkt\/bent-hamer\/#primaryimage"},"thumbnailUrl":"https:\/\/www.nb.no\/content\/uploads\/sites\/5\/2023\/05\/E6mp-pifWn-U4mniGoxN3v_N_3Ic7pZvNzWXmoeaUqlUcIaq47d3nbTdIjQsEsGSkSP5QruFjQzgH25YAohAbA-scaled.jpg","datePublished":"2023-05-24T10:40:59+00:00","dateModified":"2026-04-20T09:08:53+00:00","breadcrumb":{"@id":"https:\/\/www.nb.no\/nettbutikk\/produkt\/bent-hamer\/#breadcrumb"},"inLanguage":"nb-NO","potentialAction":[{"@type":"ReadAction","target":["https:\/\/www.nb.no\/nettbutikk\/produkt\/bent-hamer\/"]}]},{"@type":"ImageObject","inLanguage":"nb-NO","@id":"https:\/\/www.nb.no\/nettbutikk\/produkt\/bent-hamer\/#primaryimage","url":"https:\/\/www.nb.no\/content\/uploads\/sites\/5\/2023\/05\/E6mp-pifWn-U4mniGoxN3v_N_3Ic7pZvNzWXmoeaUqlUcIaq47d3nbTdIjQsEsGSkSP5QruFjQzgH25YAohAbA-scaled.jpg","contentUrl":"https:\/\/www.nb.no\/content\/uploads\/sites\/5\/2023\/05\/E6mp-pifWn-U4mniGoxN3v_N_3Ic7pZvNzWXmoeaUqlUcIaq47d3nbTdIjQsEsGSkSP5QruFjQzgH25YAohAbA-scaled.jpg","width":2560,"height":1921,"caption":"Bent Hamer"},{"@type":"BreadcrumbList","@id":"https:\/\/www.nb.no\/nettbutikk\/produkt\/bent-hamer\/#breadcrumb","itemListElement":[{"@type":"ListItem","position":1,"name":"Home","item":"https:\/\/www.nb.no\/nettbutikk\/"},{"@type":"ListItem","position":2,"name":"Butikk","item":"https:\/\/www.nb.no\/nettbutikk\/butikk\/"},{"@type":"ListItem","position":3,"name":"Bent Hamer"}]},{"@type":"WebSite","@id":"https:\/\/www.nb.no\/nettbutikk\/#website","url":"https:\/\/www.nb.no\/nettbutikk\/","name":"NB Nettbutikk","description":"","potentialAction":[{"@type":"SearchAction","target":{"@type":"EntryPoint","urlTemplate":"https:\/\/www.nb.no\/nettbutikk\/?s={search_term_string}"},"query-input":{"@type":"PropertyValueSpecification","valueRequired":true,"valueName":"search_term_string"}}],"inLanguage":"nb-NO"}]}},"_links":{"self":[{"href":"https:\/\/www.nb.no\/nettbutikk\/wp-json\/wp\/v2\/product\/17445","targetHints":{"allow":["GET"]}}],"collection":[{"href":"https:\/\/www.nb.no\/nettbutikk\/wp-json\/wp\/v2\/product"}],"about":[{"href":"https:\/\/www.nb.no\/nettbutikk\/wp-json\/wp\/v2\/types\/product"}],"wp:featuredmedia":[{"embeddable":true,"href":"https:\/\/www.nb.no\/nettbutikk\/wp-json\/wp\/v2\/media\/17442"}],"wp:attachment":[{"href":"https:\/\/www.nb.no\/nettbutikk\/wp-json\/wp\/v2\/media?parent=17445"}],"wp:term":[{"taxonomy":"product_brand","embeddable":true,"href":"https:\/\/www.nb.no\/nettbutikk\/wp-json\/wp\/v2\/product_brand?post=17445"},{"taxonomy":"product_cat","embeddable":true,"href":"https:\/\/www.nb.no\/nettbutikk\/wp-json\/wp\/v2\/product_cat?post=17445"},{"taxonomy":"product_tag","embeddable":true,"href":"https:\/\/www.nb.no\/nettbutikk\/wp-json\/wp\/v2\/product_tag?post=17445"}],"curies":[{"name":"wp","href":"https:\/\/api.w.org\/{rel}","templated":true}]}}