{"id":17369,"date":"2023-04-27T14:55:58","date_gmt":"2023-04-27T12:55:58","guid":{"rendered":"https:\/\/www.nb.no\/nettbutikk\/produkt\/ragnarock\/"},"modified":"2026-04-15T08:20:12","modified_gmt":"2026-04-15T06:20:12","slug":"ragnarock","status":"publish","type":"product","link":"https:\/\/www.nb.no\/nettbutikk\/produkt\/ragnarock\/","title":{"rendered":"Ragnarock"},"content":{"rendered":"","protected":false},"excerpt":{"rendered":"<p>Sommeren 1973 koste 30.000 mennesker seg i 19 varmegrader i Holmenkollen, og arrangementet ble kalt Norges svar p\u00e5 Woodstock. P\u00e5 festivalen Ragnarock opptr\u00e5dte norske og internasjonale st\u00f8rrelser som Mungo Jerry, The Savage Rose, Pretty Things, Prudence, Aunt Mary, Popol Vuh og mange flere. Samarbeidet mellom rockegruppa Saft og felespiller Sigbj\u00f8rn Bernhoft Osas ble i etterkant legendarisk, i 1973 var det nemlig uh\u00f8rt \u00e5 blande folkemusikk og rock slik de gjorde.<\/p>\n<p>Denne samleboksen inneholder en DVD med filmen Ragnarock, i tillegg til to CD-er. Den ene CD-en inneholder LP-en fra arrangementet som ble utgitt av Polydor i etterkant av festivalen, samt tre bonusl\u00e5ter med Sigbj\u00f8rn Bernhoft Osa og Saft. Den andre CD-en inneholder opptak fra Ragnarock 1974. P\u00e5 festivalen i 1974 spilte blant annet Popol Vuh, Ruphus, Procol Harum, The Sensational Alex Harvey Band og Neon Rose, som alle er med her.<\/p>\n","protected":false},"featured_media":17366,"template":"","meta":{"nb_hide_title":false,"nb_breadcrumb_title_override":""},"product_brand":[],"product_cat":[1665],"product_tag":[3812,3774],"class_list":{"0":"post-17369","1":"product","2":"type-product","3":"status-publish","4":"has-post-thumbnail","6":"product_cat-filmer","7":"product_tag-1970-tallet","8":"product_tag-musikk","10":"first","11":"instock","12":"taxable","13":"shipping-taxable","14":"purchasable","15":"product-type-simple"},"yoast_head":"<!-- This site is optimized with the Yoast SEO plugin v27.1.1 - https:\/\/yoast.com\/product\/yoast-seo-wordpress\/ -->\n<title>Ragnarock - NB Nettbutikk<\/title>\n<meta name=\"robots\" content=\"index, follow, max-snippet:-1, max-image-preview:large, max-video-preview:-1\" \/>\n<link rel=\"canonical\" href=\"https:\/\/www.nb.no\/nettbutikk\/produkt\/ragnarock\/\" \/>\n<meta property=\"og:locale\" content=\"nb_NO\" \/>\n<meta property=\"og:type\" content=\"article\" \/>\n<meta property=\"og:title\" content=\"Ragnarock - NB Nettbutikk\" \/>\n<meta property=\"og:description\" content=\"Sommeren 1973 koste 30.000 mennesker seg i 19 varmegrader i Holmenkollen, og arrangementet ble kalt Norges svar p\u00e5 Woodstock. P\u00e5 festivalen Ragnarock opptr\u00e5dte norske og internasjonale st\u00f8rrelser som Mungo Jerry, The Savage Rose, Pretty Things, Prudence, Aunt Mary, Popol Vuh og mange flere. Samarbeidet mellom rockegruppa Saft og felespiller Sigbj\u00f8rn Bernhoft Osas ble i etterkant legendarisk, i 1973 var det nemlig uh\u00f8rt \u00e5 blande folkemusikk og rock slik de gjorde. Denne samleboksen inneholder en DVD med filmen Ragnarock, i tillegg til to CD-er. Den ene CD-en inneholder LP-en fra arrangementet som ble utgitt av Polydor i etterkant av festivalen, samt tre bonusl\u00e5ter med Sigbj\u00f8rn Bernhoft Osa og Saft. Den andre CD-en inneholder opptak fra Ragnarock 1974. P\u00e5 festivalen i 1974 spilte blant annet Popol Vuh, Ruphus, Procol Harum, The Sensational Alex Harvey Band og Neon Rose, som alle er med her.\" \/>\n<meta property=\"og:url\" content=\"https:\/\/www.nb.no\/nettbutikk\/produkt\/ragnarock\/\" \/>\n<meta property=\"og:site_name\" content=\"NB Nettbutikk\" \/>\n<meta property=\"article:modified_time\" content=\"2026-04-15T06:20:12+00:00\" \/>\n<meta property=\"og:image\" content=\"https:\/\/www.nb.no\/content\/uploads\/sites\/5\/2023\/04\/E6mp-pifWn-U4mniGoxN3v_N_3Ic7pZvNzWXmtXJBvtWJIz-5eUqzOTcJ2Z-FceYmSyrQLyKig60EjoLAohAbA.jpg\" \/>\n\t<meta property=\"og:image:width\" content=\"440\" \/>\n\t<meta property=\"og:image:height\" content=\"600\" \/>\n\t<meta property=\"og:image:type\" content=\"image\/jpeg\" \/>\n<meta name=\"twitter:card\" content=\"summary_large_image\" \/>\n<meta name=\"twitter:label1\" content=\"Ansl. lesetid\" \/>\n\t<meta name=\"twitter:data1\" content=\"1 minutt\" \/>\n<script type=\"application\/ld+json\" class=\"yoast-schema-graph\">{\"@context\":\"https:\/\/schema.org\",\"@graph\":[{\"@type\":\"WebPage\",\"@id\":\"https:\/\/www.nb.no\/nettbutikk\/produkt\/ragnarock\/\",\"url\":\"https:\/\/www.nb.no\/nettbutikk\/produkt\/ragnarock\/\",\"name\":\"Ragnarock - NB Nettbutikk\",\"isPartOf\":{\"@id\":\"https:\/\/www.nb.no\/nettbutikk\/#website\"},\"primaryImageOfPage\":{\"@id\":\"https:\/\/www.nb.no\/nettbutikk\/produkt\/ragnarock\/#primaryimage\"},\"image\":{\"@id\":\"https:\/\/www.nb.no\/nettbutikk\/produkt\/ragnarock\/#primaryimage\"},\"thumbnailUrl\":\"https:\/\/www.nb.no\/content\/uploads\/sites\/5\/2023\/04\/E6mp-pifWn-U4mniGoxN3v_N_3Ic7pZvNzWXmtXJBvtWJIz-5eUqzOTcJ2Z-FceYmSyrQLyKig60EjoLAohAbA.jpg\",\"datePublished\":\"2023-04-27T12:55:58+00:00\",\"dateModified\":\"2026-04-15T06:20:12+00:00\",\"breadcrumb\":{\"@id\":\"https:\/\/www.nb.no\/nettbutikk\/produkt\/ragnarock\/#breadcrumb\"},\"inLanguage\":\"nb-NO\",\"potentialAction\":[{\"@type\":\"ReadAction\",\"target\":[\"https:\/\/www.nb.no\/nettbutikk\/produkt\/ragnarock\/\"]}]},{\"@type\":\"ImageObject\",\"inLanguage\":\"nb-NO\",\"@id\":\"https:\/\/www.nb.no\/nettbutikk\/produkt\/ragnarock\/#primaryimage\",\"url\":\"https:\/\/www.nb.no\/content\/uploads\/sites\/5\/2023\/04\/E6mp-pifWn-U4mniGoxN3v_N_3Ic7pZvNzWXmtXJBvtWJIz-5eUqzOTcJ2Z-FceYmSyrQLyKig60EjoLAohAbA.jpg\",\"contentUrl\":\"https:\/\/www.nb.no\/content\/uploads\/sites\/5\/2023\/04\/E6mp-pifWn-U4mniGoxN3v_N_3Ic7pZvNzWXmtXJBvtWJIz-5eUqzOTcJ2Z-FceYmSyrQLyKig60EjoLAohAbA.jpg\",\"width\":440,\"height\":600,\"caption\":\"Ragnarock\"},{\"@type\":\"BreadcrumbList\",\"@id\":\"https:\/\/www.nb.no\/nettbutikk\/produkt\/ragnarock\/#breadcrumb\",\"itemListElement\":[{\"@type\":\"ListItem\",\"position\":1,\"name\":\"Home\",\"item\":\"https:\/\/www.nb.no\/nettbutikk\/\"},{\"@type\":\"ListItem\",\"position\":2,\"name\":\"Butikk\",\"item\":\"https:\/\/www.nb.no\/nettbutikk\/butikk\/\"},{\"@type\":\"ListItem\",\"position\":3,\"name\":\"Ragnarock\"}]},{\"@type\":\"WebSite\",\"@id\":\"https:\/\/www.nb.no\/nettbutikk\/#website\",\"url\":\"https:\/\/www.nb.no\/nettbutikk\/\",\"name\":\"NB Nettbutikk\",\"description\":\"\",\"potentialAction\":[{\"@type\":\"SearchAction\",\"target\":{\"@type\":\"EntryPoint\",\"urlTemplate\":\"https:\/\/www.nb.no\/nettbutikk\/?s={search_term_string}\"},\"query-input\":{\"@type\":\"PropertyValueSpecification\",\"valueRequired\":true,\"valueName\":\"search_term_string\"}}],\"inLanguage\":\"nb-NO\"}]}<\/script>\n<!-- \/ Yoast SEO plugin. -->","yoast_head_json":{"title":"Ragnarock - NB Nettbutikk","robots":{"index":"index","follow":"follow","max-snippet":"max-snippet:-1","max-image-preview":"max-image-preview:large","max-video-preview":"max-video-preview:-1"},"canonical":"https:\/\/www.nb.no\/nettbutikk\/produkt\/ragnarock\/","og_locale":"nb_NO","og_type":"article","og_title":"Ragnarock - NB Nettbutikk","og_description":"Sommeren 1973 koste 30.000 mennesker seg i 19 varmegrader i Holmenkollen, og arrangementet ble kalt Norges svar p\u00e5 Woodstock. P\u00e5 festivalen Ragnarock opptr\u00e5dte norske og internasjonale st\u00f8rrelser som Mungo Jerry, The Savage Rose, Pretty Things, Prudence, Aunt Mary, Popol Vuh og mange flere. Samarbeidet mellom rockegruppa Saft og felespiller Sigbj\u00f8rn Bernhoft Osas ble i etterkant legendarisk, i 1973 var det nemlig uh\u00f8rt \u00e5 blande folkemusikk og rock slik de gjorde. Denne samleboksen inneholder en DVD med filmen Ragnarock, i tillegg til to CD-er. Den ene CD-en inneholder LP-en fra arrangementet som ble utgitt av Polydor i etterkant av festivalen, samt tre bonusl\u00e5ter med Sigbj\u00f8rn Bernhoft Osa og Saft. Den andre CD-en inneholder opptak fra Ragnarock 1974. P\u00e5 festivalen i 1974 spilte blant annet Popol Vuh, Ruphus, Procol Harum, The Sensational Alex Harvey Band og Neon Rose, som alle er med her.","og_url":"https:\/\/www.nb.no\/nettbutikk\/produkt\/ragnarock\/","og_site_name":"NB Nettbutikk","article_modified_time":"2026-04-15T06:20:12+00:00","og_image":[{"width":440,"height":600,"url":"https:\/\/www.nb.no\/content\/uploads\/sites\/5\/2023\/04\/E6mp-pifWn-U4mniGoxN3v_N_3Ic7pZvNzWXmtXJBvtWJIz-5eUqzOTcJ2Z-FceYmSyrQLyKig60EjoLAohAbA.jpg","type":"image\/jpeg"}],"twitter_card":"summary_large_image","twitter_misc":{"Ansl. lesetid":"1 minutt"},"schema":{"@context":"https:\/\/schema.org","@graph":[{"@type":"WebPage","@id":"https:\/\/www.nb.no\/nettbutikk\/produkt\/ragnarock\/","url":"https:\/\/www.nb.no\/nettbutikk\/produkt\/ragnarock\/","name":"Ragnarock - NB Nettbutikk","isPartOf":{"@id":"https:\/\/www.nb.no\/nettbutikk\/#website"},"primaryImageOfPage":{"@id":"https:\/\/www.nb.no\/nettbutikk\/produkt\/ragnarock\/#primaryimage"},"image":{"@id":"https:\/\/www.nb.no\/nettbutikk\/produkt\/ragnarock\/#primaryimage"},"thumbnailUrl":"https:\/\/www.nb.no\/content\/uploads\/sites\/5\/2023\/04\/E6mp-pifWn-U4mniGoxN3v_N_3Ic7pZvNzWXmtXJBvtWJIz-5eUqzOTcJ2Z-FceYmSyrQLyKig60EjoLAohAbA.jpg","datePublished":"2023-04-27T12:55:58+00:00","dateModified":"2026-04-15T06:20:12+00:00","breadcrumb":{"@id":"https:\/\/www.nb.no\/nettbutikk\/produkt\/ragnarock\/#breadcrumb"},"inLanguage":"nb-NO","potentialAction":[{"@type":"ReadAction","target":["https:\/\/www.nb.no\/nettbutikk\/produkt\/ragnarock\/"]}]},{"@type":"ImageObject","inLanguage":"nb-NO","@id":"https:\/\/www.nb.no\/nettbutikk\/produkt\/ragnarock\/#primaryimage","url":"https:\/\/www.nb.no\/content\/uploads\/sites\/5\/2023\/04\/E6mp-pifWn-U4mniGoxN3v_N_3Ic7pZvNzWXmtXJBvtWJIz-5eUqzOTcJ2Z-FceYmSyrQLyKig60EjoLAohAbA.jpg","contentUrl":"https:\/\/www.nb.no\/content\/uploads\/sites\/5\/2023\/04\/E6mp-pifWn-U4mniGoxN3v_N_3Ic7pZvNzWXmtXJBvtWJIz-5eUqzOTcJ2Z-FceYmSyrQLyKig60EjoLAohAbA.jpg","width":440,"height":600,"caption":"Ragnarock"},{"@type":"BreadcrumbList","@id":"https:\/\/www.nb.no\/nettbutikk\/produkt\/ragnarock\/#breadcrumb","itemListElement":[{"@type":"ListItem","position":1,"name":"Home","item":"https:\/\/www.nb.no\/nettbutikk\/"},{"@type":"ListItem","position":2,"name":"Butikk","item":"https:\/\/www.nb.no\/nettbutikk\/butikk\/"},{"@type":"ListItem","position":3,"name":"Ragnarock"}]},{"@type":"WebSite","@id":"https:\/\/www.nb.no\/nettbutikk\/#website","url":"https:\/\/www.nb.no\/nettbutikk\/","name":"NB Nettbutikk","description":"","potentialAction":[{"@type":"SearchAction","target":{"@type":"EntryPoint","urlTemplate":"https:\/\/www.nb.no\/nettbutikk\/?s={search_term_string}"},"query-input":{"@type":"PropertyValueSpecification","valueRequired":true,"valueName":"search_term_string"}}],"inLanguage":"nb-NO"}]}},"_links":{"self":[{"href":"https:\/\/www.nb.no\/nettbutikk\/wp-json\/wp\/v2\/product\/17369","targetHints":{"allow":["GET"]}}],"collection":[{"href":"https:\/\/www.nb.no\/nettbutikk\/wp-json\/wp\/v2\/product"}],"about":[{"href":"https:\/\/www.nb.no\/nettbutikk\/wp-json\/wp\/v2\/types\/product"}],"wp:featuredmedia":[{"embeddable":true,"href":"https:\/\/www.nb.no\/nettbutikk\/wp-json\/wp\/v2\/media\/17366"}],"wp:attachment":[{"href":"https:\/\/www.nb.no\/nettbutikk\/wp-json\/wp\/v2\/media?parent=17369"}],"wp:term":[{"taxonomy":"product_brand","embeddable":true,"href":"https:\/\/www.nb.no\/nettbutikk\/wp-json\/wp\/v2\/product_brand?post=17369"},{"taxonomy":"product_cat","embeddable":true,"href":"https:\/\/www.nb.no\/nettbutikk\/wp-json\/wp\/v2\/product_cat?post=17369"},{"taxonomy":"product_tag","embeddable":true,"href":"https:\/\/www.nb.no\/nettbutikk\/wp-json\/wp\/v2\/product_tag?post=17369"}],"curies":[{"name":"wp","href":"https:\/\/api.w.org\/{rel}","templated":true}]}}