{"id":16923,"date":"2023-02-27T11:01:01","date_gmt":"2023-02-27T10:01:01","guid":{"rendered":"https:\/\/www.nb.no\/nettbutikk\/produkt\/magnus-hakonsson-lagabotes-bylov-og-farmannslov\/"},"modified":"2026-04-15T08:20:11","modified_gmt":"2026-04-15T06:20:11","slug":"magnus-hakonsson-lagabotes-bylov-og-farmannslov","status":"publish","type":"product","link":"https:\/\/www.nb.no\/nettbutikk\/produkt\/magnus-hakonsson-lagabotes-bylov-og-farmannslov\/","title":{"rendered":"Magnus H\u00e5konsson Lagab\u00f8tes bylov og farmannslov"},"content":{"rendered":"","protected":false},"excerpt":{"rendered":"<p><a href=\"https:\/\/www.bokselskap.no\/boker\/bylov\">Du kan lese boka p\u00e5 nett her<\/a><\/p>\n<p>Noreg var i forhistorisk tid eit bygdesamfunn, men i mellomalderen blei sm\u00e5 sesongdrivne handelsplassar etter kvart st\u00f8rre og meir etablerte, og i ein periode var Bergen den st\u00f8rste byen i Skandinavia. Livet i byane var annleis enn p\u00e5 bygda, og det var tidleg behov for ei s\u00e6rskild lov for byane. Bylova til Magnus H\u00e5konsson Lagab\u00f8te (1238\u20131280, konge av Noreg 1263\u20131280) blei vedteken i 1276 og erstatta eldre lover som handla om byar og sj\u00f8fart, dei fleste av desse er no tapte. Magnus Lagab\u00f8tes bylov er ei viktig historisk kjelde, og gjev eit rikt innsyn i byordning og handel i dei norske mellomalderbyane.<\/p>\n","protected":false},"featured_media":16920,"template":"","meta":{"nb_hide_title":false,"nb_breadcrumb_title_override":""},"product_brand":[],"product_cat":[1377],"product_tag":[3746,3745],"class_list":{"0":"post-16923","1":"product","2":"type-product","3":"status-publish","4":"has-post-thumbnail","6":"product_cat-nb-kilder","7":"product_tag-middelalder","8":"product_tag-middelalderlover","10":"first","11":"instock","12":"shipping-taxable","13":"purchasable","14":"product-type-simple"},"yoast_head":"<!-- This site is optimized with the Yoast SEO plugin v27.1.1 - https:\/\/yoast.com\/product\/yoast-seo-wordpress\/ -->\n<title>Magnus H\u00e5konsson Lagab\u00f8tes bylov og farmannslov - NB Nettbutikk<\/title>\n<meta name=\"robots\" content=\"index, follow, max-snippet:-1, max-image-preview:large, max-video-preview:-1\" \/>\n<link rel=\"canonical\" href=\"https:\/\/www.nb.no\/nettbutikk\/produkt\/magnus-hakonsson-lagabotes-bylov-og-farmannslov\/\" \/>\n<meta property=\"og:locale\" content=\"nb_NO\" \/>\n<meta property=\"og:type\" content=\"article\" \/>\n<meta property=\"og:title\" content=\"Magnus H\u00e5konsson Lagab\u00f8tes bylov og farmannslov - NB Nettbutikk\" \/>\n<meta property=\"og:description\" content=\"Du kan lese boka p\u00e5 nett her Noreg var i forhistorisk tid eit bygdesamfunn, men i mellomalderen blei sm\u00e5 sesongdrivne handelsplassar etter kvart st\u00f8rre og meir etablerte, og i ein periode var Bergen den st\u00f8rste byen i Skandinavia. Livet i byane var annleis enn p\u00e5 bygda, og det var tidleg behov for ei s\u00e6rskild lov for byane. Bylova til Magnus H\u00e5konsson Lagab\u00f8te (1238\u20131280, konge av Noreg 1263\u20131280) blei vedteken i 1276 og erstatta eldre lover som handla om byar og sj\u00f8fart, dei fleste av desse er no tapte. Magnus Lagab\u00f8tes bylov er ei viktig historisk kjelde, og gjev eit rikt innsyn i byordning og handel i dei norske mellomalderbyane.\" \/>\n<meta property=\"og:url\" content=\"https:\/\/www.nb.no\/nettbutikk\/produkt\/magnus-hakonsson-lagabotes-bylov-og-farmannslov\/\" \/>\n<meta property=\"og:site_name\" content=\"NB Nettbutikk\" \/>\n<meta property=\"article:modified_time\" content=\"2026-04-15T06:20:11+00:00\" \/>\n<meta property=\"og:image\" content=\"https:\/\/www.nb.no\/content\/uploads\/sites\/5\/2023\/03\/E6mp-pifWn-U4mniGoxN3v_N_3Ic7pZvNzWXmtCdValSIYWl4-AszuTdc2d2QpKUniv_QOSLiQnjTzBZApJebA.png\" \/>\n\t<meta property=\"og:image:width\" content=\"1535\" \/>\n\t<meta property=\"og:image:height\" content=\"2480\" \/>\n\t<meta property=\"og:image:type\" content=\"image\/png\" \/>\n<meta name=\"twitter:card\" content=\"summary_large_image\" \/>\n<meta name=\"twitter:label1\" content=\"Ansl. lesetid\" \/>\n\t<meta name=\"twitter:data1\" content=\"1 minutt\" \/>\n<script type=\"application\/ld+json\" class=\"yoast-schema-graph\">{\"@context\":\"https:\/\/schema.org\",\"@graph\":[{\"@type\":\"WebPage\",\"@id\":\"https:\/\/www.nb.no\/nettbutikk\/produkt\/magnus-hakonsson-lagabotes-bylov-og-farmannslov\/\",\"url\":\"https:\/\/www.nb.no\/nettbutikk\/produkt\/magnus-hakonsson-lagabotes-bylov-og-farmannslov\/\",\"name\":\"Magnus H\u00e5konsson Lagab\u00f8tes bylov og farmannslov - NB Nettbutikk\",\"isPartOf\":{\"@id\":\"https:\/\/www.nb.no\/nettbutikk\/#website\"},\"primaryImageOfPage\":{\"@id\":\"https:\/\/www.nb.no\/nettbutikk\/produkt\/magnus-hakonsson-lagabotes-bylov-og-farmannslov\/#primaryimage\"},\"image\":{\"@id\":\"https:\/\/www.nb.no\/nettbutikk\/produkt\/magnus-hakonsson-lagabotes-bylov-og-farmannslov\/#primaryimage\"},\"thumbnailUrl\":\"https:\/\/www.nb.no\/content\/uploads\/sites\/5\/2023\/03\/E6mp-pifWn-U4mniGoxN3v_N_3Ic7pZvNzWXmtCdValSIYWl4-AszuTdc2d2QpKUniv_QOSLiQnjTzBZApJebA.png\",\"datePublished\":\"2023-02-27T10:01:01+00:00\",\"dateModified\":\"2026-04-15T06:20:11+00:00\",\"breadcrumb\":{\"@id\":\"https:\/\/www.nb.no\/nettbutikk\/produkt\/magnus-hakonsson-lagabotes-bylov-og-farmannslov\/#breadcrumb\"},\"inLanguage\":\"nb-NO\",\"potentialAction\":[{\"@type\":\"ReadAction\",\"target\":[\"https:\/\/www.nb.no\/nettbutikk\/produkt\/magnus-hakonsson-lagabotes-bylov-og-farmannslov\/\"]}]},{\"@type\":\"ImageObject\",\"inLanguage\":\"nb-NO\",\"@id\":\"https:\/\/www.nb.no\/nettbutikk\/produkt\/magnus-hakonsson-lagabotes-bylov-og-farmannslov\/#primaryimage\",\"url\":\"https:\/\/www.nb.no\/content\/uploads\/sites\/5\/2023\/03\/E6mp-pifWn-U4mniGoxN3v_N_3Ic7pZvNzWXmtCdValSIYWl4-AszuTdc2d2QpKUniv_QOSLiQnjTzBZApJebA.png\",\"contentUrl\":\"https:\/\/www.nb.no\/content\/uploads\/sites\/5\/2023\/03\/E6mp-pifWn-U4mniGoxN3v_N_3Ic7pZvNzWXmtCdValSIYWl4-AszuTdc2d2QpKUniv_QOSLiQnjTzBZApJebA.png\",\"width\":1535,\"height\":2480,\"caption\":\"Magnus H\u00e5konsson Lagab\u00f8tes bylov og farmannslov\"},{\"@type\":\"BreadcrumbList\",\"@id\":\"https:\/\/www.nb.no\/nettbutikk\/produkt\/magnus-hakonsson-lagabotes-bylov-og-farmannslov\/#breadcrumb\",\"itemListElement\":[{\"@type\":\"ListItem\",\"position\":1,\"name\":\"Home\",\"item\":\"https:\/\/www.nb.no\/nettbutikk\/\"},{\"@type\":\"ListItem\",\"position\":2,\"name\":\"Butikk\",\"item\":\"https:\/\/www.nb.no\/nettbutikk\/butikk\/\"},{\"@type\":\"ListItem\",\"position\":3,\"name\":\"Magnus H\u00e5konsson Lagab\u00f8tes bylov og farmannslov\"}]},{\"@type\":\"WebSite\",\"@id\":\"https:\/\/www.nb.no\/nettbutikk\/#website\",\"url\":\"https:\/\/www.nb.no\/nettbutikk\/\",\"name\":\"NB Nettbutikk\",\"description\":\"\",\"potentialAction\":[{\"@type\":\"SearchAction\",\"target\":{\"@type\":\"EntryPoint\",\"urlTemplate\":\"https:\/\/www.nb.no\/nettbutikk\/?s={search_term_string}\"},\"query-input\":{\"@type\":\"PropertyValueSpecification\",\"valueRequired\":true,\"valueName\":\"search_term_string\"}}],\"inLanguage\":\"nb-NO\"}]}<\/script>\n<!-- \/ Yoast SEO plugin. -->","yoast_head_json":{"title":"Magnus H\u00e5konsson Lagab\u00f8tes bylov og farmannslov - NB Nettbutikk","robots":{"index":"index","follow":"follow","max-snippet":"max-snippet:-1","max-image-preview":"max-image-preview:large","max-video-preview":"max-video-preview:-1"},"canonical":"https:\/\/www.nb.no\/nettbutikk\/produkt\/magnus-hakonsson-lagabotes-bylov-og-farmannslov\/","og_locale":"nb_NO","og_type":"article","og_title":"Magnus H\u00e5konsson Lagab\u00f8tes bylov og farmannslov - NB Nettbutikk","og_description":"Du kan lese boka p\u00e5 nett her Noreg var i forhistorisk tid eit bygdesamfunn, men i mellomalderen blei sm\u00e5 sesongdrivne handelsplassar etter kvart st\u00f8rre og meir etablerte, og i ein periode var Bergen den st\u00f8rste byen i Skandinavia. Livet i byane var annleis enn p\u00e5 bygda, og det var tidleg behov for ei s\u00e6rskild lov for byane. Bylova til Magnus H\u00e5konsson Lagab\u00f8te (1238\u20131280, konge av Noreg 1263\u20131280) blei vedteken i 1276 og erstatta eldre lover som handla om byar og sj\u00f8fart, dei fleste av desse er no tapte. Magnus Lagab\u00f8tes bylov er ei viktig historisk kjelde, og gjev eit rikt innsyn i byordning og handel i dei norske mellomalderbyane.","og_url":"https:\/\/www.nb.no\/nettbutikk\/produkt\/magnus-hakonsson-lagabotes-bylov-og-farmannslov\/","og_site_name":"NB Nettbutikk","article_modified_time":"2026-04-15T06:20:11+00:00","og_image":[{"width":1535,"height":2480,"url":"https:\/\/www.nb.no\/content\/uploads\/sites\/5\/2023\/03\/E6mp-pifWn-U4mniGoxN3v_N_3Ic7pZvNzWXmtCdValSIYWl4-AszuTdc2d2QpKUniv_QOSLiQnjTzBZApJebA.png","type":"image\/png"}],"twitter_card":"summary_large_image","twitter_misc":{"Ansl. lesetid":"1 minutt"},"schema":{"@context":"https:\/\/schema.org","@graph":[{"@type":"WebPage","@id":"https:\/\/www.nb.no\/nettbutikk\/produkt\/magnus-hakonsson-lagabotes-bylov-og-farmannslov\/","url":"https:\/\/www.nb.no\/nettbutikk\/produkt\/magnus-hakonsson-lagabotes-bylov-og-farmannslov\/","name":"Magnus H\u00e5konsson Lagab\u00f8tes bylov og farmannslov - NB Nettbutikk","isPartOf":{"@id":"https:\/\/www.nb.no\/nettbutikk\/#website"},"primaryImageOfPage":{"@id":"https:\/\/www.nb.no\/nettbutikk\/produkt\/magnus-hakonsson-lagabotes-bylov-og-farmannslov\/#primaryimage"},"image":{"@id":"https:\/\/www.nb.no\/nettbutikk\/produkt\/magnus-hakonsson-lagabotes-bylov-og-farmannslov\/#primaryimage"},"thumbnailUrl":"https:\/\/www.nb.no\/content\/uploads\/sites\/5\/2023\/03\/E6mp-pifWn-U4mniGoxN3v_N_3Ic7pZvNzWXmtCdValSIYWl4-AszuTdc2d2QpKUniv_QOSLiQnjTzBZApJebA.png","datePublished":"2023-02-27T10:01:01+00:00","dateModified":"2026-04-15T06:20:11+00:00","breadcrumb":{"@id":"https:\/\/www.nb.no\/nettbutikk\/produkt\/magnus-hakonsson-lagabotes-bylov-og-farmannslov\/#breadcrumb"},"inLanguage":"nb-NO","potentialAction":[{"@type":"ReadAction","target":["https:\/\/www.nb.no\/nettbutikk\/produkt\/magnus-hakonsson-lagabotes-bylov-og-farmannslov\/"]}]},{"@type":"ImageObject","inLanguage":"nb-NO","@id":"https:\/\/www.nb.no\/nettbutikk\/produkt\/magnus-hakonsson-lagabotes-bylov-og-farmannslov\/#primaryimage","url":"https:\/\/www.nb.no\/content\/uploads\/sites\/5\/2023\/03\/E6mp-pifWn-U4mniGoxN3v_N_3Ic7pZvNzWXmtCdValSIYWl4-AszuTdc2d2QpKUniv_QOSLiQnjTzBZApJebA.png","contentUrl":"https:\/\/www.nb.no\/content\/uploads\/sites\/5\/2023\/03\/E6mp-pifWn-U4mniGoxN3v_N_3Ic7pZvNzWXmtCdValSIYWl4-AszuTdc2d2QpKUniv_QOSLiQnjTzBZApJebA.png","width":1535,"height":2480,"caption":"Magnus H\u00e5konsson Lagab\u00f8tes bylov og farmannslov"},{"@type":"BreadcrumbList","@id":"https:\/\/www.nb.no\/nettbutikk\/produkt\/magnus-hakonsson-lagabotes-bylov-og-farmannslov\/#breadcrumb","itemListElement":[{"@type":"ListItem","position":1,"name":"Home","item":"https:\/\/www.nb.no\/nettbutikk\/"},{"@type":"ListItem","position":2,"name":"Butikk","item":"https:\/\/www.nb.no\/nettbutikk\/butikk\/"},{"@type":"ListItem","position":3,"name":"Magnus H\u00e5konsson Lagab\u00f8tes bylov og farmannslov"}]},{"@type":"WebSite","@id":"https:\/\/www.nb.no\/nettbutikk\/#website","url":"https:\/\/www.nb.no\/nettbutikk\/","name":"NB Nettbutikk","description":"","potentialAction":[{"@type":"SearchAction","target":{"@type":"EntryPoint","urlTemplate":"https:\/\/www.nb.no\/nettbutikk\/?s={search_term_string}"},"query-input":{"@type":"PropertyValueSpecification","valueRequired":true,"valueName":"search_term_string"}}],"inLanguage":"nb-NO"}]}},"_links":{"self":[{"href":"https:\/\/www.nb.no\/nettbutikk\/wp-json\/wp\/v2\/product\/16923","targetHints":{"allow":["GET"]}}],"collection":[{"href":"https:\/\/www.nb.no\/nettbutikk\/wp-json\/wp\/v2\/product"}],"about":[{"href":"https:\/\/www.nb.no\/nettbutikk\/wp-json\/wp\/v2\/types\/product"}],"wp:featuredmedia":[{"embeddable":true,"href":"https:\/\/www.nb.no\/nettbutikk\/wp-json\/wp\/v2\/media\/16920"}],"wp:attachment":[{"href":"https:\/\/www.nb.no\/nettbutikk\/wp-json\/wp\/v2\/media?parent=16923"}],"wp:term":[{"taxonomy":"product_brand","embeddable":true,"href":"https:\/\/www.nb.no\/nettbutikk\/wp-json\/wp\/v2\/product_brand?post=16923"},{"taxonomy":"product_cat","embeddable":true,"href":"https:\/\/www.nb.no\/nettbutikk\/wp-json\/wp\/v2\/product_cat?post=16923"},{"taxonomy":"product_tag","embeddable":true,"href":"https:\/\/www.nb.no\/nettbutikk\/wp-json\/wp\/v2\/product_tag?post=16923"}],"curies":[{"name":"wp","href":"https:\/\/api.w.org\/{rel}","templated":true}]}}