{"id":16865,"date":"2023-02-28T12:31:04","date_gmt":"2023-02-28T11:31:04","guid":{"rendered":"https:\/\/www.nb.no\/nettbutikk\/produkt\/sno-og-granskog\/"},"modified":"2026-04-15T08:20:09","modified_gmt":"2026-04-15T06:20:09","slug":"sno-og-granskog","status":"publish","type":"product","link":"https:\/\/www.nb.no\/nettbutikk\/produkt\/sno-og-granskog\/","title":{"rendered":"Sn\u00f8 og granskog"},"content":{"rendered":"","protected":false},"excerpt":{"rendered":"<p>Skogen er svartmetallens hovedkulisse: m\u00f8rk, vill og ladet med eventyr og myter. B\u00e5de musikken og imaget gjenspeiler dragningen mot den norske skogsnaturen og til tidligere og stoltere tider. I dette ligger et rasende oppr\u00f8r mot den gr\u00e5 konformiteten i samtiden. Samtidig l\u00e5ner svartmetallen flere ideer og motiver fra nasjonalromantikken. Hvordan har det seg at denne motkulturen omfavner noen av v\u00e5re mest tradisjonstunge og kanoniserte kunstuttrykk? Hva sier det oss om ideologien i norsk svartmetall?<\/p>\n<p>Helge Kaasin har utforsket svartmetallens r\u00f8tter og forgreininger gjennom dypdykk i l\u00e5ttekster, intervjuer og faglitteratur. <i>Sn\u00f8 og granskog<\/i> viser hvor tett sammenvevd denne m\u00f8rke musikksjangerens historie er med den norske kulturhistorien for \u00f8vrig. Boken gj\u00f8r ogs\u00e5 svartmetallens oppr\u00f8r og lengsler gjenkjennelig som noe allmennmenneskelig \u2013 om enn med et h\u00f8yere volum.<\/p>\n","protected":false},"featured_media":16862,"template":"","meta":{"nb_hide_title":false,"nb_breadcrumb_title_override":""},"product_brand":[],"product_cat":[184],"product_tag":[3774,3767],"class_list":{"0":"post-16865","1":"product","2":"type-product","3":"status-publish","4":"has-post-thumbnail","6":"product_cat-enkeltstaende-utgivelser","7":"product_tag-musikk","8":"product_tag-svartmetall","10":"first","11":"instock","12":"shipping-taxable","13":"purchasable","14":"product-type-simple"},"yoast_head":"<!-- This site is optimized with the Yoast SEO plugin v27.1.1 - https:\/\/yoast.com\/product\/yoast-seo-wordpress\/ -->\n<title>Sn\u00f8 og granskog - NB Nettbutikk<\/title>\n<meta name=\"robots\" content=\"index, follow, max-snippet:-1, max-image-preview:large, max-video-preview:-1\" \/>\n<link rel=\"canonical\" href=\"https:\/\/www.nb.no\/nettbutikk\/produkt\/sno-og-granskog\/\" \/>\n<meta property=\"og:locale\" content=\"nb_NO\" \/>\n<meta property=\"og:type\" content=\"article\" \/>\n<meta property=\"og:title\" content=\"Sn\u00f8 og granskog - NB Nettbutikk\" \/>\n<meta property=\"og:description\" content=\"Skogen er svartmetallens hovedkulisse: m\u00f8rk, vill og ladet med eventyr og myter. B\u00e5de musikken og imaget gjenspeiler dragningen mot den norske skogsnaturen og til tidligere og stoltere tider. I dette ligger et rasende oppr\u00f8r mot den gr\u00e5 konformiteten i samtiden. Samtidig l\u00e5ner svartmetallen flere ideer og motiver fra nasjonalromantikken. Hvordan har det seg at denne motkulturen omfavner noen av v\u00e5re mest tradisjonstunge og kanoniserte kunstuttrykk? Hva sier det oss om ideologien i norsk svartmetall? Helge Kaasin har utforsket svartmetallens r\u00f8tter og forgreininger gjennom dypdykk i l\u00e5ttekster, intervjuer og faglitteratur. Sn\u00f8 og granskog viser hvor tett sammenvevd denne m\u00f8rke musikksjangerens historie er med den norske kulturhistorien for \u00f8vrig. Boken gj\u00f8r ogs\u00e5 svartmetallens oppr\u00f8r og lengsler gjenkjennelig som noe allmennmenneskelig \u2013 om enn med et h\u00f8yere volum.\" \/>\n<meta property=\"og:url\" content=\"https:\/\/www.nb.no\/nettbutikk\/produkt\/sno-og-granskog\/\" \/>\n<meta property=\"og:site_name\" content=\"NB Nettbutikk\" \/>\n<meta property=\"article:modified_time\" content=\"2026-04-15T06:20:09+00:00\" \/>\n<meta property=\"og:image\" content=\"https:\/\/www.nb.no\/content\/uploads\/sites\/5\/2023\/02\/E6mp-pifWn-U4mniGoxN3v_N_3Ic7pZvNzWXmoPLA_8Hc4X7s-Uon-aPJGF6RcCZynisE-re3l7nHzkMAohAbA.jpg\" \/>\n\t<meta property=\"og:image:width\" content=\"1020\" \/>\n\t<meta property=\"og:image:height\" content=\"1684\" \/>\n\t<meta property=\"og:image:type\" content=\"image\/jpeg\" \/>\n<meta name=\"twitter:card\" content=\"summary_large_image\" \/>\n<meta name=\"twitter:label1\" content=\"Ansl. lesetid\" \/>\n\t<meta name=\"twitter:data1\" content=\"1 minutt\" \/>\n<script type=\"application\/ld+json\" class=\"yoast-schema-graph\">{\"@context\":\"https:\/\/schema.org\",\"@graph\":[{\"@type\":\"WebPage\",\"@id\":\"https:\/\/www.nb.no\/nettbutikk\/produkt\/sno-og-granskog\/\",\"url\":\"https:\/\/www.nb.no\/nettbutikk\/produkt\/sno-og-granskog\/\",\"name\":\"Sn\u00f8 og granskog - NB Nettbutikk\",\"isPartOf\":{\"@id\":\"https:\/\/www.nb.no\/nettbutikk\/#website\"},\"primaryImageOfPage\":{\"@id\":\"https:\/\/www.nb.no\/nettbutikk\/produkt\/sno-og-granskog\/#primaryimage\"},\"image\":{\"@id\":\"https:\/\/www.nb.no\/nettbutikk\/produkt\/sno-og-granskog\/#primaryimage\"},\"thumbnailUrl\":\"https:\/\/www.nb.no\/content\/uploads\/sites\/5\/2023\/02\/E6mp-pifWn-U4mniGoxN3v_N_3Ic7pZvNzWXmoPLA_8Hc4X7s-Uon-aPJGF6RcCZynisE-re3l7nHzkMAohAbA.jpg\",\"datePublished\":\"2023-02-28T11:31:04+00:00\",\"dateModified\":\"2026-04-15T06:20:09+00:00\",\"breadcrumb\":{\"@id\":\"https:\/\/www.nb.no\/nettbutikk\/produkt\/sno-og-granskog\/#breadcrumb\"},\"inLanguage\":\"nb-NO\",\"potentialAction\":[{\"@type\":\"ReadAction\",\"target\":[\"https:\/\/www.nb.no\/nettbutikk\/produkt\/sno-og-granskog\/\"]}]},{\"@type\":\"ImageObject\",\"inLanguage\":\"nb-NO\",\"@id\":\"https:\/\/www.nb.no\/nettbutikk\/produkt\/sno-og-granskog\/#primaryimage\",\"url\":\"https:\/\/www.nb.no\/content\/uploads\/sites\/5\/2023\/02\/E6mp-pifWn-U4mniGoxN3v_N_3Ic7pZvNzWXmoPLA_8Hc4X7s-Uon-aPJGF6RcCZynisE-re3l7nHzkMAohAbA.jpg\",\"contentUrl\":\"https:\/\/www.nb.no\/content\/uploads\/sites\/5\/2023\/02\/E6mp-pifWn-U4mniGoxN3v_N_3Ic7pZvNzWXmoPLA_8Hc4X7s-Uon-aPJGF6RcCZynisE-re3l7nHzkMAohAbA.jpg\",\"width\":1020,\"height\":1684,\"caption\":\"Sn\u00f8 og granskog\"},{\"@type\":\"BreadcrumbList\",\"@id\":\"https:\/\/www.nb.no\/nettbutikk\/produkt\/sno-og-granskog\/#breadcrumb\",\"itemListElement\":[{\"@type\":\"ListItem\",\"position\":1,\"name\":\"Home\",\"item\":\"https:\/\/www.nb.no\/nettbutikk\/\"},{\"@type\":\"ListItem\",\"position\":2,\"name\":\"Butikk\",\"item\":\"https:\/\/www.nb.no\/nettbutikk\/butikk\/\"},{\"@type\":\"ListItem\",\"position\":3,\"name\":\"Sn\u00f8 og granskog\"}]},{\"@type\":\"WebSite\",\"@id\":\"https:\/\/www.nb.no\/nettbutikk\/#website\",\"url\":\"https:\/\/www.nb.no\/nettbutikk\/\",\"name\":\"NB Nettbutikk\",\"description\":\"\",\"potentialAction\":[{\"@type\":\"SearchAction\",\"target\":{\"@type\":\"EntryPoint\",\"urlTemplate\":\"https:\/\/www.nb.no\/nettbutikk\/?s={search_term_string}\"},\"query-input\":{\"@type\":\"PropertyValueSpecification\",\"valueRequired\":true,\"valueName\":\"search_term_string\"}}],\"inLanguage\":\"nb-NO\"}]}<\/script>\n<!-- \/ Yoast SEO plugin. -->","yoast_head_json":{"title":"Sn\u00f8 og granskog - NB Nettbutikk","robots":{"index":"index","follow":"follow","max-snippet":"max-snippet:-1","max-image-preview":"max-image-preview:large","max-video-preview":"max-video-preview:-1"},"canonical":"https:\/\/www.nb.no\/nettbutikk\/produkt\/sno-og-granskog\/","og_locale":"nb_NO","og_type":"article","og_title":"Sn\u00f8 og granskog - NB Nettbutikk","og_description":"Skogen er svartmetallens hovedkulisse: m\u00f8rk, vill og ladet med eventyr og myter. B\u00e5de musikken og imaget gjenspeiler dragningen mot den norske skogsnaturen og til tidligere og stoltere tider. I dette ligger et rasende oppr\u00f8r mot den gr\u00e5 konformiteten i samtiden. Samtidig l\u00e5ner svartmetallen flere ideer og motiver fra nasjonalromantikken. Hvordan har det seg at denne motkulturen omfavner noen av v\u00e5re mest tradisjonstunge og kanoniserte kunstuttrykk? Hva sier det oss om ideologien i norsk svartmetall? Helge Kaasin har utforsket svartmetallens r\u00f8tter og forgreininger gjennom dypdykk i l\u00e5ttekster, intervjuer og faglitteratur. Sn\u00f8 og granskog viser hvor tett sammenvevd denne m\u00f8rke musikksjangerens historie er med den norske kulturhistorien for \u00f8vrig. Boken gj\u00f8r ogs\u00e5 svartmetallens oppr\u00f8r og lengsler gjenkjennelig som noe allmennmenneskelig \u2013 om enn med et h\u00f8yere volum.","og_url":"https:\/\/www.nb.no\/nettbutikk\/produkt\/sno-og-granskog\/","og_site_name":"NB Nettbutikk","article_modified_time":"2026-04-15T06:20:09+00:00","og_image":[{"width":1020,"height":1684,"url":"https:\/\/www.nb.no\/content\/uploads\/sites\/5\/2023\/02\/E6mp-pifWn-U4mniGoxN3v_N_3Ic7pZvNzWXmoPLA_8Hc4X7s-Uon-aPJGF6RcCZynisE-re3l7nHzkMAohAbA.jpg","type":"image\/jpeg"}],"twitter_card":"summary_large_image","twitter_misc":{"Ansl. lesetid":"1 minutt"},"schema":{"@context":"https:\/\/schema.org","@graph":[{"@type":"WebPage","@id":"https:\/\/www.nb.no\/nettbutikk\/produkt\/sno-og-granskog\/","url":"https:\/\/www.nb.no\/nettbutikk\/produkt\/sno-og-granskog\/","name":"Sn\u00f8 og granskog - NB Nettbutikk","isPartOf":{"@id":"https:\/\/www.nb.no\/nettbutikk\/#website"},"primaryImageOfPage":{"@id":"https:\/\/www.nb.no\/nettbutikk\/produkt\/sno-og-granskog\/#primaryimage"},"image":{"@id":"https:\/\/www.nb.no\/nettbutikk\/produkt\/sno-og-granskog\/#primaryimage"},"thumbnailUrl":"https:\/\/www.nb.no\/content\/uploads\/sites\/5\/2023\/02\/E6mp-pifWn-U4mniGoxN3v_N_3Ic7pZvNzWXmoPLA_8Hc4X7s-Uon-aPJGF6RcCZynisE-re3l7nHzkMAohAbA.jpg","datePublished":"2023-02-28T11:31:04+00:00","dateModified":"2026-04-15T06:20:09+00:00","breadcrumb":{"@id":"https:\/\/www.nb.no\/nettbutikk\/produkt\/sno-og-granskog\/#breadcrumb"},"inLanguage":"nb-NO","potentialAction":[{"@type":"ReadAction","target":["https:\/\/www.nb.no\/nettbutikk\/produkt\/sno-og-granskog\/"]}]},{"@type":"ImageObject","inLanguage":"nb-NO","@id":"https:\/\/www.nb.no\/nettbutikk\/produkt\/sno-og-granskog\/#primaryimage","url":"https:\/\/www.nb.no\/content\/uploads\/sites\/5\/2023\/02\/E6mp-pifWn-U4mniGoxN3v_N_3Ic7pZvNzWXmoPLA_8Hc4X7s-Uon-aPJGF6RcCZynisE-re3l7nHzkMAohAbA.jpg","contentUrl":"https:\/\/www.nb.no\/content\/uploads\/sites\/5\/2023\/02\/E6mp-pifWn-U4mniGoxN3v_N_3Ic7pZvNzWXmoPLA_8Hc4X7s-Uon-aPJGF6RcCZynisE-re3l7nHzkMAohAbA.jpg","width":1020,"height":1684,"caption":"Sn\u00f8 og granskog"},{"@type":"BreadcrumbList","@id":"https:\/\/www.nb.no\/nettbutikk\/produkt\/sno-og-granskog\/#breadcrumb","itemListElement":[{"@type":"ListItem","position":1,"name":"Home","item":"https:\/\/www.nb.no\/nettbutikk\/"},{"@type":"ListItem","position":2,"name":"Butikk","item":"https:\/\/www.nb.no\/nettbutikk\/butikk\/"},{"@type":"ListItem","position":3,"name":"Sn\u00f8 og granskog"}]},{"@type":"WebSite","@id":"https:\/\/www.nb.no\/nettbutikk\/#website","url":"https:\/\/www.nb.no\/nettbutikk\/","name":"NB Nettbutikk","description":"","potentialAction":[{"@type":"SearchAction","target":{"@type":"EntryPoint","urlTemplate":"https:\/\/www.nb.no\/nettbutikk\/?s={search_term_string}"},"query-input":{"@type":"PropertyValueSpecification","valueRequired":true,"valueName":"search_term_string"}}],"inLanguage":"nb-NO"}]}},"_links":{"self":[{"href":"https:\/\/www.nb.no\/nettbutikk\/wp-json\/wp\/v2\/product\/16865","targetHints":{"allow":["GET"]}}],"collection":[{"href":"https:\/\/www.nb.no\/nettbutikk\/wp-json\/wp\/v2\/product"}],"about":[{"href":"https:\/\/www.nb.no\/nettbutikk\/wp-json\/wp\/v2\/types\/product"}],"wp:featuredmedia":[{"embeddable":true,"href":"https:\/\/www.nb.no\/nettbutikk\/wp-json\/wp\/v2\/media\/16862"}],"wp:attachment":[{"href":"https:\/\/www.nb.no\/nettbutikk\/wp-json\/wp\/v2\/media?parent=16865"}],"wp:term":[{"taxonomy":"product_brand","embeddable":true,"href":"https:\/\/www.nb.no\/nettbutikk\/wp-json\/wp\/v2\/product_brand?post=16865"},{"taxonomy":"product_cat","embeddable":true,"href":"https:\/\/www.nb.no\/nettbutikk\/wp-json\/wp\/v2\/product_cat?post=16865"},{"taxonomy":"product_tag","embeddable":true,"href":"https:\/\/www.nb.no\/nettbutikk\/wp-json\/wp\/v2\/product_tag?post=16865"}],"curies":[{"name":"wp","href":"https:\/\/api.w.org\/{rel}","templated":true}]}}