{"id":16860,"date":"2023-02-27T09:00:01","date_gmt":"2023-02-27T08:00:01","guid":{"rendered":"https:\/\/www.nb.no\/nettbutikk\/produkt\/meningen-med-livet\/"},"modified":"2026-04-15T08:20:08","modified_gmt":"2026-04-15T06:20:08","slug":"meningen-med-livet","status":"publish","type":"product","link":"https:\/\/www.nb.no\/nettbutikk\/produkt\/meningen-med-livet\/","title":{"rendered":"Meningen med livet"},"content":{"rendered":"","protected":false},"excerpt":{"rendered":"<p>Toril Moi vokste opp p\u00e5 det pietistiske S\u00f8rvestlandet p\u00e5 1950-tallet. Helvetesdebatten blusset opp samtidig som eksistensialismen gjorde sitt inntog i Norge. Tiden var opptatt av meningen med livet, autentisitet, og det eksistensielle valget. Hvilke spor satte tids\u00e5nden i litteraturen fra perioden, og i Moi selv? For \u00e5 finne svar leser hun Alfred Hauge, Sigbj\u00f8rn H\u00f8lmebakk og Kjell Askildsen, som alle kom fra religi\u00f8se milj\u00f8er p\u00e5 S\u00f8rvestlandet.<\/p>\n<p>Dette essayet er del av en foredragsserie om kultur og liv i 1950-tallets Norge. P\u00e5 jakt etter forst\u00e5else av landet og ti\u00e5ret hun selv ble f\u00f8dt i, unders\u00f8ker Toril Moi kulturuttrykk fra perioden. Prosjektet er b\u00e5de personlig og historisk. Uten \u00e5 forst\u00e5 Norge kan hun heller ikke forst\u00e5 seg selv.<\/p>\n","protected":false},"featured_media":16857,"template":"","meta":{"nb_hide_title":false,"nb_breadcrumb_title_override":""},"product_brand":[],"product_cat":[355],"product_tag":[3762,3759],"class_list":{"0":"post-16860","1":"product","2":"type-product","3":"status-publish","4":"has-post-thumbnail","6":"product_cat-nbs-populaere","7":"product_tag-1950-tallet","8":"product_tag-toril-moi","10":"first","11":"instock","12":"shipping-taxable","13":"purchasable","14":"product-type-simple"},"yoast_head":"<!-- This site is optimized with the Yoast SEO plugin v27.1.1 - https:\/\/yoast.com\/product\/yoast-seo-wordpress\/ -->\n<title>Meningen med livet - NB Nettbutikk<\/title>\n<meta name=\"robots\" content=\"index, follow, max-snippet:-1, max-image-preview:large, max-video-preview:-1\" \/>\n<link rel=\"canonical\" href=\"https:\/\/www.nb.no\/nettbutikk\/produkt\/meningen-med-livet\/\" \/>\n<meta property=\"og:locale\" content=\"nb_NO\" \/>\n<meta property=\"og:type\" content=\"article\" \/>\n<meta property=\"og:title\" content=\"Meningen med livet - NB Nettbutikk\" \/>\n<meta property=\"og:description\" content=\"Toril Moi vokste opp p\u00e5 det pietistiske S\u00f8rvestlandet p\u00e5 1950-tallet. Helvetesdebatten blusset opp samtidig som eksistensialismen gjorde sitt inntog i Norge. Tiden var opptatt av meningen med livet, autentisitet, og det eksistensielle valget. Hvilke spor satte tids\u00e5nden i litteraturen fra perioden, og i Moi selv? For \u00e5 finne svar leser hun Alfred Hauge, Sigbj\u00f8rn H\u00f8lmebakk og Kjell Askildsen, som alle kom fra religi\u00f8se milj\u00f8er p\u00e5 S\u00f8rvestlandet. Dette essayet er del av en foredragsserie om kultur og liv i 1950-tallets Norge. P\u00e5 jakt etter forst\u00e5else av landet og ti\u00e5ret hun selv ble f\u00f8dt i, unders\u00f8ker Toril Moi kulturuttrykk fra perioden. Prosjektet er b\u00e5de personlig og historisk. Uten \u00e5 forst\u00e5 Norge kan hun heller ikke forst\u00e5 seg selv.\" \/>\n<meta property=\"og:url\" content=\"https:\/\/www.nb.no\/nettbutikk\/produkt\/meningen-med-livet\/\" \/>\n<meta property=\"og:site_name\" content=\"NB Nettbutikk\" \/>\n<meta property=\"article:modified_time\" content=\"2026-04-15T06:20:08+00:00\" \/>\n<meta property=\"og:image\" content=\"https:\/\/www.nb.no\/content\/uploads\/sites\/5\/2023\/02\/E6mp-pifWn-U4mniGoxN3v_N_3Ic7pZvNzWXmtbJDqlTJoSv5OV4yebRIDV7Q5zHkX6kQeXbjV3gTjAJAohAbA.jpg\" \/>\n\t<meta property=\"og:image:width\" content=\"1299\" \/>\n\t<meta property=\"og:image:height\" content=\"1890\" \/>\n\t<meta property=\"og:image:type\" content=\"image\/jpeg\" \/>\n<meta name=\"twitter:card\" content=\"summary_large_image\" \/>\n<meta name=\"twitter:label1\" content=\"Ansl. lesetid\" \/>\n\t<meta name=\"twitter:data1\" content=\"1 minutt\" \/>\n<script type=\"application\/ld+json\" class=\"yoast-schema-graph\">{\"@context\":\"https:\/\/schema.org\",\"@graph\":[{\"@type\":\"WebPage\",\"@id\":\"https:\/\/www.nb.no\/nettbutikk\/produkt\/meningen-med-livet\/\",\"url\":\"https:\/\/www.nb.no\/nettbutikk\/produkt\/meningen-med-livet\/\",\"name\":\"Meningen med livet - NB Nettbutikk\",\"isPartOf\":{\"@id\":\"https:\/\/www.nb.no\/nettbutikk\/#website\"},\"primaryImageOfPage\":{\"@id\":\"https:\/\/www.nb.no\/nettbutikk\/produkt\/meningen-med-livet\/#primaryimage\"},\"image\":{\"@id\":\"https:\/\/www.nb.no\/nettbutikk\/produkt\/meningen-med-livet\/#primaryimage\"},\"thumbnailUrl\":\"https:\/\/www.nb.no\/content\/uploads\/sites\/5\/2023\/02\/E6mp-pifWn-U4mniGoxN3v_N_3Ic7pZvNzWXmtbJDqlTJoSv5OV4yebRIDV7Q5zHkX6kQeXbjV3gTjAJAohAbA.jpg\",\"datePublished\":\"2023-02-27T08:00:01+00:00\",\"dateModified\":\"2026-04-15T06:20:08+00:00\",\"breadcrumb\":{\"@id\":\"https:\/\/www.nb.no\/nettbutikk\/produkt\/meningen-med-livet\/#breadcrumb\"},\"inLanguage\":\"nb-NO\",\"potentialAction\":[{\"@type\":\"ReadAction\",\"target\":[\"https:\/\/www.nb.no\/nettbutikk\/produkt\/meningen-med-livet\/\"]}]},{\"@type\":\"ImageObject\",\"inLanguage\":\"nb-NO\",\"@id\":\"https:\/\/www.nb.no\/nettbutikk\/produkt\/meningen-med-livet\/#primaryimage\",\"url\":\"https:\/\/www.nb.no\/content\/uploads\/sites\/5\/2023\/02\/E6mp-pifWn-U4mniGoxN3v_N_3Ic7pZvNzWXmtbJDqlTJoSv5OV4yebRIDV7Q5zHkX6kQeXbjV3gTjAJAohAbA.jpg\",\"contentUrl\":\"https:\/\/www.nb.no\/content\/uploads\/sites\/5\/2023\/02\/E6mp-pifWn-U4mniGoxN3v_N_3Ic7pZvNzWXmtbJDqlTJoSv5OV4yebRIDV7Q5zHkX6kQeXbjV3gTjAJAohAbA.jpg\",\"width\":1299,\"height\":1890,\"caption\":\"Meningen med livet\"},{\"@type\":\"BreadcrumbList\",\"@id\":\"https:\/\/www.nb.no\/nettbutikk\/produkt\/meningen-med-livet\/#breadcrumb\",\"itemListElement\":[{\"@type\":\"ListItem\",\"position\":1,\"name\":\"Home\",\"item\":\"https:\/\/www.nb.no\/nettbutikk\/\"},{\"@type\":\"ListItem\",\"position\":2,\"name\":\"Butikk\",\"item\":\"https:\/\/www.nb.no\/nettbutikk\/butikk\/\"},{\"@type\":\"ListItem\",\"position\":3,\"name\":\"Meningen med livet\"}]},{\"@type\":\"WebSite\",\"@id\":\"https:\/\/www.nb.no\/nettbutikk\/#website\",\"url\":\"https:\/\/www.nb.no\/nettbutikk\/\",\"name\":\"NB Nettbutikk\",\"description\":\"\",\"potentialAction\":[{\"@type\":\"SearchAction\",\"target\":{\"@type\":\"EntryPoint\",\"urlTemplate\":\"https:\/\/www.nb.no\/nettbutikk\/?s={search_term_string}\"},\"query-input\":{\"@type\":\"PropertyValueSpecification\",\"valueRequired\":true,\"valueName\":\"search_term_string\"}}],\"inLanguage\":\"nb-NO\"}]}<\/script>\n<!-- \/ Yoast SEO plugin. -->","yoast_head_json":{"title":"Meningen med livet - NB Nettbutikk","robots":{"index":"index","follow":"follow","max-snippet":"max-snippet:-1","max-image-preview":"max-image-preview:large","max-video-preview":"max-video-preview:-1"},"canonical":"https:\/\/www.nb.no\/nettbutikk\/produkt\/meningen-med-livet\/","og_locale":"nb_NO","og_type":"article","og_title":"Meningen med livet - NB Nettbutikk","og_description":"Toril Moi vokste opp p\u00e5 det pietistiske S\u00f8rvestlandet p\u00e5 1950-tallet. Helvetesdebatten blusset opp samtidig som eksistensialismen gjorde sitt inntog i Norge. Tiden var opptatt av meningen med livet, autentisitet, og det eksistensielle valget. Hvilke spor satte tids\u00e5nden i litteraturen fra perioden, og i Moi selv? For \u00e5 finne svar leser hun Alfred Hauge, Sigbj\u00f8rn H\u00f8lmebakk og Kjell Askildsen, som alle kom fra religi\u00f8se milj\u00f8er p\u00e5 S\u00f8rvestlandet. Dette essayet er del av en foredragsserie om kultur og liv i 1950-tallets Norge. P\u00e5 jakt etter forst\u00e5else av landet og ti\u00e5ret hun selv ble f\u00f8dt i, unders\u00f8ker Toril Moi kulturuttrykk fra perioden. Prosjektet er b\u00e5de personlig og historisk. Uten \u00e5 forst\u00e5 Norge kan hun heller ikke forst\u00e5 seg selv.","og_url":"https:\/\/www.nb.no\/nettbutikk\/produkt\/meningen-med-livet\/","og_site_name":"NB Nettbutikk","article_modified_time":"2026-04-15T06:20:08+00:00","og_image":[{"width":1299,"height":1890,"url":"https:\/\/www.nb.no\/content\/uploads\/sites\/5\/2023\/02\/E6mp-pifWn-U4mniGoxN3v_N_3Ic7pZvNzWXmtbJDqlTJoSv5OV4yebRIDV7Q5zHkX6kQeXbjV3gTjAJAohAbA.jpg","type":"image\/jpeg"}],"twitter_card":"summary_large_image","twitter_misc":{"Ansl. lesetid":"1 minutt"},"schema":{"@context":"https:\/\/schema.org","@graph":[{"@type":"WebPage","@id":"https:\/\/www.nb.no\/nettbutikk\/produkt\/meningen-med-livet\/","url":"https:\/\/www.nb.no\/nettbutikk\/produkt\/meningen-med-livet\/","name":"Meningen med livet - NB Nettbutikk","isPartOf":{"@id":"https:\/\/www.nb.no\/nettbutikk\/#website"},"primaryImageOfPage":{"@id":"https:\/\/www.nb.no\/nettbutikk\/produkt\/meningen-med-livet\/#primaryimage"},"image":{"@id":"https:\/\/www.nb.no\/nettbutikk\/produkt\/meningen-med-livet\/#primaryimage"},"thumbnailUrl":"https:\/\/www.nb.no\/content\/uploads\/sites\/5\/2023\/02\/E6mp-pifWn-U4mniGoxN3v_N_3Ic7pZvNzWXmtbJDqlTJoSv5OV4yebRIDV7Q5zHkX6kQeXbjV3gTjAJAohAbA.jpg","datePublished":"2023-02-27T08:00:01+00:00","dateModified":"2026-04-15T06:20:08+00:00","breadcrumb":{"@id":"https:\/\/www.nb.no\/nettbutikk\/produkt\/meningen-med-livet\/#breadcrumb"},"inLanguage":"nb-NO","potentialAction":[{"@type":"ReadAction","target":["https:\/\/www.nb.no\/nettbutikk\/produkt\/meningen-med-livet\/"]}]},{"@type":"ImageObject","inLanguage":"nb-NO","@id":"https:\/\/www.nb.no\/nettbutikk\/produkt\/meningen-med-livet\/#primaryimage","url":"https:\/\/www.nb.no\/content\/uploads\/sites\/5\/2023\/02\/E6mp-pifWn-U4mniGoxN3v_N_3Ic7pZvNzWXmtbJDqlTJoSv5OV4yebRIDV7Q5zHkX6kQeXbjV3gTjAJAohAbA.jpg","contentUrl":"https:\/\/www.nb.no\/content\/uploads\/sites\/5\/2023\/02\/E6mp-pifWn-U4mniGoxN3v_N_3Ic7pZvNzWXmtbJDqlTJoSv5OV4yebRIDV7Q5zHkX6kQeXbjV3gTjAJAohAbA.jpg","width":1299,"height":1890,"caption":"Meningen med livet"},{"@type":"BreadcrumbList","@id":"https:\/\/www.nb.no\/nettbutikk\/produkt\/meningen-med-livet\/#breadcrumb","itemListElement":[{"@type":"ListItem","position":1,"name":"Home","item":"https:\/\/www.nb.no\/nettbutikk\/"},{"@type":"ListItem","position":2,"name":"Butikk","item":"https:\/\/www.nb.no\/nettbutikk\/butikk\/"},{"@type":"ListItem","position":3,"name":"Meningen med livet"}]},{"@type":"WebSite","@id":"https:\/\/www.nb.no\/nettbutikk\/#website","url":"https:\/\/www.nb.no\/nettbutikk\/","name":"NB Nettbutikk","description":"","potentialAction":[{"@type":"SearchAction","target":{"@type":"EntryPoint","urlTemplate":"https:\/\/www.nb.no\/nettbutikk\/?s={search_term_string}"},"query-input":{"@type":"PropertyValueSpecification","valueRequired":true,"valueName":"search_term_string"}}],"inLanguage":"nb-NO"}]}},"_links":{"self":[{"href":"https:\/\/www.nb.no\/nettbutikk\/wp-json\/wp\/v2\/product\/16860","targetHints":{"allow":["GET"]}}],"collection":[{"href":"https:\/\/www.nb.no\/nettbutikk\/wp-json\/wp\/v2\/product"}],"about":[{"href":"https:\/\/www.nb.no\/nettbutikk\/wp-json\/wp\/v2\/types\/product"}],"wp:featuredmedia":[{"embeddable":true,"href":"https:\/\/www.nb.no\/nettbutikk\/wp-json\/wp\/v2\/media\/16857"}],"wp:attachment":[{"href":"https:\/\/www.nb.no\/nettbutikk\/wp-json\/wp\/v2\/media?parent=16860"}],"wp:term":[{"taxonomy":"product_brand","embeddable":true,"href":"https:\/\/www.nb.no\/nettbutikk\/wp-json\/wp\/v2\/product_brand?post=16860"},{"taxonomy":"product_cat","embeddable":true,"href":"https:\/\/www.nb.no\/nettbutikk\/wp-json\/wp\/v2\/product_cat?post=16860"},{"taxonomy":"product_tag","embeddable":true,"href":"https:\/\/www.nb.no\/nettbutikk\/wp-json\/wp\/v2\/product_tag?post=16860"}],"curies":[{"name":"wp","href":"https:\/\/api.w.org\/{rel}","templated":true}]}}