{"id":15961,"date":"2022-11-10T09:30:00","date_gmt":"2022-11-10T08:30:00","guid":{"rendered":"https:\/\/www.nb.no\/nettbutikk\/produkt\/randi-hultin\/"},"modified":"2026-04-20T11:08:51","modified_gmt":"2026-04-20T09:08:51","slug":"randi-hultin","status":"publish","type":"product","link":"https:\/\/www.nb.no\/nettbutikk\/produkt\/randi-hultin\/","title":{"rendered":"Randi Hultin"},"content":{"rendered":"","protected":false},"excerpt":{"rendered":"<p>Gjennom n\u00e6rmere femti \u00e5r samlet musikkritikeren Randi Hultin flere av jazzhistoriens ber\u00f8mtheter, som John Coltrane, Sonny Rollins og Count Basie, hjemme hos seg for jam og sosialt lag. Dette dokumenterte hun gjennom et stort antall bilder, og denne boka viser et utvalg blinkskudd fra en enest\u00e5ende fotosamling og et fascinerende liv. <\/p>\n<p>Sandeep Singh har skrevet bokas forord.<\/p>\n<p>Boka er den f\u00f8rste i fotobokserien <i>Sideblikk<\/i>. Serien l\u00f8fter fram tidsskildringer, oppsiktsvekkende hendelser og hverdagslige \u00f8yeblikk hentet fra Nasjonalbibliotekets samling. Bildene er ikke tatt av kjente eller etablerte fotografer, men viser oss det originale blikket og de bemerkelsesverdige omgivelsene til kulturpersonligheter som har satt spor etter seg i norsk historie.<\/p>\n","protected":false},"featured_media":15958,"template":"","meta":{"nb_hide_title":false,"nb_breadcrumb_title_override":""},"product_brand":[],"product_cat":[2123],"product_tag":[3784,3820,3774,3781],"class_list":{"0":"post-15961","1":"product","2":"type-product","3":"status-publish","4":"has-post-thumbnail","6":"product_cat-sideblikk","7":"product_tag-jazz","8":"product_tag-kvinner","9":"product_tag-musikk","10":"product_tag-randi-hultin","12":"first","13":"instock","14":"shipping-taxable","15":"purchasable","16":"product-type-simple"},"yoast_head":"<!-- This site is optimized with the Yoast SEO plugin v27.1.1 - https:\/\/yoast.com\/product\/yoast-seo-wordpress\/ -->\n<title>Randi Hultin - NB Nettbutikk<\/title>\n<meta name=\"description\" content=\"Gjennom n\u00e6rmere femti \u00e5r samlet musikkritikeren Randi Hultin flere av jazzhistoriens ber\u00f8mtheter hjemme hos seg for jam og sosialt lag.\" \/>\n<meta name=\"robots\" content=\"index, follow, max-snippet:-1, max-image-preview:large, max-video-preview:-1\" \/>\n<link rel=\"canonical\" href=\"https:\/\/www.nb.no\/nettbutikk\/produkt\/randi-hultin\/\" \/>\n<meta property=\"og:locale\" content=\"nb_NO\" \/>\n<meta property=\"og:type\" content=\"article\" \/>\n<meta property=\"og:title\" content=\"Randi Hultin - NB Nettbutikk\" \/>\n<meta property=\"og:description\" content=\"Gjennom n\u00e6rmere femti \u00e5r samlet musikkritikeren Randi Hultin flere av jazzhistoriens ber\u00f8mtheter hjemme hos seg for jam og sosialt lag.\" \/>\n<meta property=\"og:url\" content=\"https:\/\/www.nb.no\/nettbutikk\/produkt\/randi-hultin\/\" \/>\n<meta property=\"og:site_name\" content=\"NB Nettbutikk\" \/>\n<meta property=\"article:modified_time\" content=\"2026-04-20T09:08:51+00:00\" \/>\n<meta property=\"og:image\" content=\"https:\/\/www.nb.no\/content\/uploads\/sites\/5\/2022\/10\/E6mp-pifWn-U4mniGoxN3v_N_3Ic7pZvNzWXmtOQB_YBc4T54LQtwuSNdDZ2Q5DFnH-uRb-O3l-1TDoJAohAbA-1-scaled.jpg\" \/>\n\t<meta property=\"og:image:width\" content=\"2560\" \/>\n\t<meta property=\"og:image:height\" content=\"1921\" \/>\n\t<meta property=\"og:image:type\" content=\"image\/jpeg\" \/>\n<meta name=\"twitter:card\" content=\"summary_large_image\" \/>\n<meta name=\"twitter:label1\" content=\"Ansl. lesetid\" \/>\n\t<meta name=\"twitter:data1\" content=\"1 minutt\" \/>\n<script type=\"application\/ld+json\" class=\"yoast-schema-graph\">{\"@context\":\"https:\/\/schema.org\",\"@graph\":[{\"@type\":\"WebPage\",\"@id\":\"https:\/\/www.nb.no\/nettbutikk\/produkt\/randi-hultin\/\",\"url\":\"https:\/\/www.nb.no\/nettbutikk\/produkt\/randi-hultin\/\",\"name\":\"Randi Hultin - NB Nettbutikk\",\"isPartOf\":{\"@id\":\"https:\/\/www.nb.no\/nettbutikk\/#website\"},\"primaryImageOfPage\":{\"@id\":\"https:\/\/www.nb.no\/nettbutikk\/produkt\/randi-hultin\/#primaryimage\"},\"image\":{\"@id\":\"https:\/\/www.nb.no\/nettbutikk\/produkt\/randi-hultin\/#primaryimage\"},\"thumbnailUrl\":\"https:\/\/www.nb.no\/content\/uploads\/sites\/5\/2022\/10\/E6mp-pifWn-U4mniGoxN3v_N_3Ic7pZvNzWXmtOQB_YBc4T54LQtwuSNdDZ2Q5DFnH-uRb-O3l-1TDoJAohAbA-1-scaled.jpg\",\"datePublished\":\"2022-11-10T08:30:00+00:00\",\"dateModified\":\"2026-04-20T09:08:51+00:00\",\"description\":\"Gjennom n\u00e6rmere femti \u00e5r samlet musikkritikeren Randi Hultin flere av jazzhistoriens ber\u00f8mtheter hjemme hos seg for jam og sosialt lag.\",\"breadcrumb\":{\"@id\":\"https:\/\/www.nb.no\/nettbutikk\/produkt\/randi-hultin\/#breadcrumb\"},\"inLanguage\":\"nb-NO\",\"potentialAction\":[{\"@type\":\"ReadAction\",\"target\":[\"https:\/\/www.nb.no\/nettbutikk\/produkt\/randi-hultin\/\"]}]},{\"@type\":\"ImageObject\",\"inLanguage\":\"nb-NO\",\"@id\":\"https:\/\/www.nb.no\/nettbutikk\/produkt\/randi-hultin\/#primaryimage\",\"url\":\"https:\/\/www.nb.no\/content\/uploads\/sites\/5\/2022\/10\/E6mp-pifWn-U4mniGoxN3v_N_3Ic7pZvNzWXmtOQB_YBc4T54LQtwuSNdDZ2Q5DFnH-uRb-O3l-1TDoJAohAbA-1-scaled.jpg\",\"contentUrl\":\"https:\/\/www.nb.no\/content\/uploads\/sites\/5\/2022\/10\/E6mp-pifWn-U4mniGoxN3v_N_3Ic7pZvNzWXmtOQB_YBc4T54LQtwuSNdDZ2Q5DFnH-uRb-O3l-1TDoJAohAbA-1-scaled.jpg\",\"width\":2560,\"height\":1921,\"caption\":\"Randi Hultin\"},{\"@type\":\"BreadcrumbList\",\"@id\":\"https:\/\/www.nb.no\/nettbutikk\/produkt\/randi-hultin\/#breadcrumb\",\"itemListElement\":[{\"@type\":\"ListItem\",\"position\":1,\"name\":\"Home\",\"item\":\"https:\/\/www.nb.no\/nettbutikk\/\"},{\"@type\":\"ListItem\",\"position\":2,\"name\":\"Butikk\",\"item\":\"https:\/\/www.nb.no\/nettbutikk\/butikk\/\"},{\"@type\":\"ListItem\",\"position\":3,\"name\":\"Randi Hultin\"}]},{\"@type\":\"WebSite\",\"@id\":\"https:\/\/www.nb.no\/nettbutikk\/#website\",\"url\":\"https:\/\/www.nb.no\/nettbutikk\/\",\"name\":\"NB Nettbutikk\",\"description\":\"\",\"potentialAction\":[{\"@type\":\"SearchAction\",\"target\":{\"@type\":\"EntryPoint\",\"urlTemplate\":\"https:\/\/www.nb.no\/nettbutikk\/?s={search_term_string}\"},\"query-input\":{\"@type\":\"PropertyValueSpecification\",\"valueRequired\":true,\"valueName\":\"search_term_string\"}}],\"inLanguage\":\"nb-NO\"}]}<\/script>\n<!-- \/ Yoast SEO plugin. -->","yoast_head_json":{"title":"Randi Hultin - NB Nettbutikk","description":"Gjennom n\u00e6rmere femti \u00e5r samlet musikkritikeren Randi Hultin flere av jazzhistoriens ber\u00f8mtheter hjemme hos seg for jam og sosialt lag.","robots":{"index":"index","follow":"follow","max-snippet":"max-snippet:-1","max-image-preview":"max-image-preview:large","max-video-preview":"max-video-preview:-1"},"canonical":"https:\/\/www.nb.no\/nettbutikk\/produkt\/randi-hultin\/","og_locale":"nb_NO","og_type":"article","og_title":"Randi Hultin - NB Nettbutikk","og_description":"Gjennom n\u00e6rmere femti \u00e5r samlet musikkritikeren Randi Hultin flere av jazzhistoriens ber\u00f8mtheter hjemme hos seg for jam og sosialt lag.","og_url":"https:\/\/www.nb.no\/nettbutikk\/produkt\/randi-hultin\/","og_site_name":"NB Nettbutikk","article_modified_time":"2026-04-20T09:08:51+00:00","og_image":[{"width":2560,"height":1921,"url":"https:\/\/www.nb.no\/content\/uploads\/sites\/5\/2022\/10\/E6mp-pifWn-U4mniGoxN3v_N_3Ic7pZvNzWXmtOQB_YBc4T54LQtwuSNdDZ2Q5DFnH-uRb-O3l-1TDoJAohAbA-1-scaled.jpg","type":"image\/jpeg"}],"twitter_card":"summary_large_image","twitter_misc":{"Ansl. lesetid":"1 minutt"},"schema":{"@context":"https:\/\/schema.org","@graph":[{"@type":"WebPage","@id":"https:\/\/www.nb.no\/nettbutikk\/produkt\/randi-hultin\/","url":"https:\/\/www.nb.no\/nettbutikk\/produkt\/randi-hultin\/","name":"Randi Hultin - NB Nettbutikk","isPartOf":{"@id":"https:\/\/www.nb.no\/nettbutikk\/#website"},"primaryImageOfPage":{"@id":"https:\/\/www.nb.no\/nettbutikk\/produkt\/randi-hultin\/#primaryimage"},"image":{"@id":"https:\/\/www.nb.no\/nettbutikk\/produkt\/randi-hultin\/#primaryimage"},"thumbnailUrl":"https:\/\/www.nb.no\/content\/uploads\/sites\/5\/2022\/10\/E6mp-pifWn-U4mniGoxN3v_N_3Ic7pZvNzWXmtOQB_YBc4T54LQtwuSNdDZ2Q5DFnH-uRb-O3l-1TDoJAohAbA-1-scaled.jpg","datePublished":"2022-11-10T08:30:00+00:00","dateModified":"2026-04-20T09:08:51+00:00","description":"Gjennom n\u00e6rmere femti \u00e5r samlet musikkritikeren Randi Hultin flere av jazzhistoriens ber\u00f8mtheter hjemme hos seg for jam og sosialt lag.","breadcrumb":{"@id":"https:\/\/www.nb.no\/nettbutikk\/produkt\/randi-hultin\/#breadcrumb"},"inLanguage":"nb-NO","potentialAction":[{"@type":"ReadAction","target":["https:\/\/www.nb.no\/nettbutikk\/produkt\/randi-hultin\/"]}]},{"@type":"ImageObject","inLanguage":"nb-NO","@id":"https:\/\/www.nb.no\/nettbutikk\/produkt\/randi-hultin\/#primaryimage","url":"https:\/\/www.nb.no\/content\/uploads\/sites\/5\/2022\/10\/E6mp-pifWn-U4mniGoxN3v_N_3Ic7pZvNzWXmtOQB_YBc4T54LQtwuSNdDZ2Q5DFnH-uRb-O3l-1TDoJAohAbA-1-scaled.jpg","contentUrl":"https:\/\/www.nb.no\/content\/uploads\/sites\/5\/2022\/10\/E6mp-pifWn-U4mniGoxN3v_N_3Ic7pZvNzWXmtOQB_YBc4T54LQtwuSNdDZ2Q5DFnH-uRb-O3l-1TDoJAohAbA-1-scaled.jpg","width":2560,"height":1921,"caption":"Randi Hultin"},{"@type":"BreadcrumbList","@id":"https:\/\/www.nb.no\/nettbutikk\/produkt\/randi-hultin\/#breadcrumb","itemListElement":[{"@type":"ListItem","position":1,"name":"Home","item":"https:\/\/www.nb.no\/nettbutikk\/"},{"@type":"ListItem","position":2,"name":"Butikk","item":"https:\/\/www.nb.no\/nettbutikk\/butikk\/"},{"@type":"ListItem","position":3,"name":"Randi Hultin"}]},{"@type":"WebSite","@id":"https:\/\/www.nb.no\/nettbutikk\/#website","url":"https:\/\/www.nb.no\/nettbutikk\/","name":"NB Nettbutikk","description":"","potentialAction":[{"@type":"SearchAction","target":{"@type":"EntryPoint","urlTemplate":"https:\/\/www.nb.no\/nettbutikk\/?s={search_term_string}"},"query-input":{"@type":"PropertyValueSpecification","valueRequired":true,"valueName":"search_term_string"}}],"inLanguage":"nb-NO"}]}},"_links":{"self":[{"href":"https:\/\/www.nb.no\/nettbutikk\/wp-json\/wp\/v2\/product\/15961","targetHints":{"allow":["GET"]}}],"collection":[{"href":"https:\/\/www.nb.no\/nettbutikk\/wp-json\/wp\/v2\/product"}],"about":[{"href":"https:\/\/www.nb.no\/nettbutikk\/wp-json\/wp\/v2\/types\/product"}],"wp:featuredmedia":[{"embeddable":true,"href":"https:\/\/www.nb.no\/nettbutikk\/wp-json\/wp\/v2\/media\/15958"}],"wp:attachment":[{"href":"https:\/\/www.nb.no\/nettbutikk\/wp-json\/wp\/v2\/media?parent=15961"}],"wp:term":[{"taxonomy":"product_brand","embeddable":true,"href":"https:\/\/www.nb.no\/nettbutikk\/wp-json\/wp\/v2\/product_brand?post=15961"},{"taxonomy":"product_cat","embeddable":true,"href":"https:\/\/www.nb.no\/nettbutikk\/wp-json\/wp\/v2\/product_cat?post=15961"},{"taxonomy":"product_tag","embeddable":true,"href":"https:\/\/www.nb.no\/nettbutikk\/wp-json\/wp\/v2\/product_tag?post=15961"}],"curies":[{"name":"wp","href":"https:\/\/api.w.org\/{rel}","templated":true}]}}