{"id":15955,"date":"2022-10-11T09:42:57","date_gmt":"2022-10-11T07:42:57","guid":{"rendered":"https:\/\/www.nb.no\/nettbutikk\/produkt\/lasse-geir-blu-ray\/"},"modified":"2026-04-10T06:01:55","modified_gmt":"2026-04-10T04:01:55","slug":"lasse-geir-blu-ray","status":"publish","type":"product","link":"https:\/\/www.nb.no\/nettbutikk\/produkt\/lasse-geir-blu-ray\/","title":{"rendered":"Lasse &amp; Geir (Blu-ray)"},"content":{"rendered":"","protected":false},"excerpt":{"rendered":"<p>Lasse og Geir er to drabantbygutter i slutten av ten\u00e5rene. Gjennom tre d\u00f8gn i 1970-\u00e5renes Oslo f\u00f8lger filmen guttene og deres frustrerte oppr\u00f8r mot samfunnet og voksenverdenens tilsynelatende meningsl\u00f8shet.<\/p>\n<p><i>Lasse &amp; Geir<\/i> er Svend Wam og Petter Venner\u00f8ds f\u00f8rste felles produksjon. Filmen regnes som en norsk filmklassiker og markerer begynnelsen p\u00e5 et av norsk filmhistories mest s\u00e6regne kunstnerskap.<\/p>\n<p>Nyutgivelsen inkluderer ogs\u00e5 et teksthefte med et essay av Dag Johan Haugerud. <\/p>\n<p>Bonusmateriale: trailer<\/p>\n","protected":false},"featured_media":15952,"template":"","meta":{"nb_hide_title":false,"nb_breadcrumb_title_override":""},"product_brand":[],"product_cat":[1665],"product_tag":[3812,3817],"class_list":{"0":"post-15955","1":"product","2":"type-product","3":"status-publish","4":"has-post-thumbnail","6":"product_cat-filmer","7":"product_tag-1970-tallet","8":"product_tag-film","10":"first","11":"instock","12":"taxable","13":"shipping-taxable","14":"purchasable","15":"product-type-simple"},"yoast_head":"<!-- This site is optimized with the Yoast SEO plugin v27.1.1 - https:\/\/yoast.com\/product\/yoast-seo-wordpress\/ -->\n<title>Lasse &amp; Geir (Blu-ray) - NB Nettbutikk<\/title>\n<meta name=\"robots\" content=\"index, follow, max-snippet:-1, max-image-preview:large, max-video-preview:-1\" \/>\n<link rel=\"canonical\" href=\"https:\/\/www.nb.no\/nettbutikk\/produkt\/lasse-geir-blu-ray\/\" \/>\n<meta property=\"og:locale\" content=\"nb_NO\" \/>\n<meta property=\"og:type\" content=\"article\" \/>\n<meta property=\"og:title\" content=\"Lasse &amp; Geir (Blu-ray) - NB Nettbutikk\" \/>\n<meta property=\"og:description\" content=\"Lasse og Geir er to drabantbygutter i slutten av ten\u00e5rene. Gjennom tre d\u00f8gn i 1970-\u00e5renes Oslo f\u00f8lger filmen guttene og deres frustrerte oppr\u00f8r mot samfunnet og voksenverdenens tilsynelatende meningsl\u00f8shet. Lasse &amp; Geir er Svend Wam og Petter Venner\u00f8ds f\u00f8rste felles produksjon. Filmen regnes som en norsk filmklassiker og markerer begynnelsen p\u00e5 et av norsk filmhistories mest s\u00e6regne kunstnerskap. Nyutgivelsen inkluderer ogs\u00e5 et teksthefte med et essay av Dag Johan Haugerud.  Bonusmateriale: trailer\" \/>\n<meta property=\"og:url\" content=\"https:\/\/www.nb.no\/nettbutikk\/produkt\/lasse-geir-blu-ray\/\" \/>\n<meta property=\"og:site_name\" content=\"NB Nettbutikk\" \/>\n<meta property=\"article:modified_time\" content=\"2026-04-10T04:01:55+00:00\" \/>\n<meta property=\"og:image\" content=\"https:\/\/www.nb.no\/content\/uploads\/sites\/5\/2022\/10\/E6mp-pifWn-U4mniGoxN3v_N_3Ic7pZvNzWXmtGeAqpRJIGu5LIoz7WLcmd-QcGTzS2sReqOjVO6S25dAohAbA-1-scaled.jpg\" \/>\n\t<meta property=\"og:image:width\" content=\"2560\" \/>\n\t<meta property=\"og:image:height\" content=\"1921\" \/>\n\t<meta property=\"og:image:type\" content=\"image\/jpeg\" \/>\n<meta name=\"twitter:card\" content=\"summary_large_image\" \/>\n<meta name=\"twitter:label1\" content=\"Ansl. lesetid\" \/>\n\t<meta name=\"twitter:data1\" content=\"1 minutt\" \/>\n<script type=\"application\/ld+json\" class=\"yoast-schema-graph\">{\"@context\":\"https:\/\/schema.org\",\"@graph\":[{\"@type\":\"WebPage\",\"@id\":\"https:\/\/www.nb.no\/nettbutikk\/produkt\/lasse-geir-blu-ray\/\",\"url\":\"https:\/\/www.nb.no\/nettbutikk\/produkt\/lasse-geir-blu-ray\/\",\"name\":\"Lasse &amp; Geir (Blu-ray) - NB Nettbutikk\",\"isPartOf\":{\"@id\":\"https:\/\/www.nb.no\/nettbutikk\/#website\"},\"primaryImageOfPage\":{\"@id\":\"https:\/\/www.nb.no\/nettbutikk\/produkt\/lasse-geir-blu-ray\/#primaryimage\"},\"image\":{\"@id\":\"https:\/\/www.nb.no\/nettbutikk\/produkt\/lasse-geir-blu-ray\/#primaryimage\"},\"thumbnailUrl\":\"https:\/\/www.nb.no\/content\/uploads\/sites\/5\/2022\/10\/E6mp-pifWn-U4mniGoxN3v_N_3Ic7pZvNzWXmtGeAqpRJIGu5LIoz7WLcmd-QcGTzS2sReqOjVO6S25dAohAbA-1-scaled.jpg\",\"datePublished\":\"2022-10-11T07:42:57+00:00\",\"dateModified\":\"2026-04-10T04:01:55+00:00\",\"breadcrumb\":{\"@id\":\"https:\/\/www.nb.no\/nettbutikk\/produkt\/lasse-geir-blu-ray\/#breadcrumb\"},\"inLanguage\":\"nb-NO\",\"potentialAction\":[{\"@type\":\"ReadAction\",\"target\":[\"https:\/\/www.nb.no\/nettbutikk\/produkt\/lasse-geir-blu-ray\/\"]}]},{\"@type\":\"ImageObject\",\"inLanguage\":\"nb-NO\",\"@id\":\"https:\/\/www.nb.no\/nettbutikk\/produkt\/lasse-geir-blu-ray\/#primaryimage\",\"url\":\"https:\/\/www.nb.no\/content\/uploads\/sites\/5\/2022\/10\/E6mp-pifWn-U4mniGoxN3v_N_3Ic7pZvNzWXmtGeAqpRJIGu5LIoz7WLcmd-QcGTzS2sReqOjVO6S25dAohAbA-1-scaled.jpg\",\"contentUrl\":\"https:\/\/www.nb.no\/content\/uploads\/sites\/5\/2022\/10\/E6mp-pifWn-U4mniGoxN3v_N_3Ic7pZvNzWXmtGeAqpRJIGu5LIoz7WLcmd-QcGTzS2sReqOjVO6S25dAohAbA-1-scaled.jpg\",\"width\":2560,\"height\":1921,\"caption\":\"Lasse & Geir (Blu-ray)\"},{\"@type\":\"BreadcrumbList\",\"@id\":\"https:\/\/www.nb.no\/nettbutikk\/produkt\/lasse-geir-blu-ray\/#breadcrumb\",\"itemListElement\":[{\"@type\":\"ListItem\",\"position\":1,\"name\":\"Home\",\"item\":\"https:\/\/www.nb.no\/nettbutikk\/\"},{\"@type\":\"ListItem\",\"position\":2,\"name\":\"Butikk\",\"item\":\"https:\/\/www.nb.no\/nettbutikk\/butikk\/\"},{\"@type\":\"ListItem\",\"position\":3,\"name\":\"Lasse &amp; Geir (Blu-ray)\"}]},{\"@type\":\"WebSite\",\"@id\":\"https:\/\/www.nb.no\/nettbutikk\/#website\",\"url\":\"https:\/\/www.nb.no\/nettbutikk\/\",\"name\":\"NB Nettbutikk\",\"description\":\"\",\"potentialAction\":[{\"@type\":\"SearchAction\",\"target\":{\"@type\":\"EntryPoint\",\"urlTemplate\":\"https:\/\/www.nb.no\/nettbutikk\/?s={search_term_string}\"},\"query-input\":{\"@type\":\"PropertyValueSpecification\",\"valueRequired\":true,\"valueName\":\"search_term_string\"}}],\"inLanguage\":\"nb-NO\"}]}<\/script>\n<!-- \/ Yoast SEO plugin. -->","yoast_head_json":{"title":"Lasse &amp; Geir (Blu-ray) - NB Nettbutikk","robots":{"index":"index","follow":"follow","max-snippet":"max-snippet:-1","max-image-preview":"max-image-preview:large","max-video-preview":"max-video-preview:-1"},"canonical":"https:\/\/www.nb.no\/nettbutikk\/produkt\/lasse-geir-blu-ray\/","og_locale":"nb_NO","og_type":"article","og_title":"Lasse &amp; Geir (Blu-ray) - NB Nettbutikk","og_description":"Lasse og Geir er to drabantbygutter i slutten av ten\u00e5rene. Gjennom tre d\u00f8gn i 1970-\u00e5renes Oslo f\u00f8lger filmen guttene og deres frustrerte oppr\u00f8r mot samfunnet og voksenverdenens tilsynelatende meningsl\u00f8shet. Lasse &amp; Geir er Svend Wam og Petter Venner\u00f8ds f\u00f8rste felles produksjon. Filmen regnes som en norsk filmklassiker og markerer begynnelsen p\u00e5 et av norsk filmhistories mest s\u00e6regne kunstnerskap. Nyutgivelsen inkluderer ogs\u00e5 et teksthefte med et essay av Dag Johan Haugerud.  Bonusmateriale: trailer","og_url":"https:\/\/www.nb.no\/nettbutikk\/produkt\/lasse-geir-blu-ray\/","og_site_name":"NB Nettbutikk","article_modified_time":"2026-04-10T04:01:55+00:00","og_image":[{"width":2560,"height":1921,"url":"https:\/\/www.nb.no\/content\/uploads\/sites\/5\/2022\/10\/E6mp-pifWn-U4mniGoxN3v_N_3Ic7pZvNzWXmtGeAqpRJIGu5LIoz7WLcmd-QcGTzS2sReqOjVO6S25dAohAbA-1-scaled.jpg","type":"image\/jpeg"}],"twitter_card":"summary_large_image","twitter_misc":{"Ansl. lesetid":"1 minutt"},"schema":{"@context":"https:\/\/schema.org","@graph":[{"@type":"WebPage","@id":"https:\/\/www.nb.no\/nettbutikk\/produkt\/lasse-geir-blu-ray\/","url":"https:\/\/www.nb.no\/nettbutikk\/produkt\/lasse-geir-blu-ray\/","name":"Lasse &amp; Geir (Blu-ray) - NB Nettbutikk","isPartOf":{"@id":"https:\/\/www.nb.no\/nettbutikk\/#website"},"primaryImageOfPage":{"@id":"https:\/\/www.nb.no\/nettbutikk\/produkt\/lasse-geir-blu-ray\/#primaryimage"},"image":{"@id":"https:\/\/www.nb.no\/nettbutikk\/produkt\/lasse-geir-blu-ray\/#primaryimage"},"thumbnailUrl":"https:\/\/www.nb.no\/content\/uploads\/sites\/5\/2022\/10\/E6mp-pifWn-U4mniGoxN3v_N_3Ic7pZvNzWXmtGeAqpRJIGu5LIoz7WLcmd-QcGTzS2sReqOjVO6S25dAohAbA-1-scaled.jpg","datePublished":"2022-10-11T07:42:57+00:00","dateModified":"2026-04-10T04:01:55+00:00","breadcrumb":{"@id":"https:\/\/www.nb.no\/nettbutikk\/produkt\/lasse-geir-blu-ray\/#breadcrumb"},"inLanguage":"nb-NO","potentialAction":[{"@type":"ReadAction","target":["https:\/\/www.nb.no\/nettbutikk\/produkt\/lasse-geir-blu-ray\/"]}]},{"@type":"ImageObject","inLanguage":"nb-NO","@id":"https:\/\/www.nb.no\/nettbutikk\/produkt\/lasse-geir-blu-ray\/#primaryimage","url":"https:\/\/www.nb.no\/content\/uploads\/sites\/5\/2022\/10\/E6mp-pifWn-U4mniGoxN3v_N_3Ic7pZvNzWXmtGeAqpRJIGu5LIoz7WLcmd-QcGTzS2sReqOjVO6S25dAohAbA-1-scaled.jpg","contentUrl":"https:\/\/www.nb.no\/content\/uploads\/sites\/5\/2022\/10\/E6mp-pifWn-U4mniGoxN3v_N_3Ic7pZvNzWXmtGeAqpRJIGu5LIoz7WLcmd-QcGTzS2sReqOjVO6S25dAohAbA-1-scaled.jpg","width":2560,"height":1921,"caption":"Lasse & Geir (Blu-ray)"},{"@type":"BreadcrumbList","@id":"https:\/\/www.nb.no\/nettbutikk\/produkt\/lasse-geir-blu-ray\/#breadcrumb","itemListElement":[{"@type":"ListItem","position":1,"name":"Home","item":"https:\/\/www.nb.no\/nettbutikk\/"},{"@type":"ListItem","position":2,"name":"Butikk","item":"https:\/\/www.nb.no\/nettbutikk\/butikk\/"},{"@type":"ListItem","position":3,"name":"Lasse &amp; Geir (Blu-ray)"}]},{"@type":"WebSite","@id":"https:\/\/www.nb.no\/nettbutikk\/#website","url":"https:\/\/www.nb.no\/nettbutikk\/","name":"NB Nettbutikk","description":"","potentialAction":[{"@type":"SearchAction","target":{"@type":"EntryPoint","urlTemplate":"https:\/\/www.nb.no\/nettbutikk\/?s={search_term_string}"},"query-input":{"@type":"PropertyValueSpecification","valueRequired":true,"valueName":"search_term_string"}}],"inLanguage":"nb-NO"}]}},"_links":{"self":[{"href":"https:\/\/www.nb.no\/nettbutikk\/wp-json\/wp\/v2\/product\/15955","targetHints":{"allow":["GET"]}}],"collection":[{"href":"https:\/\/www.nb.no\/nettbutikk\/wp-json\/wp\/v2\/product"}],"about":[{"href":"https:\/\/www.nb.no\/nettbutikk\/wp-json\/wp\/v2\/types\/product"}],"wp:featuredmedia":[{"embeddable":true,"href":"https:\/\/www.nb.no\/nettbutikk\/wp-json\/wp\/v2\/media\/15952"}],"wp:attachment":[{"href":"https:\/\/www.nb.no\/nettbutikk\/wp-json\/wp\/v2\/media?parent=15955"}],"wp:term":[{"taxonomy":"product_brand","embeddable":true,"href":"https:\/\/www.nb.no\/nettbutikk\/wp-json\/wp\/v2\/product_brand?post=15955"},{"taxonomy":"product_cat","embeddable":true,"href":"https:\/\/www.nb.no\/nettbutikk\/wp-json\/wp\/v2\/product_cat?post=15955"},{"taxonomy":"product_tag","embeddable":true,"href":"https:\/\/www.nb.no\/nettbutikk\/wp-json\/wp\/v2\/product_tag?post=15955"}],"curies":[{"name":"wp","href":"https:\/\/api.w.org\/{rel}","templated":true}]}}