{"id":15935,"date":"2022-10-11T09:28:51","date_gmt":"2022-10-11T07:28:51","guid":{"rendered":"https:\/\/www.nb.no\/nettbutikk\/produkt\/ydmykhetens-store-stemme\/"},"modified":"2026-04-15T08:20:04","modified_gmt":"2026-04-15T06:20:04","slug":"ydmykhetens-store-stemme","status":"publish","type":"product","link":"https:\/\/www.nb.no\/nettbutikk\/produkt\/ydmykhetens-store-stemme\/","title":{"rendered":"Ydmykhetens store stemme"},"content":{"rendered":"","protected":false},"excerpt":{"rendered":"<p>En gang ble den gr\u00f8nlandske innlandsisen ansett som en uoverstigelig barriere. S\u00e5 krysset Fridtjof Nansen isen. Senere fors\u00f8kte han seg p\u00e5 en tilsvarende bragd i internasjonal politikk, gjennom humanit\u00e6rt arbeid og som frontfigur for Nansenpasset. Kan vi hente inspirasjon fra Nansen i dag, eller ville et n\u00e5tidig Nansenpass bli avskrevet som et Nonsenspass?<\/p>\n<p>Boka er basert p\u00e5 et foredrag Carsten Jensen holdt p\u00e5 Nasjonalbiblioteket i oktober 2021. Fire og en halv m\u00e5ned etter br\u00f8t en ny krig ut i Europa, og tragediene fra Nansens tid har f\u00e5tt ny aktualitet. Dette belyser Jensen i et nyskrevet forord.<\/p>\n","protected":false},"featured_media":15932,"template":"","meta":{"nb_hide_title":false,"nb_breadcrumb_title_override":""},"product_brand":[],"product_cat":[355],"product_tag":[3791],"class_list":{"0":"post-15935","1":"product","2":"type-product","3":"status-publish","4":"has-post-thumbnail","6":"product_cat-nbs-populaere","7":"product_tag-nansen","9":"first","10":"instock","11":"shipping-taxable","12":"purchasable","13":"product-type-simple"},"yoast_head":"<!-- This site is optimized with the Yoast SEO plugin v27.1.1 - https:\/\/yoast.com\/product\/yoast-seo-wordpress\/ -->\n<title>Ydmykhetens store stemme - NB Nettbutikk<\/title>\n<meta name=\"description\" content=\"En gang ble den gr\u00f8nlandske innlandsisen ansett som en uoverstigelig barriere. S\u00e5 krysset Fridtjof Nansen isen. Senere fors\u00f8kte han seg p\u00e5 en tilsvarende bragd i internasjonal politikk, gjennom humanit\u00e6rt arbeid og som frontfigur for Nansenpasset. Kan vi hente inspirasjon fra Nansen i dag, eller ville et n\u00e5tidig Nansenpass bli avskrevet som et Nonsenspass?\" \/>\n<meta name=\"robots\" content=\"index, follow, max-snippet:-1, max-image-preview:large, max-video-preview:-1\" \/>\n<link rel=\"canonical\" href=\"https:\/\/www.nb.no\/nettbutikk\/produkt\/ydmykhetens-store-stemme\/\" \/>\n<meta property=\"og:locale\" content=\"nb_NO\" \/>\n<meta property=\"og:type\" content=\"article\" \/>\n<meta property=\"og:title\" content=\"Ydmykhetens store stemme - NB Nettbutikk\" \/>\n<meta property=\"og:description\" content=\"En gang ble den gr\u00f8nlandske innlandsisen ansett som en uoverstigelig barriere. S\u00e5 krysset Fridtjof Nansen isen. Senere fors\u00f8kte han seg p\u00e5 en tilsvarende bragd i internasjonal politikk, gjennom humanit\u00e6rt arbeid og som frontfigur for Nansenpasset. Kan vi hente inspirasjon fra Nansen i dag, eller ville et n\u00e5tidig Nansenpass bli avskrevet som et Nonsenspass?\" \/>\n<meta property=\"og:url\" content=\"https:\/\/www.nb.no\/nettbutikk\/produkt\/ydmykhetens-store-stemme\/\" \/>\n<meta property=\"og:site_name\" content=\"NB Nettbutikk\" \/>\n<meta property=\"article:modified_time\" content=\"2026-04-15T06:20:04+00:00\" \/>\n<meta property=\"og:image\" content=\"https:\/\/www.nb.no\/content\/uploads\/sites\/5\/2022\/10\/E6mp-pifWn-U4mniGoxN3v_N_3Ic7pZvNzWXmofJV_sHdYX5t-UrmuKLdTB4Q5aQzSj-FLuLiA_nTjpYAohAbA.jpg\" \/>\n\t<meta property=\"og:image:width\" content=\"1299\" \/>\n\t<meta property=\"og:image:height\" content=\"1890\" \/>\n\t<meta property=\"og:image:type\" content=\"image\/jpeg\" \/>\n<meta name=\"twitter:card\" content=\"summary_large_image\" \/>\n<meta name=\"twitter:label1\" content=\"Ansl. lesetid\" \/>\n\t<meta name=\"twitter:data1\" content=\"1 minutt\" \/>\n<script type=\"application\/ld+json\" class=\"yoast-schema-graph\">{\"@context\":\"https:\/\/schema.org\",\"@graph\":[{\"@type\":\"WebPage\",\"@id\":\"https:\/\/www.nb.no\/nettbutikk\/produkt\/ydmykhetens-store-stemme\/\",\"url\":\"https:\/\/www.nb.no\/nettbutikk\/produkt\/ydmykhetens-store-stemme\/\",\"name\":\"Ydmykhetens store stemme - NB Nettbutikk\",\"isPartOf\":{\"@id\":\"https:\/\/www.nb.no\/nettbutikk\/#website\"},\"primaryImageOfPage\":{\"@id\":\"https:\/\/www.nb.no\/nettbutikk\/produkt\/ydmykhetens-store-stemme\/#primaryimage\"},\"image\":{\"@id\":\"https:\/\/www.nb.no\/nettbutikk\/produkt\/ydmykhetens-store-stemme\/#primaryimage\"},\"thumbnailUrl\":\"https:\/\/www.nb.no\/content\/uploads\/sites\/5\/2022\/10\/E6mp-pifWn-U4mniGoxN3v_N_3Ic7pZvNzWXmofJV_sHdYX5t-UrmuKLdTB4Q5aQzSj-FLuLiA_nTjpYAohAbA.jpg\",\"datePublished\":\"2022-10-11T07:28:51+00:00\",\"dateModified\":\"2026-04-15T06:20:04+00:00\",\"description\":\"En gang ble den gr\u00f8nlandske innlandsisen ansett som en uoverstigelig barriere. S\u00e5 krysset Fridtjof Nansen isen. Senere fors\u00f8kte han seg p\u00e5 en tilsvarende bragd i internasjonal politikk, gjennom humanit\u00e6rt arbeid og som frontfigur for Nansenpasset. Kan vi hente inspirasjon fra Nansen i dag, eller ville et n\u00e5tidig Nansenpass bli avskrevet som et Nonsenspass?\",\"breadcrumb\":{\"@id\":\"https:\/\/www.nb.no\/nettbutikk\/produkt\/ydmykhetens-store-stemme\/#breadcrumb\"},\"inLanguage\":\"nb-NO\",\"potentialAction\":[{\"@type\":\"ReadAction\",\"target\":[\"https:\/\/www.nb.no\/nettbutikk\/produkt\/ydmykhetens-store-stemme\/\"]}]},{\"@type\":\"ImageObject\",\"inLanguage\":\"nb-NO\",\"@id\":\"https:\/\/www.nb.no\/nettbutikk\/produkt\/ydmykhetens-store-stemme\/#primaryimage\",\"url\":\"https:\/\/www.nb.no\/content\/uploads\/sites\/5\/2022\/10\/E6mp-pifWn-U4mniGoxN3v_N_3Ic7pZvNzWXmofJV_sHdYX5t-UrmuKLdTB4Q5aQzSj-FLuLiA_nTjpYAohAbA.jpg\",\"contentUrl\":\"https:\/\/www.nb.no\/content\/uploads\/sites\/5\/2022\/10\/E6mp-pifWn-U4mniGoxN3v_N_3Ic7pZvNzWXmofJV_sHdYX5t-UrmuKLdTB4Q5aQzSj-FLuLiA_nTjpYAohAbA.jpg\",\"width\":1299,\"height\":1890,\"caption\":\"Ydmykhetens store stemme\"},{\"@type\":\"BreadcrumbList\",\"@id\":\"https:\/\/www.nb.no\/nettbutikk\/produkt\/ydmykhetens-store-stemme\/#breadcrumb\",\"itemListElement\":[{\"@type\":\"ListItem\",\"position\":1,\"name\":\"Home\",\"item\":\"https:\/\/www.nb.no\/nettbutikk\/\"},{\"@type\":\"ListItem\",\"position\":2,\"name\":\"Butikk\",\"item\":\"https:\/\/www.nb.no\/nettbutikk\/butikk\/\"},{\"@type\":\"ListItem\",\"position\":3,\"name\":\"Ydmykhetens store stemme\"}]},{\"@type\":\"WebSite\",\"@id\":\"https:\/\/www.nb.no\/nettbutikk\/#website\",\"url\":\"https:\/\/www.nb.no\/nettbutikk\/\",\"name\":\"NB Nettbutikk\",\"description\":\"\",\"potentialAction\":[{\"@type\":\"SearchAction\",\"target\":{\"@type\":\"EntryPoint\",\"urlTemplate\":\"https:\/\/www.nb.no\/nettbutikk\/?s={search_term_string}\"},\"query-input\":{\"@type\":\"PropertyValueSpecification\",\"valueRequired\":true,\"valueName\":\"search_term_string\"}}],\"inLanguage\":\"nb-NO\"}]}<\/script>\n<!-- \/ Yoast SEO plugin. -->","yoast_head_json":{"title":"Ydmykhetens store stemme - NB Nettbutikk","description":"En gang ble den gr\u00f8nlandske innlandsisen ansett som en uoverstigelig barriere. S\u00e5 krysset Fridtjof Nansen isen. Senere fors\u00f8kte han seg p\u00e5 en tilsvarende bragd i internasjonal politikk, gjennom humanit\u00e6rt arbeid og som frontfigur for Nansenpasset. Kan vi hente inspirasjon fra Nansen i dag, eller ville et n\u00e5tidig Nansenpass bli avskrevet som et Nonsenspass?","robots":{"index":"index","follow":"follow","max-snippet":"max-snippet:-1","max-image-preview":"max-image-preview:large","max-video-preview":"max-video-preview:-1"},"canonical":"https:\/\/www.nb.no\/nettbutikk\/produkt\/ydmykhetens-store-stemme\/","og_locale":"nb_NO","og_type":"article","og_title":"Ydmykhetens store stemme - NB Nettbutikk","og_description":"En gang ble den gr\u00f8nlandske innlandsisen ansett som en uoverstigelig barriere. S\u00e5 krysset Fridtjof Nansen isen. Senere fors\u00f8kte han seg p\u00e5 en tilsvarende bragd i internasjonal politikk, gjennom humanit\u00e6rt arbeid og som frontfigur for Nansenpasset. Kan vi hente inspirasjon fra Nansen i dag, eller ville et n\u00e5tidig Nansenpass bli avskrevet som et Nonsenspass?","og_url":"https:\/\/www.nb.no\/nettbutikk\/produkt\/ydmykhetens-store-stemme\/","og_site_name":"NB Nettbutikk","article_modified_time":"2026-04-15T06:20:04+00:00","og_image":[{"width":1299,"height":1890,"url":"https:\/\/www.nb.no\/content\/uploads\/sites\/5\/2022\/10\/E6mp-pifWn-U4mniGoxN3v_N_3Ic7pZvNzWXmofJV_sHdYX5t-UrmuKLdTB4Q5aQzSj-FLuLiA_nTjpYAohAbA.jpg","type":"image\/jpeg"}],"twitter_card":"summary_large_image","twitter_misc":{"Ansl. lesetid":"1 minutt"},"schema":{"@context":"https:\/\/schema.org","@graph":[{"@type":"WebPage","@id":"https:\/\/www.nb.no\/nettbutikk\/produkt\/ydmykhetens-store-stemme\/","url":"https:\/\/www.nb.no\/nettbutikk\/produkt\/ydmykhetens-store-stemme\/","name":"Ydmykhetens store stemme - NB Nettbutikk","isPartOf":{"@id":"https:\/\/www.nb.no\/nettbutikk\/#website"},"primaryImageOfPage":{"@id":"https:\/\/www.nb.no\/nettbutikk\/produkt\/ydmykhetens-store-stemme\/#primaryimage"},"image":{"@id":"https:\/\/www.nb.no\/nettbutikk\/produkt\/ydmykhetens-store-stemme\/#primaryimage"},"thumbnailUrl":"https:\/\/www.nb.no\/content\/uploads\/sites\/5\/2022\/10\/E6mp-pifWn-U4mniGoxN3v_N_3Ic7pZvNzWXmofJV_sHdYX5t-UrmuKLdTB4Q5aQzSj-FLuLiA_nTjpYAohAbA.jpg","datePublished":"2022-10-11T07:28:51+00:00","dateModified":"2026-04-15T06:20:04+00:00","description":"En gang ble den gr\u00f8nlandske innlandsisen ansett som en uoverstigelig barriere. S\u00e5 krysset Fridtjof Nansen isen. Senere fors\u00f8kte han seg p\u00e5 en tilsvarende bragd i internasjonal politikk, gjennom humanit\u00e6rt arbeid og som frontfigur for Nansenpasset. Kan vi hente inspirasjon fra Nansen i dag, eller ville et n\u00e5tidig Nansenpass bli avskrevet som et Nonsenspass?","breadcrumb":{"@id":"https:\/\/www.nb.no\/nettbutikk\/produkt\/ydmykhetens-store-stemme\/#breadcrumb"},"inLanguage":"nb-NO","potentialAction":[{"@type":"ReadAction","target":["https:\/\/www.nb.no\/nettbutikk\/produkt\/ydmykhetens-store-stemme\/"]}]},{"@type":"ImageObject","inLanguage":"nb-NO","@id":"https:\/\/www.nb.no\/nettbutikk\/produkt\/ydmykhetens-store-stemme\/#primaryimage","url":"https:\/\/www.nb.no\/content\/uploads\/sites\/5\/2022\/10\/E6mp-pifWn-U4mniGoxN3v_N_3Ic7pZvNzWXmofJV_sHdYX5t-UrmuKLdTB4Q5aQzSj-FLuLiA_nTjpYAohAbA.jpg","contentUrl":"https:\/\/www.nb.no\/content\/uploads\/sites\/5\/2022\/10\/E6mp-pifWn-U4mniGoxN3v_N_3Ic7pZvNzWXmofJV_sHdYX5t-UrmuKLdTB4Q5aQzSj-FLuLiA_nTjpYAohAbA.jpg","width":1299,"height":1890,"caption":"Ydmykhetens store stemme"},{"@type":"BreadcrumbList","@id":"https:\/\/www.nb.no\/nettbutikk\/produkt\/ydmykhetens-store-stemme\/#breadcrumb","itemListElement":[{"@type":"ListItem","position":1,"name":"Home","item":"https:\/\/www.nb.no\/nettbutikk\/"},{"@type":"ListItem","position":2,"name":"Butikk","item":"https:\/\/www.nb.no\/nettbutikk\/butikk\/"},{"@type":"ListItem","position":3,"name":"Ydmykhetens store stemme"}]},{"@type":"WebSite","@id":"https:\/\/www.nb.no\/nettbutikk\/#website","url":"https:\/\/www.nb.no\/nettbutikk\/","name":"NB Nettbutikk","description":"","potentialAction":[{"@type":"SearchAction","target":{"@type":"EntryPoint","urlTemplate":"https:\/\/www.nb.no\/nettbutikk\/?s={search_term_string}"},"query-input":{"@type":"PropertyValueSpecification","valueRequired":true,"valueName":"search_term_string"}}],"inLanguage":"nb-NO"}]}},"_links":{"self":[{"href":"https:\/\/www.nb.no\/nettbutikk\/wp-json\/wp\/v2\/product\/15935","targetHints":{"allow":["GET"]}}],"collection":[{"href":"https:\/\/www.nb.no\/nettbutikk\/wp-json\/wp\/v2\/product"}],"about":[{"href":"https:\/\/www.nb.no\/nettbutikk\/wp-json\/wp\/v2\/types\/product"}],"wp:featuredmedia":[{"embeddable":true,"href":"https:\/\/www.nb.no\/nettbutikk\/wp-json\/wp\/v2\/media\/15932"}],"wp:attachment":[{"href":"https:\/\/www.nb.no\/nettbutikk\/wp-json\/wp\/v2\/media?parent=15935"}],"wp:term":[{"taxonomy":"product_brand","embeddable":true,"href":"https:\/\/www.nb.no\/nettbutikk\/wp-json\/wp\/v2\/product_brand?post=15935"},{"taxonomy":"product_cat","embeddable":true,"href":"https:\/\/www.nb.no\/nettbutikk\/wp-json\/wp\/v2\/product_cat?post=15935"},{"taxonomy":"product_tag","embeddable":true,"href":"https:\/\/www.nb.no\/nettbutikk\/wp-json\/wp\/v2\/product_tag?post=15935"}],"curies":[{"name":"wp","href":"https:\/\/api.w.org\/{rel}","templated":true}]}}