{"id":15899,"date":"2022-10-11T09:20:40","date_gmt":"2022-10-11T07:20:40","guid":{"rendered":"https:\/\/www.nb.no\/nettbutikk\/produkt\/skeiv-lokalhistorie\/"},"modified":"2026-03-14T04:46:32","modified_gmt":"2026-03-14T03:46:32","slug":"skeiv-lokalhistorie","status":"publish","type":"product","link":"https:\/\/www.nb.no\/nettbutikk\/produkt\/skeiv-lokalhistorie\/","title":{"rendered":"Skeiv lokalhistorie"},"content":{"rendered":"","protected":false},"excerpt":{"rendered":"<p><a href=\"https:\/\/issuu.com\/nasjonalbiblioteket\/docs\/nli_skeivlokalhistorie_160x220mm_issuu\n\">Boka kan leses p\u00e5 nett her<\/a><\/p>\n<p>Skeiv historie har fram til nylig v\u00e6rt fordekt og lite kjent. I antologien <i>Skeiv lokalhistorie<\/i> tar norske og nordiske forskere for seg det skeive og det lokale p\u00e5 tvers av skillet mellom by og land og bidrar til ny kunnskap om den skeive kulturhistorien. Denne boka samler for f\u00f8rste gang tekster som tematiserer skeiv nordisk historie i et lokalhistorisk perspektiv, og er ogs\u00e5 den f\u00f8rste forskingsbaserte antologien om temaet her i landet.  Med utgangspunkt i det n\u00e6re, personlige og lokale, gir forskere fra Norge, Sverige, Finland og Island oss innsikt i hvordan det har v\u00e6rt \u00e5 leve skeive liv i norske eller nordiske lokalsamfunn.<\/p>\n","protected":false},"featured_media":15896,"template":"","meta":{"nb_hide_title":false,"nb_breadcrumb_title_override":""},"product_brand":[],"product_cat":[1610],"product_tag":[3708],"class_list":{"0":"post-15899","1":"product","2":"type-product","3":"status-publish","4":"has-post-thumbnail","6":"product_cat-lokalia","7":"product_tag-lhbt","9":"first","10":"instock","11":"shipping-taxable","12":"purchasable","13":"product-type-simple"},"yoast_head":"<!-- This site is optimized with the Yoast SEO plugin v27.1.1 - https:\/\/yoast.com\/product\/yoast-seo-wordpress\/ -->\n<title>Skeiv lokalhistorie - NB Nettbutikk<\/title>\n<meta name=\"robots\" content=\"index, follow, max-snippet:-1, max-image-preview:large, max-video-preview:-1\" \/>\n<link rel=\"canonical\" href=\"https:\/\/www.nb.no\/nettbutikk\/produkt\/skeiv-lokalhistorie\/\" \/>\n<meta property=\"og:locale\" content=\"nb_NO\" \/>\n<meta property=\"og:type\" content=\"article\" \/>\n<meta property=\"og:title\" content=\"Skeiv lokalhistorie - NB Nettbutikk\" \/>\n<meta property=\"og:description\" content=\"Boka kan leses p\u00e5 nett her Skeiv historie har fram til nylig v\u00e6rt fordekt og lite kjent. I antologien Skeiv lokalhistorie tar norske og nordiske forskere for seg det skeive og det lokale p\u00e5 tvers av skillet mellom by og land og bidrar til ny kunnskap om den skeive kulturhistorien. Denne boka samler for f\u00f8rste gang tekster som tematiserer skeiv nordisk historie i et lokalhistorisk perspektiv, og er ogs\u00e5 den f\u00f8rste forskingsbaserte antologien om temaet her i landet. Med utgangspunkt i det n\u00e6re, personlige og lokale, gir forskere fra Norge, Sverige, Finland og Island oss innsikt i hvordan det har v\u00e6rt \u00e5 leve skeive liv i norske eller nordiske lokalsamfunn.\" \/>\n<meta property=\"og:url\" content=\"https:\/\/www.nb.no\/nettbutikk\/produkt\/skeiv-lokalhistorie\/\" \/>\n<meta property=\"og:site_name\" content=\"NB Nettbutikk\" \/>\n<meta property=\"article:modified_time\" content=\"2026-03-14T03:46:32+00:00\" \/>\n<meta property=\"og:image\" content=\"https:\/\/www.nb.no\/content\/uploads\/sites\/5\/2022\/10\/E6mp-pifWn-U4mniGoxN3v_N_3Ic7pZvNzWXmtKYAvoEdNb4srQqzrCPIDV3FMfDnSikSeXejAu3HT5fAohAbA-1-scaled.jpg\" \/>\n\t<meta property=\"og:image:width\" content=\"1862\" \/>\n\t<meta property=\"og:image:height\" content=\"2560\" \/>\n\t<meta property=\"og:image:type\" content=\"image\/jpeg\" \/>\n<meta name=\"twitter:card\" content=\"summary_large_image\" \/>\n<meta name=\"twitter:label1\" content=\"Ansl. lesetid\" \/>\n\t<meta name=\"twitter:data1\" content=\"1 minutt\" \/>\n<script type=\"application\/ld+json\" class=\"yoast-schema-graph\">{\"@context\":\"https:\/\/schema.org\",\"@graph\":[{\"@type\":\"WebPage\",\"@id\":\"https:\/\/www.nb.no\/nettbutikk\/produkt\/skeiv-lokalhistorie\/\",\"url\":\"https:\/\/www.nb.no\/nettbutikk\/produkt\/skeiv-lokalhistorie\/\",\"name\":\"Skeiv lokalhistorie - NB Nettbutikk\",\"isPartOf\":{\"@id\":\"https:\/\/www.nb.no\/nettbutikk\/#website\"},\"primaryImageOfPage\":{\"@id\":\"https:\/\/www.nb.no\/nettbutikk\/produkt\/skeiv-lokalhistorie\/#primaryimage\"},\"image\":{\"@id\":\"https:\/\/www.nb.no\/nettbutikk\/produkt\/skeiv-lokalhistorie\/#primaryimage\"},\"thumbnailUrl\":\"https:\/\/www.nb.no\/content\/uploads\/sites\/5\/2022\/10\/E6mp-pifWn-U4mniGoxN3v_N_3Ic7pZvNzWXmtKYAvoEdNb4srQqzrCPIDV3FMfDnSikSeXejAu3HT5fAohAbA-1-scaled.jpg\",\"datePublished\":\"2022-10-11T07:20:40+00:00\",\"dateModified\":\"2026-03-14T03:46:32+00:00\",\"breadcrumb\":{\"@id\":\"https:\/\/www.nb.no\/nettbutikk\/produkt\/skeiv-lokalhistorie\/#breadcrumb\"},\"inLanguage\":\"nb-NO\",\"potentialAction\":[{\"@type\":\"ReadAction\",\"target\":[\"https:\/\/www.nb.no\/nettbutikk\/produkt\/skeiv-lokalhistorie\/\"]}]},{\"@type\":\"ImageObject\",\"inLanguage\":\"nb-NO\",\"@id\":\"https:\/\/www.nb.no\/nettbutikk\/produkt\/skeiv-lokalhistorie\/#primaryimage\",\"url\":\"https:\/\/www.nb.no\/content\/uploads\/sites\/5\/2022\/10\/E6mp-pifWn-U4mniGoxN3v_N_3Ic7pZvNzWXmtKYAvoEdNb4srQqzrCPIDV3FMfDnSikSeXejAu3HT5fAohAbA-1-scaled.jpg\",\"contentUrl\":\"https:\/\/www.nb.no\/content\/uploads\/sites\/5\/2022\/10\/E6mp-pifWn-U4mniGoxN3v_N_3Ic7pZvNzWXmtKYAvoEdNb4srQqzrCPIDV3FMfDnSikSeXejAu3HT5fAohAbA-1-scaled.jpg\",\"width\":1862,\"height\":2560,\"caption\":\"Skeiv lokalhistorie\"},{\"@type\":\"BreadcrumbList\",\"@id\":\"https:\/\/www.nb.no\/nettbutikk\/produkt\/skeiv-lokalhistorie\/#breadcrumb\",\"itemListElement\":[{\"@type\":\"ListItem\",\"position\":1,\"name\":\"Home\",\"item\":\"https:\/\/www.nb.no\/nettbutikk\/\"},{\"@type\":\"ListItem\",\"position\":2,\"name\":\"Butikk\",\"item\":\"https:\/\/www.nb.no\/nettbutikk\/butikk\/\"},{\"@type\":\"ListItem\",\"position\":3,\"name\":\"Skeiv lokalhistorie\"}]},{\"@type\":\"WebSite\",\"@id\":\"https:\/\/www.nb.no\/nettbutikk\/#website\",\"url\":\"https:\/\/www.nb.no\/nettbutikk\/\",\"name\":\"NB Nettbutikk\",\"description\":\"\",\"potentialAction\":[{\"@type\":\"SearchAction\",\"target\":{\"@type\":\"EntryPoint\",\"urlTemplate\":\"https:\/\/www.nb.no\/nettbutikk\/?s={search_term_string}\"},\"query-input\":{\"@type\":\"PropertyValueSpecification\",\"valueRequired\":true,\"valueName\":\"search_term_string\"}}],\"inLanguage\":\"nb-NO\"}]}<\/script>\n<!-- \/ Yoast SEO plugin. -->","yoast_head_json":{"title":"Skeiv lokalhistorie - NB Nettbutikk","robots":{"index":"index","follow":"follow","max-snippet":"max-snippet:-1","max-image-preview":"max-image-preview:large","max-video-preview":"max-video-preview:-1"},"canonical":"https:\/\/www.nb.no\/nettbutikk\/produkt\/skeiv-lokalhistorie\/","og_locale":"nb_NO","og_type":"article","og_title":"Skeiv lokalhistorie - NB Nettbutikk","og_description":"Boka kan leses p\u00e5 nett her Skeiv historie har fram til nylig v\u00e6rt fordekt og lite kjent. I antologien Skeiv lokalhistorie tar norske og nordiske forskere for seg det skeive og det lokale p\u00e5 tvers av skillet mellom by og land og bidrar til ny kunnskap om den skeive kulturhistorien. Denne boka samler for f\u00f8rste gang tekster som tematiserer skeiv nordisk historie i et lokalhistorisk perspektiv, og er ogs\u00e5 den f\u00f8rste forskingsbaserte antologien om temaet her i landet. Med utgangspunkt i det n\u00e6re, personlige og lokale, gir forskere fra Norge, Sverige, Finland og Island oss innsikt i hvordan det har v\u00e6rt \u00e5 leve skeive liv i norske eller nordiske lokalsamfunn.","og_url":"https:\/\/www.nb.no\/nettbutikk\/produkt\/skeiv-lokalhistorie\/","og_site_name":"NB Nettbutikk","article_modified_time":"2026-03-14T03:46:32+00:00","og_image":[{"width":1862,"height":2560,"url":"https:\/\/www.nb.no\/content\/uploads\/sites\/5\/2022\/10\/E6mp-pifWn-U4mniGoxN3v_N_3Ic7pZvNzWXmtKYAvoEdNb4srQqzrCPIDV3FMfDnSikSeXejAu3HT5fAohAbA-1-scaled.jpg","type":"image\/jpeg"}],"twitter_card":"summary_large_image","twitter_misc":{"Ansl. lesetid":"1 minutt"},"schema":{"@context":"https:\/\/schema.org","@graph":[{"@type":"WebPage","@id":"https:\/\/www.nb.no\/nettbutikk\/produkt\/skeiv-lokalhistorie\/","url":"https:\/\/www.nb.no\/nettbutikk\/produkt\/skeiv-lokalhistorie\/","name":"Skeiv lokalhistorie - NB Nettbutikk","isPartOf":{"@id":"https:\/\/www.nb.no\/nettbutikk\/#website"},"primaryImageOfPage":{"@id":"https:\/\/www.nb.no\/nettbutikk\/produkt\/skeiv-lokalhistorie\/#primaryimage"},"image":{"@id":"https:\/\/www.nb.no\/nettbutikk\/produkt\/skeiv-lokalhistorie\/#primaryimage"},"thumbnailUrl":"https:\/\/www.nb.no\/content\/uploads\/sites\/5\/2022\/10\/E6mp-pifWn-U4mniGoxN3v_N_3Ic7pZvNzWXmtKYAvoEdNb4srQqzrCPIDV3FMfDnSikSeXejAu3HT5fAohAbA-1-scaled.jpg","datePublished":"2022-10-11T07:20:40+00:00","dateModified":"2026-03-14T03:46:32+00:00","breadcrumb":{"@id":"https:\/\/www.nb.no\/nettbutikk\/produkt\/skeiv-lokalhistorie\/#breadcrumb"},"inLanguage":"nb-NO","potentialAction":[{"@type":"ReadAction","target":["https:\/\/www.nb.no\/nettbutikk\/produkt\/skeiv-lokalhistorie\/"]}]},{"@type":"ImageObject","inLanguage":"nb-NO","@id":"https:\/\/www.nb.no\/nettbutikk\/produkt\/skeiv-lokalhistorie\/#primaryimage","url":"https:\/\/www.nb.no\/content\/uploads\/sites\/5\/2022\/10\/E6mp-pifWn-U4mniGoxN3v_N_3Ic7pZvNzWXmtKYAvoEdNb4srQqzrCPIDV3FMfDnSikSeXejAu3HT5fAohAbA-1-scaled.jpg","contentUrl":"https:\/\/www.nb.no\/content\/uploads\/sites\/5\/2022\/10\/E6mp-pifWn-U4mniGoxN3v_N_3Ic7pZvNzWXmtKYAvoEdNb4srQqzrCPIDV3FMfDnSikSeXejAu3HT5fAohAbA-1-scaled.jpg","width":1862,"height":2560,"caption":"Skeiv lokalhistorie"},{"@type":"BreadcrumbList","@id":"https:\/\/www.nb.no\/nettbutikk\/produkt\/skeiv-lokalhistorie\/#breadcrumb","itemListElement":[{"@type":"ListItem","position":1,"name":"Home","item":"https:\/\/www.nb.no\/nettbutikk\/"},{"@type":"ListItem","position":2,"name":"Butikk","item":"https:\/\/www.nb.no\/nettbutikk\/butikk\/"},{"@type":"ListItem","position":3,"name":"Skeiv lokalhistorie"}]},{"@type":"WebSite","@id":"https:\/\/www.nb.no\/nettbutikk\/#website","url":"https:\/\/www.nb.no\/nettbutikk\/","name":"NB Nettbutikk","description":"","potentialAction":[{"@type":"SearchAction","target":{"@type":"EntryPoint","urlTemplate":"https:\/\/www.nb.no\/nettbutikk\/?s={search_term_string}"},"query-input":{"@type":"PropertyValueSpecification","valueRequired":true,"valueName":"search_term_string"}}],"inLanguage":"nb-NO"}]}},"_links":{"self":[{"href":"https:\/\/www.nb.no\/nettbutikk\/wp-json\/wp\/v2\/product\/15899","targetHints":{"allow":["GET"]}}],"collection":[{"href":"https:\/\/www.nb.no\/nettbutikk\/wp-json\/wp\/v2\/product"}],"about":[{"href":"https:\/\/www.nb.no\/nettbutikk\/wp-json\/wp\/v2\/types\/product"}],"wp:featuredmedia":[{"embeddable":true,"href":"https:\/\/www.nb.no\/nettbutikk\/wp-json\/wp\/v2\/media\/15896"}],"wp:attachment":[{"href":"https:\/\/www.nb.no\/nettbutikk\/wp-json\/wp\/v2\/media?parent=15899"}],"wp:term":[{"taxonomy":"product_brand","embeddable":true,"href":"https:\/\/www.nb.no\/nettbutikk\/wp-json\/wp\/v2\/product_brand?post=15899"},{"taxonomy":"product_cat","embeddable":true,"href":"https:\/\/www.nb.no\/nettbutikk\/wp-json\/wp\/v2\/product_cat?post=15899"},{"taxonomy":"product_tag","embeddable":true,"href":"https:\/\/www.nb.no\/nettbutikk\/wp-json\/wp\/v2\/product_tag?post=15899"}],"curies":[{"name":"wp","href":"https:\/\/api.w.org\/{rel}","templated":true}]}}