{"id":15731,"date":"2022-10-11T09:18:46","date_gmt":"2022-10-11T07:18:46","guid":{"rendered":"https:\/\/www.nb.no\/nettbutikk\/produkt\/sfinxa-om-isis-kom-tilbake\/"},"modified":"2026-04-19T06:04:11","modified_gmt":"2026-04-19T04:04:11","slug":"sfinxa-om-isis-kom-tilbake","status":"publish","type":"product","link":"https:\/\/www.nb.no\/nettbutikk\/produkt\/sfinxa-om-isis-kom-tilbake\/","title":{"rendered":"SFINXA: Om Isis kom tilbake"},"content":{"rendered":"","protected":false},"excerpt":{"rendered":"<p>Silketrykk fr\u00e5 Kvinneverkstedet SFINXA. Dikt og teikning av Inge \u00c5s, 1979. <\/p>\n<p>FR\u00c5 NASJONALBIBLIOTEKET SI SAMLING | NB.NO | UTGVELSER@NB.NO<\/p>\n","protected":false},"featured_media":15728,"template":"","meta":{"nb_hide_title":false,"nb_breadcrumb_title_override":""},"product_brand":[],"product_cat":[1243],"product_tag":[3708],"class_list":{"0":"post-15731","1":"product","2":"type-product","3":"status-publish","4":"has-post-thumbnail","6":"product_cat-postkort-enkle","7":"product_tag-lhbt","9":"first","10":"instock","11":"taxable","12":"shipping-taxable","13":"purchasable","14":"product-type-simple"},"yoast_head":"<!-- This site is optimized with the Yoast SEO plugin v27.1.1 - https:\/\/yoast.com\/product\/yoast-seo-wordpress\/ -->\n<title>SFINXA: Om Isis kom tilbake - NB Nettbutikk<\/title>\n<meta name=\"robots\" content=\"index, follow, max-snippet:-1, max-image-preview:large, max-video-preview:-1\" \/>\n<link rel=\"canonical\" href=\"https:\/\/www.nb.no\/nettbutikk\/produkt\/sfinxa-om-isis-kom-tilbake\/\" \/>\n<meta property=\"og:locale\" content=\"nb_NO\" \/>\n<meta property=\"og:type\" content=\"article\" \/>\n<meta property=\"og:title\" content=\"SFINXA: Om Isis kom tilbake - NB Nettbutikk\" \/>\n<meta property=\"og:description\" content=\"Silketrykk fr\u00e5 Kvinneverkstedet SFINXA. Dikt og teikning av Inge \u00c5s, 1979.  FR\u00c5 NASJONALBIBLIOTEKET SI SAMLING | NB.NO | UTGVELSER@NB.NO\" \/>\n<meta property=\"og:url\" content=\"https:\/\/www.nb.no\/nettbutikk\/produkt\/sfinxa-om-isis-kom-tilbake\/\" \/>\n<meta property=\"og:site_name\" content=\"NB Nettbutikk\" \/>\n<meta property=\"article:modified_time\" content=\"2026-04-19T04:04:11+00:00\" \/>\n<meta property=\"og:image\" content=\"https:\/\/www.nb.no\/content\/uploads\/sites\/5\/2022\/10\/E6mp-pifWn-U4mniGoxN3v_N_3Ic7pZvNzWXmoTNUqxReIz_4rEtzLTZdGd6Rp2WzHmuQb_cj1-xST8PAohAbA.jpg\" \/>\n\t<meta property=\"og:image:width\" content=\"1477\" \/>\n\t<meta property=\"og:image:height\" content=\"2068\" \/>\n\t<meta property=\"og:image:type\" content=\"image\/jpeg\" \/>\n<meta name=\"twitter:card\" content=\"summary_large_image\" \/>\n<meta name=\"twitter:label1\" content=\"Ansl. lesetid\" \/>\n\t<meta name=\"twitter:data1\" content=\"1 minutt\" \/>\n<script type=\"application\/ld+json\" class=\"yoast-schema-graph\">{\"@context\":\"https:\/\/schema.org\",\"@graph\":[{\"@type\":\"WebPage\",\"@id\":\"https:\/\/www.nb.no\/nettbutikk\/produkt\/sfinxa-om-isis-kom-tilbake\/\",\"url\":\"https:\/\/www.nb.no\/nettbutikk\/produkt\/sfinxa-om-isis-kom-tilbake\/\",\"name\":\"SFINXA: Om Isis kom tilbake - NB Nettbutikk\",\"isPartOf\":{\"@id\":\"https:\/\/www.nb.no\/nettbutikk\/#website\"},\"primaryImageOfPage\":{\"@id\":\"https:\/\/www.nb.no\/nettbutikk\/produkt\/sfinxa-om-isis-kom-tilbake\/#primaryimage\"},\"image\":{\"@id\":\"https:\/\/www.nb.no\/nettbutikk\/produkt\/sfinxa-om-isis-kom-tilbake\/#primaryimage\"},\"thumbnailUrl\":\"https:\/\/www.nb.no\/content\/uploads\/sites\/5\/2022\/10\/E6mp-pifWn-U4mniGoxN3v_N_3Ic7pZvNzWXmoTNUqxReIz_4rEtzLTZdGd6Rp2WzHmuQb_cj1-xST8PAohAbA.jpg\",\"datePublished\":\"2022-10-11T07:18:46+00:00\",\"dateModified\":\"2026-04-19T04:04:11+00:00\",\"breadcrumb\":{\"@id\":\"https:\/\/www.nb.no\/nettbutikk\/produkt\/sfinxa-om-isis-kom-tilbake\/#breadcrumb\"},\"inLanguage\":\"nb-NO\",\"potentialAction\":[{\"@type\":\"ReadAction\",\"target\":[\"https:\/\/www.nb.no\/nettbutikk\/produkt\/sfinxa-om-isis-kom-tilbake\/\"]}]},{\"@type\":\"ImageObject\",\"inLanguage\":\"nb-NO\",\"@id\":\"https:\/\/www.nb.no\/nettbutikk\/produkt\/sfinxa-om-isis-kom-tilbake\/#primaryimage\",\"url\":\"https:\/\/www.nb.no\/content\/uploads\/sites\/5\/2022\/10\/E6mp-pifWn-U4mniGoxN3v_N_3Ic7pZvNzWXmoTNUqxReIz_4rEtzLTZdGd6Rp2WzHmuQb_cj1-xST8PAohAbA.jpg\",\"contentUrl\":\"https:\/\/www.nb.no\/content\/uploads\/sites\/5\/2022\/10\/E6mp-pifWn-U4mniGoxN3v_N_3Ic7pZvNzWXmoTNUqxReIz_4rEtzLTZdGd6Rp2WzHmuQb_cj1-xST8PAohAbA.jpg\",\"width\":1477,\"height\":2068,\"caption\":\"SFINXA: Om Isis kom tilbake\"},{\"@type\":\"BreadcrumbList\",\"@id\":\"https:\/\/www.nb.no\/nettbutikk\/produkt\/sfinxa-om-isis-kom-tilbake\/#breadcrumb\",\"itemListElement\":[{\"@type\":\"ListItem\",\"position\":1,\"name\":\"Home\",\"item\":\"https:\/\/www.nb.no\/nettbutikk\/\"},{\"@type\":\"ListItem\",\"position\":2,\"name\":\"Butikk\",\"item\":\"https:\/\/www.nb.no\/nettbutikk\/butikk\/\"},{\"@type\":\"ListItem\",\"position\":3,\"name\":\"SFINXA: Om Isis kom tilbake\"}]},{\"@type\":\"WebSite\",\"@id\":\"https:\/\/www.nb.no\/nettbutikk\/#website\",\"url\":\"https:\/\/www.nb.no\/nettbutikk\/\",\"name\":\"NB Nettbutikk\",\"description\":\"\",\"potentialAction\":[{\"@type\":\"SearchAction\",\"target\":{\"@type\":\"EntryPoint\",\"urlTemplate\":\"https:\/\/www.nb.no\/nettbutikk\/?s={search_term_string}\"},\"query-input\":{\"@type\":\"PropertyValueSpecification\",\"valueRequired\":true,\"valueName\":\"search_term_string\"}}],\"inLanguage\":\"nb-NO\"}]}<\/script>\n<!-- \/ Yoast SEO plugin. -->","yoast_head_json":{"title":"SFINXA: Om Isis kom tilbake - NB Nettbutikk","robots":{"index":"index","follow":"follow","max-snippet":"max-snippet:-1","max-image-preview":"max-image-preview:large","max-video-preview":"max-video-preview:-1"},"canonical":"https:\/\/www.nb.no\/nettbutikk\/produkt\/sfinxa-om-isis-kom-tilbake\/","og_locale":"nb_NO","og_type":"article","og_title":"SFINXA: Om Isis kom tilbake - NB Nettbutikk","og_description":"Silketrykk fr\u00e5 Kvinneverkstedet SFINXA. Dikt og teikning av Inge \u00c5s, 1979.  FR\u00c5 NASJONALBIBLIOTEKET SI SAMLING | NB.NO | UTGVELSER@NB.NO","og_url":"https:\/\/www.nb.no\/nettbutikk\/produkt\/sfinxa-om-isis-kom-tilbake\/","og_site_name":"NB Nettbutikk","article_modified_time":"2026-04-19T04:04:11+00:00","og_image":[{"width":1477,"height":2068,"url":"https:\/\/www.nb.no\/content\/uploads\/sites\/5\/2022\/10\/E6mp-pifWn-U4mniGoxN3v_N_3Ic7pZvNzWXmoTNUqxReIz_4rEtzLTZdGd6Rp2WzHmuQb_cj1-xST8PAohAbA.jpg","type":"image\/jpeg"}],"twitter_card":"summary_large_image","twitter_misc":{"Ansl. lesetid":"1 minutt"},"schema":{"@context":"https:\/\/schema.org","@graph":[{"@type":"WebPage","@id":"https:\/\/www.nb.no\/nettbutikk\/produkt\/sfinxa-om-isis-kom-tilbake\/","url":"https:\/\/www.nb.no\/nettbutikk\/produkt\/sfinxa-om-isis-kom-tilbake\/","name":"SFINXA: Om Isis kom tilbake - NB Nettbutikk","isPartOf":{"@id":"https:\/\/www.nb.no\/nettbutikk\/#website"},"primaryImageOfPage":{"@id":"https:\/\/www.nb.no\/nettbutikk\/produkt\/sfinxa-om-isis-kom-tilbake\/#primaryimage"},"image":{"@id":"https:\/\/www.nb.no\/nettbutikk\/produkt\/sfinxa-om-isis-kom-tilbake\/#primaryimage"},"thumbnailUrl":"https:\/\/www.nb.no\/content\/uploads\/sites\/5\/2022\/10\/E6mp-pifWn-U4mniGoxN3v_N_3Ic7pZvNzWXmoTNUqxReIz_4rEtzLTZdGd6Rp2WzHmuQb_cj1-xST8PAohAbA.jpg","datePublished":"2022-10-11T07:18:46+00:00","dateModified":"2026-04-19T04:04:11+00:00","breadcrumb":{"@id":"https:\/\/www.nb.no\/nettbutikk\/produkt\/sfinxa-om-isis-kom-tilbake\/#breadcrumb"},"inLanguage":"nb-NO","potentialAction":[{"@type":"ReadAction","target":["https:\/\/www.nb.no\/nettbutikk\/produkt\/sfinxa-om-isis-kom-tilbake\/"]}]},{"@type":"ImageObject","inLanguage":"nb-NO","@id":"https:\/\/www.nb.no\/nettbutikk\/produkt\/sfinxa-om-isis-kom-tilbake\/#primaryimage","url":"https:\/\/www.nb.no\/content\/uploads\/sites\/5\/2022\/10\/E6mp-pifWn-U4mniGoxN3v_N_3Ic7pZvNzWXmoTNUqxReIz_4rEtzLTZdGd6Rp2WzHmuQb_cj1-xST8PAohAbA.jpg","contentUrl":"https:\/\/www.nb.no\/content\/uploads\/sites\/5\/2022\/10\/E6mp-pifWn-U4mniGoxN3v_N_3Ic7pZvNzWXmoTNUqxReIz_4rEtzLTZdGd6Rp2WzHmuQb_cj1-xST8PAohAbA.jpg","width":1477,"height":2068,"caption":"SFINXA: Om Isis kom tilbake"},{"@type":"BreadcrumbList","@id":"https:\/\/www.nb.no\/nettbutikk\/produkt\/sfinxa-om-isis-kom-tilbake\/#breadcrumb","itemListElement":[{"@type":"ListItem","position":1,"name":"Home","item":"https:\/\/www.nb.no\/nettbutikk\/"},{"@type":"ListItem","position":2,"name":"Butikk","item":"https:\/\/www.nb.no\/nettbutikk\/butikk\/"},{"@type":"ListItem","position":3,"name":"SFINXA: Om Isis kom tilbake"}]},{"@type":"WebSite","@id":"https:\/\/www.nb.no\/nettbutikk\/#website","url":"https:\/\/www.nb.no\/nettbutikk\/","name":"NB Nettbutikk","description":"","potentialAction":[{"@type":"SearchAction","target":{"@type":"EntryPoint","urlTemplate":"https:\/\/www.nb.no\/nettbutikk\/?s={search_term_string}"},"query-input":{"@type":"PropertyValueSpecification","valueRequired":true,"valueName":"search_term_string"}}],"inLanguage":"nb-NO"}]}},"_links":{"self":[{"href":"https:\/\/www.nb.no\/nettbutikk\/wp-json\/wp\/v2\/product\/15731","targetHints":{"allow":["GET"]}}],"collection":[{"href":"https:\/\/www.nb.no\/nettbutikk\/wp-json\/wp\/v2\/product"}],"about":[{"href":"https:\/\/www.nb.no\/nettbutikk\/wp-json\/wp\/v2\/types\/product"}],"wp:featuredmedia":[{"embeddable":true,"href":"https:\/\/www.nb.no\/nettbutikk\/wp-json\/wp\/v2\/media\/15728"}],"wp:attachment":[{"href":"https:\/\/www.nb.no\/nettbutikk\/wp-json\/wp\/v2\/media?parent=15731"}],"wp:term":[{"taxonomy":"product_brand","embeddable":true,"href":"https:\/\/www.nb.no\/nettbutikk\/wp-json\/wp\/v2\/product_brand?post=15731"},{"taxonomy":"product_cat","embeddable":true,"href":"https:\/\/www.nb.no\/nettbutikk\/wp-json\/wp\/v2\/product_cat?post=15731"},{"taxonomy":"product_tag","embeddable":true,"href":"https:\/\/www.nb.no\/nettbutikk\/wp-json\/wp\/v2\/product_tag?post=15731"}],"curies":[{"name":"wp","href":"https:\/\/api.w.org\/{rel}","templated":true}]}}