{"id":15713,"date":"2022-10-11T09:18:42","date_gmt":"2022-10-11T07:18:42","guid":{"rendered":"https:\/\/www.nb.no\/nettbutikk\/produkt\/stolt-og-slagen\/"},"modified":"2026-05-09T06:09:50","modified_gmt":"2026-05-09T04:09:50","slug":"stolt-og-slagen","status":"publish","type":"product","link":"https:\/\/www.nb.no\/nettbutikk\/produkt\/stolt-og-slagen\/","title":{"rendered":"Stolt og slagen"},"content":{"rendered":"","protected":false},"excerpt":{"rendered":"<p>I etterkrigslitteraturen er Ebba Haslund husmorens dikter. Hun skriver inspirert om husarbeidets gleder, men viser oss ogs\u00e5 husmorens bitterhet og frustrasjon. Toril Moi reflekterer over en vesentlig historisk erfaring som Haslund gir form til, nemlig hvordan det opplevdes for en generasjon av kvinner som var\u202fhusm\u00f8dre p\u00e5 1950-tallet, at arbeidet de stolt viet sine liv til, plutselig p\u00e5 1970-tallet ble definert som uvesentlig og\u202fkvinneundertrykkende.<\/p>\n<p>Dette essayet er en del av en foredragsserie om kultur og liv i 1950-tallets Norge. P\u00e5 jakt etter forst\u00e5else av landet og ti\u00e5ret hun selv ble f\u00f8dt i, unders\u00f8ker Toril Moi kulturuttrykk fra perioden. Prosjektet er b\u00e5de personlig og historisk. Uten \u00e5 forst\u00e5 Norge kan hun heller ikke forst\u00e5 seg selv.<\/p>\n","protected":false},"featured_media":15710,"template":"","meta":{"nb_hide_title":false,"nb_breadcrumb_title_override":""},"product_brand":[],"product_cat":[355],"product_tag":[3762,3796,3820,3759],"class_list":{"0":"post-15713","1":"product","2":"type-product","3":"status-publish","4":"has-post-thumbnail","6":"product_cat-nbs-populaere","7":"product_tag-1950-tallet","8":"product_tag-ebba-haslund","9":"product_tag-kvinner","10":"product_tag-toril-moi","12":"first","13":"instock","14":"shipping-taxable","15":"purchasable","16":"product-type-simple"},"yoast_head":"<!-- This site is optimized with the Yoast SEO plugin v27.1.1 - https:\/\/yoast.com\/product\/yoast-seo-wordpress\/ -->\n<title>Stolt og slagen - NB Nettbutikk<\/title>\n<meta name=\"robots\" content=\"index, follow, max-snippet:-1, max-image-preview:large, max-video-preview:-1\" \/>\n<link rel=\"canonical\" href=\"https:\/\/www.nb.no\/nettbutikk\/produkt\/stolt-og-slagen\/\" \/>\n<meta property=\"og:locale\" content=\"nb_NO\" \/>\n<meta property=\"og:type\" content=\"article\" \/>\n<meta property=\"og:title\" content=\"Stolt og slagen - NB Nettbutikk\" \/>\n<meta property=\"og:description\" content=\"I etterkrigslitteraturen er Ebba Haslund husmorens dikter. Hun skriver inspirert om husarbeidets gleder, men viser oss ogs\u00e5 husmorens bitterhet og frustrasjon. Toril Moi reflekterer over en vesentlig historisk erfaring som Haslund gir form til, nemlig hvordan det opplevdes for en generasjon av kvinner som var\u202fhusm\u00f8dre p\u00e5 1950-tallet, at arbeidet de stolt viet sine liv til, plutselig p\u00e5 1970-tallet ble definert som uvesentlig og\u202fkvinneundertrykkende. Dette essayet er en del av en foredragsserie om kultur og liv i 1950-tallets Norge. P\u00e5 jakt etter forst\u00e5else av landet og ti\u00e5ret hun selv ble f\u00f8dt i, unders\u00f8ker Toril Moi kulturuttrykk fra perioden. Prosjektet er b\u00e5de personlig og historisk. Uten \u00e5 forst\u00e5 Norge kan hun heller ikke forst\u00e5 seg selv.\" \/>\n<meta property=\"og:url\" content=\"https:\/\/www.nb.no\/nettbutikk\/produkt\/stolt-og-slagen\/\" \/>\n<meta property=\"og:site_name\" content=\"NB Nettbutikk\" \/>\n<meta property=\"article:modified_time\" content=\"2026-05-09T04:09:50+00:00\" \/>\n<meta property=\"og:image\" content=\"https:\/\/www.nb.no\/content\/uploads\/sites\/5\/2022\/10\/E6mp-pifWn-U4mniGoxN3v_N_3Ic7pZvNzWXmtSRUKsEd4OlueJ7mreMImZ5QpzFzS6sQuuF2lPmTDxaAohAbA.jpg\" \/>\n\t<meta property=\"og:image:width\" content=\"1321\" \/>\n\t<meta property=\"og:image:height\" content=\"1950\" \/>\n\t<meta property=\"og:image:type\" content=\"image\/jpeg\" \/>\n<meta name=\"twitter:card\" content=\"summary_large_image\" \/>\n<meta name=\"twitter:label1\" content=\"Ansl. lesetid\" \/>\n\t<meta name=\"twitter:data1\" content=\"1 minutt\" \/>\n<script type=\"application\/ld+json\" class=\"yoast-schema-graph\">{\"@context\":\"https:\/\/schema.org\",\"@graph\":[{\"@type\":\"WebPage\",\"@id\":\"https:\/\/www.nb.no\/nettbutikk\/produkt\/stolt-og-slagen\/\",\"url\":\"https:\/\/www.nb.no\/nettbutikk\/produkt\/stolt-og-slagen\/\",\"name\":\"Stolt og slagen - NB Nettbutikk\",\"isPartOf\":{\"@id\":\"https:\/\/www.nb.no\/nettbutikk\/#website\"},\"primaryImageOfPage\":{\"@id\":\"https:\/\/www.nb.no\/nettbutikk\/produkt\/stolt-og-slagen\/#primaryimage\"},\"image\":{\"@id\":\"https:\/\/www.nb.no\/nettbutikk\/produkt\/stolt-og-slagen\/#primaryimage\"},\"thumbnailUrl\":\"https:\/\/www.nb.no\/content\/uploads\/sites\/5\/2022\/10\/E6mp-pifWn-U4mniGoxN3v_N_3Ic7pZvNzWXmtSRUKsEd4OlueJ7mreMImZ5QpzFzS6sQuuF2lPmTDxaAohAbA.jpg\",\"datePublished\":\"2022-10-11T07:18:42+00:00\",\"dateModified\":\"2026-05-09T04:09:50+00:00\",\"breadcrumb\":{\"@id\":\"https:\/\/www.nb.no\/nettbutikk\/produkt\/stolt-og-slagen\/#breadcrumb\"},\"inLanguage\":\"nb-NO\",\"potentialAction\":[{\"@type\":\"ReadAction\",\"target\":[\"https:\/\/www.nb.no\/nettbutikk\/produkt\/stolt-og-slagen\/\"]}]},{\"@type\":\"ImageObject\",\"inLanguage\":\"nb-NO\",\"@id\":\"https:\/\/www.nb.no\/nettbutikk\/produkt\/stolt-og-slagen\/#primaryimage\",\"url\":\"https:\/\/www.nb.no\/content\/uploads\/sites\/5\/2022\/10\/E6mp-pifWn-U4mniGoxN3v_N_3Ic7pZvNzWXmtSRUKsEd4OlueJ7mreMImZ5QpzFzS6sQuuF2lPmTDxaAohAbA.jpg\",\"contentUrl\":\"https:\/\/www.nb.no\/content\/uploads\/sites\/5\/2022\/10\/E6mp-pifWn-U4mniGoxN3v_N_3Ic7pZvNzWXmtSRUKsEd4OlueJ7mreMImZ5QpzFzS6sQuuF2lPmTDxaAohAbA.jpg\",\"width\":1321,\"height\":1950,\"caption\":\"Stolt og slagen\"},{\"@type\":\"BreadcrumbList\",\"@id\":\"https:\/\/www.nb.no\/nettbutikk\/produkt\/stolt-og-slagen\/#breadcrumb\",\"itemListElement\":[{\"@type\":\"ListItem\",\"position\":1,\"name\":\"Home\",\"item\":\"https:\/\/www.nb.no\/nettbutikk\/\"},{\"@type\":\"ListItem\",\"position\":2,\"name\":\"Butikk\",\"item\":\"https:\/\/www.nb.no\/nettbutikk\/butikk\/\"},{\"@type\":\"ListItem\",\"position\":3,\"name\":\"Stolt og slagen\"}]},{\"@type\":\"WebSite\",\"@id\":\"https:\/\/www.nb.no\/nettbutikk\/#website\",\"url\":\"https:\/\/www.nb.no\/nettbutikk\/\",\"name\":\"NB Nettbutikk\",\"description\":\"\",\"potentialAction\":[{\"@type\":\"SearchAction\",\"target\":{\"@type\":\"EntryPoint\",\"urlTemplate\":\"https:\/\/www.nb.no\/nettbutikk\/?s={search_term_string}\"},\"query-input\":{\"@type\":\"PropertyValueSpecification\",\"valueRequired\":true,\"valueName\":\"search_term_string\"}}],\"inLanguage\":\"nb-NO\"}]}<\/script>\n<!-- \/ Yoast SEO plugin. -->","yoast_head_json":{"title":"Stolt og slagen - NB Nettbutikk","robots":{"index":"index","follow":"follow","max-snippet":"max-snippet:-1","max-image-preview":"max-image-preview:large","max-video-preview":"max-video-preview:-1"},"canonical":"https:\/\/www.nb.no\/nettbutikk\/produkt\/stolt-og-slagen\/","og_locale":"nb_NO","og_type":"article","og_title":"Stolt og slagen - NB Nettbutikk","og_description":"I etterkrigslitteraturen er Ebba Haslund husmorens dikter. Hun skriver inspirert om husarbeidets gleder, men viser oss ogs\u00e5 husmorens bitterhet og frustrasjon. Toril Moi reflekterer over en vesentlig historisk erfaring som Haslund gir form til, nemlig hvordan det opplevdes for en generasjon av kvinner som var\u202fhusm\u00f8dre p\u00e5 1950-tallet, at arbeidet de stolt viet sine liv til, plutselig p\u00e5 1970-tallet ble definert som uvesentlig og\u202fkvinneundertrykkende. Dette essayet er en del av en foredragsserie om kultur og liv i 1950-tallets Norge. P\u00e5 jakt etter forst\u00e5else av landet og ti\u00e5ret hun selv ble f\u00f8dt i, unders\u00f8ker Toril Moi kulturuttrykk fra perioden. Prosjektet er b\u00e5de personlig og historisk. Uten \u00e5 forst\u00e5 Norge kan hun heller ikke forst\u00e5 seg selv.","og_url":"https:\/\/www.nb.no\/nettbutikk\/produkt\/stolt-og-slagen\/","og_site_name":"NB Nettbutikk","article_modified_time":"2026-05-09T04:09:50+00:00","og_image":[{"width":1321,"height":1950,"url":"https:\/\/www.nb.no\/content\/uploads\/sites\/5\/2022\/10\/E6mp-pifWn-U4mniGoxN3v_N_3Ic7pZvNzWXmtSRUKsEd4OlueJ7mreMImZ5QpzFzS6sQuuF2lPmTDxaAohAbA.jpg","type":"image\/jpeg"}],"twitter_card":"summary_large_image","twitter_misc":{"Ansl. lesetid":"1 minutt"},"schema":{"@context":"https:\/\/schema.org","@graph":[{"@type":"WebPage","@id":"https:\/\/www.nb.no\/nettbutikk\/produkt\/stolt-og-slagen\/","url":"https:\/\/www.nb.no\/nettbutikk\/produkt\/stolt-og-slagen\/","name":"Stolt og slagen - NB Nettbutikk","isPartOf":{"@id":"https:\/\/www.nb.no\/nettbutikk\/#website"},"primaryImageOfPage":{"@id":"https:\/\/www.nb.no\/nettbutikk\/produkt\/stolt-og-slagen\/#primaryimage"},"image":{"@id":"https:\/\/www.nb.no\/nettbutikk\/produkt\/stolt-og-slagen\/#primaryimage"},"thumbnailUrl":"https:\/\/www.nb.no\/content\/uploads\/sites\/5\/2022\/10\/E6mp-pifWn-U4mniGoxN3v_N_3Ic7pZvNzWXmtSRUKsEd4OlueJ7mreMImZ5QpzFzS6sQuuF2lPmTDxaAohAbA.jpg","datePublished":"2022-10-11T07:18:42+00:00","dateModified":"2026-05-09T04:09:50+00:00","breadcrumb":{"@id":"https:\/\/www.nb.no\/nettbutikk\/produkt\/stolt-og-slagen\/#breadcrumb"},"inLanguage":"nb-NO","potentialAction":[{"@type":"ReadAction","target":["https:\/\/www.nb.no\/nettbutikk\/produkt\/stolt-og-slagen\/"]}]},{"@type":"ImageObject","inLanguage":"nb-NO","@id":"https:\/\/www.nb.no\/nettbutikk\/produkt\/stolt-og-slagen\/#primaryimage","url":"https:\/\/www.nb.no\/content\/uploads\/sites\/5\/2022\/10\/E6mp-pifWn-U4mniGoxN3v_N_3Ic7pZvNzWXmtSRUKsEd4OlueJ7mreMImZ5QpzFzS6sQuuF2lPmTDxaAohAbA.jpg","contentUrl":"https:\/\/www.nb.no\/content\/uploads\/sites\/5\/2022\/10\/E6mp-pifWn-U4mniGoxN3v_N_3Ic7pZvNzWXmtSRUKsEd4OlueJ7mreMImZ5QpzFzS6sQuuF2lPmTDxaAohAbA.jpg","width":1321,"height":1950,"caption":"Stolt og slagen"},{"@type":"BreadcrumbList","@id":"https:\/\/www.nb.no\/nettbutikk\/produkt\/stolt-og-slagen\/#breadcrumb","itemListElement":[{"@type":"ListItem","position":1,"name":"Home","item":"https:\/\/www.nb.no\/nettbutikk\/"},{"@type":"ListItem","position":2,"name":"Butikk","item":"https:\/\/www.nb.no\/nettbutikk\/butikk\/"},{"@type":"ListItem","position":3,"name":"Stolt og slagen"}]},{"@type":"WebSite","@id":"https:\/\/www.nb.no\/nettbutikk\/#website","url":"https:\/\/www.nb.no\/nettbutikk\/","name":"NB Nettbutikk","description":"","potentialAction":[{"@type":"SearchAction","target":{"@type":"EntryPoint","urlTemplate":"https:\/\/www.nb.no\/nettbutikk\/?s={search_term_string}"},"query-input":{"@type":"PropertyValueSpecification","valueRequired":true,"valueName":"search_term_string"}}],"inLanguage":"nb-NO"}]}},"_links":{"self":[{"href":"https:\/\/www.nb.no\/nettbutikk\/wp-json\/wp\/v2\/product\/15713","targetHints":{"allow":["GET"]}}],"collection":[{"href":"https:\/\/www.nb.no\/nettbutikk\/wp-json\/wp\/v2\/product"}],"about":[{"href":"https:\/\/www.nb.no\/nettbutikk\/wp-json\/wp\/v2\/types\/product"}],"wp:featuredmedia":[{"embeddable":true,"href":"https:\/\/www.nb.no\/nettbutikk\/wp-json\/wp\/v2\/media\/15710"}],"wp:attachment":[{"href":"https:\/\/www.nb.no\/nettbutikk\/wp-json\/wp\/v2\/media?parent=15713"}],"wp:term":[{"taxonomy":"product_brand","embeddable":true,"href":"https:\/\/www.nb.no\/nettbutikk\/wp-json\/wp\/v2\/product_brand?post=15713"},{"taxonomy":"product_cat","embeddable":true,"href":"https:\/\/www.nb.no\/nettbutikk\/wp-json\/wp\/v2\/product_cat?post=15713"},{"taxonomy":"product_tag","embeddable":true,"href":"https:\/\/www.nb.no\/nettbutikk\/wp-json\/wp\/v2\/product_tag?post=15713"}],"curies":[{"name":"wp","href":"https:\/\/api.w.org\/{rel}","templated":true}]}}