{"id":15682,"date":"2022-10-11T09:18:32","date_gmt":"2022-10-11T07:18:32","guid":{"rendered":"https:\/\/www.nb.no\/nettbutikk\/produkt\/sprak-i-arkivet\/"},"modified":"2026-04-15T08:19:49","modified_gmt":"2026-04-15T06:19:49","slug":"sprak-i-arkivet","status":"publish","type":"product","link":"https:\/\/www.nb.no\/nettbutikk\/produkt\/sprak-i-arkivet\/","title":{"rendered":"Spr\u00e5k i arkivet"},"content":{"rendered":"","protected":false},"excerpt":{"rendered":"<p><a href=\"https:\/\/issuu.com\/nasjonalbiblioteket\/docs\/nota_bene_16_spr_k_i_arkivet\n\">Boka kan leses p\u00e5 nett her<\/a><\/p>\n<p>Nummer 16 i Nota bene-serien er en samling studier med utgangspunkt i Nasjonalbibliotekets arkivsamling. Forskere fra ulike fagfelt har sett p\u00e5 et utvalg unike dokumenter, fra Norges eldste bok til nasjonalsosialistisk propaganda og arkivmateriale fra forrige \u00e5rhundres spr\u00e5kpionerer. Alle forteller om spr\u00e5k og spr\u00e5khistorie i Norge og synliggj\u00f8r hvordan spr\u00e5k p\u00e5 ulike m\u00e5ter reflekterer samfunnet.<\/p>\n","protected":false},"featured_media":15679,"template":"","meta":{"nb_hide_title":false,"nb_breadcrumb_title_override":""},"product_brand":[],"product_cat":[199],"product_tag":[],"class_list":{"0":"post-15682","1":"product","2":"type-product","3":"status-publish","4":"has-post-thumbnail","6":"product_cat-notabene","8":"first","9":"instock","10":"shipping-taxable","11":"purchasable","12":"product-type-simple"},"yoast_head":"<!-- This site is optimized with the Yoast SEO plugin v27.1.1 - https:\/\/yoast.com\/product\/yoast-seo-wordpress\/ -->\n<title>Spr\u00e5k i arkivet - NB Nettbutikk<\/title>\n<meta name=\"robots\" content=\"index, follow, max-snippet:-1, max-image-preview:large, max-video-preview:-1\" \/>\n<link rel=\"canonical\" href=\"https:\/\/www.nb.no\/nettbutikk\/produkt\/sprak-i-arkivet\/\" \/>\n<meta property=\"og:locale\" content=\"nb_NO\" \/>\n<meta property=\"og:type\" content=\"article\" \/>\n<meta property=\"og:title\" content=\"Spr\u00e5k i arkivet - NB Nettbutikk\" \/>\n<meta property=\"og:description\" content=\"Boka kan leses p\u00e5 nett her Nummer 16 i Nota bene-serien er en samling studier med utgangspunkt i Nasjonalbibliotekets arkivsamling. Forskere fra ulike fagfelt har sett p\u00e5 et utvalg unike dokumenter, fra Norges eldste bok til nasjonalsosialistisk propaganda og arkivmateriale fra forrige \u00e5rhundres spr\u00e5kpionerer. Alle forteller om spr\u00e5k og spr\u00e5khistorie i Norge og synliggj\u00f8r hvordan spr\u00e5k p\u00e5 ulike m\u00e5ter reflekterer samfunnet.\" \/>\n<meta property=\"og:url\" content=\"https:\/\/www.nb.no\/nettbutikk\/produkt\/sprak-i-arkivet\/\" \/>\n<meta property=\"og:site_name\" content=\"NB Nettbutikk\" \/>\n<meta property=\"article:modified_time\" content=\"2026-04-15T06:19:49+00:00\" \/>\n<meta property=\"og:image\" content=\"https:\/\/www.nb.no\/content\/uploads\/sites\/5\/2022\/10\/E6mp-pifWn-U4mniGoxN3v_N_3Ic7pZvNzWXmoSRB6wBJNP_s-IsmrDcJzZ4RMGRzXz-ReuE3lmwHmtfAohAbA-scaled.jpg\" \/>\n\t<meta property=\"og:image:width\" content=\"1862\" \/>\n\t<meta property=\"og:image:height\" content=\"2560\" \/>\n\t<meta property=\"og:image:type\" content=\"image\/jpeg\" \/>\n<meta name=\"twitter:card\" content=\"summary_large_image\" \/>\n<script type=\"application\/ld+json\" class=\"yoast-schema-graph\">{\"@context\":\"https:\/\/schema.org\",\"@graph\":[{\"@type\":\"WebPage\",\"@id\":\"https:\/\/www.nb.no\/nettbutikk\/produkt\/sprak-i-arkivet\/\",\"url\":\"https:\/\/www.nb.no\/nettbutikk\/produkt\/sprak-i-arkivet\/\",\"name\":\"Spr\u00e5k i arkivet - NB Nettbutikk\",\"isPartOf\":{\"@id\":\"https:\/\/www.nb.no\/nettbutikk\/#website\"},\"primaryImageOfPage\":{\"@id\":\"https:\/\/www.nb.no\/nettbutikk\/produkt\/sprak-i-arkivet\/#primaryimage\"},\"image\":{\"@id\":\"https:\/\/www.nb.no\/nettbutikk\/produkt\/sprak-i-arkivet\/#primaryimage\"},\"thumbnailUrl\":\"https:\/\/www.nb.no\/content\/uploads\/sites\/5\/2022\/10\/E6mp-pifWn-U4mniGoxN3v_N_3Ic7pZvNzWXmoSRB6wBJNP_s-IsmrDcJzZ4RMGRzXz-ReuE3lmwHmtfAohAbA-scaled.jpg\",\"datePublished\":\"2022-10-11T07:18:32+00:00\",\"dateModified\":\"2026-04-15T06:19:49+00:00\",\"breadcrumb\":{\"@id\":\"https:\/\/www.nb.no\/nettbutikk\/produkt\/sprak-i-arkivet\/#breadcrumb\"},\"inLanguage\":\"nb-NO\",\"potentialAction\":[{\"@type\":\"ReadAction\",\"target\":[\"https:\/\/www.nb.no\/nettbutikk\/produkt\/sprak-i-arkivet\/\"]}]},{\"@type\":\"ImageObject\",\"inLanguage\":\"nb-NO\",\"@id\":\"https:\/\/www.nb.no\/nettbutikk\/produkt\/sprak-i-arkivet\/#primaryimage\",\"url\":\"https:\/\/www.nb.no\/content\/uploads\/sites\/5\/2022\/10\/E6mp-pifWn-U4mniGoxN3v_N_3Ic7pZvNzWXmoSRB6wBJNP_s-IsmrDcJzZ4RMGRzXz-ReuE3lmwHmtfAohAbA-scaled.jpg\",\"contentUrl\":\"https:\/\/www.nb.no\/content\/uploads\/sites\/5\/2022\/10\/E6mp-pifWn-U4mniGoxN3v_N_3Ic7pZvNzWXmoSRB6wBJNP_s-IsmrDcJzZ4RMGRzXz-ReuE3lmwHmtfAohAbA-scaled.jpg\",\"width\":1862,\"height\":2560,\"caption\":\"Spr\u00e5k i arkivet\"},{\"@type\":\"BreadcrumbList\",\"@id\":\"https:\/\/www.nb.no\/nettbutikk\/produkt\/sprak-i-arkivet\/#breadcrumb\",\"itemListElement\":[{\"@type\":\"ListItem\",\"position\":1,\"name\":\"Home\",\"item\":\"https:\/\/www.nb.no\/nettbutikk\/\"},{\"@type\":\"ListItem\",\"position\":2,\"name\":\"Butikk\",\"item\":\"https:\/\/www.nb.no\/nettbutikk\/butikk\/\"},{\"@type\":\"ListItem\",\"position\":3,\"name\":\"Spr\u00e5k i arkivet\"}]},{\"@type\":\"WebSite\",\"@id\":\"https:\/\/www.nb.no\/nettbutikk\/#website\",\"url\":\"https:\/\/www.nb.no\/nettbutikk\/\",\"name\":\"NB Nettbutikk\",\"description\":\"\",\"potentialAction\":[{\"@type\":\"SearchAction\",\"target\":{\"@type\":\"EntryPoint\",\"urlTemplate\":\"https:\/\/www.nb.no\/nettbutikk\/?s={search_term_string}\"},\"query-input\":{\"@type\":\"PropertyValueSpecification\",\"valueRequired\":true,\"valueName\":\"search_term_string\"}}],\"inLanguage\":\"nb-NO\"}]}<\/script>\n<!-- \/ Yoast SEO plugin. -->","yoast_head_json":{"title":"Spr\u00e5k i arkivet - NB Nettbutikk","robots":{"index":"index","follow":"follow","max-snippet":"max-snippet:-1","max-image-preview":"max-image-preview:large","max-video-preview":"max-video-preview:-1"},"canonical":"https:\/\/www.nb.no\/nettbutikk\/produkt\/sprak-i-arkivet\/","og_locale":"nb_NO","og_type":"article","og_title":"Spr\u00e5k i arkivet - NB Nettbutikk","og_description":"Boka kan leses p\u00e5 nett her Nummer 16 i Nota bene-serien er en samling studier med utgangspunkt i Nasjonalbibliotekets arkivsamling. Forskere fra ulike fagfelt har sett p\u00e5 et utvalg unike dokumenter, fra Norges eldste bok til nasjonalsosialistisk propaganda og arkivmateriale fra forrige \u00e5rhundres spr\u00e5kpionerer. Alle forteller om spr\u00e5k og spr\u00e5khistorie i Norge og synliggj\u00f8r hvordan spr\u00e5k p\u00e5 ulike m\u00e5ter reflekterer samfunnet.","og_url":"https:\/\/www.nb.no\/nettbutikk\/produkt\/sprak-i-arkivet\/","og_site_name":"NB Nettbutikk","article_modified_time":"2026-04-15T06:19:49+00:00","og_image":[{"width":1862,"height":2560,"url":"https:\/\/www.nb.no\/content\/uploads\/sites\/5\/2022\/10\/E6mp-pifWn-U4mniGoxN3v_N_3Ic7pZvNzWXmoSRB6wBJNP_s-IsmrDcJzZ4RMGRzXz-ReuE3lmwHmtfAohAbA-scaled.jpg","type":"image\/jpeg"}],"twitter_card":"summary_large_image","schema":{"@context":"https:\/\/schema.org","@graph":[{"@type":"WebPage","@id":"https:\/\/www.nb.no\/nettbutikk\/produkt\/sprak-i-arkivet\/","url":"https:\/\/www.nb.no\/nettbutikk\/produkt\/sprak-i-arkivet\/","name":"Spr\u00e5k i arkivet - NB Nettbutikk","isPartOf":{"@id":"https:\/\/www.nb.no\/nettbutikk\/#website"},"primaryImageOfPage":{"@id":"https:\/\/www.nb.no\/nettbutikk\/produkt\/sprak-i-arkivet\/#primaryimage"},"image":{"@id":"https:\/\/www.nb.no\/nettbutikk\/produkt\/sprak-i-arkivet\/#primaryimage"},"thumbnailUrl":"https:\/\/www.nb.no\/content\/uploads\/sites\/5\/2022\/10\/E6mp-pifWn-U4mniGoxN3v_N_3Ic7pZvNzWXmoSRB6wBJNP_s-IsmrDcJzZ4RMGRzXz-ReuE3lmwHmtfAohAbA-scaled.jpg","datePublished":"2022-10-11T07:18:32+00:00","dateModified":"2026-04-15T06:19:49+00:00","breadcrumb":{"@id":"https:\/\/www.nb.no\/nettbutikk\/produkt\/sprak-i-arkivet\/#breadcrumb"},"inLanguage":"nb-NO","potentialAction":[{"@type":"ReadAction","target":["https:\/\/www.nb.no\/nettbutikk\/produkt\/sprak-i-arkivet\/"]}]},{"@type":"ImageObject","inLanguage":"nb-NO","@id":"https:\/\/www.nb.no\/nettbutikk\/produkt\/sprak-i-arkivet\/#primaryimage","url":"https:\/\/www.nb.no\/content\/uploads\/sites\/5\/2022\/10\/E6mp-pifWn-U4mniGoxN3v_N_3Ic7pZvNzWXmoSRB6wBJNP_s-IsmrDcJzZ4RMGRzXz-ReuE3lmwHmtfAohAbA-scaled.jpg","contentUrl":"https:\/\/www.nb.no\/content\/uploads\/sites\/5\/2022\/10\/E6mp-pifWn-U4mniGoxN3v_N_3Ic7pZvNzWXmoSRB6wBJNP_s-IsmrDcJzZ4RMGRzXz-ReuE3lmwHmtfAohAbA-scaled.jpg","width":1862,"height":2560,"caption":"Spr\u00e5k i arkivet"},{"@type":"BreadcrumbList","@id":"https:\/\/www.nb.no\/nettbutikk\/produkt\/sprak-i-arkivet\/#breadcrumb","itemListElement":[{"@type":"ListItem","position":1,"name":"Home","item":"https:\/\/www.nb.no\/nettbutikk\/"},{"@type":"ListItem","position":2,"name":"Butikk","item":"https:\/\/www.nb.no\/nettbutikk\/butikk\/"},{"@type":"ListItem","position":3,"name":"Spr\u00e5k i arkivet"}]},{"@type":"WebSite","@id":"https:\/\/www.nb.no\/nettbutikk\/#website","url":"https:\/\/www.nb.no\/nettbutikk\/","name":"NB Nettbutikk","description":"","potentialAction":[{"@type":"SearchAction","target":{"@type":"EntryPoint","urlTemplate":"https:\/\/www.nb.no\/nettbutikk\/?s={search_term_string}"},"query-input":{"@type":"PropertyValueSpecification","valueRequired":true,"valueName":"search_term_string"}}],"inLanguage":"nb-NO"}]}},"_links":{"self":[{"href":"https:\/\/www.nb.no\/nettbutikk\/wp-json\/wp\/v2\/product\/15682","targetHints":{"allow":["GET"]}}],"collection":[{"href":"https:\/\/www.nb.no\/nettbutikk\/wp-json\/wp\/v2\/product"}],"about":[{"href":"https:\/\/www.nb.no\/nettbutikk\/wp-json\/wp\/v2\/types\/product"}],"wp:featuredmedia":[{"embeddable":true,"href":"https:\/\/www.nb.no\/nettbutikk\/wp-json\/wp\/v2\/media\/15679"}],"wp:attachment":[{"href":"https:\/\/www.nb.no\/nettbutikk\/wp-json\/wp\/v2\/media?parent=15682"}],"wp:term":[{"taxonomy":"product_brand","embeddable":true,"href":"https:\/\/www.nb.no\/nettbutikk\/wp-json\/wp\/v2\/product_brand?post=15682"},{"taxonomy":"product_cat","embeddable":true,"href":"https:\/\/www.nb.no\/nettbutikk\/wp-json\/wp\/v2\/product_cat?post=15682"},{"taxonomy":"product_tag","embeddable":true,"href":"https:\/\/www.nb.no\/nettbutikk\/wp-json\/wp\/v2\/product_tag?post=15682"}],"curies":[{"name":"wp","href":"https:\/\/api.w.org\/{rel}","templated":true}]}}