{"id":15676,"date":"2022-10-11T09:18:30","date_gmt":"2022-10-11T07:18:30","guid":{"rendered":"https:\/\/www.nb.no\/nettbutikk\/produkt\/reisen-til-julestjernen\/"},"modified":"2026-04-15T08:19:49","modified_gmt":"2026-04-15T06:19:49","slug":"reisen-til-julestjernen","status":"publish","type":"product","link":"https:\/\/www.nb.no\/nettbutikk\/produkt\/reisen-til-julestjernen\/","title":{"rendered":"Reisen til julestjernen"},"content":{"rendered":"","protected":false},"excerpt":{"rendered":"<p><i>Reisen til julestjernen<\/i> er fortellingen om Sonja og hennes reise for \u00e5 finne julestjernen som sluknet. Teaterstykket, som ble skrevet av Sverre Brandt, hadde urpremiere p\u00e5 Nationaltheatret julen 1924, der det ble en stor suksess. Filmversjonen som her er tilgjengelig ble regissert av Ola Solum i 1976.  Filmen har en rekke kjente skuespillere som Harald Heide-Steen Jr., Rolf Just Nilsen, Anne Marit Jacobsen og Hanne Krogh p\u00e5 rollelisten. Filmen fikk raskt klassikerstatus p\u00e5 kino og NRK har sendt filmen hver jul siden 1997. <\/p>\n<p>Utgivelsen inneholder ogs\u00e5 et teksthefte med et essay skrevet av Bent Kvalvik, og et intervju med Hanne Krogh.<\/p>\n<p>Bonusmateriale: trailer fra nylanseringen i 2001<\/p>\n","protected":false},"featured_media":15673,"template":"","meta":{"nb_hide_title":false,"nb_breadcrumb_title_override":""},"product_brand":[],"product_cat":[1665],"product_tag":[3817,3800],"class_list":{"0":"post-15676","1":"product","2":"type-product","3":"status-publish","4":"has-post-thumbnail","6":"product_cat-filmer","7":"product_tag-film","8":"product_tag-jul","10":"first","11":"instock","12":"taxable","13":"shipping-taxable","14":"purchasable","15":"product-type-simple"},"yoast_head":"<!-- This site is optimized with the Yoast SEO plugin v27.1.1 - https:\/\/yoast.com\/product\/yoast-seo-wordpress\/ -->\n<title>Reisen til julestjernen - NB Nettbutikk<\/title>\n<meta name=\"robots\" content=\"index, follow, max-snippet:-1, max-image-preview:large, max-video-preview:-1\" \/>\n<link rel=\"canonical\" href=\"https:\/\/www.nb.no\/nettbutikk\/produkt\/reisen-til-julestjernen\/\" \/>\n<meta property=\"og:locale\" content=\"nb_NO\" \/>\n<meta property=\"og:type\" content=\"article\" \/>\n<meta property=\"og:title\" content=\"Reisen til julestjernen - NB Nettbutikk\" \/>\n<meta property=\"og:description\" content=\"Reisen til julestjernen er fortellingen om Sonja og hennes reise for \u00e5 finne julestjernen som sluknet. Teaterstykket, som ble skrevet av Sverre Brandt, hadde urpremiere p\u00e5 Nationaltheatret julen 1924, der det ble en stor suksess. Filmversjonen som her er tilgjengelig ble regissert av Ola Solum i 1976. Filmen har en rekke kjente skuespillere som Harald Heide-Steen Jr., Rolf Just Nilsen, Anne Marit Jacobsen og Hanne Krogh p\u00e5 rollelisten. Filmen fikk raskt klassikerstatus p\u00e5 kino og NRK har sendt filmen hver jul siden 1997.  Utgivelsen inneholder ogs\u00e5 et teksthefte med et essay skrevet av Bent Kvalvik, og et intervju med Hanne Krogh. Bonusmateriale: trailer fra nylanseringen i 2001\" \/>\n<meta property=\"og:url\" content=\"https:\/\/www.nb.no\/nettbutikk\/produkt\/reisen-til-julestjernen\/\" \/>\n<meta property=\"og:site_name\" content=\"NB Nettbutikk\" \/>\n<meta property=\"article:modified_time\" content=\"2026-04-15T06:19:49+00:00\" \/>\n<meta property=\"og:image\" content=\"https:\/\/www.nb.no\/content\/uploads\/sites\/5\/2022\/10\/E6mp-pifWn-U4mniGoxN3v_N_3Ic7pZvNzWXmtbLBfpUcYOouLZ4wrKLITB4GMHCnnylFeuNjV_kGj9dAohAbA-scaled.jpg\" \/>\n\t<meta property=\"og:image:width\" content=\"2560\" \/>\n\t<meta property=\"og:image:height\" content=\"1921\" \/>\n\t<meta property=\"og:image:type\" content=\"image\/jpeg\" \/>\n<meta name=\"twitter:card\" content=\"summary_large_image\" \/>\n<meta name=\"twitter:label1\" content=\"Ansl. lesetid\" \/>\n\t<meta name=\"twitter:data1\" content=\"1 minutt\" \/>\n<script type=\"application\/ld+json\" class=\"yoast-schema-graph\">{\"@context\":\"https:\/\/schema.org\",\"@graph\":[{\"@type\":\"WebPage\",\"@id\":\"https:\/\/www.nb.no\/nettbutikk\/produkt\/reisen-til-julestjernen\/\",\"url\":\"https:\/\/www.nb.no\/nettbutikk\/produkt\/reisen-til-julestjernen\/\",\"name\":\"Reisen til julestjernen - NB Nettbutikk\",\"isPartOf\":{\"@id\":\"https:\/\/www.nb.no\/nettbutikk\/#website\"},\"primaryImageOfPage\":{\"@id\":\"https:\/\/www.nb.no\/nettbutikk\/produkt\/reisen-til-julestjernen\/#primaryimage\"},\"image\":{\"@id\":\"https:\/\/www.nb.no\/nettbutikk\/produkt\/reisen-til-julestjernen\/#primaryimage\"},\"thumbnailUrl\":\"https:\/\/www.nb.no\/content\/uploads\/sites\/5\/2022\/10\/E6mp-pifWn-U4mniGoxN3v_N_3Ic7pZvNzWXmtbLBfpUcYOouLZ4wrKLITB4GMHCnnylFeuNjV_kGj9dAohAbA-scaled.jpg\",\"datePublished\":\"2022-10-11T07:18:30+00:00\",\"dateModified\":\"2026-04-15T06:19:49+00:00\",\"breadcrumb\":{\"@id\":\"https:\/\/www.nb.no\/nettbutikk\/produkt\/reisen-til-julestjernen\/#breadcrumb\"},\"inLanguage\":\"nb-NO\",\"potentialAction\":[{\"@type\":\"ReadAction\",\"target\":[\"https:\/\/www.nb.no\/nettbutikk\/produkt\/reisen-til-julestjernen\/\"]}]},{\"@type\":\"ImageObject\",\"inLanguage\":\"nb-NO\",\"@id\":\"https:\/\/www.nb.no\/nettbutikk\/produkt\/reisen-til-julestjernen\/#primaryimage\",\"url\":\"https:\/\/www.nb.no\/content\/uploads\/sites\/5\/2022\/10\/E6mp-pifWn-U4mniGoxN3v_N_3Ic7pZvNzWXmtbLBfpUcYOouLZ4wrKLITB4GMHCnnylFeuNjV_kGj9dAohAbA-scaled.jpg\",\"contentUrl\":\"https:\/\/www.nb.no\/content\/uploads\/sites\/5\/2022\/10\/E6mp-pifWn-U4mniGoxN3v_N_3Ic7pZvNzWXmtbLBfpUcYOouLZ4wrKLITB4GMHCnnylFeuNjV_kGj9dAohAbA-scaled.jpg\",\"width\":2560,\"height\":1921,\"caption\":\"Reisen til julestjernen\"},{\"@type\":\"BreadcrumbList\",\"@id\":\"https:\/\/www.nb.no\/nettbutikk\/produkt\/reisen-til-julestjernen\/#breadcrumb\",\"itemListElement\":[{\"@type\":\"ListItem\",\"position\":1,\"name\":\"Home\",\"item\":\"https:\/\/www.nb.no\/nettbutikk\/\"},{\"@type\":\"ListItem\",\"position\":2,\"name\":\"Butikk\",\"item\":\"https:\/\/www.nb.no\/nettbutikk\/butikk\/\"},{\"@type\":\"ListItem\",\"position\":3,\"name\":\"Reisen til julestjernen\"}]},{\"@type\":\"WebSite\",\"@id\":\"https:\/\/www.nb.no\/nettbutikk\/#website\",\"url\":\"https:\/\/www.nb.no\/nettbutikk\/\",\"name\":\"NB Nettbutikk\",\"description\":\"\",\"potentialAction\":[{\"@type\":\"SearchAction\",\"target\":{\"@type\":\"EntryPoint\",\"urlTemplate\":\"https:\/\/www.nb.no\/nettbutikk\/?s={search_term_string}\"},\"query-input\":{\"@type\":\"PropertyValueSpecification\",\"valueRequired\":true,\"valueName\":\"search_term_string\"}}],\"inLanguage\":\"nb-NO\"}]}<\/script>\n<!-- \/ Yoast SEO plugin. -->","yoast_head_json":{"title":"Reisen til julestjernen - NB Nettbutikk","robots":{"index":"index","follow":"follow","max-snippet":"max-snippet:-1","max-image-preview":"max-image-preview:large","max-video-preview":"max-video-preview:-1"},"canonical":"https:\/\/www.nb.no\/nettbutikk\/produkt\/reisen-til-julestjernen\/","og_locale":"nb_NO","og_type":"article","og_title":"Reisen til julestjernen - NB Nettbutikk","og_description":"Reisen til julestjernen er fortellingen om Sonja og hennes reise for \u00e5 finne julestjernen som sluknet. Teaterstykket, som ble skrevet av Sverre Brandt, hadde urpremiere p\u00e5 Nationaltheatret julen 1924, der det ble en stor suksess. Filmversjonen som her er tilgjengelig ble regissert av Ola Solum i 1976. Filmen har en rekke kjente skuespillere som Harald Heide-Steen Jr., Rolf Just Nilsen, Anne Marit Jacobsen og Hanne Krogh p\u00e5 rollelisten. Filmen fikk raskt klassikerstatus p\u00e5 kino og NRK har sendt filmen hver jul siden 1997.  Utgivelsen inneholder ogs\u00e5 et teksthefte med et essay skrevet av Bent Kvalvik, og et intervju med Hanne Krogh. Bonusmateriale: trailer fra nylanseringen i 2001","og_url":"https:\/\/www.nb.no\/nettbutikk\/produkt\/reisen-til-julestjernen\/","og_site_name":"NB Nettbutikk","article_modified_time":"2026-04-15T06:19:49+00:00","og_image":[{"width":2560,"height":1921,"url":"https:\/\/www.nb.no\/content\/uploads\/sites\/5\/2022\/10\/E6mp-pifWn-U4mniGoxN3v_N_3Ic7pZvNzWXmtbLBfpUcYOouLZ4wrKLITB4GMHCnnylFeuNjV_kGj9dAohAbA-scaled.jpg","type":"image\/jpeg"}],"twitter_card":"summary_large_image","twitter_misc":{"Ansl. lesetid":"1 minutt"},"schema":{"@context":"https:\/\/schema.org","@graph":[{"@type":"WebPage","@id":"https:\/\/www.nb.no\/nettbutikk\/produkt\/reisen-til-julestjernen\/","url":"https:\/\/www.nb.no\/nettbutikk\/produkt\/reisen-til-julestjernen\/","name":"Reisen til julestjernen - NB Nettbutikk","isPartOf":{"@id":"https:\/\/www.nb.no\/nettbutikk\/#website"},"primaryImageOfPage":{"@id":"https:\/\/www.nb.no\/nettbutikk\/produkt\/reisen-til-julestjernen\/#primaryimage"},"image":{"@id":"https:\/\/www.nb.no\/nettbutikk\/produkt\/reisen-til-julestjernen\/#primaryimage"},"thumbnailUrl":"https:\/\/www.nb.no\/content\/uploads\/sites\/5\/2022\/10\/E6mp-pifWn-U4mniGoxN3v_N_3Ic7pZvNzWXmtbLBfpUcYOouLZ4wrKLITB4GMHCnnylFeuNjV_kGj9dAohAbA-scaled.jpg","datePublished":"2022-10-11T07:18:30+00:00","dateModified":"2026-04-15T06:19:49+00:00","breadcrumb":{"@id":"https:\/\/www.nb.no\/nettbutikk\/produkt\/reisen-til-julestjernen\/#breadcrumb"},"inLanguage":"nb-NO","potentialAction":[{"@type":"ReadAction","target":["https:\/\/www.nb.no\/nettbutikk\/produkt\/reisen-til-julestjernen\/"]}]},{"@type":"ImageObject","inLanguage":"nb-NO","@id":"https:\/\/www.nb.no\/nettbutikk\/produkt\/reisen-til-julestjernen\/#primaryimage","url":"https:\/\/www.nb.no\/content\/uploads\/sites\/5\/2022\/10\/E6mp-pifWn-U4mniGoxN3v_N_3Ic7pZvNzWXmtbLBfpUcYOouLZ4wrKLITB4GMHCnnylFeuNjV_kGj9dAohAbA-scaled.jpg","contentUrl":"https:\/\/www.nb.no\/content\/uploads\/sites\/5\/2022\/10\/E6mp-pifWn-U4mniGoxN3v_N_3Ic7pZvNzWXmtbLBfpUcYOouLZ4wrKLITB4GMHCnnylFeuNjV_kGj9dAohAbA-scaled.jpg","width":2560,"height":1921,"caption":"Reisen til julestjernen"},{"@type":"BreadcrumbList","@id":"https:\/\/www.nb.no\/nettbutikk\/produkt\/reisen-til-julestjernen\/#breadcrumb","itemListElement":[{"@type":"ListItem","position":1,"name":"Home","item":"https:\/\/www.nb.no\/nettbutikk\/"},{"@type":"ListItem","position":2,"name":"Butikk","item":"https:\/\/www.nb.no\/nettbutikk\/butikk\/"},{"@type":"ListItem","position":3,"name":"Reisen til julestjernen"}]},{"@type":"WebSite","@id":"https:\/\/www.nb.no\/nettbutikk\/#website","url":"https:\/\/www.nb.no\/nettbutikk\/","name":"NB Nettbutikk","description":"","potentialAction":[{"@type":"SearchAction","target":{"@type":"EntryPoint","urlTemplate":"https:\/\/www.nb.no\/nettbutikk\/?s={search_term_string}"},"query-input":{"@type":"PropertyValueSpecification","valueRequired":true,"valueName":"search_term_string"}}],"inLanguage":"nb-NO"}]}},"_links":{"self":[{"href":"https:\/\/www.nb.no\/nettbutikk\/wp-json\/wp\/v2\/product\/15676","targetHints":{"allow":["GET"]}}],"collection":[{"href":"https:\/\/www.nb.no\/nettbutikk\/wp-json\/wp\/v2\/product"}],"about":[{"href":"https:\/\/www.nb.no\/nettbutikk\/wp-json\/wp\/v2\/types\/product"}],"wp:featuredmedia":[{"embeddable":true,"href":"https:\/\/www.nb.no\/nettbutikk\/wp-json\/wp\/v2\/media\/15673"}],"wp:attachment":[{"href":"https:\/\/www.nb.no\/nettbutikk\/wp-json\/wp\/v2\/media?parent=15676"}],"wp:term":[{"taxonomy":"product_brand","embeddable":true,"href":"https:\/\/www.nb.no\/nettbutikk\/wp-json\/wp\/v2\/product_brand?post=15676"},{"taxonomy":"product_cat","embeddable":true,"href":"https:\/\/www.nb.no\/nettbutikk\/wp-json\/wp\/v2\/product_cat?post=15676"},{"taxonomy":"product_tag","embeddable":true,"href":"https:\/\/www.nb.no\/nettbutikk\/wp-json\/wp\/v2\/product_tag?post=15676"}],"curies":[{"name":"wp","href":"https:\/\/api.w.org\/{rel}","templated":true}]}}