{"id":15670,"date":"2022-10-11T09:18:27","date_gmt":"2022-10-11T07:18:27","guid":{"rendered":"https:\/\/www.nb.no\/nettbutikk\/produkt\/klokker-i-maneskinn\/"},"modified":"2026-03-04T13:23:24","modified_gmt":"2026-03-04T12:23:24","slug":"klokker-i-maneskinn","status":"publish","type":"product","link":"https:\/\/www.nb.no\/nettbutikk\/produkt\/klokker-i-maneskinn\/","title":{"rendered":"Klokker i m\u00e5neskinn"},"content":{"rendered":"","protected":false},"excerpt":{"rendered":"<p>Fire menn er samlet til bridgeaften: en forfatter, en direkt\u00f8r, en journalist og en vitenskapsmann.  I l\u00f8pet av kvelden forteller tre av mennene sine personlige historier om m\u00f8ter med det overnaturlige, men vitenskapsmannen stiller seg tvilende til beretningene deres. Dette legger grunnen for en kamp mellom den \u00e5ndelige og materialistiske livsanskuelse.<\/p>\n<p><i>Klokker i m\u00e5neskinn<\/i> (1964) er regissert av K\u00e5re Bergstr\u00f8m. Manuset til filmen er ved Andr\u00e9 Bjerke. Bjerke omarbeidet ogs\u00e5 filmens handling til romanen <i>Enhj\u00f8rningen<\/i>, som utkom i 1963, ett \u00e5r f\u00f8r filmen var \u00e5 se p\u00e5 kino. Bergstr\u00f8m hadde tidligere regissert filmen <i>De d\u00f8des tjern<\/i> (1958), basert p\u00e5 Andr\u00e9 Bjerkes roman, og med forfatteren selv i en av rollene.  <\/p>\n<p>Utgivelsen inneholder et hefte med et essay skrevet av Knut N\u00e6rum.<br \/>\nBonusmateriale: trailer<\/p>\n","protected":false},"featured_media":15667,"template":"","meta":{"nb_hide_title":false,"nb_breadcrumb_title_override":""},"product_brand":[],"product_cat":[1665],"product_tag":[3795,3802,3817,3805],"class_list":{"0":"post-15670","1":"product","2":"type-product","3":"status-publish","4":"has-post-thumbnail","6":"product_cat-filmer","7":"product_tag-1960-tallet","8":"product_tag-andre-bjerke","9":"product_tag-film","10":"product_tag-knut-naerum","12":"first","13":"instock","14":"taxable","15":"shipping-taxable","16":"purchasable","17":"product-type-simple"},"yoast_head":"<!-- This site is optimized with the Yoast SEO plugin v27.1.1 - https:\/\/yoast.com\/product\/yoast-seo-wordpress\/ -->\n<title>Klokker i m\u00e5neskinn - NB Nettbutikk<\/title>\n<meta name=\"description\" content=\"Fire menn er samlet til bridgeaften: en forfatter, en direkt\u00f8r, en journalist og en vitenskapsmann. I l\u00f8pet av kvelden forteller tre av mennene sine personlige historier om m\u00f8ter med det overnaturlige, men vitenskapsmannen stiller seg tvilende til beretningene deres. Dette legger grunnen for en kamp mellom den \u00e5ndelige og materialistiske livsanskuelse.\" \/>\n<meta name=\"robots\" content=\"index, follow, max-snippet:-1, max-image-preview:large, max-video-preview:-1\" \/>\n<link rel=\"canonical\" href=\"https:\/\/www.nb.no\/nettbutikk\/produkt\/klokker-i-maneskinn\/\" \/>\n<meta property=\"og:locale\" content=\"nb_NO\" \/>\n<meta property=\"og:type\" content=\"article\" \/>\n<meta property=\"og:title\" content=\"Klokker i m\u00e5neskinn - NB Nettbutikk\" \/>\n<meta property=\"og:description\" content=\"Fire menn er samlet til bridgeaften: en forfatter, en direkt\u00f8r, en journalist og en vitenskapsmann. I l\u00f8pet av kvelden forteller tre av mennene sine personlige historier om m\u00f8ter med det overnaturlige, men vitenskapsmannen stiller seg tvilende til beretningene deres. Dette legger grunnen for en kamp mellom den \u00e5ndelige og materialistiske livsanskuelse.\" \/>\n<meta property=\"og:url\" content=\"https:\/\/www.nb.no\/nettbutikk\/produkt\/klokker-i-maneskinn\/\" \/>\n<meta property=\"og:site_name\" content=\"NB Nettbutikk\" \/>\n<meta property=\"article:modified_time\" content=\"2026-03-04T12:23:24+00:00\" \/>\n<meta property=\"og:image\" content=\"https:\/\/www.nb.no\/content\/uploads\/sites\/5\/2022\/10\/E6mp-pifWn-U4mniGoxN3v_N_3Ic7pZvNzWXmoCcA_sAeYf8teV_mOaMcjAvE5aWkSz-SOWO2g7jGToPAohAbA-scaled.jpg\" \/>\n\t<meta property=\"og:image:width\" content=\"2560\" \/>\n\t<meta property=\"og:image:height\" content=\"1921\" \/>\n\t<meta property=\"og:image:type\" content=\"image\/jpeg\" \/>\n<meta name=\"twitter:card\" content=\"summary_large_image\" \/>\n<meta name=\"twitter:label1\" content=\"Ansl. lesetid\" \/>\n\t<meta name=\"twitter:data1\" content=\"1 minutt\" \/>\n<script type=\"application\/ld+json\" class=\"yoast-schema-graph\">{\"@context\":\"https:\/\/schema.org\",\"@graph\":[{\"@type\":\"WebPage\",\"@id\":\"https:\/\/www.nb.no\/nettbutikk\/produkt\/klokker-i-maneskinn\/\",\"url\":\"https:\/\/www.nb.no\/nettbutikk\/produkt\/klokker-i-maneskinn\/\",\"name\":\"Klokker i m\u00e5neskinn - NB Nettbutikk\",\"isPartOf\":{\"@id\":\"https:\/\/www.nb.no\/nettbutikk\/#website\"},\"primaryImageOfPage\":{\"@id\":\"https:\/\/www.nb.no\/nettbutikk\/produkt\/klokker-i-maneskinn\/#primaryimage\"},\"image\":{\"@id\":\"https:\/\/www.nb.no\/nettbutikk\/produkt\/klokker-i-maneskinn\/#primaryimage\"},\"thumbnailUrl\":\"https:\/\/www.nb.no\/content\/uploads\/sites\/5\/2022\/10\/E6mp-pifWn-U4mniGoxN3v_N_3Ic7pZvNzWXmoCcA_sAeYf8teV_mOaMcjAvE5aWkSz-SOWO2g7jGToPAohAbA-scaled.jpg\",\"datePublished\":\"2022-10-11T07:18:27+00:00\",\"dateModified\":\"2026-03-04T12:23:24+00:00\",\"description\":\"Fire menn er samlet til bridgeaften: en forfatter, en direkt\u00f8r, en journalist og en vitenskapsmann. I l\u00f8pet av kvelden forteller tre av mennene sine personlige historier om m\u00f8ter med det overnaturlige, men vitenskapsmannen stiller seg tvilende til beretningene deres. Dette legger grunnen for en kamp mellom den \u00e5ndelige og materialistiske livsanskuelse.\",\"breadcrumb\":{\"@id\":\"https:\/\/www.nb.no\/nettbutikk\/produkt\/klokker-i-maneskinn\/#breadcrumb\"},\"inLanguage\":\"nb-NO\",\"potentialAction\":[{\"@type\":\"ReadAction\",\"target\":[\"https:\/\/www.nb.no\/nettbutikk\/produkt\/klokker-i-maneskinn\/\"]}]},{\"@type\":\"ImageObject\",\"inLanguage\":\"nb-NO\",\"@id\":\"https:\/\/www.nb.no\/nettbutikk\/produkt\/klokker-i-maneskinn\/#primaryimage\",\"url\":\"https:\/\/www.nb.no\/content\/uploads\/sites\/5\/2022\/10\/E6mp-pifWn-U4mniGoxN3v_N_3Ic7pZvNzWXmoCcA_sAeYf8teV_mOaMcjAvE5aWkSz-SOWO2g7jGToPAohAbA-scaled.jpg\",\"contentUrl\":\"https:\/\/www.nb.no\/content\/uploads\/sites\/5\/2022\/10\/E6mp-pifWn-U4mniGoxN3v_N_3Ic7pZvNzWXmoCcA_sAeYf8teV_mOaMcjAvE5aWkSz-SOWO2g7jGToPAohAbA-scaled.jpg\",\"width\":2560,\"height\":1921,\"caption\":\"Klokker i m\u00e5neskinn\"},{\"@type\":\"BreadcrumbList\",\"@id\":\"https:\/\/www.nb.no\/nettbutikk\/produkt\/klokker-i-maneskinn\/#breadcrumb\",\"itemListElement\":[{\"@type\":\"ListItem\",\"position\":1,\"name\":\"Home\",\"item\":\"https:\/\/www.nb.no\/nettbutikk\/\"},{\"@type\":\"ListItem\",\"position\":2,\"name\":\"Butikk\",\"item\":\"https:\/\/www.nb.no\/nettbutikk\/butikk\/\"},{\"@type\":\"ListItem\",\"position\":3,\"name\":\"Klokker i m\u00e5neskinn\"}]},{\"@type\":\"WebSite\",\"@id\":\"https:\/\/www.nb.no\/nettbutikk\/#website\",\"url\":\"https:\/\/www.nb.no\/nettbutikk\/\",\"name\":\"NB Nettbutikk\",\"description\":\"\",\"potentialAction\":[{\"@type\":\"SearchAction\",\"target\":{\"@type\":\"EntryPoint\",\"urlTemplate\":\"https:\/\/www.nb.no\/nettbutikk\/?s={search_term_string}\"},\"query-input\":{\"@type\":\"PropertyValueSpecification\",\"valueRequired\":true,\"valueName\":\"search_term_string\"}}],\"inLanguage\":\"nb-NO\"}]}<\/script>\n<!-- \/ Yoast SEO plugin. -->","yoast_head_json":{"title":"Klokker i m\u00e5neskinn - NB Nettbutikk","description":"Fire menn er samlet til bridgeaften: en forfatter, en direkt\u00f8r, en journalist og en vitenskapsmann. I l\u00f8pet av kvelden forteller tre av mennene sine personlige historier om m\u00f8ter med det overnaturlige, men vitenskapsmannen stiller seg tvilende til beretningene deres. Dette legger grunnen for en kamp mellom den \u00e5ndelige og materialistiske livsanskuelse.","robots":{"index":"index","follow":"follow","max-snippet":"max-snippet:-1","max-image-preview":"max-image-preview:large","max-video-preview":"max-video-preview:-1"},"canonical":"https:\/\/www.nb.no\/nettbutikk\/produkt\/klokker-i-maneskinn\/","og_locale":"nb_NO","og_type":"article","og_title":"Klokker i m\u00e5neskinn - NB Nettbutikk","og_description":"Fire menn er samlet til bridgeaften: en forfatter, en direkt\u00f8r, en journalist og en vitenskapsmann. I l\u00f8pet av kvelden forteller tre av mennene sine personlige historier om m\u00f8ter med det overnaturlige, men vitenskapsmannen stiller seg tvilende til beretningene deres. Dette legger grunnen for en kamp mellom den \u00e5ndelige og materialistiske livsanskuelse.","og_url":"https:\/\/www.nb.no\/nettbutikk\/produkt\/klokker-i-maneskinn\/","og_site_name":"NB Nettbutikk","article_modified_time":"2026-03-04T12:23:24+00:00","og_image":[{"width":2560,"height":1921,"url":"https:\/\/www.nb.no\/content\/uploads\/sites\/5\/2022\/10\/E6mp-pifWn-U4mniGoxN3v_N_3Ic7pZvNzWXmoCcA_sAeYf8teV_mOaMcjAvE5aWkSz-SOWO2g7jGToPAohAbA-scaled.jpg","type":"image\/jpeg"}],"twitter_card":"summary_large_image","twitter_misc":{"Ansl. lesetid":"1 minutt"},"schema":{"@context":"https:\/\/schema.org","@graph":[{"@type":"WebPage","@id":"https:\/\/www.nb.no\/nettbutikk\/produkt\/klokker-i-maneskinn\/","url":"https:\/\/www.nb.no\/nettbutikk\/produkt\/klokker-i-maneskinn\/","name":"Klokker i m\u00e5neskinn - NB Nettbutikk","isPartOf":{"@id":"https:\/\/www.nb.no\/nettbutikk\/#website"},"primaryImageOfPage":{"@id":"https:\/\/www.nb.no\/nettbutikk\/produkt\/klokker-i-maneskinn\/#primaryimage"},"image":{"@id":"https:\/\/www.nb.no\/nettbutikk\/produkt\/klokker-i-maneskinn\/#primaryimage"},"thumbnailUrl":"https:\/\/www.nb.no\/content\/uploads\/sites\/5\/2022\/10\/E6mp-pifWn-U4mniGoxN3v_N_3Ic7pZvNzWXmoCcA_sAeYf8teV_mOaMcjAvE5aWkSz-SOWO2g7jGToPAohAbA-scaled.jpg","datePublished":"2022-10-11T07:18:27+00:00","dateModified":"2026-03-04T12:23:24+00:00","description":"Fire menn er samlet til bridgeaften: en forfatter, en direkt\u00f8r, en journalist og en vitenskapsmann. I l\u00f8pet av kvelden forteller tre av mennene sine personlige historier om m\u00f8ter med det overnaturlige, men vitenskapsmannen stiller seg tvilende til beretningene deres. Dette legger grunnen for en kamp mellom den \u00e5ndelige og materialistiske livsanskuelse.","breadcrumb":{"@id":"https:\/\/www.nb.no\/nettbutikk\/produkt\/klokker-i-maneskinn\/#breadcrumb"},"inLanguage":"nb-NO","potentialAction":[{"@type":"ReadAction","target":["https:\/\/www.nb.no\/nettbutikk\/produkt\/klokker-i-maneskinn\/"]}]},{"@type":"ImageObject","inLanguage":"nb-NO","@id":"https:\/\/www.nb.no\/nettbutikk\/produkt\/klokker-i-maneskinn\/#primaryimage","url":"https:\/\/www.nb.no\/content\/uploads\/sites\/5\/2022\/10\/E6mp-pifWn-U4mniGoxN3v_N_3Ic7pZvNzWXmoCcA_sAeYf8teV_mOaMcjAvE5aWkSz-SOWO2g7jGToPAohAbA-scaled.jpg","contentUrl":"https:\/\/www.nb.no\/content\/uploads\/sites\/5\/2022\/10\/E6mp-pifWn-U4mniGoxN3v_N_3Ic7pZvNzWXmoCcA_sAeYf8teV_mOaMcjAvE5aWkSz-SOWO2g7jGToPAohAbA-scaled.jpg","width":2560,"height":1921,"caption":"Klokker i m\u00e5neskinn"},{"@type":"BreadcrumbList","@id":"https:\/\/www.nb.no\/nettbutikk\/produkt\/klokker-i-maneskinn\/#breadcrumb","itemListElement":[{"@type":"ListItem","position":1,"name":"Home","item":"https:\/\/www.nb.no\/nettbutikk\/"},{"@type":"ListItem","position":2,"name":"Butikk","item":"https:\/\/www.nb.no\/nettbutikk\/butikk\/"},{"@type":"ListItem","position":3,"name":"Klokker i m\u00e5neskinn"}]},{"@type":"WebSite","@id":"https:\/\/www.nb.no\/nettbutikk\/#website","url":"https:\/\/www.nb.no\/nettbutikk\/","name":"NB Nettbutikk","description":"","potentialAction":[{"@type":"SearchAction","target":{"@type":"EntryPoint","urlTemplate":"https:\/\/www.nb.no\/nettbutikk\/?s={search_term_string}"},"query-input":{"@type":"PropertyValueSpecification","valueRequired":true,"valueName":"search_term_string"}}],"inLanguage":"nb-NO"}]}},"_links":{"self":[{"href":"https:\/\/www.nb.no\/nettbutikk\/wp-json\/wp\/v2\/product\/15670","targetHints":{"allow":["GET"]}}],"collection":[{"href":"https:\/\/www.nb.no\/nettbutikk\/wp-json\/wp\/v2\/product"}],"about":[{"href":"https:\/\/www.nb.no\/nettbutikk\/wp-json\/wp\/v2\/types\/product"}],"wp:featuredmedia":[{"embeddable":true,"href":"https:\/\/www.nb.no\/nettbutikk\/wp-json\/wp\/v2\/media\/15667"}],"wp:attachment":[{"href":"https:\/\/www.nb.no\/nettbutikk\/wp-json\/wp\/v2\/media?parent=15670"}],"wp:term":[{"taxonomy":"product_brand","embeddable":true,"href":"https:\/\/www.nb.no\/nettbutikk\/wp-json\/wp\/v2\/product_brand?post=15670"},{"taxonomy":"product_cat","embeddable":true,"href":"https:\/\/www.nb.no\/nettbutikk\/wp-json\/wp\/v2\/product_cat?post=15670"},{"taxonomy":"product_tag","embeddable":true,"href":"https:\/\/www.nb.no\/nettbutikk\/wp-json\/wp\/v2\/product_tag?post=15670"}],"curies":[{"name":"wp","href":"https:\/\/api.w.org\/{rel}","templated":true}]}}