{"id":15661,"date":"2022-10-11T09:18:24","date_gmt":"2022-10-11T07:18:24","guid":{"rendered":"https:\/\/www.nb.no\/nettbutikk\/produkt\/stumme-filmspor\/"},"modified":"2026-03-15T04:58:18","modified_gmt":"2026-03-15T03:58:18","slug":"stumme-filmspor","status":"publish","type":"product","link":"https:\/\/www.nb.no\/nettbutikk\/produkt\/stumme-filmspor\/","title":{"rendered":"Stumme filmspor"},"content":{"rendered":"","protected":false},"excerpt":{"rendered":"<p>Sv\u00e6rt f\u00e5 norske spillefilmer fra 1910-\u00e5rene er bevart, men i denne utgivelsen er de for f\u00f8rste gang samlet. To er nesten komplette: <i>Under forvandlingens lov<\/i>, en film som kombinerer historiefortelling med attraksjon, og <i>Revolutionens datter<\/i>, som handler om arbeideroppr\u00f8r, kj\u00e6rlighet og boksing. <i>Historien om en gut<\/i> er en spennende barndomsskildring. Av filmen <i>D\u00e6monen<\/i> er bare noen minutter bevart \u2013 de som ble klippet vekk i sensuren. Som bonus er ogs\u00e5 sjangerhybriden <i>Paa jagt efter landets skj\u00f8nneste kvinde<\/i> inkludert i denne samlingen. Filmmusikken er komponert og framf\u00f8rt av Kjetil Schjander Luhr.<\/p>\n<p>Inneholder et hefte med essays av Tom Gunning, \u00d8ivind Hanche, Eirik Frisvold Hanssen og Kjetil Schjander Luhr. <\/p>\n<p>Bonusmateriale: bildegalleri med over 200 bilder<\/p>\n","protected":false},"featured_media":15658,"template":"","meta":{"nb_hide_title":false,"nb_breadcrumb_title_override":""},"product_brand":[],"product_cat":[1665],"product_tag":[3817,3789],"class_list":{"0":"post-15661","1":"product","2":"type-product","3":"status-publish","4":"has-post-thumbnail","6":"product_cat-filmer","7":"product_tag-film","8":"product_tag-stumfilm","10":"first","11":"instock","12":"taxable","13":"shipping-taxable","14":"purchasable","15":"product-type-simple"},"yoast_head":"<!-- This site is optimized with the Yoast SEO plugin v27.1.1 - https:\/\/yoast.com\/product\/yoast-seo-wordpress\/ -->\n<title>Stumme filmspor - NB Nettbutikk<\/title>\n<meta name=\"robots\" content=\"index, follow, max-snippet:-1, max-image-preview:large, max-video-preview:-1\" \/>\n<link rel=\"canonical\" href=\"https:\/\/www.nb.no\/nettbutikk\/produkt\/stumme-filmspor\/\" \/>\n<meta property=\"og:locale\" content=\"nb_NO\" \/>\n<meta property=\"og:type\" content=\"article\" \/>\n<meta property=\"og:title\" content=\"Stumme filmspor - NB Nettbutikk\" \/>\n<meta property=\"og:description\" content=\"Sv\u00e6rt f\u00e5 norske spillefilmer fra 1910-\u00e5rene er bevart, men i denne utgivelsen er de for f\u00f8rste gang samlet. To er nesten komplette: Under forvandlingens lov, en film som kombinerer historiefortelling med attraksjon, og Revolutionens datter, som handler om arbeideroppr\u00f8r, kj\u00e6rlighet og boksing. Historien om en gut er en spennende barndomsskildring. Av filmen D\u00e6monen er bare noen minutter bevart \u2013 de som ble klippet vekk i sensuren. Som bonus er ogs\u00e5 sjangerhybriden Paa jagt efter landets skj\u00f8nneste kvinde inkludert i denne samlingen. Filmmusikken er komponert og framf\u00f8rt av Kjetil Schjander Luhr. Inneholder et hefte med essays av Tom Gunning, \u00d8ivind Hanche, Eirik Frisvold Hanssen og Kjetil Schjander Luhr.  Bonusmateriale: bildegalleri med over 200 bilder\" \/>\n<meta property=\"og:url\" content=\"https:\/\/www.nb.no\/nettbutikk\/produkt\/stumme-filmspor\/\" \/>\n<meta property=\"og:site_name\" content=\"NB Nettbutikk\" \/>\n<meta property=\"article:modified_time\" content=\"2026-03-15T03:58:18+00:00\" \/>\n<meta property=\"og:image\" content=\"https:\/\/www.nb.no\/content\/uploads\/sites\/5\/2022\/10\/E6mp-pifWn-U4mniGoxN3v_N_3Ic7pZvNzWXmoPOD6oDedP8tLJ3nr6PczcqRMCSmyukRe-J2FzmTjteAohAbA.jpg\" \/>\n\t<meta property=\"og:image:width\" content=\"1280\" \/>\n\t<meta property=\"og:image:height\" content=\"960\" \/>\n\t<meta property=\"og:image:type\" content=\"image\/jpeg\" \/>\n<meta name=\"twitter:card\" content=\"summary_large_image\" \/>\n<meta name=\"twitter:label1\" content=\"Ansl. lesetid\" \/>\n\t<meta name=\"twitter:data1\" content=\"1 minutt\" \/>\n<script type=\"application\/ld+json\" class=\"yoast-schema-graph\">{\"@context\":\"https:\/\/schema.org\",\"@graph\":[{\"@type\":\"WebPage\",\"@id\":\"https:\/\/www.nb.no\/nettbutikk\/produkt\/stumme-filmspor\/\",\"url\":\"https:\/\/www.nb.no\/nettbutikk\/produkt\/stumme-filmspor\/\",\"name\":\"Stumme filmspor - NB Nettbutikk\",\"isPartOf\":{\"@id\":\"https:\/\/www.nb.no\/nettbutikk\/#website\"},\"primaryImageOfPage\":{\"@id\":\"https:\/\/www.nb.no\/nettbutikk\/produkt\/stumme-filmspor\/#primaryimage\"},\"image\":{\"@id\":\"https:\/\/www.nb.no\/nettbutikk\/produkt\/stumme-filmspor\/#primaryimage\"},\"thumbnailUrl\":\"https:\/\/www.nb.no\/content\/uploads\/sites\/5\/2022\/10\/E6mp-pifWn-U4mniGoxN3v_N_3Ic7pZvNzWXmoPOD6oDedP8tLJ3nr6PczcqRMCSmyukRe-J2FzmTjteAohAbA.jpg\",\"datePublished\":\"2022-10-11T07:18:24+00:00\",\"dateModified\":\"2026-03-15T03:58:18+00:00\",\"breadcrumb\":{\"@id\":\"https:\/\/www.nb.no\/nettbutikk\/produkt\/stumme-filmspor\/#breadcrumb\"},\"inLanguage\":\"nb-NO\",\"potentialAction\":[{\"@type\":\"ReadAction\",\"target\":[\"https:\/\/www.nb.no\/nettbutikk\/produkt\/stumme-filmspor\/\"]}]},{\"@type\":\"ImageObject\",\"inLanguage\":\"nb-NO\",\"@id\":\"https:\/\/www.nb.no\/nettbutikk\/produkt\/stumme-filmspor\/#primaryimage\",\"url\":\"https:\/\/www.nb.no\/content\/uploads\/sites\/5\/2022\/10\/E6mp-pifWn-U4mniGoxN3v_N_3Ic7pZvNzWXmoPOD6oDedP8tLJ3nr6PczcqRMCSmyukRe-J2FzmTjteAohAbA.jpg\",\"contentUrl\":\"https:\/\/www.nb.no\/content\/uploads\/sites\/5\/2022\/10\/E6mp-pifWn-U4mniGoxN3v_N_3Ic7pZvNzWXmoPOD6oDedP8tLJ3nr6PczcqRMCSmyukRe-J2FzmTjteAohAbA.jpg\",\"width\":1280,\"height\":960,\"caption\":\"Stumme filmspor\"},{\"@type\":\"BreadcrumbList\",\"@id\":\"https:\/\/www.nb.no\/nettbutikk\/produkt\/stumme-filmspor\/#breadcrumb\",\"itemListElement\":[{\"@type\":\"ListItem\",\"position\":1,\"name\":\"Home\",\"item\":\"https:\/\/www.nb.no\/nettbutikk\/\"},{\"@type\":\"ListItem\",\"position\":2,\"name\":\"Butikk\",\"item\":\"https:\/\/www.nb.no\/nettbutikk\/butikk\/\"},{\"@type\":\"ListItem\",\"position\":3,\"name\":\"Stumme filmspor\"}]},{\"@type\":\"WebSite\",\"@id\":\"https:\/\/www.nb.no\/nettbutikk\/#website\",\"url\":\"https:\/\/www.nb.no\/nettbutikk\/\",\"name\":\"NB Nettbutikk\",\"description\":\"\",\"potentialAction\":[{\"@type\":\"SearchAction\",\"target\":{\"@type\":\"EntryPoint\",\"urlTemplate\":\"https:\/\/www.nb.no\/nettbutikk\/?s={search_term_string}\"},\"query-input\":{\"@type\":\"PropertyValueSpecification\",\"valueRequired\":true,\"valueName\":\"search_term_string\"}}],\"inLanguage\":\"nb-NO\"}]}<\/script>\n<!-- \/ Yoast SEO plugin. -->","yoast_head_json":{"title":"Stumme filmspor - NB Nettbutikk","robots":{"index":"index","follow":"follow","max-snippet":"max-snippet:-1","max-image-preview":"max-image-preview:large","max-video-preview":"max-video-preview:-1"},"canonical":"https:\/\/www.nb.no\/nettbutikk\/produkt\/stumme-filmspor\/","og_locale":"nb_NO","og_type":"article","og_title":"Stumme filmspor - NB Nettbutikk","og_description":"Sv\u00e6rt f\u00e5 norske spillefilmer fra 1910-\u00e5rene er bevart, men i denne utgivelsen er de for f\u00f8rste gang samlet. To er nesten komplette: Under forvandlingens lov, en film som kombinerer historiefortelling med attraksjon, og Revolutionens datter, som handler om arbeideroppr\u00f8r, kj\u00e6rlighet og boksing. Historien om en gut er en spennende barndomsskildring. Av filmen D\u00e6monen er bare noen minutter bevart \u2013 de som ble klippet vekk i sensuren. Som bonus er ogs\u00e5 sjangerhybriden Paa jagt efter landets skj\u00f8nneste kvinde inkludert i denne samlingen. Filmmusikken er komponert og framf\u00f8rt av Kjetil Schjander Luhr. Inneholder et hefte med essays av Tom Gunning, \u00d8ivind Hanche, Eirik Frisvold Hanssen og Kjetil Schjander Luhr.  Bonusmateriale: bildegalleri med over 200 bilder","og_url":"https:\/\/www.nb.no\/nettbutikk\/produkt\/stumme-filmspor\/","og_site_name":"NB Nettbutikk","article_modified_time":"2026-03-15T03:58:18+00:00","og_image":[{"width":1280,"height":960,"url":"https:\/\/www.nb.no\/content\/uploads\/sites\/5\/2022\/10\/E6mp-pifWn-U4mniGoxN3v_N_3Ic7pZvNzWXmoPOD6oDedP8tLJ3nr6PczcqRMCSmyukRe-J2FzmTjteAohAbA.jpg","type":"image\/jpeg"}],"twitter_card":"summary_large_image","twitter_misc":{"Ansl. lesetid":"1 minutt"},"schema":{"@context":"https:\/\/schema.org","@graph":[{"@type":"WebPage","@id":"https:\/\/www.nb.no\/nettbutikk\/produkt\/stumme-filmspor\/","url":"https:\/\/www.nb.no\/nettbutikk\/produkt\/stumme-filmspor\/","name":"Stumme filmspor - NB Nettbutikk","isPartOf":{"@id":"https:\/\/www.nb.no\/nettbutikk\/#website"},"primaryImageOfPage":{"@id":"https:\/\/www.nb.no\/nettbutikk\/produkt\/stumme-filmspor\/#primaryimage"},"image":{"@id":"https:\/\/www.nb.no\/nettbutikk\/produkt\/stumme-filmspor\/#primaryimage"},"thumbnailUrl":"https:\/\/www.nb.no\/content\/uploads\/sites\/5\/2022\/10\/E6mp-pifWn-U4mniGoxN3v_N_3Ic7pZvNzWXmoPOD6oDedP8tLJ3nr6PczcqRMCSmyukRe-J2FzmTjteAohAbA.jpg","datePublished":"2022-10-11T07:18:24+00:00","dateModified":"2026-03-15T03:58:18+00:00","breadcrumb":{"@id":"https:\/\/www.nb.no\/nettbutikk\/produkt\/stumme-filmspor\/#breadcrumb"},"inLanguage":"nb-NO","potentialAction":[{"@type":"ReadAction","target":["https:\/\/www.nb.no\/nettbutikk\/produkt\/stumme-filmspor\/"]}]},{"@type":"ImageObject","inLanguage":"nb-NO","@id":"https:\/\/www.nb.no\/nettbutikk\/produkt\/stumme-filmspor\/#primaryimage","url":"https:\/\/www.nb.no\/content\/uploads\/sites\/5\/2022\/10\/E6mp-pifWn-U4mniGoxN3v_N_3Ic7pZvNzWXmoPOD6oDedP8tLJ3nr6PczcqRMCSmyukRe-J2FzmTjteAohAbA.jpg","contentUrl":"https:\/\/www.nb.no\/content\/uploads\/sites\/5\/2022\/10\/E6mp-pifWn-U4mniGoxN3v_N_3Ic7pZvNzWXmoPOD6oDedP8tLJ3nr6PczcqRMCSmyukRe-J2FzmTjteAohAbA.jpg","width":1280,"height":960,"caption":"Stumme filmspor"},{"@type":"BreadcrumbList","@id":"https:\/\/www.nb.no\/nettbutikk\/produkt\/stumme-filmspor\/#breadcrumb","itemListElement":[{"@type":"ListItem","position":1,"name":"Home","item":"https:\/\/www.nb.no\/nettbutikk\/"},{"@type":"ListItem","position":2,"name":"Butikk","item":"https:\/\/www.nb.no\/nettbutikk\/butikk\/"},{"@type":"ListItem","position":3,"name":"Stumme filmspor"}]},{"@type":"WebSite","@id":"https:\/\/www.nb.no\/nettbutikk\/#website","url":"https:\/\/www.nb.no\/nettbutikk\/","name":"NB Nettbutikk","description":"","potentialAction":[{"@type":"SearchAction","target":{"@type":"EntryPoint","urlTemplate":"https:\/\/www.nb.no\/nettbutikk\/?s={search_term_string}"},"query-input":{"@type":"PropertyValueSpecification","valueRequired":true,"valueName":"search_term_string"}}],"inLanguage":"nb-NO"}]}},"_links":{"self":[{"href":"https:\/\/www.nb.no\/nettbutikk\/wp-json\/wp\/v2\/product\/15661","targetHints":{"allow":["GET"]}}],"collection":[{"href":"https:\/\/www.nb.no\/nettbutikk\/wp-json\/wp\/v2\/product"}],"about":[{"href":"https:\/\/www.nb.no\/nettbutikk\/wp-json\/wp\/v2\/types\/product"}],"wp:featuredmedia":[{"embeddable":true,"href":"https:\/\/www.nb.no\/nettbutikk\/wp-json\/wp\/v2\/media\/15658"}],"wp:attachment":[{"href":"https:\/\/www.nb.no\/nettbutikk\/wp-json\/wp\/v2\/media?parent=15661"}],"wp:term":[{"taxonomy":"product_brand","embeddable":true,"href":"https:\/\/www.nb.no\/nettbutikk\/wp-json\/wp\/v2\/product_brand?post=15661"},{"taxonomy":"product_cat","embeddable":true,"href":"https:\/\/www.nb.no\/nettbutikk\/wp-json\/wp\/v2\/product_cat?post=15661"},{"taxonomy":"product_tag","embeddable":true,"href":"https:\/\/www.nb.no\/nettbutikk\/wp-json\/wp\/v2\/product_tag?post=15661"}],"curies":[{"name":"wp","href":"https:\/\/api.w.org\/{rel}","templated":true}]}}