{"id":15655,"date":"2022-10-11T09:18:23","date_gmt":"2022-10-11T07:18:23","guid":{"rendered":"https:\/\/www.nb.no\/nettbutikk\/produkt\/verden-og-buksene\/"},"modified":"2026-04-15T08:19:48","modified_gmt":"2026-04-15T06:19:48","slug":"verden-og-buksene","status":"publish","type":"product","link":"https:\/\/www.nb.no\/nettbutikk\/produkt\/verden-og-buksene\/","title":{"rendered":"Verden og buksene"},"content":{"rendered":"","protected":false},"excerpt":{"rendered":"<p>I juni 1953 ble Gunvor Hofmo innlagt p\u00e5 Gaustad sykehus. Hvordan forholdt psykiatrien seg til at Hofmo forelsket seg i kvinner? I hvilken grad ble homoseksualiteten forst\u00e5tt som en del av sykdomsbildet, noe som skulle kureres? Og hva innebar \u00e5penheten mot kvinner for Hofmo selv?<\/p>\n<p>Disse sp\u00f8rsm\u00e5lene danner utgangspunktet for <i>Verden og buksene. Et Gunvor Hofmo-fragment<\/i>. Boken baserer seg blant annet p\u00e5 arkivhistoriske fragmenter; den er en refleksjon over \u00e9n side av Hofmos liv, men like mye et stykke kultur- og mentalitetshistorie.<\/p>\n","protected":false},"featured_media":15652,"template":"","meta":{"nb_hide_title":false,"nb_breadcrumb_title_override":""},"product_brand":[],"product_cat":[184],"product_tag":[3762,3893,3708],"class_list":{"0":"post-15655","1":"product","2":"type-product","3":"status-publish","4":"has-post-thumbnail","6":"product_cat-enkeltstaende-utgivelser","7":"product_tag-1950-tallet","8":"product_tag-kaja-schjerven-mollerin","9":"product_tag-lhbt","11":"first","12":"instock","13":"shipping-taxable","14":"purchasable","15":"product-type-simple"},"yoast_head":"<!-- This site is optimized with the Yoast SEO plugin v27.1.1 - https:\/\/yoast.com\/product\/yoast-seo-wordpress\/ -->\n<title>Verden og buksene - NB Nettbutikk<\/title>\n<meta name=\"robots\" content=\"index, follow, max-snippet:-1, max-image-preview:large, max-video-preview:-1\" \/>\n<link rel=\"canonical\" href=\"https:\/\/www.nb.no\/nettbutikk\/produkt\/verden-og-buksene\/\" \/>\n<meta property=\"og:locale\" content=\"nb_NO\" \/>\n<meta property=\"og:type\" content=\"article\" \/>\n<meta property=\"og:title\" content=\"Verden og buksene - NB Nettbutikk\" \/>\n<meta property=\"og:description\" content=\"I juni 1953 ble Gunvor Hofmo innlagt p\u00e5 Gaustad sykehus. Hvordan forholdt psykiatrien seg til at Hofmo forelsket seg i kvinner? I hvilken grad ble homoseksualiteten forst\u00e5tt som en del av sykdomsbildet, noe som skulle kureres? Og hva innebar \u00e5penheten mot kvinner for Hofmo selv? Disse sp\u00f8rsm\u00e5lene danner utgangspunktet for Verden og buksene. Et Gunvor Hofmo-fragment. Boken baserer seg blant annet p\u00e5 arkivhistoriske fragmenter; den er en refleksjon over \u00e9n side av Hofmos liv, men like mye et stykke kultur- og mentalitetshistorie.\" \/>\n<meta property=\"og:url\" content=\"https:\/\/www.nb.no\/nettbutikk\/produkt\/verden-og-buksene\/\" \/>\n<meta property=\"og:site_name\" content=\"NB Nettbutikk\" \/>\n<meta property=\"article:modified_time\" content=\"2026-04-15T06:19:48+00:00\" \/>\n<meta property=\"og:image\" content=\"https:\/\/www.nb.no\/content\/uploads\/sites\/5\/2022\/10\/E6mp-pifWn-U4mniGoxN3v_N_3Ic7pZvNzWXmtSeAfwEdISlseMtz-LQcmF_RpTHmH6qFOvbiVOwGGoMAohAbA.jpg\" \/>\n\t<meta property=\"og:image:width\" content=\"1515\" \/>\n\t<meta property=\"og:image:height\" content=\"2474\" \/>\n\t<meta property=\"og:image:type\" content=\"image\/jpeg\" \/>\n<meta name=\"twitter:card\" content=\"summary_large_image\" \/>\n<meta name=\"twitter:label1\" content=\"Ansl. lesetid\" \/>\n\t<meta name=\"twitter:data1\" content=\"1 minutt\" \/>\n<script type=\"application\/ld+json\" class=\"yoast-schema-graph\">{\"@context\":\"https:\/\/schema.org\",\"@graph\":[{\"@type\":\"WebPage\",\"@id\":\"https:\/\/www.nb.no\/nettbutikk\/produkt\/verden-og-buksene\/\",\"url\":\"https:\/\/www.nb.no\/nettbutikk\/produkt\/verden-og-buksene\/\",\"name\":\"Verden og buksene - NB Nettbutikk\",\"isPartOf\":{\"@id\":\"https:\/\/www.nb.no\/nettbutikk\/#website\"},\"primaryImageOfPage\":{\"@id\":\"https:\/\/www.nb.no\/nettbutikk\/produkt\/verden-og-buksene\/#primaryimage\"},\"image\":{\"@id\":\"https:\/\/www.nb.no\/nettbutikk\/produkt\/verden-og-buksene\/#primaryimage\"},\"thumbnailUrl\":\"https:\/\/www.nb.no\/content\/uploads\/sites\/5\/2022\/10\/E6mp-pifWn-U4mniGoxN3v_N_3Ic7pZvNzWXmtSeAfwEdISlseMtz-LQcmF_RpTHmH6qFOvbiVOwGGoMAohAbA.jpg\",\"datePublished\":\"2022-10-11T07:18:23+00:00\",\"dateModified\":\"2026-04-15T06:19:48+00:00\",\"breadcrumb\":{\"@id\":\"https:\/\/www.nb.no\/nettbutikk\/produkt\/verden-og-buksene\/#breadcrumb\"},\"inLanguage\":\"nb-NO\",\"potentialAction\":[{\"@type\":\"ReadAction\",\"target\":[\"https:\/\/www.nb.no\/nettbutikk\/produkt\/verden-og-buksene\/\"]}]},{\"@type\":\"ImageObject\",\"inLanguage\":\"nb-NO\",\"@id\":\"https:\/\/www.nb.no\/nettbutikk\/produkt\/verden-og-buksene\/#primaryimage\",\"url\":\"https:\/\/www.nb.no\/content\/uploads\/sites\/5\/2022\/10\/E6mp-pifWn-U4mniGoxN3v_N_3Ic7pZvNzWXmtSeAfwEdISlseMtz-LQcmF_RpTHmH6qFOvbiVOwGGoMAohAbA.jpg\",\"contentUrl\":\"https:\/\/www.nb.no\/content\/uploads\/sites\/5\/2022\/10\/E6mp-pifWn-U4mniGoxN3v_N_3Ic7pZvNzWXmtSeAfwEdISlseMtz-LQcmF_RpTHmH6qFOvbiVOwGGoMAohAbA.jpg\",\"width\":1515,\"height\":2474,\"caption\":\"Verden og buksene\"},{\"@type\":\"BreadcrumbList\",\"@id\":\"https:\/\/www.nb.no\/nettbutikk\/produkt\/verden-og-buksene\/#breadcrumb\",\"itemListElement\":[{\"@type\":\"ListItem\",\"position\":1,\"name\":\"Home\",\"item\":\"https:\/\/www.nb.no\/nettbutikk\/\"},{\"@type\":\"ListItem\",\"position\":2,\"name\":\"Butikk\",\"item\":\"https:\/\/www.nb.no\/nettbutikk\/butikk\/\"},{\"@type\":\"ListItem\",\"position\":3,\"name\":\"Verden og buksene\"}]},{\"@type\":\"WebSite\",\"@id\":\"https:\/\/www.nb.no\/nettbutikk\/#website\",\"url\":\"https:\/\/www.nb.no\/nettbutikk\/\",\"name\":\"NB Nettbutikk\",\"description\":\"\",\"potentialAction\":[{\"@type\":\"SearchAction\",\"target\":{\"@type\":\"EntryPoint\",\"urlTemplate\":\"https:\/\/www.nb.no\/nettbutikk\/?s={search_term_string}\"},\"query-input\":{\"@type\":\"PropertyValueSpecification\",\"valueRequired\":true,\"valueName\":\"search_term_string\"}}],\"inLanguage\":\"nb-NO\"}]}<\/script>\n<!-- \/ Yoast SEO plugin. -->","yoast_head_json":{"title":"Verden og buksene - NB Nettbutikk","robots":{"index":"index","follow":"follow","max-snippet":"max-snippet:-1","max-image-preview":"max-image-preview:large","max-video-preview":"max-video-preview:-1"},"canonical":"https:\/\/www.nb.no\/nettbutikk\/produkt\/verden-og-buksene\/","og_locale":"nb_NO","og_type":"article","og_title":"Verden og buksene - NB Nettbutikk","og_description":"I juni 1953 ble Gunvor Hofmo innlagt p\u00e5 Gaustad sykehus. Hvordan forholdt psykiatrien seg til at Hofmo forelsket seg i kvinner? I hvilken grad ble homoseksualiteten forst\u00e5tt som en del av sykdomsbildet, noe som skulle kureres? Og hva innebar \u00e5penheten mot kvinner for Hofmo selv? Disse sp\u00f8rsm\u00e5lene danner utgangspunktet for Verden og buksene. Et Gunvor Hofmo-fragment. Boken baserer seg blant annet p\u00e5 arkivhistoriske fragmenter; den er en refleksjon over \u00e9n side av Hofmos liv, men like mye et stykke kultur- og mentalitetshistorie.","og_url":"https:\/\/www.nb.no\/nettbutikk\/produkt\/verden-og-buksene\/","og_site_name":"NB Nettbutikk","article_modified_time":"2026-04-15T06:19:48+00:00","og_image":[{"width":1515,"height":2474,"url":"https:\/\/www.nb.no\/content\/uploads\/sites\/5\/2022\/10\/E6mp-pifWn-U4mniGoxN3v_N_3Ic7pZvNzWXmtSeAfwEdISlseMtz-LQcmF_RpTHmH6qFOvbiVOwGGoMAohAbA.jpg","type":"image\/jpeg"}],"twitter_card":"summary_large_image","twitter_misc":{"Ansl. lesetid":"1 minutt"},"schema":{"@context":"https:\/\/schema.org","@graph":[{"@type":"WebPage","@id":"https:\/\/www.nb.no\/nettbutikk\/produkt\/verden-og-buksene\/","url":"https:\/\/www.nb.no\/nettbutikk\/produkt\/verden-og-buksene\/","name":"Verden og buksene - NB Nettbutikk","isPartOf":{"@id":"https:\/\/www.nb.no\/nettbutikk\/#website"},"primaryImageOfPage":{"@id":"https:\/\/www.nb.no\/nettbutikk\/produkt\/verden-og-buksene\/#primaryimage"},"image":{"@id":"https:\/\/www.nb.no\/nettbutikk\/produkt\/verden-og-buksene\/#primaryimage"},"thumbnailUrl":"https:\/\/www.nb.no\/content\/uploads\/sites\/5\/2022\/10\/E6mp-pifWn-U4mniGoxN3v_N_3Ic7pZvNzWXmtSeAfwEdISlseMtz-LQcmF_RpTHmH6qFOvbiVOwGGoMAohAbA.jpg","datePublished":"2022-10-11T07:18:23+00:00","dateModified":"2026-04-15T06:19:48+00:00","breadcrumb":{"@id":"https:\/\/www.nb.no\/nettbutikk\/produkt\/verden-og-buksene\/#breadcrumb"},"inLanguage":"nb-NO","potentialAction":[{"@type":"ReadAction","target":["https:\/\/www.nb.no\/nettbutikk\/produkt\/verden-og-buksene\/"]}]},{"@type":"ImageObject","inLanguage":"nb-NO","@id":"https:\/\/www.nb.no\/nettbutikk\/produkt\/verden-og-buksene\/#primaryimage","url":"https:\/\/www.nb.no\/content\/uploads\/sites\/5\/2022\/10\/E6mp-pifWn-U4mniGoxN3v_N_3Ic7pZvNzWXmtSeAfwEdISlseMtz-LQcmF_RpTHmH6qFOvbiVOwGGoMAohAbA.jpg","contentUrl":"https:\/\/www.nb.no\/content\/uploads\/sites\/5\/2022\/10\/E6mp-pifWn-U4mniGoxN3v_N_3Ic7pZvNzWXmtSeAfwEdISlseMtz-LQcmF_RpTHmH6qFOvbiVOwGGoMAohAbA.jpg","width":1515,"height":2474,"caption":"Verden og buksene"},{"@type":"BreadcrumbList","@id":"https:\/\/www.nb.no\/nettbutikk\/produkt\/verden-og-buksene\/#breadcrumb","itemListElement":[{"@type":"ListItem","position":1,"name":"Home","item":"https:\/\/www.nb.no\/nettbutikk\/"},{"@type":"ListItem","position":2,"name":"Butikk","item":"https:\/\/www.nb.no\/nettbutikk\/butikk\/"},{"@type":"ListItem","position":3,"name":"Verden og buksene"}]},{"@type":"WebSite","@id":"https:\/\/www.nb.no\/nettbutikk\/#website","url":"https:\/\/www.nb.no\/nettbutikk\/","name":"NB Nettbutikk","description":"","potentialAction":[{"@type":"SearchAction","target":{"@type":"EntryPoint","urlTemplate":"https:\/\/www.nb.no\/nettbutikk\/?s={search_term_string}"},"query-input":{"@type":"PropertyValueSpecification","valueRequired":true,"valueName":"search_term_string"}}],"inLanguage":"nb-NO"}]}},"_links":{"self":[{"href":"https:\/\/www.nb.no\/nettbutikk\/wp-json\/wp\/v2\/product\/15655","targetHints":{"allow":["GET"]}}],"collection":[{"href":"https:\/\/www.nb.no\/nettbutikk\/wp-json\/wp\/v2\/product"}],"about":[{"href":"https:\/\/www.nb.no\/nettbutikk\/wp-json\/wp\/v2\/types\/product"}],"wp:featuredmedia":[{"embeddable":true,"href":"https:\/\/www.nb.no\/nettbutikk\/wp-json\/wp\/v2\/media\/15652"}],"wp:attachment":[{"href":"https:\/\/www.nb.no\/nettbutikk\/wp-json\/wp\/v2\/media?parent=15655"}],"wp:term":[{"taxonomy":"product_brand","embeddable":true,"href":"https:\/\/www.nb.no\/nettbutikk\/wp-json\/wp\/v2\/product_brand?post=15655"},{"taxonomy":"product_cat","embeddable":true,"href":"https:\/\/www.nb.no\/nettbutikk\/wp-json\/wp\/v2\/product_cat?post=15655"},{"taxonomy":"product_tag","embeddable":true,"href":"https:\/\/www.nb.no\/nettbutikk\/wp-json\/wp\/v2\/product_tag?post=15655"}],"curies":[{"name":"wp","href":"https:\/\/api.w.org\/{rel}","templated":true}]}}