{"id":15646,"date":"2022-10-11T09:18:21","date_gmt":"2022-10-11T07:18:21","guid":{"rendered":"https:\/\/www.nb.no\/nettbutikk\/produkt\/pedro-carmona-alvarez-leser-tor-jonsson\/"},"modified":"2026-04-15T08:19:48","modified_gmt":"2026-04-15T06:19:48","slug":"pedro-carmona-alvarez-leser-tor-jonsson","status":"publish","type":"product","link":"https:\/\/www.nb.no\/nettbutikk\/produkt\/pedro-carmona-alvarez-leser-tor-jonsson\/","title":{"rendered":"Pedro Carmona-Alvarez leser Tor Jonsson"},"content":{"rendered":"","protected":false},"excerpt":{"rendered":"<p>\u00abJeg pr\u00f8ver \u00e5 tenke, \u00e5 lese, \u00e5 finne ut hvorfor Tor Jonssons liv og skrift fyller meg med ubehag.\u00bb<\/p>\n<p>Lengselen etter kj\u00e6rlighet og d\u00f8d g\u00e5r som en r\u00f8d tr\u00e5d gjennom Tor Jonssons forfatterskap. Men hva annet finnes? Og hvordan kan man som forfatter og leser av i dag n\u00e6rme seg Jonssons litteratur? Det s\u00f8ker Pedro Carmona-Alvarez svar p\u00e5 i sitt foredrag, et sammenst\u00f8t mellom to tider og stemmer.<\/p>\n","protected":false},"featured_media":15643,"template":"","meta":{"nb_hide_title":false,"nb_breadcrumb_title_override":""},"product_brand":[],"product_cat":[190],"product_tag":[3825],"class_list":{"0":"post-15646","1":"product","2":"type-product","3":"status-publish","4":"has-post-thumbnail","6":"product_cat-fortidens-folkelesning","7":"product_tag-litteratur","9":"first","10":"instock","11":"shipping-taxable","12":"purchasable","13":"product-type-simple"},"yoast_head":"<!-- This site is optimized with the Yoast SEO plugin v27.1.1 - https:\/\/yoast.com\/product\/yoast-seo-wordpress\/ -->\n<title>Pedro Carmona-Alvarez leser Tor Jonsson - NB Nettbutikk<\/title>\n<meta name=\"robots\" content=\"index, follow, max-snippet:-1, max-image-preview:large, max-video-preview:-1\" \/>\n<link rel=\"canonical\" href=\"https:\/\/www.nb.no\/nettbutikk\/produkt\/pedro-carmona-alvarez-leser-tor-jonsson\/\" \/>\n<meta property=\"og:locale\" content=\"nb_NO\" \/>\n<meta property=\"og:type\" content=\"article\" \/>\n<meta property=\"og:title\" content=\"Pedro Carmona-Alvarez leser Tor Jonsson - NB Nettbutikk\" \/>\n<meta property=\"og:description\" content=\"\u00abJeg pr\u00f8ver \u00e5 tenke, \u00e5 lese, \u00e5 finne ut hvorfor Tor Jonssons liv og skrift fyller meg med ubehag.\u00bb Lengselen etter kj\u00e6rlighet og d\u00f8d g\u00e5r som en r\u00f8d tr\u00e5d gjennom Tor Jonssons forfatterskap. Men hva annet finnes? Og hvordan kan man som forfatter og leser av i dag n\u00e6rme seg Jonssons litteratur? Det s\u00f8ker Pedro Carmona-Alvarez svar p\u00e5 i sitt foredrag, et sammenst\u00f8t mellom to tider og stemmer.\" \/>\n<meta property=\"og:url\" content=\"https:\/\/www.nb.no\/nettbutikk\/produkt\/pedro-carmona-alvarez-leser-tor-jonsson\/\" \/>\n<meta property=\"og:site_name\" content=\"NB Nettbutikk\" \/>\n<meta property=\"article:modified_time\" content=\"2026-04-15T06:19:48+00:00\" \/>\n<meta property=\"og:image\" content=\"https:\/\/www.nb.no\/content\/uploads\/sites\/5\/2022\/10\/E6mp-pifWn-U4mniGoxN3v_N_3Ic7pZvNzWXmtHJBKwEd4yrsOUtnbbeLmV9EcOVzi_5Q-mK2gmwGjoIAohAbA.jpg\" \/>\n\t<meta property=\"og:image:width\" content=\"1299\" \/>\n\t<meta property=\"og:image:height\" content=\"1890\" \/>\n\t<meta property=\"og:image:type\" content=\"image\/jpeg\" \/>\n<meta name=\"twitter:card\" content=\"summary_large_image\" \/>\n<script type=\"application\/ld+json\" class=\"yoast-schema-graph\">{\"@context\":\"https:\/\/schema.org\",\"@graph\":[{\"@type\":\"WebPage\",\"@id\":\"https:\/\/www.nb.no\/nettbutikk\/produkt\/pedro-carmona-alvarez-leser-tor-jonsson\/\",\"url\":\"https:\/\/www.nb.no\/nettbutikk\/produkt\/pedro-carmona-alvarez-leser-tor-jonsson\/\",\"name\":\"Pedro Carmona-Alvarez leser Tor Jonsson - NB Nettbutikk\",\"isPartOf\":{\"@id\":\"https:\/\/www.nb.no\/nettbutikk\/#website\"},\"primaryImageOfPage\":{\"@id\":\"https:\/\/www.nb.no\/nettbutikk\/produkt\/pedro-carmona-alvarez-leser-tor-jonsson\/#primaryimage\"},\"image\":{\"@id\":\"https:\/\/www.nb.no\/nettbutikk\/produkt\/pedro-carmona-alvarez-leser-tor-jonsson\/#primaryimage\"},\"thumbnailUrl\":\"https:\/\/www.nb.no\/content\/uploads\/sites\/5\/2022\/10\/E6mp-pifWn-U4mniGoxN3v_N_3Ic7pZvNzWXmtHJBKwEd4yrsOUtnbbeLmV9EcOVzi_5Q-mK2gmwGjoIAohAbA.jpg\",\"datePublished\":\"2022-10-11T07:18:21+00:00\",\"dateModified\":\"2026-04-15T06:19:48+00:00\",\"breadcrumb\":{\"@id\":\"https:\/\/www.nb.no\/nettbutikk\/produkt\/pedro-carmona-alvarez-leser-tor-jonsson\/#breadcrumb\"},\"inLanguage\":\"nb-NO\",\"potentialAction\":[{\"@type\":\"ReadAction\",\"target\":[\"https:\/\/www.nb.no\/nettbutikk\/produkt\/pedro-carmona-alvarez-leser-tor-jonsson\/\"]}]},{\"@type\":\"ImageObject\",\"inLanguage\":\"nb-NO\",\"@id\":\"https:\/\/www.nb.no\/nettbutikk\/produkt\/pedro-carmona-alvarez-leser-tor-jonsson\/#primaryimage\",\"url\":\"https:\/\/www.nb.no\/content\/uploads\/sites\/5\/2022\/10\/E6mp-pifWn-U4mniGoxN3v_N_3Ic7pZvNzWXmtHJBKwEd4yrsOUtnbbeLmV9EcOVzi_5Q-mK2gmwGjoIAohAbA.jpg\",\"contentUrl\":\"https:\/\/www.nb.no\/content\/uploads\/sites\/5\/2022\/10\/E6mp-pifWn-U4mniGoxN3v_N_3Ic7pZvNzWXmtHJBKwEd4yrsOUtnbbeLmV9EcOVzi_5Q-mK2gmwGjoIAohAbA.jpg\",\"width\":1299,\"height\":1890,\"caption\":\"Pedro Carmona-Alvarez leser Tor Jonsson\"},{\"@type\":\"BreadcrumbList\",\"@id\":\"https:\/\/www.nb.no\/nettbutikk\/produkt\/pedro-carmona-alvarez-leser-tor-jonsson\/#breadcrumb\",\"itemListElement\":[{\"@type\":\"ListItem\",\"position\":1,\"name\":\"Home\",\"item\":\"https:\/\/www.nb.no\/nettbutikk\/\"},{\"@type\":\"ListItem\",\"position\":2,\"name\":\"Butikk\",\"item\":\"https:\/\/www.nb.no\/nettbutikk\/butikk\/\"},{\"@type\":\"ListItem\",\"position\":3,\"name\":\"Pedro Carmona-Alvarez leser Tor Jonsson\"}]},{\"@type\":\"WebSite\",\"@id\":\"https:\/\/www.nb.no\/nettbutikk\/#website\",\"url\":\"https:\/\/www.nb.no\/nettbutikk\/\",\"name\":\"NB Nettbutikk\",\"description\":\"\",\"potentialAction\":[{\"@type\":\"SearchAction\",\"target\":{\"@type\":\"EntryPoint\",\"urlTemplate\":\"https:\/\/www.nb.no\/nettbutikk\/?s={search_term_string}\"},\"query-input\":{\"@type\":\"PropertyValueSpecification\",\"valueRequired\":true,\"valueName\":\"search_term_string\"}}],\"inLanguage\":\"nb-NO\"}]}<\/script>\n<!-- \/ Yoast SEO plugin. -->","yoast_head_json":{"title":"Pedro Carmona-Alvarez leser Tor Jonsson - NB Nettbutikk","robots":{"index":"index","follow":"follow","max-snippet":"max-snippet:-1","max-image-preview":"max-image-preview:large","max-video-preview":"max-video-preview:-1"},"canonical":"https:\/\/www.nb.no\/nettbutikk\/produkt\/pedro-carmona-alvarez-leser-tor-jonsson\/","og_locale":"nb_NO","og_type":"article","og_title":"Pedro Carmona-Alvarez leser Tor Jonsson - NB Nettbutikk","og_description":"\u00abJeg pr\u00f8ver \u00e5 tenke, \u00e5 lese, \u00e5 finne ut hvorfor Tor Jonssons liv og skrift fyller meg med ubehag.\u00bb Lengselen etter kj\u00e6rlighet og d\u00f8d g\u00e5r som en r\u00f8d tr\u00e5d gjennom Tor Jonssons forfatterskap. Men hva annet finnes? Og hvordan kan man som forfatter og leser av i dag n\u00e6rme seg Jonssons litteratur? Det s\u00f8ker Pedro Carmona-Alvarez svar p\u00e5 i sitt foredrag, et sammenst\u00f8t mellom to tider og stemmer.","og_url":"https:\/\/www.nb.no\/nettbutikk\/produkt\/pedro-carmona-alvarez-leser-tor-jonsson\/","og_site_name":"NB Nettbutikk","article_modified_time":"2026-04-15T06:19:48+00:00","og_image":[{"width":1299,"height":1890,"url":"https:\/\/www.nb.no\/content\/uploads\/sites\/5\/2022\/10\/E6mp-pifWn-U4mniGoxN3v_N_3Ic7pZvNzWXmtHJBKwEd4yrsOUtnbbeLmV9EcOVzi_5Q-mK2gmwGjoIAohAbA.jpg","type":"image\/jpeg"}],"twitter_card":"summary_large_image","schema":{"@context":"https:\/\/schema.org","@graph":[{"@type":"WebPage","@id":"https:\/\/www.nb.no\/nettbutikk\/produkt\/pedro-carmona-alvarez-leser-tor-jonsson\/","url":"https:\/\/www.nb.no\/nettbutikk\/produkt\/pedro-carmona-alvarez-leser-tor-jonsson\/","name":"Pedro Carmona-Alvarez leser Tor Jonsson - NB Nettbutikk","isPartOf":{"@id":"https:\/\/www.nb.no\/nettbutikk\/#website"},"primaryImageOfPage":{"@id":"https:\/\/www.nb.no\/nettbutikk\/produkt\/pedro-carmona-alvarez-leser-tor-jonsson\/#primaryimage"},"image":{"@id":"https:\/\/www.nb.no\/nettbutikk\/produkt\/pedro-carmona-alvarez-leser-tor-jonsson\/#primaryimage"},"thumbnailUrl":"https:\/\/www.nb.no\/content\/uploads\/sites\/5\/2022\/10\/E6mp-pifWn-U4mniGoxN3v_N_3Ic7pZvNzWXmtHJBKwEd4yrsOUtnbbeLmV9EcOVzi_5Q-mK2gmwGjoIAohAbA.jpg","datePublished":"2022-10-11T07:18:21+00:00","dateModified":"2026-04-15T06:19:48+00:00","breadcrumb":{"@id":"https:\/\/www.nb.no\/nettbutikk\/produkt\/pedro-carmona-alvarez-leser-tor-jonsson\/#breadcrumb"},"inLanguage":"nb-NO","potentialAction":[{"@type":"ReadAction","target":["https:\/\/www.nb.no\/nettbutikk\/produkt\/pedro-carmona-alvarez-leser-tor-jonsson\/"]}]},{"@type":"ImageObject","inLanguage":"nb-NO","@id":"https:\/\/www.nb.no\/nettbutikk\/produkt\/pedro-carmona-alvarez-leser-tor-jonsson\/#primaryimage","url":"https:\/\/www.nb.no\/content\/uploads\/sites\/5\/2022\/10\/E6mp-pifWn-U4mniGoxN3v_N_3Ic7pZvNzWXmtHJBKwEd4yrsOUtnbbeLmV9EcOVzi_5Q-mK2gmwGjoIAohAbA.jpg","contentUrl":"https:\/\/www.nb.no\/content\/uploads\/sites\/5\/2022\/10\/E6mp-pifWn-U4mniGoxN3v_N_3Ic7pZvNzWXmtHJBKwEd4yrsOUtnbbeLmV9EcOVzi_5Q-mK2gmwGjoIAohAbA.jpg","width":1299,"height":1890,"caption":"Pedro Carmona-Alvarez leser Tor Jonsson"},{"@type":"BreadcrumbList","@id":"https:\/\/www.nb.no\/nettbutikk\/produkt\/pedro-carmona-alvarez-leser-tor-jonsson\/#breadcrumb","itemListElement":[{"@type":"ListItem","position":1,"name":"Home","item":"https:\/\/www.nb.no\/nettbutikk\/"},{"@type":"ListItem","position":2,"name":"Butikk","item":"https:\/\/www.nb.no\/nettbutikk\/butikk\/"},{"@type":"ListItem","position":3,"name":"Pedro Carmona-Alvarez leser Tor Jonsson"}]},{"@type":"WebSite","@id":"https:\/\/www.nb.no\/nettbutikk\/#website","url":"https:\/\/www.nb.no\/nettbutikk\/","name":"NB Nettbutikk","description":"","potentialAction":[{"@type":"SearchAction","target":{"@type":"EntryPoint","urlTemplate":"https:\/\/www.nb.no\/nettbutikk\/?s={search_term_string}"},"query-input":{"@type":"PropertyValueSpecification","valueRequired":true,"valueName":"search_term_string"}}],"inLanguage":"nb-NO"}]}},"_links":{"self":[{"href":"https:\/\/www.nb.no\/nettbutikk\/wp-json\/wp\/v2\/product\/15646","targetHints":{"allow":["GET"]}}],"collection":[{"href":"https:\/\/www.nb.no\/nettbutikk\/wp-json\/wp\/v2\/product"}],"about":[{"href":"https:\/\/www.nb.no\/nettbutikk\/wp-json\/wp\/v2\/types\/product"}],"wp:featuredmedia":[{"embeddable":true,"href":"https:\/\/www.nb.no\/nettbutikk\/wp-json\/wp\/v2\/media\/15643"}],"wp:attachment":[{"href":"https:\/\/www.nb.no\/nettbutikk\/wp-json\/wp\/v2\/media?parent=15646"}],"wp:term":[{"taxonomy":"product_brand","embeddable":true,"href":"https:\/\/www.nb.no\/nettbutikk\/wp-json\/wp\/v2\/product_brand?post=15646"},{"taxonomy":"product_cat","embeddable":true,"href":"https:\/\/www.nb.no\/nettbutikk\/wp-json\/wp\/v2\/product_cat?post=15646"},{"taxonomy":"product_tag","embeddable":true,"href":"https:\/\/www.nb.no\/nettbutikk\/wp-json\/wp\/v2\/product_tag?post=15646"}],"curies":[{"name":"wp","href":"https:\/\/api.w.org\/{rel}","templated":true}]}}