{"id":15628,"date":"2022-10-11T09:18:18","date_gmt":"2022-10-11T07:18:18","guid":{"rendered":"https:\/\/www.nb.no\/nettbutikk\/produkt\/gjest-baardsen\/"},"modified":"2026-04-20T11:08:40","modified_gmt":"2026-04-20T09:08:40","slug":"gjest-baardsen","status":"publish","type":"product","link":"https:\/\/www.nb.no\/nettbutikk\/produkt\/gjest-baardsen\/","title":{"rendered":"Gjest Baardsen"},"content":{"rendered":"","protected":false},"excerpt":{"rendered":"<p>I <i>Gjest Baardsen<\/i> (1939) beretter regiss\u00f8ren Tancred Ibsen en energisk og forledende historie om den kjente mestertyven Baardsen, spilt av Alfred Maurstad i storform. Baardsens jakt p\u00e5 frihet tegnes gjennom en aktiv bruk av landskap, milj\u00f8, forflytninger og kvikke replikker.<\/p>\n<p>Tancred Ibsen er den mest betydningsfulle og produktive filmskaperen fra den norske filmens gullalder i 1930-\u00e5rene. Nestoren Ibsen skrev og regisserte opptil flere filmer i \u00e5ret, mange av dem klassikere i dag.<\/p>\n<p>Denne nyutgivelsen inneholder et hefte med tekst av Rune Christiansen, p\u00e5 b\u00e5de norsk og engelsk. Som bonusmateriale p\u00e5 disken er en radioreportasje fra filminnspillingen, samt et bildegalleri med originale arkitekttegninger.<\/p>\n","protected":false},"featured_media":15625,"template":"","meta":{"nb_hide_title":false,"nb_breadcrumb_title_override":""},"product_brand":[],"product_cat":[1665],"product_tag":[3815,3817,3881],"class_list":{"0":"post-15628","1":"product","2":"type-product","3":"status-publish","4":"has-post-thumbnail","6":"product_cat-filmer","7":"product_tag-1930-tallet","8":"product_tag-film","9":"product_tag-tancred-ibsen","11":"first","12":"instock","13":"taxable","14":"shipping-taxable","15":"purchasable","16":"product-type-simple"},"yoast_head":"<!-- This site is optimized with the Yoast SEO plugin v27.1.1 - https:\/\/yoast.com\/product\/yoast-seo-wordpress\/ -->\n<title>Gjest Baardsen - NB Nettbutikk<\/title>\n<meta name=\"description\" content=\"I Gjest Baardsen (1939) beretter regiss\u00f8ren Tancred Ibsen en energisk og forledende historie om den kjente mestertyven Baardsen, spilt av Alfred Maurstad i storform.\" \/>\n<meta name=\"robots\" content=\"index, follow, max-snippet:-1, max-image-preview:large, max-video-preview:-1\" \/>\n<link rel=\"canonical\" href=\"https:\/\/www.nb.no\/nettbutikk\/produkt\/gjest-baardsen\/\" \/>\n<meta property=\"og:locale\" content=\"nb_NO\" \/>\n<meta property=\"og:type\" content=\"article\" \/>\n<meta property=\"og:title\" content=\"Gjest Baardsen - NB Nettbutikk\" \/>\n<meta property=\"og:description\" content=\"I Gjest Baardsen (1939) beretter regiss\u00f8ren Tancred Ibsen en energisk og forledende historie om den kjente mestertyven Baardsen, spilt av Alfred Maurstad i storform.\" \/>\n<meta property=\"og:url\" content=\"https:\/\/www.nb.no\/nettbutikk\/produkt\/gjest-baardsen\/\" \/>\n<meta property=\"og:site_name\" content=\"NB Nettbutikk\" \/>\n<meta property=\"article:modified_time\" content=\"2026-04-20T09:08:40+00:00\" \/>\n<meta property=\"og:image\" content=\"https:\/\/www.nb.no\/content\/uploads\/sites\/5\/2022\/10\/E6mp-pifWn-U4mniGoxN3v_N_3Ic7pZvNzWXmofJAP5dI9epsecsmrbcLzQtQsTCzX75QO_eilm2HzpcAohAbA-scaled.jpg\" \/>\n\t<meta property=\"og:image:width\" content=\"2560\" \/>\n\t<meta property=\"og:image:height\" content=\"1921\" \/>\n\t<meta property=\"og:image:type\" content=\"image\/jpeg\" \/>\n<meta name=\"twitter:card\" content=\"summary_large_image\" \/>\n<meta name=\"twitter:label1\" content=\"Ansl. lesetid\" \/>\n\t<meta name=\"twitter:data1\" content=\"1 minutt\" \/>\n<script type=\"application\/ld+json\" class=\"yoast-schema-graph\">{\"@context\":\"https:\/\/schema.org\",\"@graph\":[{\"@type\":\"WebPage\",\"@id\":\"https:\/\/www.nb.no\/nettbutikk\/produkt\/gjest-baardsen\/\",\"url\":\"https:\/\/www.nb.no\/nettbutikk\/produkt\/gjest-baardsen\/\",\"name\":\"Gjest Baardsen - NB Nettbutikk\",\"isPartOf\":{\"@id\":\"https:\/\/www.nb.no\/nettbutikk\/#website\"},\"primaryImageOfPage\":{\"@id\":\"https:\/\/www.nb.no\/nettbutikk\/produkt\/gjest-baardsen\/#primaryimage\"},\"image\":{\"@id\":\"https:\/\/www.nb.no\/nettbutikk\/produkt\/gjest-baardsen\/#primaryimage\"},\"thumbnailUrl\":\"https:\/\/www.nb.no\/content\/uploads\/sites\/5\/2022\/10\/E6mp-pifWn-U4mniGoxN3v_N_3Ic7pZvNzWXmofJAP5dI9epsecsmrbcLzQtQsTCzX75QO_eilm2HzpcAohAbA-scaled.jpg\",\"datePublished\":\"2022-10-11T07:18:18+00:00\",\"dateModified\":\"2026-04-20T09:08:40+00:00\",\"description\":\"I Gjest Baardsen (1939) beretter regiss\u00f8ren Tancred Ibsen en energisk og forledende historie om den kjente mestertyven Baardsen, spilt av Alfred Maurstad i storform.\",\"breadcrumb\":{\"@id\":\"https:\/\/www.nb.no\/nettbutikk\/produkt\/gjest-baardsen\/#breadcrumb\"},\"inLanguage\":\"nb-NO\",\"potentialAction\":[{\"@type\":\"ReadAction\",\"target\":[\"https:\/\/www.nb.no\/nettbutikk\/produkt\/gjest-baardsen\/\"]}]},{\"@type\":\"ImageObject\",\"inLanguage\":\"nb-NO\",\"@id\":\"https:\/\/www.nb.no\/nettbutikk\/produkt\/gjest-baardsen\/#primaryimage\",\"url\":\"https:\/\/www.nb.no\/content\/uploads\/sites\/5\/2022\/10\/E6mp-pifWn-U4mniGoxN3v_N_3Ic7pZvNzWXmofJAP5dI9epsecsmrbcLzQtQsTCzX75QO_eilm2HzpcAohAbA-scaled.jpg\",\"contentUrl\":\"https:\/\/www.nb.no\/content\/uploads\/sites\/5\/2022\/10\/E6mp-pifWn-U4mniGoxN3v_N_3Ic7pZvNzWXmofJAP5dI9epsecsmrbcLzQtQsTCzX75QO_eilm2HzpcAohAbA-scaled.jpg\",\"width\":2560,\"height\":1921,\"caption\":\"Gjest Baardsen\"},{\"@type\":\"BreadcrumbList\",\"@id\":\"https:\/\/www.nb.no\/nettbutikk\/produkt\/gjest-baardsen\/#breadcrumb\",\"itemListElement\":[{\"@type\":\"ListItem\",\"position\":1,\"name\":\"Home\",\"item\":\"https:\/\/www.nb.no\/nettbutikk\/\"},{\"@type\":\"ListItem\",\"position\":2,\"name\":\"Butikk\",\"item\":\"https:\/\/www.nb.no\/nettbutikk\/butikk\/\"},{\"@type\":\"ListItem\",\"position\":3,\"name\":\"Gjest Baardsen\"}]},{\"@type\":\"WebSite\",\"@id\":\"https:\/\/www.nb.no\/nettbutikk\/#website\",\"url\":\"https:\/\/www.nb.no\/nettbutikk\/\",\"name\":\"NB Nettbutikk\",\"description\":\"\",\"potentialAction\":[{\"@type\":\"SearchAction\",\"target\":{\"@type\":\"EntryPoint\",\"urlTemplate\":\"https:\/\/www.nb.no\/nettbutikk\/?s={search_term_string}\"},\"query-input\":{\"@type\":\"PropertyValueSpecification\",\"valueRequired\":true,\"valueName\":\"search_term_string\"}}],\"inLanguage\":\"nb-NO\"}]}<\/script>\n<!-- \/ Yoast SEO plugin. -->","yoast_head_json":{"title":"Gjest Baardsen - NB Nettbutikk","description":"I Gjest Baardsen (1939) beretter regiss\u00f8ren Tancred Ibsen en energisk og forledende historie om den kjente mestertyven Baardsen, spilt av Alfred Maurstad i storform.","robots":{"index":"index","follow":"follow","max-snippet":"max-snippet:-1","max-image-preview":"max-image-preview:large","max-video-preview":"max-video-preview:-1"},"canonical":"https:\/\/www.nb.no\/nettbutikk\/produkt\/gjest-baardsen\/","og_locale":"nb_NO","og_type":"article","og_title":"Gjest Baardsen - NB Nettbutikk","og_description":"I Gjest Baardsen (1939) beretter regiss\u00f8ren Tancred Ibsen en energisk og forledende historie om den kjente mestertyven Baardsen, spilt av Alfred Maurstad i storform.","og_url":"https:\/\/www.nb.no\/nettbutikk\/produkt\/gjest-baardsen\/","og_site_name":"NB Nettbutikk","article_modified_time":"2026-04-20T09:08:40+00:00","og_image":[{"width":2560,"height":1921,"url":"https:\/\/www.nb.no\/content\/uploads\/sites\/5\/2022\/10\/E6mp-pifWn-U4mniGoxN3v_N_3Ic7pZvNzWXmofJAP5dI9epsecsmrbcLzQtQsTCzX75QO_eilm2HzpcAohAbA-scaled.jpg","type":"image\/jpeg"}],"twitter_card":"summary_large_image","twitter_misc":{"Ansl. lesetid":"1 minutt"},"schema":{"@context":"https:\/\/schema.org","@graph":[{"@type":"WebPage","@id":"https:\/\/www.nb.no\/nettbutikk\/produkt\/gjest-baardsen\/","url":"https:\/\/www.nb.no\/nettbutikk\/produkt\/gjest-baardsen\/","name":"Gjest Baardsen - NB Nettbutikk","isPartOf":{"@id":"https:\/\/www.nb.no\/nettbutikk\/#website"},"primaryImageOfPage":{"@id":"https:\/\/www.nb.no\/nettbutikk\/produkt\/gjest-baardsen\/#primaryimage"},"image":{"@id":"https:\/\/www.nb.no\/nettbutikk\/produkt\/gjest-baardsen\/#primaryimage"},"thumbnailUrl":"https:\/\/www.nb.no\/content\/uploads\/sites\/5\/2022\/10\/E6mp-pifWn-U4mniGoxN3v_N_3Ic7pZvNzWXmofJAP5dI9epsecsmrbcLzQtQsTCzX75QO_eilm2HzpcAohAbA-scaled.jpg","datePublished":"2022-10-11T07:18:18+00:00","dateModified":"2026-04-20T09:08:40+00:00","description":"I Gjest Baardsen (1939) beretter regiss\u00f8ren Tancred Ibsen en energisk og forledende historie om den kjente mestertyven Baardsen, spilt av Alfred Maurstad i storform.","breadcrumb":{"@id":"https:\/\/www.nb.no\/nettbutikk\/produkt\/gjest-baardsen\/#breadcrumb"},"inLanguage":"nb-NO","potentialAction":[{"@type":"ReadAction","target":["https:\/\/www.nb.no\/nettbutikk\/produkt\/gjest-baardsen\/"]}]},{"@type":"ImageObject","inLanguage":"nb-NO","@id":"https:\/\/www.nb.no\/nettbutikk\/produkt\/gjest-baardsen\/#primaryimage","url":"https:\/\/www.nb.no\/content\/uploads\/sites\/5\/2022\/10\/E6mp-pifWn-U4mniGoxN3v_N_3Ic7pZvNzWXmofJAP5dI9epsecsmrbcLzQtQsTCzX75QO_eilm2HzpcAohAbA-scaled.jpg","contentUrl":"https:\/\/www.nb.no\/content\/uploads\/sites\/5\/2022\/10\/E6mp-pifWn-U4mniGoxN3v_N_3Ic7pZvNzWXmofJAP5dI9epsecsmrbcLzQtQsTCzX75QO_eilm2HzpcAohAbA-scaled.jpg","width":2560,"height":1921,"caption":"Gjest Baardsen"},{"@type":"BreadcrumbList","@id":"https:\/\/www.nb.no\/nettbutikk\/produkt\/gjest-baardsen\/#breadcrumb","itemListElement":[{"@type":"ListItem","position":1,"name":"Home","item":"https:\/\/www.nb.no\/nettbutikk\/"},{"@type":"ListItem","position":2,"name":"Butikk","item":"https:\/\/www.nb.no\/nettbutikk\/butikk\/"},{"@type":"ListItem","position":3,"name":"Gjest Baardsen"}]},{"@type":"WebSite","@id":"https:\/\/www.nb.no\/nettbutikk\/#website","url":"https:\/\/www.nb.no\/nettbutikk\/","name":"NB Nettbutikk","description":"","potentialAction":[{"@type":"SearchAction","target":{"@type":"EntryPoint","urlTemplate":"https:\/\/www.nb.no\/nettbutikk\/?s={search_term_string}"},"query-input":{"@type":"PropertyValueSpecification","valueRequired":true,"valueName":"search_term_string"}}],"inLanguage":"nb-NO"}]}},"_links":{"self":[{"href":"https:\/\/www.nb.no\/nettbutikk\/wp-json\/wp\/v2\/product\/15628","targetHints":{"allow":["GET"]}}],"collection":[{"href":"https:\/\/www.nb.no\/nettbutikk\/wp-json\/wp\/v2\/product"}],"about":[{"href":"https:\/\/www.nb.no\/nettbutikk\/wp-json\/wp\/v2\/types\/product"}],"wp:featuredmedia":[{"embeddable":true,"href":"https:\/\/www.nb.no\/nettbutikk\/wp-json\/wp\/v2\/media\/15625"}],"wp:attachment":[{"href":"https:\/\/www.nb.no\/nettbutikk\/wp-json\/wp\/v2\/media?parent=15628"}],"wp:term":[{"taxonomy":"product_brand","embeddable":true,"href":"https:\/\/www.nb.no\/nettbutikk\/wp-json\/wp\/v2\/product_brand?post=15628"},{"taxonomy":"product_cat","embeddable":true,"href":"https:\/\/www.nb.no\/nettbutikk\/wp-json\/wp\/v2\/product_cat?post=15628"},{"taxonomy":"product_tag","embeddable":true,"href":"https:\/\/www.nb.no\/nettbutikk\/wp-json\/wp\/v2\/product_tag?post=15628"}],"curies":[{"name":"wp","href":"https:\/\/api.w.org\/{rel}","templated":true}]}}