{"id":15622,"date":"2022-10-11T09:18:15","date_gmt":"2022-10-11T07:18:15","guid":{"rendered":"https:\/\/www.nb.no\/nettbutikk\/produkt\/liten-ida\/"},"modified":"2026-04-15T08:19:44","modified_gmt":"2026-04-15T06:19:44","slug":"liten-ida","status":"publish","type":"product","link":"https:\/\/www.nb.no\/nettbutikk\/produkt\/liten-ida\/","title":{"rendered":"Liten Ida"},"content":{"rendered":"","protected":false},"excerpt":{"rendered":"<p>Hovedpersonen i <i>Liten Ida<\/i> er datter av en s\u00e5kalt tyskert\u00f8s. Filmen f\u00f8lger hennes isolerte barneliv i et s\u00f8nderrevet kystsamfunn i Nord-Norge mot slutten av andre verdenskrig. I et rolig tempo og med et markant lydbilde former Mikkelsen en utradisjonell krigsfilm fra et barns perspektiv.<\/p>\n<p>Laila Mikkelsen er en av de mest betydelige regiss\u00f8rene fra 1970- og 80-\u00e5renes Norge. H\u00f8ydepunktet <i>Liten Ida<\/i> (1981) er hennes andre spillefilm.<\/p>\n<p>Denne nyutgivelsen inneholder et hefte med tekster av Ingrid Synneva Holtar og Helle Aarnes, p\u00e5 b\u00e5de norsk og engelsk.<\/p>\n","protected":false},"featured_media":15619,"template":"","meta":{"nb_hide_title":false,"nb_breadcrumb_title_override":""},"product_brand":[],"product_cat":[1665],"product_tag":[3808,3817,3811],"class_list":{"0":"post-15622","1":"product","2":"type-product","3":"status-publish","4":"has-post-thumbnail","6":"product_cat-filmer","7":"product_tag-andre-verdenskrig","8":"product_tag-film","9":"product_tag-nord-norge","11":"first","12":"instock","13":"taxable","14":"shipping-taxable","15":"purchasable","16":"product-type-simple"},"yoast_head":"<!-- This site is optimized with the Yoast SEO plugin v27.1.1 - https:\/\/yoast.com\/product\/yoast-seo-wordpress\/ -->\n<title>Liten Ida - NB Nettbutikk<\/title>\n<meta name=\"robots\" content=\"index, follow, max-snippet:-1, max-image-preview:large, max-video-preview:-1\" \/>\n<link rel=\"canonical\" href=\"https:\/\/www.nb.no\/nettbutikk\/produkt\/liten-ida\/\" \/>\n<meta property=\"og:locale\" content=\"nb_NO\" \/>\n<meta property=\"og:type\" content=\"article\" \/>\n<meta property=\"og:title\" content=\"Liten Ida - NB Nettbutikk\" \/>\n<meta property=\"og:description\" content=\"Hovedpersonen i Liten Ida er datter av en s\u00e5kalt tyskert\u00f8s. Filmen f\u00f8lger hennes isolerte barneliv i et s\u00f8nderrevet kystsamfunn i Nord-Norge mot slutten av andre verdenskrig. I et rolig tempo og med et markant lydbilde former Mikkelsen en utradisjonell krigsfilm fra et barns perspektiv. Laila Mikkelsen er en av de mest betydelige regiss\u00f8rene fra 1970- og 80-\u00e5renes Norge. H\u00f8ydepunktet Liten Ida (1981) er hennes andre spillefilm. Denne nyutgivelsen inneholder et hefte med tekster av Ingrid Synneva Holtar og Helle Aarnes, p\u00e5 b\u00e5de norsk og engelsk.\" \/>\n<meta property=\"og:url\" content=\"https:\/\/www.nb.no\/nettbutikk\/produkt\/liten-ida\/\" \/>\n<meta property=\"og:site_name\" content=\"NB Nettbutikk\" \/>\n<meta property=\"article:modified_time\" content=\"2026-04-15T06:19:44+00:00\" \/>\n<meta property=\"og:image\" content=\"https:\/\/www.nb.no\/content\/uploads\/sites\/5\/2022\/10\/E6mp-pifWn-U4mniGoxN3v_N_3Ic7pZvNzWXmtOaBvhXddP-5-IqmrXRcjV8Q5WYyimtRbuFjl_gTGwLAohAbA-scaled.jpg\" \/>\n\t<meta property=\"og:image:width\" content=\"2560\" \/>\n\t<meta property=\"og:image:height\" content=\"1921\" \/>\n\t<meta property=\"og:image:type\" content=\"image\/jpeg\" \/>\n<meta name=\"twitter:card\" content=\"summary_large_image\" \/>\n<meta name=\"twitter:label1\" content=\"Ansl. lesetid\" \/>\n\t<meta name=\"twitter:data1\" content=\"1 minutt\" \/>\n<script type=\"application\/ld+json\" class=\"yoast-schema-graph\">{\"@context\":\"https:\/\/schema.org\",\"@graph\":[{\"@type\":\"WebPage\",\"@id\":\"https:\/\/www.nb.no\/nettbutikk\/produkt\/liten-ida\/\",\"url\":\"https:\/\/www.nb.no\/nettbutikk\/produkt\/liten-ida\/\",\"name\":\"Liten Ida - NB Nettbutikk\",\"isPartOf\":{\"@id\":\"https:\/\/www.nb.no\/nettbutikk\/#website\"},\"primaryImageOfPage\":{\"@id\":\"https:\/\/www.nb.no\/nettbutikk\/produkt\/liten-ida\/#primaryimage\"},\"image\":{\"@id\":\"https:\/\/www.nb.no\/nettbutikk\/produkt\/liten-ida\/#primaryimage\"},\"thumbnailUrl\":\"https:\/\/www.nb.no\/content\/uploads\/sites\/5\/2022\/10\/E6mp-pifWn-U4mniGoxN3v_N_3Ic7pZvNzWXmtOaBvhXddP-5-IqmrXRcjV8Q5WYyimtRbuFjl_gTGwLAohAbA-scaled.jpg\",\"datePublished\":\"2022-10-11T07:18:15+00:00\",\"dateModified\":\"2026-04-15T06:19:44+00:00\",\"breadcrumb\":{\"@id\":\"https:\/\/www.nb.no\/nettbutikk\/produkt\/liten-ida\/#breadcrumb\"},\"inLanguage\":\"nb-NO\",\"potentialAction\":[{\"@type\":\"ReadAction\",\"target\":[\"https:\/\/www.nb.no\/nettbutikk\/produkt\/liten-ida\/\"]}]},{\"@type\":\"ImageObject\",\"inLanguage\":\"nb-NO\",\"@id\":\"https:\/\/www.nb.no\/nettbutikk\/produkt\/liten-ida\/#primaryimage\",\"url\":\"https:\/\/www.nb.no\/content\/uploads\/sites\/5\/2022\/10\/E6mp-pifWn-U4mniGoxN3v_N_3Ic7pZvNzWXmtOaBvhXddP-5-IqmrXRcjV8Q5WYyimtRbuFjl_gTGwLAohAbA-scaled.jpg\",\"contentUrl\":\"https:\/\/www.nb.no\/content\/uploads\/sites\/5\/2022\/10\/E6mp-pifWn-U4mniGoxN3v_N_3Ic7pZvNzWXmtOaBvhXddP-5-IqmrXRcjV8Q5WYyimtRbuFjl_gTGwLAohAbA-scaled.jpg\",\"width\":2560,\"height\":1921,\"caption\":\"Liten Ida\"},{\"@type\":\"BreadcrumbList\",\"@id\":\"https:\/\/www.nb.no\/nettbutikk\/produkt\/liten-ida\/#breadcrumb\",\"itemListElement\":[{\"@type\":\"ListItem\",\"position\":1,\"name\":\"Home\",\"item\":\"https:\/\/www.nb.no\/nettbutikk\/\"},{\"@type\":\"ListItem\",\"position\":2,\"name\":\"Butikk\",\"item\":\"https:\/\/www.nb.no\/nettbutikk\/butikk\/\"},{\"@type\":\"ListItem\",\"position\":3,\"name\":\"Liten Ida\"}]},{\"@type\":\"WebSite\",\"@id\":\"https:\/\/www.nb.no\/nettbutikk\/#website\",\"url\":\"https:\/\/www.nb.no\/nettbutikk\/\",\"name\":\"NB Nettbutikk\",\"description\":\"\",\"potentialAction\":[{\"@type\":\"SearchAction\",\"target\":{\"@type\":\"EntryPoint\",\"urlTemplate\":\"https:\/\/www.nb.no\/nettbutikk\/?s={search_term_string}\"},\"query-input\":{\"@type\":\"PropertyValueSpecification\",\"valueRequired\":true,\"valueName\":\"search_term_string\"}}],\"inLanguage\":\"nb-NO\"}]}<\/script>\n<!-- \/ Yoast SEO plugin. -->","yoast_head_json":{"title":"Liten Ida - NB Nettbutikk","robots":{"index":"index","follow":"follow","max-snippet":"max-snippet:-1","max-image-preview":"max-image-preview:large","max-video-preview":"max-video-preview:-1"},"canonical":"https:\/\/www.nb.no\/nettbutikk\/produkt\/liten-ida\/","og_locale":"nb_NO","og_type":"article","og_title":"Liten Ida - NB Nettbutikk","og_description":"Hovedpersonen i Liten Ida er datter av en s\u00e5kalt tyskert\u00f8s. Filmen f\u00f8lger hennes isolerte barneliv i et s\u00f8nderrevet kystsamfunn i Nord-Norge mot slutten av andre verdenskrig. I et rolig tempo og med et markant lydbilde former Mikkelsen en utradisjonell krigsfilm fra et barns perspektiv. Laila Mikkelsen er en av de mest betydelige regiss\u00f8rene fra 1970- og 80-\u00e5renes Norge. H\u00f8ydepunktet Liten Ida (1981) er hennes andre spillefilm. Denne nyutgivelsen inneholder et hefte med tekster av Ingrid Synneva Holtar og Helle Aarnes, p\u00e5 b\u00e5de norsk og engelsk.","og_url":"https:\/\/www.nb.no\/nettbutikk\/produkt\/liten-ida\/","og_site_name":"NB Nettbutikk","article_modified_time":"2026-04-15T06:19:44+00:00","og_image":[{"width":2560,"height":1921,"url":"https:\/\/www.nb.no\/content\/uploads\/sites\/5\/2022\/10\/E6mp-pifWn-U4mniGoxN3v_N_3Ic7pZvNzWXmtOaBvhXddP-5-IqmrXRcjV8Q5WYyimtRbuFjl_gTGwLAohAbA-scaled.jpg","type":"image\/jpeg"}],"twitter_card":"summary_large_image","twitter_misc":{"Ansl. lesetid":"1 minutt"},"schema":{"@context":"https:\/\/schema.org","@graph":[{"@type":"WebPage","@id":"https:\/\/www.nb.no\/nettbutikk\/produkt\/liten-ida\/","url":"https:\/\/www.nb.no\/nettbutikk\/produkt\/liten-ida\/","name":"Liten Ida - NB Nettbutikk","isPartOf":{"@id":"https:\/\/www.nb.no\/nettbutikk\/#website"},"primaryImageOfPage":{"@id":"https:\/\/www.nb.no\/nettbutikk\/produkt\/liten-ida\/#primaryimage"},"image":{"@id":"https:\/\/www.nb.no\/nettbutikk\/produkt\/liten-ida\/#primaryimage"},"thumbnailUrl":"https:\/\/www.nb.no\/content\/uploads\/sites\/5\/2022\/10\/E6mp-pifWn-U4mniGoxN3v_N_3Ic7pZvNzWXmtOaBvhXddP-5-IqmrXRcjV8Q5WYyimtRbuFjl_gTGwLAohAbA-scaled.jpg","datePublished":"2022-10-11T07:18:15+00:00","dateModified":"2026-04-15T06:19:44+00:00","breadcrumb":{"@id":"https:\/\/www.nb.no\/nettbutikk\/produkt\/liten-ida\/#breadcrumb"},"inLanguage":"nb-NO","potentialAction":[{"@type":"ReadAction","target":["https:\/\/www.nb.no\/nettbutikk\/produkt\/liten-ida\/"]}]},{"@type":"ImageObject","inLanguage":"nb-NO","@id":"https:\/\/www.nb.no\/nettbutikk\/produkt\/liten-ida\/#primaryimage","url":"https:\/\/www.nb.no\/content\/uploads\/sites\/5\/2022\/10\/E6mp-pifWn-U4mniGoxN3v_N_3Ic7pZvNzWXmtOaBvhXddP-5-IqmrXRcjV8Q5WYyimtRbuFjl_gTGwLAohAbA-scaled.jpg","contentUrl":"https:\/\/www.nb.no\/content\/uploads\/sites\/5\/2022\/10\/E6mp-pifWn-U4mniGoxN3v_N_3Ic7pZvNzWXmtOaBvhXddP-5-IqmrXRcjV8Q5WYyimtRbuFjl_gTGwLAohAbA-scaled.jpg","width":2560,"height":1921,"caption":"Liten Ida"},{"@type":"BreadcrumbList","@id":"https:\/\/www.nb.no\/nettbutikk\/produkt\/liten-ida\/#breadcrumb","itemListElement":[{"@type":"ListItem","position":1,"name":"Home","item":"https:\/\/www.nb.no\/nettbutikk\/"},{"@type":"ListItem","position":2,"name":"Butikk","item":"https:\/\/www.nb.no\/nettbutikk\/butikk\/"},{"@type":"ListItem","position":3,"name":"Liten Ida"}]},{"@type":"WebSite","@id":"https:\/\/www.nb.no\/nettbutikk\/#website","url":"https:\/\/www.nb.no\/nettbutikk\/","name":"NB Nettbutikk","description":"","potentialAction":[{"@type":"SearchAction","target":{"@type":"EntryPoint","urlTemplate":"https:\/\/www.nb.no\/nettbutikk\/?s={search_term_string}"},"query-input":{"@type":"PropertyValueSpecification","valueRequired":true,"valueName":"search_term_string"}}],"inLanguage":"nb-NO"}]}},"_links":{"self":[{"href":"https:\/\/www.nb.no\/nettbutikk\/wp-json\/wp\/v2\/product\/15622","targetHints":{"allow":["GET"]}}],"collection":[{"href":"https:\/\/www.nb.no\/nettbutikk\/wp-json\/wp\/v2\/product"}],"about":[{"href":"https:\/\/www.nb.no\/nettbutikk\/wp-json\/wp\/v2\/types\/product"}],"wp:featuredmedia":[{"embeddable":true,"href":"https:\/\/www.nb.no\/nettbutikk\/wp-json\/wp\/v2\/media\/15619"}],"wp:attachment":[{"href":"https:\/\/www.nb.no\/nettbutikk\/wp-json\/wp\/v2\/media?parent=15622"}],"wp:term":[{"taxonomy":"product_brand","embeddable":true,"href":"https:\/\/www.nb.no\/nettbutikk\/wp-json\/wp\/v2\/product_brand?post=15622"},{"taxonomy":"product_cat","embeddable":true,"href":"https:\/\/www.nb.no\/nettbutikk\/wp-json\/wp\/v2\/product_cat?post=15622"},{"taxonomy":"product_tag","embeddable":true,"href":"https:\/\/www.nb.no\/nettbutikk\/wp-json\/wp\/v2\/product_tag?post=15622"}],"curies":[{"name":"wp","href":"https:\/\/api.w.org\/{rel}","templated":true}]}}