{"id":15580,"date":"2022-10-11T09:17:38","date_gmt":"2022-10-11T07:17:38","guid":{"rendered":"https:\/\/www.nb.no\/nettbutikk\/produkt\/notated-music-in-the-digital-sphere\/"},"modified":"2026-04-15T08:19:44","modified_gmt":"2026-04-15T06:19:44","slug":"notated-music-in-the-digital-sphere","status":"publish","type":"product","link":"https:\/\/www.nb.no\/nettbutikk\/produkt\/notated-music-in-the-digital-sphere\/","title":{"rendered":"Notated Music in the Digital Sphere"},"content":{"rendered":"","protected":false},"excerpt":{"rendered":"<p><a href=\"https:\/\/issuu.com\/nasjonalbiblioteket\/docs\/nota_bene_15_layout_issuu\">Boka kan leses p\u00e5 nett her<\/a><\/p>\n<p>Nummer 15 i Nota bene-serien er p\u00e5 engelsk, og omhandler de ulike forskningsomr\u00e5dene for notert musikk i den digitale sf\u00e6re. Artiklene er skrevet av en rekke europeiske forskere, og tar for seg omr\u00e5der som databaser, notekoding, digital analyse, langtidsbevaring av f\u00f8dt digitalt notemateriale og digital restaurering.<\/p>\n<p>In this collection of articles, European scholars investigate varied issues such as databases, encoding, computational analysis, long term storing of born-digital material, and digital restoring.<\/p>\n","protected":false},"featured_media":15577,"template":"","meta":{"nb_hide_title":false,"nb_breadcrumb_title_override":""},"product_brand":[],"product_cat":[199],"product_tag":[3827,3774],"class_list":{"0":"post-15580","1":"product","2":"type-product","3":"status-publish","4":"has-post-thumbnail","6":"product_cat-notabene","7":"product_tag-engelsk","8":"product_tag-musikk","10":"first","11":"instock","12":"shipping-taxable","13":"purchasable","14":"product-type-simple"},"yoast_head":"<!-- This site is optimized with the Yoast SEO plugin v27.1.1 - https:\/\/yoast.com\/product\/yoast-seo-wordpress\/ -->\n<title>Notated Music in the Digital Sphere - NB Nettbutikk<\/title>\n<meta name=\"robots\" content=\"index, follow, max-snippet:-1, max-image-preview:large, max-video-preview:-1\" \/>\n<link rel=\"canonical\" href=\"https:\/\/www.nb.no\/nettbutikk\/produkt\/notated-music-in-the-digital-sphere\/\" \/>\n<meta property=\"og:locale\" content=\"nb_NO\" \/>\n<meta property=\"og:type\" content=\"article\" \/>\n<meta property=\"og:title\" content=\"Notated Music in the Digital Sphere - NB Nettbutikk\" \/>\n<meta property=\"og:description\" content=\"Boka kan leses p\u00e5 nett her Nummer 15 i Nota bene-serien er p\u00e5 engelsk, og omhandler de ulike forskningsomr\u00e5dene for notert musikk i den digitale sf\u00e6re. Artiklene er skrevet av en rekke europeiske forskere, og tar for seg omr\u00e5der som databaser, notekoding, digital analyse, langtidsbevaring av f\u00f8dt digitalt notemateriale og digital restaurering. In this collection of articles, European scholars investigate varied issues such as databases, encoding, computational analysis, long term storing of born-digital material, and digital restoring.\" \/>\n<meta property=\"og:url\" content=\"https:\/\/www.nb.no\/nettbutikk\/produkt\/notated-music-in-the-digital-sphere\/\" \/>\n<meta property=\"og:site_name\" content=\"NB Nettbutikk\" \/>\n<meta property=\"article:modified_time\" content=\"2026-04-15T06:19:44+00:00\" \/>\n<meta property=\"og:image\" content=\"https:\/\/www.nb.no\/content\/uploads\/sites\/5\/2022\/10\/E6mp-pifWn-U4mniGoxN3v_N_3Ic7pZvNzWXmtjMBfsBJoGk57J7zbfZL2YoF8GTzX-pQ7-FiVi2Hm5dAohAbA-2.jpg\" \/>\n\t<meta property=\"og:image:width\" content=\"1200\" \/>\n\t<meta property=\"og:image:height\" content=\"1650\" \/>\n\t<meta property=\"og:image:type\" content=\"image\/jpeg\" \/>\n<meta name=\"twitter:card\" content=\"summary_large_image\" \/>\n<meta name=\"twitter:label1\" content=\"Ansl. lesetid\" \/>\n\t<meta name=\"twitter:data1\" content=\"1 minutt\" \/>\n<script type=\"application\/ld+json\" class=\"yoast-schema-graph\">{\"@context\":\"https:\/\/schema.org\",\"@graph\":[{\"@type\":\"WebPage\",\"@id\":\"https:\/\/www.nb.no\/nettbutikk\/produkt\/notated-music-in-the-digital-sphere\/\",\"url\":\"https:\/\/www.nb.no\/nettbutikk\/produkt\/notated-music-in-the-digital-sphere\/\",\"name\":\"Notated Music in the Digital Sphere - NB Nettbutikk\",\"isPartOf\":{\"@id\":\"https:\/\/www.nb.no\/nettbutikk\/#website\"},\"primaryImageOfPage\":{\"@id\":\"https:\/\/www.nb.no\/nettbutikk\/produkt\/notated-music-in-the-digital-sphere\/#primaryimage\"},\"image\":{\"@id\":\"https:\/\/www.nb.no\/nettbutikk\/produkt\/notated-music-in-the-digital-sphere\/#primaryimage\"},\"thumbnailUrl\":\"https:\/\/www.nb.no\/content\/uploads\/sites\/5\/2022\/10\/E6mp-pifWn-U4mniGoxN3v_N_3Ic7pZvNzWXmtjMBfsBJoGk57J7zbfZL2YoF8GTzX-pQ7-FiVi2Hm5dAohAbA-2.jpg\",\"datePublished\":\"2022-10-11T07:17:38+00:00\",\"dateModified\":\"2026-04-15T06:19:44+00:00\",\"breadcrumb\":{\"@id\":\"https:\/\/www.nb.no\/nettbutikk\/produkt\/notated-music-in-the-digital-sphere\/#breadcrumb\"},\"inLanguage\":\"nb-NO\",\"potentialAction\":[{\"@type\":\"ReadAction\",\"target\":[\"https:\/\/www.nb.no\/nettbutikk\/produkt\/notated-music-in-the-digital-sphere\/\"]}]},{\"@type\":\"ImageObject\",\"inLanguage\":\"nb-NO\",\"@id\":\"https:\/\/www.nb.no\/nettbutikk\/produkt\/notated-music-in-the-digital-sphere\/#primaryimage\",\"url\":\"https:\/\/www.nb.no\/content\/uploads\/sites\/5\/2022\/10\/E6mp-pifWn-U4mniGoxN3v_N_3Ic7pZvNzWXmtjMBfsBJoGk57J7zbfZL2YoF8GTzX-pQ7-FiVi2Hm5dAohAbA-2.jpg\",\"contentUrl\":\"https:\/\/www.nb.no\/content\/uploads\/sites\/5\/2022\/10\/E6mp-pifWn-U4mniGoxN3v_N_3Ic7pZvNzWXmtjMBfsBJoGk57J7zbfZL2YoF8GTzX-pQ7-FiVi2Hm5dAohAbA-2.jpg\",\"width\":1200,\"height\":1650,\"caption\":\"Notated Music in the Digital Sphere\"},{\"@type\":\"BreadcrumbList\",\"@id\":\"https:\/\/www.nb.no\/nettbutikk\/produkt\/notated-music-in-the-digital-sphere\/#breadcrumb\",\"itemListElement\":[{\"@type\":\"ListItem\",\"position\":1,\"name\":\"Home\",\"item\":\"https:\/\/www.nb.no\/nettbutikk\/\"},{\"@type\":\"ListItem\",\"position\":2,\"name\":\"Butikk\",\"item\":\"https:\/\/www.nb.no\/nettbutikk\/butikk\/\"},{\"@type\":\"ListItem\",\"position\":3,\"name\":\"Notated Music in the Digital Sphere\"}]},{\"@type\":\"WebSite\",\"@id\":\"https:\/\/www.nb.no\/nettbutikk\/#website\",\"url\":\"https:\/\/www.nb.no\/nettbutikk\/\",\"name\":\"NB Nettbutikk\",\"description\":\"\",\"potentialAction\":[{\"@type\":\"SearchAction\",\"target\":{\"@type\":\"EntryPoint\",\"urlTemplate\":\"https:\/\/www.nb.no\/nettbutikk\/?s={search_term_string}\"},\"query-input\":{\"@type\":\"PropertyValueSpecification\",\"valueRequired\":true,\"valueName\":\"search_term_string\"}}],\"inLanguage\":\"nb-NO\"}]}<\/script>\n<!-- \/ Yoast SEO plugin. -->","yoast_head_json":{"title":"Notated Music in the Digital Sphere - NB Nettbutikk","robots":{"index":"index","follow":"follow","max-snippet":"max-snippet:-1","max-image-preview":"max-image-preview:large","max-video-preview":"max-video-preview:-1"},"canonical":"https:\/\/www.nb.no\/nettbutikk\/produkt\/notated-music-in-the-digital-sphere\/","og_locale":"nb_NO","og_type":"article","og_title":"Notated Music in the Digital Sphere - NB Nettbutikk","og_description":"Boka kan leses p\u00e5 nett her Nummer 15 i Nota bene-serien er p\u00e5 engelsk, og omhandler de ulike forskningsomr\u00e5dene for notert musikk i den digitale sf\u00e6re. Artiklene er skrevet av en rekke europeiske forskere, og tar for seg omr\u00e5der som databaser, notekoding, digital analyse, langtidsbevaring av f\u00f8dt digitalt notemateriale og digital restaurering. In this collection of articles, European scholars investigate varied issues such as databases, encoding, computational analysis, long term storing of born-digital material, and digital restoring.","og_url":"https:\/\/www.nb.no\/nettbutikk\/produkt\/notated-music-in-the-digital-sphere\/","og_site_name":"NB Nettbutikk","article_modified_time":"2026-04-15T06:19:44+00:00","og_image":[{"width":1200,"height":1650,"url":"https:\/\/www.nb.no\/content\/uploads\/sites\/5\/2022\/10\/E6mp-pifWn-U4mniGoxN3v_N_3Ic7pZvNzWXmtjMBfsBJoGk57J7zbfZL2YoF8GTzX-pQ7-FiVi2Hm5dAohAbA-2.jpg","type":"image\/jpeg"}],"twitter_card":"summary_large_image","twitter_misc":{"Ansl. lesetid":"1 minutt"},"schema":{"@context":"https:\/\/schema.org","@graph":[{"@type":"WebPage","@id":"https:\/\/www.nb.no\/nettbutikk\/produkt\/notated-music-in-the-digital-sphere\/","url":"https:\/\/www.nb.no\/nettbutikk\/produkt\/notated-music-in-the-digital-sphere\/","name":"Notated Music in the Digital Sphere - NB Nettbutikk","isPartOf":{"@id":"https:\/\/www.nb.no\/nettbutikk\/#website"},"primaryImageOfPage":{"@id":"https:\/\/www.nb.no\/nettbutikk\/produkt\/notated-music-in-the-digital-sphere\/#primaryimage"},"image":{"@id":"https:\/\/www.nb.no\/nettbutikk\/produkt\/notated-music-in-the-digital-sphere\/#primaryimage"},"thumbnailUrl":"https:\/\/www.nb.no\/content\/uploads\/sites\/5\/2022\/10\/E6mp-pifWn-U4mniGoxN3v_N_3Ic7pZvNzWXmtjMBfsBJoGk57J7zbfZL2YoF8GTzX-pQ7-FiVi2Hm5dAohAbA-2.jpg","datePublished":"2022-10-11T07:17:38+00:00","dateModified":"2026-04-15T06:19:44+00:00","breadcrumb":{"@id":"https:\/\/www.nb.no\/nettbutikk\/produkt\/notated-music-in-the-digital-sphere\/#breadcrumb"},"inLanguage":"nb-NO","potentialAction":[{"@type":"ReadAction","target":["https:\/\/www.nb.no\/nettbutikk\/produkt\/notated-music-in-the-digital-sphere\/"]}]},{"@type":"ImageObject","inLanguage":"nb-NO","@id":"https:\/\/www.nb.no\/nettbutikk\/produkt\/notated-music-in-the-digital-sphere\/#primaryimage","url":"https:\/\/www.nb.no\/content\/uploads\/sites\/5\/2022\/10\/E6mp-pifWn-U4mniGoxN3v_N_3Ic7pZvNzWXmtjMBfsBJoGk57J7zbfZL2YoF8GTzX-pQ7-FiVi2Hm5dAohAbA-2.jpg","contentUrl":"https:\/\/www.nb.no\/content\/uploads\/sites\/5\/2022\/10\/E6mp-pifWn-U4mniGoxN3v_N_3Ic7pZvNzWXmtjMBfsBJoGk57J7zbfZL2YoF8GTzX-pQ7-FiVi2Hm5dAohAbA-2.jpg","width":1200,"height":1650,"caption":"Notated Music in the Digital Sphere"},{"@type":"BreadcrumbList","@id":"https:\/\/www.nb.no\/nettbutikk\/produkt\/notated-music-in-the-digital-sphere\/#breadcrumb","itemListElement":[{"@type":"ListItem","position":1,"name":"Home","item":"https:\/\/www.nb.no\/nettbutikk\/"},{"@type":"ListItem","position":2,"name":"Butikk","item":"https:\/\/www.nb.no\/nettbutikk\/butikk\/"},{"@type":"ListItem","position":3,"name":"Notated Music in the Digital Sphere"}]},{"@type":"WebSite","@id":"https:\/\/www.nb.no\/nettbutikk\/#website","url":"https:\/\/www.nb.no\/nettbutikk\/","name":"NB Nettbutikk","description":"","potentialAction":[{"@type":"SearchAction","target":{"@type":"EntryPoint","urlTemplate":"https:\/\/www.nb.no\/nettbutikk\/?s={search_term_string}"},"query-input":{"@type":"PropertyValueSpecification","valueRequired":true,"valueName":"search_term_string"}}],"inLanguage":"nb-NO"}]}},"_links":{"self":[{"href":"https:\/\/www.nb.no\/nettbutikk\/wp-json\/wp\/v2\/product\/15580","targetHints":{"allow":["GET"]}}],"collection":[{"href":"https:\/\/www.nb.no\/nettbutikk\/wp-json\/wp\/v2\/product"}],"about":[{"href":"https:\/\/www.nb.no\/nettbutikk\/wp-json\/wp\/v2\/types\/product"}],"wp:featuredmedia":[{"embeddable":true,"href":"https:\/\/www.nb.no\/nettbutikk\/wp-json\/wp\/v2\/media\/15577"}],"wp:attachment":[{"href":"https:\/\/www.nb.no\/nettbutikk\/wp-json\/wp\/v2\/media?parent=15580"}],"wp:term":[{"taxonomy":"product_brand","embeddable":true,"href":"https:\/\/www.nb.no\/nettbutikk\/wp-json\/wp\/v2\/product_brand?post=15580"},{"taxonomy":"product_cat","embeddable":true,"href":"https:\/\/www.nb.no\/nettbutikk\/wp-json\/wp\/v2\/product_cat?post=15580"},{"taxonomy":"product_tag","embeddable":true,"href":"https:\/\/www.nb.no\/nettbutikk\/wp-json\/wp\/v2\/product_tag?post=15580"}],"curies":[{"name":"wp","href":"https:\/\/api.w.org\/{rel}","templated":true}]}}