{"id":15574,"date":"2022-10-11T09:17:36","date_gmt":"2022-10-11T07:17:36","guid":{"rendered":"https:\/\/www.nb.no\/nettbutikk\/produkt\/doden-er-et-kjaertegn\/"},"modified":"2026-04-15T08:19:44","modified_gmt":"2026-04-15T06:19:44","slug":"doden-er-et-kjaertegn","status":"publish","type":"product","link":"https:\/\/www.nb.no\/nettbutikk\/produkt\/doden-er-et-kjaertegn\/","title":{"rendered":"D\u00f8den er et kj\u00e6rtegn"},"content":{"rendered":"","protected":false},"excerpt":{"rendered":"<p>En ung bilmekaniker er d\u00f8mt for \u00e5 ha drept sin kone. Fra han f\u00f8rst m\u00f8ter henne, en gift overklassefrue, dras de elskende mot hverandre og stadig n\u00e6rmere undergangen. <i>D\u00f8den er et kj\u00e6rtegn<\/i> er et m\u00f8rkt psykologisk kj\u00e6rlighetsdrama som spenner over store temaer, som kj\u00e6rlighet og hat, samfunn og skjebne. \u00abOppdragelse, milj\u00f8 og levesett hadde gravd en avgrunn mellom oss f\u00f8r vi m\u00f8tte hverandre\u00bb, forklarer drapsmannen. Er den tragiske utgangen skjebnebestemt?<\/p>\n","protected":false},"featured_media":15571,"template":"","meta":{"nb_hide_title":false,"nb_breadcrumb_title_override":""},"product_brand":[],"product_cat":[196],"product_tag":[3888],"class_list":{"0":"post-15574","1":"product","2":"type-product","3":"status-publish","4":"has-post-thumbnail","6":"product_cat-nbs-krimklassikere","7":"product_tag-kjaerlighet","9":"first","10":"instock","11":"shipping-taxable","12":"purchasable","13":"product-type-simple"},"yoast_head":"<!-- This site is optimized with the Yoast SEO plugin v27.1.1 - https:\/\/yoast.com\/product\/yoast-seo-wordpress\/ -->\n<title>D\u00f8den er et kj\u00e6rtegn - NB Nettbutikk<\/title>\n<meta name=\"robots\" content=\"index, follow, max-snippet:-1, max-image-preview:large, max-video-preview:-1\" \/>\n<link rel=\"canonical\" href=\"https:\/\/www.nb.no\/nettbutikk\/produkt\/doden-er-et-kjaertegn\/\" \/>\n<meta property=\"og:locale\" content=\"nb_NO\" \/>\n<meta property=\"og:type\" content=\"article\" \/>\n<meta property=\"og:title\" content=\"D\u00f8den er et kj\u00e6rtegn - NB Nettbutikk\" \/>\n<meta property=\"og:description\" content=\"En ung bilmekaniker er d\u00f8mt for \u00e5 ha drept sin kone. Fra han f\u00f8rst m\u00f8ter henne, en gift overklassefrue, dras de elskende mot hverandre og stadig n\u00e6rmere undergangen. D\u00f8den er et kj\u00e6rtegn er et m\u00f8rkt psykologisk kj\u00e6rlighetsdrama som spenner over store temaer, som kj\u00e6rlighet og hat, samfunn og skjebne. \u00abOppdragelse, milj\u00f8 og levesett hadde gravd en avgrunn mellom oss f\u00f8r vi m\u00f8tte hverandre\u00bb, forklarer drapsmannen. Er den tragiske utgangen skjebnebestemt?\" \/>\n<meta property=\"og:url\" content=\"https:\/\/www.nb.no\/nettbutikk\/produkt\/doden-er-et-kjaertegn\/\" \/>\n<meta property=\"og:site_name\" content=\"NB Nettbutikk\" \/>\n<meta property=\"article:modified_time\" content=\"2026-04-15T06:19:44+00:00\" \/>\n<meta property=\"og:image\" content=\"https:\/\/www.nb.no\/content\/uploads\/sites\/5\/2022\/10\/E6mp-pifWn-U4mniGoxN3v_N_3Ic7pZvNzWXmoKQB6xcI4Gk4-J_meGLJWZ7Q5zCmCuvQO-EiwngEj9cAohAbA.jpg\" \/>\n\t<meta property=\"og:image:width\" content=\"1535\" \/>\n\t<meta property=\"og:image:height\" content=\"2421\" \/>\n\t<meta property=\"og:image:type\" content=\"image\/jpeg\" \/>\n<meta name=\"twitter:card\" content=\"summary_large_image\" \/>\n<script type=\"application\/ld+json\" class=\"yoast-schema-graph\">{\"@context\":\"https:\/\/schema.org\",\"@graph\":[{\"@type\":\"WebPage\",\"@id\":\"https:\/\/www.nb.no\/nettbutikk\/produkt\/doden-er-et-kjaertegn\/\",\"url\":\"https:\/\/www.nb.no\/nettbutikk\/produkt\/doden-er-et-kjaertegn\/\",\"name\":\"D\u00f8den er et kj\u00e6rtegn - NB Nettbutikk\",\"isPartOf\":{\"@id\":\"https:\/\/www.nb.no\/nettbutikk\/#website\"},\"primaryImageOfPage\":{\"@id\":\"https:\/\/www.nb.no\/nettbutikk\/produkt\/doden-er-et-kjaertegn\/#primaryimage\"},\"image\":{\"@id\":\"https:\/\/www.nb.no\/nettbutikk\/produkt\/doden-er-et-kjaertegn\/#primaryimage\"},\"thumbnailUrl\":\"https:\/\/www.nb.no\/content\/uploads\/sites\/5\/2022\/10\/E6mp-pifWn-U4mniGoxN3v_N_3Ic7pZvNzWXmoKQB6xcI4Gk4-J_meGLJWZ7Q5zCmCuvQO-EiwngEj9cAohAbA.jpg\",\"datePublished\":\"2022-10-11T07:17:36+00:00\",\"dateModified\":\"2026-04-15T06:19:44+00:00\",\"breadcrumb\":{\"@id\":\"https:\/\/www.nb.no\/nettbutikk\/produkt\/doden-er-et-kjaertegn\/#breadcrumb\"},\"inLanguage\":\"nb-NO\",\"potentialAction\":[{\"@type\":\"ReadAction\",\"target\":[\"https:\/\/www.nb.no\/nettbutikk\/produkt\/doden-er-et-kjaertegn\/\"]}]},{\"@type\":\"ImageObject\",\"inLanguage\":\"nb-NO\",\"@id\":\"https:\/\/www.nb.no\/nettbutikk\/produkt\/doden-er-et-kjaertegn\/#primaryimage\",\"url\":\"https:\/\/www.nb.no\/content\/uploads\/sites\/5\/2022\/10\/E6mp-pifWn-U4mniGoxN3v_N_3Ic7pZvNzWXmoKQB6xcI4Gk4-J_meGLJWZ7Q5zCmCuvQO-EiwngEj9cAohAbA.jpg\",\"contentUrl\":\"https:\/\/www.nb.no\/content\/uploads\/sites\/5\/2022\/10\/E6mp-pifWn-U4mniGoxN3v_N_3Ic7pZvNzWXmoKQB6xcI4Gk4-J_meGLJWZ7Q5zCmCuvQO-EiwngEj9cAohAbA.jpg\",\"width\":1535,\"height\":2421,\"caption\":\"D\u00f8den er et kj\u00e6rtegn\"},{\"@type\":\"BreadcrumbList\",\"@id\":\"https:\/\/www.nb.no\/nettbutikk\/produkt\/doden-er-et-kjaertegn\/#breadcrumb\",\"itemListElement\":[{\"@type\":\"ListItem\",\"position\":1,\"name\":\"Home\",\"item\":\"https:\/\/www.nb.no\/nettbutikk\/\"},{\"@type\":\"ListItem\",\"position\":2,\"name\":\"Butikk\",\"item\":\"https:\/\/www.nb.no\/nettbutikk\/butikk\/\"},{\"@type\":\"ListItem\",\"position\":3,\"name\":\"D\u00f8den er et kj\u00e6rtegn\"}]},{\"@type\":\"WebSite\",\"@id\":\"https:\/\/www.nb.no\/nettbutikk\/#website\",\"url\":\"https:\/\/www.nb.no\/nettbutikk\/\",\"name\":\"NB Nettbutikk\",\"description\":\"\",\"potentialAction\":[{\"@type\":\"SearchAction\",\"target\":{\"@type\":\"EntryPoint\",\"urlTemplate\":\"https:\/\/www.nb.no\/nettbutikk\/?s={search_term_string}\"},\"query-input\":{\"@type\":\"PropertyValueSpecification\",\"valueRequired\":true,\"valueName\":\"search_term_string\"}}],\"inLanguage\":\"nb-NO\"}]}<\/script>\n<!-- \/ Yoast SEO plugin. -->","yoast_head_json":{"title":"D\u00f8den er et kj\u00e6rtegn - NB Nettbutikk","robots":{"index":"index","follow":"follow","max-snippet":"max-snippet:-1","max-image-preview":"max-image-preview:large","max-video-preview":"max-video-preview:-1"},"canonical":"https:\/\/www.nb.no\/nettbutikk\/produkt\/doden-er-et-kjaertegn\/","og_locale":"nb_NO","og_type":"article","og_title":"D\u00f8den er et kj\u00e6rtegn - NB Nettbutikk","og_description":"En ung bilmekaniker er d\u00f8mt for \u00e5 ha drept sin kone. Fra han f\u00f8rst m\u00f8ter henne, en gift overklassefrue, dras de elskende mot hverandre og stadig n\u00e6rmere undergangen. D\u00f8den er et kj\u00e6rtegn er et m\u00f8rkt psykologisk kj\u00e6rlighetsdrama som spenner over store temaer, som kj\u00e6rlighet og hat, samfunn og skjebne. \u00abOppdragelse, milj\u00f8 og levesett hadde gravd en avgrunn mellom oss f\u00f8r vi m\u00f8tte hverandre\u00bb, forklarer drapsmannen. Er den tragiske utgangen skjebnebestemt?","og_url":"https:\/\/www.nb.no\/nettbutikk\/produkt\/doden-er-et-kjaertegn\/","og_site_name":"NB Nettbutikk","article_modified_time":"2026-04-15T06:19:44+00:00","og_image":[{"width":1535,"height":2421,"url":"https:\/\/www.nb.no\/content\/uploads\/sites\/5\/2022\/10\/E6mp-pifWn-U4mniGoxN3v_N_3Ic7pZvNzWXmoKQB6xcI4Gk4-J_meGLJWZ7Q5zCmCuvQO-EiwngEj9cAohAbA.jpg","type":"image\/jpeg"}],"twitter_card":"summary_large_image","schema":{"@context":"https:\/\/schema.org","@graph":[{"@type":"WebPage","@id":"https:\/\/www.nb.no\/nettbutikk\/produkt\/doden-er-et-kjaertegn\/","url":"https:\/\/www.nb.no\/nettbutikk\/produkt\/doden-er-et-kjaertegn\/","name":"D\u00f8den er et kj\u00e6rtegn - NB Nettbutikk","isPartOf":{"@id":"https:\/\/www.nb.no\/nettbutikk\/#website"},"primaryImageOfPage":{"@id":"https:\/\/www.nb.no\/nettbutikk\/produkt\/doden-er-et-kjaertegn\/#primaryimage"},"image":{"@id":"https:\/\/www.nb.no\/nettbutikk\/produkt\/doden-er-et-kjaertegn\/#primaryimage"},"thumbnailUrl":"https:\/\/www.nb.no\/content\/uploads\/sites\/5\/2022\/10\/E6mp-pifWn-U4mniGoxN3v_N_3Ic7pZvNzWXmoKQB6xcI4Gk4-J_meGLJWZ7Q5zCmCuvQO-EiwngEj9cAohAbA.jpg","datePublished":"2022-10-11T07:17:36+00:00","dateModified":"2026-04-15T06:19:44+00:00","breadcrumb":{"@id":"https:\/\/www.nb.no\/nettbutikk\/produkt\/doden-er-et-kjaertegn\/#breadcrumb"},"inLanguage":"nb-NO","potentialAction":[{"@type":"ReadAction","target":["https:\/\/www.nb.no\/nettbutikk\/produkt\/doden-er-et-kjaertegn\/"]}]},{"@type":"ImageObject","inLanguage":"nb-NO","@id":"https:\/\/www.nb.no\/nettbutikk\/produkt\/doden-er-et-kjaertegn\/#primaryimage","url":"https:\/\/www.nb.no\/content\/uploads\/sites\/5\/2022\/10\/E6mp-pifWn-U4mniGoxN3v_N_3Ic7pZvNzWXmoKQB6xcI4Gk4-J_meGLJWZ7Q5zCmCuvQO-EiwngEj9cAohAbA.jpg","contentUrl":"https:\/\/www.nb.no\/content\/uploads\/sites\/5\/2022\/10\/E6mp-pifWn-U4mniGoxN3v_N_3Ic7pZvNzWXmoKQB6xcI4Gk4-J_meGLJWZ7Q5zCmCuvQO-EiwngEj9cAohAbA.jpg","width":1535,"height":2421,"caption":"D\u00f8den er et kj\u00e6rtegn"},{"@type":"BreadcrumbList","@id":"https:\/\/www.nb.no\/nettbutikk\/produkt\/doden-er-et-kjaertegn\/#breadcrumb","itemListElement":[{"@type":"ListItem","position":1,"name":"Home","item":"https:\/\/www.nb.no\/nettbutikk\/"},{"@type":"ListItem","position":2,"name":"Butikk","item":"https:\/\/www.nb.no\/nettbutikk\/butikk\/"},{"@type":"ListItem","position":3,"name":"D\u00f8den er et kj\u00e6rtegn"}]},{"@type":"WebSite","@id":"https:\/\/www.nb.no\/nettbutikk\/#website","url":"https:\/\/www.nb.no\/nettbutikk\/","name":"NB Nettbutikk","description":"","potentialAction":[{"@type":"SearchAction","target":{"@type":"EntryPoint","urlTemplate":"https:\/\/www.nb.no\/nettbutikk\/?s={search_term_string}"},"query-input":{"@type":"PropertyValueSpecification","valueRequired":true,"valueName":"search_term_string"}}],"inLanguage":"nb-NO"}]}},"_links":{"self":[{"href":"https:\/\/www.nb.no\/nettbutikk\/wp-json\/wp\/v2\/product\/15574","targetHints":{"allow":["GET"]}}],"collection":[{"href":"https:\/\/www.nb.no\/nettbutikk\/wp-json\/wp\/v2\/product"}],"about":[{"href":"https:\/\/www.nb.no\/nettbutikk\/wp-json\/wp\/v2\/types\/product"}],"wp:featuredmedia":[{"embeddable":true,"href":"https:\/\/www.nb.no\/nettbutikk\/wp-json\/wp\/v2\/media\/15571"}],"wp:attachment":[{"href":"https:\/\/www.nb.no\/nettbutikk\/wp-json\/wp\/v2\/media?parent=15574"}],"wp:term":[{"taxonomy":"product_brand","embeddable":true,"href":"https:\/\/www.nb.no\/nettbutikk\/wp-json\/wp\/v2\/product_brand?post=15574"},{"taxonomy":"product_cat","embeddable":true,"href":"https:\/\/www.nb.no\/nettbutikk\/wp-json\/wp\/v2\/product_cat?post=15574"},{"taxonomy":"product_tag","embeddable":true,"href":"https:\/\/www.nb.no\/nettbutikk\/wp-json\/wp\/v2\/product_tag?post=15574"}],"curies":[{"name":"wp","href":"https:\/\/api.w.org\/{rel}","templated":true}]}}