{"id":15562,"date":"2022-10-11T09:17:33","date_gmt":"2022-10-11T07:17:33","guid":{"rendered":"https:\/\/www.nb.no\/nettbutikk\/produkt\/et-stykke-norge\/"},"modified":"2026-05-09T06:09:47","modified_gmt":"2026-05-09T04:09:47","slug":"et-stykke-norge","status":"publish","type":"product","link":"https:\/\/www.nb.no\/nettbutikk\/produkt\/et-stykke-norge\/","title":{"rendered":"Et stykke Norge"},"content":{"rendered":"","protected":false},"excerpt":{"rendered":"<p>&laquo;Denne bok er et stykke Norge&raquo;, skriver Agnar Mykle i romanen <I>Lasso rundt fru Luna<\/I> fra 1954. Fortsettelsen, <I>Sangen om den r\u00f8de rubin<\/I>, kom to \u00e5r etter. I 1955 ga Jens Bj\u00f8rneboe ut <I>Jonas<\/I>. Samlet tegner de kanoniserte og beryktede b\u00f8kene opp et bilde av den norske kulturen p\u00e5 1950-tallet. Mykle og Bj\u00f8rneboe utfordret flere av samtidens konvensjoner, samtidig som de befestet andre. For hvilken plass har kvinner i det mannssamfunnet b\u00f8kene gir innblikk i?<\/p>\n<p>Dette essayet er del av en foredragsserie om kultur og liv i 1950-tallets Norge. P\u00e5 jakt etter forst\u00e5else av landet og ti\u00e5ret hun selv ble f\u00f8dt i, unders\u00f8ker Toril Moi kulturuttrykk fra perioden. Prosjektet er b\u00e5de personlig og historisk. Uten \u00e5 forst\u00e5 Norge kan hun heller ikke forst\u00e5 seg selv.<\/p>\n","protected":false},"featured_media":15559,"template":"","meta":{"nb_hide_title":false,"nb_breadcrumb_title_override":""},"product_brand":[],"product_cat":[355],"product_tag":[3762,3885,3820,3825,3759],"class_list":{"0":"post-15562","1":"product","2":"type-product","3":"status-publish","4":"has-post-thumbnail","6":"product_cat-nbs-populaere","7":"product_tag-1950-tallet","8":"product_tag-forfattere","9":"product_tag-kvinner","10":"product_tag-litteratur","11":"product_tag-toril-moi","13":"first","14":"instock","15":"shipping-taxable","16":"purchasable","17":"product-type-simple"},"yoast_head":"<!-- This site is optimized with the Yoast SEO plugin v27.1.1 - https:\/\/yoast.com\/product\/yoast-seo-wordpress\/ -->\n<title>Et stykke Norge - NB Nettbutikk<\/title>\n<meta name=\"robots\" content=\"index, follow, max-snippet:-1, max-image-preview:large, max-video-preview:-1\" \/>\n<link rel=\"canonical\" href=\"https:\/\/www.nb.no\/nettbutikk\/produkt\/et-stykke-norge\/\" \/>\n<meta property=\"og:locale\" content=\"nb_NO\" \/>\n<meta property=\"og:type\" content=\"article\" \/>\n<meta property=\"og:title\" content=\"Et stykke Norge - NB Nettbutikk\" \/>\n<meta property=\"og:description\" content=\"&quot;Denne bok er et stykke Norge&quot;, skriver Agnar Mykle i romanen Lasso rundt fru Luna fra 1954. Fortsettelsen, Sangen om den r\u00f8de rubin, kom to \u00e5r etter. I 1955 ga Jens Bj\u00f8rneboe ut Jonas. Samlet tegner de kanoniserte og beryktede b\u00f8kene opp et bilde av den norske kulturen p\u00e5 1950-tallet. Mykle og Bj\u00f8rneboe utfordret flere av samtidens konvensjoner, samtidig som de befestet andre. For hvilken plass har kvinner i det mannssamfunnet b\u00f8kene gir innblikk i? Dette essayet er del av en foredragsserie om kultur og liv i 1950-tallets Norge. P\u00e5 jakt etter forst\u00e5else av landet og ti\u00e5ret hun selv ble f\u00f8dt i, unders\u00f8ker Toril Moi kulturuttrykk fra perioden. Prosjektet er b\u00e5de personlig og historisk. Uten \u00e5 forst\u00e5 Norge kan hun heller ikke forst\u00e5 seg selv.\" \/>\n<meta property=\"og:url\" content=\"https:\/\/www.nb.no\/nettbutikk\/produkt\/et-stykke-norge\/\" \/>\n<meta property=\"og:site_name\" content=\"NB Nettbutikk\" \/>\n<meta property=\"article:modified_time\" content=\"2026-05-09T04:09:47+00:00\" \/>\n<meta property=\"og:image\" content=\"https:\/\/www.nb.no\/content\/uploads\/sites\/5\/2022\/10\/E6mp-pifWn-U4mniGoxN3v_N_3Ic7pZvNzWXmtKdD_5VcdOot7B-mOGLc2EoEZbHkX_9Q-qLiF6wGT1SAohAbA.jpg\" \/>\n\t<meta property=\"og:image:width\" content=\"700\" \/>\n\t<meta property=\"og:image:height\" content=\"1019\" \/>\n\t<meta property=\"og:image:type\" content=\"image\/jpeg\" \/>\n<meta name=\"twitter:card\" content=\"summary_large_image\" \/>\n<meta name=\"twitter:label1\" content=\"Ansl. lesetid\" \/>\n\t<meta name=\"twitter:data1\" content=\"1 minutt\" \/>\n<script type=\"application\/ld+json\" class=\"yoast-schema-graph\">{\"@context\":\"https:\/\/schema.org\",\"@graph\":[{\"@type\":\"WebPage\",\"@id\":\"https:\/\/www.nb.no\/nettbutikk\/produkt\/et-stykke-norge\/\",\"url\":\"https:\/\/www.nb.no\/nettbutikk\/produkt\/et-stykke-norge\/\",\"name\":\"Et stykke Norge - NB Nettbutikk\",\"isPartOf\":{\"@id\":\"https:\/\/www.nb.no\/nettbutikk\/#website\"},\"primaryImageOfPage\":{\"@id\":\"https:\/\/www.nb.no\/nettbutikk\/produkt\/et-stykke-norge\/#primaryimage\"},\"image\":{\"@id\":\"https:\/\/www.nb.no\/nettbutikk\/produkt\/et-stykke-norge\/#primaryimage\"},\"thumbnailUrl\":\"https:\/\/www.nb.no\/content\/uploads\/sites\/5\/2022\/10\/E6mp-pifWn-U4mniGoxN3v_N_3Ic7pZvNzWXmtKdD_5VcdOot7B-mOGLc2EoEZbHkX_9Q-qLiF6wGT1SAohAbA.jpg\",\"datePublished\":\"2022-10-11T07:17:33+00:00\",\"dateModified\":\"2026-05-09T04:09:47+00:00\",\"breadcrumb\":{\"@id\":\"https:\/\/www.nb.no\/nettbutikk\/produkt\/et-stykke-norge\/#breadcrumb\"},\"inLanguage\":\"nb-NO\",\"potentialAction\":[{\"@type\":\"ReadAction\",\"target\":[\"https:\/\/www.nb.no\/nettbutikk\/produkt\/et-stykke-norge\/\"]}]},{\"@type\":\"ImageObject\",\"inLanguage\":\"nb-NO\",\"@id\":\"https:\/\/www.nb.no\/nettbutikk\/produkt\/et-stykke-norge\/#primaryimage\",\"url\":\"https:\/\/www.nb.no\/content\/uploads\/sites\/5\/2022\/10\/E6mp-pifWn-U4mniGoxN3v_N_3Ic7pZvNzWXmtKdD_5VcdOot7B-mOGLc2EoEZbHkX_9Q-qLiF6wGT1SAohAbA.jpg\",\"contentUrl\":\"https:\/\/www.nb.no\/content\/uploads\/sites\/5\/2022\/10\/E6mp-pifWn-U4mniGoxN3v_N_3Ic7pZvNzWXmtKdD_5VcdOot7B-mOGLc2EoEZbHkX_9Q-qLiF6wGT1SAohAbA.jpg\",\"width\":700,\"height\":1019,\"caption\":\"Et stykke Norge\"},{\"@type\":\"BreadcrumbList\",\"@id\":\"https:\/\/www.nb.no\/nettbutikk\/produkt\/et-stykke-norge\/#breadcrumb\",\"itemListElement\":[{\"@type\":\"ListItem\",\"position\":1,\"name\":\"Home\",\"item\":\"https:\/\/www.nb.no\/nettbutikk\/\"},{\"@type\":\"ListItem\",\"position\":2,\"name\":\"Butikk\",\"item\":\"https:\/\/www.nb.no\/nettbutikk\/butikk\/\"},{\"@type\":\"ListItem\",\"position\":3,\"name\":\"Et stykke Norge\"}]},{\"@type\":\"WebSite\",\"@id\":\"https:\/\/www.nb.no\/nettbutikk\/#website\",\"url\":\"https:\/\/www.nb.no\/nettbutikk\/\",\"name\":\"NB Nettbutikk\",\"description\":\"\",\"potentialAction\":[{\"@type\":\"SearchAction\",\"target\":{\"@type\":\"EntryPoint\",\"urlTemplate\":\"https:\/\/www.nb.no\/nettbutikk\/?s={search_term_string}\"},\"query-input\":{\"@type\":\"PropertyValueSpecification\",\"valueRequired\":true,\"valueName\":\"search_term_string\"}}],\"inLanguage\":\"nb-NO\"}]}<\/script>\n<!-- \/ Yoast SEO plugin. -->","yoast_head_json":{"title":"Et stykke Norge - NB Nettbutikk","robots":{"index":"index","follow":"follow","max-snippet":"max-snippet:-1","max-image-preview":"max-image-preview:large","max-video-preview":"max-video-preview:-1"},"canonical":"https:\/\/www.nb.no\/nettbutikk\/produkt\/et-stykke-norge\/","og_locale":"nb_NO","og_type":"article","og_title":"Et stykke Norge - NB Nettbutikk","og_description":"\"Denne bok er et stykke Norge\", skriver Agnar Mykle i romanen Lasso rundt fru Luna fra 1954. Fortsettelsen, Sangen om den r\u00f8de rubin, kom to \u00e5r etter. I 1955 ga Jens Bj\u00f8rneboe ut Jonas. Samlet tegner de kanoniserte og beryktede b\u00f8kene opp et bilde av den norske kulturen p\u00e5 1950-tallet. Mykle og Bj\u00f8rneboe utfordret flere av samtidens konvensjoner, samtidig som de befestet andre. For hvilken plass har kvinner i det mannssamfunnet b\u00f8kene gir innblikk i? Dette essayet er del av en foredragsserie om kultur og liv i 1950-tallets Norge. P\u00e5 jakt etter forst\u00e5else av landet og ti\u00e5ret hun selv ble f\u00f8dt i, unders\u00f8ker Toril Moi kulturuttrykk fra perioden. Prosjektet er b\u00e5de personlig og historisk. Uten \u00e5 forst\u00e5 Norge kan hun heller ikke forst\u00e5 seg selv.","og_url":"https:\/\/www.nb.no\/nettbutikk\/produkt\/et-stykke-norge\/","og_site_name":"NB Nettbutikk","article_modified_time":"2026-05-09T04:09:47+00:00","og_image":[{"width":700,"height":1019,"url":"https:\/\/www.nb.no\/content\/uploads\/sites\/5\/2022\/10\/E6mp-pifWn-U4mniGoxN3v_N_3Ic7pZvNzWXmtKdD_5VcdOot7B-mOGLc2EoEZbHkX_9Q-qLiF6wGT1SAohAbA.jpg","type":"image\/jpeg"}],"twitter_card":"summary_large_image","twitter_misc":{"Ansl. lesetid":"1 minutt"},"schema":{"@context":"https:\/\/schema.org","@graph":[{"@type":"WebPage","@id":"https:\/\/www.nb.no\/nettbutikk\/produkt\/et-stykke-norge\/","url":"https:\/\/www.nb.no\/nettbutikk\/produkt\/et-stykke-norge\/","name":"Et stykke Norge - NB Nettbutikk","isPartOf":{"@id":"https:\/\/www.nb.no\/nettbutikk\/#website"},"primaryImageOfPage":{"@id":"https:\/\/www.nb.no\/nettbutikk\/produkt\/et-stykke-norge\/#primaryimage"},"image":{"@id":"https:\/\/www.nb.no\/nettbutikk\/produkt\/et-stykke-norge\/#primaryimage"},"thumbnailUrl":"https:\/\/www.nb.no\/content\/uploads\/sites\/5\/2022\/10\/E6mp-pifWn-U4mniGoxN3v_N_3Ic7pZvNzWXmtKdD_5VcdOot7B-mOGLc2EoEZbHkX_9Q-qLiF6wGT1SAohAbA.jpg","datePublished":"2022-10-11T07:17:33+00:00","dateModified":"2026-05-09T04:09:47+00:00","breadcrumb":{"@id":"https:\/\/www.nb.no\/nettbutikk\/produkt\/et-stykke-norge\/#breadcrumb"},"inLanguage":"nb-NO","potentialAction":[{"@type":"ReadAction","target":["https:\/\/www.nb.no\/nettbutikk\/produkt\/et-stykke-norge\/"]}]},{"@type":"ImageObject","inLanguage":"nb-NO","@id":"https:\/\/www.nb.no\/nettbutikk\/produkt\/et-stykke-norge\/#primaryimage","url":"https:\/\/www.nb.no\/content\/uploads\/sites\/5\/2022\/10\/E6mp-pifWn-U4mniGoxN3v_N_3Ic7pZvNzWXmtKdD_5VcdOot7B-mOGLc2EoEZbHkX_9Q-qLiF6wGT1SAohAbA.jpg","contentUrl":"https:\/\/www.nb.no\/content\/uploads\/sites\/5\/2022\/10\/E6mp-pifWn-U4mniGoxN3v_N_3Ic7pZvNzWXmtKdD_5VcdOot7B-mOGLc2EoEZbHkX_9Q-qLiF6wGT1SAohAbA.jpg","width":700,"height":1019,"caption":"Et stykke Norge"},{"@type":"BreadcrumbList","@id":"https:\/\/www.nb.no\/nettbutikk\/produkt\/et-stykke-norge\/#breadcrumb","itemListElement":[{"@type":"ListItem","position":1,"name":"Home","item":"https:\/\/www.nb.no\/nettbutikk\/"},{"@type":"ListItem","position":2,"name":"Butikk","item":"https:\/\/www.nb.no\/nettbutikk\/butikk\/"},{"@type":"ListItem","position":3,"name":"Et stykke Norge"}]},{"@type":"WebSite","@id":"https:\/\/www.nb.no\/nettbutikk\/#website","url":"https:\/\/www.nb.no\/nettbutikk\/","name":"NB Nettbutikk","description":"","potentialAction":[{"@type":"SearchAction","target":{"@type":"EntryPoint","urlTemplate":"https:\/\/www.nb.no\/nettbutikk\/?s={search_term_string}"},"query-input":{"@type":"PropertyValueSpecification","valueRequired":true,"valueName":"search_term_string"}}],"inLanguage":"nb-NO"}]}},"_links":{"self":[{"href":"https:\/\/www.nb.no\/nettbutikk\/wp-json\/wp\/v2\/product\/15562","targetHints":{"allow":["GET"]}}],"collection":[{"href":"https:\/\/www.nb.no\/nettbutikk\/wp-json\/wp\/v2\/product"}],"about":[{"href":"https:\/\/www.nb.no\/nettbutikk\/wp-json\/wp\/v2\/types\/product"}],"wp:featuredmedia":[{"embeddable":true,"href":"https:\/\/www.nb.no\/nettbutikk\/wp-json\/wp\/v2\/media\/15559"}],"wp:attachment":[{"href":"https:\/\/www.nb.no\/nettbutikk\/wp-json\/wp\/v2\/media?parent=15562"}],"wp:term":[{"taxonomy":"product_brand","embeddable":true,"href":"https:\/\/www.nb.no\/nettbutikk\/wp-json\/wp\/v2\/product_brand?post=15562"},{"taxonomy":"product_cat","embeddable":true,"href":"https:\/\/www.nb.no\/nettbutikk\/wp-json\/wp\/v2\/product_cat?post=15562"},{"taxonomy":"product_tag","embeddable":true,"href":"https:\/\/www.nb.no\/nettbutikk\/wp-json\/wp\/v2\/product_tag?post=15562"}],"curies":[{"name":"wp","href":"https:\/\/api.w.org\/{rel}","templated":true}]}}