{"id":15544,"date":"2022-10-11T09:17:30","date_gmt":"2022-10-11T07:17:30","guid":{"rendered":"https:\/\/www.nb.no\/nettbutikk\/produkt\/barrierebryteren\/"},"modified":"2026-04-15T08:19:41","modified_gmt":"2026-04-15T06:19:41","slug":"barrierebryteren","status":"publish","type":"product","link":"https:\/\/www.nb.no\/nettbutikk\/produkt\/barrierebryteren\/","title":{"rendered":"Barrierebryteren"},"content":{"rendered":"","protected":false},"excerpt":{"rendered":"<p>Kristine Bonnevie er kjent som Norges f\u00f8rste kvinnelige professor. Hun s\u00f8kte svar p\u00e5 store sp\u00f8rsm\u00e5l: Hva er liv, og hva er menneskets plass i naturen? <\/p>\n<p>Dag O. Hessen jobber med de samme sp\u00f8rsm\u00e5lene. Han skriver fram historien om en kvinne som br\u00f8t flere barrierer enn de fleste, i en tid da h\u00f8yere utdannelse og forskning var forbeholdt menn.<\/p>\n","protected":false},"featured_media":15541,"template":"","meta":{"nb_hide_title":false,"nb_breadcrumb_title_override":""},"product_brand":[],"product_cat":[355],"product_tag":[3820,3849],"class_list":{"0":"post-15544","1":"product","2":"type-product","3":"status-publish","4":"has-post-thumbnail","6":"product_cat-nbs-populaere","7":"product_tag-kvinner","8":"product_tag-vitenskapspionerer","10":"first","11":"instock","12":"shipping-taxable","13":"purchasable","14":"product-type-simple"},"yoast_head":"<!-- This site is optimized with the Yoast SEO plugin v27.1.1 - https:\/\/yoast.com\/product\/yoast-seo-wordpress\/ -->\n<title>Barrierebryteren - NB Nettbutikk<\/title>\n<meta name=\"robots\" content=\"index, follow, max-snippet:-1, max-image-preview:large, max-video-preview:-1\" \/>\n<link rel=\"canonical\" href=\"https:\/\/www.nb.no\/nettbutikk\/produkt\/barrierebryteren\/\" \/>\n<meta property=\"og:locale\" content=\"nb_NO\" \/>\n<meta property=\"og:type\" content=\"article\" \/>\n<meta property=\"og:title\" content=\"Barrierebryteren - NB Nettbutikk\" \/>\n<meta property=\"og:description\" content=\"Kristine Bonnevie er kjent som Norges f\u00f8rste kvinnelige professor. Hun s\u00f8kte svar p\u00e5 store sp\u00f8rsm\u00e5l: Hva er liv, og hva er menneskets plass i naturen?  Dag O. Hessen jobber med de samme sp\u00f8rsm\u00e5lene. Han skriver fram historien om en kvinne som br\u00f8t flere barrierer enn de fleste, i en tid da h\u00f8yere utdannelse og forskning var forbeholdt menn.\" \/>\n<meta property=\"og:url\" content=\"https:\/\/www.nb.no\/nettbutikk\/produkt\/barrierebryteren\/\" \/>\n<meta property=\"og:site_name\" content=\"NB Nettbutikk\" \/>\n<meta property=\"article:modified_time\" content=\"2026-04-15T06:19:41+00:00\" \/>\n<meta property=\"og:image\" content=\"https:\/\/www.nb.no\/content\/uploads\/sites\/5\/2022\/10\/E6mp-pifWn-U4mniGoxN3v_N_3Ic7pZvNzWXmtbNUq4BJYb44-B5zrSPdTAvE5KRnSitQ-mJ2A61HD5eAohAbA.jpg\" \/>\n\t<meta property=\"og:image:width\" content=\"1299\" \/>\n\t<meta property=\"og:image:height\" content=\"1890\" \/>\n\t<meta property=\"og:image:type\" content=\"image\/jpeg\" \/>\n<meta name=\"twitter:card\" content=\"summary_large_image\" \/>\n<meta name=\"twitter:label1\" content=\"Ansl. lesetid\" \/>\n\t<meta name=\"twitter:data1\" content=\"1 minutt\" \/>\n<script type=\"application\/ld+json\" class=\"yoast-schema-graph\">{\"@context\":\"https:\/\/schema.org\",\"@graph\":[{\"@type\":\"WebPage\",\"@id\":\"https:\/\/www.nb.no\/nettbutikk\/produkt\/barrierebryteren\/\",\"url\":\"https:\/\/www.nb.no\/nettbutikk\/produkt\/barrierebryteren\/\",\"name\":\"Barrierebryteren - NB Nettbutikk\",\"isPartOf\":{\"@id\":\"https:\/\/www.nb.no\/nettbutikk\/#website\"},\"primaryImageOfPage\":{\"@id\":\"https:\/\/www.nb.no\/nettbutikk\/produkt\/barrierebryteren\/#primaryimage\"},\"image\":{\"@id\":\"https:\/\/www.nb.no\/nettbutikk\/produkt\/barrierebryteren\/#primaryimage\"},\"thumbnailUrl\":\"https:\/\/www.nb.no\/content\/uploads\/sites\/5\/2022\/10\/E6mp-pifWn-U4mniGoxN3v_N_3Ic7pZvNzWXmtbNUq4BJYb44-B5zrSPdTAvE5KRnSitQ-mJ2A61HD5eAohAbA.jpg\",\"datePublished\":\"2022-10-11T07:17:30+00:00\",\"dateModified\":\"2026-04-15T06:19:41+00:00\",\"breadcrumb\":{\"@id\":\"https:\/\/www.nb.no\/nettbutikk\/produkt\/barrierebryteren\/#breadcrumb\"},\"inLanguage\":\"nb-NO\",\"potentialAction\":[{\"@type\":\"ReadAction\",\"target\":[\"https:\/\/www.nb.no\/nettbutikk\/produkt\/barrierebryteren\/\"]}]},{\"@type\":\"ImageObject\",\"inLanguage\":\"nb-NO\",\"@id\":\"https:\/\/www.nb.no\/nettbutikk\/produkt\/barrierebryteren\/#primaryimage\",\"url\":\"https:\/\/www.nb.no\/content\/uploads\/sites\/5\/2022\/10\/E6mp-pifWn-U4mniGoxN3v_N_3Ic7pZvNzWXmtbNUq4BJYb44-B5zrSPdTAvE5KRnSitQ-mJ2A61HD5eAohAbA.jpg\",\"contentUrl\":\"https:\/\/www.nb.no\/content\/uploads\/sites\/5\/2022\/10\/E6mp-pifWn-U4mniGoxN3v_N_3Ic7pZvNzWXmtbNUq4BJYb44-B5zrSPdTAvE5KRnSitQ-mJ2A61HD5eAohAbA.jpg\",\"width\":1299,\"height\":1890,\"caption\":\"Barrierebryteren\"},{\"@type\":\"BreadcrumbList\",\"@id\":\"https:\/\/www.nb.no\/nettbutikk\/produkt\/barrierebryteren\/#breadcrumb\",\"itemListElement\":[{\"@type\":\"ListItem\",\"position\":1,\"name\":\"Home\",\"item\":\"https:\/\/www.nb.no\/nettbutikk\/\"},{\"@type\":\"ListItem\",\"position\":2,\"name\":\"Butikk\",\"item\":\"https:\/\/www.nb.no\/nettbutikk\/butikk\/\"},{\"@type\":\"ListItem\",\"position\":3,\"name\":\"Barrierebryteren\"}]},{\"@type\":\"WebSite\",\"@id\":\"https:\/\/www.nb.no\/nettbutikk\/#website\",\"url\":\"https:\/\/www.nb.no\/nettbutikk\/\",\"name\":\"NB Nettbutikk\",\"description\":\"\",\"potentialAction\":[{\"@type\":\"SearchAction\",\"target\":{\"@type\":\"EntryPoint\",\"urlTemplate\":\"https:\/\/www.nb.no\/nettbutikk\/?s={search_term_string}\"},\"query-input\":{\"@type\":\"PropertyValueSpecification\",\"valueRequired\":true,\"valueName\":\"search_term_string\"}}],\"inLanguage\":\"nb-NO\"}]}<\/script>\n<!-- \/ Yoast SEO plugin. -->","yoast_head_json":{"title":"Barrierebryteren - NB Nettbutikk","robots":{"index":"index","follow":"follow","max-snippet":"max-snippet:-1","max-image-preview":"max-image-preview:large","max-video-preview":"max-video-preview:-1"},"canonical":"https:\/\/www.nb.no\/nettbutikk\/produkt\/barrierebryteren\/","og_locale":"nb_NO","og_type":"article","og_title":"Barrierebryteren - NB Nettbutikk","og_description":"Kristine Bonnevie er kjent som Norges f\u00f8rste kvinnelige professor. Hun s\u00f8kte svar p\u00e5 store sp\u00f8rsm\u00e5l: Hva er liv, og hva er menneskets plass i naturen?  Dag O. Hessen jobber med de samme sp\u00f8rsm\u00e5lene. Han skriver fram historien om en kvinne som br\u00f8t flere barrierer enn de fleste, i en tid da h\u00f8yere utdannelse og forskning var forbeholdt menn.","og_url":"https:\/\/www.nb.no\/nettbutikk\/produkt\/barrierebryteren\/","og_site_name":"NB Nettbutikk","article_modified_time":"2026-04-15T06:19:41+00:00","og_image":[{"width":1299,"height":1890,"url":"https:\/\/www.nb.no\/content\/uploads\/sites\/5\/2022\/10\/E6mp-pifWn-U4mniGoxN3v_N_3Ic7pZvNzWXmtbNUq4BJYb44-B5zrSPdTAvE5KRnSitQ-mJ2A61HD5eAohAbA.jpg","type":"image\/jpeg"}],"twitter_card":"summary_large_image","twitter_misc":{"Ansl. lesetid":"1 minutt"},"schema":{"@context":"https:\/\/schema.org","@graph":[{"@type":"WebPage","@id":"https:\/\/www.nb.no\/nettbutikk\/produkt\/barrierebryteren\/","url":"https:\/\/www.nb.no\/nettbutikk\/produkt\/barrierebryteren\/","name":"Barrierebryteren - NB Nettbutikk","isPartOf":{"@id":"https:\/\/www.nb.no\/nettbutikk\/#website"},"primaryImageOfPage":{"@id":"https:\/\/www.nb.no\/nettbutikk\/produkt\/barrierebryteren\/#primaryimage"},"image":{"@id":"https:\/\/www.nb.no\/nettbutikk\/produkt\/barrierebryteren\/#primaryimage"},"thumbnailUrl":"https:\/\/www.nb.no\/content\/uploads\/sites\/5\/2022\/10\/E6mp-pifWn-U4mniGoxN3v_N_3Ic7pZvNzWXmtbNUq4BJYb44-B5zrSPdTAvE5KRnSitQ-mJ2A61HD5eAohAbA.jpg","datePublished":"2022-10-11T07:17:30+00:00","dateModified":"2026-04-15T06:19:41+00:00","breadcrumb":{"@id":"https:\/\/www.nb.no\/nettbutikk\/produkt\/barrierebryteren\/#breadcrumb"},"inLanguage":"nb-NO","potentialAction":[{"@type":"ReadAction","target":["https:\/\/www.nb.no\/nettbutikk\/produkt\/barrierebryteren\/"]}]},{"@type":"ImageObject","inLanguage":"nb-NO","@id":"https:\/\/www.nb.no\/nettbutikk\/produkt\/barrierebryteren\/#primaryimage","url":"https:\/\/www.nb.no\/content\/uploads\/sites\/5\/2022\/10\/E6mp-pifWn-U4mniGoxN3v_N_3Ic7pZvNzWXmtbNUq4BJYb44-B5zrSPdTAvE5KRnSitQ-mJ2A61HD5eAohAbA.jpg","contentUrl":"https:\/\/www.nb.no\/content\/uploads\/sites\/5\/2022\/10\/E6mp-pifWn-U4mniGoxN3v_N_3Ic7pZvNzWXmtbNUq4BJYb44-B5zrSPdTAvE5KRnSitQ-mJ2A61HD5eAohAbA.jpg","width":1299,"height":1890,"caption":"Barrierebryteren"},{"@type":"BreadcrumbList","@id":"https:\/\/www.nb.no\/nettbutikk\/produkt\/barrierebryteren\/#breadcrumb","itemListElement":[{"@type":"ListItem","position":1,"name":"Home","item":"https:\/\/www.nb.no\/nettbutikk\/"},{"@type":"ListItem","position":2,"name":"Butikk","item":"https:\/\/www.nb.no\/nettbutikk\/butikk\/"},{"@type":"ListItem","position":3,"name":"Barrierebryteren"}]},{"@type":"WebSite","@id":"https:\/\/www.nb.no\/nettbutikk\/#website","url":"https:\/\/www.nb.no\/nettbutikk\/","name":"NB Nettbutikk","description":"","potentialAction":[{"@type":"SearchAction","target":{"@type":"EntryPoint","urlTemplate":"https:\/\/www.nb.no\/nettbutikk\/?s={search_term_string}"},"query-input":{"@type":"PropertyValueSpecification","valueRequired":true,"valueName":"search_term_string"}}],"inLanguage":"nb-NO"}]}},"_links":{"self":[{"href":"https:\/\/www.nb.no\/nettbutikk\/wp-json\/wp\/v2\/product\/15544","targetHints":{"allow":["GET"]}}],"collection":[{"href":"https:\/\/www.nb.no\/nettbutikk\/wp-json\/wp\/v2\/product"}],"about":[{"href":"https:\/\/www.nb.no\/nettbutikk\/wp-json\/wp\/v2\/types\/product"}],"wp:featuredmedia":[{"embeddable":true,"href":"https:\/\/www.nb.no\/nettbutikk\/wp-json\/wp\/v2\/media\/15541"}],"wp:attachment":[{"href":"https:\/\/www.nb.no\/nettbutikk\/wp-json\/wp\/v2\/media?parent=15544"}],"wp:term":[{"taxonomy":"product_brand","embeddable":true,"href":"https:\/\/www.nb.no\/nettbutikk\/wp-json\/wp\/v2\/product_brand?post=15544"},{"taxonomy":"product_cat","embeddable":true,"href":"https:\/\/www.nb.no\/nettbutikk\/wp-json\/wp\/v2\/product_cat?post=15544"},{"taxonomy":"product_tag","embeddable":true,"href":"https:\/\/www.nb.no\/nettbutikk\/wp-json\/wp\/v2\/product_tag?post=15544"}],"curies":[{"name":"wp","href":"https:\/\/api.w.org\/{rel}","templated":true}]}}