{"id":15538,"date":"2022-10-11T09:17:28","date_gmt":"2022-10-11T07:17:28","guid":{"rendered":"https:\/\/www.nb.no\/nettbutikk\/produkt\/eilert-sundt-og-folkehelsearbeidet\/"},"modified":"2026-04-15T08:19:40","modified_gmt":"2026-04-15T06:19:40","slug":"eilert-sundt-og-folkehelsearbeidet","status":"publish","type":"product","link":"https:\/\/www.nb.no\/nettbutikk\/produkt\/eilert-sundt-og-folkehelsearbeidet\/","title":{"rendered":"Eilert Sundt og folkehelsearbeidet"},"content":{"rendered":"","protected":false},"excerpt":{"rendered":"<p>Eilert Sundt er kjent som \u00absamfunnsforskningens far\u00bb. Flere av problemomr\u00e5dene han befattet seg med p\u00e5 1800-tallet, har sl\u00e5ende likheter med dagens debatter. <\/p>\n<p>Camilla Stoltenberg og Magne Nylenna belyser Eilert Sundts rolle som folkehelsepioner. Hva kan vi, i v\u00e5r kriseutsatte tid, l\u00e6re av Sundt og hans metoder?<\/p>\n","protected":false},"featured_media":15535,"template":"","meta":{"nb_hide_title":false,"nb_breadcrumb_title_override":""},"product_brand":[],"product_cat":[355],"product_tag":[3752,3822,3849],"class_list":{"0":"post-15538","1":"product","2":"type-product","3":"status-publish","4":"has-post-thumbnail","6":"product_cat-nbs-populaere","7":"product_tag-1800-tallet","8":"product_tag-medisinsk-historie","9":"product_tag-vitenskapspionerer","11":"first","12":"instock","13":"shipping-taxable","14":"purchasable","15":"product-type-simple"},"yoast_head":"<!-- This site is optimized with the Yoast SEO plugin v27.1.1 - https:\/\/yoast.com\/product\/yoast-seo-wordpress\/ -->\n<title>Eilert Sundt og folkehelsearbeidet - NB Nettbutikk<\/title>\n<meta name=\"robots\" content=\"index, follow, max-snippet:-1, max-image-preview:large, max-video-preview:-1\" \/>\n<link rel=\"canonical\" href=\"https:\/\/www.nb.no\/nettbutikk\/produkt\/eilert-sundt-og-folkehelsearbeidet\/\" \/>\n<meta property=\"og:locale\" content=\"nb_NO\" \/>\n<meta property=\"og:type\" content=\"article\" \/>\n<meta property=\"og:title\" content=\"Eilert Sundt og folkehelsearbeidet - NB Nettbutikk\" \/>\n<meta property=\"og:description\" content=\"Eilert Sundt er kjent som \u00absamfunnsforskningens far\u00bb. Flere av problemomr\u00e5dene han befattet seg med p\u00e5 1800-tallet, har sl\u00e5ende likheter med dagens debatter.  Camilla Stoltenberg og Magne Nylenna belyser Eilert Sundts rolle som folkehelsepioner. Hva kan vi, i v\u00e5r kriseutsatte tid, l\u00e6re av Sundt og hans metoder?\" \/>\n<meta property=\"og:url\" content=\"https:\/\/www.nb.no\/nettbutikk\/produkt\/eilert-sundt-og-folkehelsearbeidet\/\" \/>\n<meta property=\"og:site_name\" content=\"NB Nettbutikk\" \/>\n<meta property=\"article:modified_time\" content=\"2026-04-15T06:19:40+00:00\" \/>\n<meta property=\"og:image\" content=\"https:\/\/www.nb.no\/content\/uploads\/sites\/5\/2022\/10\/E6mp-pifWn-U4mniGoxN3v_N_3Ic7pZvNzWXmtSeBvdTcoGoseJ6mbSMdGZ7GMaQyXn6EuiOgly6GDxTAohAbA.jpg\" \/>\n\t<meta property=\"og:image:width\" content=\"879\" \/>\n\t<meta property=\"og:image:height\" content=\"1280\" \/>\n\t<meta property=\"og:image:type\" content=\"image\/jpeg\" \/>\n<meta name=\"twitter:card\" content=\"summary_large_image\" \/>\n<meta name=\"twitter:label1\" content=\"Ansl. lesetid\" \/>\n\t<meta name=\"twitter:data1\" content=\"1 minutt\" \/>\n<script type=\"application\/ld+json\" class=\"yoast-schema-graph\">{\"@context\":\"https:\/\/schema.org\",\"@graph\":[{\"@type\":\"WebPage\",\"@id\":\"https:\/\/www.nb.no\/nettbutikk\/produkt\/eilert-sundt-og-folkehelsearbeidet\/\",\"url\":\"https:\/\/www.nb.no\/nettbutikk\/produkt\/eilert-sundt-og-folkehelsearbeidet\/\",\"name\":\"Eilert Sundt og folkehelsearbeidet - NB Nettbutikk\",\"isPartOf\":{\"@id\":\"https:\/\/www.nb.no\/nettbutikk\/#website\"},\"primaryImageOfPage\":{\"@id\":\"https:\/\/www.nb.no\/nettbutikk\/produkt\/eilert-sundt-og-folkehelsearbeidet\/#primaryimage\"},\"image\":{\"@id\":\"https:\/\/www.nb.no\/nettbutikk\/produkt\/eilert-sundt-og-folkehelsearbeidet\/#primaryimage\"},\"thumbnailUrl\":\"https:\/\/www.nb.no\/content\/uploads\/sites\/5\/2022\/10\/E6mp-pifWn-U4mniGoxN3v_N_3Ic7pZvNzWXmtSeBvdTcoGoseJ6mbSMdGZ7GMaQyXn6EuiOgly6GDxTAohAbA.jpg\",\"datePublished\":\"2022-10-11T07:17:28+00:00\",\"dateModified\":\"2026-04-15T06:19:40+00:00\",\"breadcrumb\":{\"@id\":\"https:\/\/www.nb.no\/nettbutikk\/produkt\/eilert-sundt-og-folkehelsearbeidet\/#breadcrumb\"},\"inLanguage\":\"nb-NO\",\"potentialAction\":[{\"@type\":\"ReadAction\",\"target\":[\"https:\/\/www.nb.no\/nettbutikk\/produkt\/eilert-sundt-og-folkehelsearbeidet\/\"]}]},{\"@type\":\"ImageObject\",\"inLanguage\":\"nb-NO\",\"@id\":\"https:\/\/www.nb.no\/nettbutikk\/produkt\/eilert-sundt-og-folkehelsearbeidet\/#primaryimage\",\"url\":\"https:\/\/www.nb.no\/content\/uploads\/sites\/5\/2022\/10\/E6mp-pifWn-U4mniGoxN3v_N_3Ic7pZvNzWXmtSeBvdTcoGoseJ6mbSMdGZ7GMaQyXn6EuiOgly6GDxTAohAbA.jpg\",\"contentUrl\":\"https:\/\/www.nb.no\/content\/uploads\/sites\/5\/2022\/10\/E6mp-pifWn-U4mniGoxN3v_N_3Ic7pZvNzWXmtSeBvdTcoGoseJ6mbSMdGZ7GMaQyXn6EuiOgly6GDxTAohAbA.jpg\",\"width\":879,\"height\":1280,\"caption\":\"Eilert Sundt og folkehelsearbeidet\"},{\"@type\":\"BreadcrumbList\",\"@id\":\"https:\/\/www.nb.no\/nettbutikk\/produkt\/eilert-sundt-og-folkehelsearbeidet\/#breadcrumb\",\"itemListElement\":[{\"@type\":\"ListItem\",\"position\":1,\"name\":\"Home\",\"item\":\"https:\/\/www.nb.no\/nettbutikk\/\"},{\"@type\":\"ListItem\",\"position\":2,\"name\":\"Butikk\",\"item\":\"https:\/\/www.nb.no\/nettbutikk\/butikk\/\"},{\"@type\":\"ListItem\",\"position\":3,\"name\":\"Eilert Sundt og folkehelsearbeidet\"}]},{\"@type\":\"WebSite\",\"@id\":\"https:\/\/www.nb.no\/nettbutikk\/#website\",\"url\":\"https:\/\/www.nb.no\/nettbutikk\/\",\"name\":\"NB Nettbutikk\",\"description\":\"\",\"potentialAction\":[{\"@type\":\"SearchAction\",\"target\":{\"@type\":\"EntryPoint\",\"urlTemplate\":\"https:\/\/www.nb.no\/nettbutikk\/?s={search_term_string}\"},\"query-input\":{\"@type\":\"PropertyValueSpecification\",\"valueRequired\":true,\"valueName\":\"search_term_string\"}}],\"inLanguage\":\"nb-NO\"}]}<\/script>\n<!-- \/ Yoast SEO plugin. -->","yoast_head_json":{"title":"Eilert Sundt og folkehelsearbeidet - NB Nettbutikk","robots":{"index":"index","follow":"follow","max-snippet":"max-snippet:-1","max-image-preview":"max-image-preview:large","max-video-preview":"max-video-preview:-1"},"canonical":"https:\/\/www.nb.no\/nettbutikk\/produkt\/eilert-sundt-og-folkehelsearbeidet\/","og_locale":"nb_NO","og_type":"article","og_title":"Eilert Sundt og folkehelsearbeidet - NB Nettbutikk","og_description":"Eilert Sundt er kjent som \u00absamfunnsforskningens far\u00bb. Flere av problemomr\u00e5dene han befattet seg med p\u00e5 1800-tallet, har sl\u00e5ende likheter med dagens debatter.  Camilla Stoltenberg og Magne Nylenna belyser Eilert Sundts rolle som folkehelsepioner. Hva kan vi, i v\u00e5r kriseutsatte tid, l\u00e6re av Sundt og hans metoder?","og_url":"https:\/\/www.nb.no\/nettbutikk\/produkt\/eilert-sundt-og-folkehelsearbeidet\/","og_site_name":"NB Nettbutikk","article_modified_time":"2026-04-15T06:19:40+00:00","og_image":[{"width":879,"height":1280,"url":"https:\/\/www.nb.no\/content\/uploads\/sites\/5\/2022\/10\/E6mp-pifWn-U4mniGoxN3v_N_3Ic7pZvNzWXmtSeBvdTcoGoseJ6mbSMdGZ7GMaQyXn6EuiOgly6GDxTAohAbA.jpg","type":"image\/jpeg"}],"twitter_card":"summary_large_image","twitter_misc":{"Ansl. lesetid":"1 minutt"},"schema":{"@context":"https:\/\/schema.org","@graph":[{"@type":"WebPage","@id":"https:\/\/www.nb.no\/nettbutikk\/produkt\/eilert-sundt-og-folkehelsearbeidet\/","url":"https:\/\/www.nb.no\/nettbutikk\/produkt\/eilert-sundt-og-folkehelsearbeidet\/","name":"Eilert Sundt og folkehelsearbeidet - NB Nettbutikk","isPartOf":{"@id":"https:\/\/www.nb.no\/nettbutikk\/#website"},"primaryImageOfPage":{"@id":"https:\/\/www.nb.no\/nettbutikk\/produkt\/eilert-sundt-og-folkehelsearbeidet\/#primaryimage"},"image":{"@id":"https:\/\/www.nb.no\/nettbutikk\/produkt\/eilert-sundt-og-folkehelsearbeidet\/#primaryimage"},"thumbnailUrl":"https:\/\/www.nb.no\/content\/uploads\/sites\/5\/2022\/10\/E6mp-pifWn-U4mniGoxN3v_N_3Ic7pZvNzWXmtSeBvdTcoGoseJ6mbSMdGZ7GMaQyXn6EuiOgly6GDxTAohAbA.jpg","datePublished":"2022-10-11T07:17:28+00:00","dateModified":"2026-04-15T06:19:40+00:00","breadcrumb":{"@id":"https:\/\/www.nb.no\/nettbutikk\/produkt\/eilert-sundt-og-folkehelsearbeidet\/#breadcrumb"},"inLanguage":"nb-NO","potentialAction":[{"@type":"ReadAction","target":["https:\/\/www.nb.no\/nettbutikk\/produkt\/eilert-sundt-og-folkehelsearbeidet\/"]}]},{"@type":"ImageObject","inLanguage":"nb-NO","@id":"https:\/\/www.nb.no\/nettbutikk\/produkt\/eilert-sundt-og-folkehelsearbeidet\/#primaryimage","url":"https:\/\/www.nb.no\/content\/uploads\/sites\/5\/2022\/10\/E6mp-pifWn-U4mniGoxN3v_N_3Ic7pZvNzWXmtSeBvdTcoGoseJ6mbSMdGZ7GMaQyXn6EuiOgly6GDxTAohAbA.jpg","contentUrl":"https:\/\/www.nb.no\/content\/uploads\/sites\/5\/2022\/10\/E6mp-pifWn-U4mniGoxN3v_N_3Ic7pZvNzWXmtSeBvdTcoGoseJ6mbSMdGZ7GMaQyXn6EuiOgly6GDxTAohAbA.jpg","width":879,"height":1280,"caption":"Eilert Sundt og folkehelsearbeidet"},{"@type":"BreadcrumbList","@id":"https:\/\/www.nb.no\/nettbutikk\/produkt\/eilert-sundt-og-folkehelsearbeidet\/#breadcrumb","itemListElement":[{"@type":"ListItem","position":1,"name":"Home","item":"https:\/\/www.nb.no\/nettbutikk\/"},{"@type":"ListItem","position":2,"name":"Butikk","item":"https:\/\/www.nb.no\/nettbutikk\/butikk\/"},{"@type":"ListItem","position":3,"name":"Eilert Sundt og folkehelsearbeidet"}]},{"@type":"WebSite","@id":"https:\/\/www.nb.no\/nettbutikk\/#website","url":"https:\/\/www.nb.no\/nettbutikk\/","name":"NB Nettbutikk","description":"","potentialAction":[{"@type":"SearchAction","target":{"@type":"EntryPoint","urlTemplate":"https:\/\/www.nb.no\/nettbutikk\/?s={search_term_string}"},"query-input":{"@type":"PropertyValueSpecification","valueRequired":true,"valueName":"search_term_string"}}],"inLanguage":"nb-NO"}]}},"_links":{"self":[{"href":"https:\/\/www.nb.no\/nettbutikk\/wp-json\/wp\/v2\/product\/15538","targetHints":{"allow":["GET"]}}],"collection":[{"href":"https:\/\/www.nb.no\/nettbutikk\/wp-json\/wp\/v2\/product"}],"about":[{"href":"https:\/\/www.nb.no\/nettbutikk\/wp-json\/wp\/v2\/types\/product"}],"wp:featuredmedia":[{"embeddable":true,"href":"https:\/\/www.nb.no\/nettbutikk\/wp-json\/wp\/v2\/media\/15535"}],"wp:attachment":[{"href":"https:\/\/www.nb.no\/nettbutikk\/wp-json\/wp\/v2\/media?parent=15538"}],"wp:term":[{"taxonomy":"product_brand","embeddable":true,"href":"https:\/\/www.nb.no\/nettbutikk\/wp-json\/wp\/v2\/product_brand?post=15538"},{"taxonomy":"product_cat","embeddable":true,"href":"https:\/\/www.nb.no\/nettbutikk\/wp-json\/wp\/v2\/product_cat?post=15538"},{"taxonomy":"product_tag","embeddable":true,"href":"https:\/\/www.nb.no\/nettbutikk\/wp-json\/wp\/v2\/product_tag?post=15538"}],"curies":[{"name":"wp","href":"https:\/\/api.w.org\/{rel}","templated":true}]}}