{"id":15514,"date":"2022-10-11T09:17:21","date_gmt":"2022-10-11T07:17:21","guid":{"rendered":"https:\/\/www.nb.no\/nettbutikk\/produkt\/den-hellige-familien\/"},"modified":"2026-04-23T06:03:26","modified_gmt":"2026-04-23T04:03:26","slug":"den-hellige-familien","status":"publish","type":"product","link":"https:\/\/www.nb.no\/nettbutikk\/produkt\/den-hellige-familien\/","title":{"rendered":"Den hellige familien"},"content":{"rendered":"","protected":false},"excerpt":{"rendered":"<p>I over hundre og femti \u00e5r er det blitt ropt varsko om familiens snarlige forvitring. Likevel skaper vi fortellinger om den som aldri f\u00f8r. Men hva er det egentlig vi forteller? Og hva sier fortellingene om oss? <\/p>\n<p>Janne Stigen Drangsholt beveger seg kyndig og uanstrengt gjennom litteratur- og kulturhistorien fra 1800-tallet til i dag i et fors\u00f8k p\u00e5 \u00e5 besvare disse sp\u00f8rsm\u00e5lene. Essayet er tankevekkende lesning om hva vi trenger b\u00e5de familien og litteraturen til.<\/p>\n","protected":false},"featured_media":15511,"template":"","meta":{"nb_hide_title":false,"nb_breadcrumb_title_override":""},"product_brand":[],"product_cat":[355],"product_tag":[3752,3773,3825],"class_list":{"0":"post-15514","1":"product","2":"type-product","3":"status-publish","4":"has-post-thumbnail","6":"product_cat-nbs-populaere","7":"product_tag-1800-tallet","8":"product_tag-1900-tallet","9":"product_tag-litteratur","11":"first","12":"instock","13":"shipping-taxable","14":"purchasable","15":"product-type-simple"},"yoast_head":"<!-- This site is optimized with the Yoast SEO plugin v27.1.1 - https:\/\/yoast.com\/product\/yoast-seo-wordpress\/ -->\n<title>Den hellige familien - NB Nettbutikk<\/title>\n<meta name=\"robots\" content=\"index, follow, max-snippet:-1, max-image-preview:large, max-video-preview:-1\" \/>\n<link rel=\"canonical\" href=\"https:\/\/www.nb.no\/nettbutikk\/produkt\/den-hellige-familien\/\" \/>\n<meta property=\"og:locale\" content=\"nb_NO\" \/>\n<meta property=\"og:type\" content=\"article\" \/>\n<meta property=\"og:title\" content=\"Den hellige familien - NB Nettbutikk\" \/>\n<meta property=\"og:description\" content=\"I over hundre og femti \u00e5r er det blitt ropt varsko om familiens snarlige forvitring. Likevel skaper vi fortellinger om den som aldri f\u00f8r. Men hva er det egentlig vi forteller? Og hva sier fortellingene om oss?  Janne Stigen Drangsholt beveger seg kyndig og uanstrengt gjennom litteratur- og kulturhistorien fra 1800-tallet til i dag i et fors\u00f8k p\u00e5 \u00e5 besvare disse sp\u00f8rsm\u00e5lene. Essayet er tankevekkende lesning om hva vi trenger b\u00e5de familien og litteraturen til.\" \/>\n<meta property=\"og:url\" content=\"https:\/\/www.nb.no\/nettbutikk\/produkt\/den-hellige-familien\/\" \/>\n<meta property=\"og:site_name\" content=\"NB Nettbutikk\" \/>\n<meta property=\"article:modified_time\" content=\"2026-04-23T04:03:26+00:00\" \/>\n<meta property=\"og:image\" content=\"https:\/\/www.nb.no\/content\/uploads\/sites\/5\/2022\/10\/E6mp-pifWn-U4mniGoxN3v_N_3Ic7pZvNzWXmtmfBapUdtGuuOQvnbPeLzR7GJGTn37_R-WL3wnnSz5TAohAbA.jpg\" \/>\n\t<meta property=\"og:image:width\" content=\"1299\" \/>\n\t<meta property=\"og:image:height\" content=\"1890\" \/>\n\t<meta property=\"og:image:type\" content=\"image\/jpeg\" \/>\n<meta name=\"twitter:card\" content=\"summary_large_image\" \/>\n<meta name=\"twitter:label1\" content=\"Ansl. lesetid\" \/>\n\t<meta name=\"twitter:data1\" content=\"1 minutt\" \/>\n<script type=\"application\/ld+json\" class=\"yoast-schema-graph\">{\"@context\":\"https:\/\/schema.org\",\"@graph\":[{\"@type\":\"WebPage\",\"@id\":\"https:\/\/www.nb.no\/nettbutikk\/produkt\/den-hellige-familien\/\",\"url\":\"https:\/\/www.nb.no\/nettbutikk\/produkt\/den-hellige-familien\/\",\"name\":\"Den hellige familien - NB Nettbutikk\",\"isPartOf\":{\"@id\":\"https:\/\/www.nb.no\/nettbutikk\/#website\"},\"primaryImageOfPage\":{\"@id\":\"https:\/\/www.nb.no\/nettbutikk\/produkt\/den-hellige-familien\/#primaryimage\"},\"image\":{\"@id\":\"https:\/\/www.nb.no\/nettbutikk\/produkt\/den-hellige-familien\/#primaryimage\"},\"thumbnailUrl\":\"https:\/\/www.nb.no\/content\/uploads\/sites\/5\/2022\/10\/E6mp-pifWn-U4mniGoxN3v_N_3Ic7pZvNzWXmtmfBapUdtGuuOQvnbPeLzR7GJGTn37_R-WL3wnnSz5TAohAbA.jpg\",\"datePublished\":\"2022-10-11T07:17:21+00:00\",\"dateModified\":\"2026-04-23T04:03:26+00:00\",\"breadcrumb\":{\"@id\":\"https:\/\/www.nb.no\/nettbutikk\/produkt\/den-hellige-familien\/#breadcrumb\"},\"inLanguage\":\"nb-NO\",\"potentialAction\":[{\"@type\":\"ReadAction\",\"target\":[\"https:\/\/www.nb.no\/nettbutikk\/produkt\/den-hellige-familien\/\"]}]},{\"@type\":\"ImageObject\",\"inLanguage\":\"nb-NO\",\"@id\":\"https:\/\/www.nb.no\/nettbutikk\/produkt\/den-hellige-familien\/#primaryimage\",\"url\":\"https:\/\/www.nb.no\/content\/uploads\/sites\/5\/2022\/10\/E6mp-pifWn-U4mniGoxN3v_N_3Ic7pZvNzWXmtmfBapUdtGuuOQvnbPeLzR7GJGTn37_R-WL3wnnSz5TAohAbA.jpg\",\"contentUrl\":\"https:\/\/www.nb.no\/content\/uploads\/sites\/5\/2022\/10\/E6mp-pifWn-U4mniGoxN3v_N_3Ic7pZvNzWXmtmfBapUdtGuuOQvnbPeLzR7GJGTn37_R-WL3wnnSz5TAohAbA.jpg\",\"width\":1299,\"height\":1890,\"caption\":\"Den hellige familien\"},{\"@type\":\"BreadcrumbList\",\"@id\":\"https:\/\/www.nb.no\/nettbutikk\/produkt\/den-hellige-familien\/#breadcrumb\",\"itemListElement\":[{\"@type\":\"ListItem\",\"position\":1,\"name\":\"Home\",\"item\":\"https:\/\/www.nb.no\/nettbutikk\/\"},{\"@type\":\"ListItem\",\"position\":2,\"name\":\"Butikk\",\"item\":\"https:\/\/www.nb.no\/nettbutikk\/butikk\/\"},{\"@type\":\"ListItem\",\"position\":3,\"name\":\"Den hellige familien\"}]},{\"@type\":\"WebSite\",\"@id\":\"https:\/\/www.nb.no\/nettbutikk\/#website\",\"url\":\"https:\/\/www.nb.no\/nettbutikk\/\",\"name\":\"NB Nettbutikk\",\"description\":\"\",\"potentialAction\":[{\"@type\":\"SearchAction\",\"target\":{\"@type\":\"EntryPoint\",\"urlTemplate\":\"https:\/\/www.nb.no\/nettbutikk\/?s={search_term_string}\"},\"query-input\":{\"@type\":\"PropertyValueSpecification\",\"valueRequired\":true,\"valueName\":\"search_term_string\"}}],\"inLanguage\":\"nb-NO\"}]}<\/script>\n<!-- \/ Yoast SEO plugin. -->","yoast_head_json":{"title":"Den hellige familien - NB Nettbutikk","robots":{"index":"index","follow":"follow","max-snippet":"max-snippet:-1","max-image-preview":"max-image-preview:large","max-video-preview":"max-video-preview:-1"},"canonical":"https:\/\/www.nb.no\/nettbutikk\/produkt\/den-hellige-familien\/","og_locale":"nb_NO","og_type":"article","og_title":"Den hellige familien - NB Nettbutikk","og_description":"I over hundre og femti \u00e5r er det blitt ropt varsko om familiens snarlige forvitring. Likevel skaper vi fortellinger om den som aldri f\u00f8r. Men hva er det egentlig vi forteller? Og hva sier fortellingene om oss?  Janne Stigen Drangsholt beveger seg kyndig og uanstrengt gjennom litteratur- og kulturhistorien fra 1800-tallet til i dag i et fors\u00f8k p\u00e5 \u00e5 besvare disse sp\u00f8rsm\u00e5lene. Essayet er tankevekkende lesning om hva vi trenger b\u00e5de familien og litteraturen til.","og_url":"https:\/\/www.nb.no\/nettbutikk\/produkt\/den-hellige-familien\/","og_site_name":"NB Nettbutikk","article_modified_time":"2026-04-23T04:03:26+00:00","og_image":[{"width":1299,"height":1890,"url":"https:\/\/www.nb.no\/content\/uploads\/sites\/5\/2022\/10\/E6mp-pifWn-U4mniGoxN3v_N_3Ic7pZvNzWXmtmfBapUdtGuuOQvnbPeLzR7GJGTn37_R-WL3wnnSz5TAohAbA.jpg","type":"image\/jpeg"}],"twitter_card":"summary_large_image","twitter_misc":{"Ansl. lesetid":"1 minutt"},"schema":{"@context":"https:\/\/schema.org","@graph":[{"@type":"WebPage","@id":"https:\/\/www.nb.no\/nettbutikk\/produkt\/den-hellige-familien\/","url":"https:\/\/www.nb.no\/nettbutikk\/produkt\/den-hellige-familien\/","name":"Den hellige familien - NB Nettbutikk","isPartOf":{"@id":"https:\/\/www.nb.no\/nettbutikk\/#website"},"primaryImageOfPage":{"@id":"https:\/\/www.nb.no\/nettbutikk\/produkt\/den-hellige-familien\/#primaryimage"},"image":{"@id":"https:\/\/www.nb.no\/nettbutikk\/produkt\/den-hellige-familien\/#primaryimage"},"thumbnailUrl":"https:\/\/www.nb.no\/content\/uploads\/sites\/5\/2022\/10\/E6mp-pifWn-U4mniGoxN3v_N_3Ic7pZvNzWXmtmfBapUdtGuuOQvnbPeLzR7GJGTn37_R-WL3wnnSz5TAohAbA.jpg","datePublished":"2022-10-11T07:17:21+00:00","dateModified":"2026-04-23T04:03:26+00:00","breadcrumb":{"@id":"https:\/\/www.nb.no\/nettbutikk\/produkt\/den-hellige-familien\/#breadcrumb"},"inLanguage":"nb-NO","potentialAction":[{"@type":"ReadAction","target":["https:\/\/www.nb.no\/nettbutikk\/produkt\/den-hellige-familien\/"]}]},{"@type":"ImageObject","inLanguage":"nb-NO","@id":"https:\/\/www.nb.no\/nettbutikk\/produkt\/den-hellige-familien\/#primaryimage","url":"https:\/\/www.nb.no\/content\/uploads\/sites\/5\/2022\/10\/E6mp-pifWn-U4mniGoxN3v_N_3Ic7pZvNzWXmtmfBapUdtGuuOQvnbPeLzR7GJGTn37_R-WL3wnnSz5TAohAbA.jpg","contentUrl":"https:\/\/www.nb.no\/content\/uploads\/sites\/5\/2022\/10\/E6mp-pifWn-U4mniGoxN3v_N_3Ic7pZvNzWXmtmfBapUdtGuuOQvnbPeLzR7GJGTn37_R-WL3wnnSz5TAohAbA.jpg","width":1299,"height":1890,"caption":"Den hellige familien"},{"@type":"BreadcrumbList","@id":"https:\/\/www.nb.no\/nettbutikk\/produkt\/den-hellige-familien\/#breadcrumb","itemListElement":[{"@type":"ListItem","position":1,"name":"Home","item":"https:\/\/www.nb.no\/nettbutikk\/"},{"@type":"ListItem","position":2,"name":"Butikk","item":"https:\/\/www.nb.no\/nettbutikk\/butikk\/"},{"@type":"ListItem","position":3,"name":"Den hellige familien"}]},{"@type":"WebSite","@id":"https:\/\/www.nb.no\/nettbutikk\/#website","url":"https:\/\/www.nb.no\/nettbutikk\/","name":"NB Nettbutikk","description":"","potentialAction":[{"@type":"SearchAction","target":{"@type":"EntryPoint","urlTemplate":"https:\/\/www.nb.no\/nettbutikk\/?s={search_term_string}"},"query-input":{"@type":"PropertyValueSpecification","valueRequired":true,"valueName":"search_term_string"}}],"inLanguage":"nb-NO"}]}},"_links":{"self":[{"href":"https:\/\/www.nb.no\/nettbutikk\/wp-json\/wp\/v2\/product\/15514","targetHints":{"allow":["GET"]}}],"collection":[{"href":"https:\/\/www.nb.no\/nettbutikk\/wp-json\/wp\/v2\/product"}],"about":[{"href":"https:\/\/www.nb.no\/nettbutikk\/wp-json\/wp\/v2\/types\/product"}],"wp:featuredmedia":[{"embeddable":true,"href":"https:\/\/www.nb.no\/nettbutikk\/wp-json\/wp\/v2\/media\/15511"}],"wp:attachment":[{"href":"https:\/\/www.nb.no\/nettbutikk\/wp-json\/wp\/v2\/media?parent=15514"}],"wp:term":[{"taxonomy":"product_brand","embeddable":true,"href":"https:\/\/www.nb.no\/nettbutikk\/wp-json\/wp\/v2\/product_brand?post=15514"},{"taxonomy":"product_cat","embeddable":true,"href":"https:\/\/www.nb.no\/nettbutikk\/wp-json\/wp\/v2\/product_cat?post=15514"},{"taxonomy":"product_tag","embeddable":true,"href":"https:\/\/www.nb.no\/nettbutikk\/wp-json\/wp\/v2\/product_tag?post=15514"}],"curies":[{"name":"wp","href":"https:\/\/api.w.org\/{rel}","templated":true}]}}