{"id":15436,"date":"2022-10-11T09:16:56","date_gmt":"2022-10-11T07:16:56","guid":{"rendered":"https:\/\/www.nb.no\/nettbutikk\/produkt\/min-vei-til-science-fiction\/"},"modified":"2026-04-15T08:19:31","modified_gmt":"2026-04-15T06:19:31","slug":"min-vei-til-science-fiction","status":"publish","type":"product","link":"https:\/\/www.nb.no\/nettbutikk\/produkt\/min-vei-til-science-fiction\/","title":{"rendered":"Min vei til science fiction"},"content":{"rendered":"","protected":false},"excerpt":{"rendered":"<p>Den allsidige forfatteren Tor \u00c5ge Bringsv\u00e6rd forbindes kanskje s\u00e6rlig med science fiction \u2013 eller fabelprosa, for \u00e5 si det med forfatterens eget nyord. Hvordan fant han veien inn i litteraturen, og hva f\u00f8rte han inn p\u00e5 nettopp fabelprosaens sti? <\/p>\n<p>I en utforskning av disse sp\u00f8rsm\u00e5lene minnes Bringsv\u00e6rd alt fra barndommens fascinasjon for fantastiske historier, b\u00e5de i og utenfor b\u00f8kene, til sitt f\u00f8rste m\u00f8te med skrivepartneren Jon Bing. P\u00e5 kl\u00f8ktig og humoristisk vis skildrer han hendelser og refleksjoner som alle har styrket hans tro p\u00e5 at science fiction er den litteraturformen som gj\u00f8r oss best rustet til \u00e5 forst\u00e5 v\u00e5r egen tid og til \u00e5 m\u00f8te alle mulige fremtider.<\/p>\n","protected":false},"featured_media":15433,"template":"","meta":{"nb_hide_title":false,"nb_breadcrumb_title_override":""},"product_brand":[],"product_cat":[355],"product_tag":[3825],"class_list":{"0":"post-15436","1":"product","2":"type-product","3":"status-publish","4":"has-post-thumbnail","6":"product_cat-nbs-populaere","7":"product_tag-litteratur","9":"first","10":"instock","11":"shipping-taxable","12":"purchasable","13":"product-type-simple"},"yoast_head":"<!-- This site is optimized with the Yoast SEO plugin v27.1.1 - https:\/\/yoast.com\/product\/yoast-seo-wordpress\/ -->\n<title>Min vei til science fiction - NB Nettbutikk<\/title>\n<meta name=\"robots\" content=\"index, follow, max-snippet:-1, max-image-preview:large, max-video-preview:-1\" \/>\n<link rel=\"canonical\" href=\"https:\/\/www.nb.no\/nettbutikk\/produkt\/min-vei-til-science-fiction\/\" \/>\n<meta property=\"og:locale\" content=\"nb_NO\" \/>\n<meta property=\"og:type\" content=\"article\" \/>\n<meta property=\"og:title\" content=\"Min vei til science fiction - NB Nettbutikk\" \/>\n<meta property=\"og:description\" content=\"Den allsidige forfatteren Tor \u00c5ge Bringsv\u00e6rd forbindes kanskje s\u00e6rlig med science fiction \u2013 eller fabelprosa, for \u00e5 si det med forfatterens eget nyord. Hvordan fant han veien inn i litteraturen, og hva f\u00f8rte han inn p\u00e5 nettopp fabelprosaens sti?  I en utforskning av disse sp\u00f8rsm\u00e5lene minnes Bringsv\u00e6rd alt fra barndommens fascinasjon for fantastiske historier, b\u00e5de i og utenfor b\u00f8kene, til sitt f\u00f8rste m\u00f8te med skrivepartneren Jon Bing. P\u00e5 kl\u00f8ktig og humoristisk vis skildrer han hendelser og refleksjoner som alle har styrket hans tro p\u00e5 at science fiction er den litteraturformen som gj\u00f8r oss best rustet til \u00e5 forst\u00e5 v\u00e5r egen tid og til \u00e5 m\u00f8te alle mulige fremtider.\" \/>\n<meta property=\"og:url\" content=\"https:\/\/www.nb.no\/nettbutikk\/produkt\/min-vei-til-science-fiction\/\" \/>\n<meta property=\"og:site_name\" content=\"NB Nettbutikk\" \/>\n<meta property=\"article:modified_time\" content=\"2026-04-15T06:19:31+00:00\" \/>\n<meta property=\"og:image\" content=\"https:\/\/www.nb.no\/content\/uploads\/sites\/5\/2022\/10\/E6mp-pifWn-U4mniGoxN3v_N_3Ic7pZvNzWXmoWYBPdVdoarsLd8nrTRIj13EsPDy3n9Ru-P2V62GG1cAohAbA.jpg\" \/>\n\t<meta property=\"og:image:width\" content=\"650\" \/>\n\t<meta property=\"og:image:height\" content=\"945\" \/>\n\t<meta property=\"og:image:type\" content=\"image\/jpeg\" \/>\n<meta name=\"twitter:card\" content=\"summary_large_image\" \/>\n<meta name=\"twitter:label1\" content=\"Ansl. lesetid\" \/>\n\t<meta name=\"twitter:data1\" content=\"1 minutt\" \/>\n<script type=\"application\/ld+json\" class=\"yoast-schema-graph\">{\"@context\":\"https:\/\/schema.org\",\"@graph\":[{\"@type\":\"WebPage\",\"@id\":\"https:\/\/www.nb.no\/nettbutikk\/produkt\/min-vei-til-science-fiction\/\",\"url\":\"https:\/\/www.nb.no\/nettbutikk\/produkt\/min-vei-til-science-fiction\/\",\"name\":\"Min vei til science fiction - NB Nettbutikk\",\"isPartOf\":{\"@id\":\"https:\/\/www.nb.no\/nettbutikk\/#website\"},\"primaryImageOfPage\":{\"@id\":\"https:\/\/www.nb.no\/nettbutikk\/produkt\/min-vei-til-science-fiction\/#primaryimage\"},\"image\":{\"@id\":\"https:\/\/www.nb.no\/nettbutikk\/produkt\/min-vei-til-science-fiction\/#primaryimage\"},\"thumbnailUrl\":\"https:\/\/www.nb.no\/content\/uploads\/sites\/5\/2022\/10\/E6mp-pifWn-U4mniGoxN3v_N_3Ic7pZvNzWXmoWYBPdVdoarsLd8nrTRIj13EsPDy3n9Ru-P2V62GG1cAohAbA.jpg\",\"datePublished\":\"2022-10-11T07:16:56+00:00\",\"dateModified\":\"2026-04-15T06:19:31+00:00\",\"breadcrumb\":{\"@id\":\"https:\/\/www.nb.no\/nettbutikk\/produkt\/min-vei-til-science-fiction\/#breadcrumb\"},\"inLanguage\":\"nb-NO\",\"potentialAction\":[{\"@type\":\"ReadAction\",\"target\":[\"https:\/\/www.nb.no\/nettbutikk\/produkt\/min-vei-til-science-fiction\/\"]}]},{\"@type\":\"ImageObject\",\"inLanguage\":\"nb-NO\",\"@id\":\"https:\/\/www.nb.no\/nettbutikk\/produkt\/min-vei-til-science-fiction\/#primaryimage\",\"url\":\"https:\/\/www.nb.no\/content\/uploads\/sites\/5\/2022\/10\/E6mp-pifWn-U4mniGoxN3v_N_3Ic7pZvNzWXmoWYBPdVdoarsLd8nrTRIj13EsPDy3n9Ru-P2V62GG1cAohAbA.jpg\",\"contentUrl\":\"https:\/\/www.nb.no\/content\/uploads\/sites\/5\/2022\/10\/E6mp-pifWn-U4mniGoxN3v_N_3Ic7pZvNzWXmoWYBPdVdoarsLd8nrTRIj13EsPDy3n9Ru-P2V62GG1cAohAbA.jpg\",\"width\":650,\"height\":945,\"caption\":\"Min vei til science fiction\"},{\"@type\":\"BreadcrumbList\",\"@id\":\"https:\/\/www.nb.no\/nettbutikk\/produkt\/min-vei-til-science-fiction\/#breadcrumb\",\"itemListElement\":[{\"@type\":\"ListItem\",\"position\":1,\"name\":\"Home\",\"item\":\"https:\/\/www.nb.no\/nettbutikk\/\"},{\"@type\":\"ListItem\",\"position\":2,\"name\":\"Butikk\",\"item\":\"https:\/\/www.nb.no\/nettbutikk\/butikk\/\"},{\"@type\":\"ListItem\",\"position\":3,\"name\":\"Min vei til science fiction\"}]},{\"@type\":\"WebSite\",\"@id\":\"https:\/\/www.nb.no\/nettbutikk\/#website\",\"url\":\"https:\/\/www.nb.no\/nettbutikk\/\",\"name\":\"NB Nettbutikk\",\"description\":\"\",\"potentialAction\":[{\"@type\":\"SearchAction\",\"target\":{\"@type\":\"EntryPoint\",\"urlTemplate\":\"https:\/\/www.nb.no\/nettbutikk\/?s={search_term_string}\"},\"query-input\":{\"@type\":\"PropertyValueSpecification\",\"valueRequired\":true,\"valueName\":\"search_term_string\"}}],\"inLanguage\":\"nb-NO\"}]}<\/script>\n<!-- \/ Yoast SEO plugin. -->","yoast_head_json":{"title":"Min vei til science fiction - NB Nettbutikk","robots":{"index":"index","follow":"follow","max-snippet":"max-snippet:-1","max-image-preview":"max-image-preview:large","max-video-preview":"max-video-preview:-1"},"canonical":"https:\/\/www.nb.no\/nettbutikk\/produkt\/min-vei-til-science-fiction\/","og_locale":"nb_NO","og_type":"article","og_title":"Min vei til science fiction - NB Nettbutikk","og_description":"Den allsidige forfatteren Tor \u00c5ge Bringsv\u00e6rd forbindes kanskje s\u00e6rlig med science fiction \u2013 eller fabelprosa, for \u00e5 si det med forfatterens eget nyord. Hvordan fant han veien inn i litteraturen, og hva f\u00f8rte han inn p\u00e5 nettopp fabelprosaens sti?  I en utforskning av disse sp\u00f8rsm\u00e5lene minnes Bringsv\u00e6rd alt fra barndommens fascinasjon for fantastiske historier, b\u00e5de i og utenfor b\u00f8kene, til sitt f\u00f8rste m\u00f8te med skrivepartneren Jon Bing. P\u00e5 kl\u00f8ktig og humoristisk vis skildrer han hendelser og refleksjoner som alle har styrket hans tro p\u00e5 at science fiction er den litteraturformen som gj\u00f8r oss best rustet til \u00e5 forst\u00e5 v\u00e5r egen tid og til \u00e5 m\u00f8te alle mulige fremtider.","og_url":"https:\/\/www.nb.no\/nettbutikk\/produkt\/min-vei-til-science-fiction\/","og_site_name":"NB Nettbutikk","article_modified_time":"2026-04-15T06:19:31+00:00","og_image":[{"width":650,"height":945,"url":"https:\/\/www.nb.no\/content\/uploads\/sites\/5\/2022\/10\/E6mp-pifWn-U4mniGoxN3v_N_3Ic7pZvNzWXmoWYBPdVdoarsLd8nrTRIj13EsPDy3n9Ru-P2V62GG1cAohAbA.jpg","type":"image\/jpeg"}],"twitter_card":"summary_large_image","twitter_misc":{"Ansl. lesetid":"1 minutt"},"schema":{"@context":"https:\/\/schema.org","@graph":[{"@type":"WebPage","@id":"https:\/\/www.nb.no\/nettbutikk\/produkt\/min-vei-til-science-fiction\/","url":"https:\/\/www.nb.no\/nettbutikk\/produkt\/min-vei-til-science-fiction\/","name":"Min vei til science fiction - NB Nettbutikk","isPartOf":{"@id":"https:\/\/www.nb.no\/nettbutikk\/#website"},"primaryImageOfPage":{"@id":"https:\/\/www.nb.no\/nettbutikk\/produkt\/min-vei-til-science-fiction\/#primaryimage"},"image":{"@id":"https:\/\/www.nb.no\/nettbutikk\/produkt\/min-vei-til-science-fiction\/#primaryimage"},"thumbnailUrl":"https:\/\/www.nb.no\/content\/uploads\/sites\/5\/2022\/10\/E6mp-pifWn-U4mniGoxN3v_N_3Ic7pZvNzWXmoWYBPdVdoarsLd8nrTRIj13EsPDy3n9Ru-P2V62GG1cAohAbA.jpg","datePublished":"2022-10-11T07:16:56+00:00","dateModified":"2026-04-15T06:19:31+00:00","breadcrumb":{"@id":"https:\/\/www.nb.no\/nettbutikk\/produkt\/min-vei-til-science-fiction\/#breadcrumb"},"inLanguage":"nb-NO","potentialAction":[{"@type":"ReadAction","target":["https:\/\/www.nb.no\/nettbutikk\/produkt\/min-vei-til-science-fiction\/"]}]},{"@type":"ImageObject","inLanguage":"nb-NO","@id":"https:\/\/www.nb.no\/nettbutikk\/produkt\/min-vei-til-science-fiction\/#primaryimage","url":"https:\/\/www.nb.no\/content\/uploads\/sites\/5\/2022\/10\/E6mp-pifWn-U4mniGoxN3v_N_3Ic7pZvNzWXmoWYBPdVdoarsLd8nrTRIj13EsPDy3n9Ru-P2V62GG1cAohAbA.jpg","contentUrl":"https:\/\/www.nb.no\/content\/uploads\/sites\/5\/2022\/10\/E6mp-pifWn-U4mniGoxN3v_N_3Ic7pZvNzWXmoWYBPdVdoarsLd8nrTRIj13EsPDy3n9Ru-P2V62GG1cAohAbA.jpg","width":650,"height":945,"caption":"Min vei til science fiction"},{"@type":"BreadcrumbList","@id":"https:\/\/www.nb.no\/nettbutikk\/produkt\/min-vei-til-science-fiction\/#breadcrumb","itemListElement":[{"@type":"ListItem","position":1,"name":"Home","item":"https:\/\/www.nb.no\/nettbutikk\/"},{"@type":"ListItem","position":2,"name":"Butikk","item":"https:\/\/www.nb.no\/nettbutikk\/butikk\/"},{"@type":"ListItem","position":3,"name":"Min vei til science fiction"}]},{"@type":"WebSite","@id":"https:\/\/www.nb.no\/nettbutikk\/#website","url":"https:\/\/www.nb.no\/nettbutikk\/","name":"NB Nettbutikk","description":"","potentialAction":[{"@type":"SearchAction","target":{"@type":"EntryPoint","urlTemplate":"https:\/\/www.nb.no\/nettbutikk\/?s={search_term_string}"},"query-input":{"@type":"PropertyValueSpecification","valueRequired":true,"valueName":"search_term_string"}}],"inLanguage":"nb-NO"}]}},"_links":{"self":[{"href":"https:\/\/www.nb.no\/nettbutikk\/wp-json\/wp\/v2\/product\/15436","targetHints":{"allow":["GET"]}}],"collection":[{"href":"https:\/\/www.nb.no\/nettbutikk\/wp-json\/wp\/v2\/product"}],"about":[{"href":"https:\/\/www.nb.no\/nettbutikk\/wp-json\/wp\/v2\/types\/product"}],"wp:featuredmedia":[{"embeddable":true,"href":"https:\/\/www.nb.no\/nettbutikk\/wp-json\/wp\/v2\/media\/15433"}],"wp:attachment":[{"href":"https:\/\/www.nb.no\/nettbutikk\/wp-json\/wp\/v2\/media?parent=15436"}],"wp:term":[{"taxonomy":"product_brand","embeddable":true,"href":"https:\/\/www.nb.no\/nettbutikk\/wp-json\/wp\/v2\/product_brand?post=15436"},{"taxonomy":"product_cat","embeddable":true,"href":"https:\/\/www.nb.no\/nettbutikk\/wp-json\/wp\/v2\/product_cat?post=15436"},{"taxonomy":"product_tag","embeddable":true,"href":"https:\/\/www.nb.no\/nettbutikk\/wp-json\/wp\/v2\/product_tag?post=15436"}],"curies":[{"name":"wp","href":"https:\/\/api.w.org\/{rel}","templated":true}]}}