{"id":15430,"date":"2022-10-11T09:16:55","date_gmt":"2022-10-11T07:16:55","guid":{"rendered":"https:\/\/www.nb.no\/nettbutikk\/produkt\/kjonn-makt-og-kroppens-politikk\/"},"modified":"2026-04-15T08:19:30","modified_gmt":"2026-04-15T06:19:30","slug":"kjonn-makt-og-kroppens-politikk","status":"publish","type":"product","link":"https:\/\/www.nb.no\/nettbutikk\/produkt\/kjonn-makt-og-kroppens-politikk\/","title":{"rendered":"Kj\u00f8nn, makt og kroppens politikk"},"content":{"rendered":"","protected":false},"excerpt":{"rendered":"<p>\u00c5ret f\u00f8r hun d\u00f8de, deltok den banebrytende kj\u00f8nnsforskeren Harriet Holter i et portrettintervju, og den eldre forskeren overrasket journalisten ved \u00e5 nekte \u00e5 la seg fotografere. Holter foretrakk et tolv \u00e5r gammelt bilde, alts\u00e5 et bilde av en yngre og friskere utgave av seg selv. Sp\u00f8rsm\u00e5let om Holters beveggrunner danner utgangspunktet for Anne Bitsch\u2019 unders\u00f8kelse av Harriet Holters liv, virke og arv. Forfatterens personlige tiln\u00e6rming lar oss komme tettere p\u00e5 en av v\u00e5re mest betydningsfulle vitenskapspionerer.<\/p>\n","protected":false},"featured_media":15427,"template":"","meta":{"nb_hide_title":false,"nb_breadcrumb_title_override":""},"product_brand":[],"product_cat":[355],"product_tag":[3820,3849],"class_list":{"0":"post-15430","1":"product","2":"type-product","3":"status-publish","4":"has-post-thumbnail","6":"product_cat-nbs-populaere","7":"product_tag-kvinner","8":"product_tag-vitenskapspionerer","10":"first","11":"instock","12":"shipping-taxable","13":"purchasable","14":"product-type-simple"},"yoast_head":"<!-- This site is optimized with the Yoast SEO plugin v27.1.1 - https:\/\/yoast.com\/product\/yoast-seo-wordpress\/ -->\n<title>Kj\u00f8nn, makt og kroppens politikk - NB Nettbutikk<\/title>\n<meta name=\"robots\" content=\"index, follow, max-snippet:-1, max-image-preview:large, max-video-preview:-1\" \/>\n<link rel=\"canonical\" href=\"https:\/\/www.nb.no\/nettbutikk\/produkt\/kjonn-makt-og-kroppens-politikk\/\" \/>\n<meta property=\"og:locale\" content=\"nb_NO\" \/>\n<meta property=\"og:type\" content=\"article\" \/>\n<meta property=\"og:title\" content=\"Kj\u00f8nn, makt og kroppens politikk - NB Nettbutikk\" \/>\n<meta property=\"og:description\" content=\"\u00c5ret f\u00f8r hun d\u00f8de, deltok den banebrytende kj\u00f8nnsforskeren Harriet Holter i et portrettintervju, og den eldre forskeren overrasket journalisten ved \u00e5 nekte \u00e5 la seg fotografere. Holter foretrakk et tolv \u00e5r gammelt bilde, alts\u00e5 et bilde av en yngre og friskere utgave av seg selv. Sp\u00f8rsm\u00e5let om Holters beveggrunner danner utgangspunktet for Anne Bitsch\u2019 unders\u00f8kelse av Harriet Holters liv, virke og arv. Forfatterens personlige tiln\u00e6rming lar oss komme tettere p\u00e5 en av v\u00e5re mest betydningsfulle vitenskapspionerer.\" \/>\n<meta property=\"og:url\" content=\"https:\/\/www.nb.no\/nettbutikk\/produkt\/kjonn-makt-og-kroppens-politikk\/\" \/>\n<meta property=\"og:site_name\" content=\"NB Nettbutikk\" \/>\n<meta property=\"article:modified_time\" content=\"2026-04-15T06:19:30+00:00\" \/>\n<meta property=\"og:image\" content=\"https:\/\/www.nb.no\/content\/uploads\/sites\/5\/2022\/10\/E6mp-pifWn-U4mniGoxN3v_N_3Ic7pZvNzWXmoebV6wAdNf74755z-bdJDV9EpbHyS_5F-qE2V23GGoOAohAbA.jpg\" \/>\n\t<meta property=\"og:image:width\" content=\"650\" \/>\n\t<meta property=\"og:image:height\" content=\"945\" \/>\n\t<meta property=\"og:image:type\" content=\"image\/jpeg\" \/>\n<meta name=\"twitter:card\" content=\"summary_large_image\" \/>\n<meta name=\"twitter:label1\" content=\"Ansl. lesetid\" \/>\n\t<meta name=\"twitter:data1\" content=\"1 minutt\" \/>\n<script type=\"application\/ld+json\" class=\"yoast-schema-graph\">{\"@context\":\"https:\/\/schema.org\",\"@graph\":[{\"@type\":\"WebPage\",\"@id\":\"https:\/\/www.nb.no\/nettbutikk\/produkt\/kjonn-makt-og-kroppens-politikk\/\",\"url\":\"https:\/\/www.nb.no\/nettbutikk\/produkt\/kjonn-makt-og-kroppens-politikk\/\",\"name\":\"Kj\u00f8nn, makt og kroppens politikk - NB Nettbutikk\",\"isPartOf\":{\"@id\":\"https:\/\/www.nb.no\/nettbutikk\/#website\"},\"primaryImageOfPage\":{\"@id\":\"https:\/\/www.nb.no\/nettbutikk\/produkt\/kjonn-makt-og-kroppens-politikk\/#primaryimage\"},\"image\":{\"@id\":\"https:\/\/www.nb.no\/nettbutikk\/produkt\/kjonn-makt-og-kroppens-politikk\/#primaryimage\"},\"thumbnailUrl\":\"https:\/\/www.nb.no\/content\/uploads\/sites\/5\/2022\/10\/E6mp-pifWn-U4mniGoxN3v_N_3Ic7pZvNzWXmoebV6wAdNf74755z-bdJDV9EpbHyS_5F-qE2V23GGoOAohAbA.jpg\",\"datePublished\":\"2022-10-11T07:16:55+00:00\",\"dateModified\":\"2026-04-15T06:19:30+00:00\",\"breadcrumb\":{\"@id\":\"https:\/\/www.nb.no\/nettbutikk\/produkt\/kjonn-makt-og-kroppens-politikk\/#breadcrumb\"},\"inLanguage\":\"nb-NO\",\"potentialAction\":[{\"@type\":\"ReadAction\",\"target\":[\"https:\/\/www.nb.no\/nettbutikk\/produkt\/kjonn-makt-og-kroppens-politikk\/\"]}]},{\"@type\":\"ImageObject\",\"inLanguage\":\"nb-NO\",\"@id\":\"https:\/\/www.nb.no\/nettbutikk\/produkt\/kjonn-makt-og-kroppens-politikk\/#primaryimage\",\"url\":\"https:\/\/www.nb.no\/content\/uploads\/sites\/5\/2022\/10\/E6mp-pifWn-U4mniGoxN3v_N_3Ic7pZvNzWXmoebV6wAdNf74755z-bdJDV9EpbHyS_5F-qE2V23GGoOAohAbA.jpg\",\"contentUrl\":\"https:\/\/www.nb.no\/content\/uploads\/sites\/5\/2022\/10\/E6mp-pifWn-U4mniGoxN3v_N_3Ic7pZvNzWXmoebV6wAdNf74755z-bdJDV9EpbHyS_5F-qE2V23GGoOAohAbA.jpg\",\"width\":650,\"height\":945,\"caption\":\"Kj\u00f8nn, makt og kroppens politikk\"},{\"@type\":\"BreadcrumbList\",\"@id\":\"https:\/\/www.nb.no\/nettbutikk\/produkt\/kjonn-makt-og-kroppens-politikk\/#breadcrumb\",\"itemListElement\":[{\"@type\":\"ListItem\",\"position\":1,\"name\":\"Home\",\"item\":\"https:\/\/www.nb.no\/nettbutikk\/\"},{\"@type\":\"ListItem\",\"position\":2,\"name\":\"Butikk\",\"item\":\"https:\/\/www.nb.no\/nettbutikk\/butikk\/\"},{\"@type\":\"ListItem\",\"position\":3,\"name\":\"Kj\u00f8nn, makt og kroppens politikk\"}]},{\"@type\":\"WebSite\",\"@id\":\"https:\/\/www.nb.no\/nettbutikk\/#website\",\"url\":\"https:\/\/www.nb.no\/nettbutikk\/\",\"name\":\"NB Nettbutikk\",\"description\":\"\",\"potentialAction\":[{\"@type\":\"SearchAction\",\"target\":{\"@type\":\"EntryPoint\",\"urlTemplate\":\"https:\/\/www.nb.no\/nettbutikk\/?s={search_term_string}\"},\"query-input\":{\"@type\":\"PropertyValueSpecification\",\"valueRequired\":true,\"valueName\":\"search_term_string\"}}],\"inLanguage\":\"nb-NO\"}]}<\/script>\n<!-- \/ Yoast SEO plugin. -->","yoast_head_json":{"title":"Kj\u00f8nn, makt og kroppens politikk - NB Nettbutikk","robots":{"index":"index","follow":"follow","max-snippet":"max-snippet:-1","max-image-preview":"max-image-preview:large","max-video-preview":"max-video-preview:-1"},"canonical":"https:\/\/www.nb.no\/nettbutikk\/produkt\/kjonn-makt-og-kroppens-politikk\/","og_locale":"nb_NO","og_type":"article","og_title":"Kj\u00f8nn, makt og kroppens politikk - NB Nettbutikk","og_description":"\u00c5ret f\u00f8r hun d\u00f8de, deltok den banebrytende kj\u00f8nnsforskeren Harriet Holter i et portrettintervju, og den eldre forskeren overrasket journalisten ved \u00e5 nekte \u00e5 la seg fotografere. Holter foretrakk et tolv \u00e5r gammelt bilde, alts\u00e5 et bilde av en yngre og friskere utgave av seg selv. Sp\u00f8rsm\u00e5let om Holters beveggrunner danner utgangspunktet for Anne Bitsch\u2019 unders\u00f8kelse av Harriet Holters liv, virke og arv. Forfatterens personlige tiln\u00e6rming lar oss komme tettere p\u00e5 en av v\u00e5re mest betydningsfulle vitenskapspionerer.","og_url":"https:\/\/www.nb.no\/nettbutikk\/produkt\/kjonn-makt-og-kroppens-politikk\/","og_site_name":"NB Nettbutikk","article_modified_time":"2026-04-15T06:19:30+00:00","og_image":[{"width":650,"height":945,"url":"https:\/\/www.nb.no\/content\/uploads\/sites\/5\/2022\/10\/E6mp-pifWn-U4mniGoxN3v_N_3Ic7pZvNzWXmoebV6wAdNf74755z-bdJDV9EpbHyS_5F-qE2V23GGoOAohAbA.jpg","type":"image\/jpeg"}],"twitter_card":"summary_large_image","twitter_misc":{"Ansl. lesetid":"1 minutt"},"schema":{"@context":"https:\/\/schema.org","@graph":[{"@type":"WebPage","@id":"https:\/\/www.nb.no\/nettbutikk\/produkt\/kjonn-makt-og-kroppens-politikk\/","url":"https:\/\/www.nb.no\/nettbutikk\/produkt\/kjonn-makt-og-kroppens-politikk\/","name":"Kj\u00f8nn, makt og kroppens politikk - NB Nettbutikk","isPartOf":{"@id":"https:\/\/www.nb.no\/nettbutikk\/#website"},"primaryImageOfPage":{"@id":"https:\/\/www.nb.no\/nettbutikk\/produkt\/kjonn-makt-og-kroppens-politikk\/#primaryimage"},"image":{"@id":"https:\/\/www.nb.no\/nettbutikk\/produkt\/kjonn-makt-og-kroppens-politikk\/#primaryimage"},"thumbnailUrl":"https:\/\/www.nb.no\/content\/uploads\/sites\/5\/2022\/10\/E6mp-pifWn-U4mniGoxN3v_N_3Ic7pZvNzWXmoebV6wAdNf74755z-bdJDV9EpbHyS_5F-qE2V23GGoOAohAbA.jpg","datePublished":"2022-10-11T07:16:55+00:00","dateModified":"2026-04-15T06:19:30+00:00","breadcrumb":{"@id":"https:\/\/www.nb.no\/nettbutikk\/produkt\/kjonn-makt-og-kroppens-politikk\/#breadcrumb"},"inLanguage":"nb-NO","potentialAction":[{"@type":"ReadAction","target":["https:\/\/www.nb.no\/nettbutikk\/produkt\/kjonn-makt-og-kroppens-politikk\/"]}]},{"@type":"ImageObject","inLanguage":"nb-NO","@id":"https:\/\/www.nb.no\/nettbutikk\/produkt\/kjonn-makt-og-kroppens-politikk\/#primaryimage","url":"https:\/\/www.nb.no\/content\/uploads\/sites\/5\/2022\/10\/E6mp-pifWn-U4mniGoxN3v_N_3Ic7pZvNzWXmoebV6wAdNf74755z-bdJDV9EpbHyS_5F-qE2V23GGoOAohAbA.jpg","contentUrl":"https:\/\/www.nb.no\/content\/uploads\/sites\/5\/2022\/10\/E6mp-pifWn-U4mniGoxN3v_N_3Ic7pZvNzWXmoebV6wAdNf74755z-bdJDV9EpbHyS_5F-qE2V23GGoOAohAbA.jpg","width":650,"height":945,"caption":"Kj\u00f8nn, makt og kroppens politikk"},{"@type":"BreadcrumbList","@id":"https:\/\/www.nb.no\/nettbutikk\/produkt\/kjonn-makt-og-kroppens-politikk\/#breadcrumb","itemListElement":[{"@type":"ListItem","position":1,"name":"Home","item":"https:\/\/www.nb.no\/nettbutikk\/"},{"@type":"ListItem","position":2,"name":"Butikk","item":"https:\/\/www.nb.no\/nettbutikk\/butikk\/"},{"@type":"ListItem","position":3,"name":"Kj\u00f8nn, makt og kroppens politikk"}]},{"@type":"WebSite","@id":"https:\/\/www.nb.no\/nettbutikk\/#website","url":"https:\/\/www.nb.no\/nettbutikk\/","name":"NB Nettbutikk","description":"","potentialAction":[{"@type":"SearchAction","target":{"@type":"EntryPoint","urlTemplate":"https:\/\/www.nb.no\/nettbutikk\/?s={search_term_string}"},"query-input":{"@type":"PropertyValueSpecification","valueRequired":true,"valueName":"search_term_string"}}],"inLanguage":"nb-NO"}]}},"_links":{"self":[{"href":"https:\/\/www.nb.no\/nettbutikk\/wp-json\/wp\/v2\/product\/15430","targetHints":{"allow":["GET"]}}],"collection":[{"href":"https:\/\/www.nb.no\/nettbutikk\/wp-json\/wp\/v2\/product"}],"about":[{"href":"https:\/\/www.nb.no\/nettbutikk\/wp-json\/wp\/v2\/types\/product"}],"wp:featuredmedia":[{"embeddable":true,"href":"https:\/\/www.nb.no\/nettbutikk\/wp-json\/wp\/v2\/media\/15427"}],"wp:attachment":[{"href":"https:\/\/www.nb.no\/nettbutikk\/wp-json\/wp\/v2\/media?parent=15430"}],"wp:term":[{"taxonomy":"product_brand","embeddable":true,"href":"https:\/\/www.nb.no\/nettbutikk\/wp-json\/wp\/v2\/product_brand?post=15430"},{"taxonomy":"product_cat","embeddable":true,"href":"https:\/\/www.nb.no\/nettbutikk\/wp-json\/wp\/v2\/product_cat?post=15430"},{"taxonomy":"product_tag","embeddable":true,"href":"https:\/\/www.nb.no\/nettbutikk\/wp-json\/wp\/v2\/product_tag?post=15430"}],"curies":[{"name":"wp","href":"https:\/\/api.w.org\/{rel}","templated":true}]}}