{"id":15424,"date":"2022-10-11T09:16:53","date_gmt":"2022-10-11T07:16:53","guid":{"rendered":"https:\/\/www.nb.no\/nettbutikk\/produkt\/litteraere-verdensborgere\/"},"modified":"2026-04-15T08:19:30","modified_gmt":"2026-04-15T06:19:30","slug":"litteraere-verdensborgere","status":"publish","type":"product","link":"https:\/\/www.nb.no\/nettbutikk\/produkt\/litteraere-verdensborgere\/","title":{"rendered":"Litter\u00e6re verdensborgere"},"content":{"rendered":"","protected":false},"excerpt":{"rendered":"<p><a href=\"https:\/\/issuu.com\/nasjonalbiblioteket\/docs\/nota_bene_13_layout_rz_interaktiv__002_\">Boka kan leses p\u00e5 nett her<\/a><\/p>\n<p>Nummer 13 i Nota bene-serien har som m\u00e5l \u00e5 vise noe av bredden i nyere bokhistorisk forskning p\u00e5 en m\u00e5te som formidler hva bokhistorikere interesserer seg for i dag, hvordan bokhistorikere arbeider, og hva feltet kan tilf\u00f8re av kunnskap og ideer til andre fagomr\u00e5der.<\/p>\n<p>Norsk bokproduksjon og lesning har helt fra begynnelsen av v\u00e6rt innvevd i en teknologisk, \u00f8konomisk, religi\u00f8s og kulturell utveksling p\u00e5 tvers av hav og landegrenser. Den transnasjonale sirkulasjonen av trykte tekster har bidratt til \u00e5 forme leserne \u2013 barn og voksne, kvinner og menn \u2013 til samfunnsborgere, endog til &laquo;litter\u00e6re verdensborgere&raquo;.<\/p>\n","protected":false},"featured_media":15421,"template":"","meta":{"nb_hide_title":false,"nb_breadcrumb_title_override":""},"product_brand":[],"product_cat":[199],"product_tag":[3825],"class_list":{"0":"post-15424","1":"product","2":"type-product","3":"status-publish","4":"has-post-thumbnail","6":"product_cat-notabene","7":"product_tag-litteratur","9":"first","10":"instock","11":"shipping-taxable","12":"purchasable","13":"product-type-simple"},"yoast_head":"<!-- This site is optimized with the Yoast SEO plugin v27.1.1 - https:\/\/yoast.com\/product\/yoast-seo-wordpress\/ -->\n<title>Litter\u00e6re verdensborgere - NB Nettbutikk<\/title>\n<meta name=\"robots\" content=\"index, follow, max-snippet:-1, max-image-preview:large, max-video-preview:-1\" \/>\n<link rel=\"canonical\" href=\"https:\/\/www.nb.no\/nettbutikk\/produkt\/litteraere-verdensborgere\/\" \/>\n<meta property=\"og:locale\" content=\"nb_NO\" \/>\n<meta property=\"og:type\" content=\"article\" \/>\n<meta property=\"og:title\" content=\"Litter\u00e6re verdensborgere - NB Nettbutikk\" \/>\n<meta property=\"og:description\" content=\"Boka kan leses p\u00e5 nett her Nummer 13 i Nota bene-serien har som m\u00e5l \u00e5 vise noe av bredden i nyere bokhistorisk forskning p\u00e5 en m\u00e5te som formidler hva bokhistorikere interesserer seg for i dag, hvordan bokhistorikere arbeider, og hva feltet kan tilf\u00f8re av kunnskap og ideer til andre fagomr\u00e5der. Norsk bokproduksjon og lesning har helt fra begynnelsen av v\u00e6rt innvevd i en teknologisk, \u00f8konomisk, religi\u00f8s og kulturell utveksling p\u00e5 tvers av hav og landegrenser. Den transnasjonale sirkulasjonen av trykte tekster har bidratt til \u00e5 forme leserne \u2013 barn og voksne, kvinner og menn \u2013 til samfunnsborgere, endog til &quot;litter\u00e6re verdensborgere&quot;.\" \/>\n<meta property=\"og:url\" content=\"https:\/\/www.nb.no\/nettbutikk\/produkt\/litteraere-verdensborgere\/\" \/>\n<meta property=\"og:site_name\" content=\"NB Nettbutikk\" \/>\n<meta property=\"article:modified_time\" content=\"2026-04-15T06:19:30+00:00\" \/>\n<meta property=\"og:image\" content=\"https:\/\/www.nb.no\/content\/uploads\/sites\/5\/2022\/10\/E6mp-pifWn-U4mniGoxN3v_N_3Ic7pZvNzWXmoKQUqwBedH847B-mbXacDR9GMPCkSOvQenZil7hHDgPAohAbA.jpg\" \/>\n\t<meta property=\"og:image:width\" content=\"454\" \/>\n\t<meta property=\"og:image:height\" content=\"624\" \/>\n\t<meta property=\"og:image:type\" content=\"image\/jpeg\" \/>\n<meta name=\"twitter:card\" content=\"summary_large_image\" \/>\n<meta name=\"twitter:label1\" content=\"Ansl. lesetid\" \/>\n\t<meta name=\"twitter:data1\" content=\"1 minutt\" \/>\n<script type=\"application\/ld+json\" class=\"yoast-schema-graph\">{\"@context\":\"https:\/\/schema.org\",\"@graph\":[{\"@type\":\"WebPage\",\"@id\":\"https:\/\/www.nb.no\/nettbutikk\/produkt\/litteraere-verdensborgere\/\",\"url\":\"https:\/\/www.nb.no\/nettbutikk\/produkt\/litteraere-verdensborgere\/\",\"name\":\"Litter\u00e6re verdensborgere - NB Nettbutikk\",\"isPartOf\":{\"@id\":\"https:\/\/www.nb.no\/nettbutikk\/#website\"},\"primaryImageOfPage\":{\"@id\":\"https:\/\/www.nb.no\/nettbutikk\/produkt\/litteraere-verdensborgere\/#primaryimage\"},\"image\":{\"@id\":\"https:\/\/www.nb.no\/nettbutikk\/produkt\/litteraere-verdensborgere\/#primaryimage\"},\"thumbnailUrl\":\"https:\/\/www.nb.no\/content\/uploads\/sites\/5\/2022\/10\/E6mp-pifWn-U4mniGoxN3v_N_3Ic7pZvNzWXmoKQUqwBedH847B-mbXacDR9GMPCkSOvQenZil7hHDgPAohAbA.jpg\",\"datePublished\":\"2022-10-11T07:16:53+00:00\",\"dateModified\":\"2026-04-15T06:19:30+00:00\",\"breadcrumb\":{\"@id\":\"https:\/\/www.nb.no\/nettbutikk\/produkt\/litteraere-verdensborgere\/#breadcrumb\"},\"inLanguage\":\"nb-NO\",\"potentialAction\":[{\"@type\":\"ReadAction\",\"target\":[\"https:\/\/www.nb.no\/nettbutikk\/produkt\/litteraere-verdensborgere\/\"]}]},{\"@type\":\"ImageObject\",\"inLanguage\":\"nb-NO\",\"@id\":\"https:\/\/www.nb.no\/nettbutikk\/produkt\/litteraere-verdensborgere\/#primaryimage\",\"url\":\"https:\/\/www.nb.no\/content\/uploads\/sites\/5\/2022\/10\/E6mp-pifWn-U4mniGoxN3v_N_3Ic7pZvNzWXmoKQUqwBedH847B-mbXacDR9GMPCkSOvQenZil7hHDgPAohAbA.jpg\",\"contentUrl\":\"https:\/\/www.nb.no\/content\/uploads\/sites\/5\/2022\/10\/E6mp-pifWn-U4mniGoxN3v_N_3Ic7pZvNzWXmoKQUqwBedH847B-mbXacDR9GMPCkSOvQenZil7hHDgPAohAbA.jpg\",\"width\":454,\"height\":624,\"caption\":\"Litter\u00e6re verdensborgere\"},{\"@type\":\"BreadcrumbList\",\"@id\":\"https:\/\/www.nb.no\/nettbutikk\/produkt\/litteraere-verdensborgere\/#breadcrumb\",\"itemListElement\":[{\"@type\":\"ListItem\",\"position\":1,\"name\":\"Home\",\"item\":\"https:\/\/www.nb.no\/nettbutikk\/\"},{\"@type\":\"ListItem\",\"position\":2,\"name\":\"Butikk\",\"item\":\"https:\/\/www.nb.no\/nettbutikk\/butikk\/\"},{\"@type\":\"ListItem\",\"position\":3,\"name\":\"Litter\u00e6re verdensborgere\"}]},{\"@type\":\"WebSite\",\"@id\":\"https:\/\/www.nb.no\/nettbutikk\/#website\",\"url\":\"https:\/\/www.nb.no\/nettbutikk\/\",\"name\":\"NB Nettbutikk\",\"description\":\"\",\"potentialAction\":[{\"@type\":\"SearchAction\",\"target\":{\"@type\":\"EntryPoint\",\"urlTemplate\":\"https:\/\/www.nb.no\/nettbutikk\/?s={search_term_string}\"},\"query-input\":{\"@type\":\"PropertyValueSpecification\",\"valueRequired\":true,\"valueName\":\"search_term_string\"}}],\"inLanguage\":\"nb-NO\"}]}<\/script>\n<!-- \/ Yoast SEO plugin. -->","yoast_head_json":{"title":"Litter\u00e6re verdensborgere - NB Nettbutikk","robots":{"index":"index","follow":"follow","max-snippet":"max-snippet:-1","max-image-preview":"max-image-preview:large","max-video-preview":"max-video-preview:-1"},"canonical":"https:\/\/www.nb.no\/nettbutikk\/produkt\/litteraere-verdensborgere\/","og_locale":"nb_NO","og_type":"article","og_title":"Litter\u00e6re verdensborgere - NB Nettbutikk","og_description":"Boka kan leses p\u00e5 nett her Nummer 13 i Nota bene-serien har som m\u00e5l \u00e5 vise noe av bredden i nyere bokhistorisk forskning p\u00e5 en m\u00e5te som formidler hva bokhistorikere interesserer seg for i dag, hvordan bokhistorikere arbeider, og hva feltet kan tilf\u00f8re av kunnskap og ideer til andre fagomr\u00e5der. Norsk bokproduksjon og lesning har helt fra begynnelsen av v\u00e6rt innvevd i en teknologisk, \u00f8konomisk, religi\u00f8s og kulturell utveksling p\u00e5 tvers av hav og landegrenser. Den transnasjonale sirkulasjonen av trykte tekster har bidratt til \u00e5 forme leserne \u2013 barn og voksne, kvinner og menn \u2013 til samfunnsborgere, endog til \"litter\u00e6re verdensborgere\".","og_url":"https:\/\/www.nb.no\/nettbutikk\/produkt\/litteraere-verdensborgere\/","og_site_name":"NB Nettbutikk","article_modified_time":"2026-04-15T06:19:30+00:00","og_image":[{"width":454,"height":624,"url":"https:\/\/www.nb.no\/content\/uploads\/sites\/5\/2022\/10\/E6mp-pifWn-U4mniGoxN3v_N_3Ic7pZvNzWXmoKQUqwBedH847B-mbXacDR9GMPCkSOvQenZil7hHDgPAohAbA.jpg","type":"image\/jpeg"}],"twitter_card":"summary_large_image","twitter_misc":{"Ansl. lesetid":"1 minutt"},"schema":{"@context":"https:\/\/schema.org","@graph":[{"@type":"WebPage","@id":"https:\/\/www.nb.no\/nettbutikk\/produkt\/litteraere-verdensborgere\/","url":"https:\/\/www.nb.no\/nettbutikk\/produkt\/litteraere-verdensborgere\/","name":"Litter\u00e6re verdensborgere - NB Nettbutikk","isPartOf":{"@id":"https:\/\/www.nb.no\/nettbutikk\/#website"},"primaryImageOfPage":{"@id":"https:\/\/www.nb.no\/nettbutikk\/produkt\/litteraere-verdensborgere\/#primaryimage"},"image":{"@id":"https:\/\/www.nb.no\/nettbutikk\/produkt\/litteraere-verdensborgere\/#primaryimage"},"thumbnailUrl":"https:\/\/www.nb.no\/content\/uploads\/sites\/5\/2022\/10\/E6mp-pifWn-U4mniGoxN3v_N_3Ic7pZvNzWXmoKQUqwBedH847B-mbXacDR9GMPCkSOvQenZil7hHDgPAohAbA.jpg","datePublished":"2022-10-11T07:16:53+00:00","dateModified":"2026-04-15T06:19:30+00:00","breadcrumb":{"@id":"https:\/\/www.nb.no\/nettbutikk\/produkt\/litteraere-verdensborgere\/#breadcrumb"},"inLanguage":"nb-NO","potentialAction":[{"@type":"ReadAction","target":["https:\/\/www.nb.no\/nettbutikk\/produkt\/litteraere-verdensborgere\/"]}]},{"@type":"ImageObject","inLanguage":"nb-NO","@id":"https:\/\/www.nb.no\/nettbutikk\/produkt\/litteraere-verdensborgere\/#primaryimage","url":"https:\/\/www.nb.no\/content\/uploads\/sites\/5\/2022\/10\/E6mp-pifWn-U4mniGoxN3v_N_3Ic7pZvNzWXmoKQUqwBedH847B-mbXacDR9GMPCkSOvQenZil7hHDgPAohAbA.jpg","contentUrl":"https:\/\/www.nb.no\/content\/uploads\/sites\/5\/2022\/10\/E6mp-pifWn-U4mniGoxN3v_N_3Ic7pZvNzWXmoKQUqwBedH847B-mbXacDR9GMPCkSOvQenZil7hHDgPAohAbA.jpg","width":454,"height":624,"caption":"Litter\u00e6re verdensborgere"},{"@type":"BreadcrumbList","@id":"https:\/\/www.nb.no\/nettbutikk\/produkt\/litteraere-verdensborgere\/#breadcrumb","itemListElement":[{"@type":"ListItem","position":1,"name":"Home","item":"https:\/\/www.nb.no\/nettbutikk\/"},{"@type":"ListItem","position":2,"name":"Butikk","item":"https:\/\/www.nb.no\/nettbutikk\/butikk\/"},{"@type":"ListItem","position":3,"name":"Litter\u00e6re verdensborgere"}]},{"@type":"WebSite","@id":"https:\/\/www.nb.no\/nettbutikk\/#website","url":"https:\/\/www.nb.no\/nettbutikk\/","name":"NB Nettbutikk","description":"","potentialAction":[{"@type":"SearchAction","target":{"@type":"EntryPoint","urlTemplate":"https:\/\/www.nb.no\/nettbutikk\/?s={search_term_string}"},"query-input":{"@type":"PropertyValueSpecification","valueRequired":true,"valueName":"search_term_string"}}],"inLanguage":"nb-NO"}]}},"_links":{"self":[{"href":"https:\/\/www.nb.no\/nettbutikk\/wp-json\/wp\/v2\/product\/15424","targetHints":{"allow":["GET"]}}],"collection":[{"href":"https:\/\/www.nb.no\/nettbutikk\/wp-json\/wp\/v2\/product"}],"about":[{"href":"https:\/\/www.nb.no\/nettbutikk\/wp-json\/wp\/v2\/types\/product"}],"wp:featuredmedia":[{"embeddable":true,"href":"https:\/\/www.nb.no\/nettbutikk\/wp-json\/wp\/v2\/media\/15421"}],"wp:attachment":[{"href":"https:\/\/www.nb.no\/nettbutikk\/wp-json\/wp\/v2\/media?parent=15424"}],"wp:term":[{"taxonomy":"product_brand","embeddable":true,"href":"https:\/\/www.nb.no\/nettbutikk\/wp-json\/wp\/v2\/product_brand?post=15424"},{"taxonomy":"product_cat","embeddable":true,"href":"https:\/\/www.nb.no\/nettbutikk\/wp-json\/wp\/v2\/product_cat?post=15424"},{"taxonomy":"product_tag","embeddable":true,"href":"https:\/\/www.nb.no\/nettbutikk\/wp-json\/wp\/v2\/product_tag?post=15424"}],"curies":[{"name":"wp","href":"https:\/\/api.w.org\/{rel}","templated":true}]}}